{"id":5266,"date":"2024-04-24T07:41:14","date_gmt":"2024-04-24T05:41:14","guid":{"rendered":"https:\/\/westcam2023.westcam.web-crossing.com\/?post_type=product&#038;p=5266"},"modified":"2025-11-10T09:23:26","modified_gmt":"2025-11-10T08:23:26","slug":"cad-konstrukce","status":"publish","type":"product","link":"https:\/\/www.westcam-group.com\/cs\/produkty\/cad-konstrukce\/","title":{"rendered":"CAD, konstrukce"},"content":{"rendered":"\n<div class=\"wp-block-webx-blocks-westcam-product-hero alignfull has-background\" style=\"margin-top:0px;margin-bottom:var(--wp--preset--spacing--40);padding-right:0;padding-left:0;background-image:url(&apos;\/wp-content\/plugins\/webx-blocks\/assets\/bggrid.webp&apos;);background-position:100% 50%;background-repeat:no-repeat;background-size:66vw;\"><div class=\"hero-image\"> <img decoding=\"async\" srcset=\"https:\/\/www.westcam-group.com\/wp-content\/uploads\/2024\/05\/slideelement_single_cad_nogrid-150x150.png 150w, https:\/\/www.westcam-group.com\/wp-content\/uploads\/2024\/05\/slideelement_single_cad_nogrid-300x174.png 300w, https:\/\/www.westcam-group.com\/wp-content\/uploads\/2024\/05\/slideelement_single_cad_nogrid-1024x593.png 1024w, https:\/\/www.westcam-group.com\/wp-content\/uploads\/2024\/05\/slideelement_single_cad_nogrid.png 1262w, https:\/\/www.westcam-group.com\/wp-content\/uploads\/2024\/05\/slideelement_single_cad_nogrid-1036x600.png 1036w\" src=\"https:\/\/www.westcam-group.com\/wp-content\/uploads\/2024\/05\/slideelement_single_cad_nogrid.png\" alt=\"\"\/><\/div><div class=\"hero-placeholder\"><\/div>\n<div class=\"wp-block-group hero-content is-layout-flow wp-block-group-is-layout-flow\">\n<div class=\"wp-block-webx-blocks-fake-heading heading-h4 hero-subtitle is-style-westcamized\" style=\"margin-top:0;margin-bottom:15px\">WESTCAM &#8211; V\u00e1\u0161 partner Autodesku pro Rakousko a region EMEA (Evropa, St\u0159edn\u00ed v\u00fdchod, Afrika)<\/div>\n\n\n\n<h1 class=\"wp-block-heading hero-title\" style=\"margin-top:0;margin-bottom:15px\">CAD, konstrukce<\/h1>\n\n\n\n<p>Na dne\u0161n\u00edm konkuren\u010dn\u00edm glob\u00e1ln\u00edm trhu pot\u0159ebuj\u00ed v\u00fdrobn\u00ed spole\u010dnosti v\u00fdkonn\u00fd <strong>n\u00e1vrhov\u00fd software pro v\u00fdvoj v\u00fdrobk\u016f na m\u00edru, \u0159e\u0161en\u00ed pro spr\u00e1vu dat<\/strong>, kter\u00e9 maximalizuje vyu\u017eit\u00ed t\u011bchto dat, a <strong>\u0159e\u0161en\u00ed<\/strong> specifick\u00e1 pro dan\u00e9 odv\u011btv\u00ed, <strong>kter\u00e1 jsou p\u0159\u00edmo p\u0159izp\u016fsobena<\/strong> jejich pot\u0159eb\u00e1m.<\/p>\n\n\n\n<p>Ji\u017e t\u00e9m\u011b\u0159 \u010dty\u0159i desetilet\u00ed jsme <strong>AUTODESK PARTNEREM pro<\/strong> <strong>region EMEA<\/strong> (Evropa, St\u0159edn\u00ed v\u00fdchod, Afrika). Ji\u017e 35 let jsme uzn\u00e1v\u00e1ni jako GOLD PARTNER a <strong>od roku<\/strong> 2025 n\u00e1m byl ud\u011blen nejvy\u0161\u0161\u00ed stupe\u0148 kvality <strong>PLATINUM PARTNER<\/strong>. Nab\u00edz\u00edme rozs\u00e1hl\u00e9 odborn\u00e9 znalosti v oblasti implementace a vyu\u017e\u00edv\u00e1n\u00ed syst\u00e9m\u016f CAD a spr\u00e1vy dat.  <\/p>\n\n\n\n<div class=\"wp-block-buttons is-layout-flex wp-block-buttons-is-layout-flex\" style=\"margin-top:var(--wp--preset--spacing--20);margin-bottom:var(--wp--preset--spacing--20)\">\n<div class=\"wp-block-button\"><a class=\"wp-block-button__link wp-element-button\" href=\"https:\/\/www.westcam-group.com\/cs\/produkty\/cad-konstrukce\/#free-version\">Poptejte nyn\u00ed<\/a><\/div>\n<\/div>\n\n\n\n<figure class=\"wp-block-image aligncenter size-full is-resized\"><img loading=\"lazy\" decoding=\"async\" width=\"845\" height=\"215\" src=\"https:\/\/www.westcam-group.com\/wp-content\/uploads\/2024\/04\/autodesk-platinum-partner-logo-rgb-black.png\" alt=\"\" class=\"wp-image-36810\" style=\"width:330px\" srcset=\"https:\/\/www.westcam-group.com\/wp-content\/uploads\/2024\/04\/autodesk-platinum-partner-logo-rgb-black.png 845w, https:\/\/www.westcam-group.com\/wp-content\/uploads\/2024\/04\/autodesk-platinum-partner-logo-rgb-black-300x76.png 300w, https:\/\/www.westcam-group.com\/wp-content\/uploads\/2024\/04\/autodesk-platinum-partner-logo-rgb-black-768x195.png 768w\" sizes=\"auto, (max-width: 845px) 100vw, 845px\" \/><\/figure>\n<\/div>\n\n\n\n<div class=\"wp-block-group hero-violet is-layout-flow wp-block-group-is-layout-flow\" style=\"padding-top:var(--wp--preset--spacing--30);padding-right:var(--wp--preset--spacing--30);padding-bottom:var(--wp--preset--spacing--30);padding-left:var(--wp--preset--spacing--30)\">\n<div class=\"wp-block-webx-blocks-fake-heading heading-h4 hero-subtitle has-base-color has-text-color\" style=\"margin-top:0;margin-bottom:15px\">Kl\u00ed\u010dov\u00e1 fakta<\/div>\n\n\n\n<ul class=\"wp-block-list hero-bullet-list-items is-style-westcam-list has-base-color has-text-color\">\n<li><strong>Partner spole\u010dnosti Autodesk ji\u017e<\/strong> t\u00e9m\u011b\u0159 \u010dty\u0159i desetilet\u00ed<\/li>\n\n\n\n<li>Ofici\u00e1ln\u00ed prodejce Autodesku pro <strong>Rakousko a<\/strong> <strong>region EMEA (Evropa<\/strong>, St\u0159edn\u00ed v\u00fdchod, Afrika)<\/li>\n\n\n\n<li>Z praxe &#8211; pro praxi<\/li>\n\n\n\n<li>Softwarov\u00e1 \u0161kolen\u00ed (online a prezen\u010dn\u00ed)<\/li>\n\n\n\n<li>Siln\u00fd t\u00fdm podpory<\/li>\n<\/ul>\n<\/div>\n<\/div>\n\n<div class=\"wp-block-group has-global-padding is-layout-constrained wp-block-group-is-layout-constrained\">\n<h2 class=\"wp-block-heading\"><\/h2>\n\n\n<div class=\"wp-block-webx-post-list-webx-post-list wp-block-webx-post-list-webx-post-list\" data-listid=\"56381\">\n    <script class=\"webx-filter-list-config\" type=\"application\/json\">{\"postType\":\"product\",\"enableParentPost\":true,\"displayGrid\":true,\"className\":\"wp-block-webx-post-list-webx-post-list\",\"translatedWithWPMLTM\":\"1\",\"compactGrid\":false,\"subTitle\":\"\",\"fieldOne\":\"\",\"fieldTwo\":\"\",\"language\":\"en\",\"listId\":56381,\"postId\":5266}<\/script>\n    <div class=\"webx-post-list\" data-listid=\"56381\"><\/div>\n    \n<div>\n<div class=\"wp-block-webx-post-list-webx-filters\"><div>\n<div class=\"webx-parent-config\"\/>\n<\/div><\/div>\n<\/div>\n<\/div><\/div>\n\n<div class=\"wp-block-group has-base-2-background-color has-background has-global-padding is-layout-constrained wp-container-core-group-is-layout-54b13cab wp-block-group-is-layout-constrained\" style=\"margin-top:var(--wp--preset--spacing--50);margin-bottom:var(--wp--preset--spacing--50);padding-top:var(--wp--preset--spacing--20);padding-right:0;padding-bottom:var(--wp--preset--spacing--20);padding-left:0\">\n<figure class=\"wp-block-embed is-type-video is-provider-youtube wp-block-embed-youtube wp-embed-aspect-16-9 wp-has-aspect-ratio\" style=\"margin-top:var(--wp--preset--spacing--20);margin-bottom:var(--wp--preset--spacing--20)\"><div class=\"wp-block-embed__wrapper\">\n<div class=\"cookieconsent-optout-marketing\">\n    Bitte  <a href=\"javascript:Cookiebot.renew()\">Marketing-Cookies akzeptieren<\/a>, um dieses Video zu laden.\n    <\/div>\n            <iframe data-cookieblock-src=\"https:\/\/www.youtube.com\/embed\/P15c22MYUrk?feature=oembed\" data-cookieconsent=\"marketing\" title=\"Autodesk Design &amp; Manufacturing Showreel 2025\" width=\"500\" height=\"281\"  frameborder=\"0\" allow=\"accelerometer; autoplay; clipboard-write; encrypted-media; gyroscope; picture-in-picture; web-share\" referrerpolicy=\"strict-origin-when-cross-origin\" allowfullscreen><\/iframe>\n<\/div><\/figure>\n<\/div>\n\n<div id=\"free-version\" class=\"wp-block-group has-base-color has-contrast-background-color has-text-color has-background has-link-color wp-elements-967464b888cdb78ceb48ae32fd9d774b has-global-padding is-layout-constrained wp-container-core-group-is-layout-d2702112 wp-block-group-is-layout-constrained\" style=\"padding-top:var(--wp--preset--spacing--30);padding-right:var(--wp--preset--spacing--40);padding-bottom:var(--wp--preset--spacing--30);padding-left:var(--wp--preset--spacing--40)\">\n<h3 class=\"wp-block-heading has-base-color has-text-color has-link-color wp-elements-05aff5d145fb26661d8a554b35b2cffa\" style=\"text-transform:none\">Porad\u00edme v\u00e1m osobn\u011b!<\/h3>\n\n\n\n<div class=\"wpcf7 no-js\" id=\"wpcf7-f36538-o1\" lang=\"cs-CZ\" dir=\"ltr\" data-wpcf7-id=\"36538\">\n<div class=\"screen-reader-response\"><p role=\"status\" aria-live=\"polite\" aria-atomic=\"true\"><\/p> <ul><\/ul><\/div>\n<form action=\"\/cs\/wp-json\/wp\/v2\/product\/5266#wpcf7-f36538-o1\" method=\"post\" class=\"wpcf7-form init\" aria-label=\"Kontaktn\u00ed formul\u00e1\u0159\" novalidate=\"novalidate\" data-status=\"init\">\n<fieldset class=\"hidden-fields-container\"><input type=\"hidden\" name=\"_wpcf7\" value=\"36538\" \/><input type=\"hidden\" name=\"_wpcf7_version\" value=\"6.1.5\" \/><input type=\"hidden\" name=\"_wpcf7_locale\" value=\"cs_CZ\" \/><input type=\"hidden\" name=\"_wpcf7_unit_tag\" value=\"wpcf7-f36538-o1\" \/><input type=\"hidden\" name=\"_wpcf7_container_post\" value=\"0\" \/><input type=\"hidden\" name=\"_wpcf7_posted_data_hash\" value=\"\" \/><input type=\"hidden\" name=\"_wpcf7dtx_version\" value=\"5.0.5\" \/><input type=\"hidden\" name=\"_wpcf7_recaptcha_response\" value=\"\" \/>\n<\/fieldset>\n<h3 class=\"heading\">  Dotaz <label class=\"wpcf7-form-control wpcf7-label wpcf7dtx wpcf7dtx-label\" for=\"CAD, konstrukce\">CAD, konstrukce<\/label><span class=\"wpcf7-form-control-wrap dynamic_hidden-post-title\" data-name=\"dynamic_hidden-post-title\"><input type=\"hidden\" name=\"dynamic_hidden-post-title\" class=\"wpcf7-form-control wpcf7-hidden wpcf7dtx wpcf7dtx-hidden\" aria-invalid=\"false\" value=\"CAD, konstrukce\"><\/span><\/h3>\n\n<label>  N\u00e1zev\n    <span class=\"wpcf7-form-control-wrap\" data-name=\"fullname\"><input size=\"40\" maxlength=\"400\" class=\"wpcf7-form-control wpcf7-text\" aria-invalid=\"false\" value=\"\" type=\"text\" name=\"fullname\" \/><\/span> <\/label>\n\n<label>  E-mailov\u00e1 adresa*\n    <span class=\"wpcf7-form-control-wrap\" data-name=\"email\"><input size=\"40\" maxlength=\"400\" class=\"wpcf7-form-control wpcf7-email wpcf7-validates-as-required wpcf7-text wpcf7-validates-as-email\" aria-required=\"true\" aria-invalid=\"false\" value=\"\" type=\"email\" name=\"email\" \/><\/span> <\/label>\n\n<label>  Spole\u010dnost\n    <span class=\"wpcf7-form-control-wrap\" data-name=\"unternehmen\"><input size=\"40\" maxlength=\"400\" class=\"wpcf7-form-control wpcf7-text\" aria-invalid=\"false\" value=\"\" type=\"text\" name=\"unternehmen\" \/><\/span> <\/label>\n\n<label>  Va\u0161e zpr\u00e1va*\n    <span class=\"wpcf7-form-control-wrap\" data-name=\"nachricht\"><textarea cols=\"40\" rows=\"10\" maxlength=\"2000\" class=\"wpcf7-form-control wpcf7-textarea wpcf7-validates-as-required\" aria-required=\"true\" aria-invalid=\"false\" name=\"nachricht\"><\/textarea><\/span> <\/label>\n\n<span class=\"wpcf7-form-control-wrap dynamic_hidden_page_url\" data-name=\"dynamic_hidden_page_url\"><input type=\"hidden\" name=\"dynamic_hidden_page_url\" class=\"wpcf7-form-control wpcf7-hidden wpcf7dtx wpcf7dtx-hidden\" aria-invalid=\"false\" value=\"https:\/\/www.westcam-group.com\/cs\/wp-json\/wp\/v2\/product\/5266\"><\/span>\n\n<input class=\"wpcf7-form-control wpcf7-submit has-spinner\" type=\"submit\" value=\"Odeslat\" \/>\n\n[odpov\u011b\u010f]<div class=\"wpcf7-response-output\" aria-hidden=\"true\"><\/div>\n<\/form>\n<\/div>\n\n<\/div>\n\n<div class=\"wp-block-webx-blocks-grid has-base-color has-accent-2-background-color has-text-color has-background has-link-color wp-elements-e5efa31ce6437fcd52d2aee4abcf1c14 is-layout-grid wp-container-webx-blocks-grid-is-layout-1e0d87d3 wp-block-webx-blocks-grid-is-layout-grid\" style=\"margin-top:var(--wp--preset--spacing--50);margin-bottom:var(--wp--preset--spacing--50);padding-top:var(--wp--preset--spacing--40);padding-right:var(--wp--preset--spacing--40);padding-bottom:var(--wp--preset--spacing--40);padding-left:var(--wp--preset--spacing--40);--grid-columns-desktop:4;--grid-columns-tablet:2;--grid-columns-mobile:1;background-image:url(&apos;https:\/\/www.westcam-group.com\/wp-content\/uploads\/2024\/07\/grid-bottom-right-50percent.webp&apos;);background-position:100% 100%;background-repeat:no-repeat;background-size:300px;\">\n<div class=\"wp-block-webx-blocks-grid-item is-layout-flow wp-block-webx-blocks-grid-item-is-layout-flow\" style=\"--grid-area-desktop:auto \/ span 2 \/ auto \/ auto;--grid-area-tablet:auto \/ auto \/ auto \/ auto;--grid-area-mobile:auto \/ auto \/ auto \/ auto\">\n<div class=\"wp-block-webx-blocks-fake-heading heading-h5 is-style-westcamized-white has-base-color has-text-color has-link-color wp-elements-65642362f2f73a4af840dc15d15fcfa4\">St\u00e1le si nejste jisti?<\/div>\n\n\n\n<h2 class=\"wp-block-heading has-base-color has-text-color has-link-color wp-elements-43f44786147751577894e96c924ac98b\">M\u00e1te n\u011bjak\u00e9 ot\u00e1zky?<\/h2>\n<\/div>\n\n\n\n<div class=\"wp-block-webx-blocks-grid-item is-vertically-aligned-center is-layout-flow wp-block-webx-blocks-grid-item-is-layout-flow\" style=\"--grid-area-desktop:auto \/ auto \/ auto \/ auto;--grid-area-tablet:auto \/ auto \/ auto \/ auto;--grid-area-mobile:auto \/ auto \/ auto \/ auto\">\n<div class=\"wp-block-group is-nowrap is-layout-flex wp-container-core-group-is-layout-6c531013 wp-block-group-is-layout-flex\">\n<div class=\"wp-block-webx-blocks-svg\"><div style=\"height:25px;width:25px;fill:#ffffff\" class=\"svg\"><?xml version=\"1.0\" encoding=\"utf-8\"?????><svg version=\"1.1\" id=\"Layer_1\" xmlns=\"http:\/\/www.w3.org\/2000\/svg\" xmlns:xlink=\"http:\/\/www.w3.org\/1999\/xlink\" x=\"0px\" y=\"0px\" width=\"122.88px\" height=\"122.267px\" viewbox=\"0 0 122.88 122.267\" enable-background=\"new 0 0 122.88 122.267\" xml:space=\"preserve\"><g><path d=\"M33.822,50.291c4.137,7.442,8.898,14.604,15.074,21.133C55.1,77.984,62.782,83.962,72.771,89.03l0.01,0.005l0.002-0.005 c0.728,0.371,1.421,0.362,2.072,0.118c0.944-0.353,1.927-1.137,2.883-2.086c0.729-0.726,1.643-1.924,2.631-3.223 c3.846-5.054,8.601-11.301,15.314-8.193c0.142,0.065,0.276,0.141,0.402,0.226l22.373,12.852c0.08,0.046,0.157,0.095,0.23,0.147 c2.966,2.036,4.177,5.172,4.19,8.683c0.014,3.621-1.329,7.674-3.274,11.101c-2.565,4.517-6.387,7.502-10.761,9.525 c-4.17,1.928-8.798,2.954-13.267,3.608c-6.989,1.025-13.578,0.374-20.288-1.692c-6.55-2.017-13.176-5.385-20.4-9.86l-0.526-0.326 c-3.326-2.06-6.906-4.276-10.389-6.904C31.108,93.296,18.007,79.283,9.512,63.904C2.361,50.958-1.552,36.995,0.581,23.681 C1.75,16.375,4.901,9.743,10.333,5.35c4.762-3.853,11.188-5.94,19.448-5.203c0.973,0.084,1.793,0.639,2.255,1.419l0.006-0.003 l14.324,24.27c2.11,2.718,2.344,5.415,1.203,8.096c-0.943,2.218-2.892,4.251-5.476,6.168c-0.786,0.65-1.708,1.325-2.659,2.021 C36.236,44.459,32.578,47.136,33.822,50.291L33.822,50.291z M44.67,75.422C38.066,68.44,33.035,60.88,28.695,53.065 c-0.076-0.123-0.144-0.253-0.202-0.39c-3.174-7.459,2.52-11.625,7.493-15.262c0.845-0.618,1.663-1.217,2.401-1.829l0.002,0.003 c0.043-0.036,0.088-0.071,0.135-0.105c1.843-1.354,3.171-2.647,3.678-3.837c0.289-0.679,0.182-1.426-0.466-2.265 c-0.111-0.129-0.213-0.271-0.303-0.423L27.795,5.852c-5.869-0.241-10.419,1.321-13.784,4.044 c-4.239,3.429-6.723,8.759-7.674,14.699c-1.905,11.894,1.716,24.594,8.292,36.5c8.078,14.623,20.575,27.977,32.864,37.25 c3.379,2.55,6.776,4.653,9.932,6.607l0.526,0.326c6.818,4.223,13.017,7.386,19.052,9.244c5.876,1.809,11.634,2.38,17.729,1.486 c4.009-0.587,8.113-1.485,11.668-3.129c3.351-1.55,6.248-3.785,8.134-7.104c1.496-2.637,2.53-5.653,2.521-8.222 c-0.006-1.63-0.472-3.029-1.605-3.844L93.2,80.93c-2.461-1.081-5.629,3.081-8.193,6.45c-1.104,1.452-2.125,2.792-3.156,3.817 c-1.477,1.466-3.118,2.723-4.962,3.411c-2.136,0.799-4.395,0.834-6.755-0.37l0.002-0.004C59.522,88.849,51.323,82.457,44.67,75.422 L44.67,75.422z\"\/><\/g><\/svg><\/div><\/div>\n\n\n\n<p style=\"font-size:clamp(14px, 0.875rem + ((1vw - 3.2px) * 0.405), 20px);\"><strong><a href=\"tel:+435223555090\">+43 5223 55509 0<\/a><\/strong><\/p>\n<\/div>\n<\/div>\n\n\n\n<div class=\"wp-block-webx-blocks-grid-item is-vertically-aligned-center is-layout-flow wp-block-webx-blocks-grid-item-is-layout-flow\" style=\"--grid-area-desktop:auto \/ auto \/ auto \/ auto;--grid-area-tablet:auto \/ auto \/ auto \/ auto;--grid-area-mobile:auto \/ auto \/ auto \/ auto\">\n<div class=\"wp-block-group is-nowrap is-layout-flex wp-container-core-group-is-layout-6c531013 wp-block-group-is-layout-flex\">\n<div class=\"wp-block-webx-blocks-svg\"><div style=\"height:25px;width:25px\" class=\"svg\"><svg xmlns=\"http:\/\/www.w3.org\/2000\/svg\" width=\"83.467\" height=\"64.722\" viewbox=\"0 0 83.467 64.722\">\n  <g id=\"mail\" transform=\"translate(1.733 1.25)\">\n    <rect id=\"Rechteck_11\" data-name=\"Rechteck 11\" width=\"80\" height=\"62.222\" rx=\"2\" fill=\"none\" stroke=\"#fff\" stroke-linecap=\"round\" stroke-linejoin=\"round\" stroke-width=\"2.5\"><\/rect>\n    <path id=\"Pfad_100\" data-name=\"Pfad 100\" d=\"M3,7,43,33.667,83,7\" transform=\"translate(-3 1.889)\" fill=\"none\" stroke=\"#fff\" stroke-linecap=\"round\" stroke-linejoin=\"round\" stroke-width=\"2.5\"><\/path>\n  <\/g>\n<\/svg>\n<\/div><\/div>\n\n\n\n<p style=\"font-size:clamp(14px, 0.875rem + ((1vw - 3.2px) * 0.405), 20px);\"><a href=\"mailto:info@westcam-group.com\" target=\"_blank\" rel=\"noreferrer noopener\"><strong>info@westcam-group.com<\/strong><\/a><\/p>\n<\/div>\n<\/div>\n<\/div>\n","protected":false},"excerpt":{"rendered":"","protected":false},"author":2,"featured_media":0,"parent":0,"menu_order":13,"comment_status":"closed","ping_status":"closed","template":"","meta":{"content-type":"","footnotes":""},"competence":[],"class_list":["post-5266","product","type-product","status-publish","hentry"],"_links":{"self":[{"href":"https:\/\/www.westcam-group.com\/cs\/wp-json\/wp\/v2\/product\/5266","targetHints":{"allow":["GET"]}}],"collection":[{"href":"https:\/\/www.westcam-group.com\/cs\/wp-json\/wp\/v2\/product"}],"about":[{"href":"https:\/\/www.westcam-group.com\/cs\/wp-json\/wp\/v2\/types\/product"}],"author":[{"embeddable":true,"href":"https:\/\/www.westcam-group.com\/cs\/wp-json\/wp\/v2\/users\/2"}],"replies":[{"embeddable":true,"href":"https:\/\/www.westcam-group.com\/cs\/wp-json\/wp\/v2\/comments?post=5266"}],"version-history":[{"count":10,"href":"https:\/\/www.westcam-group.com\/cs\/wp-json\/wp\/v2\/product\/5266\/revisions"}],"predecessor-version":[{"id":42197,"href":"https:\/\/www.westcam-group.com\/cs\/wp-json\/wp\/v2\/product\/5266\/revisions\/42197"}],"wp:attachment":[{"href":"https:\/\/www.westcam-group.com\/cs\/wp-json\/wp\/v2\/media?parent=5266"}],"wp:term":[{"taxonomy":"competence","embeddable":true,"href":"https:\/\/www.westcam-group.com\/cs\/wp-json\/wp\/v2\/competence?post=5266"}],"curies":[{"name":"wp","href":"https:\/\/api.w.org\/{rel}","templated":true}]}}