{"id":5240,"date":"2024-04-24T08:42:22","date_gmt":"2024-04-24T06:42:22","guid":{"rendered":"https:\/\/westcam2023.westcam.web-crossing.com\/?post_type=product&#038;p=5240"},"modified":"2025-03-20T16:34:25","modified_gmt":"2025-03-20T15:34:25","slug":"rozsireni","status":"publish","type":"product","link":"https:\/\/www.westcam-group.com\/cs\/produkty\/cam\/rozsireni\/","title":{"rendered":"Roz\u0161\u00ed\u0159en\u00ed"},"content":{"rendered":"\n<div class=\"wp-block-group alignfull has-global-padding is-layout-constrained wp-block-group-is-layout-constrained\">\n<div class=\"wp-block-webx-blocks-westcam-hero alignfull ltr\" style=\"margin-top:var(--wp--preset--spacing--50);margin-bottom:var(--wp--preset--spacing--50)\"><div class=\"hero-image\" style=\"--aspect-ratio:4 \/ 3\"> <img decoding=\"async\" srcset=\"https:\/\/www.westcam-group.com\/wp-content\/uploads\/2024\/09\/westcam-3-icon-cam-cnc-150x150.png 150w, https:\/\/www.westcam-group.com\/wp-content\/uploads\/2024\/09\/westcam-3-icon-cam-cnc-300x300.png 300w, https:\/\/www.westcam-group.com\/wp-content\/uploads\/2024\/09\/westcam-3-icon-cam-cnc-1024x1024.png 1024w, https:\/\/www.westcam-group.com\/wp-content\/uploads\/2024\/09\/westcam-3-icon-cam-cnc.png 1181w, https:\/\/www.westcam-group.com\/wp-content\/uploads\/2024\/09\/westcam-3-icon-cam-cnc-900x900.png 900w, https:\/\/www.westcam-group.com\/wp-content\/uploads\/2024\/09\/westcam-3-icon-cam-cnc-600x600.png 600w\" src=\"https:\/\/www.westcam-group.com\/wp-content\/uploads\/2024\/09\/westcam-3-icon-cam-cnc.png\" alt=\"\"\/><\/div><div class=\"hero-placeholder\"><\/div>\n<div class=\"wp-block-group hero-content is-layout-flow wp-block-group-is-layout-flow\">\n<div class=\"wp-block-webx-blocks-fake-heading heading-h4 hero-subtitle is-style-westcamized\" style=\"text-transform:none\">Pro dokon\u010den\u00ed va\u0161eho softwarov\u00e9ho \u0159e\u0161en\u00ed<\/div>\n\n\n<h1 style=\"text-transform:none; margin-top:0;margin-bottom:0;\" class=\"wp-block-post-title\">Roz\u0161\u00ed\u0159en\u00ed<\/h1>\n\n\n<p>Na\u0161e <strong>p\u0159\u00eddavn\u00e9 moduly<\/strong> v\u00e1m nab\u00edzej\u00ed mo\u017enost roz\u0161\u00ed\u0159it a p\u0159izp\u016fsobit si softwarov\u00e9 \u0159e\u0161en\u00ed podle va\u0161ich<strong> individu\u00e1ln\u00edch<\/strong> <strong>po\u017eadavk\u016f<\/strong>. Integrac\u00ed r\u016fzn\u00fdch roz\u0161\u00ed\u0159en\u00ed m\u016f\u017eete c\u00edlen\u011b <strong>roz\u0161\u00ed\u0159it funk\u010dnost st\u00e1vaj\u00edc\u00edho softwaru<\/strong> a optimalizovat jej podle sv\u00fdch <strong>specifick\u00fdch pot\u0159eb<\/strong>. <\/p>\n\n\n\n<p>Pat\u0159\u00ed mezi n\u011b komplexn\u00ed integrace se syst\u00e9my <strong>PDM &amp; PLM<\/strong>, speci\u00e1ln\u00ed aplikace, jako je <strong>aditivn\u00ed v\u00fdroba<\/strong>, <strong>\u0159e\u0161en\u00ed pro prohl\u00ed\u017een\u00ed<\/strong> a modul pro efektivn\u00ed <strong>virtu\u00e1ln\u00ed zarovn\u00e1v\u00e1n\u00ed sou\u010d\u00e1st\u00ed<\/strong>.<\/p>\n<\/div>\n<\/div>\n<\/div>\n\n<h2 class=\"wp-block-heading\" style=\"text-transform:none\">Na\u0161e nab\u00eddka pro v\u00e1s<\/h2>\n<div style=\"margin-top:var(--wp--preset--spacing--30);margin-bottom:var(--wp--preset--spacing--50);\" class=\"wp-block-webx-post-list-webx-post-list wp-block-webx-post-list-webx-post-list\" data-listid=\"14294\">\n    <script class=\"webx-filter-list-config\" type=\"application\/json\">{\"postType\":\"product\",\"enableParentPost\":true,\"displayGrid\":true,\"subTitle\":\"product_category\",\"fieldOne\":\"product_category\",\"fieldTwo\":\"product_category\",\"className\":\"wp-block-webx-post-list-webx-post-list\",\"style\":{\"spacing\":{\"margin\":{\"top\":\"var:preset|spacing|30\",\"bottom\":\"var:preset|spacing|50\"}}},\"compactGrid\":false,\"language\":\"en\",\"listId\":14294,\"postId\":5240}<\/script>\n    <div class=\"webx-post-list\" data-listid=\"14294\"><\/div>\n    \n<div>\n<div class=\"wp-block-webx-post-list-webx-filters\"><div><\/div><\/div>\n<\/div>\n<\/div>","protected":false},"excerpt":{"rendered":"<p>R\u00e1di p\u0159izp\u016fsob\u00edme softwarov\u00e1 \u0159e\u0161en\u00ed pomoc\u00ed zaveden\u00fdch p\u0159\u00eddavn\u00fdch modul\u016f. Na m\u00edru podle po\u017eadavk\u016f a pot\u0159eb. <\/p>\n","protected":false},"author":2,"featured_media":22220,"parent":5224,"menu_order":13,"comment_status":"closed","ping_status":"closed","template":"","meta":{"content-type":"","footnotes":""},"competence":[2790],"class_list":["post-5240","product","type-product","status-publish","has-post-thumbnail","hentry","competence-erweiterungen-cs"],"_links":{"self":[{"href":"https:\/\/www.westcam-group.com\/cs\/wp-json\/wp\/v2\/product\/5240","targetHints":{"allow":["GET"]}}],"collection":[{"href":"https:\/\/www.westcam-group.com\/cs\/wp-json\/wp\/v2\/product"}],"about":[{"href":"https:\/\/www.westcam-group.com\/cs\/wp-json\/wp\/v2\/types\/product"}],"author":[{"embeddable":true,"href":"https:\/\/www.westcam-group.com\/cs\/wp-json\/wp\/v2\/users\/2"}],"replies":[{"embeddable":true,"href":"https:\/\/www.westcam-group.com\/cs\/wp-json\/wp\/v2\/comments?post=5240"}],"version-history":[{"count":5,"href":"https:\/\/www.westcam-group.com\/cs\/wp-json\/wp\/v2\/product\/5240\/revisions"}],"predecessor-version":[{"id":36640,"href":"https:\/\/www.westcam-group.com\/cs\/wp-json\/wp\/v2\/product\/5240\/revisions\/36640"}],"up":[{"embeddable":true,"href":"https:\/\/www.westcam-group.com\/cs\/wp-json\/wp\/v2\/product\/5224"}],"wp:featuredmedia":[{"embeddable":true,"href":"https:\/\/www.westcam-group.com\/cs\/wp-json\/wp\/v2\/media\/22220"}],"wp:attachment":[{"href":"https:\/\/www.westcam-group.com\/cs\/wp-json\/wp\/v2\/media?parent=5240"}],"wp:term":[{"taxonomy":"competence","embeddable":true,"href":"https:\/\/www.westcam-group.com\/cs\/wp-json\/wp\/v2\/competence?post=5240"}],"curies":[{"name":"wp","href":"https:\/\/api.w.org\/{rel}","templated":true}]}}