{"id":5232,"date":"2024-04-24T08:38:28","date_gmt":"2024-04-24T06:38:28","guid":{"rendered":"https:\/\/westcam2023.westcam.web-crossing.com\/?post_type=product&#038;p=5232"},"modified":"2025-02-25T15:28:46","modified_gmt":"2025-02-25T14:28:46","slug":"cam-automatizace","status":"publish","type":"product","link":"https:\/\/www.westcam-group.com\/cs\/produkty\/cam\/cam-automatizace\/","title":{"rendered":"Automatizace CAM"},"content":{"rendered":"\n<div class=\"wp-block-group alignfull has-global-padding is-layout-constrained wp-block-group-is-layout-constrained\">\n<div class=\"wp-block-webx-blocks-westcam-hero alignfull ltr\" style=\"margin-top:var(--wp--preset--spacing--50);margin-bottom:var(--wp--preset--spacing--50)\"><div class=\"hero-image\" style=\"--aspect-ratio:4 \/ 3\"> <img decoding=\"async\" srcset=\"https:\/\/www.westcam-group.com\/wp-content\/uploads\/2024\/09\/westcam-3-icon-cam-cnc-150x150.png 150w, https:\/\/www.westcam-group.com\/wp-content\/uploads\/2024\/09\/westcam-3-icon-cam-cnc-300x300.png 300w, https:\/\/www.westcam-group.com\/wp-content\/uploads\/2024\/09\/westcam-3-icon-cam-cnc-1024x1024.png 1024w, https:\/\/www.westcam-group.com\/wp-content\/uploads\/2024\/09\/westcam-3-icon-cam-cnc.png 1181w, https:\/\/www.westcam-group.com\/wp-content\/uploads\/2024\/09\/westcam-3-icon-cam-cnc-900x900.png 900w, https:\/\/www.westcam-group.com\/wp-content\/uploads\/2024\/09\/westcam-3-icon-cam-cnc-600x600.png 600w\" src=\"https:\/\/www.westcam-group.com\/wp-content\/uploads\/2024\/09\/westcam-3-icon-cam-cnc.png\" alt=\"\"\/><\/div><div class=\"hero-placeholder\"><\/div>\n<div class=\"wp-block-group hero-content is-layout-flow wp-block-group-is-layout-flow\">\n<div class=\"wp-block-webx-blocks-fake-heading heading-h4 hero-subtitle is-style-westcamized\" style=\"text-transform:none\">Efektivita a p\u0159esnost va\u0161ich v\u00fdrobn\u00edch proces\u016f<\/div>\n\n\n<h1 style=\"text-transform:none; margin-top:0;margin-bottom:0;\" class=\"wp-block-post-title\">Automatizace CAM<\/h1>\n\n\n<p>N\u00e1\u0161 software CAM v\u00e1m nab\u00edz\u00ed<strong> v\u00fdkonn\u00e9 n\u00e1stroje pro<\/strong> komplexn\u00ed <strong>automatizaci programov\u00e1n\u00ed<\/strong>.<\/p>\n\n\n\n<p>To v\u00fdrazn\u011b sni\u017euje <strong>manu\u00e1ln\u00ed pr\u00e1ci a <\/strong>minimalizuje<strong> zdroje chyb<\/strong>. V\u00fdhodou je krat\u0161\u00ed <strong>doba pr\u016fchodu<\/strong>, efektivn\u00ed <strong>vyu\u017eit\u00ed zdroj\u016f a lep\u0161\u00ed<\/strong> <strong>v\u00fdrobn\u00ed kapacita<\/strong>. <\/p>\n<\/div>\n<\/div>\n<\/div>\n\n<h2 class=\"wp-block-heading\" style=\"text-transform:none\">Na\u0161e nab\u00eddka pro v\u00e1s<\/h2>\n<div style=\"margin-top:var(--wp--preset--spacing--30);margin-bottom:var(--wp--preset--spacing--50);\" class=\"wp-block-webx-post-list-webx-post-list wp-block-webx-post-list-webx-post-list\" data-listid=\"37211\">\n    <script class=\"webx-filter-list-config\" type=\"application\/json\">{\"postType\":\"product\",\"enableParentPost\":true,\"displayGrid\":true,\"subTitle\":\"product_category\",\"fieldOne\":\"product_category\",\"fieldTwo\":\"product_category\",\"className\":\"wp-block-webx-post-list-webx-post-list\",\"style\":{\"spacing\":{\"margin\":{\"top\":\"var:preset|spacing|30\",\"bottom\":\"var:preset|spacing|50\"}}},\"compactGrid\":false,\"language\":\"en\",\"listId\":37211,\"postId\":5232}<\/script>\n    <div class=\"webx-post-list\" data-listid=\"37211\"><\/div>\n    \n<div>\n<div class=\"wp-block-webx-post-list-webx-filters\"><div><\/div><\/div>\n<\/div>\n<\/div>","protected":false},"excerpt":{"rendered":"<p>P\u0159izp\u016fsoben\u00ed proces\u016f CAM budoucnosti: optimalizace programov\u00e1n\u00ed CNC pomoc\u00ed v\u00fdkonn\u00fdch n\u00e1stroj\u016f pro automatizaci.<\/p>\n","protected":false},"author":2,"featured_media":24481,"parent":5224,"menu_order":11,"comment_status":"closed","ping_status":"closed","template":"","meta":{"content-type":"","footnotes":""},"competence":[2784],"class_list":["post-5232","product","type-product","status-publish","has-post-thumbnail","hentry","competence-cam-automatisierung-cs"],"_links":{"self":[{"href":"https:\/\/www.westcam-group.com\/cs\/wp-json\/wp\/v2\/product\/5232","targetHints":{"allow":["GET"]}}],"collection":[{"href":"https:\/\/www.westcam-group.com\/cs\/wp-json\/wp\/v2\/product"}],"about":[{"href":"https:\/\/www.westcam-group.com\/cs\/wp-json\/wp\/v2\/types\/product"}],"author":[{"embeddable":true,"href":"https:\/\/www.westcam-group.com\/cs\/wp-json\/wp\/v2\/users\/2"}],"replies":[{"embeddable":true,"href":"https:\/\/www.westcam-group.com\/cs\/wp-json\/wp\/v2\/comments?post=5232"}],"version-history":[{"count":3,"href":"https:\/\/www.westcam-group.com\/cs\/wp-json\/wp\/v2\/product\/5232\/revisions"}],"predecessor-version":[{"id":34902,"href":"https:\/\/www.westcam-group.com\/cs\/wp-json\/wp\/v2\/product\/5232\/revisions\/34902"}],"up":[{"embeddable":true,"href":"https:\/\/www.westcam-group.com\/cs\/wp-json\/wp\/v2\/product\/5224"}],"wp:featuredmedia":[{"embeddable":true,"href":"https:\/\/www.westcam-group.com\/cs\/wp-json\/wp\/v2\/media\/24481"}],"wp:attachment":[{"href":"https:\/\/www.westcam-group.com\/cs\/wp-json\/wp\/v2\/media?parent=5232"}],"wp:term":[{"taxonomy":"competence","embeddable":true,"href":"https:\/\/www.westcam-group.com\/cs\/wp-json\/wp\/v2\/competence?post=5232"}],"curies":[{"name":"wp","href":"https:\/\/api.w.org\/{rel}","templated":true}]}}