{"id":5224,"date":"2024-04-24T08:20:37","date_gmt":"2024-04-24T06:20:37","guid":{"rendered":"https:\/\/westcam2023.westcam.web-crossing.com\/?post_type=product&#038;p=5224"},"modified":"2025-08-04T12:35:55","modified_gmt":"2025-08-04T10:35:55","slug":"cam","status":"publish","type":"product","link":"https:\/\/www.westcam-group.com\/cs\/produkty\/cam\/","title":{"rendered":"CAM, CNC"},"content":{"rendered":"\n<div class=\"wp-block-webx-blocks-westcam-product-hero alignfull has-background\" style=\"margin-top:0px;margin-bottom:var(--wp--preset--spacing--40);padding-right:0;padding-left:0;background-image:url(&apos;\/wp-content\/plugins\/webx-blocks\/assets\/bggrid.webp&apos;);background-position:100% 50%;background-repeat:no-repeat;background-size:66vw;\"><div class=\"hero-image\"> <img decoding=\"async\" srcset=\"https:\/\/www.westcam-group.com\/wp-content\/uploads\/2024\/04\/slideelement_single_cam_nogrid-150x150.png 150w, https:\/\/www.westcam-group.com\/wp-content\/uploads\/2024\/04\/slideelement_single_cam_nogrid-300x174.png 300w, https:\/\/www.westcam-group.com\/wp-content\/uploads\/2024\/04\/slideelement_single_cam_nogrid-1024x593.png 1024w, https:\/\/www.westcam-group.com\/wp-content\/uploads\/2024\/04\/slideelement_single_cam_nogrid.png 1262w, https:\/\/www.westcam-group.com\/wp-content\/uploads\/2024\/04\/slideelement_single_cam_nogrid-1036x600.png 1036w\" src=\"https:\/\/www.westcam-group.com\/wp-content\/uploads\/2024\/04\/slideelement_single_cam_nogrid.png\" alt=\"\"\/><\/div><div class=\"hero-placeholder\"><\/div>\n<div class=\"wp-block-group hero-content is-layout-flow wp-block-group-is-layout-flow\">\n<div class=\"wp-block-webx-blocks-fake-heading heading-h4 hero-subtitle is-style-westcamized\" style=\"margin-top:0;margin-bottom:15px\"><strong>CAM =<\/strong> po\u010d\u00edta\u010dem podporovan\u00e1 V\u00ddROBA<\/div>\n\n\n\n<h1 class=\"wp-block-heading hero-title\" style=\"margin-top:0;margin-bottom:15px\">CAM, CNC<\/h1>\n\n\n\n<p><strong>Pom\u016f\u017eeme v\u00e1m: V\u00fdroba je snadn\u00e1!  <\/strong> <strong>Jak ji\u017e n\u00e1zev napov\u00edd\u00e1, software CAM pom\u00e1h\u00e1 v\u00fdrazn\u011b zjednodu\u0161it \u0159\u00edzen\u00ed v\u00fdrobn\u00edch stroj\u016f.<\/strong><\/p>\n\n\n\n<p><strong>Ve spole\u010dnosti WESTCAM jdeme v\u017edy o krok d\u00e1l:  <\/strong><\/p>\n\n\n\n<p>D\u00edky na\u0161im inovativn\u00edm CAM \u0159e\u0161en\u00edm <strong><em>hyper<\/em>MILL<\/strong>, <strong>PEPS<\/strong> a <strong>OPTICAM<\/strong> ve spojen\u00ed s na\u0161\u00edm \u0161pi\u010dkov\u00fdm servisem v\u00e1m nejen usnadn\u00edme programov\u00e1n\u00ed CAM a v\u00fdrobu, ale tak\u00e9 ji v\u00fdrazn\u011b urychl\u00edme a zkvalitn\u00edme!<\/p>\n\n\n\n<p>Od obr\u00e1b\u011bn\u00ed slo\u017eit\u00fdch geometri\u00ed a automatizace programov\u00e1n\u00ed CAM pro opakuj\u00edc\u00ed se \u00falohy a\u017e po p\u0159esnou simulaci obr\u00e1b\u011bn\u00ed pomoc\u00ed <em>hyper<\/em>MILL Virtual Machining- nab\u00edz\u00edme v\u0161e, co pot\u0159ebujete k tomu, abyste svou v\u00fdrobu posunuli na <strong>vy\u0161\u0161\u00ed \u00farove\u0148<\/strong> .<\/p>\n\n\n\n<p>Pln\u00fd potenci\u00e1l modern\u00edch CNC obr\u00e1b\u011bc\u00edch stroj\u016f lze vyu\u017e\u00edt pouze s v\u00fdkonn\u00fdm CAM softwarem.<\/p>\n\n\n\n<div class=\"wp-block-buttons is-layout-flex wp-block-buttons-is-layout-flex\" style=\"margin-top:var(--wp--preset--spacing--20);margin-bottom:var(--wp--preset--spacing--20)\">\n<div class=\"wp-block-button\"><a class=\"wp-block-button__link wp-element-button\" href=\"https:\/\/www.westcam-group.com\/cs\/produkty\/cam\/#free-version\">Poptejte nyn\u00ed<\/a><\/div>\n<\/div>\n<\/div>\n\n\n\n<div class=\"wp-block-group hero-violet is-layout-flow wp-block-group-is-layout-flow\" style=\"padding-top:var(--wp--preset--spacing--30);padding-right:var(--wp--preset--spacing--30);padding-bottom:var(--wp--preset--spacing--30);padding-left:var(--wp--preset--spacing--30)\">\n<div class=\"wp-block-webx-blocks-fake-heading heading-h4 hero-subtitle has-base-color has-text-color\" style=\"margin-top:0;margin-bottom:15px\">Kl\u00ed\u010dov\u00e1 fakta<\/div>\n\n\n\n<ul class=\"wp-block-list hero-bullet-list-items is-style-westcam-list has-base-color has-text-color\">\n<li>Zku\u0161enosti a konzistentnost na trhu CAM<\/li>\n\n\n\n<li>Podpora v ka\u017edodenn\u00edm v\u00fdrobn\u00edm procesu<\/li>\n\n\n\n<li>Nad\u0161en\u00ed zam\u011bstnanci<\/li>\n\n\n\n<li>Komplexn\u00ed \u0161kolic\u00ed program<\/li>\n\n\n\n<li>Technologick\u00e9 workshopy a poradenstv\u00ed na m\u00edru<\/li>\n\n\n\n<li>\u0160pi\u010dkov\u00e9 technologie a produkty<\/li>\n<\/ul>\n<\/div>\n<\/div>\n\n\n\n<div class=\"wp-block-webx-blocks-grid-item has-base-2-background-color has-background is-layout-flow wp-block-webx-blocks-grid-item-is-layout-flow\" style=\"padding-top:var(--wp--preset--spacing--10);padding-right:var(--wp--preset--spacing--20);padding-bottom:var(--wp--preset--spacing--10);padding-left:var(--wp--preset--spacing--20);--grid-area-desktop:auto \/ auto \/ auto \/ auto;--grid-area-tablet:auto \/ auto \/ auto \/ auto;--grid-area-mobile:auto \/ auto \/ auto \/ auto\">\n<p>D\u00edky komplexn\u00ed <strong>integraci CAD\/CAM<\/strong> spolu konstrukce a v\u00fdroba bezprobl\u00e9mov\u011b spolupracuj\u00ed &#8211; <strong>PDM a PLM syst\u00e9my<\/strong> lze propojit snadno a rychle.<br>V\u00fdkonn\u00e9 <strong>dopl\u0148kov\u00e9 moduly<\/strong>, jako je \u0159e\u0161en\u00ed prohl\u00ed\u017ee\u010de nebo automatiza\u010dn\u00ed n\u00e1stroje, \u010din\u00ed va\u0161e procesy transparentn\u00edmi, spolehliv\u00fdmi a rychl\u00fdmi!<br><\/p>\n<\/div>\n\n\n\n<div class=\"wp-block-webx-blocks-grid is-layout-grid wp-container-webx-blocks-grid-is-layout-478b6e6b wp-block-webx-blocks-grid-is-layout-grid\" style=\"--grid-columns-desktop:2;--grid-columns-tablet:2;--grid-columns-mobile:1\">\n<div class=\"wp-block-webx-blocks-grid-item is-layout-flow wp-block-webx-blocks-grid-item-is-layout-flow\" style=\"padding-top:var(--wp--preset--spacing--10);padding-right:var(--wp--preset--spacing--10);padding-bottom:var(--wp--preset--spacing--10);padding-left:var(--wp--preset--spacing--10);--grid-area-desktop:auto \/ auto \/ auto \/ auto;--grid-area-tablet:auto \/ auto \/ auto \/ auto;--grid-area-mobile:auto \/ auto \/ auto \/ auto\">\n<h6 class=\"wp-block-heading is-style-westcamized\">Orientovan\u00e9 na praxi a vhodn\u00e9 pro ka\u017ed\u00e9 pou\u017eit\u00ed:<\/h6>\n\n\n\n<ul class=\"wp-block-list\">\n<li><strong><em>hyperMILL<\/em>: Fr\u00e9zov\u00e1n\u00ed<\/strong>, soustru\u017een\u00ed, aditivn\u00ed v\u00fdroba, HSC, HPC&#8230;<\/li>\n\n\n\n<li><strong>PEPS: <\/strong>Fr\u00e9zov\u00e1n\u00ed , soustru\u017een\u00ed, dr\u00e1tov\u00e1 eroze, \u0159ez\u00e1n\u00ed laserem a vodn\u00edm paprskem<\/li>\n\n\n\n<li><strong>OPTICAM: Dr\u00e1tov\u00e9 elektroerozivn\u00ed obr\u00e1b\u011bn\u00ed<\/strong> v hyperCAD-S, Solidworks a Siemens NX<\/li>\n<\/ul>\n<\/div>\n\n\n\n<div class=\"wp-block-webx-blocks-grid-item is-layout-flow wp-block-webx-blocks-grid-item-is-layout-flow\" style=\"padding-top:var(--wp--preset--spacing--10);padding-right:var(--wp--preset--spacing--10);padding-bottom:var(--wp--preset--spacing--10);padding-left:var(--wp--preset--spacing--10);--grid-area-desktop:auto \/ auto \/ auto \/ auto;--grid-area-tablet:auto \/ auto \/ auto \/ auto;--grid-area-mobile:auto \/ auto \/ auto \/ auto\">\n<h6 class=\"wp-block-heading is-style-westcamized\">Vyu\u017e\u00edv\u00e1te v\u00fdhody:<\/h6>\n\n\n\n<ul class=\"wp-block-list\">\n<li>Krat\u0161\u00ed doba programov\u00e1n\u00ed<\/li>\n\n\n\n<li>\u00dapln\u00e1 kontrola koliz\u00ed<\/li>\n\n\n\n<li>Optimalizovan\u00e9 dr\u00e1hy n\u00e1stroj\u016f<\/li>\n\n\n\n<li>Strategie dokonale p\u0159izp\u016fsoben\u00e9 \u0159\u00eddic\u00edm syst\u00e9m\u016fm<\/li>\n\n\n\n<li>V\u00edce komponent za krat\u0161\u00ed dobu<\/li>\n\n\n\n<li>Zv\u00fd\u0161en\u00e1 ekonomick\u00e1 efektivita<\/li>\n<\/ul>\n<\/div>\n<\/div>\n\n\n\n<div class=\"wp-block-group has-base-2-background-color has-background has-global-padding is-layout-constrained wp-container-core-group-is-layout-54b13cab wp-block-group-is-layout-constrained\" style=\"margin-top:var(--wp--preset--spacing--50);margin-bottom:var(--wp--preset--spacing--50);padding-top:var(--wp--preset--spacing--20);padding-right:0;padding-bottom:var(--wp--preset--spacing--20);padding-left:0\">\n<figure class=\"wp-block-embed is-type-video is-provider-youtube wp-block-embed-youtube wp-embed-aspect-16-9 wp-has-aspect-ratio\" style=\"margin-top:var(--wp--preset--spacing--20);margin-bottom:var(--wp--preset--spacing--20)\"><div class=\"wp-block-embed__wrapper\">\n<div class=\"cookieconsent-optout-marketing\">\n    Bitte  <a href=\"javascript:Cookiebot.renew()\">Marketing-Cookies akzeptieren<\/a>, um dieses Video zu laden.\n    <\/div>\n            <iframe data-cookieblock-src=\"https:\/\/www.youtube.com\/embed\/st4MqJZobCM?feature=oembed\" data-cookieconsent=\"marketing\" title=\"High-performance, complete CAM solution | NC programming | hyperMILL\" width=\"500\" height=\"281\"  frameborder=\"0\" allow=\"accelerometer; autoplay; clipboard-write; encrypted-media; gyroscope; picture-in-picture; web-share\" referrerpolicy=\"strict-origin-when-cross-origin\" allowfullscreen><\/iframe>\n<\/div><\/figure>\n<\/div>\n\n\n\n<div class=\"wp-block-group has-global-padding is-layout-constrained wp-container-core-group-is-layout-baed9f38 wp-block-group-is-layout-constrained\" style=\"margin-top:var(--wp--preset--spacing--60);margin-bottom:var(--wp--preset--spacing--60)\">\n<h3 class=\"wp-block-heading\" style=\"margin-top:var(--wp--preset--spacing--20);margin-right:0;margin-bottom:var(--wp--preset--spacing--20);margin-left:0;text-transform:none\">\u010casto kladen\u00e9 ot\u00e1zky (FAQ)<\/h3>\n\n\n\n<div class=\"wp-block-webx-blocks-accordion\">\n<div class=\"accordion\" id=\"co-je-cam\"><h2 class=\"title faq-title\" itemprop=\"name\"><a href=\"#co-je-cam\">Co je CAM?<\/a><\/h2><div class=\"content\"><div class=\"wrapper\">\n<p>CAM (<em>computer aided manufacturing<\/em>) je softwarov\u00e1 technologie pou\u017e\u00edvan\u00e1 k \u0159\u00edzen\u00ed a automatizaci v\u00fdrobn\u00edho procesu.<\/p>\n\n\n\n<p>NC programy se vytv\u00e1\u0159ej\u00ed pro \u0159\u00edzen\u00ed fr\u00e9zovac\u00edch stroj\u016f, soustru\u017enick\u00fdch center, erodovac\u00edch stroj\u016f atd.<\/p>\n<\/div><\/div><\/div>\n\n\n\n<div class=\"accordion\" id=\"kter-software-cam-je-vhodn-pro-frzovn-soustruen-a-elektroerozivn-obrbn\"><h2 class=\"title faq-title\" itemprop=\"name\"><a href=\"#kter-software-cam-je-vhodn-pro-frzovn-soustruen-a-elektroerozivn-obrbn\">Kter\u00fd software CAM je vhodn\u00fd pro fr\u00e9zov\u00e1n\u00ed, soustru\u017een\u00ed a elektroerozivn\u00ed obr\u00e1b\u011bn\u00ed?<\/a><\/h2><div class=\"content\"><div class=\"wrapper\">\n<p><em>hyper<\/em>MILL a PEPS nab\u00edzej\u00ed komplexn\u00ed \u0159e\u0161en\u00ed pro fr\u00e9zov\u00e1n\u00ed, soustru\u017een\u00ed, \u0159\u00edzen\u00ed elektroerozivn\u00edch stroj\u016f a mnoho dal\u0161\u00edch v\u00fdrobn\u00edch technologi\u00ed.<\/p>\n<\/div><\/div><\/div>\n\n\n\n<div class=\"accordion\" id=\"jak-vhody-nabz-systm-cam\"><h2 class=\"title faq-title\" itemprop=\"name\"><a href=\"#jak-vhody-nabz-systm-cam\">Jak\u00e9 v\u00fdhody nab\u00edz\u00ed syst\u00e9m CAM?<\/a><\/h2><div class=\"content\"><div class=\"wrapper\">\n<p><br>Syst\u00e9m CAM nab\u00edz\u00ed \u0159adu v\u00fdhod, v\u010detn\u011b rychlej\u0161\u00edho programov\u00e1n\u00ed, men\u0161\u00edho po\u010dtu zmetk\u016f, krat\u0161\u00edch v\u00fdrobn\u00edch \u010das\u016f a mo\u017enosti vyr\u00e1b\u011bt slo\u017eit\u00e9 geometrie, kter\u00e9 by bylo obt\u00ed\u017en\u00e9 nebo nemo\u017en\u00e9 realizovat ru\u010dn\u011b.<\/p>\n<\/div><\/div><\/div>\n<\/div>\n<\/div>\n\n\n<div class=\"wp-block-webx-post-list-webx-post-list wp-block-webx-post-list-webx-post-list\" data-listid=\"64084\">\n    <script class=\"webx-filter-list-config\" type=\"application\/json\">{\"postType\":\"product\",\"enableParentPost\":true,\"displayGrid\":true,\"className\":\"wp-block-webx-post-list-webx-post-list\",\"compactGrid\":false,\"subTitle\":\"\",\"fieldOne\":\"\",\"fieldTwo\":\"\",\"language\":\"en\",\"listId\":64084,\"postId\":5224}<\/script>\n    <div class=\"webx-post-list\" data-listid=\"64084\"><\/div>\n    \n<div>\n<div class=\"wp-block-webx-post-list-webx-filters\"><div>\n<div class=\"webx-parent-config\"><\/div>\n<\/div><\/div>\n<\/div>\n<\/div>\n\n\n<div id=\"free-version\" class=\"wp-block-group has-base-color has-contrast-background-color has-text-color has-background has-link-color wp-elements-967464b888cdb78ceb48ae32fd9d774b has-global-padding is-layout-constrained wp-container-core-group-is-layout-d2702112 wp-block-group-is-layout-constrained\" style=\"padding-top:var(--wp--preset--spacing--30);padding-right:var(--wp--preset--spacing--40);padding-bottom:var(--wp--preset--spacing--30);padding-left:var(--wp--preset--spacing--40)\">\n<h3 class=\"wp-block-heading has-base-color has-text-color has-link-color wp-elements-05aff5d145fb26661d8a554b35b2cffa\" style=\"text-transform:none\">Porad\u00edme v\u00e1m osobn\u011b!<\/h3>\n\n\n\n<div class=\"wpcf7 no-js\" id=\"wpcf7-f36538-o1\" lang=\"cs-CZ\" dir=\"ltr\" data-wpcf7-id=\"36538\">\n<div class=\"screen-reader-response\"><p role=\"status\" aria-live=\"polite\" aria-atomic=\"true\"><\/p> <ul><\/ul><\/div>\n<form action=\"\/cs\/wp-json\/wp\/v2\/product\/5224#wpcf7-f36538-o1\" method=\"post\" class=\"wpcf7-form init\" aria-label=\"Kontaktn\u00ed formul\u00e1\u0159\" novalidate=\"novalidate\" data-status=\"init\">\n<fieldset class=\"hidden-fields-container\"><input type=\"hidden\" name=\"_wpcf7\" value=\"36538\" \/><input type=\"hidden\" name=\"_wpcf7_version\" value=\"6.1.5\" \/><input type=\"hidden\" name=\"_wpcf7_locale\" value=\"cs_CZ\" \/><input type=\"hidden\" name=\"_wpcf7_unit_tag\" value=\"wpcf7-f36538-o1\" \/><input type=\"hidden\" name=\"_wpcf7_container_post\" value=\"0\" \/><input type=\"hidden\" name=\"_wpcf7_posted_data_hash\" value=\"\" \/><input type=\"hidden\" name=\"_wpcf7dtx_version\" value=\"5.0.5\" \/><input type=\"hidden\" name=\"_wpcf7_recaptcha_response\" value=\"\" \/>\n<\/fieldset>\n<h3 class=\"heading\">  Dotaz <label class=\"wpcf7-form-control wpcf7-label wpcf7dtx wpcf7dtx-label\" for=\"CAM, CNC\">CAM, CNC<\/label><span class=\"wpcf7-form-control-wrap dynamic_hidden-post-title\" data-name=\"dynamic_hidden-post-title\"><input type=\"hidden\" name=\"dynamic_hidden-post-title\" class=\"wpcf7-form-control wpcf7-hidden wpcf7dtx wpcf7dtx-hidden\" aria-invalid=\"false\" value=\"CAM, CNC\"><\/span><\/h3>\n\n<label>  N\u00e1zev\n    <span class=\"wpcf7-form-control-wrap\" data-name=\"fullname\"><input size=\"40\" maxlength=\"400\" class=\"wpcf7-form-control wpcf7-text\" aria-invalid=\"false\" value=\"\" type=\"text\" name=\"fullname\" \/><\/span> <\/label>\n\n<label>  E-mailov\u00e1 adresa*\n    <span class=\"wpcf7-form-control-wrap\" data-name=\"email\"><input size=\"40\" maxlength=\"400\" class=\"wpcf7-form-control wpcf7-email wpcf7-validates-as-required wpcf7-text wpcf7-validates-as-email\" aria-required=\"true\" aria-invalid=\"false\" value=\"\" type=\"email\" name=\"email\" \/><\/span> <\/label>\n\n<label>  Spole\u010dnost\n    <span class=\"wpcf7-form-control-wrap\" data-name=\"unternehmen\"><input size=\"40\" maxlength=\"400\" class=\"wpcf7-form-control wpcf7-text\" aria-invalid=\"false\" value=\"\" type=\"text\" name=\"unternehmen\" \/><\/span> <\/label>\n\n<label>  Va\u0161e zpr\u00e1va*\n    <span class=\"wpcf7-form-control-wrap\" data-name=\"nachricht\"><textarea cols=\"40\" rows=\"10\" maxlength=\"2000\" class=\"wpcf7-form-control wpcf7-textarea wpcf7-validates-as-required\" aria-required=\"true\" aria-invalid=\"false\" name=\"nachricht\"><\/textarea><\/span> <\/label>\n\n<span class=\"wpcf7-form-control-wrap dynamic_hidden_page_url\" data-name=\"dynamic_hidden_page_url\"><input type=\"hidden\" name=\"dynamic_hidden_page_url\" class=\"wpcf7-form-control wpcf7-hidden wpcf7dtx wpcf7dtx-hidden\" aria-invalid=\"false\" value=\"https:\/\/www.westcam-group.com\/cs\/wp-json\/wp\/v2\/product\/5224\"><\/span>\n\n<input class=\"wpcf7-form-control wpcf7-submit has-spinner\" type=\"submit\" value=\"Odeslat\" \/>\n\n[odpov\u011b\u010f]<div class=\"wpcf7-response-output\" aria-hidden=\"true\"><\/div>\n<\/form>\n<\/div>\n\n<\/div>\n\n\n\n<div class=\"wp-block-webx-blocks-grid has-base-color has-accent-2-background-color has-text-color has-background has-link-color wp-elements-e5efa31ce6437fcd52d2aee4abcf1c14 is-layout-grid wp-container-webx-blocks-grid-is-layout-1e0d87d3 wp-block-webx-blocks-grid-is-layout-grid\" style=\"margin-top:var(--wp--preset--spacing--50);margin-bottom:var(--wp--preset--spacing--50);padding-top:var(--wp--preset--spacing--40);padding-right:var(--wp--preset--spacing--40);padding-bottom:var(--wp--preset--spacing--40);padding-left:var(--wp--preset--spacing--40);--grid-columns-desktop:4;--grid-columns-tablet:2;--grid-columns-mobile:1;background-image:url(&apos;https:\/\/www.westcam-group.com\/wp-content\/uploads\/2024\/07\/grid-bottom-right-50percent.webp&apos;);background-position:100% 100%;background-repeat:no-repeat;background-size:300px;\">\n<div class=\"wp-block-webx-blocks-grid-item is-layout-flow wp-block-webx-blocks-grid-item-is-layout-flow\" style=\"--grid-area-desktop:auto \/ span 2 \/ auto \/ auto;--grid-area-tablet:auto \/ auto \/ auto \/ auto;--grid-area-mobile:auto \/ auto \/ auto \/ auto\">\n<div class=\"wp-block-webx-blocks-fake-heading heading-h5 is-style-westcamized-white has-base-color has-text-color has-link-color wp-elements-65642362f2f73a4af840dc15d15fcfa4\">St\u00e1le si nejste jisti?<\/div>\n\n\n\n<h2 class=\"wp-block-heading has-base-color has-text-color has-link-color wp-elements-43f44786147751577894e96c924ac98b\">M\u00e1te n\u011bjak\u00e9 ot\u00e1zky?<\/h2>\n<\/div>\n\n\n\n<div class=\"wp-block-webx-blocks-grid-item is-vertically-aligned-center is-layout-flow wp-block-webx-blocks-grid-item-is-layout-flow\" style=\"--grid-area-desktop:auto \/ auto \/ auto \/ auto;--grid-area-tablet:auto \/ auto \/ auto \/ auto;--grid-area-mobile:auto \/ auto \/ auto \/ auto\">\n<div class=\"wp-block-group is-nowrap is-layout-flex wp-container-core-group-is-layout-6c531013 wp-block-group-is-layout-flex\">\n<div class=\"wp-block-webx-blocks-svg\"><div style=\"height:25px;width:25px;fill:#ffffff\" class=\"svg\"><?xml version=\"1.0\" encoding=\"utf-8\"?????><svg version=\"1.1\" id=\"Layer_1\" xmlns=\"http:\/\/www.w3.org\/2000\/svg\" xmlns:xlink=\"http:\/\/www.w3.org\/1999\/xlink\" x=\"0px\" y=\"0px\" width=\"122.88px\" height=\"122.267px\" viewbox=\"0 0 122.88 122.267\" enable-background=\"new 0 0 122.88 122.267\" xml:space=\"preserve\"><g><path d=\"M33.822,50.291c4.137,7.442,8.898,14.604,15.074,21.133C55.1,77.984,62.782,83.962,72.771,89.03l0.01,0.005l0.002-0.005 c0.728,0.371,1.421,0.362,2.072,0.118c0.944-0.353,1.927-1.137,2.883-2.086c0.729-0.726,1.643-1.924,2.631-3.223 c3.846-5.054,8.601-11.301,15.314-8.193c0.142,0.065,0.276,0.141,0.402,0.226l22.373,12.852c0.08,0.046,0.157,0.095,0.23,0.147 c2.966,2.036,4.177,5.172,4.19,8.683c0.014,3.621-1.329,7.674-3.274,11.101c-2.565,4.517-6.387,7.502-10.761,9.525 c-4.17,1.928-8.798,2.954-13.267,3.608c-6.989,1.025-13.578,0.374-20.288-1.692c-6.55-2.017-13.176-5.385-20.4-9.86l-0.526-0.326 c-3.326-2.06-6.906-4.276-10.389-6.904C31.108,93.296,18.007,79.283,9.512,63.904C2.361,50.958-1.552,36.995,0.581,23.681 C1.75,16.375,4.901,9.743,10.333,5.35c4.762-3.853,11.188-5.94,19.448-5.203c0.973,0.084,1.793,0.639,2.255,1.419l0.006-0.003 l14.324,24.27c2.11,2.718,2.344,5.415,1.203,8.096c-0.943,2.218-2.892,4.251-5.476,6.168c-0.786,0.65-1.708,1.325-2.659,2.021 C36.236,44.459,32.578,47.136,33.822,50.291L33.822,50.291z M44.67,75.422C38.066,68.44,33.035,60.88,28.695,53.065 c-0.076-0.123-0.144-0.253-0.202-0.39c-3.174-7.459,2.52-11.625,7.493-15.262c0.845-0.618,1.663-1.217,2.401-1.829l0.002,0.003 c0.043-0.036,0.088-0.071,0.135-0.105c1.843-1.354,3.171-2.647,3.678-3.837c0.289-0.679,0.182-1.426-0.466-2.265 c-0.111-0.129-0.213-0.271-0.303-0.423L27.795,5.852c-5.869-0.241-10.419,1.321-13.784,4.044 c-4.239,3.429-6.723,8.759-7.674,14.699c-1.905,11.894,1.716,24.594,8.292,36.5c8.078,14.623,20.575,27.977,32.864,37.25 c3.379,2.55,6.776,4.653,9.932,6.607l0.526,0.326c6.818,4.223,13.017,7.386,19.052,9.244c5.876,1.809,11.634,2.38,17.729,1.486 c4.009-0.587,8.113-1.485,11.668-3.129c3.351-1.55,6.248-3.785,8.134-7.104c1.496-2.637,2.53-5.653,2.521-8.222 c-0.006-1.63-0.472-3.029-1.605-3.844L93.2,80.93c-2.461-1.081-5.629,3.081-8.193,6.45c-1.104,1.452-2.125,2.792-3.156,3.817 c-1.477,1.466-3.118,2.723-4.962,3.411c-2.136,0.799-4.395,0.834-6.755-0.37l0.002-0.004C59.522,88.849,51.323,82.457,44.67,75.422 L44.67,75.422z\"\/><\/g><\/svg><\/div><\/div>\n\n\n\n<p style=\"font-size:clamp(14px, 0.875rem + ((1vw - 3.2px) * 0.405), 20px);\"><strong><a href=\"tel:+435223555090\">+43 5223 55509 0<\/a><\/strong><\/p>\n<\/div>\n<\/div>\n\n\n\n<div class=\"wp-block-webx-blocks-grid-item is-vertically-aligned-center is-layout-flow wp-block-webx-blocks-grid-item-is-layout-flow\" style=\"--grid-area-desktop:auto \/ auto \/ auto \/ auto;--grid-area-tablet:auto \/ auto \/ auto \/ auto;--grid-area-mobile:auto \/ auto \/ auto \/ auto\">\n<div class=\"wp-block-group is-nowrap is-layout-flex wp-container-core-group-is-layout-6c531013 wp-block-group-is-layout-flex\">\n<div class=\"wp-block-webx-blocks-svg\"><div style=\"height:25px;width:25px\" class=\"svg\"><svg xmlns=\"http:\/\/www.w3.org\/2000\/svg\" width=\"83.467\" height=\"64.722\" viewbox=\"0 0 83.467 64.722\">\n  <g id=\"mail\" transform=\"translate(1.733 1.25)\">\n    <rect id=\"Rechteck_11\" data-name=\"Rechteck 11\" width=\"80\" height=\"62.222\" rx=\"2\" fill=\"none\" stroke=\"#fff\" stroke-linecap=\"round\" stroke-linejoin=\"round\" stroke-width=\"2.5\"><\/rect>\n    <path id=\"Pfad_100\" data-name=\"Pfad 100\" d=\"M3,7,43,33.667,83,7\" transform=\"translate(-3 1.889)\" fill=\"none\" stroke=\"#fff\" stroke-linecap=\"round\" stroke-linejoin=\"round\" stroke-width=\"2.5\"><\/path>\n  <\/g>\n<\/svg>\n<\/div><\/div>\n\n\n\n<p style=\"font-size:clamp(14px, 0.875rem + ((1vw - 3.2px) * 0.405), 20px);\"><a href=\"mailto:info@westcam-group.com\" target=\"_blank\" rel=\"noreferrer noopener\"><strong>info@westcam-group.com<\/strong><\/a><\/p>\n<\/div>\n<\/div>\n<\/div>\n","protected":false},"excerpt":{"rendered":"<p>hyperMILL VIRTUAL Machining nab\u00edz\u00ed tvorbu NC k\u00f3du a simulaci v jedin\u00e9m modulu, kter\u00fd je z\u00e1kladem pro inovativn\u00ed funkce, jako je Optimiser, Best Fit a Connected Machining.<\/p>\n","protected":false},"author":2,"featured_media":0,"parent":0,"menu_order":26,"comment_status":"closed","ping_status":"closed","template":"","meta":{"content-type":"","footnotes":""},"competence":[2780],"class_list":["post-5224","product","type-product","status-publish","hentry","competence-cam-cs"],"_links":{"self":[{"href":"https:\/\/www.westcam-group.com\/cs\/wp-json\/wp\/v2\/product\/5224","targetHints":{"allow":["GET"]}}],"collection":[{"href":"https:\/\/www.westcam-group.com\/cs\/wp-json\/wp\/v2\/product"}],"about":[{"href":"https:\/\/www.westcam-group.com\/cs\/wp-json\/wp\/v2\/types\/product"}],"author":[{"embeddable":true,"href":"https:\/\/www.westcam-group.com\/cs\/wp-json\/wp\/v2\/users\/2"}],"replies":[{"embeddable":true,"href":"https:\/\/www.westcam-group.com\/cs\/wp-json\/wp\/v2\/comments?post=5224"}],"version-history":[{"count":8,"href":"https:\/\/www.westcam-group.com\/cs\/wp-json\/wp\/v2\/product\/5224\/revisions"}],"predecessor-version":[{"id":40688,"href":"https:\/\/www.westcam-group.com\/cs\/wp-json\/wp\/v2\/product\/5224\/revisions\/40688"}],"wp:attachment":[{"href":"https:\/\/www.westcam-group.com\/cs\/wp-json\/wp\/v2\/media?parent=5224"}],"wp:term":[{"taxonomy":"competence","embeddable":true,"href":"https:\/\/www.westcam-group.com\/cs\/wp-json\/wp\/v2\/competence?post=5224"}],"curies":[{"name":"wp","href":"https:\/\/api.w.org\/{rel}","templated":true}]}}