{"id":5210,"date":"2024-04-24T09:57:24","date_gmt":"2024-04-24T07:57:24","guid":{"rendered":"https:\/\/westcam2023.westcam.web-crossing.com\/?post_type=product&#038;p=5210"},"modified":"2025-04-29T16:47:07","modified_gmt":"2025-04-29T14:47:07","slug":"statika","status":"publish","type":"product","link":"https:\/\/www.westcam-group.com\/cs\/produkty\/architektura-stavebnictvi\/statika\/","title":{"rendered":"Konstruk\u010dn\u00ed n\u00e1vrh"},"content":{"rendered":"\n<div class=\"wp-block-group alignfull has-global-padding is-layout-constrained wp-block-group-is-layout-constrained\">\n<div class=\"wp-block-webx-blocks-westcam-hero alignfull ltr\" style=\"margin-top:var(--wp--preset--spacing--50);margin-bottom:var(--wp--preset--spacing--50)\"><div class=\"hero-image\" style=\"--aspect-ratio:4 \/ 3\"> <img decoding=\"async\" srcset=\"https:\/\/www.westcam-group.com\/wp-content\/uploads\/2024\/09\/westcam-6-icon-architektur-bauwesen-150x150.png 150w, https:\/\/www.westcam-group.com\/wp-content\/uploads\/2024\/09\/westcam-6-icon-architektur-bauwesen-300x300.png 300w, https:\/\/www.westcam-group.com\/wp-content\/uploads\/2024\/09\/westcam-6-icon-architektur-bauwesen-1024x1024.png 1024w, https:\/\/www.westcam-group.com\/wp-content\/uploads\/2024\/09\/westcam-6-icon-architektur-bauwesen.png 1181w, https:\/\/www.westcam-group.com\/wp-content\/uploads\/2024\/09\/westcam-6-icon-architektur-bauwesen-900x900.png 900w, https:\/\/www.westcam-group.com\/wp-content\/uploads\/2024\/09\/westcam-6-icon-architektur-bauwesen-600x600.png 600w\" src=\"https:\/\/www.westcam-group.com\/wp-content\/uploads\/2024\/09\/westcam-6-icon-architektur-bauwesen.png\" alt=\"\"\/><\/div><div class=\"hero-placeholder\"><\/div>\n<div class=\"wp-block-group hero-content is-layout-flow wp-block-group-is-layout-flow\">\n<div class=\"wp-block-webx-blocks-fake-heading heading-h4 hero-subtitle is-style-westcamized\" style=\"text-transform:none\">P\u0159esn\u00e9 a spolehliv\u00e9 budovy<\/div>\n\n\n<h1 style=\"text-transform:none; margin-top:0;margin-bottom:0;\" class=\"wp-block-post-title\">Konstruk\u010dn\u00ed n\u00e1vrh<\/h1>\n\n\n<p>Zajist\u011bte stabilitu a spolehlivost sv\u00fdch konstrukc\u00ed pomoc\u00ed na\u0161eho softwaru pro navrhov\u00e1n\u00ed konstrukc\u00ed. Tato \u0159e\u0161en\u00ed v\u00e1m poskytnou n\u00e1stroje, kter\u00e9 pot\u0159ebujete k prov\u00e1d\u011bn\u00ed slo\u017eit\u00fdch statick\u00fdch v\u00fdpo\u010dt\u016f a navrhov\u00e1n\u00ed bezpe\u010dn\u00fdch a udr\u017eiteln\u00fdch konstrukc\u00ed.   <\/p>\n\n\n\n<p>Optimalizujte sv\u00e9 projekty pomoc\u00ed p\u0159esn\u00fdch a spolehliv\u00fdch pl\u00e1novac\u00edch proces\u016f.<\/p>\n<\/div>\n<\/div>\n<\/div>\n\n<h2 class=\"wp-block-heading\" style=\"text-transform:none\">Na\u0161e nab\u00eddka pro v\u00e1s<\/h2>\n<div style=\"margin-top:var(--wp--preset--spacing--30);margin-bottom:var(--wp--preset--spacing--50);\" class=\"wp-block-webx-post-list-webx-post-list\" data-listid=\"98899\">\n    <script class=\"webx-filter-list-config\" type=\"application\/json\">{\"postType\":\"product\",\"enableParentPost\":true,\"parentPostId\":4359,\"displayGrid\":true,\"subTitle\":\"product_category\",\"fieldOne\":\"product_category\",\"fieldTwo\":\"product_category\",\"style\":{\"spacing\":{\"margin\":{\"top\":\"var:preset|spacing|30\",\"bottom\":\"var:preset|spacing|50\"}}},\"compactGrid\":false,\"language\":\"en\",\"listId\":98899,\"postId\":5210}<\/script>\n    <div class=\"webx-post-list\" data-listid=\"98899\"><\/div>\n    \n<div class=\"wp-block-webx-post-list-webx-post-list\" style=\"margin-top:var(--wp--preset--spacing--30);margin-bottom:var(--wp--preset--spacing--50)\"><script class=\"webx-filter-list-config\" type=\"application\/json\">{\"postType\":\"product\",\"enableParentPost\":true,\"parentPostId\":4359,\"displayGrid\":true,\"subTitle\":\"product_category\",\"fieldOne\":\"product_category\",\"fieldTwo\":\"product_category\",\"language\":\"en\",\"style\":{\"spacing\":{\"margin\":{\"top\":\"var:preset|spacing|30\",\"bottom\":\"var:preset|spacing|50\"}}}}<\/script><div id=\"webx-post-list\"><\/div><div>\n\n<div class=\"wp-block-webx-post-list-webx-filters\"><div><\/div><\/div>\n\n<\/div><\/div>\n<\/div>","protected":false},"excerpt":{"rendered":"<p>Na\u0161e nab\u00eddka pro v\u00e1s<\/p>\n","protected":false},"author":2,"featured_media":6167,"parent":5194,"menu_order":5,"comment_status":"closed","ping_status":"closed","template":"","meta":{"content-type":"","footnotes":""},"competence":[2764],"class_list":["post-5210","product","type-product","status-publish","has-post-thumbnail","hentry","competence-tragwerksplanung-cs"],"_links":{"self":[{"href":"https:\/\/www.westcam-group.com\/cs\/wp-json\/wp\/v2\/product\/5210","targetHints":{"allow":["GET"]}}],"collection":[{"href":"https:\/\/www.westcam-group.com\/cs\/wp-json\/wp\/v2\/product"}],"about":[{"href":"https:\/\/www.westcam-group.com\/cs\/wp-json\/wp\/v2\/types\/product"}],"author":[{"embeddable":true,"href":"https:\/\/www.westcam-group.com\/cs\/wp-json\/wp\/v2\/users\/2"}],"replies":[{"embeddable":true,"href":"https:\/\/www.westcam-group.com\/cs\/wp-json\/wp\/v2\/comments?post=5210"}],"version-history":[{"count":3,"href":"https:\/\/www.westcam-group.com\/cs\/wp-json\/wp\/v2\/product\/5210\/revisions"}],"predecessor-version":[{"id":34925,"href":"https:\/\/www.westcam-group.com\/cs\/wp-json\/wp\/v2\/product\/5210\/revisions\/34925"}],"up":[{"embeddable":true,"href":"https:\/\/www.westcam-group.com\/cs\/wp-json\/wp\/v2\/product\/5194"}],"wp:featuredmedia":[{"embeddable":true,"href":"https:\/\/www.westcam-group.com\/cs\/wp-json\/wp\/v2\/media\/6167"}],"wp:attachment":[{"href":"https:\/\/www.westcam-group.com\/cs\/wp-json\/wp\/v2\/media?parent=5210"}],"wp:term":[{"taxonomy":"competence","embeddable":true,"href":"https:\/\/www.westcam-group.com\/cs\/wp-json\/wp\/v2\/competence?post=5210"}],"curies":[{"name":"wp","href":"https:\/\/api.w.org\/{rel}","templated":true}]}}