{"id":5206,"date":"2024-04-24T10:00:03","date_gmt":"2024-04-24T08:00:03","guid":{"rendered":"https:\/\/westcam2023.westcam.web-crossing.com\/?post_type=product&#038;p=5206"},"modified":"2025-04-29T16:47:07","modified_gmt":"2025-04-29T14:47:07","slug":"navrh-tzb","status":"publish","type":"product","link":"https:\/\/www.westcam-group.com\/cs\/produkty\/architektura-stavebnictvi\/navrh-tzb\/","title":{"rendered":"TGA-Planning"},"content":{"rendered":"\n<div class=\"wp-block-group alignfull has-global-padding is-layout-constrained wp-block-group-is-layout-constrained\">\n<div class=\"wp-block-webx-blocks-westcam-hero alignfull ltr\" style=\"margin-top:var(--wp--preset--spacing--50);margin-bottom:var(--wp--preset--spacing--50)\"><div class=\"hero-image\" style=\"--aspect-ratio:4 \/ 3\"> <img decoding=\"async\" srcset=\"https:\/\/www.westcam-group.com\/wp-content\/uploads\/2024\/09\/westcam-6-icon-architektur-bauwesen-150x150.png 150w, https:\/\/www.westcam-group.com\/wp-content\/uploads\/2024\/09\/westcam-6-icon-architektur-bauwesen-300x300.png 300w, https:\/\/www.westcam-group.com\/wp-content\/uploads\/2024\/09\/westcam-6-icon-architektur-bauwesen-1024x1024.png 1024w, https:\/\/www.westcam-group.com\/wp-content\/uploads\/2024\/09\/westcam-6-icon-architektur-bauwesen.png 1181w, https:\/\/www.westcam-group.com\/wp-content\/uploads\/2024\/09\/westcam-6-icon-architektur-bauwesen-900x900.png 900w, https:\/\/www.westcam-group.com\/wp-content\/uploads\/2024\/09\/westcam-6-icon-architektur-bauwesen-600x600.png 600w\" src=\"https:\/\/www.westcam-group.com\/wp-content\/uploads\/2024\/09\/westcam-6-icon-architektur-bauwesen.png\" alt=\"\"\/><\/div><div class=\"hero-placeholder\"><\/div>\n<div class=\"wp-block-group hero-content is-layout-flow wp-block-group-is-layout-flow\">\n<div class=\"wp-block-webx-blocks-fake-heading heading-h4 hero-subtitle is-style-westcamized\" style=\"text-transform:none\">Software pro navrhov\u00e1n\u00ed MEP<\/div>\n\n\n<h1 style=\"text-transform:none; margin-top:0;margin-bottom:0;\" class=\"wp-block-post-title\">TGA-Planning<\/h1>\n\n\n<p>Pl\u00e1nujte technick\u00e9 vybaven\u00ed budov (TGA) s maxim\u00e1ln\u00ed efektivitou a p\u0159esnost\u00ed.<\/p>\n\n\n\n<p>  N\u00e1\u0161 software pro projektov\u00e1n\u00ed MEP v\u00e1m pom\u016f\u017ee za\u010dlenit vyt\u00e1p\u011bn\u00ed, v\u011btr\u00e1n\u00ed, klimatizaci a elektroinstalace do va\u0161ich stavebn\u00edch pl\u00e1n\u016f a realizovat tak funk\u010dn\u00ed a energeticky \u00fasporn\u00e9 budovy.<\/p>\n<\/div>\n<\/div>\n<\/div>\n\n<h2 class=\"wp-block-heading\" style=\"text-transform:none\">Na\u0161e nab\u00eddka pro v\u00e1s<\/h2>\n<div style=\"margin-top:var(--wp--preset--spacing--30);margin-bottom:var(--wp--preset--spacing--50);\" class=\"wp-block-webx-post-list-webx-post-list\" data-listid=\"68439\">\n    <script class=\"webx-filter-list-config\" type=\"application\/json\">{\"postType\":\"product\",\"enableParentPost\":true,\"parentPostId\":4359,\"displayGrid\":true,\"subTitle\":\"product_category\",\"fieldOne\":\"product_category\",\"fieldTwo\":\"product_category\",\"style\":{\"spacing\":{\"margin\":{\"top\":\"var:preset|spacing|30\",\"bottom\":\"var:preset|spacing|50\"}}},\"compactGrid\":false,\"language\":\"en\",\"listId\":68439,\"postId\":5206}<\/script>\n    <div class=\"webx-post-list\" data-listid=\"68439\"><\/div>\n    \n<div class=\"wp-block-webx-post-list-webx-post-list\" style=\"margin-top:var(--wp--preset--spacing--30);margin-bottom:var(--wp--preset--spacing--50)\"><script class=\"webx-filter-list-config\" type=\"application\/json\">{\"postType\":\"product\",\"enableParentPost\":true,\"parentPostId\":4359,\"displayGrid\":true,\"subTitle\":\"product_category\",\"fieldOne\":\"product_category\",\"fieldTwo\":\"product_category\",\"language\":\"en\",\"style\":{\"spacing\":{\"margin\":{\"top\":\"var:preset|spacing|30\",\"bottom\":\"var:preset|spacing|50\"}}}}<\/script><div id=\"webx-post-list\"><\/div><div>\n\n<div class=\"wp-block-webx-post-list-webx-filters\"><div><\/div><\/div>\n\n<\/div><\/div>\n<\/div>","protected":false},"excerpt":{"rendered":"<p>Na\u0161e nab\u00eddka pro v\u00e1s<\/p>\n","protected":false},"author":2,"featured_media":16300,"parent":5194,"menu_order":9,"comment_status":"closed","ping_status":"closed","template":"","meta":{"content-type":"","footnotes":""},"competence":[2762],"class_list":["post-5206","product","type-product","status-publish","has-post-thumbnail","hentry","competence-tga-planung-cs"],"_links":{"self":[{"href":"https:\/\/www.westcam-group.com\/cs\/wp-json\/wp\/v2\/product\/5206","targetHints":{"allow":["GET"]}}],"collection":[{"href":"https:\/\/www.westcam-group.com\/cs\/wp-json\/wp\/v2\/product"}],"about":[{"href":"https:\/\/www.westcam-group.com\/cs\/wp-json\/wp\/v2\/types\/product"}],"author":[{"embeddable":true,"href":"https:\/\/www.westcam-group.com\/cs\/wp-json\/wp\/v2\/users\/2"}],"replies":[{"embeddable":true,"href":"https:\/\/www.westcam-group.com\/cs\/wp-json\/wp\/v2\/comments?post=5206"}],"version-history":[{"count":5,"href":"https:\/\/www.westcam-group.com\/cs\/wp-json\/wp\/v2\/product\/5206\/revisions"}],"predecessor-version":[{"id":38475,"href":"https:\/\/www.westcam-group.com\/cs\/wp-json\/wp\/v2\/product\/5206\/revisions\/38475"}],"up":[{"embeddable":true,"href":"https:\/\/www.westcam-group.com\/cs\/wp-json\/wp\/v2\/product\/5194"}],"wp:featuredmedia":[{"embeddable":true,"href":"https:\/\/www.westcam-group.com\/cs\/wp-json\/wp\/v2\/media\/16300"}],"wp:attachment":[{"href":"https:\/\/www.westcam-group.com\/cs\/wp-json\/wp\/v2\/media?parent=5206"}],"wp:term":[{"taxonomy":"competence","embeddable":true,"href":"https:\/\/www.westcam-group.com\/cs\/wp-json\/wp\/v2\/competence?post=5206"}],"curies":[{"name":"wp","href":"https:\/\/api.w.org\/{rel}","templated":true}]}}