{"id":5202,"date":"2024-04-24T10:02:03","date_gmt":"2024-04-24T08:02:03","guid":{"rendered":"https:\/\/westcam2023.westcam.web-crossing.com\/?post_type=product&#038;p=5202"},"modified":"2025-04-29T16:47:01","modified_gmt":"2025-04-29T14:47:01","slug":"infrastruktura","status":"publish","type":"product","link":"https:\/\/www.westcam-group.com\/cs\/produkty\/architektura-stavebnictvi\/infrastruktura\/","title":{"rendered":"Pl\u00e1nov\u00e1n\u00ed infrastruktury"},"content":{"rendered":"\n<div class=\"wp-block-group alignfull has-global-padding is-layout-constrained wp-block-group-is-layout-constrained\">\n<div class=\"wp-block-webx-blocks-westcam-hero alignfull ltr\" style=\"margin-top:var(--wp--preset--spacing--50);margin-bottom:var(--wp--preset--spacing--50)\"><div class=\"hero-image\" style=\"--aspect-ratio:4 \/ 3\"> <img decoding=\"async\" srcset=\"https:\/\/www.westcam-group.com\/wp-content\/uploads\/2024\/09\/westcam-6-icon-architektur-bauwesen-150x150.png 150w, https:\/\/www.westcam-group.com\/wp-content\/uploads\/2024\/09\/westcam-6-icon-architektur-bauwesen-300x300.png 300w, https:\/\/www.westcam-group.com\/wp-content\/uploads\/2024\/09\/westcam-6-icon-architektur-bauwesen-1024x1024.png 1024w, https:\/\/www.westcam-group.com\/wp-content\/uploads\/2024\/09\/westcam-6-icon-architektur-bauwesen.png 1181w, https:\/\/www.westcam-group.com\/wp-content\/uploads\/2024\/09\/westcam-6-icon-architektur-bauwesen-900x900.png 900w, https:\/\/www.westcam-group.com\/wp-content\/uploads\/2024\/09\/westcam-6-icon-architektur-bauwesen-600x600.png 600w\" src=\"https:\/\/www.westcam-group.com\/wp-content\/uploads\/2024\/09\/westcam-6-icon-architektur-bauwesen.png\" alt=\"\"\/><\/div><div class=\"hero-placeholder\"><\/div>\n<div class=\"wp-block-group hero-content is-layout-flow wp-block-group-is-layout-flow\">\n<div class=\"wp-block-webx-blocks-fake-heading heading-h4 hero-subtitle is-style-westcamized\" style=\"text-transform:none\">Vytvo\u0159en\u00ed robustn\u00ed infrastruktury<\/div>\n\n\n<h1 style=\"text-transform:none; margin-top:0;margin-bottom:0;\" class=\"wp-block-post-title\">Pl\u00e1nov\u00e1n\u00ed infrastruktury<\/h1>\n\n\n<p>Na\u0161e \u0159e\u0161en\u00ed pro pl\u00e1nov\u00e1n\u00ed infrastruktury v\u00e1m umo\u017en\u00ed efektivn\u011b navrhovat slo\u017eit\u00e9 dopravn\u00ed trasy, z\u00e1sobovac\u00ed s\u00edt\u011b a dal\u0161\u00ed ve\u0159ejn\u00e1 za\u0159\u00edzen\u00ed.  <\/p>\n\n\n\n<p>D\u00edky inovativn\u00edm n\u00e1stroj\u016fm pro pl\u00e1nov\u00e1n\u00ed a vizualizaci m\u016f\u017eete vytv\u00e1\u0159et robustn\u00ed infrastruktury, kter\u00e9 spl\u0148uj\u00ed po\u017eadavky budoucnosti.<\/p>\n<\/div>\n<\/div>\n<\/div>\n\n<h2 class=\"wp-block-heading\" style=\"text-transform:none\">Na\u0161e nab\u00eddka pro v\u00e1s<\/h2>\n<div style=\"margin-top:var(--wp--preset--spacing--30);margin-bottom:var(--wp--preset--spacing--50);\" class=\"wp-block-webx-post-list-webx-post-list\" data-listid=\"76485\">\n    <script class=\"webx-filter-list-config\" type=\"application\/json\">{\"postType\":\"product\",\"enableParentPost\":true,\"parentPostId\":4359,\"displayGrid\":true,\"subTitle\":\"product_category\",\"fieldOne\":\"product_category\",\"fieldTwo\":\"product_category\",\"style\":{\"spacing\":{\"margin\":{\"top\":\"var:preset|spacing|30\",\"bottom\":\"var:preset|spacing|50\"}}},\"compactGrid\":false,\"language\":\"en\",\"listId\":76485,\"postId\":5202}<\/script>\n    <div class=\"webx-post-list\" data-listid=\"76485\"><\/div>\n    \n<div class=\"wp-block-webx-post-list-webx-post-list\" style=\"margin-top:var(--wp--preset--spacing--30);margin-bottom:var(--wp--preset--spacing--50)\"><script class=\"webx-filter-list-config\" type=\"application\/json\">{\"postType\":\"product\",\"enableParentPost\":true,\"parentPostId\":4359,\"displayGrid\":true,\"subTitle\":\"product_category\",\"fieldOne\":\"product_category\",\"fieldTwo\":\"product_category\",\"language\":\"en\",\"style\":{\"spacing\":{\"margin\":{\"top\":\"var:preset|spacing|30\",\"bottom\":\"var:preset|spacing|50\"}}}}<\/script><div id=\"webx-post-list\"><\/div><div>\n\n<div class=\"wp-block-webx-post-list-webx-filters\"><div><\/div><\/div>\n\n<\/div><\/div>\n<\/div>","protected":false},"excerpt":{"rendered":"<p>Na\u0161e nab\u00eddka pro v\u00e1s<\/p>\n","protected":false},"author":2,"featured_media":16318,"parent":5194,"menu_order":21,"comment_status":"closed","ping_status":"closed","template":"","meta":{"content-type":"","footnotes":""},"competence":[2760],"class_list":["post-5202","product","type-product","status-publish","has-post-thumbnail","hentry","competence-infrastrukturplanung-cs"],"_links":{"self":[{"href":"https:\/\/www.westcam-group.com\/cs\/wp-json\/wp\/v2\/product\/5202","targetHints":{"allow":["GET"]}}],"collection":[{"href":"https:\/\/www.westcam-group.com\/cs\/wp-json\/wp\/v2\/product"}],"about":[{"href":"https:\/\/www.westcam-group.com\/cs\/wp-json\/wp\/v2\/types\/product"}],"author":[{"embeddable":true,"href":"https:\/\/www.westcam-group.com\/cs\/wp-json\/wp\/v2\/users\/2"}],"replies":[{"embeddable":true,"href":"https:\/\/www.westcam-group.com\/cs\/wp-json\/wp\/v2\/comments?post=5202"}],"version-history":[{"count":4,"href":"https:\/\/www.westcam-group.com\/cs\/wp-json\/wp\/v2\/product\/5202\/revisions"}],"predecessor-version":[{"id":38468,"href":"https:\/\/www.westcam-group.com\/cs\/wp-json\/wp\/v2\/product\/5202\/revisions\/38468"}],"up":[{"embeddable":true,"href":"https:\/\/www.westcam-group.com\/cs\/wp-json\/wp\/v2\/product\/5194"}],"wp:featuredmedia":[{"embeddable":true,"href":"https:\/\/www.westcam-group.com\/cs\/wp-json\/wp\/v2\/media\/16318"}],"wp:attachment":[{"href":"https:\/\/www.westcam-group.com\/cs\/wp-json\/wp\/v2\/media?parent=5202"}],"wp:term":[{"taxonomy":"competence","embeddable":true,"href":"https:\/\/www.westcam-group.com\/cs\/wp-json\/wp\/v2\/competence?post=5202"}],"curies":[{"name":"wp","href":"https:\/\/api.w.org\/{rel}","templated":true}]}}