{"id":5198,"date":"2024-04-24T09:49:45","date_gmt":"2024-04-24T07:49:45","guid":{"rendered":"https:\/\/westcam2023.westcam.web-crossing.com\/?post_type=product&#038;p=5198"},"modified":"2025-04-29T16:47:21","modified_gmt":"2025-04-29T14:47:21","slug":"architektura","status":"publish","type":"product","link":"https:\/\/www.westcam-group.com\/cs\/produkty\/architektura-stavebnictvi\/architektura\/","title":{"rendered":"Architektura"},"content":{"rendered":"\n<div class=\"wp-block-group alignfull has-global-padding is-layout-constrained wp-block-group-is-layout-constrained\">\n<div class=\"wp-block-webx-blocks-westcam-hero alignfull ltr\" style=\"margin-top:var(--wp--preset--spacing--50);margin-bottom:var(--wp--preset--spacing--50)\"><div class=\"hero-image\" style=\"--aspect-ratio:4 \/ 3\"> <img decoding=\"async\" srcset=\"https:\/\/www.westcam-group.com\/wp-content\/uploads\/2024\/09\/westcam-6-icon-architektur-bauwesen-150x150.png 150w, https:\/\/www.westcam-group.com\/wp-content\/uploads\/2024\/09\/westcam-6-icon-architektur-bauwesen-300x300.png 300w, https:\/\/www.westcam-group.com\/wp-content\/uploads\/2024\/09\/westcam-6-icon-architektur-bauwesen-1024x1024.png 1024w, https:\/\/www.westcam-group.com\/wp-content\/uploads\/2024\/09\/westcam-6-icon-architektur-bauwesen.png 1181w, https:\/\/www.westcam-group.com\/wp-content\/uploads\/2024\/09\/westcam-6-icon-architektur-bauwesen-900x900.png 900w, https:\/\/www.westcam-group.com\/wp-content\/uploads\/2024\/09\/westcam-6-icon-architektur-bauwesen-600x600.png 600w\" src=\"https:\/\/www.westcam-group.com\/wp-content\/uploads\/2024\/09\/westcam-6-icon-architektur-bauwesen.png\" alt=\"\"\/><\/div><div class=\"hero-placeholder\"><\/div>\n<div class=\"wp-block-group hero-content is-layout-flow wp-block-group-is-layout-flow\">\n<div class=\"wp-block-webx-blocks-fake-heading heading-h4 hero-subtitle is-style-westcamized\" style=\"text-transform:none\">V\u00fdkonn\u00e1 softwarov\u00e1 \u0159e\u0161en\u00ed pro architekty  <\/div>\n\n\n<h1 style=\"text-transform:none; margin-top:0;margin-bottom:0;\" class=\"wp-block-post-title\">Architektura<\/h1>\n\n\n<p>Na\u0161e softwarov\u00e1 \u0159e\u0161en\u00ed pro architekturu a stavebnictv\u00ed v\u00e1s podpo\u0159\u00ed v ka\u017ed\u00e9m kroku va\u0161eho projektu &#8211; od po\u010d\u00e1te\u010dn\u00edho n\u00e1padu a\u017e po hotovou budovu nebo projekt. D\u00edky nejmodern\u011bj\u0161\u00edm n\u00e1stroj\u016fm pro navrhov\u00e1n\u00ed, pl\u00e1nov\u00e1n\u00ed a spolupr\u00e1ci v\u00e1m umo\u017en\u00edme prom\u011bnit kreativn\u00ed vize v p\u0159esn\u00e9 stavebn\u00ed pl\u00e1ny.   <\/p>\n\n\n\n<p>Zjist\u011bte, jak m\u016f\u017eete sv\u00e9 stavebn\u00ed projekty realizovat efektivn\u011b a \u00fa\u010deln\u011b.<\/p>\n<\/div>\n<\/div>\n<\/div>\n\n<h2 class=\"wp-block-heading\" style=\"text-transform:none\">Na\u0161e nab\u00eddka pro v\u00e1s<\/h2>\n<div style=\"margin-top:var(--wp--preset--spacing--30);margin-bottom:var(--wp--preset--spacing--50);\" class=\"wp-block-webx-post-list-webx-post-list wp-block-webx-post-list-webx-post-list\" data-listid=\"11387\">\n    <script class=\"webx-filter-list-config\" type=\"application\/json\">{\"postType\":\"product\",\"enableParentPost\":true,\"displayGrid\":true,\"subTitle\":\"product_category\",\"fieldOne\":\"product_category\",\"fieldTwo\":\"product_category\",\"className\":\"wp-block-webx-post-list-webx-post-list\",\"style\":{\"spacing\":{\"margin\":{\"top\":\"var:preset|spacing|30\",\"bottom\":\"var:preset|spacing|50\"}}},\"compactGrid\":false,\"language\":\"en\",\"listId\":11387,\"postId\":5198}<\/script>\n    <div class=\"webx-post-list\" data-listid=\"11387\"><\/div>\n    \n<div>\n<div class=\"wp-block-webx-post-list-webx-filters\"><div><\/div><\/div>\n<\/div>\n<\/div>","protected":false},"excerpt":{"rendered":"<p>Na\u0161e nab\u00eddka pro v\u00e1s<\/p>\n","protected":false},"author":2,"featured_media":7253,"parent":5194,"menu_order":4,"comment_status":"closed","ping_status":"closed","template":"","meta":{"content-type":"","footnotes":""},"competence":[2758],"class_list":["post-5198","product","type-product","status-publish","has-post-thumbnail","hentry","competence-architektur-cs"],"_links":{"self":[{"href":"https:\/\/www.westcam-group.com\/cs\/wp-json\/wp\/v2\/product\/5198","targetHints":{"allow":["GET"]}}],"collection":[{"href":"https:\/\/www.westcam-group.com\/cs\/wp-json\/wp\/v2\/product"}],"about":[{"href":"https:\/\/www.westcam-group.com\/cs\/wp-json\/wp\/v2\/types\/product"}],"author":[{"embeddable":true,"href":"https:\/\/www.westcam-group.com\/cs\/wp-json\/wp\/v2\/users\/2"}],"replies":[{"embeddable":true,"href":"https:\/\/www.westcam-group.com\/cs\/wp-json\/wp\/v2\/comments?post=5198"}],"version-history":[{"count":3,"href":"https:\/\/www.westcam-group.com\/cs\/wp-json\/wp\/v2\/product\/5198\/revisions"}],"predecessor-version":[{"id":38488,"href":"https:\/\/www.westcam-group.com\/cs\/wp-json\/wp\/v2\/product\/5198\/revisions\/38488"}],"up":[{"embeddable":true,"href":"https:\/\/www.westcam-group.com\/cs\/wp-json\/wp\/v2\/product\/5194"}],"wp:featuredmedia":[{"embeddable":true,"href":"https:\/\/www.westcam-group.com\/cs\/wp-json\/wp\/v2\/media\/7253"}],"wp:attachment":[{"href":"https:\/\/www.westcam-group.com\/cs\/wp-json\/wp\/v2\/media?parent=5198"}],"wp:term":[{"taxonomy":"competence","embeddable":true,"href":"https:\/\/www.westcam-group.com\/cs\/wp-json\/wp\/v2\/competence?post=5198"}],"curies":[{"name":"wp","href":"https:\/\/api.w.org\/{rel}","templated":true}]}}