{"id":37486,"date":"2025-04-10T17:13:29","date_gmt":"2025-04-10T15:13:29","guid":{"rendered":"https:\/\/www.westcam-group.com\/?post_type=product&#038;p=37486"},"modified":"2025-07-24T15:45:58","modified_gmt":"2025-07-24T13:45:58","slug":"zpracovani-obrazu-2-2","status":"publish","type":"product","link":"https:\/\/www.westcam-group.com\/cs\/produkty\/zpracovani-obrazu-2-2\/","title":{"rendered":"Zpracov\u00e1n\u00ed obrazu"},"content":{"rendered":"\n<div class=\"wp-block-group alignfull has-global-padding is-layout-constrained wp-block-group-is-layout-constrained\">\n<div class=\"wp-block-webx-blocks-westcam-hero alignfull ltr\" style=\"margin-top:var(--wp--preset--spacing--50);margin-bottom:var(--wp--preset--spacing--50)\"><div class=\"hero-image\" style=\"--aspect-ratio:4 \/ 3\"> <img decoding=\"async\" srcset=\"https:\/\/www.westcam-group.com\/wp-content\/uploads\/2024\/09\/westcam-4-icon-3d-messtechnik-150x150.png 150w, https:\/\/www.westcam-group.com\/wp-content\/uploads\/2024\/09\/westcam-4-icon-3d-messtechnik-300x300.png 300w, https:\/\/www.westcam-group.com\/wp-content\/uploads\/2024\/09\/westcam-4-icon-3d-messtechnik-1024x1024.png 1024w, https:\/\/www.westcam-group.com\/wp-content\/uploads\/2024\/09\/westcam-4-icon-3d-messtechnik.png 1181w, https:\/\/www.westcam-group.com\/wp-content\/uploads\/2024\/09\/westcam-4-icon-3d-messtechnik-900x900.png 900w, https:\/\/www.westcam-group.com\/wp-content\/uploads\/2024\/09\/westcam-4-icon-3d-messtechnik-600x600.png 600w\" src=\"https:\/\/www.westcam-group.com\/wp-content\/uploads\/2024\/09\/westcam-4-icon-3d-messtechnik.png\" alt=\"\"\/><\/div><div class=\"hero-placeholder\"><\/div>\n<div class=\"wp-block-group hero-content is-layout-flow wp-block-group-is-layout-flow\">\n<div class=\"wp-block-webx-blocks-fake-heading heading-h4 hero-subtitle is-style-westcamized\" style=\"text-transform:none\">KVALITA NA PRVN\u00cd POHLED: UVID\u00cdTE TO, CO OSTATN\u00cd NEVID\u00cd<\/div>\n\n\n<h1 style=\"text-transform:none; margin-top:0;margin-bottom:0;\" class=\"wp-block-post-title\">Zpracov\u00e1n\u00ed obrazu<\/h1>\n\n\n<p><strong>Dynamick\u00e9 kontroly kvality pro detekci trhlin a<br>Inline a end-of-line kontroly kvality.<\/strong><\/p>\n\n\n\n<p><strong><br><\/strong>&#8222;Vid\u00edm, vid\u00edm to, co ty nevid\u00ed\u0161&#8220; zn\u00e1me z d\u011btstv\u00ed.<\/p>\n\n\n\n<p>Jsme odborn\u00edci na zpracov\u00e1n\u00ed obrazu a podpo\u0159\u00edme v\u00e1s na\u0161imi kamerov\u00fdmi technologiemi a softwarem naprogramovan\u00fdm individu\u00e1ln\u011b podle po\u017eadavk\u016f z\u00e1kazn\u00edka s klasick\u00fdm zpracov\u00e1n\u00edm obrazu a um\u011blou inteligenc\u00ed \/ strojov\u00fdm u\u010den\u00edm v oblasti <strong>detekce optick\u00fdch vad.<\/strong><\/p>\n<\/div>\n<\/div>\n<\/div>\n\n\n\n<h2 class=\"wp-block-heading\" style=\"text-transform:none\">Na\u0161e nab\u00eddka pro v\u00e1s<\/h2>\n\n\n<div style=\"margin-top:var(--wp--preset--spacing--30);margin-bottom:var(--wp--preset--spacing--50);\" class=\"wp-block-webx-post-list-webx-post-list wp-block-webx-post-list-webx-post-list\" data-listid=\"14067\">\n    <script class=\"webx-filter-list-config\" type=\"application\/json\">{\"postType\":\"product\",\"enableParentPost\":true,\"displayGrid\":true,\"subTitle\":\"product_category\",\"fieldOne\":\"product_category\",\"fieldTwo\":\"product_category\",\"className\":\"wp-block-webx-post-list-webx-post-list\",\"style\":{\"spacing\":{\"margin\":{\"top\":\"var:preset|spacing|30\",\"bottom\":\"var:preset|spacing|50\"}}},\"compactGrid\":false,\"language\":\"en\",\"listId\":14067,\"postId\":37486}<\/script>\n    <div class=\"webx-post-list\" data-listid=\"14067\"><\/div>\n    \n<div>\n<div class=\"wp-block-webx-post-list-webx-filters\"><div><\/div><\/div>\n<\/div>\n<\/div>","protected":false},"excerpt":{"rendered":"<p>Na\u0161e nab\u00eddka pro v\u00e1s<\/p>\n","protected":false},"author":6,"featured_media":0,"parent":0,"menu_order":0,"comment_status":"closed","ping_status":"closed","template":"","meta":{"content-type":"","footnotes":""},"competence":[],"class_list":["post-37486","product","type-product","status-publish","hentry"],"_links":{"self":[{"href":"https:\/\/www.westcam-group.com\/cs\/wp-json\/wp\/v2\/product\/37486","targetHints":{"allow":["GET"]}}],"collection":[{"href":"https:\/\/www.westcam-group.com\/cs\/wp-json\/wp\/v2\/product"}],"about":[{"href":"https:\/\/www.westcam-group.com\/cs\/wp-json\/wp\/v2\/types\/product"}],"author":[{"embeddable":true,"href":"https:\/\/www.westcam-group.com\/cs\/wp-json\/wp\/v2\/users\/6"}],"replies":[{"embeddable":true,"href":"https:\/\/www.westcam-group.com\/cs\/wp-json\/wp\/v2\/comments?post=37486"}],"version-history":[{"count":5,"href":"https:\/\/www.westcam-group.com\/cs\/wp-json\/wp\/v2\/product\/37486\/revisions"}],"predecessor-version":[{"id":40499,"href":"https:\/\/www.westcam-group.com\/cs\/wp-json\/wp\/v2\/product\/37486\/revisions\/40499"}],"wp:attachment":[{"href":"https:\/\/www.westcam-group.com\/cs\/wp-json\/wp\/v2\/media?parent=37486"}],"wp:term":[{"taxonomy":"competence","embeddable":true,"href":"https:\/\/www.westcam-group.com\/cs\/wp-json\/wp\/v2\/competence?post=37486"}],"curies":[{"name":"wp","href":"https:\/\/api.w.org\/{rel}","templated":true}]}}