{"id":34873,"date":"2024-04-24T09:31:27","date_gmt":"2024-04-24T07:31:27","guid":{"rendered":"https:\/\/www.westcam-group.com\/produkte\/technologie-3d-mereni\/software-pro-reverzni-inzenyrstvi\/"},"modified":"2025-02-25T15:28:26","modified_gmt":"2025-02-25T14:28:26","slug":"software-pro-reverzni-inzenyrstvi","status":"publish","type":"product","link":"https:\/\/www.westcam-group.com\/cs\/produkty\/technologie-3d-mereni\/software-pro-reverzni-inzenyrstvi\/","title":{"rendered":"Software pro reverzn\u00ed in\u017een\u00fdrstv\u00ed"},"content":{"rendered":"\n<div class=\"wp-block-group alignfull has-global-padding is-layout-constrained wp-block-group-is-layout-constrained\">\n<div class=\"wp-block-webx-blocks-westcam-hero alignfull ltr\" style=\"margin-top:var(--wp--preset--spacing--50);margin-bottom:var(--wp--preset--spacing--50)\"><div class=\"hero-image\" style=\"--aspect-ratio:4 \/ 3\"> <img decoding=\"async\" srcset=\"https:\/\/www.westcam-group.com\/wp-content\/uploads\/2024\/09\/westcam-4-icon-3d-messtechnik-150x150.png 150w, https:\/\/www.westcam-group.com\/wp-content\/uploads\/2024\/09\/westcam-4-icon-3d-messtechnik-300x300.png 300w, https:\/\/www.westcam-group.com\/wp-content\/uploads\/2024\/09\/westcam-4-icon-3d-messtechnik-1024x1024.png 1024w, https:\/\/www.westcam-group.com\/wp-content\/uploads\/2024\/09\/westcam-4-icon-3d-messtechnik.png 1181w, https:\/\/www.westcam-group.com\/wp-content\/uploads\/2024\/09\/westcam-4-icon-3d-messtechnik-900x900.png 900w, https:\/\/www.westcam-group.com\/wp-content\/uploads\/2024\/09\/westcam-4-icon-3d-messtechnik-600x600.png 600w\" src=\"https:\/\/www.westcam-group.com\/wp-content\/uploads\/2024\/09\/westcam-4-icon-3d-messtechnik.png\" alt=\"\"\/><\/div><div class=\"hero-placeholder\"><\/div>\n<div class=\"wp-block-group hero-content is-layout-flow wp-block-group-is-layout-flow\">\n<div class=\"wp-block-webx-blocks-fake-heading heading-h4 hero-subtitle is-style-westcamized\" style=\"text-transform:none\">Efektivn\u00ed rekonstrukce objekt\u016f<\/div>\n\n\n<h1 style=\"text-transform:none; margin-top:0;margin-bottom:0;\" class=\"wp-block-post-title\">Software pro reverzn\u00ed in\u017een\u00fdrstv\u00ed<\/h1>\n\n\n<p>D\u00edky modern\u00edm softwarov\u00fdm \u0159e\u0161en\u00edm pro reverzn\u00ed in\u017een\u00fdrstv\u00ed umo\u017e\u0148ujeme spole\u010dnostem rychle a p\u0159esn\u011b <strong>transformovat fyzick\u00e9 objekty do<\/strong> <strong>digit\u00e1ln\u00edch 3D model\u016f<\/strong>. Tyto softwarov\u00e9 n\u00e1stroje nab\u00edzej\u00ed \u0159adu <strong>v\u00fdhod pro<\/strong> \u0161irokou \u0161k\u00e1lu <strong>aplikac\u00ed<\/strong>: <\/p>\n\n\n\n<ul class=\"wp-block-list\">\n<li><strong>Rychl\u00e1 digitalizace<\/strong>: Software <strong>pro reverzn\u00ed in\u017een\u00fdrstv\u00ed<\/strong> vytv\u00e1\u0159\u00ed podrobn\u00e9 3D modely st\u00e1vaj\u00edc\u00edch sou\u010d\u00e1st\u00ed, kter\u00e9 jsou z\u00e1kladem pro reprodukce, optimalizace nebo \u00fapravy.<\/li>\n\n\n\n<li><strong>Efektivn\u00ed v\u00fdvoj produkt\u016f: D\u00edky p\u0159\u00edm\u00e9mu porovn\u00e1v\u00e1n\u00ed<\/strong> existuj\u00edc\u00edch objekt\u016f s modely CAD mohou spole\u010dnosti rychleji zav\u00e1d\u011bt vylep\u0161en\u00ed designu a rychleji uv\u00e1d\u011bt inovativn\u00ed n\u00e1pady na produkty do v\u00fdroby.<\/li>\n\n\n\n<li><strong>Zaji\u0161t\u011bn\u00ed kvality a p\u0159izp\u016fsoben\u00ed: Reverzn\u00ed in\u017een\u00fdrstv\u00ed<\/strong> umo\u017e\u0148uje p\u0159esnou anal\u00fdzu a p\u0159izp\u016fsoben\u00ed sou\u010d\u00e1st\u00ed pro zlep\u0161en\u00ed p\u0159esnosti ulo\u017een\u00ed a funk\u010dnosti &#8211; ide\u00e1ln\u00ed pro n\u00e1hradn\u00ed d\u00edly nebo optimalizaci v\u00fdrobk\u016f.<\/li>\n\n\n\n<li><strong>\u00daspora n\u00e1klad\u016f: Spole\u010dnosti<\/strong> u\u0161et\u0159\u00ed \u010das a pen\u00edze, proto\u017ee fyzick\u00e9 komponenty lze digit\u00e1ln\u011b reprodukovat a upravovat bez nutnosti n\u00e1kladn\u00e9ho nov\u00e9ho v\u00fdvoje.<\/li>\n<\/ul>\n\n\n\n<p>A\u0165 u\u017e se jedn\u00e1 o <strong>v\u00fdvoj v\u00fdrobk\u016f,<\/strong> <strong>zaji\u0161t\u011bn\u00ed kvality nebo<\/strong> <strong>optimalizaci v\u00fdroby<\/strong> &#8211; <strong>pomoc\u00ed<\/strong> softwarov\u00fdch \u0159e\u0161en\u00ed pro reverzn\u00ed in\u017een\u00fdrstv\u00ed vytv\u00e1\u0159ej\u00ed spole\u010dnosti z\u00e1klad pro inovativn\u00ed, efektivn\u00ed a n\u00e1kladov\u011b efektivn\u00ed procesy.<\/p>\n\n\n\n<figure class=\"wp-block-image size-full\"><img loading=\"lazy\" decoding=\"async\" width=\"570\" height=\"207\" src=\"https:\/\/www.westcam-group.com\/wp-content\/uploads\/2024\/04\/ZEISSCertifiedMetrologyPartner.jpg\" alt=\"\" class=\"wp-image-21005\" srcset=\"https:\/\/www.westcam-group.com\/wp-content\/uploads\/2024\/04\/ZEISSCertifiedMetrologyPartner.jpg 570w, https:\/\/www.westcam-group.com\/wp-content\/uploads\/2024\/04\/ZEISSCertifiedMetrologyPartner-300x109.jpg 300w\" sizes=\"auto, (max-width: 570px) 100vw, 570px\" \/><\/figure>\n<\/div>\n<\/div>\n<\/div>\n\n<h2 class=\"wp-block-heading\" style=\"text-transform:none\">Na\u0161e nab\u00eddka pro v\u00e1s<\/h2>\n<div style=\"margin-top:var(--wp--preset--spacing--30);margin-bottom:var(--wp--preset--spacing--50);\" class=\"wp-block-webx-post-list-webx-post-list wp-block-webx-post-list-webx-post-list\" data-listid=\"13711\">\n    <script class=\"webx-filter-list-config\" type=\"application\/json\">{\"postType\":\"product\",\"enableParentPost\":true,\"displayGrid\":true,\"subTitle\":\"product_category\",\"fieldOne\":\"product_category\",\"fieldTwo\":\"product_category\",\"className\":\"wp-block-webx-post-list-webx-post-list\",\"style\":{\"spacing\":{\"margin\":{\"top\":\"var:preset|spacing|30\",\"bottom\":\"var:preset|spacing|50\"}}},\"compactGrid\":false,\"language\":\"en\",\"listId\":13711,\"postId\":34873}<\/script>\n    <div class=\"webx-post-list\" data-listid=\"13711\"><\/div>\n    \n<div>\n<div class=\"wp-block-webx-post-list-webx-filters\"><div><\/div><\/div>\n<\/div>\n<\/div>","protected":false},"excerpt":{"rendered":"<p>Pomoc\u00ed modern\u00edch softwarov\u00fdch \u0159e\u0161en\u00ed RE lze fyzick\u00e9 objekty rychle a p\u0159esn\u011b p\u0159ev\u00e9st na digit\u00e1ln\u00ed 3D modely CAD.<\/p>\n","protected":false},"author":2,"featured_media":20102,"parent":34742,"menu_order":13,"comment_status":"closed","ping_status":"closed","template":"","meta":{"content-type":"","footnotes":""},"competence":[2751],"class_list":["post-34873","product","type-product","status-publish","has-post-thumbnail","hentry","competence-reverse-engineering-software-cs"],"_links":{"self":[{"href":"https:\/\/www.westcam-group.com\/cs\/wp-json\/wp\/v2\/product\/34873","targetHints":{"allow":["GET"]}}],"collection":[{"href":"https:\/\/www.westcam-group.com\/cs\/wp-json\/wp\/v2\/product"}],"about":[{"href":"https:\/\/www.westcam-group.com\/cs\/wp-json\/wp\/v2\/types\/product"}],"author":[{"embeddable":true,"href":"https:\/\/www.westcam-group.com\/cs\/wp-json\/wp\/v2\/users\/2"}],"replies":[{"embeddable":true,"href":"https:\/\/www.westcam-group.com\/cs\/wp-json\/wp\/v2\/comments?post=34873"}],"version-history":[{"count":3,"href":"https:\/\/www.westcam-group.com\/cs\/wp-json\/wp\/v2\/product\/34873\/revisions"}],"predecessor-version":[{"id":40283,"href":"https:\/\/www.westcam-group.com\/cs\/wp-json\/wp\/v2\/product\/34873\/revisions\/40283"}],"up":[{"embeddable":true,"href":"https:\/\/www.westcam-group.com\/cs\/wp-json\/wp\/v2\/product\/34742"}],"wp:featuredmedia":[{"embeddable":true,"href":"https:\/\/www.westcam-group.com\/cs\/wp-json\/wp\/v2\/media\/20102"}],"wp:attachment":[{"href":"https:\/\/www.westcam-group.com\/cs\/wp-json\/wp\/v2\/media?parent=34873"}],"wp:term":[{"taxonomy":"competence","embeddable":true,"href":"https:\/\/www.westcam-group.com\/cs\/wp-json\/wp\/v2\/competence?post=34873"}],"curies":[{"name":"wp","href":"https:\/\/api.w.org\/{rel}","templated":true}]}}