{"id":34842,"date":"2024-08-08T12:03:07","date_gmt":"2024-08-08T10:03:07","guid":{"rendered":"https:\/\/www.westcam-group.com\/produkte\/mechatronika-robotika\/automatizacni-reseni\/system-pocitani\/"},"modified":"2025-04-29T16:45:16","modified_gmt":"2025-04-29T14:45:16","slug":"system-pocitani","status":"publish","type":"product","link":"https:\/\/www.westcam-group.com\/cs\/produkty\/mechatronika-robotika\/automatizacni-reseni\/system-pocitani\/","title":{"rendered":"Syst\u00e9m po\u010d\u00edt\u00e1n\u00ed"},"content":{"rendered":"\n<div style=\"background-image:url(&apos;https:\/\/www.westcam-group.com\/wp-content\/uploads\/2024\/03\/bggrid.webp&apos;);background-position:50% 50%;background-repeat:no-repeat;background-size:contain;\" class=\"wp-block-group has-global-padding is-layout-constrained wp-container-core-group-is-layout-9f245e94 wp-block-group-is-layout-constrained has-background\">\n<div class=\"wp-block-webx-blocks-grid is-layout-grid wp-container-webx-blocks-grid-is-layout-8c8cfa07 wp-block-webx-blocks-grid-is-layout-grid\" style=\"margin-top:var(--wp--preset--spacing--50);margin-bottom:var(--wp--preset--spacing--50);--grid-columns-desktop:2;--grid-columns-tablet:2;--grid-columns-mobile:1\">\n<div class=\"wp-block-webx-blocks-grid-item is-layout-flow wp-block-webx-blocks-grid-item-is-layout-flow\" style=\"padding-top:var(--wp--preset--spacing--30);padding-right:var(--wp--preset--spacing--10);padding-bottom:var(--wp--preset--spacing--10);padding-left:var(--wp--preset--spacing--10);--grid-area-desktop:auto \/ auto \/ auto \/ auto;--grid-area-tablet:auto \/ auto \/ auto \/ auto;--grid-area-mobile:auto \/ auto \/ auto \/ auto\">\n<div class=\"wp-block-webx-blocks-fake-heading heading-h4 is-style-westcamized\" style=\"text-transform:none\">V\u00e1\u0161 \u00fasp\u011bch se &#8222;po\u010d\u00edt\u00e1&#8220;<\/div>\n\n\n\n<h1 class=\"wp-block-heading hero-title has-xx-large-font-size\" style=\"margin-top:var(--wp--preset--spacing--20);margin-bottom:var(--wp--preset--spacing--20);line-height:1;text-transform:none\">WESTCAM-Counting system<\/h1>\n\n\n\n<p><strong>P\u0159esn\u00e1 detekce a automatick\u00e9 po\u010d\u00edt\u00e1n\u00ed mal\u00fdch p\u0159edm\u011bt\u016f bez ohledu na jejich tvar a materi\u00e1l.<\/strong><\/p>\n\n\n\n<p>Jak vyb\u00edr\u00e1te a bal\u00edte mal\u00e9 d\u00edly? V\u00e1\u017e\u00edte, odhadujete nebo po\u010d\u00edt\u00e1te ru\u010dn\u011b? Jak dlouho v\u00e1m to trv\u00e1 a jak jste p\u0159esn\u00ed?    <\/p>\n\n\n\n<p><strong>Existuje jednodu\u0161\u0161\u00ed zp\u016fsob: syst\u00e9m WESTCAM-Counting.<\/strong><\/p>\n\n\n\n<p>Va\u0161e d\u00edly jsou stejn\u011b individu\u00e1ln\u00ed jako \u0159e\u0161en\u00ed pro automatizaci procesu po\u010d\u00edt\u00e1n\u00ed a vychyst\u00e1v\u00e1n\u00ed. Pov\u011bzte n\u00e1m o sv\u00fdch procesech a rozmanitosti d\u00edl\u016f. R\u00e1di v\u00e1m porad\u00edme s mo\u017enostmi pln\u011b automatizovan\u00e9ho po\u010d\u00edt\u00e1n\u00ed mal\u00fdch d\u00edl\u016f.    <\/p>\n\n\n\n<p><strong>P\u0159i vysok\u00e9 rychlosti jsou spolehliv\u011b zaznamen\u00e1v\u00e1ny a automaticky po\u010d\u00edt\u00e1ny komponenty v jejich slo\u017eit\u00e9 tvarov\u00e9 rozmanitosti<\/strong>:<\/p>\n\n\n\n<ul class=\"wp-block-list\">\n<li>Na\u0161e reference v dent\u00e1ln\u00edm pr\u016fmyslu po\u010d\u00edt\u00e1 a\u017e s 8 mal\u00fdmi d\u00edly za sekundu\/jednotliv\u00fd modul &#8211; v z\u00e1vislosti na velikosti a slo\u017eitosti a &gt; 20 000 mal\u00fdch d\u00edl\u016f za hodinu\/modul.<\/li>\n\n\n\n<li>S p\u0159esnost\u00ed &gt; 99 % od mno\u017estv\u00ed n\u00e1pln\u011b 1 000 kus\u016f.<\/li>\n<\/ul>\n\n\n\n<div class=\"wp-block-buttons is-layout-flex wp-block-buttons-is-layout-flex\" style=\"margin-top:var(--wp--preset--spacing--20);margin-bottom:var(--wp--preset--spacing--20)\">\n<div class=\"wp-block-button\"><a class=\"wp-block-button__link wp-element-button\" href=\"#free-version\">Po\u017e\u00e1dat nyn\u00ed<\/a><\/div>\n<\/div>\n\n\n\n<p class=\"has-contrast-3-color has-text-color has-link-color wp-elements-adbc6e4a38044f69d82902ccf40caeab\">Mohlo by v\u00e1s zaj\u00edmat i toto<strong>: <\/strong>  <\/p>\n\n\n\n<p class=\"has-accent-2-color has-text-color has-link-color wp-elements-c7a1b6d246fff5eda4ea1af215c157f1\"><strong><a href=\"https:\/\/www.westcam-group.com\/cs\/produkte\/mechatronika-robotika\/automatizacni-reseni\/tridici-system-pro-male-dily\/\" target=\"_blank\" data-type=\"product\" data-id=\"4615\" rel=\"noreferrer noopener\"><span class=\"add-arrow\">T\u0159\u00eddic\u00ed syst\u00e9m pro mal\u00e9 d\u00edly  <\/span><\/a><\/strong><\/p>\n<\/div>\n\n\n\n<div class=\"wp-block-webx-blocks-grid-item is-layout-flow wp-container-webx-blocks-grid-item-is-layout-69fcd244 wp-block-webx-blocks-grid-item-is-layout-flow\" style=\"padding-top:0;padding-right:0;padding-bottom:0;padding-left:0;--grid-area-desktop:auto \/ auto \/ auto \/ auto;--grid-area-tablet:auto \/ auto \/ auto \/ auto;--grid-area-mobile:auto \/ auto \/ auto \/ auto\">\n<figure class=\"wp-block-image aligncenter size-full is-style-default\"><img loading=\"lazy\" decoding=\"async\" width=\"2560\" height=\"1707\" src=\"https:\/\/www.westcam-group.com\/wp-content\/uploads\/2024\/08\/AdobeStock_63319098-scaled.jpeg\" alt=\"\" class=\"wp-image-19428\" srcset=\"https:\/\/www.westcam-group.com\/wp-content\/uploads\/2024\/08\/AdobeStock_63319098-scaled.jpeg 2560w, https:\/\/www.westcam-group.com\/wp-content\/uploads\/2024\/08\/AdobeStock_63319098-300x200.jpeg 300w, https:\/\/www.westcam-group.com\/wp-content\/uploads\/2024\/08\/AdobeStock_63319098-1024x683.jpeg 1024w, https:\/\/www.westcam-group.com\/wp-content\/uploads\/2024\/08\/AdobeStock_63319098-768x512.jpeg 768w, https:\/\/www.westcam-group.com\/wp-content\/uploads\/2024\/08\/AdobeStock_63319098-1536x1024.jpeg 1536w, https:\/\/www.westcam-group.com\/wp-content\/uploads\/2024\/08\/AdobeStock_63319098-2048x1365.jpeg 2048w, https:\/\/www.westcam-group.com\/wp-content\/uploads\/2024\/08\/AdobeStock_63319098-1350x900.jpeg 1350w, https:\/\/www.westcam-group.com\/wp-content\/uploads\/2024\/08\/AdobeStock_63319098-900x600.jpeg 900w\" sizes=\"auto, (max-width: 2560px) 100vw, 2560px\" \/><\/figure>\n\n\n\n<div class=\"wp-block-group hero-violet has-accent-2-background-color has-background is-layout-flow wp-block-group-is-layout-flow\" style=\"padding-top:var(--wp--preset--spacing--30);padding-right:var(--wp--preset--spacing--30);padding-bottom:var(--wp--preset--spacing--30);padding-left:var(--wp--preset--spacing--30)\">\n<div class=\"wp-block-webx-blocks-fake-heading heading-h4 hero-subtitle has-base-color has-text-color\">Nejd\u016fle\u017eit\u011bj\u0161\u00ed informace<\/div>\n\n\n\n<ul class=\"wp-block-list hero-bullet-list-items is-style-westcam-list has-base-color has-accent-2-background-color has-text-color has-background has-link-color wp-elements-5d532986b5dd903d87fb552d4a1c29ea\">\n<li>Ovl\u00e1d\u00e1n\u00ed syst\u00e9mu pomoc\u00ed dotykov\u00e9ho panelu a zobrazen\u00ed v\u00fdsledk\u016f m\u011b\u0159en\u00ed<\/li>\n\n\n\n<li>N\u00e1sledn\u00fd proces t\u0159\u00edd\u011bn\u00ed pro &#8222;sm\u00ed\u0161enou v\u00fdrobu&#8220;<\/li>\n\n\n\n<li>Odd\u011blov\u00e1n\u00ed d\u00edl\u016f a automatick\u00e1 regulace rychlosti<\/li>\n\n\n\n<li>\u010cist\u011b elektrick\u00e9 pohony (bez nutnosti stla\u010den\u00e9ho vzduchu)<\/li>\n<\/ul>\n<\/div>\n<\/div>\n<\/div>\n<\/div>\n\n<div class=\"wp-block-group has-global-padding is-layout-constrained wp-container-core-group-is-layout-00189ab9 wp-block-group-is-layout-constrained\">\n<div class=\"wp-block-media-text is-stacked-on-mobile is-image-fill\" style=\"margin-top:var(--wp--preset--spacing--50);margin-right:0;margin-bottom:var(--wp--preset--spacing--50);margin-left:0;padding-right:0;padding-left:0\"><figure class=\"wp-block-media-text__media\" style=\"background-image:url(https:\/\/www.westcam-group.com\/wp-content\/uploads\/2024\/04\/westcam-sortieranlage-kleinteile-1024x683.jpg);background-position:50% 50%\"><img loading=\"lazy\" decoding=\"async\" width=\"1024\" height=\"683\" src=\"https:\/\/www.westcam-group.com\/wp-content\/uploads\/2024\/04\/westcam-sortieranlage-kleinteile-1024x683.jpg\" alt=\"\" class=\"wp-image-23809 size-full\" srcset=\"https:\/\/www.westcam-group.com\/wp-content\/uploads\/2024\/04\/westcam-sortieranlage-kleinteile-1024x683.jpg 1024w, https:\/\/www.westcam-group.com\/wp-content\/uploads\/2024\/04\/westcam-sortieranlage-kleinteile-300x200.jpg 300w, https:\/\/www.westcam-group.com\/wp-content\/uploads\/2024\/04\/westcam-sortieranlage-kleinteile-768x512.jpg 768w, https:\/\/www.westcam-group.com\/wp-content\/uploads\/2024\/04\/westcam-sortieranlage-kleinteile-1536x1024.jpg 1536w, https:\/\/www.westcam-group.com\/wp-content\/uploads\/2024\/04\/westcam-sortieranlage-kleinteile-1350x900.jpg 1350w, https:\/\/www.westcam-group.com\/wp-content\/uploads\/2024\/04\/westcam-sortieranlage-kleinteile-900x600.jpg 900w, https:\/\/www.westcam-group.com\/wp-content\/uploads\/2024\/04\/westcam-sortieranlage-kleinteile.jpg 1620w\" sizes=\"auto, (max-width: 1024px) 100vw, 1024px\" \/><\/figure><div class=\"wp-block-media-text__content\">\n<h2 class=\"wp-block-heading\" style=\"text-transform:none\">Je\u0161t\u011b v\u00e1\u017e\u00edte, nebo u\u017e po\u010d\u00edt\u00e1te?<\/h2>\n\n\n\n<p>Dv\u011b r\u016fzn\u00e9 funkce:<\/p>\n\n\n\n<h5 class=\"wp-block-heading\"><strong>&#8211; Vyb\u00edr\u00e1n\u00ed:<\/strong><\/h5>\n\n\n\n<p>Mal\u00e9 d\u00edly se po\u010d\u00edtaj\u00ed a\u017e do nastaviteln\u00e9 hodnoty. Pot\u00e9 po\u010d\u00edtac\u00ed \u017elab zastav\u00ed tok. Typick\u00e9 pou\u017eit\u00ed: Po\u010d\u00edt\u00e1n\u00ed a d\u00e1vkov\u00e1n\u00ed definovan\u00e9ho po\u010dtu d\u00edl\u016f z v\u011bt\u0161\u00edho mno\u017estv\u00ed.    <\/p>\n\n\n\n<p>Voliteln\u011b s p\u0159ipojen\u00fdm balic\u00edm syst\u00e9mem a automatick\u00fdm etiketov\u00e1n\u00edm.<\/p>\n\n\n\n<h5 class=\"wp-block-heading\"><strong>&#8211; Projd\u011bte si po\u010d\u00edt\u00e1n\u00ed:<\/strong><\/h5>\n\n\n\n<p>Vypln\u011bn\u00e9 mal\u00e9 \u010d\u00e1sti jsou zcela propo\u010d\u00edt\u00e1ny. Typick\u00e9 pou\u017eit\u00ed: Po\u010d\u00edt\u00e1n\u00ed d\u00edl\u016f p\u0159i inventarizaci.   <\/p>\n<\/div><\/div>\n<\/div>\n\n<figure class=\"wp-block-image aligncenter size-large\"><img loading=\"lazy\" decoding=\"async\" width=\"1024\" height=\"683\" src=\"https:\/\/www.westcam-group.com\/wp-content\/uploads\/2024\/08\/westcam-zaehlanlage-kleinteile-1024x683.jpeg\" alt=\"\" class=\"wp-image-23846\" srcset=\"https:\/\/www.westcam-group.com\/wp-content\/uploads\/2024\/08\/westcam-zaehlanlage-kleinteile-1024x683.jpeg 1024w, https:\/\/www.westcam-group.com\/wp-content\/uploads\/2024\/08\/westcam-zaehlanlage-kleinteile-300x200.jpeg 300w, https:\/\/www.westcam-group.com\/wp-content\/uploads\/2024\/08\/westcam-zaehlanlage-kleinteile-768x512.jpeg 768w, https:\/\/www.westcam-group.com\/wp-content\/uploads\/2024\/08\/westcam-zaehlanlage-kleinteile-1536x1024.jpeg 1536w, https:\/\/www.westcam-group.com\/wp-content\/uploads\/2024\/08\/westcam-zaehlanlage-kleinteile-1350x900.jpeg 1350w, https:\/\/www.westcam-group.com\/wp-content\/uploads\/2024\/08\/westcam-zaehlanlage-kleinteile-900x600.jpeg 900w, https:\/\/www.westcam-group.com\/wp-content\/uploads\/2024\/08\/westcam-zaehlanlage-kleinteile.jpeg 1620w\" sizes=\"auto, (max-width: 1024px) 100vw, 1024px\" \/><\/figure>\n\n<div class=\"wp-block-group has-global-padding is-layout-constrained wp-container-core-group-is-layout-baed9f38 wp-block-group-is-layout-constrained\" style=\"margin-top:var(--wp--preset--spacing--60);margin-bottom:var(--wp--preset--spacing--60)\">\n<h3 class=\"wp-block-heading\" style=\"margin-top:var(--wp--preset--spacing--20);margin-right:0;margin-bottom:var(--wp--preset--spacing--20);margin-left:0;text-transform:none\">\u010casto kladen\u00e9 ot\u00e1zky (FAQ)<\/h3>\n\n\n\n<script type=\"application\/ld+json\">{\"@context\":\"https:\/\/schema.org\",\"@type\":\"FAQPage\",\"mainEntity\":[{\"@type\":\"Question\",\"name\":\"Was sind die Vorteile einer Z\u00e4hlanlage f\u00fcr Kleinteile in der Produktion?\",\"acceptedAnswer\":{\"@type\":\"Answer\",\"text\":\"Durch die Varianz der spezifischen Gewichte gleicher Bauteile kommt es beim Prozess \u201eZ\u00e4hlen durch Wiegen\u201c zu ungewollten Abweichungen bei der kommissionierten Menge. Dieser Umstand f\u00fchrt dazu, dass Wiegevorg\u00e4nge durch Z\u00e4hlvorg\u00e4nge zu ersetzen sind.Durch unsere Z\u00e4hlanlage erm\u00f6glichen wir eine Steigerung der Effizienz und Genauigkeit. Automatisierte Z\u00e4hlprozesse reduzieren das Risiko von Z\u00e4hlfehlern, sparen Zeit und Kosten und unterst\u00fctzen somit die Produktions- und Lieferkettenprozesse.\"}},{\"@type\":\"Question\",\"name\":\"Wie schnell kann die Z\u00e4hlanlage z\u00e4hlen?\",\"acceptedAnswer\":{\"@type\":\"Answer\",\"text\":\"Mit Hochgeschwindigkeit werden Bauteile in ihrer komplexen Formenvielfalt verl\u00e4sslich erfasst und automatisch gez\u00e4hlt. Abh\u00e4ngig von der Vereinzelungseigenschaft der Bauteile k\u00f6nnen &gt; 20.000 Kleinteile pro Stunde\/Modul mit einer Genauigkeit&nbsp; &gt; 99 % ab einer F\u00fcllmenge von 1.000 St\u00fcck gez\u00e4hlt werden.\"}}]}<\/script><div class=\"wp-block-webx-blocks-accordion\">\n<div class=\"accordion\" id=\"was-sind-die-vorteile-einer-zhlanlage-fr-kleinteile-in-der-produktion\"><h2 class=\"title faq-title\" itemprop=\"name\"><a href=\"#was-sind-die-vorteile-einer-zhlanlage-fr-kleinteile-in-der-produktion\">Jak\u00e9 jsou v\u00fdhody syst\u00e9mu po\u010d\u00edt\u00e1n\u00ed mal\u00fdch d\u00edl\u016f ve v\u00fdrob\u011b?<\/a><\/h2><div class=\"content\"><div class=\"wrapper\">\n<p>Vzhledem k rozd\u00edl\u016fm ve specifick\u00fdch hmotnostech stejn\u00fdch slo\u017eek vede proces &#8222;po\u010d\u00edt\u00e1n\u00ed v\u00e1\u017een\u00edm&#8220; k ne\u017e\u00e1douc\u00edm odchylk\u00e1m v odebran\u00e9m mno\u017estv\u00ed. V d\u016fsledku toho je t\u0159eba procesy v\u00e1\u017een\u00ed nahradit procesy po\u010d\u00edt\u00e1n\u00ed.   <\/p>\n\n\n\n<p>N\u00e1\u0161 syst\u00e9m po\u010d\u00edt\u00e1n\u00ed n\u00e1m umo\u017e\u0148uje zv\u00fd\u0161it efektivitu a p\u0159esnost. Automatizovan\u00e9 procesy po\u010d\u00edt\u00e1n\u00ed sni\u017euj\u00ed riziko chyb p\u0159i po\u010d\u00edt\u00e1n\u00ed, \u0161et\u0159\u00ed \u010das a n\u00e1klady, a t\u00edm podporuj\u00ed v\u00fdrobn\u00ed a dodavatelsk\u00e9 procesy.   <\/p>\n<\/div><\/div><\/div>\n\n\n\n<div class=\"accordion\" id=\"wie-schnell-kann-die-zhlanlage-zhlen\"><h2 class=\"title faq-title\" itemprop=\"name\"><a href=\"#wie-schnell-kann-die-zhlanlage-zhlen\">Jak rychle um\u00ed syst\u00e9m Counting po\u010d\u00edtat?<\/a><\/h2><div class=\"content\"><div class=\"wrapper\">\n<p>Komponenty v jejich slo\u017eit\u00e9 tvarov\u00e9 rozmanitosti jsou spolehliv\u011b zaznamen\u00e1v\u00e1ny a automaticky po\u010d\u00edt\u00e1ny vysokou rychlost\u00ed. V z\u00e1vislosti na separa\u010dn\u00edch vlastnostech komponent lze &gt; po\u010d\u00edtat 20 000 mal\u00fdch d\u00edl\u016f za hodinu\/modul s p\u0159esnost\u00ed &gt; 99 % z pln\u00edc\u00edho mno\u017estv\u00ed 1 000 kus\u016f.   <\/p>\n<\/div><\/div><\/div>\n<\/div>\n<\/div>\n\n<div class=\"wp-block-group has-global-padding is-layout-constrained wp-container-core-group-is-layout-19e250f3 wp-block-group-is-layout-constrained\">\n<div id=\"free-version\" class=\"wp-block-group has-base-color has-contrast-background-color has-text-color has-background has-link-color wp-elements-967464b888cdb78ceb48ae32fd9d774b has-global-padding is-layout-constrained wp-container-core-group-is-layout-d2702112 wp-block-group-is-layout-constrained\" style=\"padding-top:var(--wp--preset--spacing--30);padding-right:var(--wp--preset--spacing--40);padding-bottom:var(--wp--preset--spacing--30);padding-left:var(--wp--preset--spacing--40)\">\n<h3 class=\"wp-block-heading has-base-color has-text-color has-link-color wp-elements-05aff5d145fb26661d8a554b35b2cffa\" style=\"text-transform:none\">Porad\u00edme v\u00e1m osobn\u011b!<\/h3>\n\n\n\n<div class=\"wpcf7 no-js\" id=\"wpcf7-f36538-o1\" lang=\"cs-CZ\" dir=\"ltr\" data-wpcf7-id=\"36538\">\n<div class=\"screen-reader-response\"><p role=\"status\" aria-live=\"polite\" aria-atomic=\"true\"><\/p> <ul><\/ul><\/div>\n<form action=\"\/cs\/wp-json\/wp\/v2\/product\/34842#wpcf7-f36538-o1\" method=\"post\" class=\"wpcf7-form init\" aria-label=\"Kontaktn\u00ed formul\u00e1\u0159\" novalidate=\"novalidate\" data-status=\"init\">\n<fieldset class=\"hidden-fields-container\"><input type=\"hidden\" name=\"_wpcf7\" value=\"36538\" \/><input type=\"hidden\" name=\"_wpcf7_version\" value=\"6.1.5\" \/><input type=\"hidden\" name=\"_wpcf7_locale\" value=\"cs_CZ\" \/><input type=\"hidden\" name=\"_wpcf7_unit_tag\" value=\"wpcf7-f36538-o1\" \/><input type=\"hidden\" name=\"_wpcf7_container_post\" value=\"0\" \/><input type=\"hidden\" name=\"_wpcf7_posted_data_hash\" value=\"\" \/><input type=\"hidden\" name=\"_wpcf7dtx_version\" value=\"5.0.5\" \/><input type=\"hidden\" name=\"_wpcf7_recaptcha_response\" value=\"\" \/>\n<\/fieldset>\n<h3 class=\"heading\">  Dotaz <label class=\"wpcf7-form-control wpcf7-label wpcf7dtx wpcf7dtx-label\" for=\"Syst\u00e9m po\u010d\u00edt\u00e1n\u00ed\">Syst\u00e9m po\u010d\u00edt\u00e1n\u00ed<\/label><span class=\"wpcf7-form-control-wrap dynamic_hidden-post-title\" data-name=\"dynamic_hidden-post-title\"><input type=\"hidden\" name=\"dynamic_hidden-post-title\" class=\"wpcf7-form-control wpcf7-hidden wpcf7dtx wpcf7dtx-hidden\" aria-invalid=\"false\" value=\"Syst\u00e9m po\u010d\u00edt\u00e1n\u00ed\"><\/span><\/h3>\n\n<label>  N\u00e1zev\n    <span class=\"wpcf7-form-control-wrap\" data-name=\"fullname\"><input size=\"40\" maxlength=\"400\" class=\"wpcf7-form-control wpcf7-text\" aria-invalid=\"false\" value=\"\" type=\"text\" name=\"fullname\" \/><\/span> <\/label>\n\n<label>  E-mailov\u00e1 adresa*\n    <span class=\"wpcf7-form-control-wrap\" data-name=\"email\"><input size=\"40\" maxlength=\"400\" class=\"wpcf7-form-control wpcf7-email wpcf7-validates-as-required wpcf7-text wpcf7-validates-as-email\" aria-required=\"true\" aria-invalid=\"false\" value=\"\" type=\"email\" name=\"email\" \/><\/span> <\/label>\n\n<label>  Spole\u010dnost\n    <span class=\"wpcf7-form-control-wrap\" data-name=\"unternehmen\"><input size=\"40\" maxlength=\"400\" class=\"wpcf7-form-control wpcf7-text\" aria-invalid=\"false\" value=\"\" type=\"text\" name=\"unternehmen\" \/><\/span> <\/label>\n\n<label>  Va\u0161e zpr\u00e1va*\n    <span class=\"wpcf7-form-control-wrap\" data-name=\"nachricht\"><textarea cols=\"40\" rows=\"10\" maxlength=\"2000\" class=\"wpcf7-form-control wpcf7-textarea wpcf7-validates-as-required\" aria-required=\"true\" aria-invalid=\"false\" name=\"nachricht\"><\/textarea><\/span> <\/label>\n\n<span class=\"wpcf7-form-control-wrap dynamic_hidden_page_url\" data-name=\"dynamic_hidden_page_url\"><input type=\"hidden\" name=\"dynamic_hidden_page_url\" class=\"wpcf7-form-control wpcf7-hidden wpcf7dtx wpcf7dtx-hidden\" aria-invalid=\"false\" value=\"https:\/\/www.westcam-group.com\/cs\/wp-json\/wp\/v2\/product\/34842\"><\/span>\n\n<input class=\"wpcf7-form-control wpcf7-submit has-spinner\" type=\"submit\" value=\"Odeslat\" \/>\n\n[odpov\u011b\u010f]<div class=\"wpcf7-response-output\" aria-hidden=\"true\"><\/div>\n<\/form>\n<\/div>\n\n<\/div>\n\n\n\n<div id=\"ansprechpartner\" class=\"wp-block-group has-base-2-background-color has-background has-global-padding is-layout-constrained wp-container-core-group-is-layout-16946a23 wp-block-group-is-layout-constrained\" style=\"margin-top:0;margin-bottom:0;padding-top:var(--wp--preset--spacing--30);padding-right:var(--wp--preset--spacing--30);padding-bottom:var(--wp--preset--spacing--30);padding-left:var(--wp--preset--spacing--30)\">\n<div class=\"wp-block-group has-base-2-background-color has-background has-global-padding is-layout-constrained wp-container-core-group-is-layout-19e250f3 wp-block-group-is-layout-constrained\">\n<h2 class=\"wp-block-heading\" style=\"text-transform:none\">R\u00e1di jsme tu pro v\u00e1s<\/h2>\n<\/div>\n\n\n<div class=\"wp-block-webx-blocks-westcam-employee-display\">\n    <div class=\"employee-image\">\n        <img decoding=\"async\" src=\"https:\/\/www.westcam-group.com\/wp-content\/uploads\/2022\/02\/Harald.Unterrainer.CEO_.png\" alt=Harald Unterrainer \/>\n    <\/div>\n    <div class=\"employee-info\">\n        <div class=\"heading-h3\">Harald Unterrainer<\/div>\n        <div class=\"heading-h5 is-style-westcamized\">Gener\u00e1ln\u00ed \u0159editel WESTCAM Technologies GmbH<\/div>\n    <\/div>\n    <div class=\"employee-social\">\n        <div class=\"icons\">\n                        <a href=https:\/\/www.linkedin.com\/in\/mag-harald-unterrainer-mba-cse-b0829214\/ title=\"Harald Unterrainer on linkedIn\"\n                target=\"_blank\" rel=\"noopener noreferrer\">\n                <?xml version=\"1.0\" encoding=\"UTF-8\" standalone=\"no\"?>\n                <!DOCTYPE svg PUBLIC \"-\/\/W3C\/\/DTD SVG 1.1\/\/EN\" \"http:\/\/www.w3.org\/Graphics\/SVG\/1.1\/DTD\/svg11.dtd\"><svg\n                    width=\"100%\" height=\"100%\" viewBox=\"0 0 248 204\" version=\"1.1\" xmlns=\"http:\/\/www.w3.org\/2000\/svg\"\n                    xmlns:xlink=\"http:\/\/www.w3.org\/1999\/xlink\" xml:space=\"preserve\" xmlns:serif=\"http:\/\/www.serif.com\/\"\n                    style=\"fill-rule:evenodd;clip-rule:evenodd;stroke-linejoin:round;stroke-miterlimit:2;\">\n                    <path\n                        d=\"M226,204l-41.916,0l0,-71.392c0,-19.573 -7.437,-30.512 -22.93,-30.512c-16.854,0 -25.659,11.383 -25.659,30.512l-0,71.392l-40.395,0l-0,-136l40.395,-0l-0,18.319c-0,0 12.146,-22.474 41.006,-22.474c28.847,-0 49.499,17.616 49.499,54.048l0,86.107Zm-179.091,-153.808c-13.759,-0 -24.909,-11.237 -24.909,-25.096c0,-13.859 11.15,-25.096 24.909,-25.096c13.759,-0 24.902,11.237 24.902,25.096c0,13.859 -11.143,25.096 -24.902,25.096Zm-20.858,153.808l42.121,0l0,-136l-42.121,-0l-0,136Z\" \/>\n                <\/svg>\n            <\/a>\n                                    <a href=\"\/vcard\/33808\" title=\"Download vCard\"\n                class=\"vcard-button\">\n                <svg xmlns=\"http:\/\/www.w3.org\/2000\/svg\" width=\"32.143\" height=\"25\" viewBox=\"0 0 32.143 25\">\n                    <path id=\"address-card-solid\"\n                        d=\"M3.571,32A3.575,3.575,0,0,0,0,35.571V53.429A3.575,3.575,0,0,0,3.571,57h25a3.575,3.575,0,0,0,3.571-3.571V35.571A3.575,3.575,0,0,0,28.571,32ZM8.036,46.286h3.571a4.463,4.463,0,0,1,4.464,4.464.9.9,0,0,1-.893.893H4.464a.9.9,0,0,1-.893-.893A4.463,4.463,0,0,1,8.036,46.286ZM6.25,40.929A3.571,3.571,0,1,1,9.821,44.5,3.571,3.571,0,0,1,6.25,40.929Zm14.286-1.786h7.143a.893.893,0,0,1,0,1.786H20.536a.893.893,0,0,1,0-1.786Zm0,3.571h7.143a.893.893,0,0,1,0,1.786H20.536a.893.893,0,0,1,0-1.786Zm0,3.571h7.143a.893.893,0,0,1,0,1.786H20.536a.893.893,0,0,1,0-1.786Z\"\n                        transform=\"translate(0 -32)\" fill=\"#111\" \/>\n                <\/svg>\n            <\/a>\n        <\/div>\n    <\/div>\n    <div class=\"employee-contact\">\n                <a href=\"tel:+43 5223 55509 132\">\n            <div class=\" employee-phone\">\n                <svg xmlns=\"http:\/\/www.w3.org\/2000\/svg\" width=\"32\" height=\"32\" viewBox=\"0 0 32 32\">\n                    <path id=\"phone\"\n                        d=\"M6.529,4h7.059l3.529,8.824-4.412,2.647a19.412,19.412,0,0,0,8.824,8.824l2.647-4.412L33,23.412v7.059A3.529,3.529,0,0,1,29.471,34,28.235,28.235,0,0,1,3,7.529,3.529,3.529,0,0,1,6.529,4\"\n                        transform=\"translate(-2 -3)\" fill=\"none\" stroke=\"#111\" stroke-linecap=\"round\"\n                        stroke-linejoin=\"round\" stroke-width=\"2\" \/>\n                <\/svg>\n\n                +43 5223 55509 132\n            <\/div>\n        <\/a>\n                                <a href=\"mailto:harald.unterrainer@westcam.at\">\n            <div class=\" employee-email\">\n                <svg xmlns=\"http:\/\/www.w3.org\/2000\/svg\" width=\"32.773\" height=\"25.333\" viewBox=\"0 0 32.773 25.333\">\n                    <g id=\"mail\" transform=\"translate(1.387 1)\">\n                        <rect id=\"Rechteck_11\" data-name=\"Rechteck 11\" width=\"30\" height=\"23.333\" rx=\"2\" fill=\"none\"\n                            stroke=\"#111\" stroke-linecap=\"round\" stroke-linejoin=\"round\" stroke-width=\"2\" \/>\n                        <path id=\"Pfad_100\" data-name=\"Pfad 100\" d=\"M3,7,18,17,33,7\" transform=\"translate(-3 -3.667)\"\n                            fill=\"none\" stroke=\"#111\" stroke-linecap=\"round\" stroke-linejoin=\"round\" stroke-width=\"2\" \/>\n                    <\/g>\n                <\/svg>\n                harald.unterrainer@westcam.at\n            <\/div>\n        <\/a>\n        \n\n\n    <\/div>\n        <div class=\"employee-callback wp-block-button is-style-outline\">\n        <a href=\"\/anfrage\/\"\n            class=\"wp-block-button__link wp-element-button\">zeptat se<\/a>\n    <\/div>\n    <\/div><\/div>\n<\/div>\n","protected":false},"excerpt":{"rendered":"<p>P\u0159esn\u00e1 detekce a automatick\u00e9 po\u010d\u00edt\u00e1n\u00ed mal\u00fdch p\u0159edm\u011bt\u016f bez ohledu na jejich tvar a materi\u00e1l.<\/p>\n","protected":false},"author":5,"featured_media":19429,"parent":34384,"menu_order":17,"comment_status":"closed","ping_status":"closed","template":"","meta":{"content-type":"","footnotes":""},"competence":[2803],"class_list":["post-34842","product","type-product","status-publish","has-post-thumbnail","hentry","competence-automatisierungsloesungen-cs"],"_links":{"self":[{"href":"https:\/\/www.westcam-group.com\/cs\/wp-json\/wp\/v2\/product\/34842","targetHints":{"allow":["GET"]}}],"collection":[{"href":"https:\/\/www.westcam-group.com\/cs\/wp-json\/wp\/v2\/product"}],"about":[{"href":"https:\/\/www.westcam-group.com\/cs\/wp-json\/wp\/v2\/types\/product"}],"author":[{"embeddable":true,"href":"https:\/\/www.westcam-group.com\/cs\/wp-json\/wp\/v2\/users\/5"}],"replies":[{"embeddable":true,"href":"https:\/\/www.westcam-group.com\/cs\/wp-json\/wp\/v2\/comments?post=34842"}],"version-history":[{"count":3,"href":"https:\/\/www.westcam-group.com\/cs\/wp-json\/wp\/v2\/product\/34842\/revisions"}],"predecessor-version":[{"id":38369,"href":"https:\/\/www.westcam-group.com\/cs\/wp-json\/wp\/v2\/product\/34842\/revisions\/38369"}],"up":[{"embeddable":true,"href":"https:\/\/www.westcam-group.com\/cs\/wp-json\/wp\/v2\/product\/34384"}],"wp:featuredmedia":[{"embeddable":true,"href":"https:\/\/www.westcam-group.com\/cs\/wp-json\/wp\/v2\/media\/19429"}],"wp:attachment":[{"href":"https:\/\/www.westcam-group.com\/cs\/wp-json\/wp\/v2\/media?parent=34842"}],"wp:term":[{"taxonomy":"competence","embeddable":true,"href":"https:\/\/www.westcam-group.com\/cs\/wp-json\/wp\/v2\/competence?post=34842"}],"curies":[{"name":"wp","href":"https:\/\/api.w.org\/{rel}","templated":true}]}}