{"id":34723,"date":"2024-04-24T08:37:02","date_gmt":"2024-04-24T06:37:02","guid":{"rendered":"https:\/\/www.westcam-group.com\/produkte\/cam\/cad-pro-cam\/inventor-integrace\/"},"modified":"2025-03-20T21:34:17","modified_gmt":"2025-03-20T20:34:17","slug":"inventor-integrace","status":"publish","type":"product","link":"https:\/\/www.westcam-group.com\/cs\/produkty\/cam\/cad-pro-cam\/inventor-integrace\/","title":{"rendered":"Inventor Integrace"},"content":{"rendered":"\n<div style=\"background-image:url(&apos;https:\/\/www.westcam-group.com\/wp-content\/uploads\/2024\/03\/bggrid.webp&apos;);background-position:50% 50%;background-repeat:no-repeat;background-size:contain;\" class=\"wp-block-group has-global-padding is-layout-constrained wp-container-core-group-is-layout-9f245e94 wp-block-group-is-layout-constrained has-background\">\n<div class=\"wp-block-webx-blocks-grid is-layout-grid wp-container-webx-blocks-grid-is-layout-8c8cfa07 wp-block-webx-blocks-grid-is-layout-grid\" style=\"margin-top:var(--wp--preset--spacing--50);margin-bottom:var(--wp--preset--spacing--50);--grid-columns-desktop:2;--grid-columns-tablet:2;--grid-columns-mobile:1\">\n<div class=\"wp-block-webx-blocks-grid-item is-layout-flow wp-block-webx-blocks-grid-item-is-layout-flow\" style=\"padding-top:var(--wp--preset--spacing--30);padding-right:var(--wp--preset--spacing--10);padding-bottom:var(--wp--preset--spacing--10);padding-left:var(--wp--preset--spacing--10);--grid-area-desktop:auto \/ auto \/ auto \/ auto;--grid-area-tablet:auto \/ auto \/ auto \/ auto;--grid-area-mobile:auto \/ auto \/ auto \/ auto\">\n<div class=\"wp-block-webx-blocks-fake-heading heading-h4 is-style-westcamized\" style=\"text-transform:none\">CAM integrovan\u00fd do CAD<\/div>\n\n\n\n<h1 class=\"wp-block-heading hero-title has-xx-large-font-size\" style=\"margin-top:var(--wp--preset--spacing--20);margin-bottom:var(--wp--preset--spacing--20);line-height:1;text-transform:none\">Inventor Integrace<\/h1>\n\n\n\n<p><strong>CAD software Autodesk Inventor a <em>hyper<\/em>MILL pro Autodesk Inventor &#8211; CAM program jako v\u00fdkonn\u00e1 integrace CAD &#8211; jsou dva dokonal\u00ed t\u00fdmov\u00ed hr\u00e1\u010di pro rozhoduj\u00edc\u00ed urychlen\u00ed konstruk\u010dn\u00edch a v\u00fdrobn\u00edch proces\u016f.<\/strong><\/p>\n\n\n\n<p><em>hyper<\/em>MILL poskytuje u\u017eivatel\u016fm 3D CAD softwaru Autodesk Inventor v\u00fdkonn\u00fd CAM program pro programov\u00e1n\u00ed nez\u00e1visl\u00e9 na stroji a \u0159\u00edzen\u00ed ve v\u00fdrob\u011b. <\/p>\n\n\n\n<p>U\u017eivatel\u00e9 CAM mohou nad\u00e1le pracovat ve sv\u00e9m zn\u00e1m\u00e9m prost\u0159ed\u00ed CAD. T\u00edm se sni\u017euje mno\u017estv\u00ed pot\u0159ebn\u00fdch \u0161kolen\u00ed a pom\u00e1h\u00e1 se vyhnout chyb\u00e1m p\u0159i obsluze. <\/p>\n\n\n\n<div class=\"wp-block-buttons is-layout-flex wp-block-buttons-is-layout-flex\" style=\"margin-top:var(--wp--preset--spacing--20);margin-bottom:var(--wp--preset--spacing--20)\">\n<div class=\"wp-block-button\"><a class=\"wp-block-button__link wp-element-button\" href=\"#free-version\">Poptejte nyn\u00ed<\/a><\/div>\n<\/div>\n<\/div>\n\n\n\n<div class=\"wp-block-webx-blocks-grid-item is-layout-flow wp-container-webx-blocks-grid-item-is-layout-69fcd244 wp-block-webx-blocks-grid-item-is-layout-flow\" style=\"padding-top:0;padding-right:0;padding-bottom:0;padding-left:0;--grid-area-desktop:auto \/ auto \/ auto \/ auto;--grid-area-tablet:auto \/ auto \/ auto \/ auto;--grid-area-mobile:auto \/ auto \/ auto \/ auto\">\n<figure class=\"wp-block-image aligncenter size-full is-style-default\"><img decoding=\"async\" src=\"https:\/\/www.westcam-group.com\/wp-content\/uploads\/2024\/04\/2.5D_pocket_roughing_mech_housing_Inventor.jpg\" alt=\"\" class=\"wp-image-17696\"\/><\/figure>\n\n\n\n<div class=\"wp-block-group hero-violet has-accent-2-background-color has-background is-layout-flow wp-block-group-is-layout-flow\" style=\"padding-top:var(--wp--preset--spacing--30);padding-right:var(--wp--preset--spacing--30);padding-bottom:var(--wp--preset--spacing--30);padding-left:var(--wp--preset--spacing--30)\">\n<div class=\"wp-block-webx-blocks-fake-heading heading-h4 hero-subtitle has-base-color has-text-color\">Nejd\u016fle\u017eit\u011bj\u0161\u00ed informace<\/div>\n\n\n\n<ul class=\"wp-block-list hero-bullet-list-items is-style-westcam-list has-base-color has-accent-2-background-color has-text-color has-background has-link-color wp-elements-d78f14104187df2ba821897c1c4ae77e\">\n<li>Nejvy\u0161\u0161\u00ed kvalita<\/li>\n\n\n\n<li>Vzhled a pocit<\/li>\n\n\n\n<li>Rozpozn\u00e1v\u00e1n\u00ed funkc\u00ed  <\/li>\n<\/ul>\n\n\n\n<figure class=\"wp-block-image size-full is-resized\"><img loading=\"lazy\" decoding=\"async\" width=\"570\" height=\"207\" src=\"https:\/\/www.westcam-group.com\/wp-content\/uploads\/2024\/05\/02openmind.png\" alt=\"\" class=\"wp-image-5844\" style=\"width:auto;height:80px\" srcset=\"https:\/\/www.westcam-group.com\/wp-content\/uploads\/2024\/05\/02openmind.png 570w, https:\/\/www.westcam-group.com\/wp-content\/uploads\/2024\/05\/02openmind-300x109.png 300w\" sizes=\"auto, (max-width: 570px) 100vw, 570px\" \/><\/figure>\n<\/div>\n<\/div>\n<\/div>\n<\/div>\n\n<div class=\"wp-block-group has-base-2-background-color has-background has-global-padding is-content-justification-center is-layout-constrained wp-container-core-group-is-layout-606d210a wp-block-group-is-layout-constrained\" style=\"padding-top:var(--wp--preset--spacing--30);padding-bottom:var(--wp--preset--spacing--30)\">\n<figure class=\"wp-block-embed is-type-video is-provider-youtube wp-block-embed-youtube wp-embed-aspect-16-9 wp-has-aspect-ratio\" style=\"margin-top:var(--wp--preset--spacing--20);margin-bottom:var(--wp--preset--spacing--20)\"><div class=\"wp-block-embed__wrapper\">\n<div class=\"cookieconsent-optout-marketing\">\n    Bitte  <a href=\"javascript:Cookiebot.renew()\">Marketing-Cookies akzeptieren<\/a>, um dieses Video zu laden.\n    <\/div>\n            <iframe data-cookieblock-src=\"https:\/\/www.youtube.com\/embed\/6UyttRKm_dM?feature=oembed\" data-cookieconsent=\"marketing\" title=\"hyperMILL in Inventor\" width=\"500\" height=\"281\"  frameborder=\"0\" allow=\"accelerometer; autoplay; clipboard-write; encrypted-media; gyroscope; picture-in-picture; web-share\" referrerpolicy=\"strict-origin-when-cross-origin\" allowfullscreen><\/iframe>\n<\/div><\/figure>\n<\/div>\n\n<div class=\"wp-block-group has-global-padding is-layout-constrained wp-container-core-group-is-layout-00189ab9 wp-block-group-is-layout-constrained\">\n<div class=\"wp-block-media-text is-stacked-on-mobile is-image-fill-element\" style=\"margin-top:var(--wp--preset--spacing--50);margin-right:0;margin-bottom:var(--wp--preset--spacing--50);margin-left:0;padding-right:0;padding-left:0\"><figure class=\"wp-block-media-text__media\"><img loading=\"lazy\" decoding=\"async\" width=\"1024\" height=\"724\" src=\"https:\/\/www.westcam-group.com\/wp-content\/uploads\/2024\/04\/3D_HPC_roughing_mech_housing_part_detail-1024x724.jpg\" alt=\"\" class=\"wp-image-22162 size-full\" style=\"object-position:50% 50%\" srcset=\"https:\/\/www.westcam-group.com\/wp-content\/uploads\/2024\/04\/3D_HPC_roughing_mech_housing_part_detail-1024x724.jpg 1024w, https:\/\/www.westcam-group.com\/wp-content\/uploads\/2024\/04\/3D_HPC_roughing_mech_housing_part_detail-300x212.jpg 300w, https:\/\/www.westcam-group.com\/wp-content\/uploads\/2024\/04\/3D_HPC_roughing_mech_housing_part_detail-768x543.jpg 768w, https:\/\/www.westcam-group.com\/wp-content\/uploads\/2024\/04\/3D_HPC_roughing_mech_housing_part_detail-1536x1085.jpg 1536w, https:\/\/www.westcam-group.com\/wp-content\/uploads\/2024\/04\/3D_HPC_roughing_mech_housing_part_detail-2048x1447.jpg 2048w, https:\/\/www.westcam-group.com\/wp-content\/uploads\/2024\/04\/3D_HPC_roughing_mech_housing_part_detail-1274x900.jpg 1274w, https:\/\/www.westcam-group.com\/wp-content\/uploads\/2024\/04\/3D_HPC_roughing_mech_housing_part_detail-849x600.jpg 849w\" sizes=\"auto, (max-width: 1024px) 100vw, 1024px\" \/><\/figure><div class=\"wp-block-media-text__content\">\n<h3 class=\"wp-block-heading has-text-align-left\" style=\"text-transform:none\">Nejvy\u0161\u0161\u00ed kvalita<\/h3>\n\n\n\n<p><em>hyper<\/em>MILL pro Autodesk Inventor spl\u0148uje certifika\u010dn\u00ed krit\u00e9ria spole\u010dnosti Autodesk, a zaru\u010duje tak nejvy\u0161\u0161\u00ed kvalitu, interoperabilitu a kompatibilitu.<\/p>\n\n\n\n<p>P\u0159\u00edsn\u00e1 pravidla zaji\u0161\u0165uj\u00ed bezprobl\u00e9movou v\u00fdm\u011bnu dat mezi <em>aplikacemi Autodesk<\/em> Inventor <em>a hyperMILL.<\/em><\/p>\n<\/div><\/div>\n\n\n\n<div class=\"wp-block-media-text has-media-on-the-right is-stacked-on-mobile is-image-fill-element\" style=\"margin-top:var(--wp--preset--spacing--50);margin-right:0;margin-bottom:var(--wp--preset--spacing--50);margin-left:0\"><div class=\"wp-block-media-text__content\">\n<h3 class=\"wp-block-heading has-text-align-left\" style=\"text-transform:none\">Vzhled a dojem<\/h3>\n\n\n\n<p>D\u00edky p\u0159\u00edm\u00e9 integraci se vzhled produktu CAM zcela p\u0159izp\u016fsob\u00ed rozhran\u00ed CAD Autodesku. Zn\u00e1m\u00e9 rozhran\u00ed CAD umo\u017e\u0148uje u\u017eivatel\u016fm velmi rychl\u00e9 sezn\u00e1men\u00ed.   <\/p>\n\n\n\n<p>V\u0161echny strategie 2.5D, 3D, HSC\/HPC a p\u011btios\u00e9ho fr\u00e9zov\u00e1n\u00ed i soustru\u017een\u00ed jsou k dispozici v aplikaci Autodesk Inventor. Zvl\u00e1\u0161t\u011b d\u016fle\u017eit\u00e9 je, \u017ee NEN\u00cd nutn\u00e9 p\u0159ep\u00ednat mezi CAD a CAM; p\u0159\u00edm\u00e1 integrace znamen\u00e1, \u017ee syst\u00e9my CAD a CAM jsou bezprobl\u00e9mov\u011b propojeny a p\u0159\u00edslu\u0161n\u00e9 p\u0159\u00edkazy lze kdykoli pou\u017e\u00edt. <\/p>\n<\/div><figure class=\"wp-block-media-text__media\"><img loading=\"lazy\" decoding=\"async\" width=\"1024\" height=\"724\" src=\"https:\/\/www.westcam-group.com\/wp-content\/uploads\/2024\/04\/KEY_Inventor_distributor_gray-1024x724.jpg\" alt=\"\" class=\"wp-image-22156 size-full\" style=\"object-position:50% 50%\" srcset=\"https:\/\/www.westcam-group.com\/wp-content\/uploads\/2024\/04\/KEY_Inventor_distributor_gray-1024x724.jpg 1024w, https:\/\/www.westcam-group.com\/wp-content\/uploads\/2024\/04\/KEY_Inventor_distributor_gray-300x212.jpg 300w, https:\/\/www.westcam-group.com\/wp-content\/uploads\/2024\/04\/KEY_Inventor_distributor_gray-768x543.jpg 768w, https:\/\/www.westcam-group.com\/wp-content\/uploads\/2024\/04\/KEY_Inventor_distributor_gray-1536x1086.jpg 1536w, https:\/\/www.westcam-group.com\/wp-content\/uploads\/2024\/04\/KEY_Inventor_distributor_gray-2048x1449.jpg 2048w, https:\/\/www.westcam-group.com\/wp-content\/uploads\/2024\/04\/KEY_Inventor_distributor_gray-1272x900.jpg 1272w, https:\/\/www.westcam-group.com\/wp-content\/uploads\/2024\/04\/KEY_Inventor_distributor_gray-848x600.jpg 848w\" sizes=\"auto, (max-width: 1024px) 100vw, 1024px\" \/><\/figure><\/div>\n\n\n\n<div class=\"wp-block-media-text is-stacked-on-mobile is-image-fill-element\" style=\"margin-top:var(--wp--preset--spacing--50);margin-right:0;margin-bottom:var(--wp--preset--spacing--50);margin-left:0\"><figure class=\"wp-block-media-text__media\"><img loading=\"lazy\" decoding=\"async\" width=\"1000\" height=\"583\" src=\"https:\/\/www.westcam-group.com\/wp-content\/uploads\/2024\/04\/UI_hm_Featurebrowser_EN_Web.jpg\" alt=\"\" class=\"wp-image-22159 size-full\" style=\"object-position:50% 50%\" srcset=\"https:\/\/www.westcam-group.com\/wp-content\/uploads\/2024\/04\/UI_hm_Featurebrowser_EN_Web.jpg 1000w, https:\/\/www.westcam-group.com\/wp-content\/uploads\/2024\/04\/UI_hm_Featurebrowser_EN_Web-300x175.jpg 300w, https:\/\/www.westcam-group.com\/wp-content\/uploads\/2024\/04\/UI_hm_Featurebrowser_EN_Web-768x448.jpg 768w\" sizes=\"auto, (max-width: 1000px) 100vw, 1000px\" \/><\/figure><div class=\"wp-block-media-text__content\">\n<h3 class=\"wp-block-heading has-text-align-left\" style=\"text-transform:none\">Rozpozn\u00e1v\u00e1n\u00ed funkc\u00ed  <\/h3>\n\n\n\n<p><em>Technologie prvk\u016f hyperMILL<\/em>umo\u017e\u0148uje vyu\u017e\u00edt informace o geometrii dostupn\u00e9 v CAD pro programov\u00e1n\u00ed CAM. Automatick\u00e9 rozpozn\u00e1v\u00e1n\u00ed prvk\u016f nap\u0159\u00edklad identifikuje otvory a kapsy na modelech t\u011bles a povrch\u016f. <\/p>\n\n\n\n<p>Krom\u011b toho lze strategie zpracov\u00e1n\u00ed a n\u00e1stroje propojit s funkcemi v technologick\u00fdch makrech a ulo\u017eit je do datab\u00e1ze technologi\u00ed.<\/p>\n<\/div><\/div>\n<\/div>\n\n<h2 class=\"wp-block-heading\" style=\"text-transform:none\">V\u00fdhody a p\u0159ednosti<\/h2>\n\n<div class=\"wp-block-columns is-layout-flex wp-container-core-columns-is-layout-28f84493 wp-block-columns-is-layout-flex\">\n<div class=\"wp-block-column is-layout-flow wp-block-column-is-layout-flow\">\n<div class=\"wp-block-webx-blocks-grid-item has-base-2-background-color has-background is-layout-flow wp-block-webx-blocks-grid-item-is-layout-flow\" style=\"padding-top:var(--wp--preset--spacing--20);padding-right:var(--wp--preset--spacing--20);padding-bottom:var(--wp--preset--spacing--20);padding-left:var(--wp--preset--spacing--20);--grid-area-desktop:auto \/ auto \/ auto \/ auto;--grid-area-tablet:auto \/ auto \/ auto \/ auto;--grid-area-mobile:auto \/ auto \/ auto \/ auto\">\n<div class=\"wp-block-webx-blocks-fake-heading heading-h6 is-style-westcamized\">P\u0159\u00edm\u00e1 integrace<\/div>\n\n\n\n<p>Pro programov\u00e1n\u00ed nemus\u00edte opou\u0161t\u011bt str\u00e1nky Autodesk Inventor.<\/p>\n<\/div>\n<\/div>\n\n\n\n<div class=\"wp-block-column is-layout-flow wp-block-column-is-layout-flow\">\n<div class=\"wp-block-webx-blocks-grid-item has-base-2-background-color has-background is-layout-flow wp-block-webx-blocks-grid-item-is-layout-flow\" style=\"padding-top:var(--wp--preset--spacing--20);padding-right:var(--wp--preset--spacing--20);padding-bottom:var(--wp--preset--spacing--20);padding-left:var(--wp--preset--spacing--20);--grid-area-desktop:auto \/ auto \/ auto \/ auto;--grid-area-tablet:auto \/ auto \/ auto \/ auto;--grid-area-mobile:auto \/ auto \/ auto \/ auto\">\n<div class=\"wp-block-webx-blocks-fake-heading heading-h6 is-style-westcamized\">Datab\u00e1ze<\/div>\n\n\n\n<p>jedin\u00fd soubor pro data CAD a CAM<\/p>\n<\/div>\n<\/div>\n<\/div>\n\n<div class=\"wp-block-columns is-layout-flex wp-container-core-columns-is-layout-28f84493 wp-block-columns-is-layout-flex\">\n<div class=\"wp-block-column is-layout-flow wp-block-column-is-layout-flow\">\n<div class=\"wp-block-webx-blocks-grid-item has-base-2-background-color has-background is-layout-flow wp-block-webx-blocks-grid-item-is-layout-flow\" style=\"padding-top:var(--wp--preset--spacing--20);padding-right:var(--wp--preset--spacing--20);padding-bottom:var(--wp--preset--spacing--20);padding-left:var(--wp--preset--spacing--20);--grid-area-desktop:auto \/ auto \/ auto \/ auto;--grid-area-tablet:auto \/ auto \/ auto \/ auto;--grid-area-mobile:auto \/ auto \/ auto \/ auto\">\n<div class=\"wp-block-webx-blocks-fake-heading heading-h6 is-style-westcamized\">Zn\u00e1m\u00e9 u\u017eivatelsk\u00e9 rozhran\u00ed &#8211; zn\u00e1m\u00fd vzhled a ovl\u00e1d\u00e1n\u00ed<\/div>\n\n\n\n<p>Snadn\u00e9 sezn\u00e1men\u00ed a rychl\u00fd p\u0159\u00edstup k funkc\u00edm CAD<\/p>\n<\/div>\n<\/div>\n\n\n\n<div class=\"wp-block-column is-layout-flow wp-block-column-is-layout-flow\">\n<div class=\"wp-block-webx-blocks-grid-item has-base-2-background-color has-background is-layout-flow wp-block-webx-blocks-grid-item-is-layout-flow\" style=\"padding-top:var(--wp--preset--spacing--20);padding-right:var(--wp--preset--spacing--20);padding-bottom:var(--wp--preset--spacing--20);padding-left:var(--wp--preset--spacing--20);--grid-area-desktop:auto \/ auto \/ auto \/ auto;--grid-area-tablet:auto \/ auto \/ auto \/ auto;--grid-area-mobile:auto \/ auto \/ auto \/ auto\">\n<div class=\"wp-block-webx-blocks-fake-heading heading-h6 is-style-westcamized\">V\u00fdkonn\u00e9 strategie CAM pro ka\u017ed\u00fd po\u017eadavek<\/div>\n\n\n\n<div class=\"wp-block-webx-blocks-fake-heading heading-h6 is-style-westcamized\">Certifikovan\u00fd partner<\/div>\n<\/div>\n<\/div>\n<\/div>\n\n<p><\/p>\n\n<div class=\"wp-block-group has-global-padding is-layout-constrained wp-container-core-group-is-layout-19e250f3 wp-block-group-is-layout-constrained\">\n<div id=\"free-version\" class=\"wp-block-group has-base-color has-contrast-background-color has-text-color has-background has-link-color wp-elements-967464b888cdb78ceb48ae32fd9d774b has-global-padding is-layout-constrained wp-container-core-group-is-layout-d2702112 wp-block-group-is-layout-constrained\" style=\"padding-top:var(--wp--preset--spacing--30);padding-right:var(--wp--preset--spacing--40);padding-bottom:var(--wp--preset--spacing--30);padding-left:var(--wp--preset--spacing--40)\">\n<h3 class=\"wp-block-heading has-base-color has-text-color has-link-color wp-elements-05aff5d145fb26661d8a554b35b2cffa\" style=\"text-transform:none\">Porad\u00edme v\u00e1m osobn\u011b!<\/h3>\n\n\n\n<div class=\"wpcf7 no-js\" id=\"wpcf7-f36538-o1\" lang=\"cs-CZ\" dir=\"ltr\" data-wpcf7-id=\"36538\">\n<div class=\"screen-reader-response\"><p role=\"status\" aria-live=\"polite\" aria-atomic=\"true\"><\/p> <ul><\/ul><\/div>\n<form action=\"\/cs\/wp-json\/wp\/v2\/product\/34723#wpcf7-f36538-o1\" method=\"post\" class=\"wpcf7-form init\" aria-label=\"Kontaktn\u00ed formul\u00e1\u0159\" novalidate=\"novalidate\" data-status=\"init\">\n<fieldset class=\"hidden-fields-container\"><input type=\"hidden\" name=\"_wpcf7\" value=\"36538\" \/><input type=\"hidden\" name=\"_wpcf7_version\" value=\"6.1.5\" \/><input type=\"hidden\" name=\"_wpcf7_locale\" value=\"cs_CZ\" \/><input type=\"hidden\" name=\"_wpcf7_unit_tag\" value=\"wpcf7-f36538-o1\" \/><input type=\"hidden\" name=\"_wpcf7_container_post\" value=\"0\" \/><input type=\"hidden\" name=\"_wpcf7_posted_data_hash\" value=\"\" \/><input type=\"hidden\" name=\"_wpcf7dtx_version\" value=\"5.0.5\" \/><input type=\"hidden\" name=\"_wpcf7_recaptcha_response\" value=\"\" \/>\n<\/fieldset>\n<h3 class=\"heading\">  Dotaz <label class=\"wpcf7-form-control wpcf7-label wpcf7dtx wpcf7dtx-label\" for=\"Inventor Integrace\">Inventor Integrace<\/label><span class=\"wpcf7-form-control-wrap dynamic_hidden-post-title\" data-name=\"dynamic_hidden-post-title\"><input type=\"hidden\" name=\"dynamic_hidden-post-title\" class=\"wpcf7-form-control wpcf7-hidden wpcf7dtx wpcf7dtx-hidden\" aria-invalid=\"false\" value=\"Inventor Integrace\"><\/span><\/h3>\n\n<label>  N\u00e1zev\n    <span class=\"wpcf7-form-control-wrap\" data-name=\"fullname\"><input size=\"40\" maxlength=\"400\" class=\"wpcf7-form-control wpcf7-text\" aria-invalid=\"false\" value=\"\" type=\"text\" name=\"fullname\" \/><\/span> <\/label>\n\n<label>  E-mailov\u00e1 adresa*\n    <span class=\"wpcf7-form-control-wrap\" data-name=\"email\"><input size=\"40\" maxlength=\"400\" class=\"wpcf7-form-control wpcf7-email wpcf7-validates-as-required wpcf7-text wpcf7-validates-as-email\" aria-required=\"true\" aria-invalid=\"false\" value=\"\" type=\"email\" name=\"email\" \/><\/span> <\/label>\n\n<label>  Spole\u010dnost\n    <span class=\"wpcf7-form-control-wrap\" data-name=\"unternehmen\"><input size=\"40\" maxlength=\"400\" class=\"wpcf7-form-control wpcf7-text\" aria-invalid=\"false\" value=\"\" type=\"text\" name=\"unternehmen\" \/><\/span> <\/label>\n\n<label>  Va\u0161e zpr\u00e1va*\n    <span class=\"wpcf7-form-control-wrap\" data-name=\"nachricht\"><textarea cols=\"40\" rows=\"10\" maxlength=\"2000\" class=\"wpcf7-form-control wpcf7-textarea wpcf7-validates-as-required\" aria-required=\"true\" aria-invalid=\"false\" name=\"nachricht\"><\/textarea><\/span> <\/label>\n\n<span class=\"wpcf7-form-control-wrap dynamic_hidden_page_url\" data-name=\"dynamic_hidden_page_url\"><input type=\"hidden\" name=\"dynamic_hidden_page_url\" class=\"wpcf7-form-control wpcf7-hidden wpcf7dtx wpcf7dtx-hidden\" aria-invalid=\"false\" value=\"https:\/\/www.westcam-group.com\/cs\/wp-json\/wp\/v2\/product\/34723\"><\/span>\n\n<input class=\"wpcf7-form-control wpcf7-submit has-spinner\" type=\"submit\" value=\"Odeslat\" \/>\n\n[odpov\u011b\u010f]<div class=\"wpcf7-response-output\" aria-hidden=\"true\"><\/div>\n<\/form>\n<\/div>\n\n<\/div>\n\n\n\n<div id=\"ansprechpartner\" class=\"wp-block-group has-base-2-background-color has-background has-global-padding is-layout-constrained wp-container-core-group-is-layout-16946a23 wp-block-group-is-layout-constrained\" style=\"margin-top:0;margin-bottom:0;padding-top:var(--wp--preset--spacing--30);padding-right:var(--wp--preset--spacing--30);padding-bottom:var(--wp--preset--spacing--30);padding-left:var(--wp--preset--spacing--30)\">\n<div class=\"wp-block-group has-base-2-background-color has-background has-global-padding is-layout-constrained wp-container-core-group-is-layout-19e250f3 wp-block-group-is-layout-constrained\">\n<h2 class=\"wp-block-heading\" style=\"text-transform:none\">R\u00e1di jsme tu pro v\u00e1s<\/h2>\n<\/div>\n\n\n<div class=\"wp-block-webx-blocks-westcam-employee-display\">\n    <div class=\"employee-image\">\n        <img decoding=\"async\" src=\"https:\/\/www.westcam-group.com\/wp-content\/uploads\/2024\/10\/michael-moritz-westcam-group-300x300.jpg\" alt=Michael Moritz \/>\n    <\/div>\n    <div class=\"employee-info\">\n        <div class=\"heading-h3\">Michael Moritz<\/div>\n        <div class=\"heading-h5 is-style-westcamized\">Vedouc\u00ed odd\u011blen\u00ed CAM, MES a 3D tisku<\/div>\n    <\/div>\n    <div class=\"employee-social\">\n        <div class=\"icons\">\n                        <a href=https:\/\/www.linkedin.com\/in\/michael-moritz\/ title=\"Michael Moritz on linkedIn\"\n                target=\"_blank\" rel=\"noopener noreferrer\">\n                <?xml version=\"1.0\" encoding=\"UTF-8\" standalone=\"no\"?>\n                <!DOCTYPE svg PUBLIC \"-\/\/W3C\/\/DTD SVG 1.1\/\/EN\" \"http:\/\/www.w3.org\/Graphics\/SVG\/1.1\/DTD\/svg11.dtd\"><svg\n                    width=\"100%\" height=\"100%\" viewBox=\"0 0 248 204\" version=\"1.1\" xmlns=\"http:\/\/www.w3.org\/2000\/svg\"\n                    xmlns:xlink=\"http:\/\/www.w3.org\/1999\/xlink\" xml:space=\"preserve\" xmlns:serif=\"http:\/\/www.serif.com\/\"\n                    style=\"fill-rule:evenodd;clip-rule:evenodd;stroke-linejoin:round;stroke-miterlimit:2;\">\n                    <path\n                        d=\"M226,204l-41.916,0l0,-71.392c0,-19.573 -7.437,-30.512 -22.93,-30.512c-16.854,0 -25.659,11.383 -25.659,30.512l-0,71.392l-40.395,0l-0,-136l40.395,-0l-0,18.319c-0,0 12.146,-22.474 41.006,-22.474c28.847,-0 49.499,17.616 49.499,54.048l0,86.107Zm-179.091,-153.808c-13.759,-0 -24.909,-11.237 -24.909,-25.096c0,-13.859 11.15,-25.096 24.909,-25.096c13.759,-0 24.902,11.237 24.902,25.096c0,13.859 -11.143,25.096 -24.902,25.096Zm-20.858,153.808l42.121,0l0,-136l-42.121,-0l-0,136Z\" \/>\n                <\/svg>\n            <\/a>\n                                    <a href=\"\/vcard\/33788\" title=\"Download vCard\"\n                class=\"vcard-button\">\n                <svg xmlns=\"http:\/\/www.w3.org\/2000\/svg\" width=\"32.143\" height=\"25\" viewBox=\"0 0 32.143 25\">\n                    <path id=\"address-card-solid\"\n                        d=\"M3.571,32A3.575,3.575,0,0,0,0,35.571V53.429A3.575,3.575,0,0,0,3.571,57h25a3.575,3.575,0,0,0,3.571-3.571V35.571A3.575,3.575,0,0,0,28.571,32ZM8.036,46.286h3.571a4.463,4.463,0,0,1,4.464,4.464.9.9,0,0,1-.893.893H4.464a.9.9,0,0,1-.893-.893A4.463,4.463,0,0,1,8.036,46.286ZM6.25,40.929A3.571,3.571,0,1,1,9.821,44.5,3.571,3.571,0,0,1,6.25,40.929Zm14.286-1.786h7.143a.893.893,0,0,1,0,1.786H20.536a.893.893,0,0,1,0-1.786Zm0,3.571h7.143a.893.893,0,0,1,0,1.786H20.536a.893.893,0,0,1,0-1.786Zm0,3.571h7.143a.893.893,0,0,1,0,1.786H20.536a.893.893,0,0,1,0-1.786Z\"\n                        transform=\"translate(0 -32)\" fill=\"#111\" \/>\n                <\/svg>\n            <\/a>\n        <\/div>\n    <\/div>\n    <div class=\"employee-contact\">\n                <a href=\"tel: +43 5223 55509 220\">\n            <div class=\" employee-phone\">\n                <svg xmlns=\"http:\/\/www.w3.org\/2000\/svg\" width=\"32\" height=\"32\" viewBox=\"0 0 32 32\">\n                    <path id=\"phone\"\n                        d=\"M6.529,4h7.059l3.529,8.824-4.412,2.647a19.412,19.412,0,0,0,8.824,8.824l2.647-4.412L33,23.412v7.059A3.529,3.529,0,0,1,29.471,34,28.235,28.235,0,0,1,3,7.529,3.529,3.529,0,0,1,6.529,4\"\n                        transform=\"translate(-2 -3)\" fill=\"none\" stroke=\"#111\" stroke-linecap=\"round\"\n                        stroke-linejoin=\"round\" stroke-width=\"2\" \/>\n                <\/svg>\n\n                 +43 5223 55509 220\n            <\/div>\n        <\/a>\n                                <a href=\"mailto:michael.moritz@westcam.at\">\n            <div class=\" employee-email\">\n                <svg xmlns=\"http:\/\/www.w3.org\/2000\/svg\" width=\"32.773\" height=\"25.333\" viewBox=\"0 0 32.773 25.333\">\n                    <g id=\"mail\" transform=\"translate(1.387 1)\">\n                        <rect id=\"Rechteck_11\" data-name=\"Rechteck 11\" width=\"30\" height=\"23.333\" rx=\"2\" fill=\"none\"\n                            stroke=\"#111\" stroke-linecap=\"round\" stroke-linejoin=\"round\" stroke-width=\"2\" \/>\n                        <path id=\"Pfad_100\" data-name=\"Pfad 100\" d=\"M3,7,18,17,33,7\" transform=\"translate(-3 -3.667)\"\n                            fill=\"none\" stroke=\"#111\" stroke-linecap=\"round\" stroke-linejoin=\"round\" stroke-width=\"2\" \/>\n                    <\/g>\n                <\/svg>\n                michael.moritz@westcam.at\n            <\/div>\n        <\/a>\n        \n\n\n    <\/div>\n        <div class=\"employee-callback wp-block-button is-style-outline\">\n        <a href=\"\/anfrage\/\"\n            class=\"wp-block-button__link wp-element-button\">zeptat se<\/a>\n    <\/div>\n    <\/div><\/div>\n<\/div>\n","protected":false},"excerpt":{"rendered":"<p>V\u00fdkonn\u00e1 integrace CAD mezi Autodesk Inventor a hyperMILL pro optimalizovan\u00e9 CAM procesy.<\/p>\n","protected":false},"author":2,"featured_media":22157,"parent":5228,"menu_order":8,"comment_status":"closed","ping_status":"closed","template":"","meta":{"content-type":"","footnotes":""},"competence":[2782],"class_list":["post-34723","product","type-product","status-publish","has-post-thumbnail","hentry","competence-cad-for-cam-cs"],"_links":{"self":[{"href":"https:\/\/www.westcam-group.com\/cs\/wp-json\/wp\/v2\/product\/34723","targetHints":{"allow":["GET"]}}],"collection":[{"href":"https:\/\/www.westcam-group.com\/cs\/wp-json\/wp\/v2\/product"}],"about":[{"href":"https:\/\/www.westcam-group.com\/cs\/wp-json\/wp\/v2\/types\/product"}],"author":[{"embeddable":true,"href":"https:\/\/www.westcam-group.com\/cs\/wp-json\/wp\/v2\/users\/2"}],"replies":[{"embeddable":true,"href":"https:\/\/www.westcam-group.com\/cs\/wp-json\/wp\/v2\/comments?post=34723"}],"version-history":[{"count":4,"href":"https:\/\/www.westcam-group.com\/cs\/wp-json\/wp\/v2\/product\/34723\/revisions"}],"predecessor-version":[{"id":36652,"href":"https:\/\/www.westcam-group.com\/cs\/wp-json\/wp\/v2\/product\/34723\/revisions\/36652"}],"up":[{"embeddable":true,"href":"https:\/\/www.westcam-group.com\/cs\/wp-json\/wp\/v2\/product\/5228"}],"wp:featuredmedia":[{"embeddable":true,"href":"https:\/\/www.westcam-group.com\/cs\/wp-json\/wp\/v2\/media\/22157"}],"wp:attachment":[{"href":"https:\/\/www.westcam-group.com\/cs\/wp-json\/wp\/v2\/media?parent=34723"}],"wp:term":[{"taxonomy":"competence","embeddable":true,"href":"https:\/\/www.westcam-group.com\/cs\/wp-json\/wp\/v2\/competence?post=34723"}],"curies":[{"name":"wp","href":"https:\/\/api.w.org\/{rel}","templated":true}]}}