{"id":34688,"date":"2024-04-24T10:25:40","date_gmt":"2024-04-24T08:25:40","guid":{"rendered":"https:\/\/www.westcam-group.com\/produkte\/mechatronika-robotika\/vyroba-zubnich-forem\/"},"modified":"2025-04-29T16:46:11","modified_gmt":"2025-04-29T14:46:11","slug":"vyroba-zubnich-forem","status":"publish","type":"product","link":"https:\/\/www.westcam-group.com\/cs\/produkty\/mechatronika-robotika\/vyroba-zubnich-forem\/","title":{"rendered":"V\u00fdroba zubn\u00edch forem"},"content":{"rendered":"\n<div class=\"wp-block-group alignfull has-global-padding is-layout-constrained wp-block-group-is-layout-constrained\">\n<div class=\"wp-block-webx-blocks-westcam-hero alignfull ltr\" style=\"margin-top:var(--wp--preset--spacing--50);margin-bottom:var(--wp--preset--spacing--50)\"><div class=\"hero-image\" style=\"--aspect-ratio:4 \/ 3\"> <img decoding=\"async\" srcset=\"https:\/\/www.westcam-group.com\/wp-content\/uploads\/2024\/09\/westcam-7-icon-mechatronik-robotik-150x150.png 150w, https:\/\/www.westcam-group.com\/wp-content\/uploads\/2024\/09\/westcam-7-icon-mechatronik-robotik-300x300.png 300w, https:\/\/www.westcam-group.com\/wp-content\/uploads\/2024\/09\/westcam-7-icon-mechatronik-robotik-1024x1024.png 1024w, https:\/\/www.westcam-group.com\/wp-content\/uploads\/2024\/09\/westcam-7-icon-mechatronik-robotik.png 1181w, https:\/\/www.westcam-group.com\/wp-content\/uploads\/2024\/09\/westcam-7-icon-mechatronik-robotik-900x900.png 900w, https:\/\/www.westcam-group.com\/wp-content\/uploads\/2024\/09\/westcam-7-icon-mechatronik-robotik-600x600.png 600w\" src=\"https:\/\/www.westcam-group.com\/wp-content\/uploads\/2024\/09\/westcam-7-icon-mechatronik-robotik.png\" alt=\"\"\/><\/div><div class=\"hero-placeholder\"><\/div>\n<div class=\"wp-block-group hero-content is-layout-flow wp-block-group-is-layout-flow\">\n<div class=\"wp-block-webx-blocks-fake-heading heading-h4 hero-subtitle is-style-westcamized\" style=\"text-transform:none\">Uv\u00e1d\u00edme zuby do dokonal\u00e9ho tvaru<\/div>\n\n\n<h1 style=\"text-transform:none; margin-top:0;margin-bottom:0;\" class=\"wp-block-post-title\">V\u00fdroba zubn\u00edch forem<\/h1>\n\n\n<p><strong>V\u00fdroba forem od spole\u010dnosti WESTCAM &#8211; vlo\u017ete sv\u00e9 zuby do na\u0161ich forem<\/strong><\/p>\n\n\n\n<p>V\u00edce ne\u017e 20 let zku\u0161enost\u00ed s v\u00fdvojem a konstrukc\u00ed <strong>v\u00fdrobn\u00edch forem pro<\/strong> v\u00fdrobu <strong>um\u011bl\u00fdch zub\u016f<\/strong>: To z n\u00e1s jednozna\u010dn\u011b \u010din\u00ed <strong>&#8222;experta na zubn\u00ed l\u00e9ka\u0159stv\u00ed&#8220; <\/strong>a preferovan\u00e9ho partnera pro va\u0161e projekty.<\/p>\n\n\n\n<p>Podpo\u0159\u00edme v\u00e1s p\u0159i obnov\u011b va\u0161eho <strong>v\u00fdrobn\u00edho parku forem<\/strong> nebo p\u0159i v\u00fdrob\u011b <strong>nov\u00fdch zubn\u00edch linek<\/strong>.  <\/p>\n\n\n\n<p>Na\u0161e <strong>portfolio slu\u017eeb <\/strong>pokr\u00fdv\u00e1 cel\u00fd v\u00fdrobn\u00ed \u0159et\u011bzec od <strong>n\u00e1vrhu<\/strong> a\u017e po <strong>v\u00fdrobu<\/strong>.  <\/p>\n<\/div>\n<\/div>\n<\/div>\n\n<h2 class=\"wp-block-heading\" style=\"text-transform:none\">Na\u0161e nab\u00eddka pro v\u00e1s<\/h2>\n<div style=\"margin-top:var(--wp--preset--spacing--30);margin-bottom:var(--wp--preset--spacing--50);\" class=\"wp-block-webx-post-list-webx-post-list wp-block-webx-post-list-webx-post-list\" data-listid=\"56207\">\n    <script class=\"webx-filter-list-config\" type=\"application\/json\">{\"postType\":\"product\",\"enableParentPost\":true,\"displayGrid\":true,\"subTitle\":\"product_category\",\"fieldOne\":\"product_category\",\"fieldTwo\":\"product_category\",\"className\":\"wp-block-webx-post-list-webx-post-list\",\"style\":{\"spacing\":{\"margin\":{\"top\":\"var:preset|spacing|30\",\"bottom\":\"var:preset|spacing|50\"}}},\"compactGrid\":false,\"language\":\"en\",\"listId\":56207,\"postId\":34688}<\/script>\n    <div class=\"webx-post-list\" data-listid=\"56207\"><\/div>\n    \n<div>\n<div class=\"wp-block-webx-post-list-webx-filters\"><div><\/div><\/div>\n<\/div>\n<\/div>","protected":false},"excerpt":{"rendered":"<p>U\u017eivatelsk\u00e9 portfolio pokr\u00fdv\u00e1 proces od n\u00e1vrhu formy a\u017e po jej\u00ed v\u00fdrobu.<\/p>\n","protected":false},"author":2,"featured_media":19641,"parent":5254,"menu_order":9,"comment_status":"closed","ping_status":"closed","template":"","meta":{"content-type":"","footnotes":""},"competence":[2808],"class_list":["post-34688","product","type-product","status-publish","has-post-thumbnail","hentry","competence-formenbau-dental-cs"],"_links":{"self":[{"href":"https:\/\/www.westcam-group.com\/cs\/wp-json\/wp\/v2\/product\/34688","targetHints":{"allow":["GET"]}}],"collection":[{"href":"https:\/\/www.westcam-group.com\/cs\/wp-json\/wp\/v2\/product"}],"about":[{"href":"https:\/\/www.westcam-group.com\/cs\/wp-json\/wp\/v2\/types\/product"}],"author":[{"embeddable":true,"href":"https:\/\/www.westcam-group.com\/cs\/wp-json\/wp\/v2\/users\/2"}],"replies":[{"embeddable":true,"href":"https:\/\/www.westcam-group.com\/cs\/wp-json\/wp\/v2\/comments?post=34688"}],"version-history":[{"count":3,"href":"https:\/\/www.westcam-group.com\/cs\/wp-json\/wp\/v2\/product\/34688\/revisions"}],"predecessor-version":[{"id":38396,"href":"https:\/\/www.westcam-group.com\/cs\/wp-json\/wp\/v2\/product\/34688\/revisions\/38396"}],"up":[{"embeddable":true,"href":"https:\/\/www.westcam-group.com\/cs\/wp-json\/wp\/v2\/product\/5254"}],"wp:featuredmedia":[{"embeddable":true,"href":"https:\/\/www.westcam-group.com\/cs\/wp-json\/wp\/v2\/media\/19641"}],"wp:attachment":[{"href":"https:\/\/www.westcam-group.com\/cs\/wp-json\/wp\/v2\/media?parent=34688"}],"wp:term":[{"taxonomy":"competence","embeddable":true,"href":"https:\/\/www.westcam-group.com\/cs\/wp-json\/wp\/v2\/competence?post=34688"}],"curies":[{"name":"wp","href":"https:\/\/api.w.org\/{rel}","templated":true}]}}