{"id":34683,"date":"2024-04-24T10:22:59","date_gmt":"2024-04-24T08:22:59","guid":{"rendered":"https:\/\/www.westcam-group.com\/produkte\/mechatronika-robotika\/zubni-vybaveni\/lmm-laserovy-etiketovaci-system\/"},"modified":"2025-04-29T16:46:25","modified_gmt":"2025-04-29T14:46:25","slug":"lmm-laserovy-etiketovaci-system","status":"publish","type":"product","link":"https:\/\/www.westcam-group.com\/cs\/produkty\/mechatronika-robotika\/zubni-vybaveni\/lmm-laserovy-etiketovaci-system\/","title":{"rendered":"LMM &#8211; Laserov\u00fd zna\u010dkovac\u00ed syst\u00e9m"},"content":{"rendered":"\n<div style=\"background-image:url(&apos;https:\/\/www.westcam-group.com\/wp-content\/uploads\/2024\/03\/bggrid.webp&apos;);background-position:50% 50%;background-repeat:no-repeat;background-size:contain;\" class=\"wp-block-group has-global-padding is-layout-constrained wp-container-core-group-is-layout-9f245e94 wp-block-group-is-layout-constrained has-background\">\n<div class=\"wp-block-webx-blocks-grid is-layout-grid wp-container-webx-blocks-grid-is-layout-8c8cfa07 wp-block-webx-blocks-grid-is-layout-grid\" style=\"margin-top:var(--wp--preset--spacing--50);margin-bottom:var(--wp--preset--spacing--50);--grid-columns-desktop:2;--grid-columns-tablet:2;--grid-columns-mobile:1\">\n<div class=\"wp-block-webx-blocks-grid-item is-layout-flow wp-block-webx-blocks-grid-item-is-layout-flow\" style=\"padding-top:var(--wp--preset--spacing--30);padding-right:var(--wp--preset--spacing--10);padding-bottom:var(--wp--preset--spacing--10);padding-left:var(--wp--preset--spacing--10);--grid-area-desktop:auto \/ auto \/ auto \/ auto;--grid-area-tablet:auto \/ auto \/ auto \/ auto;--grid-area-mobile:auto \/ auto \/ auto \/ auto\">\n<div class=\"wp-block-webx-blocks-fake-heading heading-h4 is-style-westcamized\" style=\"text-transform:none\">P\u0159esn\u00e9 ozna\u010den\u00ed voskov\u00fdch p\u00e1sk\u016f pro zubn\u00ed n\u00e1hrady<\/div>\n\n\n\n<h1 class=\"wp-block-heading hero-title has-xx-large-font-size\" style=\"margin-top:var(--wp--preset--spacing--20);margin-bottom:var(--wp--preset--spacing--20);line-height:1;text-transform:none\">LMM-laser-marking-module<\/h1>\n\n\n\n<p><strong>Laserov\u00fd zna\u010dkovac\u00ed syst\u00e9m LMM (laserov\u00fd zna\u010dkovac\u00ed modul), speci\u00e1ln\u011b vyvinut\u00fd pro dent\u00e1ln\u00ed pr\u016fmysl, je ide\u00e1ln\u00ed pro zna\u010den\u00ed voskov\u00fdch p\u00e1sk\u016f jednotliv\u011b i oboustrann\u011b.<\/strong><\/p>\n\n\n\n<p>Integrujeme laserov\u00e9 syst\u00e9my do va\u0161eho v\u00fdrobn\u00edho procesu a umo\u017e\u0148ujeme tak vytv\u00e1\u0159et ostr\u00e9 a trvanliv\u00e9 n\u00e1pisy.<\/p>\n\n\n\n<p>Pokud chcete posunout zna\u010den\u00ed sv\u00fdch voskov\u00fdch p\u00e1sek na vy\u0161\u0161\u00ed \u00farove\u0148, kontaktujte n\u00e1s!<\/p>\n\n\n\n<div class=\"wp-block-buttons is-layout-flex wp-block-buttons-is-layout-flex\" style=\"margin-top:var(--wp--preset--spacing--20);margin-bottom:var(--wp--preset--spacing--20)\">\n<div class=\"wp-block-button\"><a class=\"wp-block-button__link wp-element-button\" href=\"#free-version\">Po\u017e\u00e1dat nyn\u00ed<\/a><\/div>\n<\/div>\n\n\n\n<p class=\"has-contrast-3-color has-text-color has-link-color wp-elements-12990c4853e5784f99c6a4156be23891\">Mohlo by v\u00e1s zaj\u00edmat i toto:<strong><a href=\"https:\/\/www.westcam-group.com\/academy\/angebot\/mechatronik-robotik\/tmm-tooth-mounting-machine-maintainance-basic\/\" data-type=\"training_offer\" data-id=\"14761\" target=\"_blank\" rel=\"noreferrer noopener\"> <\/a><\/strong><\/p>\n\n\n\n<p class=\"has-accent-2-color has-text-color has-link-color wp-elements-9b002049a37ac6a1d375e04efa969e02\"><strong><a href=\"https:\/\/www.westcam-group.com\/cs\/produkte\/mechatronika-robotika\/zubni-vybaveni\/tmm-zubni-zasuvny-system\/\" target=\"_blank\" data-type=\"product\" data-id=\"4633\" rel=\"noreferrer noopener\"><span class=\"add-arrow\">TMM &#8211; Mont\u00e1\u017en\u00ed stroj na zuby<\/span><\/a><\/strong><\/p>\n<\/div>\n\n\n\n<div class=\"wp-block-webx-blocks-grid-item is-layout-flow wp-container-webx-blocks-grid-item-is-layout-69fcd244 wp-block-webx-blocks-grid-item-is-layout-flow\" style=\"padding-top:0;padding-right:0;padding-bottom:0;padding-left:0;--grid-area-desktop:auto \/ auto \/ auto \/ auto;--grid-area-tablet:auto \/ auto \/ auto \/ auto;--grid-area-mobile:auto \/ auto \/ auto \/ auto\">\n<figure class=\"wp-block-image aligncenter size-full is-style-default\"><img loading=\"lazy\" decoding=\"async\" width=\"2560\" height=\"1779\" src=\"https:\/\/www.westcam-group.com\/wp-content\/uploads\/2024\/04\/LMM-laserbeschriftungs-system-westcam-technologies-1-scaled.jpg\" alt=\"\" class=\"wp-image-19964\" srcset=\"https:\/\/www.westcam-group.com\/wp-content\/uploads\/2024\/04\/LMM-laserbeschriftungs-system-westcam-technologies-1-scaled.jpg 2560w, https:\/\/www.westcam-group.com\/wp-content\/uploads\/2024\/04\/LMM-laserbeschriftungs-system-westcam-technologies-1-300x209.jpg 300w, https:\/\/www.westcam-group.com\/wp-content\/uploads\/2024\/04\/LMM-laserbeschriftungs-system-westcam-technologies-1-1024x712.jpg 1024w, https:\/\/www.westcam-group.com\/wp-content\/uploads\/2024\/04\/LMM-laserbeschriftungs-system-westcam-technologies-1-768x534.jpg 768w, https:\/\/www.westcam-group.com\/wp-content\/uploads\/2024\/04\/LMM-laserbeschriftungs-system-westcam-technologies-1-1536x1068.jpg 1536w, https:\/\/www.westcam-group.com\/wp-content\/uploads\/2024\/04\/LMM-laserbeschriftungs-system-westcam-technologies-1-2048x1424.jpg 2048w, https:\/\/www.westcam-group.com\/wp-content\/uploads\/2024\/04\/LMM-laserbeschriftungs-system-westcam-technologies-1-1295x900.jpg 1295w, https:\/\/www.westcam-group.com\/wp-content\/uploads\/2024\/04\/LMM-laserbeschriftungs-system-westcam-technologies-1-863x600.jpg 863w\" sizes=\"auto, (max-width: 2560px) 100vw, 2560px\" \/><\/figure>\n\n\n\n<div class=\"wp-block-group hero-violet has-accent-2-background-color has-background is-layout-flow wp-block-group-is-layout-flow\" style=\"padding-top:var(--wp--preset--spacing--30);padding-right:var(--wp--preset--spacing--30);padding-bottom:var(--wp--preset--spacing--30);padding-left:var(--wp--preset--spacing--30)\">\n<div class=\"wp-block-webx-blocks-fake-heading heading-h4 hero-subtitle has-base-color has-text-color\">Nejd\u016fle\u017eit\u011bj\u0161\u00ed informace<\/div>\n\n\n\n<ul class=\"wp-block-list hero-bullet-list-items is-style-westcam-list has-base-color has-accent-2-background-color has-text-color has-background has-link-color wp-elements-57ecd40e7920636478c41eb2864c22aa\">\n<li>P\u0159esnost a smysl pro detail<\/li>\n\n\n\n<li>Dlouh\u00e1 \u017eivotnost a odolnost<\/li>\n\n\n\n<li>Rychlost a efektivita<\/li>\n\n\n\n<li>Jednoduch\u00e9 p\u0159izp\u016fsoben\u00ed<\/li>\n\n\n\n<li>Vysok\u00e1 p\u0159esnost opakov\u00e1n\u00ed<\/li>\n<\/ul>\n<\/div>\n<\/div>\n<\/div>\n<\/div>\n\n<div class=\"wp-block-group has-global-padding is-layout-constrained wp-container-core-group-is-layout-00189ab9 wp-block-group-is-layout-constrained\">\n<div class=\"wp-block-media-text is-stacked-on-mobile is-image-fill-element\" style=\"margin-top:var(--wp--preset--spacing--50);margin-right:0;margin-bottom:var(--wp--preset--spacing--50);margin-left:0;padding-right:0;padding-left:0\"><figure class=\"wp-block-media-text__media\"><img loading=\"lazy\" decoding=\"async\" width=\"1024\" height=\"576\" src=\"https:\/\/www.westcam-group.com\/wp-content\/uploads\/2024\/04\/LMM-laserbeschriftungs-system-westcam-technologies-2-1024x576.jpg\" alt=\"\" class=\"wp-image-19967 size-full\" style=\"object-position:50% 50%\" srcset=\"https:\/\/www.westcam-group.com\/wp-content\/uploads\/2024\/04\/LMM-laserbeschriftungs-system-westcam-technologies-2-1024x576.jpg 1024w, https:\/\/www.westcam-group.com\/wp-content\/uploads\/2024\/04\/LMM-laserbeschriftungs-system-westcam-technologies-2-300x169.jpg 300w, https:\/\/www.westcam-group.com\/wp-content\/uploads\/2024\/04\/LMM-laserbeschriftungs-system-westcam-technologies-2-768x432.jpg 768w, https:\/\/www.westcam-group.com\/wp-content\/uploads\/2024\/04\/LMM-laserbeschriftungs-system-westcam-technologies-2-1536x864.jpg 1536w, https:\/\/www.westcam-group.com\/wp-content\/uploads\/2024\/04\/LMM-laserbeschriftungs-system-westcam-technologies-2-2048x1152.jpg 2048w, https:\/\/www.westcam-group.com\/wp-content\/uploads\/2024\/04\/LMM-laserbeschriftungs-system-westcam-technologies-2-1600x900.jpg 1600w, https:\/\/www.westcam-group.com\/wp-content\/uploads\/2024\/04\/LMM-laserbeschriftungs-system-westcam-technologies-2-1067x600.jpg 1067w\" sizes=\"auto, (max-width: 1024px) 100vw, 1024px\" \/><\/figure><div class=\"wp-block-media-text__content\">\n<h3 class=\"wp-block-heading has-text-align-left\" style=\"text-transform:none\">Ozna\u010dov\u00e1n\u00ed voskov\u00fdch p\u00e1s\u016f LMM<\/h3>\n\n\n\n<p>Laserov\u00e9 moduly v na\u0161ich automatiza\u010dn\u00edch syst\u00e9mech vytv\u00e1\u0159ej\u00ed ostr\u00e9 zna\u010dky na plastov\u00fdch vst\u0159ikovan\u00fdch desk\u00e1ch. Dosahujeme dlouhodob\u00fdch v\u00fdsledk\u016f.   <\/p>\n\n\n\n<p class=\"has-text-align-left\">Laserov\u00e9 zna\u010den\u00ed na obou stran\u00e1ch umo\u017e\u0148uj\u00ed oboustrann\u00e9 uchopova\u010de.<\/p>\n<\/div><\/div>\n<\/div>\n\n<div class=\"wp-block-group has-global-padding is-layout-constrained wp-container-core-group-is-layout-baed9f38 wp-block-group-is-layout-constrained\" style=\"margin-top:var(--wp--preset--spacing--60);margin-bottom:var(--wp--preset--spacing--60)\">\n<h3 class=\"wp-block-heading\" style=\"margin-top:var(--wp--preset--spacing--20);margin-right:0;margin-bottom:var(--wp--preset--spacing--20);margin-left:0;text-transform:none\">\u010casto kladen\u00e9 ot\u00e1zky (FAQ)<\/h3>\n\n\n\n<script type=\"application\/ld+json\">{\"@context\":\"https:\/\/schema.org\",\"@type\":\"FAQPage\",\"mainEntity\":[{\"@type\":\"Question\",\"name\":\"Warum wird Laserbeschriftung eingesetzt?\",\"acceptedAnswer\":{\"@type\":\"Answer\",\"text\":\"Laserbeschriftung wird eingesetzt, um dauerhafte Markierungen bzw. Beschriftungen auf verschiedenen Materialen zu erzeugen. Sie ist perfekt geeignet zur Kennzeichnung und Beschriftung von Produkten, normgerechter Produktkennzeichnung und zur Personalisierung oder f\u00fcr Sicherheitsmarkierungen.\"}}]}<\/script><div class=\"wp-block-webx-blocks-accordion\">\n<div class=\"accordion\" id=\"warum-wird-laserbeschriftung-eingesetzt\"><h2 class=\"title faq-title\" itemprop=\"name\"><a href=\"#warum-wird-laserbeschriftung-eingesetzt\">Pro\u010d se pou\u017e\u00edv\u00e1 laserov\u00e9 zna\u010den\u00ed?<\/a><\/h2><div class=\"content\"><div class=\"wrapper\">\n<p>Laserov\u00e9 zna\u010den\u00ed se pou\u017e\u00edv\u00e1 k vytv\u00e1\u0159en\u00ed trval\u00fdch zna\u010dek nebo n\u00e1pis\u016f na r\u016fzn\u00fdch materi\u00e1lech. Je ide\u00e1ln\u00ed pro zna\u010den\u00ed a ozna\u010dov\u00e1n\u00ed v\u00fdrobk\u016f, ozna\u010dov\u00e1n\u00ed a personalizaci v\u00fdrobk\u016f v souladu s normami nebo pro bezpe\u010dnostn\u00ed zna\u010den\u00ed.   <\/p>\n<\/div><\/div><\/div>\n<\/div>\n<\/div>\n\n<div class=\"wp-block-group has-global-padding is-layout-constrained wp-container-core-group-is-layout-19e250f3 wp-block-group-is-layout-constrained\">\n<div id=\"free-version\" class=\"wp-block-group has-base-color has-contrast-background-color has-text-color has-background has-link-color wp-elements-967464b888cdb78ceb48ae32fd9d774b has-global-padding is-layout-constrained wp-container-core-group-is-layout-d2702112 wp-block-group-is-layout-constrained\" style=\"padding-top:var(--wp--preset--spacing--30);padding-right:var(--wp--preset--spacing--40);padding-bottom:var(--wp--preset--spacing--30);padding-left:var(--wp--preset--spacing--40)\">\n<h3 class=\"wp-block-heading has-base-color has-text-color has-link-color wp-elements-05aff5d145fb26661d8a554b35b2cffa\" style=\"text-transform:none\">Porad\u00edme v\u00e1m osobn\u011b!<\/h3>\n\n\n\n<div class=\"wpcf7 no-js\" id=\"wpcf7-f36538-o1\" lang=\"cs-CZ\" dir=\"ltr\" data-wpcf7-id=\"36538\">\n<div class=\"screen-reader-response\"><p role=\"status\" aria-live=\"polite\" aria-atomic=\"true\"><\/p> <ul><\/ul><\/div>\n<form action=\"\/cs\/wp-json\/wp\/v2\/product\/34683#wpcf7-f36538-o1\" method=\"post\" class=\"wpcf7-form init\" aria-label=\"Kontaktn\u00ed formul\u00e1\u0159\" novalidate=\"novalidate\" data-status=\"init\">\n<fieldset class=\"hidden-fields-container\"><input type=\"hidden\" name=\"_wpcf7\" value=\"36538\" \/><input type=\"hidden\" name=\"_wpcf7_version\" value=\"6.1.5\" \/><input type=\"hidden\" name=\"_wpcf7_locale\" value=\"cs_CZ\" \/><input type=\"hidden\" name=\"_wpcf7_unit_tag\" value=\"wpcf7-f36538-o1\" \/><input type=\"hidden\" name=\"_wpcf7_container_post\" value=\"0\" \/><input type=\"hidden\" name=\"_wpcf7_posted_data_hash\" value=\"\" \/><input type=\"hidden\" name=\"_wpcf7dtx_version\" value=\"5.0.5\" \/><input type=\"hidden\" name=\"_wpcf7_recaptcha_response\" value=\"\" \/>\n<\/fieldset>\n<h3 class=\"heading\">  Dotaz <label class=\"wpcf7-form-control wpcf7-label wpcf7dtx wpcf7dtx-label\" for=\"LMM - Laserov\u00fd zna\u010dkovac\u00ed syst\u00e9m\">LMM - Laserov\u00fd zna\u010dkovac\u00ed syst\u00e9m<\/label><span class=\"wpcf7-form-control-wrap dynamic_hidden-post-title\" data-name=\"dynamic_hidden-post-title\"><input type=\"hidden\" name=\"dynamic_hidden-post-title\" class=\"wpcf7-form-control wpcf7-hidden wpcf7dtx wpcf7dtx-hidden\" aria-invalid=\"false\" value=\"LMM - Laserov\u00fd zna\u010dkovac\u00ed syst\u00e9m\"><\/span><\/h3>\n\n<label>  N\u00e1zev\n    <span class=\"wpcf7-form-control-wrap\" data-name=\"fullname\"><input size=\"40\" maxlength=\"400\" class=\"wpcf7-form-control wpcf7-text\" aria-invalid=\"false\" value=\"\" type=\"text\" name=\"fullname\" \/><\/span> <\/label>\n\n<label>  E-mailov\u00e1 adresa*\n    <span class=\"wpcf7-form-control-wrap\" data-name=\"email\"><input size=\"40\" maxlength=\"400\" class=\"wpcf7-form-control wpcf7-email wpcf7-validates-as-required wpcf7-text wpcf7-validates-as-email\" aria-required=\"true\" aria-invalid=\"false\" value=\"\" type=\"email\" name=\"email\" \/><\/span> <\/label>\n\n<label>  Spole\u010dnost\n    <span class=\"wpcf7-form-control-wrap\" data-name=\"unternehmen\"><input size=\"40\" maxlength=\"400\" class=\"wpcf7-form-control wpcf7-text\" aria-invalid=\"false\" value=\"\" type=\"text\" name=\"unternehmen\" \/><\/span> <\/label>\n\n<label>  Va\u0161e zpr\u00e1va*\n    <span class=\"wpcf7-form-control-wrap\" data-name=\"nachricht\"><textarea cols=\"40\" rows=\"10\" maxlength=\"2000\" class=\"wpcf7-form-control wpcf7-textarea wpcf7-validates-as-required\" aria-required=\"true\" aria-invalid=\"false\" name=\"nachricht\"><\/textarea><\/span> <\/label>\n\n<span class=\"wpcf7-form-control-wrap dynamic_hidden_page_url\" data-name=\"dynamic_hidden_page_url\"><input type=\"hidden\" name=\"dynamic_hidden_page_url\" class=\"wpcf7-form-control wpcf7-hidden wpcf7dtx wpcf7dtx-hidden\" aria-invalid=\"false\" value=\"https:\/\/www.westcam-group.com\/cs\/wp-json\/wp\/v2\/product\/34683\"><\/span>\n\n<input class=\"wpcf7-form-control wpcf7-submit has-spinner\" type=\"submit\" value=\"Odeslat\" \/>\n\n[odpov\u011b\u010f]<div class=\"wpcf7-response-output\" aria-hidden=\"true\"><\/div>\n<\/form>\n<\/div>\n\n<\/div>\n\n\n\n<div id=\"ansprechpartner\" class=\"wp-block-group has-base-2-background-color has-background has-global-padding is-layout-constrained wp-container-core-group-is-layout-16946a23 wp-block-group-is-layout-constrained\" style=\"margin-top:0;margin-bottom:0;padding-top:var(--wp--preset--spacing--30);padding-right:var(--wp--preset--spacing--30);padding-bottom:var(--wp--preset--spacing--30);padding-left:var(--wp--preset--spacing--30)\">\n<div class=\"wp-block-group has-base-2-background-color has-background has-global-padding is-layout-constrained wp-container-core-group-is-layout-19e250f3 wp-block-group-is-layout-constrained\">\n<h2 class=\"wp-block-heading\" style=\"text-transform:none\">R\u00e1di jsme tu pro v\u00e1s<\/h2>\n<\/div>\n\n\n<div class=\"wp-block-webx-blocks-westcam-employee-display\">\n    <div class=\"employee-image\">\n        <img decoding=\"async\" src=\"https:\/\/www.westcam-group.com\/wp-content\/uploads\/2022\/02\/Harald.Unterrainer.CEO_.png\" alt=Harald Unterrainer \/>\n    <\/div>\n    <div class=\"employee-info\">\n        <div class=\"heading-h3\">Harald Unterrainer<\/div>\n        <div class=\"heading-h5 is-style-westcamized\">Gener\u00e1ln\u00ed \u0159editel WESTCAM Technologies GmbH<\/div>\n    <\/div>\n    <div class=\"employee-social\">\n        <div class=\"icons\">\n                        <a href=https:\/\/www.linkedin.com\/in\/mag-harald-unterrainer-mba-cse-b0829214\/ title=\"Harald Unterrainer on linkedIn\"\n                target=\"_blank\" rel=\"noopener noreferrer\">\n                <?xml version=\"1.0\" encoding=\"UTF-8\" standalone=\"no\"?>\n                <!DOCTYPE svg PUBLIC \"-\/\/W3C\/\/DTD SVG 1.1\/\/EN\" \"http:\/\/www.w3.org\/Graphics\/SVG\/1.1\/DTD\/svg11.dtd\"><svg\n                    width=\"100%\" height=\"100%\" viewBox=\"0 0 248 204\" version=\"1.1\" xmlns=\"http:\/\/www.w3.org\/2000\/svg\"\n                    xmlns:xlink=\"http:\/\/www.w3.org\/1999\/xlink\" xml:space=\"preserve\" xmlns:serif=\"http:\/\/www.serif.com\/\"\n                    style=\"fill-rule:evenodd;clip-rule:evenodd;stroke-linejoin:round;stroke-miterlimit:2;\">\n                    <path\n                        d=\"M226,204l-41.916,0l0,-71.392c0,-19.573 -7.437,-30.512 -22.93,-30.512c-16.854,0 -25.659,11.383 -25.659,30.512l-0,71.392l-40.395,0l-0,-136l40.395,-0l-0,18.319c-0,0 12.146,-22.474 41.006,-22.474c28.847,-0 49.499,17.616 49.499,54.048l0,86.107Zm-179.091,-153.808c-13.759,-0 -24.909,-11.237 -24.909,-25.096c0,-13.859 11.15,-25.096 24.909,-25.096c13.759,-0 24.902,11.237 24.902,25.096c0,13.859 -11.143,25.096 -24.902,25.096Zm-20.858,153.808l42.121,0l0,-136l-42.121,-0l-0,136Z\" \/>\n                <\/svg>\n            <\/a>\n                                    <a href=\"\/vcard\/33808\" title=\"Download vCard\"\n                class=\"vcard-button\">\n                <svg xmlns=\"http:\/\/www.w3.org\/2000\/svg\" width=\"32.143\" height=\"25\" viewBox=\"0 0 32.143 25\">\n                    <path id=\"address-card-solid\"\n                        d=\"M3.571,32A3.575,3.575,0,0,0,0,35.571V53.429A3.575,3.575,0,0,0,3.571,57h25a3.575,3.575,0,0,0,3.571-3.571V35.571A3.575,3.575,0,0,0,28.571,32ZM8.036,46.286h3.571a4.463,4.463,0,0,1,4.464,4.464.9.9,0,0,1-.893.893H4.464a.9.9,0,0,1-.893-.893A4.463,4.463,0,0,1,8.036,46.286ZM6.25,40.929A3.571,3.571,0,1,1,9.821,44.5,3.571,3.571,0,0,1,6.25,40.929Zm14.286-1.786h7.143a.893.893,0,0,1,0,1.786H20.536a.893.893,0,0,1,0-1.786Zm0,3.571h7.143a.893.893,0,0,1,0,1.786H20.536a.893.893,0,0,1,0-1.786Zm0,3.571h7.143a.893.893,0,0,1,0,1.786H20.536a.893.893,0,0,1,0-1.786Z\"\n                        transform=\"translate(0 -32)\" fill=\"#111\" \/>\n                <\/svg>\n            <\/a>\n        <\/div>\n    <\/div>\n    <div class=\"employee-contact\">\n                <a href=\"tel:+43 5223 55509 132\">\n            <div class=\" employee-phone\">\n                <svg xmlns=\"http:\/\/www.w3.org\/2000\/svg\" width=\"32\" height=\"32\" viewBox=\"0 0 32 32\">\n                    <path id=\"phone\"\n                        d=\"M6.529,4h7.059l3.529,8.824-4.412,2.647a19.412,19.412,0,0,0,8.824,8.824l2.647-4.412L33,23.412v7.059A3.529,3.529,0,0,1,29.471,34,28.235,28.235,0,0,1,3,7.529,3.529,3.529,0,0,1,6.529,4\"\n                        transform=\"translate(-2 -3)\" fill=\"none\" stroke=\"#111\" stroke-linecap=\"round\"\n                        stroke-linejoin=\"round\" stroke-width=\"2\" \/>\n                <\/svg>\n\n                +43 5223 55509 132\n            <\/div>\n        <\/a>\n                                <a href=\"mailto:harald.unterrainer@westcam.at\">\n            <div class=\" employee-email\">\n                <svg xmlns=\"http:\/\/www.w3.org\/2000\/svg\" width=\"32.773\" height=\"25.333\" viewBox=\"0 0 32.773 25.333\">\n                    <g id=\"mail\" transform=\"translate(1.387 1)\">\n                        <rect id=\"Rechteck_11\" data-name=\"Rechteck 11\" width=\"30\" height=\"23.333\" rx=\"2\" fill=\"none\"\n                            stroke=\"#111\" stroke-linecap=\"round\" stroke-linejoin=\"round\" stroke-width=\"2\" \/>\n                        <path id=\"Pfad_100\" data-name=\"Pfad 100\" d=\"M3,7,18,17,33,7\" transform=\"translate(-3 -3.667)\"\n                            fill=\"none\" stroke=\"#111\" stroke-linecap=\"round\" stroke-linejoin=\"round\" stroke-width=\"2\" \/>\n                    <\/g>\n                <\/svg>\n                harald.unterrainer@westcam.at\n            <\/div>\n        <\/a>\n        \n\n\n    <\/div>\n        <div class=\"employee-callback wp-block-button is-style-outline\">\n        <a href=\"\/anfrage\/\"\n            class=\"wp-block-button__link wp-element-button\">zeptat se<\/a>\n    <\/div>\n    <\/div><\/div>\n<\/div>\n","protected":false},"excerpt":{"rendered":"<p>Laserov\u00fd zna\u010dkovac\u00ed syst\u00e9m LMM, speci\u00e1ln\u011b vyvinut\u00fd pro dent\u00e1ln\u00ed pr\u016fmysl, je ide\u00e1ln\u00ed pro zna\u010den\u00ed voskov\u00fdch p\u00e1sk\u016f jednotliv\u011b i oboustrann\u011b.<\/p>\n","protected":false},"author":2,"featured_media":19965,"parent":34479,"menu_order":9,"comment_status":"closed","ping_status":"closed","template":"","meta":{"content-type":"","footnotes":""},"competence":[2806],"class_list":["post-34683","product","type-product","status-publish","has-post-thumbnail","hentry","competence-dentalanlagen-cs"],"_links":{"self":[{"href":"https:\/\/www.westcam-group.com\/cs\/wp-json\/wp\/v2\/product\/34683","targetHints":{"allow":["GET"]}}],"collection":[{"href":"https:\/\/www.westcam-group.com\/cs\/wp-json\/wp\/v2\/product"}],"about":[{"href":"https:\/\/www.westcam-group.com\/cs\/wp-json\/wp\/v2\/types\/product"}],"author":[{"embeddable":true,"href":"https:\/\/www.westcam-group.com\/cs\/wp-json\/wp\/v2\/users\/2"}],"replies":[{"embeddable":true,"href":"https:\/\/www.westcam-group.com\/cs\/wp-json\/wp\/v2\/comments?post=34683"}],"version-history":[{"count":4,"href":"https:\/\/www.westcam-group.com\/cs\/wp-json\/wp\/v2\/product\/34683\/revisions"}],"predecessor-version":[{"id":38417,"href":"https:\/\/www.westcam-group.com\/cs\/wp-json\/wp\/v2\/product\/34683\/revisions\/38417"}],"up":[{"embeddable":true,"href":"https:\/\/www.westcam-group.com\/cs\/wp-json\/wp\/v2\/product\/34479"}],"wp:featuredmedia":[{"embeddable":true,"href":"https:\/\/www.westcam-group.com\/cs\/wp-json\/wp\/v2\/media\/19965"}],"wp:attachment":[{"href":"https:\/\/www.westcam-group.com\/cs\/wp-json\/wp\/v2\/media?parent=34683"}],"wp:term":[{"taxonomy":"competence","embeddable":true,"href":"https:\/\/www.westcam-group.com\/cs\/wp-json\/wp\/v2\/competence?post=34683"}],"curies":[{"name":"wp","href":"https:\/\/api.w.org\/{rel}","templated":true}]}}