{"id":34672,"date":"2024-04-24T09:27:03","date_gmt":"2024-04-24T07:27:03","guid":{"rendered":"https:\/\/www.westcam-group.com\/produkte\/software-pro-mereni\/"},"modified":"2025-02-25T15:27:35","modified_gmt":"2025-02-25T14:27:35","slug":"software-pro-mereni","status":"publish","type":"product","link":"https:\/\/www.westcam-group.com\/cs\/produkty\/technologie-3d-mereni\/software-pro-mereni\/","title":{"rendered":"Software pro m\u011b\u0159en\u00ed"},"content":{"rendered":"\n<div class=\"wp-block-group alignfull has-global-padding is-layout-constrained wp-block-group-is-layout-constrained\">\n<div class=\"wp-block-webx-blocks-westcam-hero alignfull ltr\" style=\"margin-top:var(--wp--preset--spacing--50);margin-bottom:var(--wp--preset--spacing--50)\"><div class=\"hero-image\" style=\"--aspect-ratio:4 \/ 3\"> <img decoding=\"async\" srcset=\"https:\/\/www.westcam-group.com\/wp-content\/uploads\/2024\/09\/westcam-4-icon-3d-messtechnik-150x150.png 150w, https:\/\/www.westcam-group.com\/wp-content\/uploads\/2024\/09\/westcam-4-icon-3d-messtechnik-300x300.png 300w, https:\/\/www.westcam-group.com\/wp-content\/uploads\/2024\/09\/westcam-4-icon-3d-messtechnik-1024x1024.png 1024w, https:\/\/www.westcam-group.com\/wp-content\/uploads\/2024\/09\/westcam-4-icon-3d-messtechnik.png 1181w, https:\/\/www.westcam-group.com\/wp-content\/uploads\/2024\/09\/westcam-4-icon-3d-messtechnik-900x900.png 900w, https:\/\/www.westcam-group.com\/wp-content\/uploads\/2024\/09\/westcam-4-icon-3d-messtechnik-600x600.png 600w\" src=\"https:\/\/www.westcam-group.com\/wp-content\/uploads\/2024\/09\/westcam-4-icon-3d-messtechnik.png\" alt=\"\"\/><\/div><div class=\"hero-placeholder\"><\/div>\n<div class=\"wp-block-group hero-content is-layout-flow wp-block-group-is-layout-flow\">\n<div class=\"wp-block-webx-blocks-fake-heading heading-h4 hero-subtitle is-style-westcamized\" style=\"text-transform:none\">Sada ZEISS Quality Suite<\/div>\n\n\n<h1 style=\"text-transform:none; margin-top:0;margin-bottom:0;\" class=\"wp-block-post-title\">Software pro m\u011b\u0159en\u00ed<\/h1>\n\n\n<p><strong>Sada ZEISS Quality Suite kombinuje<\/strong> komplexn\u00ed <strong>\u0159adu v\u00fdkonn\u00fdch <\/strong> <strong>softwarov\u00fdch n\u00e1stroj\u016f, kter\u00e9<\/strong> umo\u017e\u0148uj\u00ed konzistentn\u00ed, efektivn\u00ed a transparentn\u00ed <strong>kontrolu kvality <\/strong>.  <\/p>\n\n\n\n<p>Se sadou ZEISS Quality Suite mohou spole\u010dnosti vyu\u017e\u00edvat v\u00fdhod integrovan\u00e9ho \u0159e\u0161en\u00ed, kter\u00e9 propojuje a \u0159\u00edd\u00ed v\u0161echny <strong>procesy m\u011b\u0159en\u00ed a kontroly nap\u0159\u00ed\u010d<\/strong> r\u016fzn\u00fdmi <strong>m\u011b\u0159ic\u00edmi technologiemi <\/strong>.<\/p>\n\n\n\n<p>Sada ZEISS Quality Suite poskytuje <strong>p\u0159\u00edstup k <\/strong>r\u016fzn\u00fdm <strong>softwarov\u00fdm bal\u00ed\u010dk\u016fm,<\/strong> <strong>a to jak<\/strong> pro samostatn\u00e9 <strong>kontroln\u00ed aplikace, tak pro<\/strong> ovl\u00e1d\u00e1n\u00ed p\u0159\u00edslu\u0161n\u00fdch <strong>za\u0159\u00edzen\u00ed<\/strong> ZEISS.<\/p>\n\n\n\n<figure class=\"wp-block-image size-full\"><img loading=\"lazy\" decoding=\"async\" width=\"570\" height=\"207\" src=\"https:\/\/www.westcam-group.com\/wp-content\/uploads\/2024\/04\/ZEISSCertifiedMetrologyPartner.jpg\" alt=\"\" class=\"wp-image-21005\" srcset=\"https:\/\/www.westcam-group.com\/wp-content\/uploads\/2024\/04\/ZEISSCertifiedMetrologyPartner.jpg 570w, https:\/\/www.westcam-group.com\/wp-content\/uploads\/2024\/04\/ZEISSCertifiedMetrologyPartner-300x109.jpg 300w\" sizes=\"auto, (max-width: 570px) 100vw, 570px\" \/><\/figure>\n<\/div>\n<\/div>\n<\/div>\n\n<h2 class=\"wp-block-heading\" style=\"text-transform:none\">Na\u0161e nab\u00eddka pro v\u00e1s<\/h2>\n<div style=\"margin-top:var(--wp--preset--spacing--30);margin-bottom:var(--wp--preset--spacing--50);\" class=\"wp-block-webx-post-list-webx-post-list wp-block-webx-post-list-webx-post-list\" data-listid=\"66298\">\n    <script class=\"webx-filter-list-config\" type=\"application\/json\">{\"postType\":\"product\",\"enableParentPost\":true,\"displayGrid\":true,\"subTitle\":\"product_category\",\"fieldOne\":\"product_category\",\"fieldTwo\":\"product_category\",\"className\":\"wp-block-webx-post-list-webx-post-list\",\"style\":{\"spacing\":{\"margin\":{\"top\":\"var:preset|spacing|30\",\"bottom\":\"var:preset|spacing|50\"}}},\"compactGrid\":false,\"language\":\"en\",\"listId\":66298,\"postId\":34672}<\/script>\n    <div class=\"webx-post-list\" data-listid=\"66298\"><\/div>\n    \n<div>\n<div class=\"wp-block-webx-post-list-webx-filters\"><div><\/div><\/div>\n<\/div>\n<\/div>","protected":false},"excerpt":{"rendered":"<p>Sada ZEISS Quality Suite kombinuje v\u00fdkonn\u00e9 softwarov\u00e9 n\u00e1stroje, kter\u00e9 umo\u017e\u0148uj\u00ed d\u016fslednou a efektivn\u00ed kontrolu kvality.<\/p>\n","protected":false},"author":2,"featured_media":12679,"parent":34742,"menu_order":11,"comment_status":"closed","ping_status":"closed","template":"","meta":{"content-type":"","footnotes":""},"competence":[2749],"class_list":["post-34672","product","type-product","status-publish","has-post-thumbnail","hentry","competence-messtechnik-software-cs"],"_links":{"self":[{"href":"https:\/\/www.westcam-group.com\/cs\/wp-json\/wp\/v2\/product\/34672","targetHints":{"allow":["GET"]}}],"collection":[{"href":"https:\/\/www.westcam-group.com\/cs\/wp-json\/wp\/v2\/product"}],"about":[{"href":"https:\/\/www.westcam-group.com\/cs\/wp-json\/wp\/v2\/types\/product"}],"author":[{"embeddable":true,"href":"https:\/\/www.westcam-group.com\/cs\/wp-json\/wp\/v2\/users\/2"}],"replies":[{"embeddable":true,"href":"https:\/\/www.westcam-group.com\/cs\/wp-json\/wp\/v2\/comments?post=34672"}],"version-history":[{"count":2,"href":"https:\/\/www.westcam-group.com\/cs\/wp-json\/wp\/v2\/product\/34672\/revisions"}],"predecessor-version":[{"id":34676,"href":"https:\/\/www.westcam-group.com\/cs\/wp-json\/wp\/v2\/product\/34672\/revisions\/34676"}],"up":[{"embeddable":true,"href":"https:\/\/www.westcam-group.com\/cs\/wp-json\/wp\/v2\/product\/34742"}],"wp:featuredmedia":[{"embeddable":true,"href":"https:\/\/www.westcam-group.com\/cs\/wp-json\/wp\/v2\/media\/12679"}],"wp:attachment":[{"href":"https:\/\/www.westcam-group.com\/cs\/wp-json\/wp\/v2\/media?parent=34672"}],"wp:term":[{"taxonomy":"competence","embeddable":true,"href":"https:\/\/www.westcam-group.com\/cs\/wp-json\/wp\/v2\/competence?post=34672"}],"curies":[{"name":"wp","href":"https:\/\/api.w.org\/{rel}","templated":true}]}}