{"id":34659,"date":"2024-04-24T08:11:20","date_gmt":"2024-04-24T06:11:20","guid":{"rendered":"https:\/\/www.westcam-group.com\/produkte\/3d-tisk\/kov-elektronovy-paprsek-kolibrium\/"},"modified":"2025-03-23T10:14:48","modified_gmt":"2025-03-23T09:14:48","slug":"kov-elektronovy-paprsek-kolibrium","status":"publish","type":"product","link":"https:\/\/www.westcam-group.com\/cs\/produkty\/3d-tisk\/kov-elektronovy-paprsek-kolibrium\/","title":{"rendered":"Kov &#8211; elektronov\u00fd paprsek | Colibrium"},"content":{"rendered":"\n<div class=\"wp-block-group alignfull has-global-padding is-layout-constrained wp-block-group-is-layout-constrained\">\n<div class=\"wp-block-webx-blocks-westcam-hero alignfull ltr\" style=\"margin-top:var(--wp--preset--spacing--50);margin-bottom:var(--wp--preset--spacing--50)\"><div class=\"hero-image\" style=\"--aspect-ratio:4 \/ 3\"> <img decoding=\"async\" srcset=\"https:\/\/www.westcam-group.com\/wp-content\/uploads\/2024\/09\/westcam-2-icon-3d-druck-150x150.png 150w, https:\/\/www.westcam-group.com\/wp-content\/uploads\/2024\/09\/westcam-2-icon-3d-druck-300x300.png 300w, https:\/\/www.westcam-group.com\/wp-content\/uploads\/2024\/09\/westcam-2-icon-3d-druck-1024x1024.png 1024w, https:\/\/www.westcam-group.com\/wp-content\/uploads\/2024\/09\/westcam-2-icon-3d-druck.png 1181w, https:\/\/www.westcam-group.com\/wp-content\/uploads\/2024\/09\/westcam-2-icon-3d-druck-900x900.png 900w, https:\/\/www.westcam-group.com\/wp-content\/uploads\/2024\/09\/westcam-2-icon-3d-druck-600x600.png 600w\" src=\"https:\/\/www.westcam-group.com\/wp-content\/uploads\/2024\/09\/westcam-2-icon-3d-druck.png\" alt=\"\"\/><\/div><div class=\"hero-placeholder\"><\/div>\n<div class=\"wp-block-group hero-content is-layout-flow wp-block-group-is-layout-flow\">\n<div class=\"wp-block-webx-blocks-fake-heading heading-h4 hero-subtitle is-style-westcamized\" style=\"text-transform:none\">EBM &#8211; Elektronov\u00fd paprsek pro 3D tisk kov\u016f<\/div>\n\n\n<h1 style=\"text-transform:none; margin-top:0;margin-bottom:0;\" class=\"wp-block-post-title\">Kov &#8211; elektronov\u00fd paprsek | Colibrium<\/h1>\n\n\n<h5 class=\"wp-block-heading\"><strong>EBM (taven\u00ed elektronov\u00fdm svazkem<\/strong>): Taven\u00ed elektronov\u00fdm svazkem<\/h5>\n\n\n\n<p>EBM se \u010dasto pou\u017e\u00edv\u00e1 v leteck\u00e9m, zdravotnick\u00e9m a automobilov\u00e9m pr\u016fmyslu k v\u00fdrob\u011b slo\u017eit\u00fdch kovov\u00fdch d\u00edl\u016f.<\/p>\n<\/div>\n<\/div>\n<\/div>\n\n<h3 class=\"wp-block-heading\" style=\"text-transform:none\">Jak funguje taven\u00ed elektronov\u00fdm paprskem<\/h3>\n\n<ul class=\"wp-block-list\">\n<li><strong>P\u0159\u00edprava pr\u00e1\u0161ku<\/strong>: Proces za\u010d\u00edn\u00e1 jemn\u00fdm kovov\u00fdm pr\u00e1\u0161kem, kter\u00fd se rovnom\u011brn\u011b nan\u00e1\u0161\u00ed na stavebn\u00ed plo\u0161inu. Typick\u00fdmi materi\u00e1ly jsou titan, kobalt-chrom a slitiny na b\u00e1zi niklu. <\/li>\n\n\n\n<li><strong>Elektronov\u00fd paprsek<\/strong>: Siln\u00fd elektronov\u00fd paprsek je generov\u00e1n ve vakuu. Paprsek je \u0159\u00edzen magnetick\u00fdm polem a pohybuje se p\u0159esn\u011b po konstruk\u010dn\u00ed plo\u0161in\u011b. <\/li>\n\n\n\n<li><strong>Selektivn\u00ed taven\u00ed<\/strong>: Elektronov\u00fd paprsek selektivn\u011b tav\u00ed kovov\u00fd pr\u00e1\u0161ek v oblastech, kter\u00e9 odpov\u00eddaj\u00ed konstrukci sou\u010d\u00e1sti. To se prov\u00e1d\u00ed vrstvu po vrstv\u011b, dokud nen\u00ed vytvo\u0159ena cel\u00e1 sou\u010d\u00e1stka. <\/li>\n\n\n\n<li><strong>Struktura komponenty<\/strong>: Po roztaven\u00ed a ztuhnut\u00ed vrstvy se nanese nov\u00e1 vrstva pr\u00e1\u0161ku a proces se opakuje. T\u00edmto zp\u016fsobem se sou\u010d\u00e1stka vytv\u00e1\u0159\u00ed vrstvu po vrstv\u011b. <\/li>\n\n\n\n<li><strong>Chlazen\u00ed a n\u00e1sledn\u00e9 zpracov\u00e1n\u00ed<\/strong>: Hotov\u00fd d\u00edl se po tisku pomalu ochlazuje. Tepeln\u00e9 zpracov\u00e1n\u00ed jako u laserov\u00e9ho taven\u00ed nen\u00ed nutn\u00e9. <\/li>\n<\/ul>\n\n<div class=\"wp-block-group has-base-2-background-color has-background has-global-padding is-content-justification-center is-layout-constrained wp-container-core-group-is-layout-606d210a wp-block-group-is-layout-constrained\" style=\"padding-top:var(--wp--preset--spacing--30);padding-bottom:var(--wp--preset--spacing--30)\">\n<figure class=\"wp-block-embed is-type-video is-provider-youtube wp-block-embed-youtube wp-embed-aspect-16-9 wp-has-aspect-ratio\"><div class=\"wp-block-embed__wrapper\">\n<div class=\"cookieconsent-optout-marketing\">\n    Bitte  <a href=\"javascript:Cookiebot.renew()\">Marketing-Cookies akzeptieren<\/a>, um dieses Video zu laden.\n    <\/div>\n            <iframe data-cookieblock-src=\"https:\/\/www.youtube.com\/embed\/CUeDevI6kyE?feature=oembed\" data-cookieconsent=\"marketing\" title=\"Transformative technology\u2014Electron Beam Melting (EBM)\" width=\"500\" height=\"281\"  frameborder=\"0\" allow=\"accelerometer; autoplay; clipboard-write; encrypted-media; gyroscope; picture-in-picture; web-share\" referrerpolicy=\"strict-origin-when-cross-origin\" allowfullscreen><\/iframe>\n<\/div><figcaption class=\"wp-element-caption\">Proces EBM &#8211; taven\u00ed elektronov\u00fdm paprskem  <\/figcaption><\/figure>\n<\/div>\n\n<p><\/p>\n\n<h2 class=\"wp-block-heading\" style=\"text-transform:none\">Na\u0161e nab\u00eddka pro v\u00e1s<\/h2>\n<div style=\"margin-top:var(--wp--preset--spacing--30);margin-bottom:var(--wp--preset--spacing--50);\" class=\"wp-block-webx-post-list-webx-post-list wp-block-webx-post-list-webx-post-list\" data-listid=\"31109\">\n    <script class=\"webx-filter-list-config\" type=\"application\/json\">{\"postType\":\"product\",\"enableParentPost\":true,\"displayGrid\":true,\"subTitle\":\"product_category\",\"fieldOne\":\"product_category\",\"fieldTwo\":\"product_category\",\"className\":\"wp-block-webx-post-list-webx-post-list\",\"style\":{\"spacing\":{\"margin\":{\"top\":\"var:preset|spacing|30\",\"bottom\":\"var:preset|spacing|50\"}}},\"compactGrid\":false,\"language\":\"en\",\"listId\":31109,\"postId\":34659}<\/script>\n    <div class=\"webx-post-list\" data-listid=\"31109\"><\/div>\n    \n<div>\n<div class=\"wp-block-webx-post-list-webx-filters\"><div><\/div><\/div>\n<\/div>\n<\/div><div style=\"padding-top:var(--wp--preset--spacing--20);padding-right:var(--wp--preset--spacing--30);padding-bottom:var(--wp--preset--spacing--20);padding-left:var(--wp--preset--spacing--30);margin-top:0;margin-right:0;margin-bottom:0;margin-left:0;\" class=\"wp-block-webx-blocks-image-slider has-background has-accent-2-background-color\">\n    <div class=\"swiper webx-gallery-swiper\" data-spv=\"7\">\n        <div class=\"swiper-wrapper\">\n                                                <div class=\"swiper-slide\">\n                <a href=\"https:\/\/www.westcam-group.com\/wp-content\/uploads\/2024\/04\/ebm-colibrium-additive-1.png\" class=\"glightbox\">\n                    <img decoding=\"async\" loading=\"lazy\" style=\"aspect-ratio: 4 \/ 3\" width=\"640\" height=\"380\"\n                        src=\"https:\/\/www.westcam-group.com\/wp-content\/uploads\/2024\/04\/ebm-colibrium-additive-1.png\" srcset=\"https:\/\/www.westcam-group.com\/wp-content\/uploads\/2024\/04\/ebm-colibrium-additive-1.png 1800w, https:\/\/www.westcam-group.com\/wp-content\/uploads\/2024\/04\/ebm-colibrium-additive-1-300x170.png 300w, https:\/\/www.westcam-group.com\/wp-content\/uploads\/2024\/04\/ebm-colibrium-additive-1-1024x580.png 1024w, https:\/\/www.westcam-group.com\/wp-content\/uploads\/2024\/04\/ebm-colibrium-additive-1-768x435.png 768w, https:\/\/www.westcam-group.com\/wp-content\/uploads\/2024\/04\/ebm-colibrium-additive-1-1536x870.png 1536w, https:\/\/www.westcam-group.com\/wp-content\/uploads\/2024\/04\/ebm-colibrium-additive-1-1588x900.png 1588w, https:\/\/www.westcam-group.com\/wp-content\/uploads\/2024\/04\/ebm-colibrium-additive-1-1059x600.png 1059w\" sizes=\"auto, (max-width: 1800px) 100vw, 1800px\"\n                        alt=\"\" title=\"ebm-colibrium- additive-1\" \/>\n                <\/a>\n            <\/div>\n                                                            <div class=\"swiper-slide\">\n                <a href=\"https:\/\/www.westcam-group.com\/wp-content\/uploads\/2024\/04\/ebm-colibrium-additive-2.png\" class=\"glightbox\">\n                    <img decoding=\"async\" loading=\"lazy\" style=\"aspect-ratio: 4 \/ 3\" width=\"640\" height=\"380\"\n                        src=\"https:\/\/www.westcam-group.com\/wp-content\/uploads\/2024\/04\/ebm-colibrium-additive-2.png\" srcset=\"https:\/\/www.westcam-group.com\/wp-content\/uploads\/2024\/04\/ebm-colibrium-additive-2.png 1800w, https:\/\/www.westcam-group.com\/wp-content\/uploads\/2024\/04\/ebm-colibrium-additive-2-300x170.png 300w, https:\/\/www.westcam-group.com\/wp-content\/uploads\/2024\/04\/ebm-colibrium-additive-2-1024x580.png 1024w, https:\/\/www.westcam-group.com\/wp-content\/uploads\/2024\/04\/ebm-colibrium-additive-2-768x435.png 768w, https:\/\/www.westcam-group.com\/wp-content\/uploads\/2024\/04\/ebm-colibrium-additive-2-1536x870.png 1536w, https:\/\/www.westcam-group.com\/wp-content\/uploads\/2024\/04\/ebm-colibrium-additive-2-1588x900.png 1588w, https:\/\/www.westcam-group.com\/wp-content\/uploads\/2024\/04\/ebm-colibrium-additive-2-1059x600.png 1059w\" sizes=\"auto, (max-width: 1800px) 100vw, 1800px\"\n                        alt=\"\" title=\"ebm-colibrium- additive-2\" \/>\n                <\/a>\n            <\/div>\n                                                            <div class=\"swiper-slide\">\n                <a href=\"https:\/\/www.westcam-group.com\/wp-content\/uploads\/2024\/04\/ebm-colibrium-additive-3.jpg\" class=\"glightbox\">\n                    <img decoding=\"async\" loading=\"lazy\" style=\"aspect-ratio: 4 \/ 3\" width=\"640\" height=\"380\"\n                        src=\"https:\/\/www.westcam-group.com\/wp-content\/uploads\/2024\/04\/ebm-colibrium-additive-3.jpg\" srcset=\"https:\/\/www.westcam-group.com\/wp-content\/uploads\/2024\/04\/ebm-colibrium-additive-3.jpg 385w, https:\/\/www.westcam-group.com\/wp-content\/uploads\/2024\/04\/ebm-colibrium-additive-3-238x300.jpg 238w\" sizes=\"auto, (max-width: 385px) 100vw, 385px\"\n                        alt=\"\" title=\"ebm-colibrium- additive-3\" \/>\n                <\/a>\n            <\/div>\n                                                            <div class=\"swiper-slide\">\n                <a href=\"https:\/\/www.westcam-group.com\/wp-content\/uploads\/2024\/04\/ebm-colibrium-additive-4.jpg\" class=\"glightbox\">\n                    <img decoding=\"async\" loading=\"lazy\" style=\"aspect-ratio: 4 \/ 3\" width=\"640\" height=\"380\"\n                        src=\"https:\/\/www.westcam-group.com\/wp-content\/uploads\/2024\/04\/ebm-colibrium-additive-4.jpg\" srcset=\"https:\/\/www.westcam-group.com\/wp-content\/uploads\/2024\/04\/ebm-colibrium-additive-4.jpg 722w, https:\/\/www.westcam-group.com\/wp-content\/uploads\/2024\/04\/ebm-colibrium-additive-4-296x300.jpg 296w, https:\/\/www.westcam-group.com\/wp-content\/uploads\/2024\/04\/ebm-colibrium-additive-4-592x600.jpg 592w\" sizes=\"auto, (max-width: 722px) 100vw, 722px\"\n                        alt=\"\" title=\"ebm-colibrium- additive-4\" \/>\n                <\/a>\n            <\/div>\n                                                            <div class=\"swiper-slide\">\n                <a href=\"https:\/\/www.westcam-group.com\/wp-content\/uploads\/2024\/04\/ebm-colibrium-additive-5.png\" class=\"glightbox\">\n                    <img decoding=\"async\" loading=\"lazy\" style=\"aspect-ratio: 4 \/ 3\" width=\"640\" height=\"380\"\n                        src=\"https:\/\/www.westcam-group.com\/wp-content\/uploads\/2024\/04\/ebm-colibrium-additive-5.png\" srcset=\"https:\/\/www.westcam-group.com\/wp-content\/uploads\/2024\/04\/ebm-colibrium-additive-5.png 326w, https:\/\/www.westcam-group.com\/wp-content\/uploads\/2024\/04\/ebm-colibrium-additive-5-300x297.png 300w, https:\/\/www.westcam-group.com\/wp-content\/uploads\/2024\/04\/ebm-colibrium-additive-5-150x150.png 150w\" sizes=\"auto, (max-width: 326px) 100vw, 326px\"\n                        alt=\"\" title=\"ebm-colibrium- additive-5\" \/>\n                <\/a>\n            <\/div>\n                                                            <div class=\"swiper-slide\">\n                <a href=\"https:\/\/www.westcam-group.com\/wp-content\/uploads\/2024\/04\/ebm-colibrium-additive-6.jpg\" class=\"glightbox\">\n                    <img decoding=\"async\" loading=\"lazy\" style=\"aspect-ratio: 4 \/ 3\" width=\"640\" height=\"380\"\n                        src=\"https:\/\/www.westcam-group.com\/wp-content\/uploads\/2024\/04\/ebm-colibrium-additive-6.jpg\" srcset=\"https:\/\/www.westcam-group.com\/wp-content\/uploads\/2024\/04\/ebm-colibrium-additive-6.jpg 633w, https:\/\/www.westcam-group.com\/wp-content\/uploads\/2024\/04\/ebm-colibrium-additive-6-300x233.jpg 300w\" sizes=\"auto, (max-width: 633px) 100vw, 633px\"\n                        alt=\"\" title=\"ebm-colibrium- additive-6\" \/>\n                <\/a>\n            <\/div>\n                                                            <div class=\"swiper-slide\">\n                <a href=\"https:\/\/www.westcam-group.com\/wp-content\/uploads\/2024\/04\/ebm-colibrium-additive-7.jpg\" class=\"glightbox\">\n                    <img decoding=\"async\" loading=\"lazy\" style=\"aspect-ratio: 4 \/ 3\" width=\"640\" height=\"380\"\n                        src=\"https:\/\/www.westcam-group.com\/wp-content\/uploads\/2024\/04\/ebm-colibrium-additive-7.jpg\" srcset=\"https:\/\/www.westcam-group.com\/wp-content\/uploads\/2024\/04\/ebm-colibrium-additive-7.jpg 602w, https:\/\/www.westcam-group.com\/wp-content\/uploads\/2024\/04\/ebm-colibrium-additive-7-300x280.jpg 300w\" sizes=\"auto, (max-width: 602px) 100vw, 602px\"\n                        alt=\"\" title=\"ebm-colibrium- additive-7\" \/>\n                <\/a>\n            <\/div>\n                                    <div class=\"swiper-button-prev swiper-button-prev-\"><\/div>\n            <div class=\"swiper-button-next swiper-button-next-\"><\/div>\n        <\/div>\n    <\/div>\n<\/div>","protected":false},"excerpt":{"rendered":"<p>Tam, kde kon\u010d\u00ed laser, za\u010d\u00edn\u00e1 elektronov\u00fd paprsek:<br \/>\nMaxim\u00e1ln\u00ed produktivita d\u00edky konstrukci bez podp\u011br, nez\u00e1visl\u00e9 na stavebn\u00edch desk\u00e1ch v s\u00e9riov\u00e9 v\u00fdrob\u011b.<\/p>\n","protected":false},"author":2,"featured_media":23984,"parent":5389,"menu_order":11,"comment_status":"closed","ping_status":"closed","template":"","meta":{"content-type":"","footnotes":""},"competence":[2730],"class_list":["post-34659","product","type-product","status-publish","has-post-thumbnail","hentry","competence-metall-electron-colibrium-cs"],"_links":{"self":[{"href":"https:\/\/www.westcam-group.com\/cs\/wp-json\/wp\/v2\/product\/34659","targetHints":{"allow":["GET"]}}],"collection":[{"href":"https:\/\/www.westcam-group.com\/cs\/wp-json\/wp\/v2\/product"}],"about":[{"href":"https:\/\/www.westcam-group.com\/cs\/wp-json\/wp\/v2\/types\/product"}],"author":[{"embeddable":true,"href":"https:\/\/www.westcam-group.com\/cs\/wp-json\/wp\/v2\/users\/2"}],"replies":[{"embeddable":true,"href":"https:\/\/www.westcam-group.com\/cs\/wp-json\/wp\/v2\/comments?post=34659"}],"version-history":[{"count":4,"href":"https:\/\/www.westcam-group.com\/cs\/wp-json\/wp\/v2\/product\/34659\/revisions"}],"predecessor-version":[{"id":36792,"href":"https:\/\/www.westcam-group.com\/cs\/wp-json\/wp\/v2\/product\/34659\/revisions\/36792"}],"up":[{"embeddable":true,"href":"https:\/\/www.westcam-group.com\/cs\/wp-json\/wp\/v2\/product\/5389"}],"wp:featuredmedia":[{"embeddable":true,"href":"https:\/\/www.westcam-group.com\/cs\/wp-json\/wp\/v2\/media\/23984"}],"wp:attachment":[{"href":"https:\/\/www.westcam-group.com\/cs\/wp-json\/wp\/v2\/media?parent=34659"}],"wp:term":[{"taxonomy":"competence","embeddable":true,"href":"https:\/\/www.westcam-group.com\/cs\/wp-json\/wp\/v2\/competence?post=34659"}],"curies":[{"name":"wp","href":"https:\/\/api.w.org\/{rel}","templated":true}]}}