{"id":34599,"date":"2024-04-24T08:29:57","date_gmt":"2024-04-24T06:29:57","guid":{"rendered":"https:\/\/www.westcam-group.com\/produkte\/cam\/eroding\/"},"modified":"2025-03-23T08:39:21","modified_gmt":"2025-03-23T07:39:21","slug":"eroding","status":"publish","type":"product","link":"https:\/\/www.westcam-group.com\/cs\/produkty\/cam\/eroding\/","title":{"rendered":"Elektroeroze"},"content":{"rendered":"\n<div class=\"wp-block-group alignfull has-global-padding is-layout-constrained wp-block-group-is-layout-constrained\">\n<div class=\"wp-block-webx-blocks-westcam-hero alignfull ltr\" style=\"margin-top:var(--wp--preset--spacing--50);margin-bottom:var(--wp--preset--spacing--50)\"><div class=\"hero-image\" style=\"--aspect-ratio:4 \/ 3\"> <img decoding=\"async\" srcset=\"https:\/\/www.westcam-group.com\/wp-content\/uploads\/2024\/09\/westcam-3-icon-cam-cnc-150x150.png 150w, https:\/\/www.westcam-group.com\/wp-content\/uploads\/2024\/09\/westcam-3-icon-cam-cnc-300x300.png 300w, https:\/\/www.westcam-group.com\/wp-content\/uploads\/2024\/09\/westcam-3-icon-cam-cnc-1024x1024.png 1024w, https:\/\/www.westcam-group.com\/wp-content\/uploads\/2024\/09\/westcam-3-icon-cam-cnc.png 1181w, https:\/\/www.westcam-group.com\/wp-content\/uploads\/2024\/09\/westcam-3-icon-cam-cnc-900x900.png 900w, https:\/\/www.westcam-group.com\/wp-content\/uploads\/2024\/09\/westcam-3-icon-cam-cnc-600x600.png 600w\" src=\"https:\/\/www.westcam-group.com\/wp-content\/uploads\/2024\/09\/westcam-3-icon-cam-cnc.png\" alt=\"\"\/><\/div><div class=\"hero-placeholder\"><\/div>\n<div class=\"wp-block-group hero-content is-layout-flow wp-block-group-is-layout-flow\">\n<div class=\"wp-block-webx-blocks-fake-heading heading-h4 hero-subtitle is-style-westcamized\" style=\"text-transform:none\">EDM portfolio: Dr\u00e1tov\u00e9 a hloub\u00edc\u00ed elektroerozivn\u00ed obr\u00e1b\u011bn\u00ed pro p\u0159esnou v\u00fdrobu<\/div>\n\n\n<h1 style=\"text-transform:none; margin-top:0;margin-bottom:0;\" class=\"wp-block-post-title\">Elektroeroze<\/h1>\n\n\n<p>N\u00e1\u0161 <strong>software pro elektroerozivn\u00ed obr\u00e1b\u011bn\u00ed<\/strong>, v\u010detn\u011b \u0161pi\u010dkov\u00fdch syst\u00e9m\u016f <strong>PEPS, OPTICAM<\/strong> a <strong><em>hyper<\/em>MILL<\/strong>, nab\u00edz\u00ed komplexn\u00ed podporu pro p\u0159esn\u00e9 elektroerozivn\u00ed obr\u00e1b\u011bn\u00ed. <\/p>\n\n\n\n<p>Na\u0161e \u0159e\u0161en\u00ed zaru\u010duj\u00ed maxim\u00e1ln\u00ed <strong>p\u0159esnost<\/strong> a <strong>spolehlivost<\/strong> p\u0159i obr\u00e1b\u011bn\u00ed <strong>slo\u017eit\u00fdch sou\u010d\u00e1st\u00ed<\/strong>, a\u0165 u\u017e pou\u017e\u00edv\u00e1te elektroerozivn\u00ed obr\u00e1b\u011bn\u00ed<strong> dr\u00e1tem nebo hlouben\u00edm<\/strong>.<\/p>\n\n\n\n<p>Zaveden\u00e1 <strong>elektroerozivn\u00ed \u0159e\u0161en\u00ed WESTCAM pom\u00e1haj\u00ed<\/strong> optimalizovat <strong>v\u00fdrobn\u00ed procesy <\/strong>, zvy\u0161ovat <strong>kvalitu<\/strong> v\u00fdrobk\u016f a zlep\u0161ovat <strong>efektivitu <\/strong>v\u00fdroby.<\/p>\n<\/div>\n<\/div>\n<\/div>\n\n<h2 class=\"wp-block-heading\" style=\"text-transform:none\">Na\u0161e nab\u00eddka pro v\u00e1s<\/h2>\n<div style=\"margin-top:var(--wp--preset--spacing--30);margin-bottom:var(--wp--preset--spacing--50);\" class=\"wp-block-webx-post-list-webx-post-list wp-block-webx-post-list-webx-post-list\" data-listid=\"91987\">\n    <script class=\"webx-filter-list-config\" type=\"application\/json\">{\"postType\":\"product\",\"enableParentPost\":true,\"displayGrid\":true,\"subTitle\":\"product_category\",\"fieldOne\":\"product_category\",\"fieldTwo\":\"product_category\",\"className\":\"wp-block-webx-post-list-webx-post-list\",\"style\":{\"spacing\":{\"margin\":{\"top\":\"var:preset|spacing|30\",\"bottom\":\"var:preset|spacing|50\"}}},\"compactGrid\":false,\"language\":\"en\",\"listId\":91987,\"postId\":34599}<\/script>\n    <div class=\"webx-post-list\" data-listid=\"91987\"><\/div>\n    \n<div>\n<div class=\"wp-block-webx-post-list-webx-filters\"><div><\/div><\/div>\n<\/div>\n<\/div>","protected":false},"excerpt":{"rendered":"<p>Osv\u011bd\u010den\u00fd software pro elektroerozivn\u00ed obr\u00e1b\u011bn\u00ed dr\u00e1tem a hlouben\u00edm jako spolehliv\u00e9 \u0159e\u0161en\u00ed pro obr\u00e1b\u011bn\u00ed n\u00e1ro\u010dn\u00fdch geometri\u00ed.<\/p>\n","protected":false},"author":2,"featured_media":19067,"parent":5224,"menu_order":9,"comment_status":"closed","ping_status":"closed","template":"","meta":{"content-type":"","footnotes":""},"competence":[2788],"class_list":["post-34599","product","type-product","status-publish","has-post-thumbnail","hentry","competence-erodieren-cs"],"_links":{"self":[{"href":"https:\/\/www.westcam-group.com\/cs\/wp-json\/wp\/v2\/product\/34599","targetHints":{"allow":["GET"]}}],"collection":[{"href":"https:\/\/www.westcam-group.com\/cs\/wp-json\/wp\/v2\/product"}],"about":[{"href":"https:\/\/www.westcam-group.com\/cs\/wp-json\/wp\/v2\/types\/product"}],"author":[{"embeddable":true,"href":"https:\/\/www.westcam-group.com\/cs\/wp-json\/wp\/v2\/users\/2"}],"replies":[{"embeddable":true,"href":"https:\/\/www.westcam-group.com\/cs\/wp-json\/wp\/v2\/comments?post=34599"}],"version-history":[{"count":4,"href":"https:\/\/www.westcam-group.com\/cs\/wp-json\/wp\/v2\/product\/34599\/revisions"}],"predecessor-version":[{"id":36780,"href":"https:\/\/www.westcam-group.com\/cs\/wp-json\/wp\/v2\/product\/34599\/revisions\/36780"}],"up":[{"embeddable":true,"href":"https:\/\/www.westcam-group.com\/cs\/wp-json\/wp\/v2\/product\/5224"}],"wp:featuredmedia":[{"embeddable":true,"href":"https:\/\/www.westcam-group.com\/cs\/wp-json\/wp\/v2\/media\/19067"}],"wp:attachment":[{"href":"https:\/\/www.westcam-group.com\/cs\/wp-json\/wp\/v2\/media?parent=34599"}],"wp:term":[{"taxonomy":"competence","embeddable":true,"href":"https:\/\/www.westcam-group.com\/cs\/wp-json\/wp\/v2\/competence?post=34599"}],"curies":[{"name":"wp","href":"https:\/\/api.w.org\/{rel}","templated":true}]}}