{"id":34567,"date":"2024-04-24T10:38:21","date_gmt":"2024-04-24T08:38:21","guid":{"rendered":"https:\/\/www.westcam-group.com\/produkte\/reseni-pro-zobrazovani-2\/strojove-uceni-umela-inteligence\/"},"modified":"2025-04-29T16:46:46","modified_gmt":"2025-04-29T14:46:46","slug":"strojove-uceni-umela-inteligence","status":"publish","type":"product","link":"https:\/\/www.westcam-group.com\/cs\/produkty\/zpracovani-obrazu\/strojove-uceni-umela-inteligence\/","title":{"rendered":"Strojov\u00e9 u\u010den\u00ed \/ um\u011bl\u00e1 inteligence"},"content":{"rendered":"\n<div class=\"wp-block-group alignfull has-global-padding is-layout-constrained wp-block-group-is-layout-constrained\">\n<div class=\"wp-block-webx-blocks-westcam-hero alignfull ltr\" style=\"margin-top:var(--wp--preset--spacing--50);margin-bottom:var(--wp--preset--spacing--50)\"><div class=\"hero-image\" style=\"--aspect-ratio:4 \/ 3\"> <img decoding=\"async\" srcset=\"https:\/\/www.westcam-group.com\/wp-content\/uploads\/2024\/09\/westcam-8-icon-bildverarbeitung-150x150.png 150w, https:\/\/www.westcam-group.com\/wp-content\/uploads\/2024\/09\/westcam-8-icon-bildverarbeitung-300x300.png 300w, https:\/\/www.westcam-group.com\/wp-content\/uploads\/2024\/09\/westcam-8-icon-bildverarbeitung-1024x1024.png 1024w, https:\/\/www.westcam-group.com\/wp-content\/uploads\/2024\/09\/westcam-8-icon-bildverarbeitung.png 1181w, https:\/\/www.westcam-group.com\/wp-content\/uploads\/2024\/09\/westcam-8-icon-bildverarbeitung-900x900.png 900w, https:\/\/www.westcam-group.com\/wp-content\/uploads\/2024\/09\/westcam-8-icon-bildverarbeitung-600x600.png 600w\" src=\"https:\/\/www.westcam-group.com\/wp-content\/uploads\/2024\/09\/westcam-8-icon-bildverarbeitung.png\" alt=\"\"\/><\/div><div class=\"hero-placeholder\"><\/div>\n<div class=\"wp-block-group hero-content is-layout-flow wp-block-group-is-layout-flow\">\n<div class=\"wp-block-webx-blocks-fake-heading heading-h4 hero-subtitle is-style-westcamized\" style=\"text-transform:none\">AI v centru pozornosti<\/div>\n\n\n<h1 style=\"text-transform:none; margin-top:0;margin-bottom:0;\" class=\"wp-block-post-title\">Strojov\u00e9 u\u010den\u00ed \/ um\u011bl\u00e1 inteligence<\/h1>\n\n\n<p>Vyu\u017eijte mo\u017enosti um\u011bl\u00e9 inteligence ke zlep\u0161en\u00ed kontrol kvality. Na\u0161e individu\u00e1ln\u00ed \u0159e\u0161en\u00ed strojov\u00e9ho u\u010den\u00ed nab\u00edzej\u00ed p\u0159esn\u00e9 anal\u00fdzy a p\u0159edpov\u011bdi, kter\u00e9 mohou zp\u016fsobit revoluci ve va\u0161ich v\u00fdrobn\u00edch procesech.   <\/p>\n<\/div>\n<\/div>\n<\/div>\n\n<h2 class=\"wp-block-heading\" style=\"text-transform:none\">Na\u0161e nab\u00eddka pro v\u00e1s<\/h2>\n<div style=\"margin-top:var(--wp--preset--spacing--30);margin-bottom:var(--wp--preset--spacing--50);\" class=\"wp-block-webx-post-list-webx-post-list wp-block-webx-post-list-webx-post-list\" data-listid=\"82540\">\n    <script class=\"webx-filter-list-config\" type=\"application\/json\">{\"postType\":\"product\",\"enableParentPost\":true,\"displayGrid\":true,\"subTitle\":\"product_category\",\"fieldOne\":\"product_category\",\"fieldTwo\":\"product_category\",\"className\":\"wp-block-webx-post-list-webx-post-list\",\"style\":{\"spacing\":{\"margin\":{\"top\":\"var:preset|spacing|30\",\"bottom\":\"var:preset|spacing|50\"}}},\"compactGrid\":false,\"language\":\"en\",\"listId\":82540,\"postId\":34567}<\/script>\n    <div class=\"webx-post-list\" data-listid=\"82540\"><\/div>\n    \n<div>\n<div class=\"wp-block-webx-post-list-webx-filters\"><div><\/div><\/div>\n<\/div>\n<\/div>","protected":false},"excerpt":{"rendered":"<p>Odborn\u00e9 znalosti strojov\u00e9ho u\u010den\u00ed na nejvy\u0161\u0161\u00ed \u00farovni v oblasti zpracov\u00e1n\u00ed obrazu pro \u00falohy 100% zaji\u0161t\u011bn\u00ed kvality.<\/p>\n","protected":false},"author":2,"featured_media":20042,"parent":5214,"menu_order":10,"comment_status":"closed","ping_status":"closed","template":"","meta":{"content-type":"","footnotes":""},"competence":[2774],"class_list":["post-34567","product","type-product","status-publish","has-post-thumbnail","hentry","competence-machine-learning-ki-cs"],"_links":{"self":[{"href":"https:\/\/www.westcam-group.com\/cs\/wp-json\/wp\/v2\/product\/34567","targetHints":{"allow":["GET"]}}],"collection":[{"href":"https:\/\/www.westcam-group.com\/cs\/wp-json\/wp\/v2\/product"}],"about":[{"href":"https:\/\/www.westcam-group.com\/cs\/wp-json\/wp\/v2\/types\/product"}],"author":[{"embeddable":true,"href":"https:\/\/www.westcam-group.com\/cs\/wp-json\/wp\/v2\/users\/2"}],"replies":[{"embeddable":true,"href":"https:\/\/www.westcam-group.com\/cs\/wp-json\/wp\/v2\/comments?post=34567"}],"version-history":[{"count":3,"href":"https:\/\/www.westcam-group.com\/cs\/wp-json\/wp\/v2\/product\/34567\/revisions"}],"predecessor-version":[{"id":38449,"href":"https:\/\/www.westcam-group.com\/cs\/wp-json\/wp\/v2\/product\/34567\/revisions\/38449"}],"up":[{"embeddable":true,"href":"https:\/\/www.westcam-group.com\/cs\/wp-json\/wp\/v2\/product\/5214"}],"wp:featuredmedia":[{"embeddable":true,"href":"https:\/\/www.westcam-group.com\/cs\/wp-json\/wp\/v2\/media\/20042"}],"wp:attachment":[{"href":"https:\/\/www.westcam-group.com\/cs\/wp-json\/wp\/v2\/media?parent=34567"}],"wp:term":[{"taxonomy":"competence","embeddable":true,"href":"https:\/\/www.westcam-group.com\/cs\/wp-json\/wp\/v2\/competence?post=34567"}],"curies":[{"name":"wp","href":"https:\/\/api.w.org\/{rel}","templated":true}]}}