{"id":34562,"date":"2024-04-24T10:21:41","date_gmt":"2024-04-24T08:21:41","guid":{"rendered":"https:\/\/www.westcam-group.com\/produkte\/mechatronika-robotika\/zubni-vybaveni\/tmm-zubni-zasuvny-system\/"},"modified":"2025-04-29T16:46:25","modified_gmt":"2025-04-29T14:46:25","slug":"tmm-zubni-zasuvny-system","status":"publish","type":"product","link":"https:\/\/www.westcam-group.com\/cs\/produkty\/mechatronika-robotika\/zubni-vybaveni\/tmm-zubni-zasuvny-system\/","title":{"rendered":"TMM &#8211; Mont\u00e1\u017en\u00ed stroj na zuby"},"content":{"rendered":"\n<div style=\"background-image:url(&apos;https:\/\/www.westcam-group.com\/wp-content\/uploads\/2024\/03\/bggrid.webp&apos;);background-position:50% 50%;background-repeat:no-repeat;background-size:contain;\" class=\"wp-block-group has-global-padding is-layout-constrained wp-container-core-group-is-layout-9f245e94 wp-block-group-is-layout-constrained has-background\">\n<div class=\"wp-block-webx-blocks-grid is-layout-grid wp-container-webx-blocks-grid-is-layout-8c8cfa07 wp-block-webx-blocks-grid-is-layout-grid\" style=\"margin-top:var(--wp--preset--spacing--50);margin-bottom:var(--wp--preset--spacing--50);--grid-columns-desktop:2;--grid-columns-tablet:2;--grid-columns-mobile:1\">\n<div class=\"wp-block-webx-blocks-grid-item is-layout-flow wp-block-webx-blocks-grid-item-is-layout-flow\" style=\"padding-top:var(--wp--preset--spacing--30);padding-right:var(--wp--preset--spacing--10);padding-bottom:var(--wp--preset--spacing--10);padding-left:var(--wp--preset--spacing--10);--grid-area-desktop:auto \/ auto \/ auto \/ auto;--grid-area-tablet:auto \/ auto \/ auto \/ auto;--grid-area-mobile:auto \/ auto \/ auto \/ auto\">\n<div class=\"wp-block-webx-blocks-fake-heading heading-h4 is-style-westcamized\" style=\"text-transform:none\">P\u0159esn\u00e9 uchopen\u00ed a um\u00edst\u011bn\u00ed<\/div>\n\n\n\n<h1 class=\"wp-block-heading hero-title has-xx-large-font-size\" style=\"margin-top:var(--wp--preset--spacing--20);margin-bottom:var(--wp--preset--spacing--20);line-height:1;text-transform:none\">TMM &#8211; Mont\u00e1\u017en\u00ed stroj na zuby<\/h1>\n\n\n\n<p><strong>Pln\u011b automatizovan\u00e9 uchopen\u00ed a um\u00edst\u011bn\u00ed jednotliv\u00fdch zub\u016f na voskov\u00e9 p\u00e1sky<\/strong><\/p>\n\n\n\n<p><strong>Zobrazovac\u00ed procesy<\/strong> se pou\u017e\u00edvaj\u00ed k ur\u010den\u00ed aktu\u00e1ln\u00ed polohy zub\u016f a k p\u0159esn\u00e9mu \u0159\u00edzen\u00ed zav\u00e1d\u011bc\u00edho stroje. Voln\u00e9 zuby jsou p\u0159esn\u011b um\u00edst\u011bny na pr\u00e1zdn\u00e9 voskov\u00e9 p\u00e1sky. Hotov\u00e9 voskov\u00e9 p\u00e1sky se p\u0159ed\u00e1vaj\u00ed do skladu nebo expedice.    <\/p>\n\n\n\n<div class=\"wp-block-buttons is-layout-flex wp-block-buttons-is-layout-flex\" style=\"margin-top:var(--wp--preset--spacing--20);margin-bottom:var(--wp--preset--spacing--20)\">\n<div class=\"wp-block-button\"><a class=\"wp-block-button__link wp-element-button\" href=\"#free-version\">Po\u017e\u00e1dat nyn\u00ed<\/a><\/div>\n<\/div>\n\n\n\n<p class=\"has-accent-2-color has-text-color has-link-color wp-elements-e62140b071db96820a0cedbfb82db6c0\"><\/p>\n<\/div>\n\n\n\n<div class=\"wp-block-webx-blocks-grid-item is-layout-flow wp-container-webx-blocks-grid-item-is-layout-69fcd244 wp-block-webx-blocks-grid-item-is-layout-flow\" style=\"padding-top:0;padding-right:0;padding-bottom:0;padding-left:0;--grid-area-desktop:auto \/ auto \/ auto \/ auto;--grid-area-tablet:auto \/ auto \/ auto \/ auto;--grid-area-mobile:auto \/ auto \/ auto \/ auto\">\n<figure class=\"wp-block-image aligncenter size-full is-style-default\"><img loading=\"lazy\" decoding=\"async\" width=\"1920\" height=\"800\" src=\"https:\/\/www.westcam-group.com\/wp-content\/uploads\/2024\/08\/tmm-bild1.png\" alt=\"TMM - mont&#xE1;&#x17E;n&#xED; stroj na zuby\" class=\"wp-image-19498\" srcset=\"https:\/\/www.westcam-group.com\/wp-content\/uploads\/2024\/08\/tmm-bild1.png 1920w, https:\/\/www.westcam-group.com\/wp-content\/uploads\/2024\/08\/tmm-bild1-300x125.png 300w, https:\/\/www.westcam-group.com\/wp-content\/uploads\/2024\/08\/tmm-bild1-1024x427.png 1024w, https:\/\/www.westcam-group.com\/wp-content\/uploads\/2024\/08\/tmm-bild1-768x320.png 768w, https:\/\/www.westcam-group.com\/wp-content\/uploads\/2024\/08\/tmm-bild1-1536x640.png 1536w, https:\/\/www.westcam-group.com\/wp-content\/uploads\/2024\/08\/tmm-bild1-1440x600.png 1440w\" sizes=\"auto, (max-width: 1920px) 100vw, 1920px\" \/><\/figure>\n\n\n\n<div class=\"wp-block-group hero-violet has-accent-2-background-color has-background is-layout-flow wp-block-group-is-layout-flow\" style=\"padding-top:var(--wp--preset--spacing--30);padding-right:var(--wp--preset--spacing--30);padding-bottom:var(--wp--preset--spacing--30);padding-left:var(--wp--preset--spacing--30)\">\n<div class=\"wp-block-webx-blocks-fake-heading heading-h4 hero-subtitle has-base-color has-text-color\">Nejd\u016fle\u017eit\u011bj\u0161\u00ed informace<\/div>\n\n\n\n<ul class=\"wp-block-list hero-bullet-list-items is-style-westcam-list has-base-color has-accent-2-background-color has-text-color has-background has-link-color wp-elements-0128dbd5e437aa4a9851b6740bcfc842\">\n<li>A\u017e 1 800 zub\u016f za hodinu<\/li>\n\n\n\n<li>Pln\u011b automatick\u00e9 vkl\u00e1d\u00e1n\u00ed zub\u016f na voskov\u00e9 p\u00e1sky<\/li>\n\n\n\n<li>Nen\u00ed nutn\u00e1 orientace podle polohy nebo sm\u011bru<\/li>\n\n\n\n<li>Trvale vysok\u00e1 kvalita p\u00e1\u0159en\u00ed<\/li>\n\n\n\n<li>Syst\u00e9m je mo\u017en\u00e9 roz\u0161\u00ed\u0159it pomoc\u00ed etiketovac\u00edch modul\u016f<\/li>\n\n\n\n<li>Vysok\u00e1 autonomie p\u0159i no\u010dn\u00edch a v\u00edkendov\u00fdch sm\u011bn\u00e1ch bez person\u00e1lu<\/li>\n<\/ul>\n<\/div>\n<\/div>\n<\/div>\n<\/div>\n\n<p class=\"has-text-align-center has-base-2-background-color has-background\">\u00dasp\u011b\u0161n\u011b je pou\u017e\u00edvaj\u00ed z\u00e1kazn\u00edci spole\u010dnosti WESTCAM z oblasti stomatologie po cel\u00e9m sv\u011bt\u011b: Pln\u011b automatizovan\u00e9 uchopen\u00ed a um\u00edst\u011bn\u00ed jednotliv\u00fdch zub\u016f na voskov\u00e9 p\u00e1sky. Vysok\u00e1 rychlost s maxim\u00e1ln\u00ed p\u0159esnost\u00ed. Know-how ve stomatologick\u00e9m pr\u016fmyslu ji\u017e t\u00e9m\u011b\u0159 20 let.    <\/p>\n\n<div class=\"wp-block-group has-base-2-background-color has-background has-global-padding is-content-justification-center is-layout-constrained wp-container-core-group-is-layout-606d210a wp-block-group-is-layout-constrained\" style=\"padding-top:var(--wp--preset--spacing--30);padding-bottom:var(--wp--preset--spacing--30)\">\n<figure class=\"wp-block-embed is-type-video is-provider-youtube wp-block-embed-youtube wp-embed-aspect-16-9 wp-has-aspect-ratio\" style=\"margin-top:var(--wp--preset--spacing--20);margin-bottom:var(--wp--preset--spacing--20)\"><div class=\"wp-block-embed__wrapper\">\n<div class=\"cookieconsent-optout-marketing\">\n    Bitte  <a href=\"javascript:Cookiebot.renew()\">Marketing-Cookies akzeptieren<\/a>, um dieses Video zu laden.\n    <\/div>\n            <iframe data-cookieblock-src=\"https:\/\/www.youtube.com\/embed\/w355xvl9QHk?feature=oembed\" data-cookieconsent=\"marketing\" title=\"TMM\u00a9  - Tooth Mounting Machine\" width=\"500\" height=\"281\"  frameborder=\"0\" allow=\"accelerometer; autoplay; clipboard-write; encrypted-media; gyroscope; picture-in-picture; web-share\" referrerpolicy=\"strict-origin-when-cross-origin\" allowfullscreen><\/iframe>\n<\/div><\/figure>\n<\/div>\n\n<div class=\"wp-block-group has-global-padding is-layout-constrained wp-container-core-group-is-layout-00189ab9 wp-block-group-is-layout-constrained\">\n<div class=\"wp-block-media-text is-stacked-on-mobile is-image-fill\" style=\"margin-top:var(--wp--preset--spacing--50);margin-right:0;margin-bottom:var(--wp--preset--spacing--50);margin-left:0;padding-right:0;padding-left:0\"><figure class=\"wp-block-media-text__media\" style=\"background-image:url(https:\/\/www.westcam-group.com\/wp-content\/uploads\/2024\/08\/tmm-bild2-1024x683.jpg);background-position:50% 50%\"><img loading=\"lazy\" decoding=\"async\" width=\"1024\" height=\"683\" src=\"https:\/\/www.westcam-group.com\/wp-content\/uploads\/2024\/08\/tmm-bild2-1024x683.jpg\" alt=\"Trvale vysok\u00e1 kvalita p\u00e1\u0159en\u00ed\" class=\"wp-image-19501 size-full\" srcset=\"https:\/\/www.westcam-group.com\/wp-content\/uploads\/2024\/08\/tmm-bild2-1024x683.jpg 1024w, https:\/\/www.westcam-group.com\/wp-content\/uploads\/2024\/08\/tmm-bild2-300x200.jpg 300w, https:\/\/www.westcam-group.com\/wp-content\/uploads\/2024\/08\/tmm-bild2-768x513.jpg 768w, https:\/\/www.westcam-group.com\/wp-content\/uploads\/2024\/08\/tmm-bild2-1536x1025.jpg 1536w, https:\/\/www.westcam-group.com\/wp-content\/uploads\/2024\/08\/tmm-bild2-2048x1367.jpg 2048w, https:\/\/www.westcam-group.com\/wp-content\/uploads\/2024\/08\/tmm-bild2-1349x900.jpg 1349w, https:\/\/www.westcam-group.com\/wp-content\/uploads\/2024\/08\/tmm-bild2-899x600.jpg 899w\" sizes=\"auto, (max-width: 1024px) 100vw, 1024px\" \/><\/figure><div class=\"wp-block-media-text__content\">\n<h3 class=\"wp-block-heading has-text-align-left\" style=\"text-transform:none\">Trvale vysok\u00e1 kvalita p\u00e1\u0159en\u00ed<\/h3>\n\n\n\n<p>Stroj TMM &#8211; Tooth Mounting Machine poskytuje <strong>v\u00fdrobn\u00ed data v re\u00e1ln\u00e9m \u010dase<\/strong> a lze jej integrovat do <strong>syst\u00e9mu pl\u00e1nov\u00e1n\u00ed v\u00fdroby<\/strong>.<\/p>\n\n\n\n<p>Konstantn\u00ed rychlost dosahuje <strong>lep\u0161\u00edch<\/strong> <strong>v\u00fdsledk\u016f ve srovn\u00e1n\u00ed s ru\u010dn\u00edm \u0161it\u00edm<\/strong> p\u0159i zachov\u00e1n\u00ed stejn\u011b vysok\u00e9 kvality.<\/p>\n\n\n\n<p class=\"has-text-align-left\">Mezi dal\u0161\u00ed v\u00fdhody pat\u0159\u00ed <strong>n\u00edzk\u00e9 n\u00e1roky na \u00fadr\u017ebu<\/strong> a<strong> flexibiln\u00ed pou\u017eit\u00ed<\/strong>.<\/p>\n<\/div><\/div>\n<\/div>\n\n<div class=\"wp-block-group has-global-padding is-layout-constrained wp-block-group-is-layout-constrained\" style=\"margin-top:var(--wp--preset--spacing--40);margin-bottom:var(--wp--preset--spacing--40)\">\n<div class=\"wp-block-webx-blocks-grid has-base-2-background-color has-background is-layout-grid wp-container-webx-blocks-grid-is-layout-478b6e6b wp-block-webx-blocks-grid-is-layout-grid\" style=\"--grid-columns-desktop:2;--grid-columns-tablet:2;--grid-columns-mobile:1\">\n<div class=\"wp-block-webx-blocks-grid-item is-vertically-aligned-center is-layout-flow wp-block-webx-blocks-grid-item-is-layout-flow\" style=\"padding-top:var(--wp--preset--spacing--30);padding-right:var(--wp--preset--spacing--30);padding-bottom:var(--wp--preset--spacing--30);padding-left:var(--wp--preset--spacing--30);--grid-area-desktop:auto \/ auto \/ auto \/ auto;--grid-area-tablet:auto \/ auto \/ auto \/ auto;--grid-area-mobile:auto \/ auto \/ auto \/ auto\">\n<div class=\"wp-block-group has-global-padding is-layout-constrained wp-block-group-is-layout-constrained\">\n<p>Za\u0159\u00edzen\u00ed TMM &#8211; Tooth Mounting Machine lze provozovat jako <strong>samostatn\u00fd syst\u00e9m<\/strong> i ve spojen\u00ed s <strong>t\u0159\u00eddic\u00edm syst\u00e9mem<\/strong> a p\u0159\u00eddavnou <strong>skladovac\u00ed jednotkou<\/strong>.<\/p>\n<\/div>\n<\/div>\n\n\n\n<div class=\"wp-block-webx-blocks-grid-item is-layout-flow wp-block-webx-blocks-grid-item-is-layout-flow\" style=\"padding-top:var(--wp--preset--spacing--10);padding-right:var(--wp--preset--spacing--10);padding-bottom:var(--wp--preset--spacing--10);padding-left:var(--wp--preset--spacing--10);--grid-area-desktop:auto \/ auto \/ auto \/ auto;--grid-area-tablet:auto \/ auto \/ auto \/ auto;--grid-area-mobile:auto \/ auto \/ auto \/ auto\">\n<figure class=\"wp-block-embed is-type-video is-provider-youtube wp-block-embed-youtube wp-embed-aspect-16-9 wp-has-aspect-ratio\"><div class=\"wp-block-embed__wrapper\">\n<div class=\"cookieconsent-optout-marketing\">\n    Bitte  <a href=\"javascript:Cookiebot.renew()\">Marketing-Cookies akzeptieren<\/a>, um dieses Video zu laden.\n    <\/div>\n            <iframe data-cookieblock-src=\"https:\/\/www.youtube.com\/embed\/eErdFYpVBJE?feature=oembed\" data-cookieconsent=\"marketing\" title=\"TMM - Tooth Sorting and Mounting Machine\" width=\"500\" height=\"281\"  frameborder=\"0\" allow=\"accelerometer; autoplay; clipboard-write; encrypted-media; gyroscope; picture-in-picture; web-share\" referrerpolicy=\"strict-origin-when-cross-origin\" allowfullscreen><\/iframe>\n<\/div><\/figure>\n<\/div>\n<\/div>\n<\/div>\n\n<div class=\"wp-block-group has-global-padding is-layout-constrained wp-container-core-group-is-layout-baed9f38 wp-block-group-is-layout-constrained\" style=\"margin-top:var(--wp--preset--spacing--60);margin-bottom:var(--wp--preset--spacing--60)\">\n<h3 class=\"wp-block-heading\" style=\"margin-top:var(--wp--preset--spacing--20);margin-right:0;margin-bottom:var(--wp--preset--spacing--20);margin-left:0;text-transform:none\">\u010casto kladen\u00e9 ot\u00e1zky (FAQ)<\/h3>\n\n\n\n<div class=\"wp-block-webx-blocks-accordion\">\n<div class=\"accordion\" id=\"mssen-die-zhne-in-einer-bestimmten-lage-angeordnet-sein-um-sie-effizient-auf-wachsleisten-zu-stecken\"><h2 class=\"title faq-title\" itemprop=\"name\"><a href=\"#mssen-die-zhne-in-einer-bestimmten-lage-angeordnet-sein-um-sie-effizient-auf-wachsleisten-zu-stecken\">Mus\u00ed b\u00fdt zuby uspo\u0159\u00e1d\u00e1ny v ur\u010dit\u00e9 poloze, aby je bylo mo\u017en\u00e9 efektivn\u011b um\u00edstit na voskov\u00e9 p\u00e1sky?<\/a><\/h2><div class=\"content\"><div class=\"wrapper\">\n<p>Ne, p\u0159i vkl\u00e1d\u00e1n\u00ed zub\u016f nen\u00ed vy\u017eadov\u00e1na \u017e\u00e1dn\u00e1 orientace podle polohy nebo sm\u011bru! N\u00e1\u0161 software Gripplanning\u00a9 rozpozn\u00e1 polohu zub\u016f a vypo\u010d\u00edt\u00e1 mo\u017en\u00e9 body uchopen\u00ed, aby bylo mo\u017en\u00e9 robota spr\u00e1vn\u011b ovl\u00e1dat.   <\/p>\n<\/div><\/div><\/div>\n\n\n\n<div class=\"accordion\" id=\"wie-viele-zhne-knnen-pro-stunde-gesteckt-werden\"><h2 class=\"title faq-title\" itemprop=\"name\"><a href=\"#wie-viele-zhne-knnen-pro-stunde-gesteckt-werden\">Kolik zub\u016f lze nastavit za hodinu?<\/a><\/h2><div class=\"content\"><div class=\"wrapper\">\n<p>Se strojem TMM &#8211; Tooth Mounting Machine je mo\u017en\u00e9 vyrobit a\u017e 1 800 zub\u016f za hodinu.<\/p>\n<\/div><\/div><\/div>\n\n\n\n<div class=\"accordion\" id=\"kann-man-mit-der-tmm--zahnsteckmaschine-auch-andere-teile-stecken\"><h2 class=\"title faq-title\" itemprop=\"name\"><a href=\"#kann-man-mit-der-tmm--zahnsteckmaschine-auch-andere-teile-stecken\">Je mo\u017en\u00e9 do stroje TMM &#8211; Tooth Mounting Machine vkl\u00e1dat dal\u0161\u00ed d\u00edly?<\/a><\/h2><div class=\"content\"><div class=\"wrapper\">\n<p>Ano, vyv\u00edj\u00edme tak\u00e9 v\u00fdrobn\u00ed syst\u00e9my pro v\u00fdrobky a d\u00edly mimo stomatologick\u00fd pr\u016fmysl.  <\/p>\n\n\n\n<p class=\"has-accent-2-color has-text-color has-link-color wp-elements-d3307b80c6fff6114f40236f4f476e70\"><strong><span class=\"add-arrow\"><a href=\"https:\/\/www.westcam-group.com\/cs\/produkte\/mechatronika-robotika\/automatizacni-reseni\/systemy-automatizace-procesu\/\" target=\"_blank\" data-type=\"product\" data-id=\"19385\" rel=\"noreferrer noopener\">Syst\u00e9my automatizace proces\u016f<\/a><\/span><\/strong><\/p>\n<\/div><\/div><\/div>\n<\/div>\n<\/div>\n\n<div class=\"wp-block-group has-global-padding is-layout-constrained wp-container-core-group-is-layout-19e250f3 wp-block-group-is-layout-constrained\">\n<div id=\"free-version\" class=\"wp-block-group has-base-color has-contrast-background-color has-text-color has-background has-link-color wp-elements-967464b888cdb78ceb48ae32fd9d774b has-global-padding is-layout-constrained wp-container-core-group-is-layout-d2702112 wp-block-group-is-layout-constrained\" style=\"padding-top:var(--wp--preset--spacing--30);padding-right:var(--wp--preset--spacing--40);padding-bottom:var(--wp--preset--spacing--30);padding-left:var(--wp--preset--spacing--40)\">\n<h3 class=\"wp-block-heading has-base-color has-text-color has-link-color wp-elements-05aff5d145fb26661d8a554b35b2cffa\" style=\"text-transform:none\">Porad\u00edme v\u00e1m osobn\u011b!<\/h3>\n\n\n\n<div class=\"wpcf7 no-js\" id=\"wpcf7-f36538-o1\" lang=\"cs-CZ\" dir=\"ltr\" data-wpcf7-id=\"36538\">\n<div class=\"screen-reader-response\"><p role=\"status\" aria-live=\"polite\" aria-atomic=\"true\"><\/p> <ul><\/ul><\/div>\n<form action=\"\/cs\/wp-json\/wp\/v2\/product\/34562#wpcf7-f36538-o1\" method=\"post\" class=\"wpcf7-form init\" aria-label=\"Kontaktn\u00ed formul\u00e1\u0159\" novalidate=\"novalidate\" data-status=\"init\">\n<fieldset class=\"hidden-fields-container\"><input type=\"hidden\" name=\"_wpcf7\" value=\"36538\" \/><input type=\"hidden\" name=\"_wpcf7_version\" value=\"6.1.5\" \/><input type=\"hidden\" name=\"_wpcf7_locale\" value=\"cs_CZ\" \/><input type=\"hidden\" name=\"_wpcf7_unit_tag\" value=\"wpcf7-f36538-o1\" \/><input type=\"hidden\" name=\"_wpcf7_container_post\" value=\"0\" \/><input type=\"hidden\" name=\"_wpcf7_posted_data_hash\" value=\"\" \/><input type=\"hidden\" name=\"_wpcf7dtx_version\" value=\"5.0.5\" \/><input type=\"hidden\" name=\"_wpcf7_recaptcha_response\" value=\"\" \/>\n<\/fieldset>\n<h3 class=\"heading\">  Dotaz <label class=\"wpcf7-form-control wpcf7-label wpcf7dtx wpcf7dtx-label\" for=\"TMM - Mont\u00e1\u017en\u00ed stroj na zuby\">TMM - Mont\u00e1\u017en\u00ed stroj na zuby<\/label><span class=\"wpcf7-form-control-wrap dynamic_hidden-post-title\" data-name=\"dynamic_hidden-post-title\"><input type=\"hidden\" name=\"dynamic_hidden-post-title\" class=\"wpcf7-form-control wpcf7-hidden wpcf7dtx wpcf7dtx-hidden\" aria-invalid=\"false\" value=\"TMM - Mont\u00e1\u017en\u00ed stroj na zuby\"><\/span><\/h3>\n\n<label>  N\u00e1zev\n    <span class=\"wpcf7-form-control-wrap\" data-name=\"fullname\"><input size=\"40\" maxlength=\"400\" class=\"wpcf7-form-control wpcf7-text\" aria-invalid=\"false\" value=\"\" type=\"text\" name=\"fullname\" \/><\/span> <\/label>\n\n<label>  E-mailov\u00e1 adresa*\n    <span class=\"wpcf7-form-control-wrap\" data-name=\"email\"><input size=\"40\" maxlength=\"400\" class=\"wpcf7-form-control wpcf7-email wpcf7-validates-as-required wpcf7-text wpcf7-validates-as-email\" aria-required=\"true\" aria-invalid=\"false\" value=\"\" type=\"email\" name=\"email\" \/><\/span> <\/label>\n\n<label>  Spole\u010dnost\n    <span class=\"wpcf7-form-control-wrap\" data-name=\"unternehmen\"><input size=\"40\" maxlength=\"400\" class=\"wpcf7-form-control wpcf7-text\" aria-invalid=\"false\" value=\"\" type=\"text\" name=\"unternehmen\" \/><\/span> <\/label>\n\n<label>  Va\u0161e zpr\u00e1va*\n    <span class=\"wpcf7-form-control-wrap\" data-name=\"nachricht\"><textarea cols=\"40\" rows=\"10\" maxlength=\"2000\" class=\"wpcf7-form-control wpcf7-textarea wpcf7-validates-as-required\" aria-required=\"true\" aria-invalid=\"false\" name=\"nachricht\"><\/textarea><\/span> <\/label>\n\n<span class=\"wpcf7-form-control-wrap dynamic_hidden_page_url\" data-name=\"dynamic_hidden_page_url\"><input type=\"hidden\" name=\"dynamic_hidden_page_url\" class=\"wpcf7-form-control wpcf7-hidden wpcf7dtx wpcf7dtx-hidden\" aria-invalid=\"false\" value=\"https:\/\/www.westcam-group.com\/cs\/wp-json\/wp\/v2\/product\/34562\"><\/span>\n\n<input class=\"wpcf7-form-control wpcf7-submit has-spinner\" type=\"submit\" value=\"Odeslat\" \/>\n\n[odpov\u011b\u010f]<div class=\"wpcf7-response-output\" aria-hidden=\"true\"><\/div>\n<\/form>\n<\/div>\n\n<\/div>\n\n\n\n<div id=\"ansprechpartner\" class=\"wp-block-group has-base-2-background-color has-background has-global-padding is-layout-constrained wp-container-core-group-is-layout-16946a23 wp-block-group-is-layout-constrained\" style=\"margin-top:0;margin-bottom:0;padding-top:var(--wp--preset--spacing--30);padding-right:var(--wp--preset--spacing--30);padding-bottom:var(--wp--preset--spacing--30);padding-left:var(--wp--preset--spacing--30)\">\n<div class=\"wp-block-group has-base-2-background-color has-background has-global-padding is-layout-constrained wp-container-core-group-is-layout-19e250f3 wp-block-group-is-layout-constrained\">\n<h2 class=\"wp-block-heading\" style=\"text-transform:none\">R\u00e1di jsme tu pro v\u00e1s<\/h2>\n<\/div>\n\n\n<div class=\"wp-block-webx-blocks-westcam-employee-display\">\n    <div class=\"employee-image\">\n        <img decoding=\"async\" src=\"https:\/\/www.westcam-group.com\/wp-content\/uploads\/2022\/02\/Harald.Unterrainer.CEO_.png\" alt=Harald Unterrainer \/>\n    <\/div>\n    <div class=\"employee-info\">\n        <div class=\"heading-h3\">Harald Unterrainer<\/div>\n        <div class=\"heading-h5 is-style-westcamized\">Gener\u00e1ln\u00ed \u0159editel WESTCAM Technologies GmbH<\/div>\n    <\/div>\n    <div class=\"employee-social\">\n        <div class=\"icons\">\n                        <a href=https:\/\/www.linkedin.com\/in\/mag-harald-unterrainer-mba-cse-b0829214\/ title=\"Harald Unterrainer on linkedIn\"\n                target=\"_blank\" rel=\"noopener noreferrer\">\n                <?xml version=\"1.0\" encoding=\"UTF-8\" standalone=\"no\"?>\n                <!DOCTYPE svg PUBLIC \"-\/\/W3C\/\/DTD SVG 1.1\/\/EN\" \"http:\/\/www.w3.org\/Graphics\/SVG\/1.1\/DTD\/svg11.dtd\"><svg\n                    width=\"100%\" height=\"100%\" viewBox=\"0 0 248 204\" version=\"1.1\" xmlns=\"http:\/\/www.w3.org\/2000\/svg\"\n                    xmlns:xlink=\"http:\/\/www.w3.org\/1999\/xlink\" xml:space=\"preserve\" xmlns:serif=\"http:\/\/www.serif.com\/\"\n                    style=\"fill-rule:evenodd;clip-rule:evenodd;stroke-linejoin:round;stroke-miterlimit:2;\">\n                    <path\n                        d=\"M226,204l-41.916,0l0,-71.392c0,-19.573 -7.437,-30.512 -22.93,-30.512c-16.854,0 -25.659,11.383 -25.659,30.512l-0,71.392l-40.395,0l-0,-136l40.395,-0l-0,18.319c-0,0 12.146,-22.474 41.006,-22.474c28.847,-0 49.499,17.616 49.499,54.048l0,86.107Zm-179.091,-153.808c-13.759,-0 -24.909,-11.237 -24.909,-25.096c0,-13.859 11.15,-25.096 24.909,-25.096c13.759,-0 24.902,11.237 24.902,25.096c0,13.859 -11.143,25.096 -24.902,25.096Zm-20.858,153.808l42.121,0l0,-136l-42.121,-0l-0,136Z\" \/>\n                <\/svg>\n            <\/a>\n                                    <a href=\"\/vcard\/33808\" title=\"Download vCard\"\n                class=\"vcard-button\">\n                <svg xmlns=\"http:\/\/www.w3.org\/2000\/svg\" width=\"32.143\" height=\"25\" viewBox=\"0 0 32.143 25\">\n                    <path id=\"address-card-solid\"\n                        d=\"M3.571,32A3.575,3.575,0,0,0,0,35.571V53.429A3.575,3.575,0,0,0,3.571,57h25a3.575,3.575,0,0,0,3.571-3.571V35.571A3.575,3.575,0,0,0,28.571,32ZM8.036,46.286h3.571a4.463,4.463,0,0,1,4.464,4.464.9.9,0,0,1-.893.893H4.464a.9.9,0,0,1-.893-.893A4.463,4.463,0,0,1,8.036,46.286ZM6.25,40.929A3.571,3.571,0,1,1,9.821,44.5,3.571,3.571,0,0,1,6.25,40.929Zm14.286-1.786h7.143a.893.893,0,0,1,0,1.786H20.536a.893.893,0,0,1,0-1.786Zm0,3.571h7.143a.893.893,0,0,1,0,1.786H20.536a.893.893,0,0,1,0-1.786Zm0,3.571h7.143a.893.893,0,0,1,0,1.786H20.536a.893.893,0,0,1,0-1.786Z\"\n                        transform=\"translate(0 -32)\" fill=\"#111\" \/>\n                <\/svg>\n            <\/a>\n        <\/div>\n    <\/div>\n    <div class=\"employee-contact\">\n                <a href=\"tel:+43 5223 55509 132\">\n            <div class=\" employee-phone\">\n                <svg xmlns=\"http:\/\/www.w3.org\/2000\/svg\" width=\"32\" height=\"32\" viewBox=\"0 0 32 32\">\n                    <path id=\"phone\"\n                        d=\"M6.529,4h7.059l3.529,8.824-4.412,2.647a19.412,19.412,0,0,0,8.824,8.824l2.647-4.412L33,23.412v7.059A3.529,3.529,0,0,1,29.471,34,28.235,28.235,0,0,1,3,7.529,3.529,3.529,0,0,1,6.529,4\"\n                        transform=\"translate(-2 -3)\" fill=\"none\" stroke=\"#111\" stroke-linecap=\"round\"\n                        stroke-linejoin=\"round\" stroke-width=\"2\" \/>\n                <\/svg>\n\n                +43 5223 55509 132\n            <\/div>\n        <\/a>\n                                <a href=\"mailto:harald.unterrainer@westcam.at\">\n            <div class=\" employee-email\">\n                <svg xmlns=\"http:\/\/www.w3.org\/2000\/svg\" width=\"32.773\" height=\"25.333\" viewBox=\"0 0 32.773 25.333\">\n                    <g id=\"mail\" transform=\"translate(1.387 1)\">\n                        <rect id=\"Rechteck_11\" data-name=\"Rechteck 11\" width=\"30\" height=\"23.333\" rx=\"2\" fill=\"none\"\n                            stroke=\"#111\" stroke-linecap=\"round\" stroke-linejoin=\"round\" stroke-width=\"2\" \/>\n                        <path id=\"Pfad_100\" data-name=\"Pfad 100\" d=\"M3,7,18,17,33,7\" transform=\"translate(-3 -3.667)\"\n                            fill=\"none\" stroke=\"#111\" stroke-linecap=\"round\" stroke-linejoin=\"round\" stroke-width=\"2\" \/>\n                    <\/g>\n                <\/svg>\n                harald.unterrainer@westcam.at\n            <\/div>\n        <\/a>\n        \n\n\n    <\/div>\n        <div class=\"employee-callback wp-block-button is-style-outline\">\n        <a href=\"\/anfrage\/\"\n            class=\"wp-block-button__link wp-element-button\">zeptat se<\/a>\n    <\/div>\n    <\/div><\/div>\n<\/div>\n","protected":false},"excerpt":{"rendered":"<p>Pln\u011b automatizovan\u00e9 uchopen\u00ed a um\u00edst\u011bn\u00ed jednotliv\u00fdch zub\u016f na voskov\u00e9 p\u00e1sky.<\/p>\n","protected":false},"author":2,"featured_media":19499,"parent":34479,"menu_order":10,"comment_status":"closed","ping_status":"closed","template":"","meta":{"content-type":"","footnotes":""},"competence":[2806],"class_list":["post-34562","product","type-product","status-publish","has-post-thumbnail","hentry","competence-dentalanlagen-cs"],"_links":{"self":[{"href":"https:\/\/www.westcam-group.com\/cs\/wp-json\/wp\/v2\/product\/34562","targetHints":{"allow":["GET"]}}],"collection":[{"href":"https:\/\/www.westcam-group.com\/cs\/wp-json\/wp\/v2\/product"}],"about":[{"href":"https:\/\/www.westcam-group.com\/cs\/wp-json\/wp\/v2\/types\/product"}],"author":[{"embeddable":true,"href":"https:\/\/www.westcam-group.com\/cs\/wp-json\/wp\/v2\/users\/2"}],"replies":[{"embeddable":true,"href":"https:\/\/www.westcam-group.com\/cs\/wp-json\/wp\/v2\/comments?post=34562"}],"version-history":[{"count":4,"href":"https:\/\/www.westcam-group.com\/cs\/wp-json\/wp\/v2\/product\/34562\/revisions"}],"predecessor-version":[{"id":38416,"href":"https:\/\/www.westcam-group.com\/cs\/wp-json\/wp\/v2\/product\/34562\/revisions\/38416"}],"up":[{"embeddable":true,"href":"https:\/\/www.westcam-group.com\/cs\/wp-json\/wp\/v2\/product\/34479"}],"wp:featuredmedia":[{"embeddable":true,"href":"https:\/\/www.westcam-group.com\/cs\/wp-json\/wp\/v2\/media\/19499"}],"wp:attachment":[{"href":"https:\/\/www.westcam-group.com\/cs\/wp-json\/wp\/v2\/media?parent=34562"}],"wp:term":[{"taxonomy":"competence","embeddable":true,"href":"https:\/\/www.westcam-group.com\/cs\/wp-json\/wp\/v2\/competence?post=34562"}],"curies":[{"name":"wp","href":"https:\/\/api.w.org\/{rel}","templated":true}]}}