{"id":34530,"date":"2024-04-24T08:08:38","date_gmt":"2024-04-24T06:08:38","guid":{"rendered":"https:\/\/www.westcam-group.com\/produkte\/3d-tisk\/kov-laser-colibrium\/"},"modified":"2025-02-25T15:25:59","modified_gmt":"2025-02-25T14:25:59","slug":"kov-laser-colibrium","status":"publish","type":"product","link":"https:\/\/www.westcam-group.com\/cs\/produkty\/3d-tisk\/kov-laser-colibrium\/","title":{"rendered":"Kov &#8211; Laser | Colibrium"},"content":{"rendered":"\n<div class=\"wp-block-group alignfull has-global-padding is-layout-constrained wp-block-group-is-layout-constrained\" style=\"margin-top:var(--wp--preset--spacing--30);margin-bottom:var(--wp--preset--spacing--30)\">\n<div class=\"wp-block-webx-blocks-westcam-hero alignfull ltr\" style=\"margin-top:var(--wp--preset--spacing--50);margin-bottom:var(--wp--preset--spacing--50)\"><div class=\"hero-image\" style=\"--aspect-ratio:4 \/ 3\"> <img decoding=\"async\" srcset=\"https:\/\/www.westcam-group.com\/wp-content\/uploads\/2024\/09\/westcam-2-icon-3d-druck-150x150.png 150w, https:\/\/www.westcam-group.com\/wp-content\/uploads\/2024\/09\/westcam-2-icon-3d-druck-300x300.png 300w, https:\/\/www.westcam-group.com\/wp-content\/uploads\/2024\/09\/westcam-2-icon-3d-druck-1024x1024.png 1024w, https:\/\/www.westcam-group.com\/wp-content\/uploads\/2024\/09\/westcam-2-icon-3d-druck.png 1181w, https:\/\/www.westcam-group.com\/wp-content\/uploads\/2024\/09\/westcam-2-icon-3d-druck-900x900.png 900w, https:\/\/www.westcam-group.com\/wp-content\/uploads\/2024\/09\/westcam-2-icon-3d-druck-600x600.png 600w\" src=\"https:\/\/www.westcam-group.com\/wp-content\/uploads\/2024\/09\/westcam-2-icon-3d-druck.png\" alt=\"\"\/><\/div><div class=\"hero-placeholder\"><\/div>\n<div class=\"wp-block-group hero-content is-layout-flow wp-block-group-is-layout-flow\">\n<div class=\"wp-block-webx-blocks-fake-heading heading-h4 hero-subtitle is-style-westcamized\" style=\"text-transform:none\">Laserov\u00fd tisk s kovem<\/div>\n\n\n<h1 style=\"text-transform:none; margin-top:0;margin-bottom:0;\" class=\"wp-block-post-title\">Kov &#8211; Laser | Colibrium<\/h1>\n\n\n<p>P\u0159i laserov\u00e9m taven\u00ed kov\u016f v pr\u00e1\u0161kov\u00e9m lo\u017ei <strong>se<\/strong> komer\u010dn\u011b dostupn\u00e9 <strong>s\u00e9riov\u00e9 materi\u00e1ly tav\u00ed lok\u00e1ln\u011b ve form\u011b pr\u00e1\u0161ku pomoc\u00ed vysokoenergetick\u00e9ho vl\u00e1knov\u00e9ho laseru<\/strong>. Pou\u017e\u00edvaj\u00ed se nap\u0159\u00edklad pr\u00e1\u0161kov\u00e9 materi\u00e1ly z nerezov\u00e9 oceli a \u017e\u00e1rupevn\u00fdch ocel\u00ed, slitiny hlin\u00edku a titanu nebo drah\u00e9 kovy. <\/p>\n\n\n\n<p>B\u011bhem laserov\u00e9ho procesu se jednoslo\u017ekov\u00fd kovov\u00fd pr\u00e1\u0161ek zcela roztav\u00ed.  <strong>Po ztuhnut\u00ed materi\u00e1l ztuhne. T\u00edm z\u00edsk\u00e1 hotov\u00e1 aditivn\u011b vyr\u00e1b\u011bn\u00e1 sou\u010d\u00e1st t\u00e9m\u011b\u0159 ide\u00e1ln\u00ed vlastnosti materi\u00e1lu. <\/strong><\/p>\n\n\n\n<p>Obrys sou\u010d\u00e1sti se vytv\u00e1\u0159\u00ed vych\u00fdlen\u00edm laserov\u00e9ho paprsku pomoc\u00ed zrcadlov\u00e9 vychyluj\u00edc\u00ed jednotky (skeneru). Sou\u010d\u00e1stka se vytv\u00e1\u0159\u00ed vrstvu po vrstv\u011b sni\u017eov\u00e1n\u00edm z\u00e1kladny instala\u010dn\u00edho prostoru, op\u011btovn\u00fdm nan\u00e1\u0161en\u00edm pr\u00e1\u0161ku a roztaven\u00edm. <\/p>\n<\/div>\n<\/div>\n<\/div>\n\n<figure class=\"wp-block-image size-full is-resized\"><img loading=\"lazy\" decoding=\"async\" width=\"600\" height=\"421\" src=\"https:\/\/www.westcam-group.com\/wp-content\/uploads\/2024\/04\/metall-laser-colibrium-additive-skizze.jpg\" alt=\"\" class=\"wp-image-23962\" style=\"width:456px;height:auto\" srcset=\"https:\/\/www.westcam-group.com\/wp-content\/uploads\/2024\/04\/metall-laser-colibrium-additive-skizze.jpg 600w, https:\/\/www.westcam-group.com\/wp-content\/uploads\/2024\/04\/metall-laser-colibrium-additive-skizze-300x211.jpg 300w\" sizes=\"auto, (max-width: 600px) 100vw, 600px\" \/><\/figure>\n\n<p><strong>Spole\u010dnost Colibrium je jedn\u00edm z p\u0159edn\u00edch sv\u011btov\u00fdch dodavatel\u016f strojn\u00ed a syst\u00e9mov\u00e9 technologie pro 3D tisk kovov\u00fdch sou\u010d\u00e1st\u00ed pomoc\u00ed patentovan\u00e9ho procesu LaserCUSING\u00ae<\/strong>. Zvl\u00e1\u0161tnost\u00ed 3D tisk\u00e1ren Colibrium je stochastick\u00e9 \u0159\u00edzen\u00ed segment\u016f \u0159ezu (zn\u00e1m\u00fdch tak\u00e9 jako &#8222;ostrovy&#8220;), kter\u00e9 jsou postupn\u011b zpracov\u00e1v\u00e1ny. Tento speci\u00e1ln\u011b vyvinut\u00fd proces zaji\u0161\u0165uje v\u00fdrazn\u00e9 sn\u00ed\u017een\u00ed nap\u011bt\u00ed p\u0159i v\u00fdrob\u011b velmi velk\u00fdch komponent.  <\/p>\n\n<h3 class=\"wp-block-heading\" style=\"text-transform:none\"><strong>Tento proces nab\u00edz\u00ed n\u00e1sleduj\u00edc\u00ed v\u00fdhody:<\/strong><\/h3>\n\n<ul class=\"wp-block-list\">\n<li><strong>Volnost geometrie: Slo\u017eit\u00e9<\/strong> nebo b\u011b\u017en\u011b nevyrobiteln\u00e9 geometrie sou\u010d\u00e1st\u00ed lze pomoc\u00ed procesu laserov\u00e9ho taven\u00ed vyr\u00e1b\u011bt bez pou\u017eit\u00ed n\u00e1stroj\u016f. V\u00fdrob\u011b sou\u010d\u00e1st\u00ed s vnit\u0159n\u00ed dutou nebo m\u0159\u00ed\u017ekovou strukturou se touto technologi\u00ed meze nekladou! <\/li>\n\n\n\n<li><strong>Ekologick\u00e1 technologie: Proces LaserCUSING\u00ae<\/strong> je prakticky bezodpadov\u00fd v\u00fdrobn\u00ed proces. Kovov\u00fd pr\u00e1\u0161ek, kter\u00fd nebyl roztaven, <strong>lze <\/strong>zcela <strong>znovu pou\u017e\u00edt pro <\/strong>dal\u0161\u00ed procesy <strong>bez jak\u00fdchkoli<\/strong> ztr\u00e1t materi\u00e1lu. D\u00edky vysok\u00e9 \u00fa\u010dinnosti laserov\u00fdch syst\u00e9m\u016f pou\u017e\u00edvan\u00fdch ve spole\u010dnosti Colibrium se vlo\u017een\u00e1 energie efektivn\u011b p\u0159em\u011b\u0148uje na pracovn\u00ed v\u00fdkon.  <\/li>\n\n\n\n<li><strong>Tvar bl\u00edzk\u00fd \u010dist\u00e9mu tvaru: V\u00fdroba<\/strong> sou\u010d\u00e1st\u00ed s tvarem bl\u00edzk\u00fdm <strong>\u010dist\u00e9mu tvaru<\/strong> nebo geometri\u00ed p\u0159ipravenou k mont\u00e1\u017ei zkracuje v\u00fdrobn\u00ed \u010das a \u0161et\u0159\u00ed n\u00e1klady.<\/li>\n<\/ul>\n\n<p>Proces vrstven\u00ed LaserCUSING\u00ae lze pou\u017e\u00edt k v\u00fdrob\u011b n\u00e1strojov\u00fdch desti\u010dek s konformn\u00edm chlazen\u00edm i p\u0159\u00edm\u00fdch sou\u010d\u00e1st\u00ed pro \u0161perka\u0159sk\u00fd, l\u00e9ka\u0159sk\u00fd, zubn\u00ed, automobilov\u00fd a leteck\u00fd pr\u016fmysl. To plat\u00ed pro prototypy i s\u00e9riov\u00e9 d\u00edly. Krom\u011b samotn\u00fdch 3D tisk\u00e1ren si u n\u00e1s m\u016f\u017eete zakoupit tak\u00e9 vysoce kvalitn\u00ed kovov\u00fd pr\u00e1\u0161ek Colibrium.  <\/p>\n\n<div class=\"wp-block-webx-blocks-responsive-spacer\" style=\"--desktop-height:100px;--tablet-height:50px;--mobile-height:25px\"><\/div>\n\n<p><\/p>\n\n<h2 class=\"wp-block-heading\" style=\"text-transform:none\">Na\u0161e nab\u00eddka pro v\u00e1s<\/h2>\n<div style=\"margin-top:var(--wp--preset--spacing--30);margin-bottom:var(--wp--preset--spacing--50);\" class=\"wp-block-webx-post-list-webx-post-list wp-block-webx-post-list-webx-post-list\" data-listid=\"14414\">\n    <script class=\"webx-filter-list-config\" type=\"application\/json\">{\"postType\":\"product\",\"enableParentPost\":true,\"displayGrid\":true,\"subTitle\":\"product_category\",\"fieldOne\":\"product_category\",\"fieldTwo\":\"product_category\",\"className\":\"wp-block-webx-post-list-webx-post-list\",\"style\":{\"spacing\":{\"margin\":{\"top\":\"var:preset|spacing|30\",\"bottom\":\"var:preset|spacing|50\"}}},\"compactGrid\":false,\"language\":\"en\",\"listId\":14414,\"postId\":34530}<\/script>\n    <div class=\"webx-post-list\" data-listid=\"14414\"><\/div>\n    \n<div>\n<div class=\"wp-block-webx-post-list-webx-filters\"><div><\/div><\/div>\n<\/div>\n<\/div>","protected":false},"excerpt":{"rendered":"<p>Vysoce v\u00fdkonn\u00e9 komponenty s leteckou normou: V\u00fdroba geometricky optimalizovan\u00fdch komponent\u016f pro letectv\u00ed, automobilov\u00fd pr\u016fmysl a l\u00e9ka\u0159skou techniku podle nejvy\u0161\u0161\u00edch standard\u016f.<\/p>\n","protected":false},"author":2,"featured_media":17330,"parent":5389,"menu_order":10,"comment_status":"closed","ping_status":"closed","template":"","meta":{"content-type":"","footnotes":""},"competence":[2731],"class_list":["post-34530","product","type-product","status-publish","has-post-thumbnail","hentry","competence-metall-laser-colibrium-cs"],"_links":{"self":[{"href":"https:\/\/www.westcam-group.com\/cs\/wp-json\/wp\/v2\/product\/34530","targetHints":{"allow":["GET"]}}],"collection":[{"href":"https:\/\/www.westcam-group.com\/cs\/wp-json\/wp\/v2\/product"}],"about":[{"href":"https:\/\/www.westcam-group.com\/cs\/wp-json\/wp\/v2\/types\/product"}],"author":[{"embeddable":true,"href":"https:\/\/www.westcam-group.com\/cs\/wp-json\/wp\/v2\/users\/2"}],"replies":[{"embeddable":true,"href":"https:\/\/www.westcam-group.com\/cs\/wp-json\/wp\/v2\/comments?post=34530"}],"version-history":[{"count":2,"href":"https:\/\/www.westcam-group.com\/cs\/wp-json\/wp\/v2\/product\/34530\/revisions"}],"predecessor-version":[{"id":34534,"href":"https:\/\/www.westcam-group.com\/cs\/wp-json\/wp\/v2\/product\/34530\/revisions\/34534"}],"up":[{"embeddable":true,"href":"https:\/\/www.westcam-group.com\/cs\/wp-json\/wp\/v2\/product\/5389"}],"wp:featuredmedia":[{"embeddable":true,"href":"https:\/\/www.westcam-group.com\/cs\/wp-json\/wp\/v2\/media\/17330"}],"wp:attachment":[{"href":"https:\/\/www.westcam-group.com\/cs\/wp-json\/wp\/v2\/media?parent=34530"}],"wp:term":[{"taxonomy":"competence","embeddable":true,"href":"https:\/\/www.westcam-group.com\/cs\/wp-json\/wp\/v2\/competence?post=34530"}],"curies":[{"name":"wp","href":"https:\/\/api.w.org\/{rel}","templated":true}]}}