{"id":34514,"date":"2024-04-24T08:16:59","date_gmt":"2024-04-24T06:16:59","guid":{"rendered":"https:\/\/www.westcam-group.com\/produkte\/3d-tisk\/software-pro-3d-tisk\/"},"modified":"2025-03-23T10:53:36","modified_gmt":"2025-03-23T09:53:36","slug":"software-pro-3d-tisk","status":"publish","type":"product","link":"https:\/\/www.westcam-group.com\/cs\/produkty\/3d-tisk\/software-pro-3d-tisk\/","title":{"rendered":"Software pro 3D tisk"},"content":{"rendered":"\n<div class=\"wp-block-group alignfull has-global-padding is-layout-constrained wp-block-group-is-layout-constrained\">\n<div class=\"wp-block-webx-blocks-westcam-hero alignfull ltr\" style=\"margin-top:var(--wp--preset--spacing--50);margin-bottom:var(--wp--preset--spacing--50)\"><div class=\"hero-image\" style=\"--aspect-ratio:4 \/ 3\"> <img decoding=\"async\" srcset=\"https:\/\/www.westcam-group.com\/wp-content\/uploads\/2024\/09\/westcam-2-icon-3d-druck-150x150.png 150w, https:\/\/www.westcam-group.com\/wp-content\/uploads\/2024\/09\/westcam-2-icon-3d-druck-300x300.png 300w, https:\/\/www.westcam-group.com\/wp-content\/uploads\/2024\/09\/westcam-2-icon-3d-druck-1024x1024.png 1024w, https:\/\/www.westcam-group.com\/wp-content\/uploads\/2024\/09\/westcam-2-icon-3d-druck.png 1181w, https:\/\/www.westcam-group.com\/wp-content\/uploads\/2024\/09\/westcam-2-icon-3d-druck-900x900.png 900w, https:\/\/www.westcam-group.com\/wp-content\/uploads\/2024\/09\/westcam-2-icon-3d-druck-600x600.png 600w\" src=\"https:\/\/www.westcam-group.com\/wp-content\/uploads\/2024\/09\/westcam-2-icon-3d-druck.png\" alt=\"\"\/><\/div><div class=\"hero-placeholder\"><\/div>\n<div class=\"wp-block-group hero-content is-layout-flow wp-block-group-is-layout-flow\">\n<div class=\"wp-block-webx-blocks-fake-heading heading-h4 hero-subtitle is-style-westcamized\" style=\"text-transform:none\">Zjednodu\u0161en\u00fd v\u00fdtisk<\/div>\n\n\n<h1 style=\"text-transform:none; margin-top:0;margin-bottom:0;\" class=\"wp-block-post-title\">Software pro 3D tisk<\/h1>\n\n\n<p>Krom\u011b rozhodnut\u00ed o vhodn\u00e9m <strong>aditivn\u00edm v\u00fdrobn\u00edm procesu a<\/strong> vhodn\u00e9m <strong>modelu 3D tisk\u00e1rny <\/strong> <strong>je<\/strong> jedn\u00edm z rozhodnut\u00ed, kter\u00e1 je t\u0159eba u\u010dinit v r\u00e1mci procesu 3D tisku, <strong>tak\u00e9<\/strong> v\u00fdb\u011br spr\u00e1vn\u00e9ho <strong>softwaru<\/strong>.<\/p>\n\n\n\n<p><\/p>\n\n\n\n<h4 class=\"wp-block-heading\" style=\"text-transform:none\"><strong>Bez n\u011bj to nejde &#8211; software je nezbytn\u00fd.  <\/strong><\/h4>\n\n\n\n<p>K obsluze <strong>3D tisk\u00e1rny<\/strong> <strong>je zapot\u0159eb\u00ed speci\u00e1ln\u00ed software <\/strong>. Ten p\u0159evede navr\u017een\u00e9 <strong>3D modely do<\/strong> <strong>strojov\u00e9ho k\u00f3du (G-k\u00f3du) a p\u0159enese<\/strong> v\u0161echny informace d\u016fle\u017eit\u00e9 pro tisk do 3D <strong>tisk\u00e1rny<\/strong>. Bez softwarov\u00fdch krok\u016f 2. a 3. nen\u00ed proces 3D tisku mo\u017en\u00fd.    <\/p>\n\n\n\n<p class=\"has-small-font-size\"><\/p>\n<\/div>\n<\/div>\n\n\n\n<figure class=\"wp-block-image size-full is-resized\"><img loading=\"lazy\" decoding=\"async\" width=\"800\" height=\"213\" src=\"https:\/\/www.westcam-group.com\/wp-content\/uploads\/2024\/04\/westcam-3d-druck-prozess.png\" alt=\"\" class=\"wp-image-24149\" style=\"width:992px;height:auto\" srcset=\"https:\/\/www.westcam-group.com\/wp-content\/uploads\/2024\/04\/westcam-3d-druck-prozess.png 800w, https:\/\/www.westcam-group.com\/wp-content\/uploads\/2024\/04\/westcam-3d-druck-prozess-300x80.png 300w, https:\/\/www.westcam-group.com\/wp-content\/uploads\/2024\/04\/westcam-3d-druck-prozess-768x204.png 768w\" sizes=\"auto, (max-width: 800px) 100vw, 800px\" \/><figcaption class=\"wp-element-caption\">Software pro 3D tisk: \u00dast\u0159edn\u00ed v\u00fdznam p\u0159i p\u0159edb\u011b\u017en\u00e9m zpracov\u00e1n\u00ed (2. + 3.)<\/figcaption><\/figure>\n\n\n\n<h3 class=\"wp-block-heading\" style=\"text-transform:none\"><strong>Jakou pr\u00e1ci d\u011blaj\u00ed &#8222;Kr\u00e1je\u010d&#8220; a &#8222;Host&#8220;?<\/strong><\/h3>\n<\/div>\n\n\n\n<div class=\"wp-block-media-text has-media-on-the-right is-stacked-on-mobile\"><div class=\"wp-block-media-text__content\">\n<p>K provozu 3D tisk\u00e1rny jsou zapot\u0159eb\u00ed dva programy:<\/p>\n\n\n\n<h3 class=\"wp-block-heading\">Kr\u00e1je\u010d<\/h3>\n\n\n\n<p>\u0158eza\u010dka roz\u0159e\u017ee 3D objekt ur\u010den\u00fd k tisku na vrstvy a vytvo\u0159\u00ed pot\u0159ebn\u00e9 p\u0159\u00edkazy pro stroj.  <\/p>\n\n\n\n<h3 class=\"wp-block-heading is-style-default\" style=\"text-transform:none\">HOST<\/h3>\n\n\n\n<p>Hostitelsk\u00fd program ovl\u00e1d\u00e1 tisk\u00e1rnu p\u0159\u00edmo pomoc\u00ed p\u0159\u00edkaz\u016f generovan\u00fdch slicerem.<\/p>\n<\/div><figure class=\"wp-block-media-text__media\"><img loading=\"lazy\" decoding=\"async\" width=\"548\" height=\"438\" src=\"https:\/\/www.westcam-group.com\/wp-content\/uploads\/2024\/04\/westcam-3d-printing-software.jpg\" alt=\"\" class=\"wp-image-24166 size-full\" srcset=\"https:\/\/www.westcam-group.com\/wp-content\/uploads\/2024\/04\/westcam-3d-printing-software.jpg 548w, https:\/\/www.westcam-group.com\/wp-content\/uploads\/2024\/04\/westcam-3d-printing-software-300x240.jpg 300w\" sizes=\"auto, (max-width: 548px) 100vw, 548px\" \/><\/figure><\/div>\n\n\n\n<h4 class=\"wp-block-heading is-style-default\" style=\"text-transform:none\"><strong>Kr\u00e1je\u010d m\u00e1 z\u00e1sadn\u00ed v\u00fdznam<\/strong><\/h4>\n\n\n\n<p><strong>Kr\u00e1je\u010d je <\/strong>nyn\u00ed d\u016fle\u017eit\u011bj\u0161\u00ed ne\u017e hostitelsk\u00fd program. Jednak proto, \u017ee v\u011bt\u0161ina <strong>tisk\u00e1ren<\/strong> je <strong>dnes<\/strong> ji\u017e dod\u00e1v\u00e1na s <strong>plnohodnotn\u00fdm <\/strong> <strong>\u0159adi\u010dem a hostitelsk\u00fdm programem <\/strong>. Na druhou stranu ji\u017e existuje mnoho <strong>program\u016f typu &#8222;v\u0161e v jednom&#8220;, kter\u00e9<\/strong> jsou <strong>z\u00e1rove\u0148 \u0159ezac\u00edm i<\/strong> <strong>hostitelsk\u00fdm programem <\/strong>.  <\/p>\n\n\n\n<div class=\"wp-block-webx-blocks-responsive-spacer\" style=\"--desktop-height:100px;--tablet-height:50px;--mobile-height:25px\"><\/div>\n\n\n\n<h3 class=\"wp-block-heading\" style=\"text-transform:none\"><strong>KTER\u00dd software pro 3D tisk je ten spr\u00e1vn\u00fd?<\/strong><\/h3>\n\n\n\n<p>Existuj\u00ed r\u016fzn\u00e9 softwarov\u00e9 programy pro 3D tisk. N\u011bkter\u00e9 z nich jsou kompatibiln\u00ed pouze s n\u011bkolika m\u00e1lo 3D tisk\u00e1rnami, v\u011bt\u0161inu program\u016f v\u0161ak lze pou\u017e\u00edvat s velk\u00fdm mno\u017estv\u00edm r\u016fzn\u00fdch za\u0159\u00edzen\u00ed. Mnoho softwarov\u00fdch \u0159e\u0161en\u00ed pro 3D tisk\u00e1rny je k dispozici zdarma.    <\/p>\n\n\n\n<p><strong>Kdo v\u0161ak hled\u00e1 profesion\u00e1ln\u00ed \u0159e\u0161en\u00ed, s bezplatn\u00fdmi verzemi rychle naraz\u00ed na sv\u00e9 limity.<\/strong><\/p>\n\n\n\n<p>Se spr\u00e1vn\u00fdm softwarem pro <strong>pr\u016fmyslov\u00fd 3D tisk <\/strong> <strong>nejen<\/strong> sn\u00ed\u017e\u00edte n\u00e1klady, <strong>ale tak\u00e9<\/strong> zv\u00fd\u0161\u00edte <strong>efektivitu procesu 3D tisku<\/strong>. Firm\u00e1m, kter\u00e9 pot\u0159ebuj\u00ed vhodn\u00fd software pro pr\u016fmyslov\u00e9 pou\u017eit\u00ed, <strong>m\u016f\u017eeme doporu\u010dit jedno z<\/strong> n\u00e1sleduj\u00edc\u00edch softwarov\u00fdch \u0159e\u0161en\u00ed pro 3D tisk: <\/p>\n\n\n\n<p><\/p>\n\n\n\n<h2 class=\"wp-block-heading\" style=\"text-transform:none\">Na\u0161e nab\u00eddka pro v\u00e1s<\/h2>\n\n\n<div style=\"margin-top:var(--wp--preset--spacing--30);margin-bottom:var(--wp--preset--spacing--50);\" class=\"wp-block-webx-post-list-webx-post-list wp-block-webx-post-list-webx-post-list\" data-listid=\"40438\">\n    <script class=\"webx-filter-list-config\" type=\"application\/json\">{\"postType\":\"product\",\"enableParentPost\":true,\"displayGrid\":true,\"subTitle\":\"competence\",\"fieldTwo\":\"product_category\",\"className\":\"wp-block-webx-post-list-webx-post-list\",\"style\":{\"spacing\":{\"margin\":{\"top\":\"var:preset|spacing|30\",\"bottom\":\"var:preset|spacing|50\"}}},\"compactGrid\":false,\"fieldOne\":\"\",\"language\":\"en\",\"listId\":40438,\"postId\":34514}<\/script>\n    <div class=\"webx-post-list\" data-listid=\"40438\"><\/div>\n    \n<div>\n<div class=\"wp-block-webx-post-list-webx-filters\"><div><\/div><\/div>\n<\/div>\n<\/div>","protected":false},"excerpt":{"rendered":"<p>N\u00e1stroj pro opravy, generov\u00e1n\u00ed podp\u011br, optimalizaci 3D tisku a generov\u00e1n\u00ed \u0159ez\u016f. Jednoduch\u00e9 ovl\u00e1d\u00e1n\u00ed a mnoho automatick\u00fdch funkc\u00ed pom\u00e1h\u00e1 p\u0159i vytv\u00e1\u0159en\u00ed konstruk\u010dn\u00edch \u00faloh. <\/p>\n","protected":false},"author":2,"featured_media":24826,"parent":5389,"menu_order":12,"comment_status":"closed","ping_status":"closed","template":"","meta":{"content-type":"","footnotes":""},"competence":[2724],"class_list":["post-34514","product","type-product","status-publish","has-post-thumbnail","hentry","competence-3d-druck-software-cs"],"_links":{"self":[{"href":"https:\/\/www.westcam-group.com\/cs\/wp-json\/wp\/v2\/product\/34514","targetHints":{"allow":["GET"]}}],"collection":[{"href":"https:\/\/www.westcam-group.com\/cs\/wp-json\/wp\/v2\/product"}],"about":[{"href":"https:\/\/www.westcam-group.com\/cs\/wp-json\/wp\/v2\/types\/product"}],"author":[{"embeddable":true,"href":"https:\/\/www.westcam-group.com\/cs\/wp-json\/wp\/v2\/users\/2"}],"replies":[{"embeddable":true,"href":"https:\/\/www.westcam-group.com\/cs\/wp-json\/wp\/v2\/comments?post=34514"}],"version-history":[{"count":3,"href":"https:\/\/www.westcam-group.com\/cs\/wp-json\/wp\/v2\/product\/34514\/revisions"}],"predecessor-version":[{"id":36807,"href":"https:\/\/www.westcam-group.com\/cs\/wp-json\/wp\/v2\/product\/34514\/revisions\/36807"}],"up":[{"embeddable":true,"href":"https:\/\/www.westcam-group.com\/cs\/wp-json\/wp\/v2\/product\/5389"}],"wp:featuredmedia":[{"embeddable":true,"href":"https:\/\/www.westcam-group.com\/cs\/wp-json\/wp\/v2\/media\/24826"}],"wp:attachment":[{"href":"https:\/\/www.westcam-group.com\/cs\/wp-json\/wp\/v2\/media?parent=34514"}],"wp:term":[{"taxonomy":"competence","embeddable":true,"href":"https:\/\/www.westcam-group.com\/cs\/wp-json\/wp\/v2\/competence?post=34514"}],"curies":[{"name":"wp","href":"https:\/\/api.w.org\/{rel}","templated":true}]}}