{"id":34508,"date":"2024-04-24T08:14:04","date_gmt":"2024-04-24T06:14:04","guid":{"rendered":"https:\/\/www.westcam-group.com\/produkte\/3d-tisk\/odlevani-do-pisku-voxeljet\/"},"modified":"2025-02-25T15:25:50","modified_gmt":"2025-02-25T14:25:50","slug":"odlevani-do-pisku-voxeljet","status":"publish","type":"product","link":"https:\/\/www.westcam-group.com\/cs\/produkty\/3d-tisk\/odlevani-do-pisku-voxeljet\/","title":{"rendered":"Odl\u00e9v\u00e1n\u00ed do p\u00edsku | Voxeljet"},"content":{"rendered":"\n<div class=\"wp-block-group alignfull has-global-padding is-layout-constrained wp-block-group-is-layout-constrained\">\n<div class=\"wp-block-webx-blocks-westcam-hero alignfull ltr\" style=\"margin-top:var(--wp--preset--spacing--50);margin-bottom:var(--wp--preset--spacing--50)\"><div class=\"hero-image\" style=\"--aspect-ratio:4 \/ 3\"> <img decoding=\"async\" srcset=\"https:\/\/www.westcam-group.com\/wp-content\/uploads\/2024\/09\/westcam-2-icon-3d-druck-150x150.png 150w, https:\/\/www.westcam-group.com\/wp-content\/uploads\/2024\/09\/westcam-2-icon-3d-druck-300x300.png 300w, https:\/\/www.westcam-group.com\/wp-content\/uploads\/2024\/09\/westcam-2-icon-3d-druck-1024x1024.png 1024w, https:\/\/www.westcam-group.com\/wp-content\/uploads\/2024\/09\/westcam-2-icon-3d-druck.png 1181w, https:\/\/www.westcam-group.com\/wp-content\/uploads\/2024\/09\/westcam-2-icon-3d-druck-900x900.png 900w, https:\/\/www.westcam-group.com\/wp-content\/uploads\/2024\/09\/westcam-2-icon-3d-druck-600x600.png 600w\" src=\"https:\/\/www.westcam-group.com\/wp-content\/uploads\/2024\/09\/westcam-2-icon-3d-druck.png\" alt=\"\"\/><\/div><div class=\"hero-placeholder\"><\/div>\n<div class=\"wp-block-group hero-content is-layout-flow wp-block-group-is-layout-flow\">\n<div class=\"wp-block-webx-blocks-fake-heading heading-h4 hero-subtitle is-style-westcamized\" style=\"text-transform:none\">Formy ve velk\u00e9m m\u011b\u0159\u00edtku<\/div>\n\n\n<h1 style=\"text-transform:none; margin-top:0;margin-bottom:0;\" class=\"wp-block-post-title\">Odl\u00e9v\u00e1n\u00ed do p\u00edsku | Voxeljet<\/h1>\n\n\n<p>P\u0159i technologii 3D tisku odl\u00e9v\u00e1n\u00edm do p\u00edsku <strong>se p\u00edskov\u00e9 formy vyr\u00e1b\u011bj\u00ed <\/strong>z <strong>jemn\u00e9ho k\u0159emenn\u00e9ho p\u00edsku <\/strong>. Pou\u017e\u00edvaj\u00ed se nap\u0159\u00edklad pro <strong>odl\u00e9v\u00e1n\u00ed <\/strong>\u0161ed\u00e9 a <strong>ocelov\u00e9 slitiny a pro v\u00fdrobu <\/strong>lit\u00fdch kov\u016f, jako je hlin\u00edk, <strong>mosaz nebo<\/strong> <strong>ho\u0159\u010d\u00edk<\/strong>. Krom\u011b <strong>v\u00fdroby prototyp\u016f nebo n\u00e1stroj\u016f <\/strong>se formy pro lit\u00ed do p\u00edsku z 3D tisk\u00e1rny pou\u017e\u00edvaj\u00ed tak\u00e9 pro v\u00fdrobu <strong>designov\u00e9ho n\u00e1bytku, pro<\/strong> <strong>restaurov\u00e1n\u00ed, v architektu\u0159e<\/strong> <strong>a v <\/strong> <strong>leteck\u00e9m pr\u016fmyslu<\/strong>.  <\/p>\n\n\n\n<p><\/p>\n<\/div>\n<\/div>\n\n\n\n<h3 class=\"wp-block-heading\">POSTUP<\/h3>\n<\/div>\n\n<h5 class=\"wp-block-heading\">K\u0159emenn\u00fd p\u00edsek nebo polymery po vrstv\u00e1ch do formy  <\/h5>\n\n<p><strong>P\u0159\u00edm\u00e1 vazba furanu (FDB)<\/strong><\/p>\n\n<p><strong>K v\u00fdrob\u011b<\/strong> p\u00edskov\u00fdch forem <strong>se pou\u017e\u00edv\u00e1 p\u0159\u00edm\u00e9 v\u00e1z\u00e1n\u00ed furanu (FDB<\/strong> ). \u010c\u00e1ste\u010dkov\u00fd materi\u00e1l <strong>(k\u0159emenn\u00fd p\u00edsek) je nan\u00e1\u0161en<\/strong> na povrch konstrukce v tenk\u00fdch vrstv\u00e1ch a selektivn\u011b poti\u0161t\u011bn a spojen pojivem pomoc\u00ed tiskov\u00e9 hlavy s vysok\u00fdm rozli\u0161en\u00edm v souladu s \u00fadaji o komponent\u011b. Tyto pracovn\u00ed kroky se opakuj\u00ed, dokud nen\u00ed dosa\u017eeno po\u017eadovan\u00e9 v\u00fd\u0161ky sou\u010d\u00e1sti. Pot\u00e9 se odstran\u00ed nespojen\u00e9 zbytky materi\u00e1lu. N\u011bkter\u00e9 3D tisk\u00e1rny, kter\u00e9 pou\u017e\u00edvaj\u00ed proces FBD, pou\u017e\u00edvaj\u00ed jako materi\u00e1l tak\u00e9 plast, nap\u0159\u00edklad PMMA <strong>(polymethylmetakryl\u00e1t <\/strong>).    <\/p>\n\n<h5 class=\"wp-block-heading\"><strong>V\u00fdhody<\/strong><\/h5>\n\n<ul class=\"wp-block-list\">\n<li><strong>Obrovsk\u00e9 instala\u010dn\u00ed prostory: Mimo\u0159\u00e1dnou v\u00fdhodou<\/strong> 3D tisk\u00e1ren pro odl\u00e9v\u00e1n\u00ed do p\u00edsku je jejich extr\u00e9mn\u011b velk\u00fd instala\u010dn\u00ed prostor o rozm\u011brech a\u017e 4000 x 2000 x 1000 mm. To znamen\u00e1, \u017ee lze vyr\u00e1b\u011bt i velk\u00e9 odl\u00e9vac\u00ed formy, nap\u0159\u00edklad pro sk\u0159\u00edn\u011b turb\u00edn.<\/li>\n\n\n\n<li><strong>Udr\u017eitelnost: Dal\u0161\u00ed<\/strong> v\u00fdhodou je ekologick\u00e1 udr\u017eitelnost k\u0159emenn\u00e9ho p\u00edsku jako pou\u017eit\u00e9ho materi\u00e1lu: tato surovina je pova\u017eov\u00e1na za celosv\u011btov\u011b dostupnou v prakticky neomezen\u00e9m mno\u017estv\u00ed.<\/li>\n<\/ul>\n\n<div class=\"wp-block-group has-base-2-background-color has-background has-global-padding is-content-justification-center is-layout-constrained wp-container-core-group-is-layout-606d210a wp-block-group-is-layout-constrained\" style=\"padding-top:var(--wp--preset--spacing--30);padding-bottom:var(--wp--preset--spacing--30)\">\n<figure class=\"wp-block-embed is-type-video is-provider-youtube wp-block-embed-youtube wp-embed-aspect-16-9 wp-has-aspect-ratio\" style=\"margin-top:var(--wp--preset--spacing--20);margin-bottom:var(--wp--preset--spacing--20)\"><div class=\"wp-block-embed__wrapper\">\n<div class=\"cookieconsent-optout-marketing\">\n    Bitte  <a href=\"javascript:Cookiebot.renew()\">Marketing-Cookies akzeptieren<\/a>, um dieses Video zu laden.\n    <\/div>\n            <iframe data-cookieblock-src=\"https:\/\/www.youtube.com\/embed\/cI3W5cuGc3c?feature=oembed\" data-cookieconsent=\"marketing\" title=\"Der industrielle 3D-Drucker VX4000 f\u00fcr den Sandguss\" width=\"500\" height=\"281\"  frameborder=\"0\" allow=\"accelerometer; autoplay; clipboard-write; encrypted-media; gyroscope; picture-in-picture; web-share\" referrerpolicy=\"strict-origin-when-cross-origin\" allowfullscreen><\/iframe>\n<\/div><\/figure>\n<\/div>\n\n<h2 class=\"wp-block-heading\" style=\"text-transform:none\">Na\u0161e nab\u00eddka pro v\u00e1s<\/h2>\n<div style=\"margin-top:var(--wp--preset--spacing--30);margin-bottom:var(--wp--preset--spacing--50);\" class=\"wp-block-webx-post-list-webx-post-list wp-block-webx-post-list-webx-post-list\" data-listid=\"31392\">\n    <script class=\"webx-filter-list-config\" type=\"application\/json\">{\"postType\":\"product\",\"enableParentPost\":true,\"displayGrid\":true,\"subTitle\":\"product_category\",\"fieldOne\":\"product_category\",\"fieldTwo\":\"product_category\",\"className\":\"wp-block-webx-post-list-webx-post-list\",\"style\":{\"spacing\":{\"margin\":{\"top\":\"var:preset|spacing|30\",\"bottom\":\"var:preset|spacing|50\"}}},\"compactGrid\":false,\"language\":\"en\",\"listId\":31392,\"postId\":34508}<\/script>\n    <div class=\"webx-post-list\" data-listid=\"31392\"><\/div>\n    \n<div>\n<div class=\"wp-block-webx-post-list-webx-filters\"><div><\/div><\/div>\n<\/div>\n<\/div>","protected":false},"excerpt":{"rendered":"<p>Velk\u00e9 formy z jemn\u00e9ho k\u0159emenn\u00e9ho p\u00edsku pro odl\u00e9v\u00e1n\u00ed kov\u016f (hlin\u00edk, ocel). Pou\u017eit\u00ed: prototypy, n\u00e1stroje, designov\u00fd n\u00e1bytek, um\u011bn\u00ed, architektura, letectv\u00ed. <\/p>\n","protected":false},"author":2,"featured_media":16921,"parent":5389,"menu_order":12,"comment_status":"closed","ping_status":"closed","template":"","meta":{"content-type":"","footnotes":""},"competence":[2733],"class_list":["post-34508","product","type-product","status-publish","has-post-thumbnail","hentry","competence-sandguss-voxeljet-cs"],"_links":{"self":[{"href":"https:\/\/www.westcam-group.com\/cs\/wp-json\/wp\/v2\/product\/34508","targetHints":{"allow":["GET"]}}],"collection":[{"href":"https:\/\/www.westcam-group.com\/cs\/wp-json\/wp\/v2\/product"}],"about":[{"href":"https:\/\/www.westcam-group.com\/cs\/wp-json\/wp\/v2\/types\/product"}],"author":[{"embeddable":true,"href":"https:\/\/www.westcam-group.com\/cs\/wp-json\/wp\/v2\/users\/2"}],"replies":[{"embeddable":true,"href":"https:\/\/www.westcam-group.com\/cs\/wp-json\/wp\/v2\/comments?post=34508"}],"version-history":[{"count":2,"href":"https:\/\/www.westcam-group.com\/cs\/wp-json\/wp\/v2\/product\/34508\/revisions"}],"predecessor-version":[{"id":34511,"href":"https:\/\/www.westcam-group.com\/cs\/wp-json\/wp\/v2\/product\/34508\/revisions\/34511"}],"up":[{"embeddable":true,"href":"https:\/\/www.westcam-group.com\/cs\/wp-json\/wp\/v2\/product\/5389"}],"wp:featuredmedia":[{"embeddable":true,"href":"https:\/\/www.westcam-group.com\/cs\/wp-json\/wp\/v2\/media\/16921"}],"wp:attachment":[{"href":"https:\/\/www.westcam-group.com\/cs\/wp-json\/wp\/v2\/media?parent=34508"}],"wp:term":[{"taxonomy":"competence","embeddable":true,"href":"https:\/\/www.westcam-group.com\/cs\/wp-json\/wp\/v2\/competence?post=34508"}],"curies":[{"name":"wp","href":"https:\/\/api.w.org\/{rel}","templated":true}]}}