{"id":34491,"date":"2024-04-24T07:52:08","date_gmt":"2024-04-24T05:52:08","guid":{"rendered":"https:\/\/www.westcam-group.com\/produkte\/navrh-a-vyroba-produktu\/reverzni-inzenyrstvi\/"},"modified":"2025-02-25T15:25:35","modified_gmt":"2025-02-25T14:25:35","slug":"reverzni-inzenyrstvi","status":"publish","type":"product","link":"https:\/\/www.westcam-group.com\/cs\/produkty\/cad-konstrukce\/reverzni-inzenyrstvi\/","title":{"rendered":"Reverzn\u00ed in\u017een\u00fdrstv\u00ed"},"content":{"rendered":"\n<div class=\"wp-block-group alignfull has-global-padding is-layout-constrained wp-block-group-is-layout-constrained\">\n<div class=\"wp-block-webx-blocks-westcam-hero alignfull ltr\" style=\"margin-top:var(--wp--preset--spacing--50);margin-bottom:var(--wp--preset--spacing--50)\"><div class=\"hero-image\" style=\"--aspect-ratio:4 \/ 3\"> <img decoding=\"async\" srcset=\"https:\/\/www.westcam-group.com\/wp-content\/uploads\/2024\/09\/westcam-1-icon-cad-konstruktion-150x150.png 150w, https:\/\/www.westcam-group.com\/wp-content\/uploads\/2024\/09\/westcam-1-icon-cad-konstruktion-300x300.png 300w, https:\/\/www.westcam-group.com\/wp-content\/uploads\/2024\/09\/westcam-1-icon-cad-konstruktion-1024x1024.png 1024w, https:\/\/www.westcam-group.com\/wp-content\/uploads\/2024\/09\/westcam-1-icon-cad-konstruktion.png 1181w, https:\/\/www.westcam-group.com\/wp-content\/uploads\/2024\/09\/westcam-1-icon-cad-konstruktion-900x900.png 900w, https:\/\/www.westcam-group.com\/wp-content\/uploads\/2024\/09\/westcam-1-icon-cad-konstruktion-600x600.png 600w\" src=\"https:\/\/www.westcam-group.com\/wp-content\/uploads\/2024\/09\/westcam-1-icon-cad-konstruktion.png\" alt=\"\"\/><\/div><div class=\"hero-placeholder\"><\/div>\n<div class=\"wp-block-group hero-content is-layout-flow wp-block-group-is-layout-flow\">\n<div class=\"wp-block-webx-blocks-fake-heading heading-h4 hero-subtitle is-style-westcamized\" style=\"text-transform:none\">Dokonal\u00e1 replika na m\u00edru<\/div>\n\n\n<h1 style=\"text-transform:none; margin-top:0;margin-bottom:0;\" class=\"wp-block-post-title\">Reverzn\u00ed in\u017een\u00fdrstv\u00ed<\/h1>\n\n\n<p>Reverzn\u00ed in\u017een\u00fdrstv\u00ed umo\u017e\u0148uje p\u0159esn\u011b analyzovat a znovu vytvo\u0159it st\u00e1vaj\u00edc\u00ed v\u00fdrobky nebo d\u00edly. S na\u0161imi specializovan\u00fdmi softwarov\u00fdmi \u0159e\u0161en\u00edmi m\u016f\u017eete vytv\u00e1\u0159et p\u0159esn\u00e9 digit\u00e1ln\u00ed modely a efektivn\u011b tak realizovat vylep\u0161en\u00ed konstrukce nebo nov\u00e9 \u00fapravy.   <\/p>\n\n\n\n<p>Objevte mo\u017enosti zdokonalen\u00ed st\u00e1vaj\u00edc\u00edch inovac\u00ed a stanoven\u00ed nov\u00fdch standard\u016f.<\/p>\n<\/div>\n<\/div>\n<\/div>\n\n<h2 class=\"wp-block-heading\" style=\"text-transform:none\">Na\u0161e nab\u00eddka pro v\u00e1s<\/h2>\n<div style=\"margin-top:var(--wp--preset--spacing--30);margin-bottom:var(--wp--preset--spacing--50);\" class=\"wp-block-webx-post-list-webx-post-list wp-block-webx-post-list-webx-post-list\" data-listid=\"61042\">\n    <script class=\"webx-filter-list-config\" type=\"application\/json\">{\"postType\":\"product\",\"enableParentPost\":true,\"displayGrid\":true,\"subTitle\":\"product_category\",\"fieldOne\":\"product_category\",\"fieldTwo\":\"product_category\",\"className\":\"wp-block-webx-post-list-webx-post-list\",\"style\":{\"spacing\":{\"margin\":{\"top\":\"var:preset|spacing|30\",\"bottom\":\"var:preset|spacing|50\"}}},\"compactGrid\":false,\"language\":\"en\",\"listId\":61042,\"postId\":34491}<\/script>\n    <div class=\"webx-post-list\" data-listid=\"61042\"><\/div>\n    \n<div>\n<div class=\"wp-block-webx-post-list-webx-filters\"><div><\/div><\/div>\n<\/div>\n<\/div>","protected":false},"excerpt":{"rendered":"<p>&#8222;Reverzn\u00ed in\u017een\u00fdrstv\u00ed&#8220; neboli rekonstrukce &#8211; p\u0159esn\u00e1 anal\u00fdza st\u00e1vaj\u00edc\u00edch objekt\u016f a jejich reprodukce nebo dal\u0161\u00ed optimalizace.<\/p>\n","protected":false},"author":2,"featured_media":20120,"parent":5266,"menu_order":8,"comment_status":"closed","ping_status":"closed","template":"","meta":{"content-type":"","footnotes":""},"competence":[2820],"class_list":["post-34491","product","type-product","status-publish","has-post-thumbnail","hentry","competence-reverse-engineering-cs"],"_links":{"self":[{"href":"https:\/\/www.westcam-group.com\/cs\/wp-json\/wp\/v2\/product\/34491","targetHints":{"allow":["GET"]}}],"collection":[{"href":"https:\/\/www.westcam-group.com\/cs\/wp-json\/wp\/v2\/product"}],"about":[{"href":"https:\/\/www.westcam-group.com\/cs\/wp-json\/wp\/v2\/types\/product"}],"author":[{"embeddable":true,"href":"https:\/\/www.westcam-group.com\/cs\/wp-json\/wp\/v2\/users\/2"}],"replies":[{"embeddable":true,"href":"https:\/\/www.westcam-group.com\/cs\/wp-json\/wp\/v2\/comments?post=34491"}],"version-history":[{"count":2,"href":"https:\/\/www.westcam-group.com\/cs\/wp-json\/wp\/v2\/product\/34491\/revisions"}],"predecessor-version":[{"id":34493,"href":"https:\/\/www.westcam-group.com\/cs\/wp-json\/wp\/v2\/product\/34491\/revisions\/34493"}],"up":[{"embeddable":true,"href":"https:\/\/www.westcam-group.com\/cs\/wp-json\/wp\/v2\/product\/5266"}],"wp:featuredmedia":[{"embeddable":true,"href":"https:\/\/www.westcam-group.com\/cs\/wp-json\/wp\/v2\/media\/20120"}],"wp:attachment":[{"href":"https:\/\/www.westcam-group.com\/cs\/wp-json\/wp\/v2\/media?parent=34491"}],"wp:term":[{"taxonomy":"competence","embeddable":true,"href":"https:\/\/www.westcam-group.com\/cs\/wp-json\/wp\/v2\/competence?post=34491"}],"curies":[{"name":"wp","href":"https:\/\/api.w.org\/{rel}","templated":true}]}}