{"id":34485,"date":"2024-04-24T10:36:39","date_gmt":"2024-04-24T08:36:39","guid":{"rendered":"https:\/\/www.westcam-group.com\/produkte\/reseni-pro-zobrazovani-2\/kontrola-kvality-na-lince-a-na-konci-linky\/"},"modified":"2025-04-29T16:46:57","modified_gmt":"2025-04-29T14:46:57","slug":"kontrola-kvality-na-lince-a-na-konci-linky","status":"publish","type":"product","link":"https:\/\/www.westcam-group.com\/cs\/produkty\/zpracovani-obrazu\/kontrola-kvality-na-lince-a-na-konci-linky\/","title":{"rendered":"Kontrola kvality na lince a na konci linky"},"content":{"rendered":"\n<div class=\"wp-block-group alignfull has-global-padding is-layout-constrained wp-block-group-is-layout-constrained\">\n<div class=\"wp-block-webx-blocks-westcam-hero alignfull ltr\" style=\"margin-top:var(--wp--preset--spacing--50);margin-bottom:var(--wp--preset--spacing--50)\"><div class=\"hero-image\" style=\"--aspect-ratio:4 \/ 3\"> <img decoding=\"async\" srcset=\"https:\/\/www.westcam-group.com\/wp-content\/uploads\/2024\/09\/westcam-8-icon-bildverarbeitung-150x150.png 150w, https:\/\/www.westcam-group.com\/wp-content\/uploads\/2024\/09\/westcam-8-icon-bildverarbeitung-300x300.png 300w, https:\/\/www.westcam-group.com\/wp-content\/uploads\/2024\/09\/westcam-8-icon-bildverarbeitung-1024x1024.png 1024w, https:\/\/www.westcam-group.com\/wp-content\/uploads\/2024\/09\/westcam-8-icon-bildverarbeitung.png 1181w, https:\/\/www.westcam-group.com\/wp-content\/uploads\/2024\/09\/westcam-8-icon-bildverarbeitung-900x900.png 900w, https:\/\/www.westcam-group.com\/wp-content\/uploads\/2024\/09\/westcam-8-icon-bildverarbeitung-600x600.png 600w\" src=\"https:\/\/www.westcam-group.com\/wp-content\/uploads\/2024\/09\/westcam-8-icon-bildverarbeitung.png\" alt=\"\"\/><\/div><div class=\"hero-placeholder\"><\/div>\n<div class=\"wp-block-group hero-content is-layout-flow wp-block-group-is-layout-flow\">\n<div class=\"wp-block-webx-blocks-fake-heading heading-h4 hero-subtitle is-style-westcamized\" style=\"text-transform:none\">Zaji\u0161t\u011bn\u00ed kvality v\u00fdrobk\u016f<\/div>\n\n\n<h1 style=\"text-transform:none; margin-top:0;margin-bottom:0;\" class=\"wp-block-post-title\">Kontrola kvality na lince a na konci linky<\/h1>\n\n\n<p>Optimalizujte kontrolu kvality na lince a na konci linky pomoc\u00ed na\u0161ich syst\u00e9m\u016f vid\u011bn\u00ed. Tyto syst\u00e9my jsou integrov\u00e1ny p\u0159\u00edmo do v\u00fdrobn\u00edch proces\u016f a zaji\u0161\u0165uj\u00ed kvalitu v\u00fdrobk\u016f v pr\u016fb\u011bhu jejich vytv\u00e1\u0159en\u00ed.   <\/p>\n<\/div>\n<\/div>\n<\/div>\n\n<h2 class=\"wp-block-heading\" style=\"text-transform:none\">Na\u0161e nab\u00eddka pro v\u00e1s<\/h2>\n<div style=\"margin-top:var(--wp--preset--spacing--30);margin-bottom:var(--wp--preset--spacing--50);\" class=\"wp-block-webx-post-list-webx-post-list wp-block-webx-post-list-webx-post-list\" data-listid=\"29357\">\n    <script class=\"webx-filter-list-config\" type=\"application\/json\">{\"postType\":\"product\",\"enableParentPost\":true,\"displayGrid\":true,\"subTitle\":\"product_category\",\"fieldOne\":\"product_category\",\"fieldTwo\":\"product_category\",\"className\":\"wp-block-webx-post-list-webx-post-list\",\"style\":{\"spacing\":{\"margin\":{\"top\":\"var:preset|spacing|30\",\"bottom\":\"var:preset|spacing|50\"}}},\"compactGrid\":false,\"language\":\"en\",\"listId\":29357,\"postId\":34485}<\/script>\n    <div class=\"webx-post-list\" data-listid=\"29357\"><\/div>\n    \n<div>\n<div class=\"wp-block-webx-post-list-webx-filters\"><div><\/div><\/div>\n<\/div>\n<\/div>","protected":false},"excerpt":{"rendered":"<p>Automatizace inline a end-of-line kontroly kvality ve v\u00fdrobn\u00edm procesu pomoc\u00ed syst\u00e9m\u016f zpracov\u00e1n\u00ed obrazu.<\/p>\n","protected":false},"author":2,"featured_media":19682,"parent":5214,"menu_order":9,"comment_status":"closed","ping_status":"closed","template":"","meta":{"content-type":"","footnotes":""},"competence":[2771],"class_list":["post-34485","product","type-product","status-publish","has-post-thumbnail","hentry","competence-inline-end-of-line-qualitaetskontrolle-cs"],"_links":{"self":[{"href":"https:\/\/www.westcam-group.com\/cs\/wp-json\/wp\/v2\/product\/34485","targetHints":{"allow":["GET"]}}],"collection":[{"href":"https:\/\/www.westcam-group.com\/cs\/wp-json\/wp\/v2\/product"}],"about":[{"href":"https:\/\/www.westcam-group.com\/cs\/wp-json\/wp\/v2\/types\/product"}],"author":[{"embeddable":true,"href":"https:\/\/www.westcam-group.com\/cs\/wp-json\/wp\/v2\/users\/2"}],"replies":[{"embeddable":true,"href":"https:\/\/www.westcam-group.com\/cs\/wp-json\/wp\/v2\/comments?post=34485"}],"version-history":[{"count":4,"href":"https:\/\/www.westcam-group.com\/cs\/wp-json\/wp\/v2\/product\/34485\/revisions"}],"predecessor-version":[{"id":38466,"href":"https:\/\/www.westcam-group.com\/cs\/wp-json\/wp\/v2\/product\/34485\/revisions\/38466"}],"up":[{"embeddable":true,"href":"https:\/\/www.westcam-group.com\/cs\/wp-json\/wp\/v2\/product\/5214"}],"wp:featuredmedia":[{"embeddable":true,"href":"https:\/\/www.westcam-group.com\/cs\/wp-json\/wp\/v2\/media\/19682"}],"wp:attachment":[{"href":"https:\/\/www.westcam-group.com\/cs\/wp-json\/wp\/v2\/media?parent=34485"}],"wp:term":[{"taxonomy":"competence","embeddable":true,"href":"https:\/\/www.westcam-group.com\/cs\/wp-json\/wp\/v2\/competence?post=34485"}],"curies":[{"name":"wp","href":"https:\/\/api.w.org\/{rel}","templated":true}]}}