{"id":34479,"date":"2024-04-24T10:20:36","date_gmt":"2024-04-24T08:20:36","guid":{"rendered":"https:\/\/www.westcam-group.com\/produkte\/mechatronika-robotika\/zubni-vybaveni\/"},"modified":"2025-04-29T16:46:14","modified_gmt":"2025-04-29T14:46:14","slug":"zubni-vybaveni","status":"publish","type":"product","link":"https:\/\/www.westcam-group.com\/cs\/produkty\/mechatronika-robotika\/zubni-vybaveni\/","title":{"rendered":"Stroje pro stomatologick\u00fd pr\u016fmysl"},"content":{"rendered":"\n<div class=\"wp-block-group alignfull has-global-padding is-layout-constrained wp-block-group-is-layout-constrained\">\n<div class=\"wp-block-webx-blocks-westcam-hero alignfull ltr\" style=\"margin-top:var(--wp--preset--spacing--50);margin-bottom:var(--wp--preset--spacing--50)\"><div class=\"hero-image\" style=\"--aspect-ratio:4 \/ 3\"> <img decoding=\"async\" srcset=\"https:\/\/www.westcam-group.com\/wp-content\/uploads\/2024\/09\/westcam-7-icon-mechatronik-robotik-150x150.png 150w, https:\/\/www.westcam-group.com\/wp-content\/uploads\/2024\/09\/westcam-7-icon-mechatronik-robotik-300x300.png 300w, https:\/\/www.westcam-group.com\/wp-content\/uploads\/2024\/09\/westcam-7-icon-mechatronik-robotik-1024x1024.png 1024w, https:\/\/www.westcam-group.com\/wp-content\/uploads\/2024\/09\/westcam-7-icon-mechatronik-robotik.png 1181w, https:\/\/www.westcam-group.com\/wp-content\/uploads\/2024\/09\/westcam-7-icon-mechatronik-robotik-900x900.png 900w, https:\/\/www.westcam-group.com\/wp-content\/uploads\/2024\/09\/westcam-7-icon-mechatronik-robotik-600x600.png 600w\" src=\"https:\/\/www.westcam-group.com\/wp-content\/uploads\/2024\/09\/westcam-7-icon-mechatronik-robotik.png\" alt=\"\"\/><\/div><div class=\"hero-placeholder\"><\/div>\n<div class=\"wp-block-group hero-content is-layout-flow wp-block-group-is-layout-flow\">\n<div class=\"wp-block-webx-blocks-fake-heading heading-h4 hero-subtitle is-style-westcamized\" style=\"text-transform:none\">\u0160pi\u010dkov\u00e1 zubn\u00ed technika od roku 1990<\/div>\n\n\n<h1 style=\"text-transform:none; margin-top:0;margin-bottom:0;\" class=\"wp-block-post-title\">Stroje pro stomatologick\u00fd pr\u016fmysl<\/h1>\n\n\n<p><strong>Automatiza\u010dn\u00ed syst\u00e9my pro manipulaci se zubn\u00edmi n\u00e1hradami<\/strong><\/p>\n\n\n\n<p>Optimalizujte a urychlete <strong>manipulaci se zubn\u00edmi n\u00e1hradami<\/strong> pomoc\u00ed automatiza\u010dn\u00edch syst\u00e9m\u016f WESTCAM. Na\u0161\u00ed silnou str\u00e1nkou jsou speci\u00e1ln\u00ed <strong>\u0159e\u0161en\u00ed zpracov\u00e1n\u00ed obrazu pro<\/strong> slo\u017eit\u00e9 d\u00edly, jako jsou zubn\u00ed n\u00e1hrady.   <\/p>\n\n\n\n<p>Nab\u00edz\u00edme v\u00e1m komplexn\u00ed <strong>technologick\u00e9 a procesn\u00ed znalosti v<\/strong> kombinaci s <strong>l\u00e9ka\u0159sk\u00fdm know-how<\/strong>.<\/p>\n\n\n\n<p><strong>D\u016fv\u011b\u0159uj\u00ed n\u00e1m z\u00e1kazn\u00edci ze stomatologick\u00e9ho pr\u016fmyslu z cel\u00e9ho sv\u011bta! V\u0161ichni oce\u0148uj\u00ed na\u0161e sofistikovan\u00e1 \u0159e\u0161en\u00ed pro t\u0159\u00edd\u011bn\u00ed, vkl\u00e1d\u00e1n\u00ed, po\u010d\u00edt\u00e1n\u00ed, ozna\u010dov\u00e1n\u00ed a procesy kvality. V\u010detn\u011b testovan\u00e9 kvality!    <\/strong><\/p>\n\n\n\n<p>Velk\u00fd po\u010det \u00fasp\u011b\u0161n\u011b instalovan\u00fdch stroj\u016f <strong>pro zubn\u00ed pr\u016fmysl po cel\u00e9m sv\u011bt\u011b<\/strong> hovo\u0159\u00ed za v\u0161e!<\/p>\n<\/div>\n<\/div>\n<\/div>\n\n<h2 class=\"wp-block-heading\" style=\"text-transform:none\">Na\u0161e nab\u00eddka pro v\u00e1s<\/h2>\n<div style=\"margin-top:var(--wp--preset--spacing--30);margin-bottom:var(--wp--preset--spacing--50);\" class=\"wp-block-webx-post-list-webx-post-list wp-block-webx-post-list-webx-post-list\" data-listid=\"20636\">\n    <script class=\"webx-filter-list-config\" type=\"application\/json\">{\"postType\":\"product\",\"enableParentPost\":true,\"displayGrid\":true,\"subTitle\":\"product_category\",\"fieldOne\":\"product_category\",\"fieldTwo\":\"product_category\",\"className\":\"wp-block-webx-post-list-webx-post-list\",\"style\":{\"spacing\":{\"margin\":{\"top\":\"var:preset|spacing|30\",\"bottom\":\"var:preset|spacing|50\"}}},\"compactGrid\":false,\"language\":\"en\",\"listId\":20636,\"postId\":34479}<\/script>\n    <div class=\"webx-post-list\" data-listid=\"20636\"><\/div>\n    \n<div>\n<div class=\"wp-block-webx-post-list-webx-filters\"><div><\/div><\/div>\n<\/div>\n<\/div>","protected":false},"excerpt":{"rendered":"<p>Optimalizace a zrychlen\u00ed manipulace se zubn\u00edmi n\u00e1hradami pomoc\u00ed automatiza\u010dn\u00edch syst\u00e9m\u016f WESTCAM.  <\/p>\n","protected":false},"author":2,"featured_media":19634,"parent":5254,"menu_order":8,"comment_status":"closed","ping_status":"closed","template":"","meta":{"content-type":"","footnotes":""},"competence":[2806],"class_list":["post-34479","product","type-product","status-publish","has-post-thumbnail","hentry","competence-dentalanlagen-cs"],"_links":{"self":[{"href":"https:\/\/www.westcam-group.com\/cs\/wp-json\/wp\/v2\/product\/34479","targetHints":{"allow":["GET"]}}],"collection":[{"href":"https:\/\/www.westcam-group.com\/cs\/wp-json\/wp\/v2\/product"}],"about":[{"href":"https:\/\/www.westcam-group.com\/cs\/wp-json\/wp\/v2\/types\/product"}],"author":[{"embeddable":true,"href":"https:\/\/www.westcam-group.com\/cs\/wp-json\/wp\/v2\/users\/2"}],"replies":[{"embeddable":true,"href":"https:\/\/www.westcam-group.com\/cs\/wp-json\/wp\/v2\/comments?post=34479"}],"version-history":[{"count":4,"href":"https:\/\/www.westcam-group.com\/cs\/wp-json\/wp\/v2\/product\/34479\/revisions"}],"predecessor-version":[{"id":38400,"href":"https:\/\/www.westcam-group.com\/cs\/wp-json\/wp\/v2\/product\/34479\/revisions\/38400"}],"up":[{"embeddable":true,"href":"https:\/\/www.westcam-group.com\/cs\/wp-json\/wp\/v2\/product\/5254"}],"wp:featuredmedia":[{"embeddable":true,"href":"https:\/\/www.westcam-group.com\/cs\/wp-json\/wp\/v2\/media\/19634"}],"wp:attachment":[{"href":"https:\/\/www.westcam-group.com\/cs\/wp-json\/wp\/v2\/media?parent=34479"}],"wp:term":[{"taxonomy":"competence","embeddable":true,"href":"https:\/\/www.westcam-group.com\/cs\/wp-json\/wp\/v2\/competence?post=34479"}],"curies":[{"name":"wp","href":"https:\/\/api.w.org\/{rel}","templated":true}]}}