{"id":34476,"date":"2024-04-24T10:09:04","date_gmt":"2024-04-24T08:09:04","guid":{"rendered":"https:\/\/www.westcam-group.com\/produkte\/mechatronika-robotika\/automatizacni-reseni\/systemy-planovani-bodu-uchopeni-robota\/"},"modified":"2025-04-29T16:46:40","modified_gmt":"2025-04-29T14:46:40","slug":"systemy-planovani-bodu-uchopeni-robota","status":"publish","type":"product","link":"https:\/\/www.westcam-group.com\/cs\/produkty\/mechatronika-robotika\/automatizacni-reseni\/systemy-planovani-bodu-uchopeni-robota\/","title":{"rendered":"Syst\u00e9my pro pl\u00e1nov\u00e1n\u00ed uchopen\u00ed"},"content":{"rendered":"\n<div style=\"background-image:url(&apos;https:\/\/www.westcam-group.com\/wp-content\/uploads\/2024\/03\/bggrid.webp&apos;);background-position:50% 50%;background-repeat:no-repeat;background-size:contain;\" class=\"wp-block-group has-global-padding is-layout-constrained wp-container-core-group-is-layout-9f245e94 wp-block-group-is-layout-constrained has-background\">\n<div class=\"wp-block-webx-blocks-grid is-layout-grid wp-container-webx-blocks-grid-is-layout-8c8cfa07 wp-block-webx-blocks-grid-is-layout-grid\" style=\"margin-top:var(--wp--preset--spacing--50);margin-bottom:var(--wp--preset--spacing--50);--grid-columns-desktop:2;--grid-columns-tablet:2;--grid-columns-mobile:1\">\n<div class=\"wp-block-webx-blocks-grid-item is-layout-flow wp-block-webx-blocks-grid-item-is-layout-flow\" style=\"padding-top:var(--wp--preset--spacing--30);padding-right:var(--wp--preset--spacing--10);padding-bottom:var(--wp--preset--spacing--10);padding-left:var(--wp--preset--spacing--10);--grid-area-desktop:auto \/ auto \/ auto \/ auto;--grid-area-tablet:auto \/ auto \/ auto \/ auto;--grid-area-mobile:auto \/ auto \/ auto \/ auto\">\n<div class=\"wp-block-webx-blocks-fake-heading heading-h4 is-style-westcamized\" style=\"text-transform:none\">Automatizovan\u00fd v\u00fdpo\u010det \u00fachopov\u00fdch bod\u016f pro slo\u017eit\u00e9 tvarov\u00e9 sou\u010d\u00e1sti<\/div>\n\n\n\n<h1 class=\"wp-block-heading hero-title has-xx-large-font-size\" style=\"margin-top:var(--wp--preset--spacing--20);margin-bottom:var(--wp--preset--spacing--20);line-height:1;text-transform:none\">Syst\u00e9m GRIPPLANNING<\/h1>\n\n\n\n<p><strong><br\/><br\/>Ocen\u011bn\u00fd softwarov\u00fd bal\u00ed\u010dek pro automatick\u00fd v\u00fdpo\u010det polohy a v\u00fdpo\u010det bod\u016f uchopen\u00ed pro manipula\u010dn\u00ed \u00falohy s roboty. (Handling Award 2016)   <br\/><\/strong><\/p>\n\n\n\n<p>\u0158e\u0161itel probl\u00e9m\u016f a jeho oblasti pou\u017eit\u00ed:<\/p>\n\n\n\n<p><strong>U\u010den\u00ed <\/strong>voln\u011b um\u00edst\u011bn\u00fdch, slo\u017eit\u00fdch nebo organicky tvarovan\u00fdch <strong>sou\u010d\u00e1st\u00ed<\/strong> s velk\u00fdm mno\u017estv\u00edm objekt\u016f pro <strong>automatizovan\u00e9 aplikace pick &amp; place<\/strong>. <strong>Lze pou\u017e\u00edt i pro jednoduch\u00e9 d\u00edly s velkou rozmanitost\u00ed typ\u016f.<\/strong><\/p>\n\n\n\n<div class=\"wp-block-buttons is-layout-flex wp-block-buttons-is-layout-flex\" style=\"margin-top:var(--wp--preset--spacing--20);margin-bottom:var(--wp--preset--spacing--20)\">\n<div class=\"wp-block-button\"><a class=\"wp-block-button__link wp-element-button\" href=\"#free-version\">Po\u017e\u00e1dat nyn\u00ed<\/a><\/div>\n<\/div>\n\n\n\n<p>Mohlo by v\u00e1s zaj\u00edmat i toto:<\/p>\n\n\n\n<p><strong><span class=\"add-arrow\"><a href=\"https:\/\/www.westcam-group.com\/cs\/produkte\/mechatronika-robotika\/automatizacni-reseni\/polohovaci-systemy-pick-place\/\" data-type=\"product\" data-id=\"4607\">Polohovac\u00ed syst\u00e9m Pick &amp; Place<\/a><\/span><\/strong><\/p>\n<\/div>\n\n\n\n<div class=\"wp-block-webx-blocks-grid-item is-layout-flow wp-container-webx-blocks-grid-item-is-layout-69fcd244 wp-block-webx-blocks-grid-item-is-layout-flow\" style=\"padding-top:0;padding-right:0;padding-bottom:0;padding-left:0;--grid-area-desktop:auto \/ auto \/ auto \/ auto;--grid-area-tablet:auto \/ auto \/ auto \/ auto;--grid-area-mobile:auto \/ auto \/ auto \/ auto\">\n<figure class=\"wp-block-image aligncenter size-full is-style-default\"><img loading=\"lazy\" decoding=\"async\" width=\"1920\" height=\"800\" src=\"https:\/\/www.westcam-group.com\/wp-content\/uploads\/2024\/08\/gripplanning-bild1.png\" alt=\"Syst&#xE9;m GRIPPLANNING&#xA9;\" class=\"wp-image-19353\" srcset=\"https:\/\/www.westcam-group.com\/wp-content\/uploads\/2024\/08\/gripplanning-bild1.png 1920w, https:\/\/www.westcam-group.com\/wp-content\/uploads\/2024\/08\/gripplanning-bild1-300x125.png 300w, https:\/\/www.westcam-group.com\/wp-content\/uploads\/2024\/08\/gripplanning-bild1-1024x427.png 1024w, https:\/\/www.westcam-group.com\/wp-content\/uploads\/2024\/08\/gripplanning-bild1-768x320.png 768w, https:\/\/www.westcam-group.com\/wp-content\/uploads\/2024\/08\/gripplanning-bild1-1536x640.png 1536w, https:\/\/www.westcam-group.com\/wp-content\/uploads\/2024\/08\/gripplanning-bild1-1440x600.png 1440w\" sizes=\"auto, (max-width: 1920px) 100vw, 1920px\" \/><\/figure>\n\n\n\n<div class=\"wp-block-group hero-violet has-accent-2-background-color has-background is-layout-flow wp-block-group-is-layout-flow\" style=\"padding-top:var(--wp--preset--spacing--30);padding-right:var(--wp--preset--spacing--30);padding-bottom:var(--wp--preset--spacing--30);padding-left:var(--wp--preset--spacing--30)\">\n<div class=\"wp-block-webx-blocks-fake-heading heading-h4 hero-subtitle has-base-color has-text-color\">Nejd\u016fle\u017eit\u011bj\u0161\u00ed informace<\/div>\n\n\n\n<ul class=\"wp-block-list hero-bullet-list-items is-style-westcam-list has-base-color has-accent-2-background-color has-text-color has-background has-link-color wp-elements-9184e497e84c164131b82c68b438de0f\">\n<li>Nen\u00ed nutn\u00e9 ru\u010dn\u00ed zam\u011b\u0159en\u00ed a vyrovn\u00e1n\u00ed sou\u010d\u00e1st\u00ed.<\/li>\n\n\n\n<li>Automatick\u00fd proces v\u00fduky v\u00fdrazn\u011b sni\u017euje \u010dasovou n\u00e1ro\u010dnost a po\u010det manu\u00e1ln\u00edch chyb.<\/li>\n\n\n\n<li>&#8222;V\u00fduka&#8220; jak\u00fdchkoli 3D datov\u00fdch sad pro \u0161irokou \u0161k\u00e1lu aplikac\u00ed.<\/li>\n\n\n\n<li>Robotem kalibrovateln\u00fd uchopovac\u00ed n\u00e1stroj pro mal\u00e9 sou\u010d\u00e1sti (odsazen\u00e1 p\u0159\u00edsavka)<\/li>\n\n\n\n<li>Lze flexibiln\u011b p\u0159izp\u016fsobit geometrii chapadel podle po\u017eadavk\u016f z\u00e1kazn\u00edka.<\/li>\n<\/ul>\n<\/div>\n<\/div>\n<\/div>\n<\/div>\n\n<div class=\"wp-block-group has-global-padding is-layout-constrained wp-container-core-group-is-layout-00189ab9 wp-block-group-is-layout-constrained\">\n<div class=\"wp-block-media-text is-stacked-on-mobile is-image-fill\" style=\"margin-top:var(--wp--preset--spacing--50);margin-right:0;margin-bottom:var(--wp--preset--spacing--50);margin-left:0;padding-right:0;padding-left:0\"><figure class=\"wp-block-media-text__media\" style=\"background-image:url(https:\/\/www.westcam-group.com\/wp-content\/uploads\/2024\/08\/gripplanning-bild2.png);background-position:50% 50%\"><img loading=\"lazy\" decoding=\"async\" width=\"764\" height=\"525\" src=\"https:\/\/www.westcam-group.com\/wp-content\/uploads\/2024\/08\/gripplanning-bild2.png\" alt=\"Detekce, p\u0159edb\u011b\u017en\u00fd v\u00fdpo\u010det, stanoven\u00ed a kontrola\" class=\"wp-image-19347 size-full\" srcset=\"https:\/\/www.westcam-group.com\/wp-content\/uploads\/2024\/08\/gripplanning-bild2.png 764w, https:\/\/www.westcam-group.com\/wp-content\/uploads\/2024\/08\/gripplanning-bild2-300x206.png 300w\" sizes=\"auto, (max-width: 764px) 100vw, 764px\" \/><\/figure><div class=\"wp-block-media-text__content\">\n<h3 class=\"wp-block-heading has-text-align-left\" style=\"text-transform:none\">Funkce<\/h3>\n\n\n\n<p>Pln\u011b automatick\u00fd p\u0159edv\u00fdpo\u010det mo\u017en\u00fdch stabiln\u00edch poloh s polohami rukojet\u00ed na z\u00e1klad\u011b geometrie CAD.<\/p>\n\n\n\n<p>V p\u0159\u00edpad\u011b pot\u0159eby je mo\u017en\u00e1 ru\u010dn\u00ed optimalizace v\u00fdb\u011brem alternativn\u00edch poloh rukojeti.<\/p>\n\n\n\n<p class=\"has-text-align-left\">Statistick\u00e9 \u00fadaje o poloze, pravd\u011bpodobnosti v\u00fdskytu a kvalit\u011b vychyst\u00e1v\u00e1n\u00ed a um\u00eds\u0165ov\u00e1n\u00ed vr\u00e1cen\u00e9 ze syst\u00e9m\u016f vychyst\u00e1v\u00e1n\u00ed a um\u00eds\u0165ov\u00e1n\u00ed.<\/p>\n<\/div><\/div>\n\n\n\n<h2 class=\"wp-block-heading is-style-westcamized\">REFEREN\u010cN\u00cd PROJEKT<\/h2>\n\n\n\n<h3 class=\"wp-block-heading\" style=\"text-transform:none\"><strong>TMM\u00a9<\/strong> &#8211; Mont\u00e1\u017en\u00ed stroj na zuby<\/h3>\n\n\n\n<p><em>(Evropsk\u00fd patent \u010d. 2925254 a brazilsk\u00fd patent \u010d.BR 11 2015 012500 0)<\/em><\/p>\n\n\n\n<p class=\"has-large-font-size\">Manipulace se zubn\u00edmi n\u00e1hradami<\/p>\n\n\n\n<p>Stovky r\u016fzn\u011b tvarovan\u00fdch model\u016f zub\u016f s velk\u00fdm po\u010dtem stabiln\u00edch vrstev jsou um\u00edst\u011bny do spr\u00e1vn\u00e9 polohy v protiform\u011b s dobou cyklu krat\u0161\u00ed ne\u017e 2 sekundy.  <\/p>\n\n\n\n<div class=\"wp-block-group has-base-2-background-color has-background has-global-padding is-content-justification-center is-layout-constrained wp-container-core-group-is-layout-606d210a wp-block-group-is-layout-constrained\" style=\"padding-top:var(--wp--preset--spacing--30);padding-bottom:var(--wp--preset--spacing--30)\">\n<figure class=\"wp-block-embed is-type-video is-provider-youtube wp-block-embed-youtube wp-embed-aspect-16-9 wp-has-aspect-ratio\" style=\"margin-top:var(--wp--preset--spacing--20);margin-bottom:var(--wp--preset--spacing--20)\"><div class=\"wp-block-embed__wrapper\">\n<div class=\"cookieconsent-optout-marketing\">\n    Bitte  <a href=\"javascript:Cookiebot.renew()\">Marketing-Cookies akzeptieren<\/a>, um dieses Video zu laden.\n    <\/div>\n            <iframe data-cookieblock-src=\"https:\/\/www.youtube.com\/embed\/w355xvl9QHk?feature=oembed\" data-cookieconsent=\"marketing\" title=\"TMM\u00a9  - Tooth Mounting Machine\" width=\"500\" height=\"281\"  frameborder=\"0\" allow=\"accelerometer; autoplay; clipboard-write; encrypted-media; gyroscope; picture-in-picture; web-share\" referrerpolicy=\"strict-origin-when-cross-origin\" allowfullscreen><\/iframe>\n<\/div><figcaption class=\"wp-element-caption\">TMM &#8211; Tooth Mounting Machine &#8211; patentovan\u00fd syst\u00e9m spole\u010dnosti WESTCAM Technologies GmbH<br><\/figcaption><\/figure>\n<\/div>\n\n\n\n<div class=\"wp-block-media-text has-media-on-the-right is-stacked-on-mobile\" style=\"margin-top:var(--wp--preset--spacing--50);margin-right:0;margin-bottom:var(--wp--preset--spacing--50);margin-left:0;padding-right:0;padding-left:0\"><div class=\"wp-block-media-text__content\">\n<h3 class=\"wp-block-heading has-text-align-left\" style=\"text-transform:none\">Jsme p\u0159ipraveni na v\u00e1\u0161 projekt!<\/h3>\n\n\n\n<p class=\"has-text-align-left\"><strong>I kdy\u017e nem\u00e1te \u017e\u00e1dn\u00e9 zuby!<\/strong><\/p>\n\n\n\n<p>Jakou komplexn\u00ed v\u00fdzvu pro v\u00e1s m\u016f\u017eeme realizovat s <strong>licenc\u00ed na software<\/strong> <strong>Gripplanning <\/strong>?<\/p>\n\n\n\n<p>Obra\u0165te se ihned na <a href=\"mailto:harald.unterrainer@westcam.at\">Haralda Unterrainera<\/a>.<\/p>\n\n\n\n<p>Mohlo by v\u00e1s zaj\u00edmat i toto:<\/p>\n\n\n\n<p class=\"has-text-align-left\"><strong><span class=\"add-arrow\"><a href=\"https:\/\/www.westcam-group.com\/cs\/produkte\/mechatronika-robotika\/automatizacni-reseni\/polohovaci-systemy-pick-place\/\" target=\"_blank\" data-type=\"product\" data-id=\"4607\" rel=\"noreferrer noopener\">Polohovac\u00ed syst\u00e9m Pick &amp; Place<\/a><\/span><\/strong><\/p>\n<\/div><figure class=\"wp-block-media-text__media\"><img loading=\"lazy\" decoding=\"async\" width=\"471\" height=\"709\" src=\"https:\/\/www.westcam-group.com\/wp-content\/uploads\/2024\/04\/WESTCAM_handling_award_2016-1.jpg\" alt=\"\" class=\"wp-image-29206 size-full\" srcset=\"https:\/\/www.westcam-group.com\/wp-content\/uploads\/2024\/04\/WESTCAM_handling_award_2016-1.jpg 471w, https:\/\/www.westcam-group.com\/wp-content\/uploads\/2024\/04\/WESTCAM_handling_award_2016-1-199x300.jpg 199w, https:\/\/www.westcam-group.com\/wp-content\/uploads\/2024\/04\/WESTCAM_handling_award_2016-1-399x600.jpg 399w\" sizes=\"auto, (max-width: 471px) 100vw, 471px\" \/><\/figure><\/div>\n<\/div>\n\n<div class=\"wp-block-group has-global-padding is-layout-constrained wp-container-core-group-is-layout-baed9f38 wp-block-group-is-layout-constrained\" style=\"margin-top:var(--wp--preset--spacing--60);margin-bottom:var(--wp--preset--spacing--60)\">\n<h3 class=\"wp-block-heading\" style=\"text-transform:none\">\u010casto kladen\u00e9 ot\u00e1zky (FAQ)<\/h3>\n\n\n\n<div class=\"wp-block-webx-blocks-accordion\">\n<div class=\"accordion\" id=\"gripplanning--was-ist-das-und-wie-wird-es-eingesetzt\"><h2 class=\"title faq-title\" itemprop=\"name\"><a href=\"#gripplanning--was-ist-das-und-wie-wird-es-eingesetzt\">Gripplanning &#8211; co to je a jak se pou\u017e\u00edv\u00e1?<\/a><\/h2><div class=\"content\"><div class=\"wrapper\">\n<p>Syst\u00e9my pro detekci polohy d\u00edl\u016f v robotick\u00fdch syst\u00e9mech jsou pro automatizaci proces\u016f nezbytn\u00e9.<\/p>\n\n\n\n<p>Gripplanning je syst\u00e9m pro automatick\u00fd v\u00fdpo\u010det polohy a v\u00fdpo\u010det bod\u016f uchopen\u00ed pro manipula\u010dn\u00ed \u00falohy s roboty. Nen\u00ed nutn\u00e9 \u017e\u00e1dn\u00e9 ru\u010dn\u00ed p\u0159edb\u011b\u017en\u00e9 zam\u011b\u0159en\u00ed a vyrovn\u00e1n\u00ed sou\u010d\u00e1st\u00ed. Automatick\u00fd proces u\u010den\u00ed masivn\u011b sni\u017euje \u010dasovou n\u00e1ro\u010dnost a manu\u00e1ln\u00ed chyby.    <\/p>\n<\/div><\/div><\/div>\n\n\n\n<div class=\"accordion\" id=\"funktioniert-gripplanning-bei-groer-teilevielfalt-mit-komplexorganischfreigeformten-teilen\"><h2 class=\"title faq-title\" itemprop=\"name\"><a href=\"#funktioniert-gripplanning-bei-groer-teilevielfalt-mit-komplexorganischfreigeformten-teilen\">Pracuje Gripplanning s velk\u00fdm mno\u017estv\u00edm d\u00edl\u016f se slo\u017eit\u00fdmi\/organick\u00fdmi\/voln\u011b tvarovan\u00fdmi d\u00edly?<\/a><\/h2><div class=\"content\"><div class=\"wrapper\">\n<p>Ano, pokud je ve va\u0161\u00ed v\u00fdrob\u011b velmi vysok\u00e1 rozmanitost slo\u017eit\u00fdch\/organick\u00fdch\/voln\u011b tvarovan\u00fdch d\u00edl\u016f, &#8222;ru\u010dn\u00ed v\u00fduka&#8220; \u010dasto nen\u00ed efektivn\u00ed. M\u00e1me pro v\u00e1s vhodn\u00e9 automatiza\u010dn\u00ed \u0159e\u0161en\u00ed v oblasti Pick &amp; Place, s n\u00edm\u017e m\u016f\u017eete automaticky u\u010dit d\u00edly, t\u0159\u00eddit je a p\u0159esouvat pomoc\u00ed Pick &amp; Place. Software <s> WESTCAMGripplanning\u00a9<\/s>tyto procesy podporuje.    <\/p>\n<\/div><\/div><\/div>\n\n\n\n<div class=\"accordion\" id=\"ihr-unternehmen-hat-bereits-greifroboter-im-einsatz--sie-mchten-sich-ber-die-vorteile-von-gripplanning-informieren\"><h2 class=\"title faq-title\" itemprop=\"name\"><a href=\"#ihr-unternehmen-hat-bereits-greifroboter-im-einsatz--sie-mchten-sich-ber-die-vorteile-von-gripplanning-informieren\">Va\u0161e spole\u010dnost ji\u017e pou\u017e\u00edv\u00e1 uchopovac\u00ed roboty &#8211; chcete se dozv\u011bd\u011bt v\u00edce o v\u00fdhod\u00e1ch Gripplanningu?<\/a><\/h2><div class=\"content\"><div class=\"wrapper\">\n<p>Kdykoli s pot\u011b\u0161en\u00edm! Jsme v\u00e1m k dispozici pro bezplatnou konzultaci. Kontaktujte n\u00e1s ihned. T\u011b\u0161\u00edme se na v\u00e1s!   <\/p>\n<\/div><\/div><\/div>\n<\/div>\n<\/div>\n\n<div class=\"wp-block-group has-global-padding is-layout-constrained wp-container-core-group-is-layout-19e250f3 wp-block-group-is-layout-constrained\">\n<div id=\"free-version\" class=\"wp-block-group has-base-color has-contrast-background-color has-text-color has-background has-link-color wp-elements-967464b888cdb78ceb48ae32fd9d774b has-global-padding is-layout-constrained wp-container-core-group-is-layout-d2702112 wp-block-group-is-layout-constrained\" style=\"padding-top:var(--wp--preset--spacing--30);padding-right:var(--wp--preset--spacing--40);padding-bottom:var(--wp--preset--spacing--30);padding-left:var(--wp--preset--spacing--40)\">\n<h3 class=\"wp-block-heading has-base-color has-text-color has-link-color wp-elements-05aff5d145fb26661d8a554b35b2cffa\" style=\"text-transform:none\">Porad\u00edme v\u00e1m osobn\u011b!<\/h3>\n\n\n\n<div class=\"wpcf7 no-js\" id=\"wpcf7-f36538-o1\" lang=\"cs-CZ\" dir=\"ltr\" data-wpcf7-id=\"36538\">\n<div class=\"screen-reader-response\"><p role=\"status\" aria-live=\"polite\" aria-atomic=\"true\"><\/p> <ul><\/ul><\/div>\n<form action=\"\/cs\/wp-json\/wp\/v2\/product\/34476#wpcf7-f36538-o1\" method=\"post\" class=\"wpcf7-form init\" aria-label=\"Kontaktn\u00ed formul\u00e1\u0159\" novalidate=\"novalidate\" data-status=\"init\">\n<fieldset class=\"hidden-fields-container\"><input type=\"hidden\" name=\"_wpcf7\" value=\"36538\" \/><input type=\"hidden\" name=\"_wpcf7_version\" value=\"6.1.5\" \/><input type=\"hidden\" name=\"_wpcf7_locale\" value=\"cs_CZ\" \/><input type=\"hidden\" name=\"_wpcf7_unit_tag\" value=\"wpcf7-f36538-o1\" \/><input type=\"hidden\" name=\"_wpcf7_container_post\" value=\"0\" \/><input type=\"hidden\" name=\"_wpcf7_posted_data_hash\" value=\"\" \/><input type=\"hidden\" name=\"_wpcf7dtx_version\" value=\"5.0.5\" \/><input type=\"hidden\" name=\"_wpcf7_recaptcha_response\" value=\"\" \/>\n<\/fieldset>\n<h3 class=\"heading\">  Dotaz <label class=\"wpcf7-form-control wpcf7-label wpcf7dtx wpcf7dtx-label\" for=\"Syst\u00e9my pro pl\u00e1nov\u00e1n\u00ed uchopen\u00ed\">Syst\u00e9my pro pl\u00e1nov\u00e1n\u00ed uchopen\u00ed<\/label><span class=\"wpcf7-form-control-wrap dynamic_hidden-post-title\" data-name=\"dynamic_hidden-post-title\"><input type=\"hidden\" name=\"dynamic_hidden-post-title\" class=\"wpcf7-form-control wpcf7-hidden wpcf7dtx wpcf7dtx-hidden\" aria-invalid=\"false\" value=\"Syst\u00e9my pro pl\u00e1nov\u00e1n\u00ed uchopen\u00ed\"><\/span><\/h3>\n\n<label>  N\u00e1zev\n    <span class=\"wpcf7-form-control-wrap\" data-name=\"fullname\"><input size=\"40\" maxlength=\"400\" class=\"wpcf7-form-control wpcf7-text\" aria-invalid=\"false\" value=\"\" type=\"text\" name=\"fullname\" \/><\/span> <\/label>\n\n<label>  E-mailov\u00e1 adresa*\n    <span class=\"wpcf7-form-control-wrap\" data-name=\"email\"><input size=\"40\" maxlength=\"400\" class=\"wpcf7-form-control wpcf7-email wpcf7-validates-as-required wpcf7-text wpcf7-validates-as-email\" aria-required=\"true\" aria-invalid=\"false\" value=\"\" type=\"email\" name=\"email\" \/><\/span> <\/label>\n\n<label>  Spole\u010dnost\n    <span class=\"wpcf7-form-control-wrap\" data-name=\"unternehmen\"><input size=\"40\" maxlength=\"400\" class=\"wpcf7-form-control wpcf7-text\" aria-invalid=\"false\" value=\"\" type=\"text\" name=\"unternehmen\" \/><\/span> <\/label>\n\n<label>  Va\u0161e zpr\u00e1va*\n    <span class=\"wpcf7-form-control-wrap\" data-name=\"nachricht\"><textarea cols=\"40\" rows=\"10\" maxlength=\"2000\" class=\"wpcf7-form-control wpcf7-textarea wpcf7-validates-as-required\" aria-required=\"true\" aria-invalid=\"false\" name=\"nachricht\"><\/textarea><\/span> <\/label>\n\n<span class=\"wpcf7-form-control-wrap dynamic_hidden_page_url\" data-name=\"dynamic_hidden_page_url\"><input type=\"hidden\" name=\"dynamic_hidden_page_url\" class=\"wpcf7-form-control wpcf7-hidden wpcf7dtx wpcf7dtx-hidden\" aria-invalid=\"false\" value=\"https:\/\/www.westcam-group.com\/cs\/wp-json\/wp\/v2\/product\/34476\"><\/span>\n\n<input class=\"wpcf7-form-control wpcf7-submit has-spinner\" type=\"submit\" value=\"Odeslat\" \/>\n\n[odpov\u011b\u010f]<div class=\"wpcf7-response-output\" aria-hidden=\"true\"><\/div>\n<\/form>\n<\/div>\n\n<\/div>\n\n\n\n<div id=\"ansprechpartner\" class=\"wp-block-group has-base-2-background-color has-background has-global-padding is-layout-constrained wp-container-core-group-is-layout-16946a23 wp-block-group-is-layout-constrained\" style=\"margin-top:0;margin-bottom:0;padding-top:var(--wp--preset--spacing--30);padding-right:var(--wp--preset--spacing--30);padding-bottom:var(--wp--preset--spacing--30);padding-left:var(--wp--preset--spacing--30)\">\n<div class=\"wp-block-group has-base-2-background-color has-background has-global-padding is-layout-constrained wp-container-core-group-is-layout-19e250f3 wp-block-group-is-layout-constrained\">\n<h2 class=\"wp-block-heading\" style=\"text-transform:none\">R\u00e1di jsme tu pro v\u00e1s<\/h2>\n<\/div>\n\n\n<div class=\"wp-block-webx-blocks-westcam-employee-display\">\n    <div class=\"employee-image\">\n        <img decoding=\"async\" src=\"https:\/\/www.westcam-group.com\/wp-content\/uploads\/2022\/02\/Harald.Unterrainer.CEO_.png\" alt=Harald Unterrainer \/>\n    <\/div>\n    <div class=\"employee-info\">\n        <div class=\"heading-h3\">Harald Unterrainer<\/div>\n        <div class=\"heading-h5 is-style-westcamized\">Gener\u00e1ln\u00ed \u0159editel WESTCAM Technologies GmbH<\/div>\n    <\/div>\n    <div class=\"employee-social\">\n        <div class=\"icons\">\n                        <a href=https:\/\/www.linkedin.com\/in\/mag-harald-unterrainer-mba-cse-b0829214\/ title=\"Harald Unterrainer on linkedIn\"\n                target=\"_blank\" rel=\"noopener noreferrer\">\n                <?xml version=\"1.0\" encoding=\"UTF-8\" standalone=\"no\"?>\n                <!DOCTYPE svg PUBLIC \"-\/\/W3C\/\/DTD SVG 1.1\/\/EN\" \"http:\/\/www.w3.org\/Graphics\/SVG\/1.1\/DTD\/svg11.dtd\"><svg\n                    width=\"100%\" height=\"100%\" viewBox=\"0 0 248 204\" version=\"1.1\" xmlns=\"http:\/\/www.w3.org\/2000\/svg\"\n                    xmlns:xlink=\"http:\/\/www.w3.org\/1999\/xlink\" xml:space=\"preserve\" xmlns:serif=\"http:\/\/www.serif.com\/\"\n                    style=\"fill-rule:evenodd;clip-rule:evenodd;stroke-linejoin:round;stroke-miterlimit:2;\">\n                    <path\n                        d=\"M226,204l-41.916,0l0,-71.392c0,-19.573 -7.437,-30.512 -22.93,-30.512c-16.854,0 -25.659,11.383 -25.659,30.512l-0,71.392l-40.395,0l-0,-136l40.395,-0l-0,18.319c-0,0 12.146,-22.474 41.006,-22.474c28.847,-0 49.499,17.616 49.499,54.048l0,86.107Zm-179.091,-153.808c-13.759,-0 -24.909,-11.237 -24.909,-25.096c0,-13.859 11.15,-25.096 24.909,-25.096c13.759,-0 24.902,11.237 24.902,25.096c0,13.859 -11.143,25.096 -24.902,25.096Zm-20.858,153.808l42.121,0l0,-136l-42.121,-0l-0,136Z\" \/>\n                <\/svg>\n            <\/a>\n                                    <a href=\"\/vcard\/33808\" title=\"Download vCard\"\n                class=\"vcard-button\">\n                <svg xmlns=\"http:\/\/www.w3.org\/2000\/svg\" width=\"32.143\" height=\"25\" viewBox=\"0 0 32.143 25\">\n                    <path id=\"address-card-solid\"\n                        d=\"M3.571,32A3.575,3.575,0,0,0,0,35.571V53.429A3.575,3.575,0,0,0,3.571,57h25a3.575,3.575,0,0,0,3.571-3.571V35.571A3.575,3.575,0,0,0,28.571,32ZM8.036,46.286h3.571a4.463,4.463,0,0,1,4.464,4.464.9.9,0,0,1-.893.893H4.464a.9.9,0,0,1-.893-.893A4.463,4.463,0,0,1,8.036,46.286ZM6.25,40.929A3.571,3.571,0,1,1,9.821,44.5,3.571,3.571,0,0,1,6.25,40.929Zm14.286-1.786h7.143a.893.893,0,0,1,0,1.786H20.536a.893.893,0,0,1,0-1.786Zm0,3.571h7.143a.893.893,0,0,1,0,1.786H20.536a.893.893,0,0,1,0-1.786Zm0,3.571h7.143a.893.893,0,0,1,0,1.786H20.536a.893.893,0,0,1,0-1.786Z\"\n                        transform=\"translate(0 -32)\" fill=\"#111\" \/>\n                <\/svg>\n            <\/a>\n        <\/div>\n    <\/div>\n    <div class=\"employee-contact\">\n                <a href=\"tel:+43 5223 55509 132\">\n            <div class=\" employee-phone\">\n                <svg xmlns=\"http:\/\/www.w3.org\/2000\/svg\" width=\"32\" height=\"32\" viewBox=\"0 0 32 32\">\n                    <path id=\"phone\"\n                        d=\"M6.529,4h7.059l3.529,8.824-4.412,2.647a19.412,19.412,0,0,0,8.824,8.824l2.647-4.412L33,23.412v7.059A3.529,3.529,0,0,1,29.471,34,28.235,28.235,0,0,1,3,7.529,3.529,3.529,0,0,1,6.529,4\"\n                        transform=\"translate(-2 -3)\" fill=\"none\" stroke=\"#111\" stroke-linecap=\"round\"\n                        stroke-linejoin=\"round\" stroke-width=\"2\" \/>\n                <\/svg>\n\n                +43 5223 55509 132\n            <\/div>\n        <\/a>\n                                <a href=\"mailto:harald.unterrainer@westcam.at\">\n            <div class=\" employee-email\">\n                <svg xmlns=\"http:\/\/www.w3.org\/2000\/svg\" width=\"32.773\" height=\"25.333\" viewBox=\"0 0 32.773 25.333\">\n                    <g id=\"mail\" transform=\"translate(1.387 1)\">\n                        <rect id=\"Rechteck_11\" data-name=\"Rechteck 11\" width=\"30\" height=\"23.333\" rx=\"2\" fill=\"none\"\n                            stroke=\"#111\" stroke-linecap=\"round\" stroke-linejoin=\"round\" stroke-width=\"2\" \/>\n                        <path id=\"Pfad_100\" data-name=\"Pfad 100\" d=\"M3,7,18,17,33,7\" transform=\"translate(-3 -3.667)\"\n                            fill=\"none\" stroke=\"#111\" stroke-linecap=\"round\" stroke-linejoin=\"round\" stroke-width=\"2\" \/>\n                    <\/g>\n                <\/svg>\n                harald.unterrainer@westcam.at\n            <\/div>\n        <\/a>\n        \n\n\n    <\/div>\n        <div class=\"employee-callback wp-block-button is-style-outline\">\n        <a href=\"\/anfrage\/\"\n            class=\"wp-block-button__link wp-element-button\">zeptat se<\/a>\n    <\/div>\n    <\/div><\/div>\n<\/div>\n","protected":false},"excerpt":{"rendered":"<p>N\u00e1\u0161 softwarov\u00fd bal\u00ed\u010dek pro automatick\u00fd v\u00fdpo\u010det polohy a v\u00fdpo\u010det \u00fachopov\u00fdch bod\u016f pro manipula\u010dn\u00ed \u00falohy s roboty.  <\/p>\n","protected":false},"author":2,"featured_media":19354,"parent":34384,"menu_order":8,"comment_status":"closed","ping_status":"closed","template":"","meta":{"content-type":"","footnotes":""},"competence":[2803],"class_list":["post-34476","product","type-product","status-publish","has-post-thumbnail","hentry","competence-automatisierungsloesungen-cs"],"_links":{"self":[{"href":"https:\/\/www.westcam-group.com\/cs\/wp-json\/wp\/v2\/product\/34476","targetHints":{"allow":["GET"]}}],"collection":[{"href":"https:\/\/www.westcam-group.com\/cs\/wp-json\/wp\/v2\/product"}],"about":[{"href":"https:\/\/www.westcam-group.com\/cs\/wp-json\/wp\/v2\/types\/product"}],"author":[{"embeddable":true,"href":"https:\/\/www.westcam-group.com\/cs\/wp-json\/wp\/v2\/users\/2"}],"replies":[{"embeddable":true,"href":"https:\/\/www.westcam-group.com\/cs\/wp-json\/wp\/v2\/comments?post=34476"}],"version-history":[{"count":4,"href":"https:\/\/www.westcam-group.com\/cs\/wp-json\/wp\/v2\/product\/34476\/revisions"}],"predecessor-version":[{"id":38440,"href":"https:\/\/www.westcam-group.com\/cs\/wp-json\/wp\/v2\/product\/34476\/revisions\/38440"}],"up":[{"embeddable":true,"href":"https:\/\/www.westcam-group.com\/cs\/wp-json\/wp\/v2\/product\/34384"}],"wp:featuredmedia":[{"embeddable":true,"href":"https:\/\/www.westcam-group.com\/cs\/wp-json\/wp\/v2\/media\/19354"}],"wp:attachment":[{"href":"https:\/\/www.westcam-group.com\/cs\/wp-json\/wp\/v2\/media?parent=34476"}],"wp:term":[{"taxonomy":"competence","embeddable":true,"href":"https:\/\/www.westcam-group.com\/cs\/wp-json\/wp\/v2\/competence?post=34476"}],"curies":[{"name":"wp","href":"https:\/\/api.w.org\/{rel}","templated":true}]}}