{"id":34470,"date":"2024-04-24T09:44:21","date_gmt":"2024-04-24T07:44:21","guid":{"rendered":"https:\/\/www.westcam-group.com\/produkte\/pdm-mes\/mes-manufacturing-execution-system\/sber-dat-stroje-mde\/"},"modified":"2026-02-02T11:27:56","modified_gmt":"2026-02-02T10:27:56","slug":"sber-dat-stroje-mde","status":"publish","type":"product","link":"https:\/\/www.westcam-group.com\/cs\/produkty\/pdm-mes\/mes-manufacturing-execution-system\/sber-dat-stroje-mde\/","title":{"rendered":"Sb\u011br dat stroje MDE"},"content":{"rendered":"\n<div style=\"background-image:url(&apos;https:\/\/www.westcam-group.com\/wp-content\/uploads\/2024\/03\/bggrid.webp&apos;);background-position:50% 50%;background-repeat:no-repeat;background-size:contain;\" class=\"wp-block-group has-global-padding is-layout-constrained wp-container-core-group-is-layout-9f245e94 wp-block-group-is-layout-constrained has-background\">\n<div class=\"wp-block-webx-blocks-grid is-layout-grid wp-container-webx-blocks-grid-is-layout-8c8cfa07 wp-block-webx-blocks-grid-is-layout-grid\" style=\"margin-top:var(--wp--preset--spacing--50);margin-bottom:var(--wp--preset--spacing--50);--grid-columns-desktop:2;--grid-columns-tablet:2;--grid-columns-mobile:1\">\n<div class=\"wp-block-webx-blocks-grid-item is-layout-flow wp-block-webx-blocks-grid-item-is-layout-flow\" style=\"padding-top:var(--wp--preset--spacing--30);padding-right:var(--wp--preset--spacing--10);padding-bottom:var(--wp--preset--spacing--10);padding-left:var(--wp--preset--spacing--10);--grid-area-desktop:auto \/ auto \/ auto \/ auto;--grid-area-tablet:auto \/ auto \/ auto \/ auto;--grid-area-mobile:auto \/ auto \/ auto \/ auto\">\n<div class=\"wp-block-webx-blocks-fake-heading heading-h4 is-style-westcamized\" style=\"text-transform:none\">Monitorov\u00e1n\u00ed v re\u00e1ln\u00e9m \u010dase, zv\u00fd\u0161en\u00ed efektivity, optimalizace proces\u016f<\/div>\n\n\n\n<h1 class=\"wp-block-heading hero-title has-xx-large-font-size\" style=\"margin-top:var(--wp--preset--spacing--20);margin-bottom:var(--wp--preset--spacing--20);line-height:1;text-transform:none\">Sb\u011br dat stroje MDE<\/h1>\n\n\n\n<p><strong>Sb\u011br dat ze stroj\u016f (MDA) pomoc\u00ed syst\u00e9mu Hummingbird MES<\/strong><\/p>\n\n\n\n<p>Sb\u011br dat ze stroj\u016f (MDA) je kl\u00ed\u010dovou sou\u010d\u00e1st\u00ed modern\u00edch v\u00fdrobn\u00edch proces\u016f. Pomoc\u00ed Hummingbird MDE m\u016f\u017eete v re\u00e1ln\u00e9m \u010dase zaznamen\u00e1vat a analyzovat ve\u0161ker\u00e1 strojn\u00ed data a maximalizovat tak efektivitu sv\u00fdch v\u00fdrobn\u00edch proces\u016f. <\/p>\n\n\n\n<p>Pomoc\u00ed syst\u00e9mu Hummingbird MES jsou data o stroj\u00edch automaticky zaznamen\u00e1v\u00e1na a centr\u00e1ln\u011b ukl\u00e1d\u00e1na. To zahrnuje informace, jako jsou provozn\u00ed \u010dasy, prostoje, mno\u017estv\u00ed v\u00fdroby a poruchy stroj\u016f. Data jsou shroma\u017e\u010fov\u00e1na nep\u0159etr\u017eit\u011b a jsou k dispozici v re\u00e1ln\u00e9m \u010dase.    <\/p>\n\n\n\n<p>Vyu\u017eijte i vy mo\u017enosti monitorov\u00e1n\u00ed v re\u00e1ln\u00e9m \u010dase a optimalizace proces\u016f pro maxim\u00e1ln\u00ed efektivitu a produktivitu &#8211; r\u00e1di v\u00e1m p\u0159edstav\u00edme na\u0161e \u0159e\u0161en\u00ed!<\/p>\n\n\n\n<div class=\"wp-block-buttons is-layout-flex wp-block-buttons-is-layout-flex\" style=\"margin-top:var(--wp--preset--spacing--20);margin-bottom:var(--wp--preset--spacing--20)\">\n<div class=\"wp-block-button\"><a class=\"wp-block-button__link wp-element-button\" href=\"#free-version\">Poptejte nyn\u00ed<\/a><\/div>\n<\/div>\n<\/div>\n\n\n\n<div class=\"wp-block-webx-blocks-grid-item is-layout-flow wp-container-webx-blocks-grid-item-is-layout-69fcd244 wp-block-webx-blocks-grid-item-is-layout-flow\" style=\"padding-top:0;padding-right:0;padding-bottom:0;padding-left:0;--grid-area-desktop:auto \/ auto \/ auto \/ auto;--grid-area-tablet:auto \/ auto \/ auto \/ auto;--grid-area-mobile:auto \/ auto \/ auto \/ auto\">\n<figure class=\"wp-block-image aligncenter size-full is-style-default\"><img loading=\"lazy\" decoding=\"async\" width=\"2356\" height=\"1570\" src=\"https:\/\/www.westcam-group.com\/wp-content\/uploads\/2024\/04\/maschinendatenerfassung_cam_westcam_2.jpg\" alt=\"\" class=\"wp-image-36206\" style=\"aspect-ratio:4\/3;object-fit:cover\" srcset=\"https:\/\/www.westcam-group.com\/wp-content\/uploads\/2024\/04\/maschinendatenerfassung_cam_westcam_2.jpg 2356w, https:\/\/www.westcam-group.com\/wp-content\/uploads\/2024\/04\/maschinendatenerfassung_cam_westcam_2-300x200.jpg 300w, https:\/\/www.westcam-group.com\/wp-content\/uploads\/2024\/04\/maschinendatenerfassung_cam_westcam_2-1024x682.jpg 1024w, https:\/\/www.westcam-group.com\/wp-content\/uploads\/2024\/04\/maschinendatenerfassung_cam_westcam_2-768x512.jpg 768w, https:\/\/www.westcam-group.com\/wp-content\/uploads\/2024\/04\/maschinendatenerfassung_cam_westcam_2-1536x1024.jpg 1536w, https:\/\/www.westcam-group.com\/wp-content\/uploads\/2024\/04\/maschinendatenerfassung_cam_westcam_2-2048x1365.jpg 2048w, https:\/\/www.westcam-group.com\/wp-content\/uploads\/2024\/04\/maschinendatenerfassung_cam_westcam_2-1351x900.jpg 1351w, https:\/\/www.westcam-group.com\/wp-content\/uploads\/2024\/04\/maschinendatenerfassung_cam_westcam_2-900x600.jpg 900w\" sizes=\"auto, (max-width: 2356px) 100vw, 2356px\" \/><\/figure>\n\n\n\n<div class=\"wp-block-group hero-violet has-accent-2-background-color has-background is-layout-flow wp-block-group-is-layout-flow\" style=\"padding-top:var(--wp--preset--spacing--30);padding-right:var(--wp--preset--spacing--30);padding-bottom:var(--wp--preset--spacing--30);padding-left:var(--wp--preset--spacing--30)\">\n<div class=\"wp-block-webx-blocks-fake-heading heading-h4 hero-subtitle has-base-color has-text-color\">Nejd\u016fle\u017eit\u011bj\u0161\u00ed informace<\/div>\n\n\n\n<ul class=\"wp-block-list hero-bullet-list-items is-style-westcam-list has-base-color has-accent-2-background-color has-text-color has-background has-link-color wp-elements-08ead7aa108205302387c35debff92a3\">\n<li>Automatick\u00e9 zaznamen\u00e1v\u00e1n\u00ed \u00fadaj\u016f o stroji<\/li>\n\n\n\n<li>Z\u00e1znam a anal\u00fdza v re\u00e1ln\u00e9m \u010dase<\/li>\n\n\n\n<li>\u00dapln\u00e1 transparentnost va\u0161\u00ed v\u00fdroby<br><br><\/li>\n<\/ul>\n\n\n\n<figure class=\"wp-block-image size-full is-resized\"><img loading=\"lazy\" decoding=\"async\" width=\"359\" height=\"147\" src=\"https:\/\/www.westcam-group.com\/wp-content\/uploads\/2024\/04\/65f87349-cbfe-495d-98e6-80e0f486b052.png\" alt=\"\" class=\"wp-image-20210\" style=\"width:auto;height:80px\" srcset=\"https:\/\/www.westcam-group.com\/wp-content\/uploads\/2024\/04\/65f87349-cbfe-495d-98e6-80e0f486b052.png 359w, https:\/\/www.westcam-group.com\/wp-content\/uploads\/2024\/04\/65f87349-cbfe-495d-98e6-80e0f486b052-300x123.png 300w\" sizes=\"auto, (max-width: 359px) 100vw, 359px\" \/><\/figure>\n<\/div>\n<\/div>\n<\/div>\n<\/div>\n\n\n\n<div class=\"wp-block-group has-base-2-background-color has-background has-global-padding is-layout-constrained wp-container-core-group-is-layout-54b13cab wp-block-group-is-layout-constrained\" style=\"margin-top:var(--wp--preset--spacing--50);margin-bottom:var(--wp--preset--spacing--50);padding-top:var(--wp--preset--spacing--20);padding-right:0;padding-bottom:var(--wp--preset--spacing--20);padding-left:0\">\n<figure class=\"wp-block-embed is-type-video is-provider-youtube wp-block-embed-youtube wp-embed-aspect-16-9 wp-has-aspect-ratio\"><div class=\"wp-block-embed__wrapper\">\n<div class=\"cookieconsent-optout-marketing\">\n    Bitte  <a href=\"javascript:Cookiebot.renew()\">Marketing-Cookies akzeptieren<\/a>, um dieses Video zu laden.\n    <\/div>\n            <iframe data-cookieblock-src=\"https:\/\/www.youtube.com\/embed\/4EqZdXUDyms?feature=oembed\" data-cookieconsent=\"marketing\" title=\"Sb\u011br dat stroje MDE\" width=\"500\" height=\"281\"  frameborder=\"0\" allow=\"accelerometer; autoplay; clipboard-write; encrypted-media; gyroscope; picture-in-picture; web-share\" referrerpolicy=\"strict-origin-when-cross-origin\" allowfullscreen><\/iframe>\n<\/div><\/figure>\n<\/div>\n\n\n\n<div class=\"wp-block-group has-global-padding is-layout-constrained wp-container-core-group-is-layout-00189ab9 wp-block-group-is-layout-constrained\">\n<div class=\"wp-block-media-text is-stacked-on-mobile is-image-fill-element\" style=\"margin-top:var(--wp--preset--spacing--50);margin-right:0;margin-bottom:var(--wp--preset--spacing--50);margin-left:0;padding-right:0;padding-left:0\"><figure class=\"wp-block-media-text__media\"><img loading=\"lazy\" decoding=\"async\" width=\"1024\" height=\"635\" src=\"https:\/\/www.westcam-group.com\/wp-content\/uploads\/2024\/04\/maschinendatenerfassung_cam_westcam_1-1024x635.jpg\" alt=\"\" class=\"wp-image-36203 size-full\" style=\"object-position:50% 50%\" srcset=\"https:\/\/www.westcam-group.com\/wp-content\/uploads\/2024\/04\/maschinendatenerfassung_cam_westcam_1-1024x635.jpg 1024w, https:\/\/www.westcam-group.com\/wp-content\/uploads\/2024\/04\/maschinendatenerfassung_cam_westcam_1-300x186.jpg 300w, https:\/\/www.westcam-group.com\/wp-content\/uploads\/2024\/04\/maschinendatenerfassung_cam_westcam_1-768x477.jpg 768w, https:\/\/www.westcam-group.com\/wp-content\/uploads\/2024\/04\/maschinendatenerfassung_cam_westcam_1-1536x953.jpg 1536w, https:\/\/www.westcam-group.com\/wp-content\/uploads\/2024\/04\/maschinendatenerfassung_cam_westcam_1-2048x1271.jpg 2048w, https:\/\/www.westcam-group.com\/wp-content\/uploads\/2024\/04\/maschinendatenerfassung_cam_westcam_1-1450x900.jpg 1450w, https:\/\/www.westcam-group.com\/wp-content\/uploads\/2024\/04\/maschinendatenerfassung_cam_westcam_1-967x600.jpg 967w\" sizes=\"auto, (max-width: 1024px) 100vw, 1024px\" \/><\/figure><div class=\"wp-block-media-text__content\">\n<h3 class=\"wp-block-heading has-text-align-left\" style=\"text-transform:none\">Vysv\u011btlen\u00ed MDE<\/h3>\n\n\n\n<p>MDE zahrnuje automatick\u00fd sb\u011br a anal\u00fdzu dat p\u0159\u00edmo ze stroj\u016f v d\u00edln\u011b. Tato data poskytuj\u00ed cenn\u00e9 informace o stavu stroj\u016f, v\u00fdrobn\u00edm v\u00fdkonu a aktu\u00e1ln\u00edm vyu\u017eit\u00ed kapacity. <\/p>\n\n\n\n<p><br>Pomoc\u00ed syst\u00e9mu Hummingbird MES m\u016f\u017eete tato data sledovat centr\u00e1ln\u011b a vyu\u017e\u00edvat je k optimalizaci v\u00fdrobn\u00edch proces\u016f.<\/p>\n<\/div><\/div>\n\n\n\n<div class=\"wp-block-media-text has-media-on-the-right is-stacked-on-mobile is-image-fill-element\" style=\"margin-top:var(--wp--preset--spacing--50);margin-right:0;margin-bottom:var(--wp--preset--spacing--50);margin-left:0\"><div class=\"wp-block-media-text__content\">\n<h3 class=\"wp-block-heading has-text-align-left\" style=\"text-transform:none\">V\u00fdhody MDE s Hummingbird<\/h3>\n\n\n\n<p><strong>Monitorov\u00e1n\u00ed v re\u00e1ln\u00e9m \u010dase<\/strong>: Z\u00edskejte p\u0159\u00edstup ke v\u0161em relevantn\u00edm \u00fadaj\u016fm o stroji. To umo\u017e\u0148uje rychlou reakci na poruchy a pom\u00e1h\u00e1 zv\u00fd\u0161it produktivitu. <\/p>\n\n\n\n<p><strong>Optimalizace proces\u016f<\/strong>: Vyu\u017eijte shrom\u00e1\u017ed\u011bn\u00e1 data k neust\u00e1l\u00e9mu zlep\u0161ov\u00e1n\u00ed v\u00fdrobn\u00edch proces\u016f. V\u0161echny kroky od pl\u00e1nov\u00e1n\u00ed a\u017e po realizaci lze analyzovat a optimalizovat. <\/p>\n\n\n\n<p><strong>Transparentnost<\/strong>: Zajist\u011bte \u00faplnou transparentnost v\u00fdrobn\u00edho procesu. V\u0161echna data o stroj\u00edch jsou k dispozici centr\u00e1ln\u011b a lze je snadno analyzovat. <\/p>\n<\/div><figure class=\"wp-block-media-text__media\"><img loading=\"lazy\" decoding=\"async\" width=\"1024\" height=\"683\" src=\"https:\/\/www.westcam-group.com\/wp-content\/uploads\/2024\/04\/mde-hummingbird-westcam-2-1024x683.png\" alt=\"\" class=\"wp-image-20238 size-full\" style=\"object-position:50% 50%\" srcset=\"https:\/\/www.westcam-group.com\/wp-content\/uploads\/2024\/04\/mde-hummingbird-westcam-2-1024x683.png 1024w, https:\/\/www.westcam-group.com\/wp-content\/uploads\/2024\/04\/mde-hummingbird-westcam-2-300x200.png 300w, https:\/\/www.westcam-group.com\/wp-content\/uploads\/2024\/04\/mde-hummingbird-westcam-2-768x512.png 768w, https:\/\/www.westcam-group.com\/wp-content\/uploads\/2024\/04\/mde-hummingbird-westcam-2-1536x1024.png 1536w, https:\/\/www.westcam-group.com\/wp-content\/uploads\/2024\/04\/mde-hummingbird-westcam-2-2048x1365.png 2048w, https:\/\/www.westcam-group.com\/wp-content\/uploads\/2024\/04\/mde-hummingbird-westcam-2-1350x900.png 1350w, https:\/\/www.westcam-group.com\/wp-content\/uploads\/2024\/04\/mde-hummingbird-westcam-2-900x600.png 900w\" sizes=\"auto, (max-width: 1024px) 100vw, 1024px\" \/><\/figure><\/div>\n<\/div>\n\n\n\n<div class=\"wp-block-group has-global-padding is-layout-constrained wp-container-core-group-is-layout-baed9f38 wp-block-group-is-layout-constrained\" style=\"margin-top:var(--wp--preset--spacing--60);margin-bottom:var(--wp--preset--spacing--60)\">\n<h3 class=\"wp-block-heading\" style=\"margin-top:var(--wp--preset--spacing--20);margin-right:0;margin-bottom:var(--wp--preset--spacing--20);margin-left:0;text-transform:none\">\u010casto kladen\u00e9 ot\u00e1zky (FAQ)<\/h3>\n\n\n\n<script type=\"application\/ld+json\">{\"@context\":\"https:\/\/schema.org\",\"@type\":\"FAQPage\",\"mainEntity\":[{\"@type\":\"Question\",\"name\":\"Co je to strojov\u00fd sb\u011br dat (MDE)?\",\"acceptedAnswer\":{\"@type\":\"Answer\",\"text\":\"Sb\u011br dat ze stroj\u016f neboli MDA je automatick\u00fd sb\u011br a anal\u00fdza dat ze stroj\u016f, kter\u00e1 poskytuje p\u0159ehled o stavu stroj\u016f a jejich v\u00fdrob\u011b.\"}},{\"@type\":\"Question\",\"name\":\"Jak\u00e9 jsou v\u00fdhody MDE s Hummingbird MES?\",\"acceptedAnswer\":{\"@type\":\"Answer\",\"text\":\"Monitorov\u00e1n\u00ed v re\u00e1ln\u00e9m \u010dase, vy\u0161\u0161\u00ed efektivita, optimalizace proces\u016f a \u00fapln\u00e1 transparentnost v\u00fdrobn\u00edch proces\u016f.\"}},{\"@type\":\"Question\",\"name\":\"Jak se Hummingbird MES integruje do st\u00e1vaj\u00edc\u00edch syst\u00e9m\u016f?\",\"acceptedAnswer\":{\"@type\":\"Answer\",\"text\":\"Hummingbird MES podporuje p\u0159ipojen\u00ed k r\u016fzn\u00fdm stroj\u016fm a \u0159\u00eddic\u00edm syst\u00e9m\u016fm a bezprobl\u00e9mov\u011b se integruje do st\u00e1vaj\u00edc\u00ed IT infrastruktury.&lt;a href=\\\"https:\/\/www.westcam-group.com\/wp-admin\/post.php?post=4293&amp;action=edit#was-ist-der-unterschied-zwischen-autocad-und-autocad-lt\\\">&lt;\/a>\"}}]}<\/script><div class=\"wp-block-webx-blocks-accordion\">\n<div class=\"accordion\" id=\"co-je-to-strojov-sbr-dat-mde\"><h2 class=\"title faq-title\" itemprop=\"name\"><a href=\"#co-je-to-strojov-sbr-dat-mde\">Co je to strojov\u00fd sb\u011br dat (MDE)?<\/a><\/h2><div class=\"content\"><div class=\"wrapper\">\n<p>Sb\u011br dat ze stroj\u016f neboli MDA je automatick\u00fd sb\u011br a anal\u00fdza dat ze stroj\u016f, kter\u00e1 poskytuje p\u0159ehled o stavu stroj\u016f a jejich v\u00fdrob\u011b.<\/p>\n<\/div><\/div><\/div>\n\n\n\n<div class=\"accordion\" id=\"jak-jsou-vhody-mde-s-hummingbird-mes\"><h2 class=\"title faq-title\" itemprop=\"name\"><a href=\"#jak-jsou-vhody-mde-s-hummingbird-mes\">Jak\u00e9 jsou v\u00fdhody MDE s Hummingbird MES?<\/a><\/h2><div class=\"content\"><div class=\"wrapper\">\n<p>Monitorov\u00e1n\u00ed v re\u00e1ln\u00e9m \u010dase, vy\u0161\u0161\u00ed efektivita, optimalizace proces\u016f a \u00fapln\u00e1 transparentnost v\u00fdrobn\u00edch proces\u016f.<\/p>\n<\/div><\/div><\/div>\n\n\n\n<div class=\"accordion\" id=\"jak-se-hummingbird-mes-integruje-do-stvajcch-systm\"><h2 class=\"title faq-title\" itemprop=\"name\"><a href=\"#jak-se-hummingbird-mes-integruje-do-stvajcch-systm\">Jak se Hummingbird MES integruje do st\u00e1vaj\u00edc\u00edch syst\u00e9m\u016f?<\/a><\/h2><div class=\"content\"><div class=\"wrapper\">\n<p>Hummingbird MES podporuje p\u0159ipojen\u00ed k r\u016fzn\u00fdm stroj\u016fm a \u0159\u00eddic\u00edm syst\u00e9m\u016fm a bezprobl\u00e9mov\u011b se integruje do st\u00e1vaj\u00edc\u00ed IT infrastruktury.<a href=\"https:\/\/www.westcam-group.com\/wp-admin\/post.php?post=4293&amp;action=edit#was-ist-der-unterschied-zwischen-autocad-und-autocad-lt\"><\/a><\/p>\n<\/div><\/div><\/div>\n<\/div>\n<\/div>\n\n\n\n<div class=\"wp-block-group has-global-padding is-layout-constrained wp-container-core-group-is-layout-19e250f3 wp-block-group-is-layout-constrained\">\n<div id=\"free-version\" class=\"wp-block-group has-base-color has-contrast-background-color has-text-color has-background has-link-color wp-elements-967464b888cdb78ceb48ae32fd9d774b has-global-padding is-layout-constrained wp-container-core-group-is-layout-d2702112 wp-block-group-is-layout-constrained\" style=\"padding-top:var(--wp--preset--spacing--30);padding-right:var(--wp--preset--spacing--40);padding-bottom:var(--wp--preset--spacing--30);padding-left:var(--wp--preset--spacing--40)\">\n<h3 class=\"wp-block-heading has-base-color has-text-color has-link-color wp-elements-05aff5d145fb26661d8a554b35b2cffa\" style=\"text-transform:none\">Porad\u00edme v\u00e1m osobn\u011b!<\/h3>\n\n\n\n<div class=\"wpcf7 no-js\" id=\"wpcf7-f36538-o1\" lang=\"cs-CZ\" dir=\"ltr\" data-wpcf7-id=\"36538\">\n<div class=\"screen-reader-response\"><p role=\"status\" aria-live=\"polite\" aria-atomic=\"true\"><\/p> <ul><\/ul><\/div>\n<form action=\"\/cs\/wp-json\/wp\/v2\/product\/34470#wpcf7-f36538-o1\" method=\"post\" class=\"wpcf7-form init\" aria-label=\"Kontaktn\u00ed formul\u00e1\u0159\" novalidate=\"novalidate\" data-status=\"init\">\n<fieldset class=\"hidden-fields-container\"><input type=\"hidden\" name=\"_wpcf7\" value=\"36538\" \/><input type=\"hidden\" name=\"_wpcf7_version\" value=\"6.1.5\" \/><input type=\"hidden\" name=\"_wpcf7_locale\" value=\"cs_CZ\" \/><input type=\"hidden\" name=\"_wpcf7_unit_tag\" value=\"wpcf7-f36538-o1\" \/><input type=\"hidden\" name=\"_wpcf7_container_post\" value=\"0\" \/><input type=\"hidden\" name=\"_wpcf7_posted_data_hash\" value=\"\" \/><input type=\"hidden\" name=\"_wpcf7dtx_version\" value=\"5.0.5\" \/><input type=\"hidden\" name=\"_wpcf7_recaptcha_response\" value=\"\" \/>\n<\/fieldset>\n<h3 class=\"heading\">  Dotaz <label class=\"wpcf7-form-control wpcf7-label wpcf7dtx wpcf7dtx-label\" for=\"Sb\u011br dat stroje MDE\">Sb\u011br dat stroje MDE<\/label><span class=\"wpcf7-form-control-wrap dynamic_hidden-post-title\" data-name=\"dynamic_hidden-post-title\"><input type=\"hidden\" name=\"dynamic_hidden-post-title\" class=\"wpcf7-form-control wpcf7-hidden wpcf7dtx wpcf7dtx-hidden\" aria-invalid=\"false\" value=\"Sb\u011br dat stroje MDE\"><\/span><\/h3>\n\n<label>  N\u00e1zev\n    <span class=\"wpcf7-form-control-wrap\" data-name=\"fullname\"><input size=\"40\" maxlength=\"400\" class=\"wpcf7-form-control wpcf7-text\" aria-invalid=\"false\" value=\"\" type=\"text\" name=\"fullname\" \/><\/span> <\/label>\n\n<label>  E-mailov\u00e1 adresa*\n    <span class=\"wpcf7-form-control-wrap\" data-name=\"email\"><input size=\"40\" maxlength=\"400\" class=\"wpcf7-form-control wpcf7-email wpcf7-validates-as-required wpcf7-text wpcf7-validates-as-email\" aria-required=\"true\" aria-invalid=\"false\" value=\"\" type=\"email\" name=\"email\" \/><\/span> <\/label>\n\n<label>  Spole\u010dnost\n    <span class=\"wpcf7-form-control-wrap\" data-name=\"unternehmen\"><input size=\"40\" maxlength=\"400\" class=\"wpcf7-form-control wpcf7-text\" aria-invalid=\"false\" value=\"\" type=\"text\" name=\"unternehmen\" \/><\/span> <\/label>\n\n<label>  Va\u0161e zpr\u00e1va*\n    <span class=\"wpcf7-form-control-wrap\" data-name=\"nachricht\"><textarea cols=\"40\" rows=\"10\" maxlength=\"2000\" class=\"wpcf7-form-control wpcf7-textarea wpcf7-validates-as-required\" aria-required=\"true\" aria-invalid=\"false\" name=\"nachricht\"><\/textarea><\/span> <\/label>\n\n<span class=\"wpcf7-form-control-wrap dynamic_hidden_page_url\" data-name=\"dynamic_hidden_page_url\"><input type=\"hidden\" name=\"dynamic_hidden_page_url\" class=\"wpcf7-form-control wpcf7-hidden wpcf7dtx wpcf7dtx-hidden\" aria-invalid=\"false\" value=\"https:\/\/www.westcam-group.com\/cs\/wp-json\/wp\/v2\/product\/34470\"><\/span>\n\n<input class=\"wpcf7-form-control wpcf7-submit has-spinner\" type=\"submit\" value=\"Odeslat\" \/>\n\n[odpov\u011b\u010f]<div class=\"wpcf7-response-output\" aria-hidden=\"true\"><\/div>\n<\/form>\n<\/div>\n\n<\/div>\n\n\n\n<div id=\"ansprechpartner\" class=\"wp-block-group has-base-2-background-color has-background has-global-padding is-layout-constrained wp-container-core-group-is-layout-16946a23 wp-block-group-is-layout-constrained\" style=\"margin-top:0;margin-bottom:0;padding-top:var(--wp--preset--spacing--30);padding-right:var(--wp--preset--spacing--30);padding-bottom:var(--wp--preset--spacing--30);padding-left:var(--wp--preset--spacing--30)\">\n<div class=\"wp-block-group has-base-2-background-color has-background has-global-padding is-layout-constrained wp-container-core-group-is-layout-19e250f3 wp-block-group-is-layout-constrained\">\n<h2 class=\"wp-block-heading\" style=\"text-transform:none\">R\u00e1di jsme tu pro v\u00e1s<\/h2>\n<\/div>\n\n\n<div class=\"wp-block-webx-blocks-westcam-employee-display\">\n    <div class=\"employee-image\">\n        <img decoding=\"async\" src=\"\" alt= \/>\n    <\/div>\n    <div class=\"employee-info\">\n        <div class=\"heading-h3\"><\/div>\n        <div class=\"heading-h5 is-style-westcamized\"><\/div>\n    <\/div>\n    <div class=\"employee-social\">\n        <div class=\"icons\">\n                                    <a href=\"\/vcard\/5975\" title=\"Download vCard\"\n                class=\"vcard-button\">\n                <svg xmlns=\"http:\/\/www.w3.org\/2000\/svg\" width=\"32.143\" height=\"25\" viewBox=\"0 0 32.143 25\">\n                    <path id=\"address-card-solid\"\n                        d=\"M3.571,32A3.575,3.575,0,0,0,0,35.571V53.429A3.575,3.575,0,0,0,3.571,57h25a3.575,3.575,0,0,0,3.571-3.571V35.571A3.575,3.575,0,0,0,28.571,32ZM8.036,46.286h3.571a4.463,4.463,0,0,1,4.464,4.464.9.9,0,0,1-.893.893H4.464a.9.9,0,0,1-.893-.893A4.463,4.463,0,0,1,8.036,46.286ZM6.25,40.929A3.571,3.571,0,1,1,9.821,44.5,3.571,3.571,0,0,1,6.25,40.929Zm14.286-1.786h7.143a.893.893,0,0,1,0,1.786H20.536a.893.893,0,0,1,0-1.786Zm0,3.571h7.143a.893.893,0,0,1,0,1.786H20.536a.893.893,0,0,1,0-1.786Zm0,3.571h7.143a.893.893,0,0,1,0,1.786H20.536a.893.893,0,0,1,0-1.786Z\"\n                        transform=\"translate(0 -32)\" fill=\"#111\" \/>\n                <\/svg>\n            <\/a>\n        <\/div>\n    <\/div>\n    <div class=\"employee-contact\">\n                        \n\n\n    <\/div>\n        <div class=\"employee-callback wp-block-button is-style-outline\">\n        <a href=\"\/anfrage\/\"\n            class=\"wp-block-button__link wp-element-button\">zeptat se<\/a>\n    <\/div>\n    <\/div><\/div>\n<\/div>\n","protected":false},"excerpt":{"rendered":"<p>Vysv\u011btlen\u00ed MDE MDE zahrnuje automatick\u00fd sb\u011br a anal\u00fdzu dat p\u0159\u00edmo ze stroj\u016f v d\u00edln\u011b. Tato data poskytuj\u00ed cenn\u00e9 informace o stavu stroj\u016f, v\u00fdrobn\u00edm v\u00fdkonu a aktu\u00e1ln\u00edm vyu\u017eit\u00ed kapacity. Pomoc\u00ed syst\u00e9mu Hummingbird MES m\u016f\u017eete tato data sledovat centr\u00e1ln\u011b a vyu\u017e\u00edvat je k optimalizaci v\u00fdrobn\u00edch proces\u016f. V\u00fdhody MDE s Hummingbird Monitorov\u00e1n\u00ed v re\u00e1ln\u00e9m \u010dase: Z\u00edskejte p\u0159\u00edstup ke [&hellip;]<\/p>\n","protected":false},"author":2,"featured_media":36207,"parent":34366,"menu_order":8,"comment_status":"closed","ping_status":"closed","template":"","meta":{"content-type":"","footnotes":""},"competence":[2811],"class_list":["post-34470","product","type-product","status-publish","has-post-thumbnail","hentry","competence-mes-manufacturing-execution-system-cs"],"_links":{"self":[{"href":"https:\/\/www.westcam-group.com\/cs\/wp-json\/wp\/v2\/product\/34470","targetHints":{"allow":["GET"]}}],"collection":[{"href":"https:\/\/www.westcam-group.com\/cs\/wp-json\/wp\/v2\/product"}],"about":[{"href":"https:\/\/www.westcam-group.com\/cs\/wp-json\/wp\/v2\/types\/product"}],"author":[{"embeddable":true,"href":"https:\/\/www.westcam-group.com\/cs\/wp-json\/wp\/v2\/users\/2"}],"replies":[{"embeddable":true,"href":"https:\/\/www.westcam-group.com\/cs\/wp-json\/wp\/v2\/comments?post=34470"}],"version-history":[{"count":15,"href":"https:\/\/www.westcam-group.com\/cs\/wp-json\/wp\/v2\/product\/34470\/revisions"}],"predecessor-version":[{"id":40739,"href":"https:\/\/www.westcam-group.com\/cs\/wp-json\/wp\/v2\/product\/34470\/revisions\/40739"}],"up":[{"embeddable":true,"href":"https:\/\/www.westcam-group.com\/cs\/wp-json\/wp\/v2\/product\/34366"}],"wp:featuredmedia":[{"embeddable":true,"href":"https:\/\/www.westcam-group.com\/cs\/wp-json\/wp\/v2\/media\/36207"}],"wp:attachment":[{"href":"https:\/\/www.westcam-group.com\/cs\/wp-json\/wp\/v2\/media?parent=34470"}],"wp:term":[{"taxonomy":"competence","embeddable":true,"href":"https:\/\/www.westcam-group.com\/cs\/wp-json\/wp\/v2\/competence?post=34470"}],"curies":[{"name":"wp","href":"https:\/\/api.w.org\/{rel}","templated":true}]}}