{"id":34402,"date":"2024-04-24T10:46:56","date_gmt":"2024-04-24T08:46:56","guid":{"rendered":"https:\/\/www.westcam-group.com\/produkte\/hardware\/pracovni-stanice\/"},"modified":"2025-04-29T16:46:49","modified_gmt":"2025-04-29T14:46:49","slug":"pracovni-stanice","status":"publish","type":"product","link":"https:\/\/www.westcam-group.com\/cs\/produkty\/hardware\/pracovni-stanice\/","title":{"rendered":"Pracovn\u00ed stanice"},"content":{"rendered":"\n<div class=\"wp-block-group alignfull has-global-padding is-layout-constrained wp-block-group-is-layout-constrained\">\n<div class=\"wp-block-webx-blocks-westcam-hero alignfull ltr\" style=\"margin-top:var(--wp--preset--spacing--50);margin-bottom:var(--wp--preset--spacing--50)\"><div class=\"hero-image\" style=\"--aspect-ratio:4 \/ 3\"> <img decoding=\"async\" srcset=\"https:\/\/www.westcam-group.com\/wp-content\/uploads\/2024\/09\/westcam-9-icon-hardware-150x150.png 150w, https:\/\/www.westcam-group.com\/wp-content\/uploads\/2024\/09\/westcam-9-icon-hardware-300x300.png 300w, https:\/\/www.westcam-group.com\/wp-content\/uploads\/2024\/09\/westcam-9-icon-hardware-1024x1024.png 1024w, https:\/\/www.westcam-group.com\/wp-content\/uploads\/2024\/09\/westcam-9-icon-hardware.png 1181w, https:\/\/www.westcam-group.com\/wp-content\/uploads\/2024\/09\/westcam-9-icon-hardware-900x900.png 900w, https:\/\/www.westcam-group.com\/wp-content\/uploads\/2024\/09\/westcam-9-icon-hardware-600x600.png 600w\" src=\"https:\/\/www.westcam-group.com\/wp-content\/uploads\/2024\/09\/westcam-9-icon-hardware.png\" alt=\"\"\/><\/div><div class=\"hero-placeholder\"><\/div>\n<div class=\"wp-block-group hero-content is-layout-flow wp-block-group-is-layout-flow\">\n<div class=\"wp-block-webx-blocks-fake-heading heading-h4 hero-subtitle is-style-westcamized\" style=\"text-transform:none\">V\u00fdkonn\u00e9 a p\u0159izp\u016fsobiteln\u00e9<\/div>\n\n\n<h1 style=\"text-transform:none; margin-top:0;margin-bottom:0;\" class=\"wp-block-post-title\">Pracovn\u00ed stanice<\/h1>\n\n\n<p>Maximalizujte sv\u016fj v\u00fdpo\u010detn\u00ed v\u00fdkon pomoc\u00ed na\u0161ich <strong>specializovan\u00fdch pracovn\u00edch stanic<\/strong>. Na\u0161e <strong>konfigurace<\/strong> jsou <strong>optimalizov\u00e1ny<\/strong> pro skute\u010dn\u00e9 po\u017eadavky a jsou navr\u017eeny tak, aby zvl\u00e1dly i ty nejn\u00e1ro\u010dn\u011bj\u0161\u00ed \u00falohy, jako jsou slo\u017eit\u00e9 v\u00fdpo\u010dty, 3D vykreslov\u00e1n\u00ed a datov\u011b n\u00e1ro\u010dn\u00e9 aplikace CAx.  <\/p>\n<\/div>\n<\/div>\n<\/div>\n\n<h2 class=\"wp-block-heading\" style=\"text-transform:none\">Na\u0161e nab\u00eddka pro v\u00e1s<\/h2>\n<div style=\"margin-top:var(--wp--preset--spacing--30);margin-bottom:var(--wp--preset--spacing--50);\" class=\"wp-block-webx-post-list-webx-post-list wp-block-webx-post-list-webx-post-list\" data-listid=\"15862\">\n    <script class=\"webx-filter-list-config\" type=\"application\/json\">{\"postType\":\"product\",\"enableParentPost\":true,\"displayGrid\":true,\"subTitle\":\"product_category\",\"fieldOne\":\"product_category\",\"fieldTwo\":\"product_category\",\"className\":\"wp-block-webx-post-list-webx-post-list\",\"style\":{\"spacing\":{\"margin\":{\"top\":\"var:preset|spacing|30\",\"bottom\":\"var:preset|spacing|50\"}}},\"compactGrid\":false,\"language\":\"en\",\"listId\":15862,\"postId\":34402}<\/script>\n    <div class=\"webx-post-list\" data-listid=\"15862\"><\/div>\n    \n<div>\n<div class=\"wp-block-webx-post-list-webx-filters\"><div><\/div><\/div>\n<\/div>\n<\/div>","protected":false},"excerpt":{"rendered":"<p>V\u00fdkonn\u00fd a p\u0159izp\u016fsobiteln\u00fd.<br \/>\nKonfigurace optimalizovan\u00e9 podle praktick\u00fdch po\u017eadavk\u016f pro slo\u017eit\u00e9 v\u00fdpo\u010dty, 3D vykreslov\u00e1n\u00ed a datov\u011b n\u00e1ro\u010dn\u00e9 aplikace CAx.<\/p>\n","protected":false},"author":2,"featured_media":24736,"parent":5246,"menu_order":5,"comment_status":"closed","ping_status":"closed","template":"","meta":{"content-type":"","footnotes":""},"competence":[2800],"class_list":["post-34402","product","type-product","status-publish","has-post-thumbnail","hentry","competence-workstations-cs"],"_links":{"self":[{"href":"https:\/\/www.westcam-group.com\/cs\/wp-json\/wp\/v2\/product\/34402","targetHints":{"allow":["GET"]}}],"collection":[{"href":"https:\/\/www.westcam-group.com\/cs\/wp-json\/wp\/v2\/product"}],"about":[{"href":"https:\/\/www.westcam-group.com\/cs\/wp-json\/wp\/v2\/types\/product"}],"author":[{"embeddable":true,"href":"https:\/\/www.westcam-group.com\/cs\/wp-json\/wp\/v2\/users\/2"}],"replies":[{"embeddable":true,"href":"https:\/\/www.westcam-group.com\/cs\/wp-json\/wp\/v2\/comments?post=34402"}],"version-history":[{"count":3,"href":"https:\/\/www.westcam-group.com\/cs\/wp-json\/wp\/v2\/product\/34402\/revisions"}],"predecessor-version":[{"id":38454,"href":"https:\/\/www.westcam-group.com\/cs\/wp-json\/wp\/v2\/product\/34402\/revisions\/38454"}],"up":[{"embeddable":true,"href":"https:\/\/www.westcam-group.com\/cs\/wp-json\/wp\/v2\/product\/5246"}],"wp:featuredmedia":[{"embeddable":true,"href":"https:\/\/www.westcam-group.com\/cs\/wp-json\/wp\/v2\/media\/24736"}],"wp:attachment":[{"href":"https:\/\/www.westcam-group.com\/cs\/wp-json\/wp\/v2\/media?parent=34402"}],"wp:term":[{"taxonomy":"competence","embeddable":true,"href":"https:\/\/www.westcam-group.com\/cs\/wp-json\/wp\/v2\/competence?post=34402"}],"curies":[{"name":"wp","href":"https:\/\/api.w.org\/{rel}","templated":true}]}}