{"id":34399,"date":"2024-04-24T10:33:14","date_gmt":"2024-04-24T08:33:14","guid":{"rendered":"https:\/\/www.westcam-group.com\/produkte\/reseni-pro-zobrazovani-2\/detekce-trhlin\/system-zpracovani-obrazu-bvs-r-f-s-c-pro-specialni-aplikace\/"},"modified":"2025-04-29T16:46:25","modified_gmt":"2025-04-29T14:46:25","slug":"system-zpracovani-obrazu-bvs-r-f-s-c-pro-specialni-aplikace","status":"publish","type":"product","link":"https:\/\/www.westcam-group.com\/cs\/produkty\/zpracovani-obrazu\/detekce-trhlin\/system-zpracovani-obrazu-bvs-r-f-s-c-pro-specialni-aplikace\/","title":{"rendered":"Syst\u00e9my pro speci\u00e1ln\u00ed pou\u017eit\u00ed BVS-R\/F\/S\/C"},"content":{"rendered":"\n<div style=\"background-image:url(&apos;https:\/\/www.westcam-group.com\/wp-content\/uploads\/2024\/03\/bggrid.webp&apos;);background-position:50% 50%;background-repeat:no-repeat;background-size:contain;\" class=\"wp-block-group has-global-padding is-layout-constrained wp-container-core-group-is-layout-9f245e94 wp-block-group-is-layout-constrained has-background\">\n<div class=\"wp-block-webx-blocks-grid is-layout-grid wp-container-webx-blocks-grid-is-layout-8c8cfa07 wp-block-webx-blocks-grid-is-layout-grid\" style=\"margin-top:var(--wp--preset--spacing--50);margin-bottom:var(--wp--preset--spacing--50);--grid-columns-desktop:2;--grid-columns-tablet:2;--grid-columns-mobile:1\">\n<div class=\"wp-block-webx-blocks-grid-item is-layout-flow wp-block-webx-blocks-grid-item-is-layout-flow\" style=\"padding-top:var(--wp--preset--spacing--30);padding-right:var(--wp--preset--spacing--10);padding-bottom:var(--wp--preset--spacing--10);padding-left:var(--wp--preset--spacing--10);--grid-area-desktop:auto \/ auto \/ auto \/ auto;--grid-area-tablet:auto \/ auto \/ auto \/ auto;--grid-area-mobile:auto \/ auto \/ auto \/ auto\">\n<div class=\"wp-block-webx-blocks-fake-heading heading-h4 is-style-westcamized\" style=\"text-transform:none\">Zpracov\u00e1n\u00ed obrazu pro speci\u00e1ln\u00ed aplikace<\/div>\n\n\n\n<h1 class=\"wp-block-heading hero-title has-xx-large-font-size\" style=\"margin-top:var(--wp--preset--spacing--20);margin-bottom:var(--wp--preset--spacing--20);line-height:1;text-transform:none\">Syst\u00e9m zpracov\u00e1n\u00ed obrazu BVS-R\/F\/S\/C<\/h1>\n\n\n\n<p><strong>Speci\u00e1ln\u00ed aplikace? Pro na\u0161i \u0159adu v\u00fdrobk\u016f BVS-R to nen\u00ed probl\u00e9m.   <\/strong><br\/><strong>Pro ka\u017edou aplikaci m\u00e1me to spr\u00e1vn\u00e9 \u0159e\u0161en\u00ed.<\/strong><\/p>\n\n\n\n<p>Odolnost vibra\u010dn\u00edch desek v\u016f\u010di vysok\u00e9mu zat\u00ed\u017een\u00ed &#8211; d\u00edky vibra\u010dn\u00edmu syst\u00e9mu BVS-R\/F\/S<\/p>\n\n\n\n<p>Vzdor teplot\u011b a vlhkosti &#8211; d\u00edky klimatick\u00e9 komo\u0159e BVS-R\/F\/S\/C<\/p>\n\n\n\n<p>Zaost\u0159en\u00e1 trhlina &#8211; d\u00edky objektivu BVS-R\/F s d\u00e1lkov\u00fdm ost\u0159en\u00edm<\/p>\n\n\n\n<div class=\"wp-block-buttons is-layout-flex wp-block-buttons-is-layout-flex\" style=\"margin-top:var(--wp--preset--spacing--20);margin-bottom:var(--wp--preset--spacing--20)\">\n<div class=\"wp-block-button\"><a class=\"wp-block-button__link wp-element-button\" href=\"#free-version\">Po\u017e\u00e1dat nyn\u00ed<\/a><\/div>\n<\/div>\n\n\n\n<p>Mohlo by v\u00e1s zaj\u00edmat i toto:<\/p>\n\n\n\n<p class=\"has-accent-2-color has-text-color has-link-color wp-elements-31ab329afc70f77fd6250aa8c66b0c07\"><strong><a href=\"https:\/\/www.westcam-group.com\/cs\/produkte\/reseni-pro-zobrazovani-2\/reseni-pro-zpracovani-obrazu\/minicam\/\" data-type=\"product\" data-id=\"18754\" target=\"_blank\" rel=\"noreferrer noopener\"><span class=\"add-arrow\">MINIcam<\/span><\/a><\/strong><\/p>\n\n\n\n<p class=\"has-accent-2-color has-text-color has-link-color wp-elements-19c944380a7f076d46f1fa0c4598dc43\"><a href=\"https:\/\/www.westcam-group.com\/en\/?post_type=product&amp;p=35012\" target=\"_blank\" data-type=\"link\" data-id=\"https:\/\/www.westcam-group.com\/produkte\/bildverarbeitung\/riss-erkennung\/bvs-r-bildverarbeitungssystem-risserkennung\/\" rel=\"noreferrer noopener\"><strong><span class=\"add-arrow\">Standard BVS-R  <\/span><\/strong><\/a><\/p>\n\n\n\n<p class=\"has-accent-2-color has-text-color has-link-color wp-elements-8a86613ca32edb58b42f79abc0f0347b\"><a href=\"https:\/\/www.westcam-group.com\/cs\/produkte\/reseni-pro-zobrazovani-2\/detekce-trhlin\/prislusenstvi-bvs\/\" data-type=\"product\" data-id=\"4665\" target=\"_blank\" rel=\"noreferrer noopener\"><strong><span class=\"add-arrow\">P\u0159\u00edslu\u0161enstv\u00ed \/ dopl\u0148ky BVS<\/span><\/strong><\/a><\/p>\n<\/div>\n\n\n\n<div class=\"wp-block-webx-blocks-grid-item is-layout-flow wp-container-webx-blocks-grid-item-is-layout-69fcd244 wp-block-webx-blocks-grid-item-is-layout-flow\" style=\"padding-top:0;padding-right:0;padding-bottom:0;padding-left:0;--grid-area-desktop:auto \/ auto \/ auto \/ auto;--grid-area-tablet:auto \/ auto \/ auto \/ auto;--grid-area-mobile:auto \/ auto \/ auto \/ auto\">\n<figure class=\"wp-block-image aligncenter size-full is-style-default\"><img loading=\"lazy\" decoding=\"async\" width=\"1136\" height=\"1700\" src=\"https:\/\/www.westcam-group.com\/wp-content\/uploads\/2024\/08\/bvsr-bild2.jpg\" alt=\"\" class=\"wp-image-19551\" style=\"aspect-ratio:4\/3;object-fit:cover\" srcset=\"https:\/\/www.westcam-group.com\/wp-content\/uploads\/2024\/08\/bvsr-bild2.jpg 1136w, https:\/\/www.westcam-group.com\/wp-content\/uploads\/2024\/08\/bvsr-bild2-200x300.jpg 200w, https:\/\/www.westcam-group.com\/wp-content\/uploads\/2024\/08\/bvsr-bild2-684x1024.jpg 684w, https:\/\/www.westcam-group.com\/wp-content\/uploads\/2024\/08\/bvsr-bild2-768x1149.jpg 768w, https:\/\/www.westcam-group.com\/wp-content\/uploads\/2024\/08\/bvsr-bild2-1026x1536.jpg 1026w, https:\/\/www.westcam-group.com\/wp-content\/uploads\/2024\/08\/bvsr-bild2-601x900.jpg 601w, https:\/\/www.westcam-group.com\/wp-content\/uploads\/2024\/08\/bvsr-bild2-401x600.jpg 401w\" sizes=\"auto, (max-width: 1136px) 100vw, 1136px\" \/><\/figure>\n\n\n\n<div class=\"wp-block-group hero-violet has-accent-2-background-color has-background is-layout-flow wp-block-group-is-layout-flow\" style=\"padding-top:var(--wp--preset--spacing--30);padding-right:var(--wp--preset--spacing--30);padding-bottom:var(--wp--preset--spacing--30);padding-left:var(--wp--preset--spacing--30)\">\n<div class=\"wp-block-webx-blocks-fake-heading heading-h4 hero-subtitle has-base-color has-text-color\">Nejd\u016fle\u017eit\u011bj\u0161\u00ed informace<\/div>\n\n\n\n<ul class=\"wp-block-list hero-bullet-list-items is-style-westcam-list has-base-color has-accent-2-background-color has-text-color has-background has-link-color wp-elements-8cb0a8e2c994e72c4abd49d0ec33fc02\">\n<li>P\u0159\u00edm\u00e1 mont\u00e1\u017e na vibra\u010dn\u00ed desky<\/li>\n\n\n\n<li>Um\u00edst\u011bn\u00ed v klimatick\u00fdch komor\u00e1ch<\/li>\n\n\n\n<li>Pou\u017eit\u00ed p\u0159i simula\u010dn\u00edch testech prost\u0159ed\u00ed, nap\u0159. posyp\u00e1n\u00ed sol\u00ed.  <\/li>\n<\/ul>\n<\/div>\n<\/div>\n<\/div>\n<\/div>\n\n<p class=\"has-text-align-center has-base-2-background-color has-background\">Praktick\u00fd p\u0159\u00edklad: Kamerov\u00e9 moduly syst\u00e9m\u016f pro monitorov\u00e1n\u00ed zku\u0161ebn\u00edch cykl\u016f a detekci trhlin lze tak\u00e9 namontovat na zku\u0161ebn\u00ed stoly pro simulaci prost\u0159ed\u00ed a na t\u0159epa\u010dky.<\/p>\n\n<div class=\"wp-block-group has-base-2-background-color has-background has-global-padding is-content-justification-center is-layout-constrained wp-container-core-group-is-layout-606d210a wp-block-group-is-layout-constrained\" style=\"padding-top:var(--wp--preset--spacing--30);padding-bottom:var(--wp--preset--spacing--30)\">\n<figure class=\"wp-block-embed is-type-video is-provider-youtube wp-block-embed-youtube wp-embed-aspect-16-9 wp-has-aspect-ratio\" style=\"margin-top:var(--wp--preset--spacing--20);margin-bottom:var(--wp--preset--spacing--20)\"><div class=\"wp-block-embed__wrapper\">\n<div class=\"cookieconsent-optout-marketing\">\n    Bitte  <a href=\"javascript:Cookiebot.renew()\">Marketing-Cookies akzeptieren<\/a>, um dieses Video zu laden.\n    <\/div>\n            <iframe data-cookieblock-src=\"https:\/\/www.youtube.com\/embed\/eYXhKorFgcs?feature=oembed\" data-cookieconsent=\"marketing\" title=\"Risserkennung - Betriebsfestigkeitsversuch in der Klimakammer am Shaker (Video: 0:10 sec.)\" width=\"500\" height=\"281\"  frameborder=\"0\" allow=\"accelerometer; autoplay; clipboard-write; encrypted-media; gyroscope; picture-in-picture; web-share\" referrerpolicy=\"strict-origin-when-cross-origin\" allowfullscreen><\/iframe>\n<\/div><\/figure>\n<\/div>\n\n<h2 class=\"wp-block-heading has-text-align-center\" style=\"text-transform:none\">Na\u0161e mo\u017enosti<\/h2>\n\n<div class=\"wp-block-group has-global-padding is-layout-constrained wp-container-core-group-is-layout-00189ab9 wp-block-group-is-layout-constrained\">\n<div class=\"wp-block-media-text is-stacked-on-mobile is-image-fill-element\" style=\"margin-top:var(--wp--preset--spacing--50);margin-right:0;margin-bottom:var(--wp--preset--spacing--50);margin-left:0;padding-right:0;padding-left:0\"><figure class=\"wp-block-media-text__media\"><img loading=\"lazy\" decoding=\"async\" width=\"600\" height=\"350\" src=\"https:\/\/www.westcam-group.com\/wp-content\/uploads\/2024\/08\/bvsr-bild5.jpg\" alt=\"\" class=\"wp-image-19558 size-full\" style=\"object-position:50% 50%\" srcset=\"https:\/\/www.westcam-group.com\/wp-content\/uploads\/2024\/08\/bvsr-bild5.jpg 600w, https:\/\/www.westcam-group.com\/wp-content\/uploads\/2024\/08\/bvsr-bild5-300x175.jpg 300w\" sizes=\"auto, (max-width: 600px) 100vw, 600px\" \/><\/figure><div class=\"wp-block-media-text__content\">\n<h3 class=\"wp-block-heading has-text-align-left\" style=\"text-transform:none\">Vysok\u00e9 zat\u00ed\u017een\u00ed vibra\u010dn\u00edch desek &#8211; d\u00edky shaker\u016fm BVS-R\/F\/S<\/h3>\n\n\n\n<p>Tento syst\u00e9m detekce trhlin pro pou\u017eit\u00ed na t\u0159epa\u010dce je zalo\u017een na v\u0161ech funkc\u00edch syst\u00e9mu d\u00e1lkov\u00e9ho zaost\u0159ov\u00e1n\u00ed BVS-R\/F.<\/p>\n\n\n\n<p>Syst\u00e9m se osv\u011bd\u010dil pro pou\u017eit\u00ed p\u0159i zat\u00ed\u017een\u00ed vibra\u010dn\u00edmi deskami a p\u0159i vysok\u00fdch p\u0159et\u00ed\u017een\u00edch.<\/p>\n\n\n\n<p>Syst\u00e9m umo\u017e\u0148uje detekci trhlin p\u0159i zat\u00ed\u017een\u00ed a\u017e 20 g a budic\u00ed frekvenci a\u017e 60 Hz.<\/p>\n\n\n\n<p>Abychom splnili tyto speci\u00e1ln\u00ed po\u017eadavky, uzav\u0159eli jsme na\u0161e kamery do speci\u00e1ln\u011b vyvinut\u00e9ho pouzdra.<\/p>\n\n\n\n<p class=\"has-text-align-left\"><strong>Stru\u010dn\u011b \u0159e\u010deno:<br\/>Ide\u00e1ln\u00ed pro pou\u017eit\u00ed p\u0159i zat\u00ed\u017een\u00ed vibra\u010dn\u00edmi deskami a p\u0159i vysok\u00e9m zrychlen\u00ed.<br\/><\/strong><br\/><\/p>\n<\/div><\/div>\n\n\n\n<div class=\"wp-block-media-text has-media-on-the-right is-stacked-on-mobile is-image-fill-element\" style=\"margin-top:var(--wp--preset--spacing--50);margin-right:0;margin-bottom:var(--wp--preset--spacing--50);margin-left:0\"><div class=\"wp-block-media-text__content\">\n<h3 class=\"wp-block-heading has-text-align-left\" style=\"text-transform:none\">Vzdor teplot\u011b a vlhkosti &#8211; d\u00edky klimatick\u00e9 komo\u0159e BVS-R\/F\/S\/C<\/h3>\n\n\n\n<p>N\u00e1\u0161 syst\u00e9m detekce trhlin pro pou\u017eit\u00ed v klimatick\u00e9 komo\u0159e je zalo\u017een na v\u0161ech funkc\u00edch syst\u00e9mu BVS-R\/F\/S.<\/p>\n\n\n\n<p>Velk\u00e1 v\u00fdhoda: mo\u017enost pozorov\u00e1n\u00ed ve zku\u0161ebn\u00edm provozu za zvl\u00e1\u0161tn\u00edch klimatick\u00fdch podm\u00ednek.<\/p>\n\n\n\n<p>Vyvinuto pro pou\u017eit\u00ed v klimatick\u00fdch komor\u00e1ch s okoln\u00ed teplotou od -45 \u00b0C do +85 \u00b0C.<\/p>\n\n\n\n<p>Dokonce ani r\u016fzn\u00e9 hodnoty vlhkosti (a\u017e 98 % relativn\u00ed vlhkosti) nemaj\u00ed na v\u00fdsledky \u017e\u00e1dn\u00fd vliv.<\/p>\n\n\n\n<p>Pro tyto klimatick\u00e9 podm\u00ednky jsme na\u0161e kamery uzav\u0159eli do speci\u00e1ln\u00edho pouzdra.<\/p>\n\n\n\n<p class=\"has-text-align-left\"><strong>Stru\u010dn\u011b \u0159e\u010deno: optim\u00e1ln\u00ed syst\u00e9m detekce prasklin pro vysok\u00e9 po\u017eadavky v kombinaci s teplotou a vlhkost\u00ed.<\/strong><\/p>\n<\/div><figure class=\"wp-block-media-text__media\"><img loading=\"lazy\" decoding=\"async\" width=\"1024\" height=\"427\" src=\"https:\/\/www.westcam-group.com\/wp-content\/uploads\/2024\/04\/bvsr-f-s-c-bild2-1024x427.jpg\" alt=\"\" class=\"wp-image-19985 size-full\" style=\"object-position:50% 50%\" srcset=\"https:\/\/www.westcam-group.com\/wp-content\/uploads\/2024\/04\/bvsr-f-s-c-bild2-1024x427.jpg 1024w, https:\/\/www.westcam-group.com\/wp-content\/uploads\/2024\/04\/bvsr-f-s-c-bild2-300x125.jpg 300w, https:\/\/www.westcam-group.com\/wp-content\/uploads\/2024\/04\/bvsr-f-s-c-bild2-768x320.jpg 768w, https:\/\/www.westcam-group.com\/wp-content\/uploads\/2024\/04\/bvsr-f-s-c-bild2-1536x640.jpg 1536w, https:\/\/www.westcam-group.com\/wp-content\/uploads\/2024\/04\/bvsr-f-s-c-bild2-1440x600.jpg 1440w, https:\/\/www.westcam-group.com\/wp-content\/uploads\/2024\/04\/bvsr-f-s-c-bild2.jpg 1920w\" sizes=\"auto, (max-width: 1024px) 100vw, 1024px\" \/><\/figure><\/div>\n\n\n\n<div class=\"wp-block-media-text is-stacked-on-mobile is-image-fill-element\" style=\"margin-top:var(--wp--preset--spacing--50);margin-right:0;margin-bottom:var(--wp--preset--spacing--50);margin-left:0\"><figure class=\"wp-block-media-text__media\"><img loading=\"lazy\" decoding=\"async\" width=\"1024\" height=\"576\" src=\"https:\/\/www.westcam-group.com\/wp-content\/uploads\/2024\/04\/bvsr-f-s-c-bild3-1024x576.jpg\" alt=\"\" class=\"wp-image-19988 size-full\" style=\"object-position:50% 50%\" srcset=\"https:\/\/www.westcam-group.com\/wp-content\/uploads\/2024\/04\/bvsr-f-s-c-bild3-1024x576.jpg 1024w, https:\/\/www.westcam-group.com\/wp-content\/uploads\/2024\/04\/bvsr-f-s-c-bild3-300x169.jpg 300w, https:\/\/www.westcam-group.com\/wp-content\/uploads\/2024\/04\/bvsr-f-s-c-bild3-768x432.jpg 768w, https:\/\/www.westcam-group.com\/wp-content\/uploads\/2024\/04\/bvsr-f-s-c-bild3-1536x864.jpg 1536w, https:\/\/www.westcam-group.com\/wp-content\/uploads\/2024\/04\/bvsr-f-s-c-bild3-2048x1152.jpg 2048w, https:\/\/www.westcam-group.com\/wp-content\/uploads\/2024\/04\/bvsr-f-s-c-bild3-1600x900.jpg 1600w, https:\/\/www.westcam-group.com\/wp-content\/uploads\/2024\/04\/bvsr-f-s-c-bild3-1067x600.jpg 1067w\" sizes=\"auto, (max-width: 1024px) 100vw, 1024px\" \/><\/figure><div class=\"wp-block-media-text__content\">\n<h3 class=\"wp-block-heading has-text-align-left\" style=\"text-transform:none\">Zaost\u0159en\u00e1 trhlina &#8211; d\u00edky objektivu s dalek\u00fdm ohniskem<\/h3>\n\n\n\n<p>Syst\u00e9m detekce trhlin BVS-R\/F je zalo\u017een na v\u0161ech funkc\u00edch standardn\u00edho syst\u00e9mu BVS-R.<\/p>\n\n\n\n<p>Dal\u0161\u00ed funkc\u00ed produktu je objektiv s d\u00e1lkov\u00fdm zaost\u0159ov\u00e1n\u00edm. Umo\u017e\u0148uje zjednodu\u0161en\u00e9 nastaven\u00ed obrazu.   <\/p>\n\n\n\n<p>Z \u0159\u00eddic\u00edho centra lze snadno a pohodln\u011b nastavit zaost\u0159en\u00ed. To p\u0159in\u00e1\u0161\u00ed v\u00fdznamn\u00e9 v\u00fdhody, zejm\u00e9na u obt\u00ed\u017en\u011b p\u0159\u00edstupn\u00fdch zku\u0161ebn\u00edch sestav. Nastaven\u00ed zaost\u0159en\u00ed lze snadno a rychle optimalizovat.    <\/p>\n\n\n\n<p class=\"has-text-align-left\">Stru\u010dn\u011b \u0159e\u010deno: syst\u00e9m detekce trhlin lze snadno a pohodln\u011b nastavit v \u0159\u00eddic\u00ed m\u00edstnosti.<\/p>\n<\/div><\/div>\n<\/div>\n\n<div class=\"wp-block-group has-global-padding is-layout-constrained wp-container-core-group-is-layout-19e250f3 wp-block-group-is-layout-constrained\">\n<div id=\"free-version\" class=\"wp-block-group has-base-color has-contrast-background-color has-text-color has-background has-link-color wp-elements-967464b888cdb78ceb48ae32fd9d774b has-global-padding is-layout-constrained wp-container-core-group-is-layout-d2702112 wp-block-group-is-layout-constrained\" style=\"padding-top:var(--wp--preset--spacing--30);padding-right:var(--wp--preset--spacing--40);padding-bottom:var(--wp--preset--spacing--30);padding-left:var(--wp--preset--spacing--40)\">\n<h3 class=\"wp-block-heading has-base-color has-text-color has-link-color wp-elements-05aff5d145fb26661d8a554b35b2cffa\" style=\"text-transform:none\">Porad\u00edme v\u00e1m osobn\u011b!<\/h3>\n\n\n\n<div class=\"wpcf7 no-js\" id=\"wpcf7-f36538-o1\" lang=\"cs-CZ\" dir=\"ltr\" data-wpcf7-id=\"36538\">\n<div class=\"screen-reader-response\"><p role=\"status\" aria-live=\"polite\" aria-atomic=\"true\"><\/p> <ul><\/ul><\/div>\n<form action=\"\/cs\/wp-json\/wp\/v2\/product\/34399#wpcf7-f36538-o1\" method=\"post\" class=\"wpcf7-form init\" aria-label=\"Kontaktn\u00ed formul\u00e1\u0159\" novalidate=\"novalidate\" data-status=\"init\">\n<fieldset class=\"hidden-fields-container\"><input type=\"hidden\" name=\"_wpcf7\" value=\"36538\" \/><input type=\"hidden\" name=\"_wpcf7_version\" value=\"6.1.5\" \/><input type=\"hidden\" name=\"_wpcf7_locale\" value=\"cs_CZ\" \/><input type=\"hidden\" name=\"_wpcf7_unit_tag\" value=\"wpcf7-f36538-o1\" \/><input type=\"hidden\" name=\"_wpcf7_container_post\" value=\"0\" \/><input type=\"hidden\" name=\"_wpcf7_posted_data_hash\" value=\"\" \/><input type=\"hidden\" name=\"_wpcf7dtx_version\" value=\"5.0.5\" \/><input type=\"hidden\" name=\"_wpcf7_recaptcha_response\" value=\"\" \/>\n<\/fieldset>\n<h3 class=\"heading\">  Dotaz <label class=\"wpcf7-form-control wpcf7-label wpcf7dtx wpcf7dtx-label\" for=\"Syst\u00e9my pro speci\u00e1ln\u00ed pou\u017eit\u00ed BVS-R\/F\/S\/C\">Syst\u00e9my pro speci\u00e1ln\u00ed pou\u017eit\u00ed BVS-R\/F\/S\/C<\/label><span class=\"wpcf7-form-control-wrap dynamic_hidden-post-title\" data-name=\"dynamic_hidden-post-title\"><input type=\"hidden\" name=\"dynamic_hidden-post-title\" class=\"wpcf7-form-control wpcf7-hidden wpcf7dtx wpcf7dtx-hidden\" aria-invalid=\"false\" value=\"Syst\u00e9my pro speci\u00e1ln\u00ed pou\u017eit\u00ed BVS-R\/F\/S\/C\"><\/span><\/h3>\n\n<label>  N\u00e1zev\n    <span class=\"wpcf7-form-control-wrap\" data-name=\"fullname\"><input size=\"40\" maxlength=\"400\" class=\"wpcf7-form-control wpcf7-text\" aria-invalid=\"false\" value=\"\" type=\"text\" name=\"fullname\" \/><\/span> <\/label>\n\n<label>  E-mailov\u00e1 adresa*\n    <span class=\"wpcf7-form-control-wrap\" data-name=\"email\"><input size=\"40\" maxlength=\"400\" class=\"wpcf7-form-control wpcf7-email wpcf7-validates-as-required wpcf7-text wpcf7-validates-as-email\" aria-required=\"true\" aria-invalid=\"false\" value=\"\" type=\"email\" name=\"email\" \/><\/span> <\/label>\n\n<label>  Spole\u010dnost\n    <span class=\"wpcf7-form-control-wrap\" data-name=\"unternehmen\"><input size=\"40\" maxlength=\"400\" class=\"wpcf7-form-control wpcf7-text\" aria-invalid=\"false\" value=\"\" type=\"text\" name=\"unternehmen\" \/><\/span> <\/label>\n\n<label>  Va\u0161e zpr\u00e1va*\n    <span class=\"wpcf7-form-control-wrap\" data-name=\"nachricht\"><textarea cols=\"40\" rows=\"10\" maxlength=\"2000\" class=\"wpcf7-form-control wpcf7-textarea wpcf7-validates-as-required\" aria-required=\"true\" aria-invalid=\"false\" name=\"nachricht\"><\/textarea><\/span> <\/label>\n\n<span class=\"wpcf7-form-control-wrap dynamic_hidden_page_url\" data-name=\"dynamic_hidden_page_url\"><input type=\"hidden\" name=\"dynamic_hidden_page_url\" class=\"wpcf7-form-control wpcf7-hidden wpcf7dtx wpcf7dtx-hidden\" aria-invalid=\"false\" value=\"https:\/\/www.westcam-group.com\/cs\/wp-json\/wp\/v2\/product\/34399\"><\/span>\n\n<input class=\"wpcf7-form-control wpcf7-submit has-spinner\" type=\"submit\" value=\"Odeslat\" \/>\n\n[odpov\u011b\u010f]<div class=\"wpcf7-response-output\" aria-hidden=\"true\"><\/div>\n<\/form>\n<\/div>\n\n<\/div>\n\n\n\n<div id=\"ansprechpartner\" class=\"wp-block-group has-base-2-background-color has-background has-global-padding is-layout-constrained wp-container-core-group-is-layout-16946a23 wp-block-group-is-layout-constrained\" style=\"margin-top:0;margin-bottom:0;padding-top:var(--wp--preset--spacing--30);padding-right:var(--wp--preset--spacing--30);padding-bottom:var(--wp--preset--spacing--30);padding-left:var(--wp--preset--spacing--30)\">\n<div class=\"wp-block-group has-base-2-background-color has-background has-global-padding is-layout-constrained wp-container-core-group-is-layout-19e250f3 wp-block-group-is-layout-constrained\">\n<h2 class=\"wp-block-heading\" style=\"text-transform:none\">R\u00e1di jsme tu pro v\u00e1s<\/h2>\n<\/div>\n\n\n<div class=\"wp-block-webx-blocks-westcam-employee-display\">\n    <div class=\"employee-image\">\n        <img decoding=\"async\" src=\"https:\/\/www.westcam-group.com\/wp-content\/uploads\/2022\/02\/Harald.Unterrainer.CEO_.png\" alt=Harald Unterrainer \/>\n    <\/div>\n    <div class=\"employee-info\">\n        <div class=\"heading-h3\">Harald Unterrainer<\/div>\n        <div class=\"heading-h5 is-style-westcamized\">Gener\u00e1ln\u00ed \u0159editel WESTCAM Technologies GmbH<\/div>\n    <\/div>\n    <div class=\"employee-social\">\n        <div class=\"icons\">\n                        <a href=https:\/\/www.linkedin.com\/in\/mag-harald-unterrainer-mba-cse-b0829214\/ title=\"Harald Unterrainer on linkedIn\"\n                target=\"_blank\" rel=\"noopener noreferrer\">\n                <?xml version=\"1.0\" encoding=\"UTF-8\" standalone=\"no\"?>\n                <!DOCTYPE svg PUBLIC \"-\/\/W3C\/\/DTD SVG 1.1\/\/EN\" \"http:\/\/www.w3.org\/Graphics\/SVG\/1.1\/DTD\/svg11.dtd\"><svg\n                    width=\"100%\" height=\"100%\" viewBox=\"0 0 248 204\" version=\"1.1\" xmlns=\"http:\/\/www.w3.org\/2000\/svg\"\n                    xmlns:xlink=\"http:\/\/www.w3.org\/1999\/xlink\" xml:space=\"preserve\" xmlns:serif=\"http:\/\/www.serif.com\/\"\n                    style=\"fill-rule:evenodd;clip-rule:evenodd;stroke-linejoin:round;stroke-miterlimit:2;\">\n                    <path\n                        d=\"M226,204l-41.916,0l0,-71.392c0,-19.573 -7.437,-30.512 -22.93,-30.512c-16.854,0 -25.659,11.383 -25.659,30.512l-0,71.392l-40.395,0l-0,-136l40.395,-0l-0,18.319c-0,0 12.146,-22.474 41.006,-22.474c28.847,-0 49.499,17.616 49.499,54.048l0,86.107Zm-179.091,-153.808c-13.759,-0 -24.909,-11.237 -24.909,-25.096c0,-13.859 11.15,-25.096 24.909,-25.096c13.759,-0 24.902,11.237 24.902,25.096c0,13.859 -11.143,25.096 -24.902,25.096Zm-20.858,153.808l42.121,0l0,-136l-42.121,-0l-0,136Z\" \/>\n                <\/svg>\n            <\/a>\n                                    <a href=\"\/vcard\/33808\" title=\"Download vCard\"\n                class=\"vcard-button\">\n                <svg xmlns=\"http:\/\/www.w3.org\/2000\/svg\" width=\"32.143\" height=\"25\" viewBox=\"0 0 32.143 25\">\n                    <path id=\"address-card-solid\"\n                        d=\"M3.571,32A3.575,3.575,0,0,0,0,35.571V53.429A3.575,3.575,0,0,0,3.571,57h25a3.575,3.575,0,0,0,3.571-3.571V35.571A3.575,3.575,0,0,0,28.571,32ZM8.036,46.286h3.571a4.463,4.463,0,0,1,4.464,4.464.9.9,0,0,1-.893.893H4.464a.9.9,0,0,1-.893-.893A4.463,4.463,0,0,1,8.036,46.286ZM6.25,40.929A3.571,3.571,0,1,1,9.821,44.5,3.571,3.571,0,0,1,6.25,40.929Zm14.286-1.786h7.143a.893.893,0,0,1,0,1.786H20.536a.893.893,0,0,1,0-1.786Zm0,3.571h7.143a.893.893,0,0,1,0,1.786H20.536a.893.893,0,0,1,0-1.786Zm0,3.571h7.143a.893.893,0,0,1,0,1.786H20.536a.893.893,0,0,1,0-1.786Z\"\n                        transform=\"translate(0 -32)\" fill=\"#111\" \/>\n                <\/svg>\n            <\/a>\n        <\/div>\n    <\/div>\n    <div class=\"employee-contact\">\n                <a href=\"tel:+43 5223 55509 132\">\n            <div class=\" employee-phone\">\n                <svg xmlns=\"http:\/\/www.w3.org\/2000\/svg\" width=\"32\" height=\"32\" viewBox=\"0 0 32 32\">\n                    <path id=\"phone\"\n                        d=\"M6.529,4h7.059l3.529,8.824-4.412,2.647a19.412,19.412,0,0,0,8.824,8.824l2.647-4.412L33,23.412v7.059A3.529,3.529,0,0,1,29.471,34,28.235,28.235,0,0,1,3,7.529,3.529,3.529,0,0,1,6.529,4\"\n                        transform=\"translate(-2 -3)\" fill=\"none\" stroke=\"#111\" stroke-linecap=\"round\"\n                        stroke-linejoin=\"round\" stroke-width=\"2\" \/>\n                <\/svg>\n\n                +43 5223 55509 132\n            <\/div>\n        <\/a>\n                                <a href=\"mailto:harald.unterrainer@westcam.at\">\n            <div class=\" employee-email\">\n                <svg xmlns=\"http:\/\/www.w3.org\/2000\/svg\" width=\"32.773\" height=\"25.333\" viewBox=\"0 0 32.773 25.333\">\n                    <g id=\"mail\" transform=\"translate(1.387 1)\">\n                        <rect id=\"Rechteck_11\" data-name=\"Rechteck 11\" width=\"30\" height=\"23.333\" rx=\"2\" fill=\"none\"\n                            stroke=\"#111\" stroke-linecap=\"round\" stroke-linejoin=\"round\" stroke-width=\"2\" \/>\n                        <path id=\"Pfad_100\" data-name=\"Pfad 100\" d=\"M3,7,18,17,33,7\" transform=\"translate(-3 -3.667)\"\n                            fill=\"none\" stroke=\"#111\" stroke-linecap=\"round\" stroke-linejoin=\"round\" stroke-width=\"2\" \/>\n                    <\/g>\n                <\/svg>\n                harald.unterrainer@westcam.at\n            <\/div>\n        <\/a>\n        \n\n\n    <\/div>\n        <div class=\"employee-callback wp-block-button is-style-outline\">\n        <a href=\"\/anfrage\/\"\n            class=\"wp-block-button__link wp-element-button\">zeptat se<\/a>\n    <\/div>\n    <\/div><\/div>\n<\/div>\n","protected":false},"excerpt":{"rendered":"<p>Na\u0161e syst\u00e9my jsou vybaveny pro speci\u00e1ln\u00ed aplikace, a\u0165 u\u017e se jedn\u00e1 o klimatick\u00e9 komory, testy s t\u0159ep\u00e1n\u00edm nebo simulace prost\u0159ed\u00ed.  <\/p>\n","protected":false},"author":2,"featured_media":19552,"parent":5220,"menu_order":5,"comment_status":"closed","ping_status":"closed","template":"","meta":{"content-type":"","footnotes":""},"competence":[2778],"class_list":["post-34399","product","type-product","status-publish","has-post-thumbnail","hentry","competence-riss-erkennung-cs"],"_links":{"self":[{"href":"https:\/\/www.westcam-group.com\/cs\/wp-json\/wp\/v2\/product\/34399","targetHints":{"allow":["GET"]}}],"collection":[{"href":"https:\/\/www.westcam-group.com\/cs\/wp-json\/wp\/v2\/product"}],"about":[{"href":"https:\/\/www.westcam-group.com\/cs\/wp-json\/wp\/v2\/types\/product"}],"author":[{"embeddable":true,"href":"https:\/\/www.westcam-group.com\/cs\/wp-json\/wp\/v2\/users\/2"}],"replies":[{"embeddable":true,"href":"https:\/\/www.westcam-group.com\/cs\/wp-json\/wp\/v2\/comments?post=34399"}],"version-history":[{"count":4,"href":"https:\/\/www.westcam-group.com\/cs\/wp-json\/wp\/v2\/product\/34399\/revisions"}],"predecessor-version":[{"id":38414,"href":"https:\/\/www.westcam-group.com\/cs\/wp-json\/wp\/v2\/product\/34399\/revisions\/38414"}],"up":[{"embeddable":true,"href":"https:\/\/www.westcam-group.com\/cs\/wp-json\/wp\/v2\/product\/5220"}],"wp:featuredmedia":[{"embeddable":true,"href":"https:\/\/www.westcam-group.com\/cs\/wp-json\/wp\/v2\/media\/19552"}],"wp:attachment":[{"href":"https:\/\/www.westcam-group.com\/cs\/wp-json\/wp\/v2\/media?parent=34399"}],"wp:term":[{"taxonomy":"competence","embeddable":true,"href":"https:\/\/www.westcam-group.com\/cs\/wp-json\/wp\/v2\/competence?post=34399"}],"curies":[{"name":"wp","href":"https:\/\/api.w.org\/{rel}","templated":true}]}}