{"id":34389,"date":"2024-04-24T10:18:43","date_gmt":"2024-04-24T08:18:43","guid":{"rendered":"https:\/\/www.westcam-group.com\/produkte\/mechatronika-robotika\/automatizacni-reseni\/smart-system-monitorovani-a-hlaseni\/"},"modified":"2025-04-29T16:46:38","modified_gmt":"2025-04-29T14:46:38","slug":"smart-system-monitorovani-a-hlaseni","status":"publish","type":"product","link":"https:\/\/www.westcam-group.com\/cs\/produkty\/mechatronika-robotika\/automatizacni-reseni\/smart-system-monitorovani-a-hlaseni\/","title":{"rendered":"SMaRT &#8211; Syst\u00e9m monitorov\u00e1n\u00ed a hl\u00e1\u0161en\u00ed provoz\u016f"},"content":{"rendered":"\n<div style=\"background-image:url(&apos;https:\/\/www.westcam-group.com\/wp-content\/uploads\/2024\/03\/bggrid.webp&apos;);background-position:50% 50%;background-repeat:no-repeat;background-size:contain;\" class=\"wp-block-group has-global-padding is-layout-constrained wp-container-core-group-is-layout-9f245e94 wp-block-group-is-layout-constrained has-background\">\n<div class=\"wp-block-webx-blocks-grid is-layout-grid wp-container-webx-blocks-grid-is-layout-8c8cfa07 wp-block-webx-blocks-grid-is-layout-grid\" style=\"margin-top:var(--wp--preset--spacing--50);margin-bottom:var(--wp--preset--spacing--50);--grid-columns-desktop:2;--grid-columns-tablet:2;--grid-columns-mobile:1\">\n<div class=\"wp-block-webx-blocks-grid-item is-layout-flow wp-block-webx-blocks-grid-item-is-layout-flow\" style=\"padding-top:var(--wp--preset--spacing--30);padding-right:var(--wp--preset--spacing--10);padding-bottom:var(--wp--preset--spacing--10);padding-left:var(--wp--preset--spacing--10);--grid-area-desktop:auto \/ auto \/ auto \/ auto;--grid-area-tablet:auto \/ auto \/ auto \/ auto;--grid-area-mobile:auto \/ auto \/ auto \/ auto\">\n<div class=\"wp-block-webx-blocks-fake-heading heading-h4 is-style-westcamized\" style=\"text-transform:none\">N\u00e1stroj pro reportov\u00e1n\u00ed a anal\u00fdzu v\u00fdrobn\u00edch proces\u016f<\/div>\n\n\n\n<h1 class=\"wp-block-heading hero-title has-xx-large-font-size\" style=\"margin-top:var(--wp--preset--spacing--20);margin-bottom:var(--wp--preset--spacing--20);line-height:1;text-transform:none\">SMaRT &#8211; N\u00e1stroj pro monitorov\u00e1n\u00ed a hl\u00e1\u0161en\u00ed syst\u00e9mu<\/h1>\n\n\n\n<p><strong>Sledov\u00e1n\u00ed stavu, v\u00fdkonu a v\u00fdrobn\u00edch v\u00fdsledk\u016f va\u0161ich stroj\u016f, syst\u00e9m\u016f a za\u0159\u00edzen\u00ed.<\/strong><\/p>\n\n\n\n<p><strong>SMaRT<\/strong> je jednodu\u0161e <strong>&#8222;chytr\u00fd a inteligentn\u00ed<\/strong> &#8222;, proto\u017ee umo\u017e\u0148uje sledovat celkovou<em>efektivitu za\u0159\u00edzen\u00ed (OEE<\/em>).<\/p>\n\n\n\n<p>Definujete sv\u00e9 kl\u00ed\u010dov\u00e9 ukazatele v\u00fdkonnosti a dost\u00e1v\u00e1te je \u017eiv\u011b\/online, ka\u017edou hodinu, ka\u017ed\u00fd t\u00fdden jako <strong>zpr\u00e1vu OEE<\/strong>.<\/p>\n\n\n\n<p>SMaRT <strong>analyzuje va\u0161i produkci<\/strong> a vyhodnocuje v\u00fdsledky, prov\u00e1d\u00ed<strong> srovn\u00e1n\u00ed<\/strong> a <strong>benchmarky <\/strong>, aby v\u00e1s v\u010das informoval o<strong> anom\u00e1li\u00edch <\/strong>.<\/p>\n\n\n\n<p><strong>M\u00e1te ji\u017e jasn\u00fd p\u0159ehled o sv\u00e9m v\u00fdrobn\u00edm procesu?<\/strong> R\u00e1di se na n\u011bj spole\u010dn\u011b s v\u00e1mi pod\u00edv\u00e1me &#8211; <strong>sta\u010d\u00ed n\u00e1s kontaktovat:<\/strong><\/p>\n\n\n\n<div class=\"wp-block-buttons is-layout-flex wp-block-buttons-is-layout-flex\" style=\"margin-top:var(--wp--preset--spacing--20);margin-bottom:var(--wp--preset--spacing--20)\">\n<div class=\"wp-block-button\"><a class=\"wp-block-button__link wp-element-button\" href=\"#free-version\">Po\u017e\u00e1dat nyn\u00ed<\/a><\/div>\n<\/div>\n\n\n\n<p>Mohlo by v\u00e1s zaj\u00edmat i toto:<\/p>\n\n\n\n<p class=\"has-accent-2-color has-text-color has-link-color wp-elements-bb0bc29d877abd61dd24e988a7c1f81c\"><strong><a href=\"https:\/\/www.westcam-group.com\/en\/?post_type=product&amp;p=35009\" data-type=\"product\" data-id=\"4627\" target=\"_blank\" rel=\"noreferrer noopener\"><span class=\"add-arrow\">iMMS &#8211; inteligentn\u00ed syst\u00e9m monitorov\u00e1n\u00ed stroj\u016f  <\/span><\/a><\/strong><\/p>\n<\/div>\n\n\n\n<div class=\"wp-block-webx-blocks-grid-item is-layout-flow wp-container-webx-blocks-grid-item-is-layout-69fcd244 wp-block-webx-blocks-grid-item-is-layout-flow\" style=\"padding-top:0;padding-right:0;padding-bottom:0;padding-left:0;--grid-area-desktop:auto \/ auto \/ auto \/ auto;--grid-area-tablet:auto \/ auto \/ auto \/ auto;--grid-area-mobile:auto \/ auto \/ auto \/ auto\">\n<figure class=\"wp-block-image aligncenter size-full is-style-default\"><img loading=\"lazy\" decoding=\"async\" width=\"802\" height=\"301\" src=\"https:\/\/www.westcam-group.com\/wp-content\/uploads\/2024\/04\/smart-anlagenmonitoring-westcam-technologies-1.jpg\" alt=\"\" class=\"wp-image-19633\" srcset=\"https:\/\/www.westcam-group.com\/wp-content\/uploads\/2024\/04\/smart-anlagenmonitoring-westcam-technologies-1.jpg 802w, https:\/\/www.westcam-group.com\/wp-content\/uploads\/2024\/04\/smart-anlagenmonitoring-westcam-technologies-1-300x113.jpg 300w, https:\/\/www.westcam-group.com\/wp-content\/uploads\/2024\/04\/smart-anlagenmonitoring-westcam-technologies-1-768x288.jpg 768w\" sizes=\"auto, (max-width: 802px) 100vw, 802px\" \/><\/figure>\n\n\n\n<div class=\"wp-block-group hero-violet has-accent-2-background-color has-background is-layout-flow wp-block-group-is-layout-flow\" style=\"padding-top:var(--wp--preset--spacing--30);padding-right:var(--wp--preset--spacing--30);padding-bottom:var(--wp--preset--spacing--30);padding-left:var(--wp--preset--spacing--30)\">\n<div class=\"wp-block-webx-blocks-fake-heading heading-h4 hero-subtitle has-base-color has-text-color\">Nejd\u016fle\u017eit\u011bj\u0161\u00ed informace<\/div>\n\n\n\n<ul class=\"wp-block-list hero-bullet-list-items is-style-westcam-list has-base-color has-accent-2-background-color has-text-color has-background has-link-color wp-elements-ed174f2f3108056ce111231c2b7db750\">\n<li>Dokonal\u00e9 hl\u00e1\u0161en\u00ed<\/li>\n\n\n\n<li>Del\u0161\u00ed \u017eivotnost<\/li>\n\n\n\n<li>Anal\u00fdza v\u00fdrobn\u00edch dat<\/li>\n<\/ul>\n<\/div>\n<\/div>\n<\/div>\n<\/div>\n\n<div class=\"wp-block-group has-global-padding is-layout-constrained wp-container-core-group-is-layout-00189ab9 wp-block-group-is-layout-constrained\">\n<div class=\"wp-block-media-text is-stacked-on-mobile is-image-fill\" style=\"margin-top:var(--wp--preset--spacing--50);margin-right:0;margin-bottom:var(--wp--preset--spacing--50);margin-left:0;padding-right:0;padding-left:0\"><figure class=\"wp-block-media-text__media\" style=\"background-image:url(https:\/\/www.westcam-group.com\/wp-content\/uploads\/2024\/04\/smart-bild2-1024x277.jpg);background-position:50% 50%\"><img loading=\"lazy\" decoding=\"async\" width=\"1024\" height=\"277\" src=\"https:\/\/www.westcam-group.com\/wp-content\/uploads\/2024\/04\/smart-bild2-1024x277.jpg\" alt=\"SMaRT analyzuje va\u0161i produkci a vyhodnocuje v\u00fdsledky, prov\u00e1d\u00ed srovn\u00e1n\u00ed a benchmarky, aby v\u00e1s v\u010das informoval o anom\u00e1li\u00edch.\" class=\"wp-image-19630 size-full\" srcset=\"https:\/\/www.westcam-group.com\/wp-content\/uploads\/2024\/04\/smart-bild2-1024x277.jpg 1024w, https:\/\/www.westcam-group.com\/wp-content\/uploads\/2024\/04\/smart-bild2-300x81.jpg 300w, https:\/\/www.westcam-group.com\/wp-content\/uploads\/2024\/04\/smart-bild2-768x208.jpg 768w, https:\/\/www.westcam-group.com\/wp-content\/uploads\/2024\/04\/smart-bild2-1536x416.jpg 1536w, https:\/\/www.westcam-group.com\/wp-content\/uploads\/2024\/04\/smart-bild2-2048x555.jpg 2048w\" sizes=\"auto, (max-width: 1024px) 100vw, 1024px\" \/><\/figure><div class=\"wp-block-media-text__content\">\n<h3 class=\"wp-block-heading has-text-align-left\" style=\"text-transform:none\">Pro\u010d je SMaRT &#8222;chytr\u00fd&#8220;?<\/h3>\n\n\n\n<p>Definujete sv\u00e9 kl\u00ed\u010dov\u00e9 ukazatele v\u00fdkonnosti a dost\u00e1v\u00e1te je \u017eiv\u011b\/online, ka\u017edou hodinu, ka\u017ed\u00fd t\u00fdden jako zpr\u00e1vu OEE.<\/p>\n\n\n\n<p class=\"has-text-align-left\">SMaRT analyzuje va\u0161i produkci a vyhodnocuje v\u00fdsledky, prov\u00e1d\u00ed srovn\u00e1n\u00ed a benchmarky, aby v\u00e1s v\u010das informoval o anom\u00e1li\u00edch.<\/p>\n<\/div><\/div>\n<\/div>\n\n<div class=\"wp-block-group has-global-padding is-layout-constrained wp-container-core-group-is-layout-baed9f38 wp-block-group-is-layout-constrained\" style=\"margin-top:var(--wp--preset--spacing--60);margin-bottom:var(--wp--preset--spacing--60)\">\n<h3 class=\"wp-block-heading\" style=\"margin-top:var(--wp--preset--spacing--20);margin-right:0;margin-bottom:var(--wp--preset--spacing--20);margin-left:0;text-transform:none\">\u010casto kladen\u00e9 ot\u00e1zky (FAQ)<\/h3>\n\n\n\n<script type=\"application\/ld+json\">{\"@context\":\"https:\/\/schema.org\",\"@type\":\"FAQPage\",\"mainEntity\":[{\"@type\":\"Question\",\"name\":\"Hilft mir SMaRT die Standzeit \/ MTBF (mean time before failure) zu erh\u00f6hen?\",\"acceptedAnswer\":{\"@type\":\"Answer\",\"text\":\"Auf alle F\u00e4lle! Zyklen werden gez\u00e4hlt, Taktzeiten verglichen, Stillstands Gr\u00fcnde mitgeloggt, Ergebnisse gepr\u00fcft, wodurch rechtzeitig \u00fcber vorbeugende Wartungsarbeiten informiert wird.Welche Herausforderungen besch\u00e4ftigen Sie im Produktionsprozess? Gerne teilen wir unser Know-how mit Ihnen! Kontaktieren Sie uns!\"}}]}<\/script><div class=\"wp-block-webx-blocks-accordion\">\n<div class=\"accordion\" id=\"hilft-mir-smart-die-standzeit--mtbf-mean-time-before-failure-zu-erhhen\"><h2 class=\"title faq-title\" itemprop=\"name\"><a href=\"#hilft-mir-smart-die-standzeit--mtbf-mean-time-before-failure-zu-erhhen\">Pom\u00e1h\u00e1 mi SMaRT zv\u00fd\u0161it \u017eivotnost \/ MTBF (st\u0159edn\u00ed doba p\u0159ed poruchou)?<\/a><\/h2><div class=\"content\"><div class=\"wrapper\">\n<p>V ka\u017ed\u00e9m p\u0159\u00edpad\u011b! Po\u010d\u00edtaj\u00ed se cykly, porovn\u00e1vaj\u00ed se doby cykl\u016f, zaznamen\u00e1vaj\u00ed se d\u016fvody odst\u00e1vek a kontroluj\u00ed se v\u00fdsledky, co\u017e poskytuje v\u010dasn\u00e9 informace o preventivn\u00ed \u00fadr\u017eb\u011b.   <\/p>\n\n\n\n<p>Jak\u00fdm v\u00fdzv\u00e1m \u010del\u00edte ve v\u00fdrobn\u00edm procesu? R\u00e1di se s v\u00e1mi pod\u011bl\u00edme o na\u0161e know-how! Kontaktujte n\u00e1s!  <\/p>\n<\/div><\/div><\/div>\n<\/div>\n<\/div>\n\n<div class=\"wp-block-group has-global-padding is-layout-constrained wp-container-core-group-is-layout-19e250f3 wp-block-group-is-layout-constrained\">\n<div id=\"free-version\" class=\"wp-block-group has-base-color has-contrast-background-color has-text-color has-background has-link-color wp-elements-967464b888cdb78ceb48ae32fd9d774b has-global-padding is-layout-constrained wp-container-core-group-is-layout-d2702112 wp-block-group-is-layout-constrained\" style=\"padding-top:var(--wp--preset--spacing--30);padding-right:var(--wp--preset--spacing--40);padding-bottom:var(--wp--preset--spacing--30);padding-left:var(--wp--preset--spacing--40)\">\n<h3 class=\"wp-block-heading has-base-color has-text-color has-link-color wp-elements-05aff5d145fb26661d8a554b35b2cffa\" style=\"text-transform:none\">Porad\u00edme v\u00e1m osobn\u011b!<\/h3>\n\n\n\n<div class=\"wpcf7 no-js\" id=\"wpcf7-f36538-o1\" lang=\"cs-CZ\" dir=\"ltr\" data-wpcf7-id=\"36538\">\n<div class=\"screen-reader-response\"><p role=\"status\" aria-live=\"polite\" aria-atomic=\"true\"><\/p> <ul><\/ul><\/div>\n<form action=\"\/cs\/wp-json\/wp\/v2\/product\/34389#wpcf7-f36538-o1\" method=\"post\" class=\"wpcf7-form init\" aria-label=\"Kontaktn\u00ed formul\u00e1\u0159\" novalidate=\"novalidate\" data-status=\"init\">\n<fieldset class=\"hidden-fields-container\"><input type=\"hidden\" name=\"_wpcf7\" value=\"36538\" \/><input type=\"hidden\" name=\"_wpcf7_version\" value=\"6.1.5\" \/><input type=\"hidden\" name=\"_wpcf7_locale\" value=\"cs_CZ\" \/><input type=\"hidden\" name=\"_wpcf7_unit_tag\" value=\"wpcf7-f36538-o1\" \/><input type=\"hidden\" name=\"_wpcf7_container_post\" value=\"0\" \/><input type=\"hidden\" name=\"_wpcf7_posted_data_hash\" value=\"\" \/><input type=\"hidden\" name=\"_wpcf7dtx_version\" value=\"5.0.5\" \/><input type=\"hidden\" name=\"_wpcf7_recaptcha_response\" value=\"\" \/>\n<\/fieldset>\n<h3 class=\"heading\">  Dotaz <label class=\"wpcf7-form-control wpcf7-label wpcf7dtx wpcf7dtx-label\" for=\"SMaRT - Syst\u00e9m monitorov\u00e1n\u00ed a hl\u00e1\u0161en\u00ed provoz\u016f\">SMaRT - Syst\u00e9m monitorov\u00e1n\u00ed a hl\u00e1\u0161en\u00ed provoz\u016f<\/label><span class=\"wpcf7-form-control-wrap dynamic_hidden-post-title\" data-name=\"dynamic_hidden-post-title\"><input type=\"hidden\" name=\"dynamic_hidden-post-title\" class=\"wpcf7-form-control wpcf7-hidden wpcf7dtx wpcf7dtx-hidden\" aria-invalid=\"false\" value=\"SMaRT - Syst\u00e9m monitorov\u00e1n\u00ed a hl\u00e1\u0161en\u00ed provoz\u016f\"><\/span><\/h3>\n\n<label>  N\u00e1zev\n    <span class=\"wpcf7-form-control-wrap\" data-name=\"fullname\"><input size=\"40\" maxlength=\"400\" class=\"wpcf7-form-control wpcf7-text\" aria-invalid=\"false\" value=\"\" type=\"text\" name=\"fullname\" \/><\/span> <\/label>\n\n<label>  E-mailov\u00e1 adresa*\n    <span class=\"wpcf7-form-control-wrap\" data-name=\"email\"><input size=\"40\" maxlength=\"400\" class=\"wpcf7-form-control wpcf7-email wpcf7-validates-as-required wpcf7-text wpcf7-validates-as-email\" aria-required=\"true\" aria-invalid=\"false\" value=\"\" type=\"email\" name=\"email\" \/><\/span> <\/label>\n\n<label>  Spole\u010dnost\n    <span class=\"wpcf7-form-control-wrap\" data-name=\"unternehmen\"><input size=\"40\" maxlength=\"400\" class=\"wpcf7-form-control wpcf7-text\" aria-invalid=\"false\" value=\"\" type=\"text\" name=\"unternehmen\" \/><\/span> <\/label>\n\n<label>  Va\u0161e zpr\u00e1va*\n    <span class=\"wpcf7-form-control-wrap\" data-name=\"nachricht\"><textarea cols=\"40\" rows=\"10\" maxlength=\"2000\" class=\"wpcf7-form-control wpcf7-textarea wpcf7-validates-as-required\" aria-required=\"true\" aria-invalid=\"false\" name=\"nachricht\"><\/textarea><\/span> <\/label>\n\n<span class=\"wpcf7-form-control-wrap dynamic_hidden_page_url\" data-name=\"dynamic_hidden_page_url\"><input type=\"hidden\" name=\"dynamic_hidden_page_url\" class=\"wpcf7-form-control wpcf7-hidden wpcf7dtx wpcf7dtx-hidden\" aria-invalid=\"false\" value=\"https:\/\/www.westcam-group.com\/cs\/wp-json\/wp\/v2\/product\/34389\"><\/span>\n\n<input class=\"wpcf7-form-control wpcf7-submit has-spinner\" type=\"submit\" value=\"Odeslat\" \/>\n\n[odpov\u011b\u010f]<div class=\"wpcf7-response-output\" aria-hidden=\"true\"><\/div>\n<\/form>\n<\/div>\n\n<\/div>\n\n\n\n<div id=\"ansprechpartner\" class=\"wp-block-group has-base-2-background-color has-background has-global-padding is-layout-constrained wp-container-core-group-is-layout-16946a23 wp-block-group-is-layout-constrained\" style=\"margin-top:0;margin-bottom:0;padding-top:var(--wp--preset--spacing--30);padding-right:var(--wp--preset--spacing--30);padding-bottom:var(--wp--preset--spacing--30);padding-left:var(--wp--preset--spacing--30)\">\n<div class=\"wp-block-group has-base-2-background-color has-background has-global-padding is-layout-constrained wp-container-core-group-is-layout-19e250f3 wp-block-group-is-layout-constrained\">\n<h2 class=\"wp-block-heading\" style=\"text-transform:none\">R\u00e1di jsme tu pro v\u00e1s<\/h2>\n<\/div>\n\n\n<div class=\"wp-block-webx-blocks-westcam-employee-display\">\n    <div class=\"employee-image\">\n        <img decoding=\"async\" src=\"https:\/\/www.westcam-group.com\/wp-content\/uploads\/2022\/02\/Harald.Unterrainer.CEO_.png\" alt=Harald Unterrainer \/>\n    <\/div>\n    <div class=\"employee-info\">\n        <div class=\"heading-h3\">Harald Unterrainer<\/div>\n        <div class=\"heading-h5 is-style-westcamized\">Gener\u00e1ln\u00ed \u0159editel WESTCAM Technologies GmbH<\/div>\n    <\/div>\n    <div class=\"employee-social\">\n        <div class=\"icons\">\n                        <a href=https:\/\/www.linkedin.com\/in\/mag-harald-unterrainer-mba-cse-b0829214\/ title=\"Harald Unterrainer on linkedIn\"\n                target=\"_blank\" rel=\"noopener noreferrer\">\n                <?xml version=\"1.0\" encoding=\"UTF-8\" standalone=\"no\"?>\n                <!DOCTYPE svg PUBLIC \"-\/\/W3C\/\/DTD SVG 1.1\/\/EN\" \"http:\/\/www.w3.org\/Graphics\/SVG\/1.1\/DTD\/svg11.dtd\"><svg\n                    width=\"100%\" height=\"100%\" viewBox=\"0 0 248 204\" version=\"1.1\" xmlns=\"http:\/\/www.w3.org\/2000\/svg\"\n                    xmlns:xlink=\"http:\/\/www.w3.org\/1999\/xlink\" xml:space=\"preserve\" xmlns:serif=\"http:\/\/www.serif.com\/\"\n                    style=\"fill-rule:evenodd;clip-rule:evenodd;stroke-linejoin:round;stroke-miterlimit:2;\">\n                    <path\n                        d=\"M226,204l-41.916,0l0,-71.392c0,-19.573 -7.437,-30.512 -22.93,-30.512c-16.854,0 -25.659,11.383 -25.659,30.512l-0,71.392l-40.395,0l-0,-136l40.395,-0l-0,18.319c-0,0 12.146,-22.474 41.006,-22.474c28.847,-0 49.499,17.616 49.499,54.048l0,86.107Zm-179.091,-153.808c-13.759,-0 -24.909,-11.237 -24.909,-25.096c0,-13.859 11.15,-25.096 24.909,-25.096c13.759,-0 24.902,11.237 24.902,25.096c0,13.859 -11.143,25.096 -24.902,25.096Zm-20.858,153.808l42.121,0l0,-136l-42.121,-0l-0,136Z\" \/>\n                <\/svg>\n            <\/a>\n                                    <a href=\"\/vcard\/33808\" title=\"Download vCard\"\n                class=\"vcard-button\">\n                <svg xmlns=\"http:\/\/www.w3.org\/2000\/svg\" width=\"32.143\" height=\"25\" viewBox=\"0 0 32.143 25\">\n                    <path id=\"address-card-solid\"\n                        d=\"M3.571,32A3.575,3.575,0,0,0,0,35.571V53.429A3.575,3.575,0,0,0,3.571,57h25a3.575,3.575,0,0,0,3.571-3.571V35.571A3.575,3.575,0,0,0,28.571,32ZM8.036,46.286h3.571a4.463,4.463,0,0,1,4.464,4.464.9.9,0,0,1-.893.893H4.464a.9.9,0,0,1-.893-.893A4.463,4.463,0,0,1,8.036,46.286ZM6.25,40.929A3.571,3.571,0,1,1,9.821,44.5,3.571,3.571,0,0,1,6.25,40.929Zm14.286-1.786h7.143a.893.893,0,0,1,0,1.786H20.536a.893.893,0,0,1,0-1.786Zm0,3.571h7.143a.893.893,0,0,1,0,1.786H20.536a.893.893,0,0,1,0-1.786Zm0,3.571h7.143a.893.893,0,0,1,0,1.786H20.536a.893.893,0,0,1,0-1.786Z\"\n                        transform=\"translate(0 -32)\" fill=\"#111\" \/>\n                <\/svg>\n            <\/a>\n        <\/div>\n    <\/div>\n    <div class=\"employee-contact\">\n                <a href=\"tel:+43 5223 55509 132\">\n            <div class=\" employee-phone\">\n                <svg xmlns=\"http:\/\/www.w3.org\/2000\/svg\" width=\"32\" height=\"32\" viewBox=\"0 0 32 32\">\n                    <path id=\"phone\"\n                        d=\"M6.529,4h7.059l3.529,8.824-4.412,2.647a19.412,19.412,0,0,0,8.824,8.824l2.647-4.412L33,23.412v7.059A3.529,3.529,0,0,1,29.471,34,28.235,28.235,0,0,1,3,7.529,3.529,3.529,0,0,1,6.529,4\"\n                        transform=\"translate(-2 -3)\" fill=\"none\" stroke=\"#111\" stroke-linecap=\"round\"\n                        stroke-linejoin=\"round\" stroke-width=\"2\" \/>\n                <\/svg>\n\n                +43 5223 55509 132\n            <\/div>\n        <\/a>\n                                <a href=\"mailto:harald.unterrainer@westcam.at\">\n            <div class=\" employee-email\">\n                <svg xmlns=\"http:\/\/www.w3.org\/2000\/svg\" width=\"32.773\" height=\"25.333\" viewBox=\"0 0 32.773 25.333\">\n                    <g id=\"mail\" transform=\"translate(1.387 1)\">\n                        <rect id=\"Rechteck_11\" data-name=\"Rechteck 11\" width=\"30\" height=\"23.333\" rx=\"2\" fill=\"none\"\n                            stroke=\"#111\" stroke-linecap=\"round\" stroke-linejoin=\"round\" stroke-width=\"2\" \/>\n                        <path id=\"Pfad_100\" data-name=\"Pfad 100\" d=\"M3,7,18,17,33,7\" transform=\"translate(-3 -3.667)\"\n                            fill=\"none\" stroke=\"#111\" stroke-linecap=\"round\" stroke-linejoin=\"round\" stroke-width=\"2\" \/>\n                    <\/g>\n                <\/svg>\n                harald.unterrainer@westcam.at\n            <\/div>\n        <\/a>\n        \n\n\n    <\/div>\n        <div class=\"employee-callback wp-block-button is-style-outline\">\n        <a href=\"\/anfrage\/\"\n            class=\"wp-block-button__link wp-element-button\">zeptat se<\/a>\n    <\/div>\n    <\/div><\/div>\n<\/div>\n","protected":false},"excerpt":{"rendered":"<p>Sledov\u00e1n\u00ed stavu, v\u00fdkonu a v\u00fdrobn\u00edch v\u00fdsledk\u016f va\u0161ich stroj\u016f, syst\u00e9m\u016f a za\u0159\u00edzen\u00ed.<\/p>\n","protected":false},"author":2,"featured_media":19634,"parent":34384,"menu_order":5,"comment_status":"closed","ping_status":"closed","template":"","meta":{"content-type":"","footnotes":""},"competence":[2803],"class_list":["post-34389","product","type-product","status-publish","has-post-thumbnail","hentry","competence-automatisierungsloesungen-cs"],"_links":{"self":[{"href":"https:\/\/www.westcam-group.com\/cs\/wp-json\/wp\/v2\/product\/34389","targetHints":{"allow":["GET"]}}],"collection":[{"href":"https:\/\/www.westcam-group.com\/cs\/wp-json\/wp\/v2\/product"}],"about":[{"href":"https:\/\/www.westcam-group.com\/cs\/wp-json\/wp\/v2\/types\/product"}],"author":[{"embeddable":true,"href":"https:\/\/www.westcam-group.com\/cs\/wp-json\/wp\/v2\/users\/2"}],"replies":[{"embeddable":true,"href":"https:\/\/www.westcam-group.com\/cs\/wp-json\/wp\/v2\/comments?post=34389"}],"version-history":[{"count":6,"href":"https:\/\/www.westcam-group.com\/cs\/wp-json\/wp\/v2\/product\/34389\/revisions"}],"predecessor-version":[{"id":38434,"href":"https:\/\/www.westcam-group.com\/cs\/wp-json\/wp\/v2\/product\/34389\/revisions\/38434"}],"up":[{"embeddable":true,"href":"https:\/\/www.westcam-group.com\/cs\/wp-json\/wp\/v2\/product\/34384"}],"wp:featuredmedia":[{"embeddable":true,"href":"https:\/\/www.westcam-group.com\/cs\/wp-json\/wp\/v2\/media\/19634"}],"wp:attachment":[{"href":"https:\/\/www.westcam-group.com\/cs\/wp-json\/wp\/v2\/media?parent=34389"}],"wp:term":[{"taxonomy":"competence","embeddable":true,"href":"https:\/\/www.westcam-group.com\/cs\/wp-json\/wp\/v2\/competence?post=34389"}],"curies":[{"name":"wp","href":"https:\/\/api.w.org\/{rel}","templated":true}]}}