{"id":34384,"date":"2024-04-24T10:06:17","date_gmt":"2024-04-24T08:06:17","guid":{"rendered":"https:\/\/www.westcam-group.com\/produkte\/mechatronika-robotika\/automatizacni-reseni\/"},"modified":"2025-04-29T16:46:38","modified_gmt":"2025-04-29T14:46:38","slug":"automatizacni-reseni","status":"publish","type":"product","link":"https:\/\/www.westcam-group.com\/cs\/produkty\/mechatronika-robotika\/automatizacni-reseni\/","title":{"rendered":"Automatiza\u010dn\u00ed \u0159e\u0161en\u00ed"},"content":{"rendered":"\n<div class=\"wp-block-group alignfull has-global-padding is-layout-constrained wp-block-group-is-layout-constrained\">\n<div class=\"wp-block-webx-blocks-westcam-hero alignfull ltr\" style=\"margin-top:var(--wp--preset--spacing--50);margin-bottom:var(--wp--preset--spacing--50)\"><div class=\"hero-image\" style=\"--aspect-ratio:4 \/ 3\"> <img decoding=\"async\" srcset=\"https:\/\/www.westcam-group.com\/wp-content\/uploads\/2024\/09\/westcam-7-icon-mechatronik-robotik-150x150.png 150w, https:\/\/www.westcam-group.com\/wp-content\/uploads\/2024\/09\/westcam-7-icon-mechatronik-robotik-300x300.png 300w, https:\/\/www.westcam-group.com\/wp-content\/uploads\/2024\/09\/westcam-7-icon-mechatronik-robotik-1024x1024.png 1024w, https:\/\/www.westcam-group.com\/wp-content\/uploads\/2024\/09\/westcam-7-icon-mechatronik-robotik.png 1181w, https:\/\/www.westcam-group.com\/wp-content\/uploads\/2024\/09\/westcam-7-icon-mechatronik-robotik-900x900.png 900w, https:\/\/www.westcam-group.com\/wp-content\/uploads\/2024\/09\/westcam-7-icon-mechatronik-robotik-600x600.png 600w\" src=\"https:\/\/www.westcam-group.com\/wp-content\/uploads\/2024\/09\/westcam-7-icon-mechatronik-robotik.png\" alt=\"\"\/><\/div><div class=\"hero-placeholder\"><\/div>\n<div class=\"wp-block-group hero-content is-layout-flow wp-block-group-is-layout-flow\">\n<div class=\"wp-block-webx-blocks-fake-heading heading-h4 hero-subtitle is-style-westcamized\" style=\"text-transform:none\">V\u00fdkonn\u00e1 automatizace &#8211; individu\u00e1ln\u00ed p\u0159izp\u016fsoben\u00ed<\/div>\n\n\n<h1 style=\"text-transform:none; margin-top:0;margin-bottom:0;\" class=\"wp-block-post-title\">Automatiza\u010dn\u00ed \u0159e\u0161en\u00ed<\/h1>\n\n\n<p><br\/><strong>Optimalizujte v\u00fdrobn\u00ed procesy pomoc\u00ed komplexn\u00edch automatiza\u010dn\u00edch \u0159e\u0161en\u00ed.  <\/strong><br\/><br\/>WESTCAM Technologies &#8211; v\u00e1\u0161 partner pro kompletn\u00ed \u0159e\u0161en\u00ed v oblasti automatizace na m\u00edru.<\/p>\n\n\n\n<p>Na\u0161e <strong>odborn\u00e9 znalosti<\/strong> se jednozna\u010dn\u011b zam\u011b\u0159uj\u00ed na automatizaci, mechatroniku, robotiku, v\u00fdvoj softwaru, zpracov\u00e1n\u00ed obrazu a um\u011blou inteligenci.<\/p>\n\n\n\n<p>Na\u0161e s\u00edla spo\u010d\u00edv\u00e1 v <strong>\u0159e\u0161en\u00edch na m\u00edru,<\/strong> kter\u00e1 vyv\u00edj\u00edme p\u0159\u00edmo u v\u00e1s, vyr\u00e1b\u00edme je na kl\u00ed\u010d a \u00fasp\u011b\u0161n\u011b implementujeme ve va\u0161ich prostor\u00e1ch.<\/p>\n\n\n\n<p><strong>Mezioborov\u00e1 spolupr\u00e1ce mezi<\/strong> jednotliv\u00fdmi odborn\u00fdmi oblastmi umo\u017e\u0148uje realizovat individualizovan\u00e9 automatiza\u010dn\u00ed syst\u00e9my na nejvy\u0161\u0161\u00ed \u00farovni.<\/p>\n<\/div>\n<\/div>\n<\/div>\n\n<h2 class=\"wp-block-heading\" style=\"text-transform:none\">Na\u0161e nab\u00eddka pro v\u00e1s<\/h2>\n<div style=\"margin-top:var(--wp--preset--spacing--30);margin-bottom:var(--wp--preset--spacing--50);\" class=\"wp-block-webx-post-list-webx-post-list wp-block-webx-post-list-webx-post-list\" data-listid=\"94338\">\n    <script class=\"webx-filter-list-config\" type=\"application\/json\">{\"postType\":\"product\",\"enableParentPost\":true,\"displayGrid\":true,\"subTitle\":\"product_category\",\"fieldOne\":\"product_category\",\"fieldTwo\":\"product_category\",\"className\":\"wp-block-webx-post-list-webx-post-list\",\"style\":{\"spacing\":{\"margin\":{\"top\":\"var:preset|spacing|30\",\"bottom\":\"var:preset|spacing|50\"}}},\"compactGrid\":false,\"language\":\"en\",\"listId\":94338,\"postId\":34384}<\/script>\n    <div class=\"webx-post-list\" data-listid=\"94338\"><\/div>\n    \n<div>\n<div class=\"wp-block-webx-post-list-webx-filters\"><div><\/div><\/div>\n<\/div>\n<\/div>","protected":false},"excerpt":{"rendered":"<p>Optimalizace v\u00fdrobn\u00edch proces\u016f pomoc\u00ed komplexn\u00edch automatiza\u010dn\u00edch \u0159e\u0161en\u00ed.<\/p>\n","protected":false},"author":2,"featured_media":20013,"parent":5254,"menu_order":5,"comment_status":"closed","ping_status":"closed","template":"","meta":{"content-type":"","footnotes":""},"competence":[2803],"class_list":["post-34384","product","type-product","status-publish","has-post-thumbnail","hentry","competence-automatisierungsloesungen-cs"],"_links":{"self":[{"href":"https:\/\/www.westcam-group.com\/cs\/wp-json\/wp\/v2\/product\/34384","targetHints":{"allow":["GET"]}}],"collection":[{"href":"https:\/\/www.westcam-group.com\/cs\/wp-json\/wp\/v2\/product"}],"about":[{"href":"https:\/\/www.westcam-group.com\/cs\/wp-json\/wp\/v2\/types\/product"}],"author":[{"embeddable":true,"href":"https:\/\/www.westcam-group.com\/cs\/wp-json\/wp\/v2\/users\/2"}],"replies":[{"embeddable":true,"href":"https:\/\/www.westcam-group.com\/cs\/wp-json\/wp\/v2\/comments?post=34384"}],"version-history":[{"count":3,"href":"https:\/\/www.westcam-group.com\/cs\/wp-json\/wp\/v2\/product\/34384\/revisions"}],"predecessor-version":[{"id":38433,"href":"https:\/\/www.westcam-group.com\/cs\/wp-json\/wp\/v2\/product\/34384\/revisions\/38433"}],"up":[{"embeddable":true,"href":"https:\/\/www.westcam-group.com\/cs\/wp-json\/wp\/v2\/product\/5254"}],"wp:featuredmedia":[{"embeddable":true,"href":"https:\/\/www.westcam-group.com\/cs\/wp-json\/wp\/v2\/media\/20013"}],"wp:attachment":[{"href":"https:\/\/www.westcam-group.com\/cs\/wp-json\/wp\/v2\/media?parent=34384"}],"wp:term":[{"taxonomy":"competence","embeddable":true,"href":"https:\/\/www.westcam-group.com\/cs\/wp-json\/wp\/v2\/competence?post=34384"}],"curies":[{"name":"wp","href":"https:\/\/api.w.org\/{rel}","templated":true}]}}