{"id":34366,"date":"2024-04-24T09:42:35","date_gmt":"2024-04-24T07:42:35","guid":{"rendered":"https:\/\/www.westcam-group.com\/produkte\/pdm-mes\/mes-manufacturing-execution-system\/"},"modified":"2026-02-12T09:07:55","modified_gmt":"2026-02-12T08:07:55","slug":"mes-manufacturing-execution-system","status":"publish","type":"product","link":"https:\/\/www.westcam-group.com\/cs\/produkty\/pdm-mes\/mes-manufacturing-execution-system\/","title":{"rendered":"MES &#8211; Manufacturing Execution System"},"content":{"rendered":"\n<div class=\"wp-block-group alignfull has-global-padding is-layout-constrained wp-block-group-is-layout-constrained\">\n<div class=\"wp-block-webx-blocks-westcam-hero alignfull ltr\" style=\"margin-top:var(--wp--preset--spacing--50);margin-bottom:var(--wp--preset--spacing--50)\"><div class=\"hero-image\" style=\"--aspect-ratio:4 \/ 3\"> <img decoding=\"async\" srcset=\"https:\/\/www.westcam-group.com\/wp-content\/uploads\/2024\/09\/westcam-5-icon-pdm-mes-150x150.png 150w, https:\/\/www.westcam-group.com\/wp-content\/uploads\/2024\/09\/westcam-5-icon-pdm-mes-300x300.png 300w, https:\/\/www.westcam-group.com\/wp-content\/uploads\/2024\/09\/westcam-5-icon-pdm-mes-1024x1024.png 1024w, https:\/\/www.westcam-group.com\/wp-content\/uploads\/2024\/09\/westcam-5-icon-pdm-mes.png 1181w, https:\/\/www.westcam-group.com\/wp-content\/uploads\/2024\/09\/westcam-5-icon-pdm-mes-900x900.png 900w, https:\/\/www.westcam-group.com\/wp-content\/uploads\/2024\/09\/westcam-5-icon-pdm-mes-600x600.png 600w\" src=\"https:\/\/www.westcam-group.com\/wp-content\/uploads\/2024\/09\/westcam-5-icon-pdm-mes.png\" alt=\"\"\/><\/div><div class=\"hero-placeholder\"><\/div>\n<div class=\"wp-block-group hero-content is-layout-flow wp-block-group-is-layout-flow\">\n<div class=\"wp-block-webx-blocks-fake-heading heading-h4 hero-subtitle is-style-westcamized\" style=\"text-transform:none\">Transparentn\u00ed pl\u00e1nov\u00e1n\u00ed a \u0159\u00edzen\u00ed v\u00fdroby a v\u00fdrobn\u00edch proces\u016f<\/div>\n\n\n<h1 style=\"text-transform:none; margin-top:0;margin-bottom:0;\" class=\"wp-block-post-title\">MES &#8211; Manufacturing Execution System<\/h1>\n\n\n<p>Ve <strong>v\u00fdrob\u011b<\/strong> se pou\u017e\u00edv\u00e1 syst\u00e9m <strong>MES<\/strong> (Manufacturing Execution System). Slou\u017e\u00ed k profesion\u00e1ln\u00edmu <strong>\u0159\u00edzen\u00ed<\/strong> p\u0159em\u011bny <strong>surovin na hotov\u00e9 v\u00fdrobky<\/strong>. V \u010de\u0161tin\u011b pou\u017e\u00edv\u00e1 term\u00edn <strong>syst\u00e9m \u0159\u00edzen\u00ed v\u00fdroby<\/strong>.  <\/p>\n\n\n\n<p>Se syst\u00e9my MES od spole\u010dnosti WESTCAM<strong> <\/strong><strong>m\u016f\u017eete<\/strong> dokonale <strong>pl\u00e1novat<\/strong> <strong>a \u0159\u00eddit sv\u00e9 v\u00fdrobn\u00ed a zpracovatelsk\u00e9<\/strong> procesy.<\/p>\n\n\n\n<h5 class=\"wp-block-heading\">Efektivn\u00ed \u0159\u00edzen\u00ed proces\u016f<\/h5>\n\n\n\n<ul class=\"wp-block-list\">\n<li>Pl\u00e1nov\u00e1n\u00ed v\u00fdroby<\/li>\n\n\n\n<li>Spr\u00e1va n\u00e1stroj\u016f<\/li>\n\n\n\n<li>  Spr\u00e1va objedn\u00e1vek  <\/li>\n\n\n\n<li>Monitorov\u00e1n\u00ed v re\u00e1ln\u00e9m \u010dase (MDE, BDE)  <\/li>\n\n\n\n<li>Optimalizace procesu<\/li>\n<\/ul>\n\n\n\n<p><strong>MES<\/strong> nab\u00edz\u00ed pot\u0159ebnou <strong>transparentnost<\/strong> a <strong>flexibilitu<\/strong> pro efektivn\u00ed <strong>\u0159\u00edzen\u00ed<\/strong> a neust\u00e1l\u00e9 <strong>zlep\u0161ov\u00e1n\u00ed <\/strong><strong>proces\u016f<\/strong>.<\/p>\n<\/div>\n<\/div>\n<\/div>\n\n<h2 class=\"wp-block-heading\" style=\"text-transform:none\">Na\u0161e nab\u00eddka pro v\u00e1s<\/h2>\n<div style=\"margin-top:var(--wp--preset--spacing--30);margin-bottom:var(--wp--preset--spacing--50);\" class=\"wp-block-webx-post-list-webx-post-list wp-block-webx-post-list-webx-post-list\" data-listid=\"53920\">\n    <script class=\"webx-filter-list-config\" type=\"application\/json\">{\"postType\":\"product\",\"enableParentPost\":true,\"displayGrid\":true,\"subTitle\":\"product_category\",\"fieldOne\":\"product_category\",\"fieldTwo\":\"product_category\",\"className\":\"wp-block-webx-post-list-webx-post-list\",\"style\":{\"spacing\":{\"margin\":{\"top\":\"var:preset|spacing|30\",\"bottom\":\"var:preset|spacing|50\"}}},\"translatedWithWPMLTM\":\"1\",\"compactGrid\":false,\"language\":\"en\",\"listId\":53920,\"postId\":34366}<\/script>\n    <div class=\"webx-post-list\" data-listid=\"53920\"><\/div>\n    \n<div>\n<div class=\"wp-block-webx-post-list-webx-filters\"><div\/><\/div>\n<\/div>\n<\/div>","protected":false},"excerpt":{"rendered":"<p>Na\u0161e nab\u00eddka pro v\u00e1s<\/p>\n","protected":false},"author":2,"featured_media":20195,"parent":5262,"menu_order":5,"comment_status":"closed","ping_status":"closed","template":"","meta":{"content-type":"","footnotes":""},"competence":[2790,2811],"class_list":["post-34366","product","type-product","status-publish","has-post-thumbnail","hentry","competence-erweiterungen-cs","competence-mes-manufacturing-execution-system-cs"],"_links":{"self":[{"href":"https:\/\/www.westcam-group.com\/cs\/wp-json\/wp\/v2\/product\/34366","targetHints":{"allow":["GET"]}}],"collection":[{"href":"https:\/\/www.westcam-group.com\/cs\/wp-json\/wp\/v2\/product"}],"about":[{"href":"https:\/\/www.westcam-group.com\/cs\/wp-json\/wp\/v2\/types\/product"}],"author":[{"embeddable":true,"href":"https:\/\/www.westcam-group.com\/cs\/wp-json\/wp\/v2\/users\/2"}],"replies":[{"embeddable":true,"href":"https:\/\/www.westcam-group.com\/cs\/wp-json\/wp\/v2\/comments?post=34366"}],"version-history":[{"count":6,"href":"https:\/\/www.westcam-group.com\/cs\/wp-json\/wp\/v2\/product\/34366\/revisions"}],"predecessor-version":[{"id":43865,"href":"https:\/\/www.westcam-group.com\/cs\/wp-json\/wp\/v2\/product\/34366\/revisions\/43865"}],"up":[{"embeddable":true,"href":"https:\/\/www.westcam-group.com\/cs\/wp-json\/wp\/v2\/product\/5262"}],"wp:featuredmedia":[{"embeddable":true,"href":"https:\/\/www.westcam-group.com\/cs\/wp-json\/wp\/v2\/media\/20195"}],"wp:attachment":[{"href":"https:\/\/www.westcam-group.com\/cs\/wp-json\/wp\/v2\/media?parent=34366"}],"wp:term":[{"taxonomy":"competence","embeddable":true,"href":"https:\/\/www.westcam-group.com\/cs\/wp-json\/wp\/v2\/competence?post=34366"}],"curies":[{"name":"wp","href":"https:\/\/api.w.org\/{rel}","templated":true}]}}