{"id":34362,"date":"2024-04-24T09:05:43","date_gmt":"2024-04-24T07:05:43","guid":{"rendered":"https:\/\/www.westcam-group.com\/produkte\/3d-skenovani\/"},"modified":"2025-10-20T08:11:40","modified_gmt":"2025-10-20T06:11:40","slug":"3d-skenovani","status":"publish","type":"product","link":"https:\/\/www.westcam-group.com\/cs\/produkty\/technologie-3d-mereni\/3d-skenovani\/","title":{"rendered":"3D skenov\u00e1n\u00ed"},"content":{"rendered":"\n<div class=\"wp-block-group alignfull has-global-padding is-layout-constrained wp-block-group-is-layout-constrained\">\n<div class=\"wp-block-webx-blocks-westcam-hero alignfull ltr\" style=\"margin-top:var(--wp--preset--spacing--50);margin-bottom:var(--wp--preset--spacing--50)\"><div class=\"hero-image\" style=\"--aspect-ratio:4 \/ 3\"> <img decoding=\"async\" srcset=\"https:\/\/www.westcam-group.com\/wp-content\/uploads\/2024\/09\/westcam-4-icon-3d-messtechnik-150x150.png 150w, https:\/\/www.westcam-group.com\/wp-content\/uploads\/2024\/09\/westcam-4-icon-3d-messtechnik-300x300.png 300w, https:\/\/www.westcam-group.com\/wp-content\/uploads\/2024\/09\/westcam-4-icon-3d-messtechnik-1024x1024.png 1024w, https:\/\/www.westcam-group.com\/wp-content\/uploads\/2024\/09\/westcam-4-icon-3d-messtechnik.png 1181w, https:\/\/www.westcam-group.com\/wp-content\/uploads\/2024\/09\/westcam-4-icon-3d-messtechnik-900x900.png 900w, https:\/\/www.westcam-group.com\/wp-content\/uploads\/2024\/09\/westcam-4-icon-3d-messtechnik-600x600.png 600w\" src=\"https:\/\/www.westcam-group.com\/wp-content\/uploads\/2024\/09\/westcam-4-icon-3d-messtechnik.png\" alt=\"\"\/><\/div><div class=\"hero-placeholder\"><\/div>\n<div class=\"wp-block-group hero-content is-layout-flow wp-block-group-is-layout-flow\">\n<div class=\"wp-block-webx-blocks-fake-heading heading-h4 hero-subtitle is-style-westcamized\" style=\"text-transform:none\">Rychl\u00e1 digitalizace<\/div>\n\n\n<h1 style=\"text-transform:none; margin-top:0;margin-bottom:0;\" class=\"wp-block-post-title\">3D skenov\u00e1n\u00ed<\/h1>\n\n\n<p><strong>Na\u0161e vysoce v\u00fdkonn\u00e1 3D skenovac\u00ed \u0159e\u0161en\u00ed zachycuj\u00ed objekty rychle a detailn\u011b. S na\u0161imi vysoce v\u00fdkonn\u00fdmi 3D skenovac\u00edmi \u0159e\u0161en\u00edmi jste je\u0161t\u011b nikdy nezachytili objekty rychle a detailn\u011b. Vytvo\u0159en\u00ed digit\u00e1ln\u00edho dvoj\u010dete nebylo nikdy tak snadn\u00e9.    <\/strong><\/p>\n\n\n\n<p>Tato technologie je ide\u00e1ln\u00ed pro \u00falohy reverzn\u00edho in\u017een\u00fdrstv\u00ed, kdy je t\u0159eba vytvo\u0159it data CAD ze st\u00e1vaj\u00edc\u00edch komponent. Mezi dal\u0161\u00ed oblasti pou\u017eit\u00ed pat\u0159\u00ed: kontrola kvality cel\u00e9ho povrchu pro kontrolu geometrick\u00e9 rozm\u011brov\u00e9 p\u0159esnosti, sn\u00edm\u00e1n\u00ed geometrie pro \u00fa\u010dely reprodukce pomoc\u00ed 3D tisku nebo jin\u00fdch v\u00fdrobn\u00edch proces\u016f, digit\u00e1ln\u00ed archivace um\u011bleck\u00fdch nebo architektonick\u00fdch model\u016f, v\u00fdpo\u010dty metodou kone\u010dn\u00fdch prvk\u016f na re\u00e1ln\u00fdch geometri\u00edch a mnoho dal\u0161\u00edho. <\/p>\n\n\n\n<p>Velikost m\u011b\u0159en\u00fdch sou\u010d\u00e1st\u00ed se pohybuje od n\u011bkolika milimetr\u016f a\u017e po n\u011bkolik metr\u016f.<\/p>\n\n\n\n<p>Vyzkou\u0161ejte si v\u0161estrannost 3D skenov\u00e1n\u00ed.<\/p>\n<\/div>\n<\/div>\n<\/div>\n\n<div class=\"wp-block-columns is-layout-flex wp-container-core-columns-is-layout-28f84493 wp-block-columns-is-layout-flex\">\n<div class=\"wp-block-column is-layout-flow wp-block-column-is-layout-flow\">\n<figure class=\"wp-block-image size-large is-resized\"><img loading=\"lazy\" decoding=\"async\" width=\"1024\" height=\"378\" src=\"https:\/\/www.westcam-group.com\/wp-content\/uploads\/2024\/04\/zeiss-HOM-logo-white-rgb-1024x378.png\" alt=\"\" class=\"wp-image-41182\" style=\"width:500px\" srcset=\"https:\/\/www.westcam-group.com\/wp-content\/uploads\/2024\/04\/zeiss-HOM-logo-white-rgb-1024x378.png 1024w, https:\/\/www.westcam-group.com\/wp-content\/uploads\/2024\/04\/zeiss-HOM-logo-white-rgb-300x111.png 300w, https:\/\/www.westcam-group.com\/wp-content\/uploads\/2024\/04\/zeiss-HOM-logo-white-rgb-768x283.png 768w, https:\/\/www.westcam-group.com\/wp-content\/uploads\/2024\/04\/zeiss-HOM-logo-white-rgb-1536x567.png 1536w, https:\/\/www.westcam-group.com\/wp-content\/uploads\/2024\/04\/zeiss-HOM-logo-white-rgb-2048x756.png 2048w, https:\/\/www.westcam-group.com\/wp-content\/uploads\/2024\/04\/zeiss-HOM-logo-white-rgb-1626x600.png 1626w\" sizes=\"auto, (max-width: 1024px) 100vw, 1024px\" \/><\/figure>\n<\/div>\n\n\n\n<div class=\"wp-block-column is-layout-flow wp-block-column-is-layout-flow\">\n<figure class=\"wp-block-image size-full is-resized\"><img loading=\"lazy\" decoding=\"async\" width=\"570\" height=\"207\" src=\"https:\/\/www.westcam-group.com\/wp-content\/uploads\/2024\/04\/ZEISSCertifiedMetrologyPartner.jpg\" alt=\"\" class=\"wp-image-21005\" style=\"width:500px\" srcset=\"https:\/\/www.westcam-group.com\/wp-content\/uploads\/2024\/04\/ZEISSCertifiedMetrologyPartner.jpg 570w, https:\/\/www.westcam-group.com\/wp-content\/uploads\/2024\/04\/ZEISSCertifiedMetrologyPartner-300x109.jpg 300w\" sizes=\"auto, (max-width: 570px) 100vw, 570px\" \/><\/figure>\n<\/div>\n<\/div>\n\n<h2 class=\"wp-block-heading\" style=\"text-transform:none\">Na\u0161e nab\u00eddka pro v\u00e1s<\/h2>\n<div style=\"margin-top:var(--wp--preset--spacing--30);margin-bottom:var(--wp--preset--spacing--50);\" class=\"wp-block-webx-post-list-webx-post-list wp-block-webx-post-list-webx-post-list\" data-listid=\"24141\">\n    <script class=\"webx-filter-list-config\" type=\"application\/json\">{\"postType\":\"product\",\"enableParentPost\":true,\"displayGrid\":true,\"subTitle\":\"product_category\",\"fieldOne\":\"product_category\",\"fieldTwo\":\"product_category\",\"className\":\"wp-block-webx-post-list-webx-post-list\",\"style\":{\"spacing\":{\"margin\":{\"top\":\"var:preset|spacing|30\",\"bottom\":\"var:preset|spacing|50\"}}},\"compactGrid\":false,\"language\":\"en\",\"listId\":24141,\"postId\":34362}<\/script>\n    <div class=\"webx-post-list\" data-listid=\"24141\"><\/div>\n    \n<div>\n<div class=\"wp-block-webx-post-list-webx-filters\"><div><\/div><\/div>\n<\/div>\n<\/div>","protected":false},"excerpt":{"rendered":"<p>Na\u0161e vysoce v\u00fdkonn\u00e1 3D skenovac\u00ed \u0159e\u0161en\u00ed zachycuj\u00ed objekty rychle a detailn\u011b. Vytvo\u0159en\u00ed digit\u00e1ln\u00edho dvoj\u010dete nebylo nikdy tak snadn\u00e9. <\/p>\n","protected":false},"author":2,"featured_media":15260,"parent":34742,"menu_order":5,"comment_status":"closed","ping_status":"closed","template":"","meta":{"content-type":"","footnotes":""},"competence":[2738],"class_list":["post-34362","product","type-product","status-publish","has-post-thumbnail","hentry","competence-3d-scanning-cs"],"_links":{"self":[{"href":"https:\/\/www.westcam-group.com\/cs\/wp-json\/wp\/v2\/product\/34362","targetHints":{"allow":["GET"]}}],"collection":[{"href":"https:\/\/www.westcam-group.com\/cs\/wp-json\/wp\/v2\/product"}],"about":[{"href":"https:\/\/www.westcam-group.com\/cs\/wp-json\/wp\/v2\/types\/product"}],"author":[{"embeddable":true,"href":"https:\/\/www.westcam-group.com\/cs\/wp-json\/wp\/v2\/users\/2"}],"replies":[{"embeddable":true,"href":"https:\/\/www.westcam-group.com\/cs\/wp-json\/wp\/v2\/comments?post=34362"}],"version-history":[{"count":4,"href":"https:\/\/www.westcam-group.com\/cs\/wp-json\/wp\/v2\/product\/34362\/revisions"}],"predecessor-version":[{"id":41900,"href":"https:\/\/www.westcam-group.com\/cs\/wp-json\/wp\/v2\/product\/34362\/revisions\/41900"}],"up":[{"embeddable":true,"href":"https:\/\/www.westcam-group.com\/cs\/wp-json\/wp\/v2\/product\/34742"}],"wp:featuredmedia":[{"embeddable":true,"href":"https:\/\/www.westcam-group.com\/cs\/wp-json\/wp\/v2\/media\/15260"}],"wp:attachment":[{"href":"https:\/\/www.westcam-group.com\/cs\/wp-json\/wp\/v2\/media?parent=34362"}],"wp:term":[{"taxonomy":"competence","embeddable":true,"href":"https:\/\/www.westcam-group.com\/cs\/wp-json\/wp\/v2\/competence?post=34362"}],"curies":[{"name":"wp","href":"https:\/\/api.w.org\/{rel}","templated":true}]}}