{"id":34348,"date":"2024-04-24T08:22:02","date_gmt":"2024-04-24T06:22:02","guid":{"rendered":"https:\/\/www.westcam-group.com\/produkte\/cam\/frezovani\/"},"modified":"2025-03-20T15:56:05","modified_gmt":"2025-03-20T14:56:05","slug":"frezovani","status":"publish","type":"product","link":"https:\/\/www.westcam-group.com\/cs\/produkty\/cam\/frezovani\/","title":{"rendered":"Fr\u00e9zov\u00e1n\u00ed"},"content":{"rendered":"\n<div class=\"wp-block-group alignfull has-global-padding is-layout-constrained wp-block-group-is-layout-constrained\">\n<div class=\"wp-block-webx-blocks-westcam-hero alignfull ltr\" style=\"margin-top:var(--wp--preset--spacing--50);margin-bottom:var(--wp--preset--spacing--50)\"><div class=\"hero-image\" style=\"--aspect-ratio:4 \/ 3\"> <img decoding=\"async\" srcset=\"https:\/\/www.westcam-group.com\/wp-content\/uploads\/2024\/09\/westcam-3-icon-cam-cnc-150x150.png 150w, https:\/\/www.westcam-group.com\/wp-content\/uploads\/2024\/09\/westcam-3-icon-cam-cnc-300x300.png 300w, https:\/\/www.westcam-group.com\/wp-content\/uploads\/2024\/09\/westcam-3-icon-cam-cnc-1024x1024.png 1024w, https:\/\/www.westcam-group.com\/wp-content\/uploads\/2024\/09\/westcam-3-icon-cam-cnc.png 1181w, https:\/\/www.westcam-group.com\/wp-content\/uploads\/2024\/09\/westcam-3-icon-cam-cnc-900x900.png 900w, https:\/\/www.westcam-group.com\/wp-content\/uploads\/2024\/09\/westcam-3-icon-cam-cnc-600x600.png 600w\" src=\"https:\/\/www.westcam-group.com\/wp-content\/uploads\/2024\/09\/westcam-3-icon-cam-cnc.png\" alt=\"\"\/><\/div><div class=\"hero-placeholder\"><\/div>\n<div class=\"wp-block-group hero-content is-layout-flow wp-block-group-is-layout-flow\">\n<div class=\"wp-block-webx-blocks-fake-heading heading-h4 hero-subtitle is-style-westcamized\" style=\"text-transform:none\">Portfolio fr\u00e9zovac\u00edho softwaru: Od 2,5D po p\u011btios\u00e9 obr\u00e1b\u011bn\u00ed<\/div>\n\n\n<h1 style=\"text-transform:none; margin-top:0;margin-bottom:0;\" class=\"wp-block-post-title\">Fr\u00e9zov\u00e1n\u00ed<\/h1>\n\n\n<p>Na\u0161e softwarov\u00e1 \u0159e\u0161en\u00ed CAM nab\u00edzej\u00ed komplexn\u00ed podporu pro<strong> r\u016fzn\u00e9 technologie fr\u00e9zov\u00e1n\u00ed<\/strong>, od jednoduch\u00e9ho <strong>2,5D<\/strong> obr\u00e1b\u011bn\u00ed a\u017e po slo\u017eit\u00e9 strategie <strong>p\u011btios\u00e9ho<\/strong> fr\u00e9zov\u00e1n\u00ed.<\/p>\n\n\n\n<p>To umo\u017e\u0148uje dos\u00e1hnout <strong> p\u0159esn\u00e9ho a efektivn\u00edho obr\u00e1b\u011bn\u00ed obrobk\u016f<\/strong> s r\u016fznou <strong>geometri\u00ed<\/strong> a z r\u016fzn\u00fdch <strong>materi\u00e1l\u016f<\/strong>.<br\/><br\/><strong>Zvl\u00e1\u0161t\u011b v\u00fdkonn\u00e1 softwarov\u00e1 \u0159e\u0161en\u00ed pro fr\u00e9zov\u00e1n\u00ed jsou:<\/strong><\/p>\n\n\n\n<ul class=\"wp-block-list\">\n<li><em>hyper<\/em>MILL<\/li>\n\n\n\n<li>PEPS<\/li>\n<\/ul>\n<\/div>\n<\/div>\n<\/div>\n\n<div class=\"wp-block-webx-blocks-grid is-layout-grid wp-container-webx-blocks-grid-is-layout-478b6e6b wp-block-webx-blocks-grid-is-layout-grid\" style=\"--grid-columns-desktop:1;--grid-columns-tablet:1;--grid-columns-mobile:1\">\n<div class=\"wp-block-webx-blocks-grid-item is-layout-flow wp-block-webx-blocks-grid-item-is-layout-flow\" style=\"padding-top:var(--wp--preset--spacing--10);padding-right:var(--wp--preset--spacing--10);padding-bottom:var(--wp--preset--spacing--10);padding-left:var(--wp--preset--spacing--10);--grid-area-desktop:auto \/ auto \/ auto \/ auto;--grid-area-tablet:auto \/ auto \/ auto \/ auto;--grid-area-mobile:auto \/ auto \/ auto \/ auto\">\n<h4 class=\"wp-block-heading is-style-westcamized has-medium-font-size\" style=\"text-transform:none\"><strong><em>hyper<\/em>MILL: V\u00fdkonn\u00e9 \u0159e\u0161en\u00ed CAM<\/strong><\/h4>\n\n\n\n<p>Modern\u00ed v\u00fdroba vy\u017eaduje efektivn\u00ed, p\u0159esn\u00e1 a spolehliv\u00e1 \u0159e\u0161en\u00ed. <strong><em>hyper<\/em>MILL<\/strong> tyto po\u017eadavky spl\u0148uje!<\/p>\n\n\n\n<p><strong>Software CAM<\/strong> nab\u00edz\u00ed kompletn\u00ed <strong>integraci syst\u00e9m\u016f CAD a CAM<\/strong>, co\u017e optimalizuje cel\u00fd <strong>v\u00fdrobn\u00ed proces<\/strong>. D\u00edky <strong>pokro\u010dil\u00fdm technologi\u00edm <\/strong> umo\u017e\u0148uje <strong><em>hyper<\/em>MILL<\/strong> <strong>rychlej\u0161\u00ed generov\u00e1n\u00ed drah n\u00e1stroj\u016f<\/strong> pro jednoduch\u00e9 i slo\u017eit\u00e9 sou\u010d\u00e1sti, \u010d\u00edm\u017e v\u00fdrazn\u011b zkracuje <strong>dobu obr\u00e1b\u011bn\u00ed <\/strong>na stroj\u00edch . <\/p>\n\n\n\n<p>A\u0165 u\u017e se jedn\u00e1 o <strong>2,5D, 3D, p\u011btios\u00e9 fr\u00e9zov\u00e1n\u00ed<\/strong> nebo<strong> soustru\u017een\u00ed<\/strong>, <em>hyper<\/em>MILL je <strong>nejlep\u0161\u00ed volbou<\/strong>, pokud pot\u0159ebujete b\u00fdt ve v\u00fdrob\u011b <strong>rychl\u00ed a efektivn\u00ed<\/strong> !<\/p>\n<\/div>\n<\/div>\n\n<div class=\"wp-block-group has-base-2-background-color has-background has-global-padding is-content-justification-center is-layout-constrained wp-container-core-group-is-layout-606d210a wp-block-group-is-layout-constrained\" style=\"padding-top:var(--wp--preset--spacing--30);padding-bottom:var(--wp--preset--spacing--30)\">\n<figure class=\"wp-block-embed is-type-video is-provider-youtube wp-block-embed-youtube wp-embed-aspect-16-9 wp-has-aspect-ratio\"><div class=\"wp-block-embed__wrapper\">\n<div class=\"cookieconsent-optout-marketing\">\n    Bitte  <a href=\"javascript:Cookiebot.renew()\">Marketing-Cookies akzeptieren<\/a>, um dieses Video zu laden.\n    <\/div>\n            <iframe data-cookieblock-src=\"https:\/\/www.youtube.com\/embed\/unqDuH6VBc0?feature=oembed\" data-cookieconsent=\"marketing\" title=\"Perfektion mit Vollgas: hyperMIILL &amp; YART (Yamaha Austria Racing Team)\" width=\"500\" height=\"281\"  frameborder=\"0\" allow=\"accelerometer; autoplay; clipboard-write; encrypted-media; gyroscope; picture-in-picture; web-share\" referrerpolicy=\"strict-origin-when-cross-origin\" allowfullscreen><\/iframe>\n<\/div><figcaption class=\"wp-element-caption\">YART (Yamaha Austria Racing Team) se s hyperMILL zam\u011b\u0159uje na dokonalost<\/figcaption><\/figure>\n<\/div>\n\n<div class=\"wp-block-media-text has-media-on-the-right is-stacked-on-mobile is-image-fill\"><div class=\"wp-block-media-text__content\">\n<h4 class=\"wp-block-heading\" style=\"text-transform:none\"><strong>Moduly pro individu\u00e1ln\u00ed po\u017eadavky<\/strong><\/h4>\n\n\n\n<h5 class=\"wp-block-heading has-text-align-left is-style-westcamized has-medium-font-size\" style=\"text-transform:none\"><strong>Hrubov\u00e1n\u00ed, dokon\u010dov\u00e1n\u00ed, vrt\u00e1n\u00ed<\/strong><\/h5>\n\n\n\n<p><strong>Moduly MAXX Machining<\/strong> zaji\u0161\u0165uj\u00ed vysoce efektivn\u00ed obr\u00e1b\u011bn\u00ed, kter\u00e9 p\u0159in\u00e1\u0161\u00ed zna\u010dnou <strong>\u00fasporu \u010dasu<\/strong>. Pou\u017eit \u00edm inovativn\u00edch strategi\u00ed, jako jsou trochoidn\u00ed dr\u00e1hy n\u00e1stroj\u016f, lze zkr\u00e1tit dobu obr\u00e1b\u011bn\u00ed p\u0159i <strong>hrubov\u00e1n\u00ed<\/strong> a\u017e <strong>o 75 %<\/strong>. P\u0159i <strong>dokon\u010dov\u00e1n\u00ed<\/strong> je mo\u017en\u00e9 u\u0161et\u0159it a\u017e <strong>90 % \u010dasu<\/strong>.  <\/p>\n\n\n\n<h5 class=\"wp-block-heading is-style-westcamized\" style=\"text-transform:none\">Kvalita povrchu<\/h5>\n\n\n\n<p>S <strong><em>hyper<\/em>MILL High-Precision-Machining <\/strong>m\u016f\u017eete zajistit vysoce p\u0159esn\u00e9 obr\u00e1b\u011bn\u00ed, kter\u00e9 efektivn\u011b a spolehliv\u011b vytv\u00e1\u0159\u00ed povrchy vynikaj\u00edc\u00ed kvality.<\/p>\n<\/div><figure class=\"wp-block-media-text__media\" style=\"background-image:url(https:\/\/www.westcam-group.com\/wp-content\/uploads\/2024\/04\/hyperMILL-Bottle-high-precision-machining.webp);background-position:0% 43%\"><img loading=\"lazy\" decoding=\"async\" width=\"600\" height=\"400\" src=\"https:\/\/www.westcam-group.com\/wp-content\/uploads\/2024\/04\/hyperMILL-Bottle-high-precision-machining.webp\" alt=\"\" class=\"wp-image-24477 size-full\" srcset=\"https:\/\/www.westcam-group.com\/wp-content\/uploads\/2024\/04\/hyperMILL-Bottle-high-precision-machining.webp 600w, https:\/\/www.westcam-group.com\/wp-content\/uploads\/2024\/04\/hyperMILL-Bottle-high-precision-machining-300x200.webp 300w\" sizes=\"auto, (max-width: 600px) 100vw, 600px\" \/><\/figure><\/div>\n\n<div class=\"wp-block-media-text is-stacked-on-mobile is-image-fill\"><figure class=\"wp-block-media-text__media\" style=\"background-image:url(https:\/\/www.westcam-group.com\/wp-content\/uploads\/2024\/04\/hypermill-automoation-center-plate-1024x560.jpg);background-position:50% 50%\"><img loading=\"lazy\" decoding=\"async\" width=\"1024\" height=\"560\" src=\"https:\/\/www.westcam-group.com\/wp-content\/uploads\/2024\/04\/hypermill-automoation-center-plate-1024x560.jpg\" alt=\"\" class=\"wp-image-24480 size-full\" srcset=\"https:\/\/www.westcam-group.com\/wp-content\/uploads\/2024\/04\/hypermill-automoation-center-plate-1024x560.jpg 1024w, https:\/\/www.westcam-group.com\/wp-content\/uploads\/2024\/04\/hypermill-automoation-center-plate-300x164.jpg 300w, https:\/\/www.westcam-group.com\/wp-content\/uploads\/2024\/04\/hypermill-automoation-center-plate-768x420.jpg 768w, https:\/\/www.westcam-group.com\/wp-content\/uploads\/2024\/04\/hypermill-automoation-center-plate-1536x840.jpg 1536w, https:\/\/www.westcam-group.com\/wp-content\/uploads\/2024\/04\/hypermill-automoation-center-plate-2048x1120.jpg 2048w, https:\/\/www.westcam-group.com\/wp-content\/uploads\/2024\/04\/hypermill-automoation-center-plate-1646x900.jpg 1646w, https:\/\/www.westcam-group.com\/wp-content\/uploads\/2024\/04\/hypermill-automoation-center-plate-1098x600.jpg 1098w\" sizes=\"auto, (max-width: 1024px) 100vw, 1024px\" \/><\/figure><div class=\"wp-block-media-text__content\">\n<h4 class=\"wp-block-heading is-style-westcamized\" style=\"text-transform:uppercase\">Automatizovan\u00e9 programov\u00e1n\u00ed CAM<\/h4>\n\n\n\n<p>Jednou z <strong>hlavn\u00edch v\u00fdhod <\/strong> <em>hyper<\/em>MILL jemo\u017enost<strong> automatizovan\u00e9ho programov\u00e1n\u00ed CAM<\/strong>. Tato funkce sni\u017euje mno\u017estv\u00ed <strong>ru\u010dn\u00ed pr\u00e1ce<\/strong> a v\u00fdrazn\u011b urychluje cel\u00fd proces programov\u00e1n\u00ed. D\u00edky inteligentn\u00edm automatiza\u010dn\u00edm mechanism\u016fm <strong>se opakuj\u00edc\u00ed se \u00falohy automatizuj\u00ed<\/strong> rychle a snadno, co\u017e nejen \u0161et\u0159\u00ed <strong>\u010das<\/strong>, ale tak\u00e9 minimalizuje lidsk\u00e9 <strong>chyby<\/strong>.  <\/p>\n\n\n\n<p>Program\u00e1to\u0159i se tak mohou soust\u0159edit na <strong>slo\u017eit\u011bj\u0161\u00ed \u00fakoly a z\u00e1rove\u0148<\/strong> zv\u00fd\u0161it<strong> efektivitu<\/strong>. <strong>D\u00edky bezprobl\u00e9mov\u00e9 integraci<\/strong> automatizace do pracovn\u00edho procesu je <em>hyper<\/em>MILL <strong>nepostradateln\u00fdm n\u00e1strojem<\/strong> ve va\u0161\u00ed v\u00fdrob\u011b! <\/p>\n<\/div><\/div>\n\n<div style=\"height:100px\" aria-hidden=\"true\" class=\"wp-block-spacer\"><\/div>\n\n<h4 class=\"wp-block-heading is-style-default\" style=\"text-transform:none\"><strong>Konfigurace a roz\u0161\u00ed\u0159en\u00ed<\/strong><\/h4>\n\n<div class=\"wp-block-columns is-layout-flex wp-container-core-columns-is-layout-28f84493 wp-block-columns-is-layout-flex\">\n<div class=\"wp-block-column is-layout-flow wp-block-column-is-layout-flow\">\n<h5 class=\"wp-block-heading is-style-westcamized has-medium-font-size\" style=\"text-transform:none\">Z\u00e1kladn\u00ed konfigurace<\/h5>\n\n\n\n<ul class=\"wp-block-list\">\n<li><strong><em>hyper<\/em>MILL 2,5D:<\/strong> Z\u00e1kladn\u00ed bal\u00ed\u010dek<\/li>\n\n\n\n<li><strong><em>hyper<\/em>MILL Classic: <\/strong>2,5D a 3D strategie<\/li>\n\n\n\n<li><strong><em>hyper<\/em>MILL Expert:<\/strong> 2,5D, 3D strategie roz\u0161\u00ed\u0159en\u00ed<\/li>\n<\/ul>\n<\/div>\n\n\n\n<div class=\"wp-block-column is-layout-flow wp-block-column-is-layout-flow\">\n<h5 class=\"wp-block-heading is-style-westcamized\" style=\"text-transform:none\">Roz\u0161\u00ed\u0159en\u00ed<\/h5>\n\n\n\n<ul class=\"wp-block-list\">\n<li><strong><em>hyper<\/em>MILL 5AXIS: 5os\u00e9 strategie <\/strong><\/li>\n\n\n\n<li><strong>Speci\u00e1ln\u00ed aplikace: <\/strong>Zpracov\u00e1n\u00ed aditiv, \u0159ez\u00e1n\u00ed no\u017e\u016f, ob\u011b\u017en\u00e1 kola atd.<\/li>\n\n\n\n<li><strong><em>hyper<\/em>MILL Turning Solutions <\/strong>: Strategie pro soutru\u017enicko-f\u00e9zovac\u00ed operace<\/li>\n\n\n\n<li><strong>MAXX Machining<\/strong>: zv\u00fd\u0161en\u00ed v\u00fdkonu p\u0159i hrubov\u00e1n\u00ed, dokon\u010dov\u00e1n\u00ed a vrt\u00e1n\u00ed<\/li>\n<\/ul>\n<\/div>\n<\/div>\n\n<h2 class=\"wp-block-heading\" style=\"text-transform:none\">Na\u0161e nab\u00eddka pro v\u00e1s<\/h2>\n<div style=\"margin-top:var(--wp--preset--spacing--30);margin-bottom:var(--wp--preset--spacing--50);\" class=\"wp-block-webx-post-list-webx-post-list wp-block-webx-post-list-webx-post-list\" data-listid=\"47281\">\n    <script class=\"webx-filter-list-config\" type=\"application\/json\">{\"postType\":\"product\",\"enableParentPost\":true,\"displayGrid\":true,\"subTitle\":\"product_category\",\"fieldOne\":\"product_category\",\"fieldTwo\":\"product_category\",\"className\":\"wp-block-webx-post-list-webx-post-list\",\"style\":{\"spacing\":{\"margin\":{\"top\":\"var:preset|spacing|30\",\"bottom\":\"var:preset|spacing|50\"}}},\"compactGrid\":false,\"language\":\"en\",\"listId\":47281,\"postId\":34348}<\/script>\n    <div class=\"webx-post-list\" data-listid=\"47281\"><\/div>\n    \n<div>\n<div class=\"wp-block-webx-post-list-webx-filters\"><div><\/div><\/div>\n<\/div>\n<\/div>","protected":false},"excerpt":{"rendered":"<p>Fr\u00e9zov\u00e1n\u00ed je snadn\u00e9! Celosv\u011btov\u011b zaveden\u00e9 softwarov\u00e9 \u0159e\u0161en\u00ed CAM pro rychl\u00e9 a p\u0159esn\u00e9 obr\u00e1b\u011bn\u00ed &#8211; v\u010detn\u011b slu\u017eby WESTCAM! <\/p>\n","protected":false},"author":2,"featured_media":21988,"parent":5224,"menu_order":5,"comment_status":"closed","ping_status":"closed","template":"","meta":{"content-type":"","footnotes":""},"competence":[2792],"class_list":["post-34348","product","type-product","status-publish","has-post-thumbnail","hentry","competence-fraesen-cs"],"_links":{"self":[{"href":"https:\/\/www.westcam-group.com\/cs\/wp-json\/wp\/v2\/product\/34348","targetHints":{"allow":["GET"]}}],"collection":[{"href":"https:\/\/www.westcam-group.com\/cs\/wp-json\/wp\/v2\/product"}],"about":[{"href":"https:\/\/www.westcam-group.com\/cs\/wp-json\/wp\/v2\/types\/product"}],"author":[{"embeddable":true,"href":"https:\/\/www.westcam-group.com\/cs\/wp-json\/wp\/v2\/users\/2"}],"replies":[{"embeddable":true,"href":"https:\/\/www.westcam-group.com\/cs\/wp-json\/wp\/v2\/comments?post=34348"}],"version-history":[{"count":6,"href":"https:\/\/www.westcam-group.com\/cs\/wp-json\/wp\/v2\/product\/34348\/revisions"}],"predecessor-version":[{"id":36634,"href":"https:\/\/www.westcam-group.com\/cs\/wp-json\/wp\/v2\/product\/34348\/revisions\/36634"}],"up":[{"embeddable":true,"href":"https:\/\/www.westcam-group.com\/cs\/wp-json\/wp\/v2\/product\/5224"}],"wp:featuredmedia":[{"embeddable":true,"href":"https:\/\/www.westcam-group.com\/cs\/wp-json\/wp\/v2\/media\/21988"}],"wp:attachment":[{"href":"https:\/\/www.westcam-group.com\/cs\/wp-json\/wp\/v2\/media?parent=34348"}],"wp:term":[{"taxonomy":"competence","embeddable":true,"href":"https:\/\/www.westcam-group.com\/cs\/wp-json\/wp\/v2\/competence?post=34348"}],"curies":[{"name":"wp","href":"https:\/\/api.w.org\/{rel}","templated":true}]}}