{"id":34336,"date":"2024-04-24T08:36:35","date_gmt":"2024-04-24T06:36:35","guid":{"rendered":"https:\/\/www.westcam-group.com\/produkte\/cam\/cad-pro-cam\/integrace-se-solidworks\/"},"modified":"2025-03-20T15:43:28","modified_gmt":"2025-03-20T14:43:28","slug":"integrace-se-solidworks","status":"publish","type":"product","link":"https:\/\/www.westcam-group.com\/cs\/produkty\/cam\/cad-pro-cam\/integrace-se-solidworks\/","title":{"rendered":"Integrace se Solidworks"},"content":{"rendered":"\n<div style=\"background-image:url(&apos;https:\/\/www.westcam-group.com\/wp-content\/uploads\/2024\/03\/bggrid.webp&apos;);background-position:50% 50%;background-repeat:no-repeat;background-size:contain;\" class=\"wp-block-group has-global-padding is-layout-constrained wp-container-core-group-is-layout-9f245e94 wp-block-group-is-layout-constrained has-background\">\n<div class=\"wp-block-webx-blocks-grid is-layout-grid wp-container-webx-blocks-grid-is-layout-8c8cfa07 wp-block-webx-blocks-grid-is-layout-grid\" style=\"margin-top:var(--wp--preset--spacing--50);margin-bottom:var(--wp--preset--spacing--50);--grid-columns-desktop:2;--grid-columns-tablet:2;--grid-columns-mobile:1\">\n<div class=\"wp-block-webx-blocks-grid-item is-layout-flow wp-block-webx-blocks-grid-item-is-layout-flow\" style=\"padding-top:var(--wp--preset--spacing--30);padding-right:var(--wp--preset--spacing--10);padding-bottom:var(--wp--preset--spacing--10);padding-left:var(--wp--preset--spacing--10);--grid-area-desktop:auto \/ auto \/ auto \/ auto;--grid-area-tablet:auto \/ auto \/ auto \/ auto;--grid-area-mobile:auto \/ auto \/ auto \/ auto\">\n<div class=\"wp-block-webx-blocks-fake-heading heading-h4 is-style-westcamized\" style=\"text-transform:none\">CAM integrovan\u00fd do CAD<\/div>\n\n\n\n<h1 class=\"wp-block-heading hero-title has-xx-large-font-size\" style=\"margin-top:var(--wp--preset--spacing--20);margin-bottom:var(--wp--preset--spacing--20);line-height:1;text-transform:none\"><em>hyper<\/em>MILL pro SOLIDWORKS<\/h1>\n\n\n\n<p>3D CAD software SOLIDWORKS a <em>hyper<\/em>MILL forSOLIDWORKS &#8211; CAM program jako v\u00fdkonn\u00e1 integrace CAD &#8211; spolupracuj\u00ed na urychlen\u00ed konstruk\u010dn\u00edch a v\u00fdrobn\u00edch proces\u016f. S <em>hyper<\/em>MILL v SOLIDWORKS m\u016f\u017eete sv\u00e9 v\u00fdrobky dostat na trh rychleji! <\/p>\n\n\n\n<p><em>hyper<\/em>MILL pro SOLIDWORKS pro\u0161el n\u011bkolikastup\u0148ov\u00fdm certifika\u010dn\u00edm procesem ve spole\u010dnosti Dassault Syst\u00e8mes. Ji\u017e \u0159adu let je <em>hyper<\/em>MILL certifikov\u00e1n se statusem &#8222;Gold&#8220;, kter\u00fd potvrzuje dokonalou integraci do CAD softwaru SOLIDWORKS. Krom\u011b integrace spl\u0148uje <em>hyper<\/em>MILL pro SOLIDWORKS nejvy\u0161\u0161\u00ed po\u017eadavky na spolehlivost a u\u017eivatelskou p\u0159\u00edv\u011btivost.   <\/p>\n\n\n\n<p>D\u016fkazem toho je i \u00fasp\u011b\u0161n\u00e9 pou\u017e\u00edv\u00e1n\u00ed tohoto \u0159e\u0161en\u00ed CAM u mnoha z\u00e1kazn\u00edk\u016f.<\/p>\n\n\n\n<div class=\"wp-block-buttons is-layout-flex wp-block-buttons-is-layout-flex\" style=\"margin-top:var(--wp--preset--spacing--20);margin-bottom:var(--wp--preset--spacing--20)\">\n<div class=\"wp-block-button\"><a class=\"wp-block-button__link wp-element-button\" href=\"#free-version\">Poptejte nyn\u00ed<\/a><\/div>\n<\/div>\n<\/div>\n\n\n\n<div class=\"wp-block-webx-blocks-grid-item is-layout-flow wp-container-webx-blocks-grid-item-is-layout-69fcd244 wp-block-webx-blocks-grid-item-is-layout-flow\" style=\"padding-top:0;padding-right:0;padding-bottom:0;padding-left:0;--grid-area-desktop:auto \/ auto \/ auto \/ auto;--grid-area-tablet:auto \/ auto \/ auto \/ auto;--grid-area-mobile:auto \/ auto \/ auto \/ auto\">\n<figure class=\"wp-block-image aligncenter size-full has-custom-border is-style-default\"><img loading=\"lazy\" decoding=\"async\" width=\"1571\" height=\"1571\" src=\"https:\/\/www.westcam-group.com\/wp-content\/uploads\/2024\/04\/hM_SOLIDWORKS_monitor.png\" alt=\"\" class=\"wp-image-22142\" style=\"border-style:none;border-width:0px;border-radius:0px;aspect-ratio:4\/3;object-fit:cover\" srcset=\"https:\/\/www.westcam-group.com\/wp-content\/uploads\/2024\/04\/hM_SOLIDWORKS_monitor.png 1571w, https:\/\/www.westcam-group.com\/wp-content\/uploads\/2024\/04\/hM_SOLIDWORKS_monitor-300x300.png 300w, https:\/\/www.westcam-group.com\/wp-content\/uploads\/2024\/04\/hM_SOLIDWORKS_monitor-1024x1024.png 1024w, https:\/\/www.westcam-group.com\/wp-content\/uploads\/2024\/04\/hM_SOLIDWORKS_monitor-150x150.png 150w, https:\/\/www.westcam-group.com\/wp-content\/uploads\/2024\/04\/hM_SOLIDWORKS_monitor-768x768.png 768w, https:\/\/www.westcam-group.com\/wp-content\/uploads\/2024\/04\/hM_SOLIDWORKS_monitor-1536x1536.png 1536w, https:\/\/www.westcam-group.com\/wp-content\/uploads\/2024\/04\/hM_SOLIDWORKS_monitor-900x900.png 900w, https:\/\/www.westcam-group.com\/wp-content\/uploads\/2024\/04\/hM_SOLIDWORKS_monitor-600x600.png 600w\" sizes=\"auto, (max-width: 1571px) 100vw, 1571px\" \/><\/figure>\n\n\n\n<div class=\"wp-block-webx-blocks-fake-heading heading-h4 hero-subtitle has-base-color has-text-color\"><\/div>\n\n\n\n<div class=\"wp-block-group hero-violet has-accent-2-background-color has-background is-layout-flow wp-block-group-is-layout-flow\" style=\"padding-top:var(--wp--preset--spacing--30);padding-right:var(--wp--preset--spacing--30);padding-bottom:var(--wp--preset--spacing--30);padding-left:var(--wp--preset--spacing--30)\">\n<div class=\"wp-block-webx-blocks-fake-heading heading-h4 hero-subtitle has-base-color has-text-color\">Nejd\u016fle\u017eit\u011bj\u0161\u00ed informace<\/div>\n\n\n\n<ul class=\"wp-block-list hero-bullet-list-items is-style-westcam-list has-base-color has-accent-2-background-color has-text-color has-background has-link-color wp-elements-6f3c8282f008bd735ebcf29dae208c44\">\n<li>P\u0159\u00edm\u00e1 integrace v SolidWorks<\/li>\n\n\n\n<li>Zlat\u00fd certifik\u00e1t<\/li>\n\n\n\n<li>Bezprobl\u00e9mov\u00e9 u\u017eivatelsk\u00e9 prost\u0159ed\u00ed<\/li>\n<\/ul>\n\n\n\n<figure class=\"wp-block-image size-large is-resized\"><img loading=\"lazy\" decoding=\"async\" width=\"1024\" height=\"184\" src=\"https:\/\/www.westcam-group.com\/wp-content\/uploads\/2024\/08\/Logo_OpenMind_FORCE_2013_4c_grey-1024x184.png\" alt=\"\" class=\"wp-image-18815\" style=\"width:auto;height:50px\" srcset=\"https:\/\/www.westcam-group.com\/wp-content\/uploads\/2024\/08\/Logo_OpenMind_FORCE_2013_4c_grey-1024x184.png 1024w, https:\/\/www.westcam-group.com\/wp-content\/uploads\/2024\/08\/Logo_OpenMind_FORCE_2013_4c_grey-300x54.png 300w, https:\/\/www.westcam-group.com\/wp-content\/uploads\/2024\/08\/Logo_OpenMind_FORCE_2013_4c_grey-768x138.png 768w, https:\/\/www.westcam-group.com\/wp-content\/uploads\/2024\/08\/Logo_OpenMind_FORCE_2013_4c_grey.png 1450w\" sizes=\"auto, (max-width: 1024px) 100vw, 1024px\" \/><\/figure>\n<\/div>\n<\/div>\n<\/div>\n<\/div>\n\n<div class=\"wp-block-group has-base-2-background-color has-background has-global-padding is-content-justification-center is-layout-constrained wp-container-core-group-is-layout-606d210a wp-block-group-is-layout-constrained\" style=\"padding-top:var(--wp--preset--spacing--30);padding-bottom:var(--wp--preset--spacing--30)\">\n<figure class=\"wp-block-embed is-type-video is-provider-youtube wp-block-embed-youtube wp-embed-aspect-16-9 wp-has-aspect-ratio\" style=\"margin-top:var(--wp--preset--spacing--20);margin-bottom:var(--wp--preset--spacing--20)\"><div class=\"wp-block-embed__wrapper\">\n<div class=\"cookieconsent-optout-marketing\">\n    Bitte  <a href=\"javascript:Cookiebot.renew()\">Marketing-Cookies akzeptieren<\/a>, um dieses Video zu laden.\n    <\/div>\n            <iframe data-cookieblock-src=\"https:\/\/www.youtube.com\/embed\/MpGXKJI5WIE?feature=oembed\" data-cookieconsent=\"marketing\" title=\"hyperMILL in SOLIDWORKS\" width=\"500\" height=\"281\"  frameborder=\"0\" allow=\"accelerometer; autoplay; clipboard-write; encrypted-media; gyroscope; picture-in-picture; web-share\" referrerpolicy=\"strict-origin-when-cross-origin\" allowfullscreen><\/iframe>\n<\/div><\/figure>\n<\/div>\n\n<h2 class=\"wp-block-heading\" style=\"text-transform:none\">Funkce<\/h2>\n\n<div class=\"wp-block-group has-global-padding is-layout-constrained wp-block-group-is-layout-constrained\">\n<div class=\"wp-block-webx-blocks-grid is-layout-grid wp-container-webx-blocks-grid-is-layout-242e7a69 wp-block-webx-blocks-grid-is-layout-grid\" style=\"margin-top:var(--wp--preset--spacing--20);margin-right:0;margin-bottom:var(--wp--preset--spacing--20);margin-left:0;--grid-columns-desktop:3;--grid-columns-tablet:2;--grid-columns-mobile:1\">\n<div class=\"wp-block-webx-blocks-grid-item has-base-2-background-color has-background is-layout-flow wp-block-webx-blocks-grid-item-is-layout-flow\" style=\"padding-top:var(--wp--preset--spacing--20);padding-right:var(--wp--preset--spacing--20);padding-bottom:var(--wp--preset--spacing--20);padding-left:var(--wp--preset--spacing--20);--grid-area-desktop:auto \/ auto \/ auto \/ auto;--grid-area-tablet:auto \/ auto \/ auto \/ auto;--grid-area-mobile:auto \/ auto \/ auto \/ auto\">\n<div class=\"wp-block-webx-blocks-fake-heading heading-h6 is-style-westcamized\">Snadn\u011bj\u0161\u00ed p\u0159\u00edstup<\/div>\n\n\n\n<p>Integrace umo\u017e\u0148uje komplexn\u00ed procesy s jednou datab\u00e1z\u00ed. Datov\u00fd model je p\u0159\u00edstupn\u00fd ze syst\u00e9m\u016f CAD i CAM. Lze tak p\u0159edej\u00edt probl\u00e9m\u016fm s importem dat, chyb\u00e1m p\u0159i z\u00e1pisu nebo \u010dten\u00ed.    <\/p>\n\n\n\n<p>P\u0159\u00edm\u00e1 integrace nav\u00edc vytv\u00e1\u0159\u00ed asociativn\u00ed vazbu mezi CAD a CAM. Je mo\u017en\u00e9 programovat jak v jednotliv\u00fdch d\u00edlech, tak v sestav\u011b. P\u0159i anal\u00fdze koliz\u00ed jsou samoz\u0159ejm\u011b zohledn\u011bna up\u00ednac\u00ed za\u0159\u00edzen\u00ed a p\u0159\u00edpravky.  <\/p>\n<\/div>\n\n\n\n<div class=\"wp-block-webx-blocks-grid-item has-base-2-background-color has-background is-layout-flow wp-block-webx-blocks-grid-item-is-layout-flow\" style=\"padding-top:var(--wp--preset--spacing--20);padding-right:var(--wp--preset--spacing--20);padding-bottom:var(--wp--preset--spacing--20);padding-left:var(--wp--preset--spacing--20);--grid-area-desktop:auto \/ auto \/ auto \/ auto;--grid-area-tablet:auto \/ auto \/ auto \/ auto;--grid-area-mobile:auto \/ auto \/ auto \/ auto\">\n<div class=\"wp-block-webx-blocks-fake-heading heading-h6 is-style-westcamized\">Nov\u00e1 technologie funkc\u00ed<\/div>\n\n\n\n<p>Technologie prvk\u016f <em>hyper<\/em>MILL umo\u017e\u0148uje vyu\u017e\u00edt geometrie dostupn\u00e9 v CAD pro programov\u00e1n\u00ed CAM. D\u00edky automatick\u00e9mu rozpozn\u00e1v\u00e1n\u00ed prvk\u016f lze nap\u0159\u00edklad identifikovat otvory, z\u00e1vity a kapsy na modelech t\u011bles a ploch. <\/p>\n\n\n\n<p>Krom\u011b toho lze strategie zpracov\u00e1n\u00ed a n\u00e1stroje propojit s funkcemi v technologick\u00fdch makrech a ulo\u017eit je do datab\u00e1ze technologi\u00ed.<\/p>\n<\/div>\n\n\n\n<div class=\"wp-block-webx-blocks-grid-item has-base-2-background-color has-background is-layout-flow wp-block-webx-blocks-grid-item-is-layout-flow\" style=\"padding-top:var(--wp--preset--spacing--20);padding-right:var(--wp--preset--spacing--20);padding-bottom:var(--wp--preset--spacing--20);padding-left:var(--wp--preset--spacing--20);--grid-area-desktop:auto \/ auto \/ auto \/ auto;--grid-area-tablet:auto \/ auto \/ auto \/ auto;--grid-area-mobile:auto \/ auto \/ auto \/ auto\">\n<figure class=\"wp-block-image size-large\"><img loading=\"lazy\" decoding=\"async\" width=\"1024\" height=\"635\" src=\"https:\/\/www.westcam-group.com\/wp-content\/uploads\/2024\/04\/hM_for_Solidworks_cavity-1024x635.jpg\" alt=\"\" class=\"wp-image-22146\" srcset=\"https:\/\/www.westcam-group.com\/wp-content\/uploads\/2024\/04\/hM_for_Solidworks_cavity-1024x635.jpg 1024w, https:\/\/www.westcam-group.com\/wp-content\/uploads\/2024\/04\/hM_for_Solidworks_cavity-300x186.jpg 300w, https:\/\/www.westcam-group.com\/wp-content\/uploads\/2024\/04\/hM_for_Solidworks_cavity-768x476.jpg 768w, https:\/\/www.westcam-group.com\/wp-content\/uploads\/2024\/04\/hM_for_Solidworks_cavity-1536x952.jpg 1536w, https:\/\/www.westcam-group.com\/wp-content\/uploads\/2024\/04\/hM_for_Solidworks_cavity-1452x900.jpg 1452w, https:\/\/www.westcam-group.com\/wp-content\/uploads\/2024\/04\/hM_for_Solidworks_cavity-968x600.jpg 968w, https:\/\/www.westcam-group.com\/wp-content\/uploads\/2024\/04\/hM_for_Solidworks_cavity.jpg 1642w\" sizes=\"auto, (max-width: 1024px) 100vw, 1024px\" \/><\/figure>\n<\/div>\n<\/div>\n<\/div>\n\n<div class=\"wp-block-group has-global-padding is-layout-constrained wp-container-core-group-is-layout-19e250f3 wp-block-group-is-layout-constrained\">\n<div id=\"free-version\" class=\"wp-block-group has-base-color has-contrast-background-color has-text-color has-background has-link-color wp-elements-967464b888cdb78ceb48ae32fd9d774b has-global-padding is-layout-constrained wp-container-core-group-is-layout-d2702112 wp-block-group-is-layout-constrained\" style=\"padding-top:var(--wp--preset--spacing--30);padding-right:var(--wp--preset--spacing--40);padding-bottom:var(--wp--preset--spacing--30);padding-left:var(--wp--preset--spacing--40)\">\n<h3 class=\"wp-block-heading has-base-color has-text-color has-link-color wp-elements-05aff5d145fb26661d8a554b35b2cffa\" style=\"text-transform:none\">Porad\u00edme v\u00e1m osobn\u011b!<\/h3>\n\n\n\n<div class=\"wpcf7 no-js\" id=\"wpcf7-f36538-o1\" lang=\"cs-CZ\" dir=\"ltr\" data-wpcf7-id=\"36538\">\n<div class=\"screen-reader-response\"><p role=\"status\" aria-live=\"polite\" aria-atomic=\"true\"><\/p> <ul><\/ul><\/div>\n<form action=\"\/cs\/wp-json\/wp\/v2\/product\/34336#wpcf7-f36538-o1\" method=\"post\" class=\"wpcf7-form init\" aria-label=\"Kontaktn\u00ed formul\u00e1\u0159\" novalidate=\"novalidate\" data-status=\"init\">\n<fieldset class=\"hidden-fields-container\"><input type=\"hidden\" name=\"_wpcf7\" value=\"36538\" \/><input type=\"hidden\" name=\"_wpcf7_version\" value=\"6.1.5\" \/><input type=\"hidden\" name=\"_wpcf7_locale\" value=\"cs_CZ\" \/><input type=\"hidden\" name=\"_wpcf7_unit_tag\" value=\"wpcf7-f36538-o1\" \/><input type=\"hidden\" name=\"_wpcf7_container_post\" value=\"0\" \/><input type=\"hidden\" name=\"_wpcf7_posted_data_hash\" value=\"\" \/><input type=\"hidden\" name=\"_wpcf7dtx_version\" value=\"5.0.5\" \/><input type=\"hidden\" name=\"_wpcf7_recaptcha_response\" value=\"\" \/>\n<\/fieldset>\n<h3 class=\"heading\">  Dotaz <label class=\"wpcf7-form-control wpcf7-label wpcf7dtx wpcf7dtx-label\" for=\"Integrace se Solidworks\">Integrace se Solidworks<\/label><span class=\"wpcf7-form-control-wrap dynamic_hidden-post-title\" data-name=\"dynamic_hidden-post-title\"><input type=\"hidden\" name=\"dynamic_hidden-post-title\" class=\"wpcf7-form-control wpcf7-hidden wpcf7dtx wpcf7dtx-hidden\" aria-invalid=\"false\" value=\"Integrace se Solidworks\"><\/span><\/h3>\n\n<label>  N\u00e1zev\n    <span class=\"wpcf7-form-control-wrap\" data-name=\"fullname\"><input size=\"40\" maxlength=\"400\" class=\"wpcf7-form-control wpcf7-text\" aria-invalid=\"false\" value=\"\" type=\"text\" name=\"fullname\" \/><\/span> <\/label>\n\n<label>  E-mailov\u00e1 adresa*\n    <span class=\"wpcf7-form-control-wrap\" data-name=\"email\"><input size=\"40\" maxlength=\"400\" class=\"wpcf7-form-control wpcf7-email wpcf7-validates-as-required wpcf7-text wpcf7-validates-as-email\" aria-required=\"true\" aria-invalid=\"false\" value=\"\" type=\"email\" name=\"email\" \/><\/span> <\/label>\n\n<label>  Spole\u010dnost\n    <span class=\"wpcf7-form-control-wrap\" data-name=\"unternehmen\"><input size=\"40\" maxlength=\"400\" class=\"wpcf7-form-control wpcf7-text\" aria-invalid=\"false\" value=\"\" type=\"text\" name=\"unternehmen\" \/><\/span> <\/label>\n\n<label>  Va\u0161e zpr\u00e1va*\n    <span class=\"wpcf7-form-control-wrap\" data-name=\"nachricht\"><textarea cols=\"40\" rows=\"10\" maxlength=\"2000\" class=\"wpcf7-form-control wpcf7-textarea wpcf7-validates-as-required\" aria-required=\"true\" aria-invalid=\"false\" name=\"nachricht\"><\/textarea><\/span> <\/label>\n\n<span class=\"wpcf7-form-control-wrap dynamic_hidden_page_url\" data-name=\"dynamic_hidden_page_url\"><input type=\"hidden\" name=\"dynamic_hidden_page_url\" class=\"wpcf7-form-control wpcf7-hidden wpcf7dtx wpcf7dtx-hidden\" aria-invalid=\"false\" value=\"https:\/\/www.westcam-group.com\/cs\/wp-json\/wp\/v2\/product\/34336\"><\/span>\n\n<input class=\"wpcf7-form-control wpcf7-submit has-spinner\" type=\"submit\" value=\"Odeslat\" \/>\n\n[odpov\u011b\u010f]<div class=\"wpcf7-response-output\" aria-hidden=\"true\"><\/div>\n<\/form>\n<\/div>\n\n<\/div>\n\n\n\n<div id=\"ansprechpartner\" class=\"wp-block-group has-base-2-background-color has-background has-global-padding is-layout-constrained wp-container-core-group-is-layout-16946a23 wp-block-group-is-layout-constrained\" style=\"margin-top:0;margin-bottom:0;padding-top:var(--wp--preset--spacing--30);padding-right:var(--wp--preset--spacing--30);padding-bottom:var(--wp--preset--spacing--30);padding-left:var(--wp--preset--spacing--30)\">\n<div class=\"wp-block-group has-base-2-background-color has-background has-global-padding is-layout-constrained wp-container-core-group-is-layout-19e250f3 wp-block-group-is-layout-constrained\">\n<h2 class=\"wp-block-heading\" style=\"text-transform:none\">R\u00e1di jsme tu pro v\u00e1s<\/h2>\n<\/div>\n\n\n<div class=\"wp-block-webx-blocks-westcam-employee-display\">\n    <div class=\"employee-image\">\n        <img decoding=\"async\" src=\"https:\/\/www.westcam-group.com\/wp-content\/uploads\/2024\/10\/michael-moritz-westcam-group-300x300.jpg\" alt=Michael Moritz \/>\n    <\/div>\n    <div class=\"employee-info\">\n        <div class=\"heading-h3\">Michael Moritz<\/div>\n        <div class=\"heading-h5 is-style-westcamized\">Vedouc\u00ed odd\u011blen\u00ed CAM, MES a 3D tisku<\/div>\n    <\/div>\n    <div class=\"employee-social\">\n        <div class=\"icons\">\n                        <a href=https:\/\/www.linkedin.com\/in\/michael-moritz\/ title=\"Michael Moritz on linkedIn\"\n                target=\"_blank\" rel=\"noopener noreferrer\">\n                <?xml version=\"1.0\" encoding=\"UTF-8\" standalone=\"no\"?>\n                <!DOCTYPE svg PUBLIC \"-\/\/W3C\/\/DTD SVG 1.1\/\/EN\" \"http:\/\/www.w3.org\/Graphics\/SVG\/1.1\/DTD\/svg11.dtd\"><svg\n                    width=\"100%\" height=\"100%\" viewBox=\"0 0 248 204\" version=\"1.1\" xmlns=\"http:\/\/www.w3.org\/2000\/svg\"\n                    xmlns:xlink=\"http:\/\/www.w3.org\/1999\/xlink\" xml:space=\"preserve\" xmlns:serif=\"http:\/\/www.serif.com\/\"\n                    style=\"fill-rule:evenodd;clip-rule:evenodd;stroke-linejoin:round;stroke-miterlimit:2;\">\n                    <path\n                        d=\"M226,204l-41.916,0l0,-71.392c0,-19.573 -7.437,-30.512 -22.93,-30.512c-16.854,0 -25.659,11.383 -25.659,30.512l-0,71.392l-40.395,0l-0,-136l40.395,-0l-0,18.319c-0,0 12.146,-22.474 41.006,-22.474c28.847,-0 49.499,17.616 49.499,54.048l0,86.107Zm-179.091,-153.808c-13.759,-0 -24.909,-11.237 -24.909,-25.096c0,-13.859 11.15,-25.096 24.909,-25.096c13.759,-0 24.902,11.237 24.902,25.096c0,13.859 -11.143,25.096 -24.902,25.096Zm-20.858,153.808l42.121,0l0,-136l-42.121,-0l-0,136Z\" \/>\n                <\/svg>\n            <\/a>\n                                    <a href=\"\/vcard\/33788\" title=\"Download vCard\"\n                class=\"vcard-button\">\n                <svg xmlns=\"http:\/\/www.w3.org\/2000\/svg\" width=\"32.143\" height=\"25\" viewBox=\"0 0 32.143 25\">\n                    <path id=\"address-card-solid\"\n                        d=\"M3.571,32A3.575,3.575,0,0,0,0,35.571V53.429A3.575,3.575,0,0,0,3.571,57h25a3.575,3.575,0,0,0,3.571-3.571V35.571A3.575,3.575,0,0,0,28.571,32ZM8.036,46.286h3.571a4.463,4.463,0,0,1,4.464,4.464.9.9,0,0,1-.893.893H4.464a.9.9,0,0,1-.893-.893A4.463,4.463,0,0,1,8.036,46.286ZM6.25,40.929A3.571,3.571,0,1,1,9.821,44.5,3.571,3.571,0,0,1,6.25,40.929Zm14.286-1.786h7.143a.893.893,0,0,1,0,1.786H20.536a.893.893,0,0,1,0-1.786Zm0,3.571h7.143a.893.893,0,0,1,0,1.786H20.536a.893.893,0,0,1,0-1.786Zm0,3.571h7.143a.893.893,0,0,1,0,1.786H20.536a.893.893,0,0,1,0-1.786Z\"\n                        transform=\"translate(0 -32)\" fill=\"#111\" \/>\n                <\/svg>\n            <\/a>\n        <\/div>\n    <\/div>\n    <div class=\"employee-contact\">\n                <a href=\"tel: +43 5223 55509 220\">\n            <div class=\" employee-phone\">\n                <svg xmlns=\"http:\/\/www.w3.org\/2000\/svg\" width=\"32\" height=\"32\" viewBox=\"0 0 32 32\">\n                    <path id=\"phone\"\n                        d=\"M6.529,4h7.059l3.529,8.824-4.412,2.647a19.412,19.412,0,0,0,8.824,8.824l2.647-4.412L33,23.412v7.059A3.529,3.529,0,0,1,29.471,34,28.235,28.235,0,0,1,3,7.529,3.529,3.529,0,0,1,6.529,4\"\n                        transform=\"translate(-2 -3)\" fill=\"none\" stroke=\"#111\" stroke-linecap=\"round\"\n                        stroke-linejoin=\"round\" stroke-width=\"2\" \/>\n                <\/svg>\n\n                 +43 5223 55509 220\n            <\/div>\n        <\/a>\n                                <a href=\"mailto:michael.moritz@westcam.at\">\n            <div class=\" employee-email\">\n                <svg xmlns=\"http:\/\/www.w3.org\/2000\/svg\" width=\"32.773\" height=\"25.333\" viewBox=\"0 0 32.773 25.333\">\n                    <g id=\"mail\" transform=\"translate(1.387 1)\">\n                        <rect id=\"Rechteck_11\" data-name=\"Rechteck 11\" width=\"30\" height=\"23.333\" rx=\"2\" fill=\"none\"\n                            stroke=\"#111\" stroke-linecap=\"round\" stroke-linejoin=\"round\" stroke-width=\"2\" \/>\n                        <path id=\"Pfad_100\" data-name=\"Pfad 100\" d=\"M3,7,18,17,33,7\" transform=\"translate(-3 -3.667)\"\n                            fill=\"none\" stroke=\"#111\" stroke-linecap=\"round\" stroke-linejoin=\"round\" stroke-width=\"2\" \/>\n                    <\/g>\n                <\/svg>\n                michael.moritz@westcam.at\n            <\/div>\n        <\/a>\n        \n\n\n    <\/div>\n        <div class=\"employee-callback wp-block-button is-style-outline\">\n        <a href=\"\/anfrage\/\"\n            class=\"wp-block-button__link wp-element-button\">zeptat se<\/a>\n    <\/div>\n    <\/div><\/div>\n<\/div>\n","protected":false},"excerpt":{"rendered":"<p>Bezprobl\u00e9mov\u00e9 programov\u00e1n\u00ed CAM d\u00edky zaveden\u00e9 integraci CAD SOLIDWORKS v hyperMILL.<\/p>\n","protected":false},"author":2,"featured_media":22143,"parent":5228,"menu_order":5,"comment_status":"closed","ping_status":"closed","template":"","meta":{"content-type":"","footnotes":""},"competence":[2782],"class_list":["post-34336","product","type-product","status-publish","has-post-thumbnail","hentry","competence-cad-for-cam-cs"],"_links":{"self":[{"href":"https:\/\/www.westcam-group.com\/cs\/wp-json\/wp\/v2\/product\/34336","targetHints":{"allow":["GET"]}}],"collection":[{"href":"https:\/\/www.westcam-group.com\/cs\/wp-json\/wp\/v2\/product"}],"about":[{"href":"https:\/\/www.westcam-group.com\/cs\/wp-json\/wp\/v2\/types\/product"}],"author":[{"embeddable":true,"href":"https:\/\/www.westcam-group.com\/cs\/wp-json\/wp\/v2\/users\/2"}],"replies":[{"embeddable":true,"href":"https:\/\/www.westcam-group.com\/cs\/wp-json\/wp\/v2\/comments?post=34336"}],"version-history":[{"count":4,"href":"https:\/\/www.westcam-group.com\/cs\/wp-json\/wp\/v2\/product\/34336\/revisions"}],"predecessor-version":[{"id":36628,"href":"https:\/\/www.westcam-group.com\/cs\/wp-json\/wp\/v2\/product\/34336\/revisions\/36628"}],"up":[{"embeddable":true,"href":"https:\/\/www.westcam-group.com\/cs\/wp-json\/wp\/v2\/product\/5228"}],"wp:featuredmedia":[{"embeddable":true,"href":"https:\/\/www.westcam-group.com\/cs\/wp-json\/wp\/v2\/media\/22143"}],"wp:attachment":[{"href":"https:\/\/www.westcam-group.com\/cs\/wp-json\/wp\/v2\/media?parent=34336"}],"wp:term":[{"taxonomy":"competence","embeddable":true,"href":"https:\/\/www.westcam-group.com\/cs\/wp-json\/wp\/v2\/competence?post=34336"}],"curies":[{"name":"wp","href":"https:\/\/api.w.org\/{rel}","templated":true}]}}