{"id":34290,"date":"2024-04-24T08:01:53","date_gmt":"2024-04-24T06:01:53","guid":{"rendered":"https:\/\/www.westcam-group.com\/produkte\/3d-tisk\/plast-etec\/"},"modified":"2025-02-25T15:11:29","modified_gmt":"2025-02-25T14:11:29","slug":"plast-etec","status":"publish","type":"product","link":"https:\/\/www.westcam-group.com\/cs\/produkty\/3d-tisk\/plast-etec\/","title":{"rendered":"Plast | ETEC"},"content":{"rendered":"\n<p><\/p>\n\n<div class=\"wp-block-group alignfull has-global-padding is-layout-constrained wp-block-group-is-layout-constrained\">\n<div class=\"wp-block-webx-blocks-westcam-hero alignfull ltr\" style=\"margin-top:var(--wp--preset--spacing--50);margin-bottom:var(--wp--preset--spacing--50)\"><div class=\"hero-image\" style=\"--aspect-ratio:4 \/ 3\"> <img decoding=\"async\" src=\"https:\/\/www.westcam-group.com\/wp-content\/uploads\/2024\/09\/westcam-2-icon-3d-druck.png\" alt=\"\" \/><\/div><div class=\"hero-placeholder\"><\/div>\n<div class=\"wp-block-group hero-content is-layout-flow wp-block-group-is-layout-flow\">\n<div class=\"wp-block-webx-blocks-fake-heading heading-h4 hero-subtitle is-style-westcamized\" style=\"text-transform:none\">Bezprobl\u00e9mov\u00fd potisk plast\u016f<\/div>\n\n\n<h1 style=\"text-transform:none; margin-top:0;margin-bottom:0;\" class=\"wp-block-post-title\">Plast | ETEC<\/h1>\n\n\n<p>Pou\u017e\u00edvejte modern\u00ed produkty ETEC pro 3D tisk plast\u016f. Tyto stroje nab\u00edzej\u00ed maxim\u00e1ln\u00ed p\u0159esnost a flexibilitu p\u0159i v\u00fdrob\u011b r\u016fzn\u00fdch plastov\u00fdch komponent\u016f. Jsou ide\u00e1ln\u00ed pro v\u00fdrobu prototyp\u016f i s\u00e9riovou v\u00fdrobu.    <\/p>\n\n\n\n<p>Prozkoumejte flexibilitu a v\u00fdkon, kter\u00e9 tisk\u00e1rny ETEC nab\u00edzej\u00ed va\u0161im aplikac\u00edm.<\/p>\n<\/div>\n<\/div>\n\n\n\n<h3 class=\"wp-block-heading\"><strong>POSTUPY<\/strong><\/h3>\n\n\n\n<h5 class=\"wp-block-heading\"><strong>Nejvy\u0161\u0161\u00ed kvalita v kr\u00e1tk\u00e9m \u010dase<\/strong><\/h5>\n\n\n\n<p><\/p>\n<\/div>\n\n<ul class=\"wp-block-list\">\n<li><strong>Digital Light Plotting (DLP): Tato technika 3D tisku<\/strong> se od stereolitografie li\u0161\u00ed hlavn\u011b typem osvit\u016f. Nam\u00edsto UV laserov\u00e9ho paprsku je prysky\u0159ice p\u0159i DLP vytvrzov\u00e1na UV projektorem. V\u00fdhodou je, \u017ee se t\u00edm u\u0161et\u0159\u00ed spousta konstruk\u010dn\u00edho \u010dasu, proto\u017ee lze exponovat celou vrstvu najednou. Krom\u011b toho je dosa\u017eiteln\u00e1 p\u0159esnost mnohon\u00e1sobn\u011b vy\u0161\u0161\u00ed, proto\u017ee osvit pomoc\u00ed projektoru znamen\u00e1, \u017ee k nasm\u011brov\u00e1n\u00ed laserov\u00e9ho paprsku nejsou zapot\u0159eb\u00ed \u017e\u00e1dn\u00e9 osov\u00e9 motory, \u010d\u00edm\u017e se tento zdroj nep\u0159esnost\u00ed zcela eliminuje.   <\/li>\n\n\n\n<li><strong>Kontinu\u00e1ln\u00ed digit\u00e1ln\u00ed sv\u011bteln\u00e1 v\u00fdroba (cDLM): Tento proces<\/strong> je dal\u0161\u00edm v\u00fdvojem na\u0161\u00ed technologie DLP a umo\u017e\u0148uje kontinu\u00e1ln\u00ed pohyb konstruk\u010dn\u00ed desky pro dosa\u017een\u00ed mimo\u0159\u00e1dn\u00e9 rychlosti konstrukce. Kontinu\u00e1ln\u00ed stav\u011bn\u00ed umo\u017e\u0148uje zpracov\u00e1vat flexibiln\u00ed materi\u00e1ly podobn\u00e9 silikonu spolu s vysoce pevn\u00fdmi tepeln\u011b odoln\u00fdmi v\u00fdrobky. D\u00edky absenci odtrhov\u00fdch sil je zapot\u0159eb\u00ed a\u017e o 75 % m\u00e9n\u011b podp\u011br.  <\/li>\n<\/ul>\n\n<div class=\"wp-block-columns is-layout-flex wp-container-core-columns-is-layout-28f84493 wp-block-columns-is-layout-flex\">\n<div class=\"wp-block-column is-layout-flow wp-block-column-is-layout-flow\">\n<figure class=\"wp-block-image aligncenter size-full\"><img loading=\"lazy\" decoding=\"async\" width=\"287\" height=\"314\" src=\"https:\/\/www.westcam-group.com\/wp-content\/uploads\/2024\/04\/etec-kunstoff-westcam-1.jpg\" alt=\"\" class=\"wp-image-23686\" srcset=\"https:\/\/www.westcam-group.com\/wp-content\/uploads\/2024\/04\/etec-kunstoff-westcam-1.jpg 287w, https:\/\/www.westcam-group.com\/wp-content\/uploads\/2024\/04\/etec-kunstoff-westcam-1-274x300.jpg 274w\" sizes=\"auto, (max-width: 287px) 100vw, 287px\" \/><\/figure>\n<\/div>\n\n\n\n<div class=\"wp-block-column is-layout-flow wp-block-column-is-layout-flow\">\n<figure class=\"wp-block-image size-full\"><img loading=\"lazy\" decoding=\"async\" width=\"287\" height=\"314\" src=\"https:\/\/www.westcam-group.com\/wp-content\/uploads\/2024\/04\/etec-kunstoff-westcam-2.png\" alt=\"\" class=\"wp-image-23671\" srcset=\"https:\/\/www.westcam-group.com\/wp-content\/uploads\/2024\/04\/etec-kunstoff-westcam-2.png 287w, https:\/\/www.westcam-group.com\/wp-content\/uploads\/2024\/04\/etec-kunstoff-westcam-2-274x300.png 274w\" sizes=\"auto, (max-width: 287px) 100vw, 287px\" \/><\/figure>\n<\/div>\n<\/div>\n\n<p><\/p>\n\n<h2 class=\"wp-block-heading\" style=\"text-transform:none\">Na\u0161e nab\u00eddka pro v\u00e1s<\/h2>\n<div style=\"margin-top:var(--wp--preset--spacing--30);margin-bottom:var(--wp--preset--spacing--50);\" class=\"wp-block-webx-post-list-webx-post-list wp-block-webx-post-list-webx-post-list\" data-listid=\"65005\">\n    <script class=\"webx-filter-list-config\" type=\"application\/json\">{\"postType\":\"product\",\"enableParentPost\":true,\"displayGrid\":true,\"subTitle\":\"product_category\",\"fieldOne\":\"product_category\",\"fieldTwo\":\"product_category\",\"className\":\"wp-block-webx-post-list-webx-post-list\",\"style\":{\"spacing\":{\"margin\":{\"top\":\"var:preset|spacing|30\",\"bottom\":\"var:preset|spacing|50\"}}},\"compactGrid\":false,\"language\":\"en\",\"listId\":65005,\"postId\":34290}<\/script>\n    <div class=\"webx-post-list\" data-listid=\"65005\"><\/div>\n    \n<div>\n<div class=\"wp-block-webx-post-list-webx-filters\"><div><\/div><\/div>\n<\/div>\n<\/div>","protected":false},"excerpt":{"rendered":"<p>Plastov\u00e9 d\u00edly vysokou rychlost\u00ed: Vysoce p\u0159esn\u00e9 3D tisk\u00e1rny pro polymerov\u00e9 d\u00edly v kvalit\u011b vst\u0159ikov\u00e1n\u00ed. \u0160pi\u010dkov\u00fd proces: DLP <\/p>\n","protected":false},"author":2,"featured_media":16109,"parent":5389,"menu_order":6,"comment_status":"closed","ping_status":"closed","template":"","meta":{"content-type":"","footnotes":""},"competence":[2725],"class_list":["post-34290","product","type-product","status-publish","has-post-thumbnail","hentry","competence-kunststoff-etec-cs"],"_links":{"self":[{"href":"https:\/\/www.westcam-group.com\/cs\/wp-json\/wp\/v2\/product\/34290","targetHints":{"allow":["GET"]}}],"collection":[{"href":"https:\/\/www.westcam-group.com\/cs\/wp-json\/wp\/v2\/product"}],"about":[{"href":"https:\/\/www.westcam-group.com\/cs\/wp-json\/wp\/v2\/types\/product"}],"author":[{"embeddable":true,"href":"https:\/\/www.westcam-group.com\/cs\/wp-json\/wp\/v2\/users\/2"}],"replies":[{"embeddable":true,"href":"https:\/\/www.westcam-group.com\/cs\/wp-json\/wp\/v2\/comments?post=34290"}],"version-history":[{"count":2,"href":"https:\/\/www.westcam-group.com\/cs\/wp-json\/wp\/v2\/product\/34290\/revisions"}],"predecessor-version":[{"id":34293,"href":"https:\/\/www.westcam-group.com\/cs\/wp-json\/wp\/v2\/product\/34290\/revisions\/34293"}],"up":[{"embeddable":true,"href":"https:\/\/www.westcam-group.com\/cs\/wp-json\/wp\/v2\/product\/5389"}],"wp:featuredmedia":[{"embeddable":true,"href":"https:\/\/www.westcam-group.com\/cs\/wp-json\/wp\/v2\/media\/16109"}],"wp:attachment":[{"href":"https:\/\/www.westcam-group.com\/cs\/wp-json\/wp\/v2\/media?parent=34290"}],"wp:term":[{"taxonomy":"competence","embeddable":true,"href":"https:\/\/www.westcam-group.com\/cs\/wp-json\/wp\/v2\/competence?post=34290"}],"curies":[{"name":"wp","href":"https:\/\/api.w.org\/{rel}","templated":true}]}}