{"id":34287,"date":"2024-04-24T08:06:17","date_gmt":"2024-04-24T06:06:17","guid":{"rendered":"https:\/\/www.westcam-group.com\/produkte\/3d-tisk\/plast-voxeljet\/"},"modified":"2025-02-25T15:11:29","modified_gmt":"2025-02-25T14:11:29","slug":"plast-voxeljet","status":"publish","type":"product","link":"https:\/\/www.westcam-group.com\/cs\/produkty\/3d-tisk\/plast-voxeljet\/","title":{"rendered":"Plast | Voxeljet"},"content":{"rendered":"\n<div class=\"wp-block-group alignfull has-global-padding is-layout-constrained wp-block-group-is-layout-constrained\">\n<div class=\"wp-block-webx-blocks-westcam-hero alignfull ltr\" style=\"margin-top:var(--wp--preset--spacing--50);margin-bottom:var(--wp--preset--spacing--50)\"><div class=\"hero-image\" style=\"--aspect-ratio:4 \/ 3\"> <img decoding=\"async\" srcset=\"https:\/\/www.westcam-group.com\/wp-content\/uploads\/2024\/09\/westcam-2-icon-3d-druck-150x150.png 150w, https:\/\/www.westcam-group.com\/wp-content\/uploads\/2024\/09\/westcam-2-icon-3d-druck-300x300.png 300w, https:\/\/www.westcam-group.com\/wp-content\/uploads\/2024\/09\/westcam-2-icon-3d-druck-1024x1024.png 1024w, https:\/\/www.westcam-group.com\/wp-content\/uploads\/2024\/09\/westcam-2-icon-3d-druck.png 1181w, https:\/\/www.westcam-group.com\/wp-content\/uploads\/2024\/09\/westcam-2-icon-3d-druck-900x900.png 900w, https:\/\/www.westcam-group.com\/wp-content\/uploads\/2024\/09\/westcam-2-icon-3d-druck-600x600.png 600w\" src=\"https:\/\/www.westcam-group.com\/wp-content\/uploads\/2024\/09\/westcam-2-icon-3d-druck.png\" alt=\"\"\/><\/div><div class=\"hero-placeholder\"><\/div>\n<div class=\"wp-block-group hero-content is-layout-flow wp-block-group-is-layout-flow\">\n<div class=\"wp-block-webx-blocks-fake-heading heading-h4 hero-subtitle is-style-westcamized\" style=\"text-transform:none\">Bezprobl\u00e9mov\u00fd potisk plast\u016f<\/div>\n\n\n<h1 style=\"text-transform:none; margin-top:0;margin-bottom:0;\" class=\"wp-block-post-title\">Plast | Voxeljet<\/h1>\n\n\n<p>Spole\u010dnost Voxeljet v\u00e1m nab\u00edz\u00ed vysoce v\u00fdkonn\u00e9 3D tisk\u00e1rny pro zpracov\u00e1n\u00ed plast\u016f, kter\u00e9 umo\u017e\u0148uj\u00ed maxim\u00e1ln\u00ed p\u0159esnost a rychl\u00e9 v\u00fdrobn\u00ed \u010dasy. Tyto stroje jsou ide\u00e1ln\u00ed pro pr\u016fmyslov\u00e9 aplikace a otev\u00edraj\u00ed nov\u00e9 mo\u017enosti p\u0159i v\u00fdrob\u011b slo\u017eit\u00fdch plastov\u00fdch d\u00edl\u016f.   <\/p>\n\n\n\n<p>Zjist\u011bte v\u00edce o inovativn\u00edch \u0159e\u0161en\u00edch spole\u010dnosti Voxeljet pro va\u0161i v\u00fdrobu plast\u016f.<\/p>\n<\/div>\n<\/div>\n\n\n\n<h3 class=\"wp-block-heading\" style=\"text-transform:none\">Postup<\/h3>\n\n\n\n<h5 class=\"wp-block-heading\" style=\"text-transform:none\">Nejvy\u0161\u0161\u00ed p\u0159esnost kvality vst\u0159ikov\u00e1n\u00ed<\/h5>\n<\/div>\n\n<p><strong>Vysokorychlostn\u00ed slinov\u00e1n\u00ed (HSS)<\/strong><\/p>\n\n<p>Pou\u017e\u00edv\u00e1 se pro vysoce v\u00fdkonnou v\u00fdrobu <strong>vysoce p\u0159esn\u00fdch polymern\u00edch d\u00edl\u016f<\/strong>. A to v kvalit\u011b a trvanlivosti srovnateln\u00e9 se vst\u0159ikov\u00e1n\u00edm plast\u016f. Na rozd\u00edl od b\u011b\u017en\u00fdch proces\u016f se sp\u00e9k\u00e1n\u00ed neprov\u00e1d\u00ed pomoc\u00ed slo\u017eit\u00e9 laserov\u00e9 technologie, ale s <strong>pixelovou p\u0159esnost\u00ed pomoc\u00ed tepeln\u011b reaktivn\u00edch pojiv<\/strong>.    <\/p>\n\n<p><strong>Vysokorychlostn\u00ed sp\u00e9k\u00e1n\u00ed je<\/strong> proto mimo\u0159\u00e1dn\u011b <strong>spolehliv\u00e9 a<\/strong> <strong>robustn\u00ed<\/strong>, extr\u00e9mn\u011b rychl\u00e9 <strong>a zaji\u0161\u0165uje <\/strong>vysok\u00fd v\u00fdkon i u velkoobjemov\u00fdch objekt\u016f. Proces umo\u017e\u0148uje pou\u017eit\u00ed \u0161irok\u00e9 \u0161k\u00e1ly <strong>polymer\u016f<\/strong>, jako jsou PA12, <strong>PP, TPU, PEBA a EVA<\/strong>. <\/p>\n\n<div class=\"wp-block-group has-base-2-background-color has-background has-global-padding is-content-justification-center is-layout-constrained wp-container-core-group-is-layout-606d210a wp-block-group-is-layout-constrained\" style=\"padding-top:var(--wp--preset--spacing--30);padding-bottom:var(--wp--preset--spacing--30)\">\n<figure class=\"wp-block-embed is-type-video is-provider-youtube wp-block-embed-youtube wp-embed-aspect-16-9 wp-has-aspect-ratio\"><div class=\"wp-block-embed__wrapper\">\n<div class=\"cookieconsent-optout-marketing\">\n    Bitte  <a href=\"javascript:Cookiebot.renew()\">Marketing-Cookies akzeptieren<\/a>, um dieses Video zu laden.\n    <\/div>\n            <iframe data-cookieblock-src=\"https:\/\/www.youtube.com\/embed\/MjUVfcQJ5jg?start=2&#038;feature=oembed\" data-cookieconsent=\"marketing\" title=\"WESTCAM | Voxeljet VX200 HSS (2:04 min.)\" width=\"500\" height=\"281\"  frameborder=\"0\" allow=\"accelerometer; autoplay; clipboard-write; encrypted-media; gyroscope; picture-in-picture; web-share\" referrerpolicy=\"strict-origin-when-cross-origin\" allowfullscreen><\/iframe>\n<\/div><\/figure>\n<\/div>\n\n<h2 class=\"wp-block-heading\" style=\"text-transform:none\">Na\u0161e nab\u00eddka pro v\u00e1s<\/h2>\n<div style=\"margin-top:var(--wp--preset--spacing--30);margin-bottom:var(--wp--preset--spacing--50);\" class=\"wp-block-webx-post-list-webx-post-list wp-block-webx-post-list-webx-post-list\" data-listid=\"77671\">\n    <script class=\"webx-filter-list-config\" type=\"application\/json\">{\"postType\":\"product\",\"enableParentPost\":true,\"displayGrid\":true,\"subTitle\":\"product_category\",\"fieldOne\":\"product_category\",\"fieldTwo\":\"product_category\",\"className\":\"wp-block-webx-post-list-webx-post-list\",\"style\":{\"spacing\":{\"margin\":{\"top\":\"var:preset|spacing|30\",\"bottom\":\"var:preset|spacing|50\"}}},\"compactGrid\":false,\"language\":\"en\",\"listId\":77671,\"postId\":34287}<\/script>\n    <div class=\"webx-post-list\" data-listid=\"77671\"><\/div>\n    \n<div>\n<div class=\"wp-block-webx-post-list-webx-filters\"><div><\/div><\/div>\n<\/div>\n<\/div>","protected":false},"excerpt":{"rendered":"<p>Cenov\u011b v\u00fdhodn\u00e9 u\u017eitkov\u00e9 d\u00edly z PA a TPU: 3D tisk funk\u010dn\u00edch d\u00edl\u016f s vysok\u00fdm rozli\u0161en\u00edm a p\u0159esnost\u00ed pomoc\u00ed vysokorychlostn\u00edho sp\u00e9k\u00e1n\u00ed (HSS).<\/p>\n","protected":false},"author":2,"featured_media":34288,"parent":5389,"menu_order":7,"comment_status":"closed","ping_status":"closed","template":"","meta":{"content-type":"","footnotes":""},"competence":[2727],"class_list":["post-34287","product","type-product","status-publish","has-post-thumbnail","hentry","competence-kunststoff-voxeljet-cs"],"_links":{"self":[{"href":"https:\/\/www.westcam-group.com\/cs\/wp-json\/wp\/v2\/product\/34287","targetHints":{"allow":["GET"]}}],"collection":[{"href":"https:\/\/www.westcam-group.com\/cs\/wp-json\/wp\/v2\/product"}],"about":[{"href":"https:\/\/www.westcam-group.com\/cs\/wp-json\/wp\/v2\/types\/product"}],"author":[{"embeddable":true,"href":"https:\/\/www.westcam-group.com\/cs\/wp-json\/wp\/v2\/users\/2"}],"replies":[{"embeddable":true,"href":"https:\/\/www.westcam-group.com\/cs\/wp-json\/wp\/v2\/comments?post=34287"}],"version-history":[{"count":2,"href":"https:\/\/www.westcam-group.com\/cs\/wp-json\/wp\/v2\/product\/34287\/revisions"}],"predecessor-version":[{"id":34291,"href":"https:\/\/www.westcam-group.com\/cs\/wp-json\/wp\/v2\/product\/34287\/revisions\/34291"}],"up":[{"embeddable":true,"href":"https:\/\/www.westcam-group.com\/cs\/wp-json\/wp\/v2\/product\/5389"}],"wp:featuredmedia":[{"embeddable":true,"href":"https:\/\/www.westcam-group.com\/cs\/wp-json\/wp\/v2\/media\/34288"}],"wp:attachment":[{"href":"https:\/\/www.westcam-group.com\/cs\/wp-json\/wp\/v2\/media?parent=34287"}],"wp:term":[{"taxonomy":"competence","embeddable":true,"href":"https:\/\/www.westcam-group.com\/cs\/wp-json\/wp\/v2\/competence?post=34287"}],"curies":[{"name":"wp","href":"https:\/\/api.w.org\/{rel}","templated":true}]}}