{"id":34225,"date":"2024-04-24T10:37:07","date_gmt":"2024-04-24T08:37:07","guid":{"rendered":"https:\/\/www.westcam-group.com\/produkte\/systemy-pro-kontrolu-kvality-na-konci-linky-a-v-lince-inline-end-of-line-qa\/"},"modified":"2025-05-07T09:21:44","modified_gmt":"2025-05-07T07:21:44","slug":"systemy-pro-kontrolu-kvality-na-konci-linky-a-v-lince-inline-end-of-line-qa","status":"publish","type":"product","link":"https:\/\/www.westcam-group.com\/cs\/produkty\/zpracovani-obrazu\/kontrola-kvality-na-lince-a-na-konci-linky\/systemy-pro-kontrolu-kvality-na-konci-linky-a-v-lince-inline-end-of-line-qa\/","title":{"rendered":"Inline a koncov\u00e1 \u0159e\u0161en\u00ed pro zaji\u0161t\u011bn\u00ed kvality"},"content":{"rendered":"\n<div style=\"background-image:url(&apos;https:\/\/www.westcam-group.com\/wp-content\/uploads\/2024\/03\/bggrid.webp&apos;);background-position:50% 50%;background-repeat:no-repeat;background-size:contain;\" class=\"wp-block-group has-global-padding is-layout-constrained wp-container-core-group-is-layout-9f245e94 wp-block-group-is-layout-constrained has-background\">\n<div class=\"wp-block-webx-blocks-grid is-layout-grid wp-container-webx-blocks-grid-is-layout-8c8cfa07 wp-block-webx-blocks-grid-is-layout-grid\" style=\"margin-top:var(--wp--preset--spacing--50);margin-bottom:var(--wp--preset--spacing--50);--grid-columns-desktop:2;--grid-columns-tablet:2;--grid-columns-mobile:1\">\n<div class=\"wp-block-webx-blocks-grid-item is-layout-flow wp-block-webx-blocks-grid-item-is-layout-flow\" style=\"padding-top:var(--wp--preset--spacing--30);padding-right:var(--wp--preset--spacing--10);padding-bottom:var(--wp--preset--spacing--10);padding-left:var(--wp--preset--spacing--10);--grid-area-desktop:auto \/ auto \/ auto \/ auto;--grid-area-tablet:auto \/ auto \/ auto \/ auto;--grid-area-mobile:auto \/ auto \/ auto \/ auto\">\n<div class=\"wp-block-webx-blocks-fake-heading heading-h4 is-style-westcamized\" style=\"text-transform:none\">V\u00e1\u0161 produkt sledujeme<\/div>\n\n\n\n<h1 class=\"wp-block-heading hero-title has-xx-large-font-size\" style=\"margin-top:var(--wp--preset--spacing--20);margin-bottom:var(--wp--preset--spacing--20);line-height:1;text-transform:none\">Inline a koncov\u00e1 \u0159e\u0161en\u00ed pro zaji\u0161t\u011bn\u00ed kvality<\/h1>\n\n\n\n<p><strong>Kontrola kvality pomoc\u00ed zpracov\u00e1n\u00ed obrazu<\/strong>. <strong>Automatizujte a podporujte inline a end-of-line kontrolu kvality pomoc\u00ed WESTCAM-Know-WOW<\/strong>.<\/p>\n\n\n\n<p>Jste s t\u00edm obezn\u00e1meni? 8 hodin odstra\u0148ov\u00e1n\u00ed z\u00e1vad vede k \u00fanav\u011b a chyb\u00e1m v detekci z\u00e1vad? Interpretuj\u00ed zam\u011bstnanci p\u0159i vizu\u00e1ln\u00edch kontrol\u00e1ch hranice chyb r\u016fzn\u011b? Rozd\u00edly v kvalit\u011b mezi denn\u00edmi a no\u010dn\u00edmi sm\u011bnami?     <\/p>\n\n\n\n<p>S kamerovou technologi\u00ed a softwarem individu\u00e1ln\u011b naprogramovan\u00fdm podle po\u017eadavk\u016f z\u00e1kazn\u00edka s klasick\u00fdm zpracov\u00e1n\u00edm obrazu a AI \/ strojov\u00fdm u\u010den\u00edm od WESTCAM Technologies m\u016f\u017eete zv\u00fd\u0161it reprodukovatelnost va\u0161eho zaji\u0161t\u011bn\u00ed kvality!<\/p>\n\n\n\n<p>Vyzv\u011bte n\u00e1s sv\u00fdmi po\u017eadavky a uk\u00e1zkov\u00fdmi katalogy chyb, t\u011b\u0161\u00edme se na v\u00e1s!<\/p>\n\n\n\n<div class=\"wp-block-buttons is-layout-flex wp-block-buttons-is-layout-flex\" style=\"margin-top:var(--wp--preset--spacing--20);margin-bottom:var(--wp--preset--spacing--20)\">\n<div class=\"wp-block-button\"><a class=\"wp-block-button__link wp-element-button\" href=\"#free-version\">Po\u017e\u00e1dat nyn\u00ed<\/a><\/div>\n<\/div>\n\n\n\n<p class=\"has-accent-2-color has-text-color has-link-color wp-elements-b2f5275c07b3d16aeceedd421918cf74\"><strong>Das k\u00f6nnte Sie auch interessieren<\/strong><\/p>\n\n\n\n<p class=\"has-accent-2-color has-text-color has-link-color wp-elements-96fa32489e88cfb2a7340d53e80e3ad8\"><a href=\"https:\/\/www.westcam-group.com\/cs\/?post_type=product&amp;p=37710\" data-type=\"product\" data-id=\"37622\"><span class=\"add-arrow\">Mobiln\u00ed pr\u00fcfsysteme<\/span><\/a><\/p>\n<\/div>\n\n\n\n<div class=\"wp-block-webx-blocks-grid-item is-layout-flow wp-container-webx-blocks-grid-item-is-layout-69fcd244 wp-block-webx-blocks-grid-item-is-layout-flow\" style=\"padding-top:0;padding-right:0;padding-bottom:0;padding-left:0;--grid-area-desktop:auto \/ auto \/ auto \/ auto;--grid-area-tablet:auto \/ auto \/ auto \/ auto;--grid-area-mobile:auto \/ auto \/ auto \/ auto\">\n<figure class=\"wp-block-image aligncenter size-full is-style-default\"><img loading=\"lazy\" decoding=\"async\" width=\"1920\" height=\"800\" src=\"https:\/\/www.westcam-group.com\/wp-content\/uploads\/2024\/08\/bvsr-bild4.jpg\" alt=\"Inline a end-of-line \u0159e\u0161en\u00ed pro zaji\u0161t\u011bn\u00ed kvality\nKontrola kvality pomoc\u00ed zpracov\u00e1n\u00ed obrazu. Automatizujte a podpo\u0159te inline a end-of-line kontrolu kvality pomoc\u00ed WESTCAM-Know-WOW!   \" class=\"wp-image-19555\" srcset=\"https:\/\/www.westcam-group.com\/wp-content\/uploads\/2024\/08\/bvsr-bild4.jpg 1920w, https:\/\/www.westcam-group.com\/wp-content\/uploads\/2024\/08\/bvsr-bild4-300x125.jpg 300w, https:\/\/www.westcam-group.com\/wp-content\/uploads\/2024\/08\/bvsr-bild4-1024x427.jpg 1024w, https:\/\/www.westcam-group.com\/wp-content\/uploads\/2024\/08\/bvsr-bild4-768x320.jpg 768w, https:\/\/www.westcam-group.com\/wp-content\/uploads\/2024\/08\/bvsr-bild4-1536x640.jpg 1536w, https:\/\/www.westcam-group.com\/wp-content\/uploads\/2024\/08\/bvsr-bild4-1440x600.jpg 1440w\" sizes=\"auto, (max-width: 1920px) 100vw, 1920px\" \/><\/figure>\n\n\n\n<div class=\"wp-block-group hero-violet has-accent-2-background-color has-background is-layout-flow wp-block-group-is-layout-flow\" style=\"padding-top:var(--wp--preset--spacing--30);padding-right:var(--wp--preset--spacing--30);padding-bottom:var(--wp--preset--spacing--30);padding-left:var(--wp--preset--spacing--30)\">\n<div class=\"wp-block-webx-blocks-fake-heading heading-h4 hero-subtitle has-base-color has-text-color\">Nejd\u016fle\u017eit\u011bj\u0161\u00ed informace<\/div>\n\n\n\n<ul class=\"wp-block-list hero-bullet-list-items is-style-westcam-list has-base-color has-accent-2-background-color has-text-color has-background has-link-color wp-elements-6e5fe51a9b8db3f63b856f6a9b6faeb3\">\n<li>Individu\u00e1ln\u00ed v\u00fdvoj \u0159e\u0161en\u00ed pro slo\u017eit\u00e9 \u00falohy<\/li>\n\n\n\n<li>Reprodukovateln\u00e9 v\u00fdsledky<\/li>\n\n\n\n<li>Retrofit lze integrovat do v\u00fdrobn\u00edho procesu<\/li>\n\n\n\n<li>&#8222;\u017e\u00e1dn\u00fd limit&#8220; &#8211; i pro vysokou variabilitu d\u00edl\u016f<\/li>\n<\/ul>\n<\/div>\n<\/div>\n<\/div>\n<\/div>\n\n\n\n<div class=\"wp-block-group has-global-padding is-layout-constrained wp-container-core-group-is-layout-baed9f38 wp-block-group-is-layout-constrained\" style=\"margin-top:var(--wp--preset--spacing--60);margin-bottom:var(--wp--preset--spacing--60)\">\n<h3 class=\"wp-block-heading\" style=\"margin-top:var(--wp--preset--spacing--20);margin-right:0;margin-bottom:var(--wp--preset--spacing--20);margin-left:0;text-transform:none\">\u010casto kladen\u00e9 ot\u00e1zky (FAQ)<\/h3>\n\n\n\n<script type=\"application\/ld+json\">{\"@context\":\"https:\/\/schema.org\",\"@type\":\"FAQPage\",\"mainEntity\":[{\"@type\":\"Question\",\"name\":\"Jak\u00e9 v\u00fdhody nab\u00edzej\u00ed syst\u00e9my pro zpracov\u00e1n\u00ed obrazu p\u0159i zaji\u0161\u0165ov\u00e1n\u00ed kvality na lince a na konci linky?\",\"acceptedAnswer\":{\"@type\":\"Answer\",\"text\":\"Syst\u00e9my pro zpracov\u00e1n\u00ed obrazu p\u0159i zaji\u0161\u0165ov\u00e1n\u00ed kvality vyv\u00edjej\u00ed&lt;br>podle va\u0161ich po\u017eadavk\u016f odborn\u00edci ze spole\u010dnosti Westcam Technologies a programuj\u00ed je&lt;br>. To v\u00e1m umo\u017en\u00ed dos\u00e1hnout nejvy\u0161\u0161\u00edho standardu a konzistentn\u00edch v\u00fdsledk\u016f&lt;br>.   \"}},{\"@type\":\"Question\",\"name\":\"Kdo se zaj\u00edm\u00e1 o syst\u00e9my zpracov\u00e1n\u00ed obrazu pro zaji\u0161t\u011bn\u00ed kvality?  \",\"acceptedAnswer\":{\"@type\":\"Answer\",\"text\":\"V\u0161echny v\u00fdrobn\u00ed spole\u010dnosti, kter\u00e9 cht\u011bj\u00ed\/pot\u0159ebuj\u00ed prov\u00e1d\u011bt 100% kontrolu kvality sv\u00fdch v\u00fdrobk\u016f z vlastn\u00ed motivace nebo na popud sv\u00fdch z\u00e1kazn\u00edk\u016f.V\u00fdkonn\u00e9 kamerov\u00e9 syst\u00e9my pro identifikaci v\u00fdrobn\u00edch vad v kombinaci s inteligentn\u00edm softwarem \u010dasto p\u0159ekon\u00e1vaj\u00ed lidsk\u00e9 schopnosti, pokud jde o p\u0159esnost a rychlost m\u011b\u0159en\u00ed. \u0158e\u0161en\u00ed: Reprodukovateln\u00e1 a objektivn\u00ed detekce a sledov\u00e1n\u00ed vad.   \"}}]}<\/script><div class=\"wp-block-webx-blocks-accordion\">\n<div class=\"accordion\" id=\"jak-vhody-nabzej-systmy-pro-zpracovn-obrazu-pi-zajiovn-kvality-na-lince-a-na-konci-linky\"><h2 class=\"title faq-title\" itemprop=\"name\"><a href=\"#jak-vhody-nabzej-systmy-pro-zpracovn-obrazu-pi-zajiovn-kvality-na-lince-a-na-konci-linky\">Jak\u00e9 v\u00fdhody nab\u00edzej\u00ed syst\u00e9my pro zpracov\u00e1n\u00ed obrazu p\u0159i zaji\u0161\u0165ov\u00e1n\u00ed kvality na lince a na konci linky?<\/a><\/h2><div class=\"content\"><div class=\"wrapper\">\n<p>Syst\u00e9my pro zpracov\u00e1n\u00ed obrazu p\u0159i zaji\u0161\u0165ov\u00e1n\u00ed kvality vyv\u00edjej\u00ed<br>podle va\u0161ich po\u017eadavk\u016f odborn\u00edci ze spole\u010dnosti Westcam Technologies a programuj\u00ed je<br>. To v\u00e1m umo\u017en\u00ed dos\u00e1hnout nejvy\u0161\u0161\u00edho standardu a konzistentn\u00edch v\u00fdsledk\u016f<br>.   <\/p>\n<\/div><\/div><\/div>\n\n\n\n<div class=\"accordion\" id=\"kdo-se-zajm-o-systmy-zpracovn-obrazu-pro-zajitn-kvality--\"><h2 class=\"title faq-title\" itemprop=\"name\"><a href=\"#kdo-se-zajm-o-systmy-zpracovn-obrazu-pro-zajitn-kvality--\">Kdo se zaj\u00edm\u00e1 o syst\u00e9my zpracov\u00e1n\u00ed obrazu pro zaji\u0161t\u011bn\u00ed kvality?  <\/a><\/h2><div class=\"content\"><div class=\"wrapper\">\n<p>V\u0161echny v\u00fdrobn\u00ed spole\u010dnosti, kter\u00e9 cht\u011bj\u00ed\/pot\u0159ebuj\u00ed prov\u00e1d\u011bt 100% kontrolu kvality sv\u00fdch v\u00fdrobk\u016f z vlastn\u00ed motivace nebo na popud sv\u00fdch z\u00e1kazn\u00edk\u016f.<\/p>\n\n\n\n<p>V\u00fdkonn\u00e9 kamerov\u00e9 syst\u00e9my pro identifikaci v\u00fdrobn\u00edch vad v kombinaci s inteligentn\u00edm softwarem \u010dasto p\u0159ekon\u00e1vaj\u00ed lidsk\u00e9 schopnosti, pokud jde o p\u0159esnost a rychlost m\u011b\u0159en\u00ed. \u0158e\u0161en\u00ed: Reprodukovateln\u00e1 a objektivn\u00ed detekce a sledov\u00e1n\u00ed vad.   <\/p>\n<\/div><\/div><\/div>\n<\/div>\n<\/div>\n\n\n\n<div class=\"wp-block-group has-global-padding is-layout-constrained wp-container-core-group-is-layout-19e250f3 wp-block-group-is-layout-constrained\">\n<div id=\"free-version\" class=\"wp-block-group has-base-color has-contrast-background-color has-text-color has-background has-link-color wp-elements-967464b888cdb78ceb48ae32fd9d774b has-global-padding is-layout-constrained wp-container-core-group-is-layout-d2702112 wp-block-group-is-layout-constrained\" style=\"padding-top:var(--wp--preset--spacing--30);padding-right:var(--wp--preset--spacing--40);padding-bottom:var(--wp--preset--spacing--30);padding-left:var(--wp--preset--spacing--40)\">\n<h3 class=\"wp-block-heading has-base-color has-text-color has-link-color wp-elements-05aff5d145fb26661d8a554b35b2cffa\" style=\"text-transform:none\">Porad\u00edme v\u00e1m osobn\u011b!<\/h3>\n\n\n\n<div class=\"wpcf7 no-js\" id=\"wpcf7-f36538-o1\" lang=\"cs-CZ\" dir=\"ltr\" data-wpcf7-id=\"36538\">\n<div class=\"screen-reader-response\"><p role=\"status\" aria-live=\"polite\" aria-atomic=\"true\"><\/p> <ul><\/ul><\/div>\n<form action=\"\/cs\/wp-json\/wp\/v2\/product\/34225#wpcf7-f36538-o1\" method=\"post\" class=\"wpcf7-form init\" aria-label=\"Kontaktn\u00ed formul\u00e1\u0159\" novalidate=\"novalidate\" data-status=\"init\">\n<fieldset class=\"hidden-fields-container\"><input type=\"hidden\" name=\"_wpcf7\" value=\"36538\" \/><input type=\"hidden\" name=\"_wpcf7_version\" value=\"6.1.5\" \/><input type=\"hidden\" name=\"_wpcf7_locale\" value=\"cs_CZ\" \/><input type=\"hidden\" name=\"_wpcf7_unit_tag\" value=\"wpcf7-f36538-o1\" \/><input type=\"hidden\" name=\"_wpcf7_container_post\" value=\"0\" \/><input type=\"hidden\" name=\"_wpcf7_posted_data_hash\" value=\"\" \/><input type=\"hidden\" name=\"_wpcf7dtx_version\" value=\"5.0.5\" \/><input type=\"hidden\" name=\"_wpcf7_recaptcha_response\" value=\"\" \/>\n<\/fieldset>\n<h3 class=\"heading\">  Dotaz <label class=\"wpcf7-form-control wpcf7-label wpcf7dtx wpcf7dtx-label\" for=\"Inline a koncov\u00e1 \u0159e\u0161en\u00ed pro zaji\u0161t\u011bn\u00ed kvality\">Inline a koncov\u00e1 \u0159e\u0161en\u00ed pro zaji\u0161t\u011bn\u00ed kvality<\/label><span class=\"wpcf7-form-control-wrap dynamic_hidden-post-title\" data-name=\"dynamic_hidden-post-title\"><input type=\"hidden\" name=\"dynamic_hidden-post-title\" class=\"wpcf7-form-control wpcf7-hidden wpcf7dtx wpcf7dtx-hidden\" aria-invalid=\"false\" value=\"Inline a koncov\u00e1 \u0159e\u0161en\u00ed pro zaji\u0161t\u011bn\u00ed kvality\"><\/span><\/h3>\n\n<label>  N\u00e1zev\n    <span class=\"wpcf7-form-control-wrap\" data-name=\"fullname\"><input size=\"40\" maxlength=\"400\" class=\"wpcf7-form-control wpcf7-text\" aria-invalid=\"false\" value=\"\" type=\"text\" name=\"fullname\" \/><\/span> <\/label>\n\n<label>  E-mailov\u00e1 adresa*\n    <span class=\"wpcf7-form-control-wrap\" data-name=\"email\"><input size=\"40\" maxlength=\"400\" class=\"wpcf7-form-control wpcf7-email wpcf7-validates-as-required wpcf7-text wpcf7-validates-as-email\" aria-required=\"true\" aria-invalid=\"false\" value=\"\" type=\"email\" name=\"email\" \/><\/span> <\/label>\n\n<label>  Spole\u010dnost\n    <span class=\"wpcf7-form-control-wrap\" data-name=\"unternehmen\"><input size=\"40\" maxlength=\"400\" class=\"wpcf7-form-control wpcf7-text\" aria-invalid=\"false\" value=\"\" type=\"text\" name=\"unternehmen\" \/><\/span> <\/label>\n\n<label>  Va\u0161e zpr\u00e1va*\n    <span class=\"wpcf7-form-control-wrap\" data-name=\"nachricht\"><textarea cols=\"40\" rows=\"10\" maxlength=\"2000\" class=\"wpcf7-form-control wpcf7-textarea wpcf7-validates-as-required\" aria-required=\"true\" aria-invalid=\"false\" name=\"nachricht\"><\/textarea><\/span> <\/label>\n\n<span class=\"wpcf7-form-control-wrap dynamic_hidden_page_url\" data-name=\"dynamic_hidden_page_url\"><input type=\"hidden\" name=\"dynamic_hidden_page_url\" class=\"wpcf7-form-control wpcf7-hidden wpcf7dtx wpcf7dtx-hidden\" aria-invalid=\"false\" value=\"https:\/\/www.westcam-group.com\/cs\/wp-json\/wp\/v2\/product\/34225\"><\/span>\n\n<input class=\"wpcf7-form-control wpcf7-submit has-spinner\" type=\"submit\" value=\"Odeslat\" \/>\n\n[odpov\u011b\u010f]<div class=\"wpcf7-response-output\" aria-hidden=\"true\"><\/div>\n<\/form>\n<\/div>\n\n<\/div>\n\n\n\n<div id=\"ansprechpartner\" class=\"wp-block-group has-base-2-background-color has-background has-global-padding is-layout-constrained wp-container-core-group-is-layout-16946a23 wp-block-group-is-layout-constrained\" style=\"margin-top:0;margin-bottom:0;padding-top:var(--wp--preset--spacing--30);padding-right:var(--wp--preset--spacing--30);padding-bottom:var(--wp--preset--spacing--30);padding-left:var(--wp--preset--spacing--30)\">\n<div class=\"wp-block-group has-base-2-background-color has-background has-global-padding is-layout-constrained wp-container-core-group-is-layout-19e250f3 wp-block-group-is-layout-constrained\">\n<h2 class=\"wp-block-heading\" style=\"text-transform:none\">R\u00e1di jsme tu pro v\u00e1s<\/h2>\n<\/div>\n\n\n<div class=\"wp-block-webx-blocks-westcam-employee-display\">\n    <div class=\"employee-image\">\n        <img decoding=\"async\" src=\"https:\/\/www.westcam-group.com\/wp-content\/uploads\/2022\/02\/Harald.Unterrainer.CEO_.png\" alt=Harald Unterrainer \/>\n    <\/div>\n    <div class=\"employee-info\">\n        <div class=\"heading-h3\">Harald Unterrainer<\/div>\n        <div class=\"heading-h5 is-style-westcamized\">Gener\u00e1ln\u00ed \u0159editel WESTCAM Technologies GmbH<\/div>\n    <\/div>\n    <div class=\"employee-social\">\n        <div class=\"icons\">\n                        <a href=https:\/\/www.linkedin.com\/in\/mag-harald-unterrainer-mba-cse-b0829214\/ title=\"Harald Unterrainer on linkedIn\"\n                target=\"_blank\" rel=\"noopener noreferrer\">\n                <?xml version=\"1.0\" encoding=\"UTF-8\" standalone=\"no\"?>\n                <!DOCTYPE svg PUBLIC \"-\/\/W3C\/\/DTD SVG 1.1\/\/EN\" \"http:\/\/www.w3.org\/Graphics\/SVG\/1.1\/DTD\/svg11.dtd\"><svg\n                    width=\"100%\" height=\"100%\" viewBox=\"0 0 248 204\" version=\"1.1\" xmlns=\"http:\/\/www.w3.org\/2000\/svg\"\n                    xmlns:xlink=\"http:\/\/www.w3.org\/1999\/xlink\" xml:space=\"preserve\" xmlns:serif=\"http:\/\/www.serif.com\/\"\n                    style=\"fill-rule:evenodd;clip-rule:evenodd;stroke-linejoin:round;stroke-miterlimit:2;\">\n                    <path\n                        d=\"M226,204l-41.916,0l0,-71.392c0,-19.573 -7.437,-30.512 -22.93,-30.512c-16.854,0 -25.659,11.383 -25.659,30.512l-0,71.392l-40.395,0l-0,-136l40.395,-0l-0,18.319c-0,0 12.146,-22.474 41.006,-22.474c28.847,-0 49.499,17.616 49.499,54.048l0,86.107Zm-179.091,-153.808c-13.759,-0 -24.909,-11.237 -24.909,-25.096c0,-13.859 11.15,-25.096 24.909,-25.096c13.759,-0 24.902,11.237 24.902,25.096c0,13.859 -11.143,25.096 -24.902,25.096Zm-20.858,153.808l42.121,0l0,-136l-42.121,-0l-0,136Z\" \/>\n                <\/svg>\n            <\/a>\n                                    <a href=\"\/vcard\/33808\" title=\"Download vCard\"\n                class=\"vcard-button\">\n                <svg xmlns=\"http:\/\/www.w3.org\/2000\/svg\" width=\"32.143\" height=\"25\" viewBox=\"0 0 32.143 25\">\n                    <path id=\"address-card-solid\"\n                        d=\"M3.571,32A3.575,3.575,0,0,0,0,35.571V53.429A3.575,3.575,0,0,0,3.571,57h25a3.575,3.575,0,0,0,3.571-3.571V35.571A3.575,3.575,0,0,0,28.571,32ZM8.036,46.286h3.571a4.463,4.463,0,0,1,4.464,4.464.9.9,0,0,1-.893.893H4.464a.9.9,0,0,1-.893-.893A4.463,4.463,0,0,1,8.036,46.286ZM6.25,40.929A3.571,3.571,0,1,1,9.821,44.5,3.571,3.571,0,0,1,6.25,40.929Zm14.286-1.786h7.143a.893.893,0,0,1,0,1.786H20.536a.893.893,0,0,1,0-1.786Zm0,3.571h7.143a.893.893,0,0,1,0,1.786H20.536a.893.893,0,0,1,0-1.786Zm0,3.571h7.143a.893.893,0,0,1,0,1.786H20.536a.893.893,0,0,1,0-1.786Z\"\n                        transform=\"translate(0 -32)\" fill=\"#111\" \/>\n                <\/svg>\n            <\/a>\n        <\/div>\n    <\/div>\n    <div class=\"employee-contact\">\n                <a href=\"tel:+43 5223 55509 132\">\n            <div class=\" employee-phone\">\n                <svg xmlns=\"http:\/\/www.w3.org\/2000\/svg\" width=\"32\" height=\"32\" viewBox=\"0 0 32 32\">\n                    <path id=\"phone\"\n                        d=\"M6.529,4h7.059l3.529,8.824-4.412,2.647a19.412,19.412,0,0,0,8.824,8.824l2.647-4.412L33,23.412v7.059A3.529,3.529,0,0,1,29.471,34,28.235,28.235,0,0,1,3,7.529,3.529,3.529,0,0,1,6.529,4\"\n                        transform=\"translate(-2 -3)\" fill=\"none\" stroke=\"#111\" stroke-linecap=\"round\"\n                        stroke-linejoin=\"round\" stroke-width=\"2\" \/>\n                <\/svg>\n\n                +43 5223 55509 132\n            <\/div>\n        <\/a>\n                                <a href=\"mailto:harald.unterrainer@westcam.at\">\n            <div class=\" employee-email\">\n                <svg xmlns=\"http:\/\/www.w3.org\/2000\/svg\" width=\"32.773\" height=\"25.333\" viewBox=\"0 0 32.773 25.333\">\n                    <g id=\"mail\" transform=\"translate(1.387 1)\">\n                        <rect id=\"Rechteck_11\" data-name=\"Rechteck 11\" width=\"30\" height=\"23.333\" rx=\"2\" fill=\"none\"\n                            stroke=\"#111\" stroke-linecap=\"round\" stroke-linejoin=\"round\" stroke-width=\"2\" \/>\n                        <path id=\"Pfad_100\" data-name=\"Pfad 100\" d=\"M3,7,18,17,33,7\" transform=\"translate(-3 -3.667)\"\n                            fill=\"none\" stroke=\"#111\" stroke-linecap=\"round\" stroke-linejoin=\"round\" stroke-width=\"2\" \/>\n                    <\/g>\n                <\/svg>\n                harald.unterrainer@westcam.at\n            <\/div>\n        <\/a>\n        \n\n\n    <\/div>\n        <div class=\"employee-callback wp-block-button is-style-outline\">\n        <a href=\"\/anfrage\/\"\n            class=\"wp-block-button__link wp-element-button\">zeptat se<\/a>\n    <\/div>\n    <\/div><\/div>\n<\/div>\n","protected":false},"excerpt":{"rendered":"<p>Kontrola kvality pomoc\u00ed zpracov\u00e1n\u00ed obrazu. Automatizujte a podporujte inline a end-of-line kontrolu kvality pomoc\u00ed WESTCAM-Know-WOW.   <\/p>\n","protected":false},"author":2,"featured_media":19556,"parent":34485,"menu_order":4,"comment_status":"closed","ping_status":"closed","template":"","meta":{"content-type":"","footnotes":""},"competence":[2771],"class_list":["post-34225","product","type-product","status-publish","has-post-thumbnail","hentry","competence-inline-end-of-line-qualitaetskontrolle-cs"],"_links":{"self":[{"href":"https:\/\/www.westcam-group.com\/cs\/wp-json\/wp\/v2\/product\/34225","targetHints":{"allow":["GET"]}}],"collection":[{"href":"https:\/\/www.westcam-group.com\/cs\/wp-json\/wp\/v2\/product"}],"about":[{"href":"https:\/\/www.westcam-group.com\/cs\/wp-json\/wp\/v2\/types\/product"}],"author":[{"embeddable":true,"href":"https:\/\/www.westcam-group.com\/cs\/wp-json\/wp\/v2\/users\/2"}],"replies":[{"embeddable":true,"href":"https:\/\/www.westcam-group.com\/cs\/wp-json\/wp\/v2\/comments?post=34225"}],"version-history":[{"count":5,"href":"https:\/\/www.westcam-group.com\/cs\/wp-json\/wp\/v2\/product\/34225\/revisions"}],"predecessor-version":[{"id":38963,"href":"https:\/\/www.westcam-group.com\/cs\/wp-json\/wp\/v2\/product\/34225\/revisions\/38963"}],"up":[{"embeddable":true,"href":"https:\/\/www.westcam-group.com\/cs\/wp-json\/wp\/v2\/product\/34485"}],"wp:featuredmedia":[{"embeddable":true,"href":"https:\/\/www.westcam-group.com\/cs\/wp-json\/wp\/v2\/media\/19556"}],"wp:attachment":[{"href":"https:\/\/www.westcam-group.com\/cs\/wp-json\/wp\/v2\/media?parent=34225"}],"wp:term":[{"taxonomy":"competence","embeddable":true,"href":"https:\/\/www.westcam-group.com\/cs\/wp-json\/wp\/v2\/competence?post=34225"}],"curies":[{"name":"wp","href":"https:\/\/api.w.org\/{rel}","templated":true}]}}