{"id":34193,"date":"2024-04-24T09:39:45","date_gmt":"2024-04-24T07:39:45","guid":{"rendered":"https:\/\/www.westcam-group.com\/produkte\/pdm-mes\/pdm-product-data-management\/"},"modified":"2025-04-29T16:46:29","modified_gmt":"2025-04-29T14:46:29","slug":"pdm-product-data-management","status":"publish","type":"product","link":"https:\/\/www.westcam-group.com\/cs\/produkty\/pdm-mes\/pdm-product-data-management\/","title":{"rendered":"PDM &#8211; Spr\u00e1va produktov\u00fdch dat"},"content":{"rendered":"\n<div class=\"wp-block-group alignfull has-global-padding is-layout-constrained wp-block-group-is-layout-constrained\">\n<div class=\"wp-block-webx-blocks-westcam-hero alignfull ltr\" style=\"margin-top:var(--wp--preset--spacing--50);margin-bottom:var(--wp--preset--spacing--50)\"><div class=\"hero-image\" style=\"--aspect-ratio:4 \/ 3\"> <img decoding=\"async\" srcset=\"https:\/\/www.westcam-group.com\/wp-content\/uploads\/2024\/09\/westcam-5-icon-pdm-mes-150x150.png 150w, https:\/\/www.westcam-group.com\/wp-content\/uploads\/2024\/09\/westcam-5-icon-pdm-mes-300x300.png 300w, https:\/\/www.westcam-group.com\/wp-content\/uploads\/2024\/09\/westcam-5-icon-pdm-mes-1024x1024.png 1024w, https:\/\/www.westcam-group.com\/wp-content\/uploads\/2024\/09\/westcam-5-icon-pdm-mes.png 1181w, https:\/\/www.westcam-group.com\/wp-content\/uploads\/2024\/09\/westcam-5-icon-pdm-mes-900x900.png 900w, https:\/\/www.westcam-group.com\/wp-content\/uploads\/2024\/09\/westcam-5-icon-pdm-mes-600x600.png 600w\" src=\"https:\/\/www.westcam-group.com\/wp-content\/uploads\/2024\/09\/westcam-5-icon-pdm-mes.png\" alt=\"\"\/><\/div><div class=\"hero-placeholder\"><\/div>\n<div class=\"wp-block-group hero-content is-layout-flow wp-block-group-is-layout-flow\">\n<div class=\"wp-block-webx-blocks-fake-heading heading-h4 hero-subtitle is-style-westcamized\" style=\"text-transform:none\">Jak dostat sv\u00e1 data pod kontrolu  <\/div>\n\n\n<h1 style=\"text-transform:none; margin-top:0;margin-bottom:0;\" class=\"wp-block-post-title\">PDM &#8211; Spr\u00e1va produktov\u00fdch dat<\/h1>\n\n\n<p>Efektivn\u00ed <strong>spr\u00e1va dat o produktech<\/strong> je kl\u00ed\u010dem k hladk\u00e9mu pr\u016fb\u011bhu pr\u00e1ce. Na\u0161e \u0159e\u0161en\u00ed PDM v\u00e1m nab\u00edzej\u00ed v\u00fdkonn\u00e9 <strong>n\u00e1stroje pro<\/strong> automatizaci <strong>proces\u016f n\u00e1vrhu a v\u00fdvoje<\/strong>. M\u016f\u017eete je tak\u00e9 vyu\u017e\u00edt k \u0159\u00edzen\u00ed v\u0161ech <strong>p\u0159\u00edstupov\u00fdch a edita\u010dn\u00edch pr\u00e1v<\/strong>. D\u00edky transparentn\u00ed historii verz\u00ed a reviz\u00ed m\u00e1te v\u017edy po ruce <strong>nejnov\u011bj\u0161\u00ed data <\/strong>.     <\/p>\n\n\n\n<p>S <strong>PDM od spole\u010dnosti WESTCAM<\/strong> m\u016f\u017eete zajistit, aby va\u0161e <strong>t\u00fdmy<\/strong> mohly l\u00e9pe spolupracovat, a t\u00edm zv\u00fd\u0161it <strong>produktivitu<\/strong>.<\/p>\n<\/div>\n<\/div>\n<\/div>\n\n<h2 class=\"wp-block-heading\" style=\"text-transform:none\">Na\u0161e nab\u00eddka pro v\u00e1s<\/h2>\n<div style=\"margin-top:var(--wp--preset--spacing--30);margin-bottom:var(--wp--preset--spacing--50);\" class=\"wp-block-webx-post-list-webx-post-list wp-block-webx-post-list-webx-post-list\" data-listid=\"97918\">\n    <script class=\"webx-filter-list-config\" type=\"application\/json\">{\"postType\":\"product\",\"enableParentPost\":true,\"displayGrid\":true,\"subTitle\":\"product_category\",\"fieldOne\":\"product_category\",\"fieldTwo\":\"product_category\",\"className\":\"wp-block-webx-post-list-webx-post-list\",\"style\":{\"spacing\":{\"margin\":{\"top\":\"var:preset|spacing|30\",\"bottom\":\"var:preset|spacing|50\"}}},\"compactGrid\":false,\"language\":\"en\",\"listId\":97918,\"postId\":34193}<\/script>\n    <div class=\"webx-post-list\" data-listid=\"97918\"><\/div>\n    \n<div>\n<div class=\"wp-block-webx-post-list-webx-filters\"><div><\/div><\/div>\n<\/div>\n<\/div>","protected":false},"excerpt":{"rendered":"<p>Na\u0161e nab\u00eddka pro v\u00e1s<\/p>\n","protected":false},"author":2,"featured_media":25077,"parent":5262,"menu_order":4,"comment_status":"closed","ping_status":"closed","template":"","meta":{"content-type":"","footnotes":""},"competence":[2813],"class_list":["post-34193","product","type-product","status-publish","has-post-thumbnail","hentry","competence-pdm-product-data-managment-cs"],"_links":{"self":[{"href":"https:\/\/www.westcam-group.com\/cs\/wp-json\/wp\/v2\/product\/34193","targetHints":{"allow":["GET"]}}],"collection":[{"href":"https:\/\/www.westcam-group.com\/cs\/wp-json\/wp\/v2\/product"}],"about":[{"href":"https:\/\/www.westcam-group.com\/cs\/wp-json\/wp\/v2\/types\/product"}],"author":[{"embeddable":true,"href":"https:\/\/www.westcam-group.com\/cs\/wp-json\/wp\/v2\/users\/2"}],"replies":[{"embeddable":true,"href":"https:\/\/www.westcam-group.com\/cs\/wp-json\/wp\/v2\/comments?post=34193"}],"version-history":[{"count":4,"href":"https:\/\/www.westcam-group.com\/cs\/wp-json\/wp\/v2\/product\/34193\/revisions"}],"predecessor-version":[{"id":38422,"href":"https:\/\/www.westcam-group.com\/cs\/wp-json\/wp\/v2\/product\/34193\/revisions\/38422"}],"up":[{"embeddable":true,"href":"https:\/\/www.westcam-group.com\/cs\/wp-json\/wp\/v2\/product\/5262"}],"wp:featuredmedia":[{"embeddable":true,"href":"https:\/\/www.westcam-group.com\/cs\/wp-json\/wp\/v2\/media\/25077"}],"wp:attachment":[{"href":"https:\/\/www.westcam-group.com\/cs\/wp-json\/wp\/v2\/media?parent=34193"}],"wp:term":[{"taxonomy":"competence","embeddable":true,"href":"https:\/\/www.westcam-group.com\/cs\/wp-json\/wp\/v2\/competence?post=34193"}],"curies":[{"name":"wp","href":"https:\/\/api.w.org\/{rel}","templated":true}]}}