{"id":34152,"date":"2024-04-24T08:43:18","date_gmt":"2024-04-24T06:43:18","guid":{"rendered":"https:\/\/www.westcam-group.com\/produkte\/cam\/rozsireni\/pdm-plm-pripojeni\/"},"modified":"2025-03-20T14:18:42","modified_gmt":"2025-03-20T13:18:42","slug":"pdm-plm-pripojeni","status":"publish","type":"product","link":"https:\/\/www.westcam-group.com\/cs\/produkty\/cam\/rozsireni\/pdm-plm-pripojeni\/","title":{"rendered":"PDM\/PLM propojen\u00ed"},"content":{"rendered":"\n<div style=\"background-image:url(&apos;https:\/\/www.westcam-group.com\/wp-content\/uploads\/2024\/03\/bggrid.webp&apos;);background-position:50% 50%;background-repeat:no-repeat;background-size:contain;\" class=\"wp-block-group has-global-padding is-layout-constrained wp-container-core-group-is-layout-9f245e94 wp-block-group-is-layout-constrained has-background\">\n<div class=\"wp-block-webx-blocks-grid is-layout-grid wp-container-webx-blocks-grid-is-layout-8c8cfa07 wp-block-webx-blocks-grid-is-layout-grid\" style=\"margin-top:var(--wp--preset--spacing--50);margin-bottom:var(--wp--preset--spacing--50);--grid-columns-desktop:2;--grid-columns-tablet:2;--grid-columns-mobile:1\">\n<div class=\"wp-block-webx-blocks-grid-item is-layout-flow wp-block-webx-blocks-grid-item-is-layout-flow\" style=\"padding-top:var(--wp--preset--spacing--30);padding-right:var(--wp--preset--spacing--10);padding-bottom:var(--wp--preset--spacing--10);padding-left:var(--wp--preset--spacing--10);--grid-area-desktop:auto \/ auto \/ auto \/ auto;--grid-area-tablet:auto \/ auto \/ auto \/ auto;--grid-area-mobile:auto \/ auto \/ auto \/ auto\">\n<div class=\"wp-block-webx-blocks-fake-heading heading-h4 is-style-westcamized\" style=\"text-transform:none\">PDM\/PLM propojen\u00ed s <em>hyper<\/em>MILL<\/div>\n\n\n\n<h1 class=\"wp-block-heading hero-title has-xx-large-font-size\" style=\"margin-top:var(--wp--preset--spacing--20);margin-bottom:var(--wp--preset--spacing--20);line-height:1;text-transform:none\">PDM\/PLM propojen\u00ed<\/h1>\n\n\n\n<p><strong>V modern\u00ed v\u00fdrob\u011b je pro tvorbu NC program\u016f pro CNC stroje nezbytn\u00fd v\u00fdkonn\u00fd CAM syst\u00e9m. Hladk\u00fd v\u00fdrobn\u00ed proces v\u0161ak vy\u017eaduje v\u00edce ne\u017e jen programov\u00e1n\u00ed CAM.   <\/strong><\/p>\n\n\n\n<p><em>hyper<\/em>MILL umo\u017e\u0148ujeoptim\u00e1ln\u00ed propojen\u00ed s dal\u0161\u00edmi syst\u00e9my a oblastmi d\u00edky rozs\u00e1hl\u00fdm integrac\u00edm, rozhran\u00edm a vlastn\u00edm inovativn\u00edm \u0159e\u0161en\u00edm.<\/p>\n\n\n\n<p>Toto propojen\u00ed zaji\u0161\u0165uje komplexn\u00ed digit\u00e1ln\u00ed v\u00fdrobn\u00ed prost\u0159ed\u00ed, kter\u00e9 v\u00fdrazn\u011b zvy\u0161uje efektivitu a produktivitu a sni\u017euje po\u010det rozhran\u00ed.<\/p>\n\n\n\n<div class=\"wp-block-buttons is-layout-flex wp-block-buttons-is-layout-flex\" style=\"margin-top:var(--wp--preset--spacing--20);margin-bottom:var(--wp--preset--spacing--20)\">\n<div class=\"wp-block-button\"><a class=\"wp-block-button__link wp-element-button\" href=\"#free-version\">Poptejte nyn\u00ed<\/a><\/div>\n<\/div>\n<\/div>\n\n\n\n<div class=\"wp-block-webx-blocks-grid-item is-layout-flow wp-container-webx-blocks-grid-item-is-layout-69fcd244 wp-block-webx-blocks-grid-item-is-layout-flow\" style=\"padding-top:0;padding-right:0;padding-bottom:0;padding-left:0;--grid-area-desktop:auto \/ auto \/ auto \/ auto;--grid-area-tablet:auto \/ auto \/ auto \/ auto;--grid-area-mobile:auto \/ auto \/ auto \/ auto\">\n<figure class=\"wp-block-image aligncenter size-full is-style-default\"><img loading=\"lazy\" decoding=\"async\" width=\"2560\" height=\"1548\" src=\"https:\/\/www.westcam-group.com\/wp-content\/uploads\/2024\/04\/pdm-plm-anbindung-westcam-1-scaled.jpeg\" alt=\"\" class=\"wp-image-22213\" srcset=\"https:\/\/www.westcam-group.com\/wp-content\/uploads\/2024\/04\/pdm-plm-anbindung-westcam-1-scaled.jpeg 2560w, https:\/\/www.westcam-group.com\/wp-content\/uploads\/2024\/04\/pdm-plm-anbindung-westcam-1-300x181.jpeg 300w, https:\/\/www.westcam-group.com\/wp-content\/uploads\/2024\/04\/pdm-plm-anbindung-westcam-1-1024x619.jpeg 1024w, https:\/\/www.westcam-group.com\/wp-content\/uploads\/2024\/04\/pdm-plm-anbindung-westcam-1-768x465.jpeg 768w, https:\/\/www.westcam-group.com\/wp-content\/uploads\/2024\/04\/pdm-plm-anbindung-westcam-1-1536x929.jpeg 1536w, https:\/\/www.westcam-group.com\/wp-content\/uploads\/2024\/04\/pdm-plm-anbindung-westcam-1-2048x1239.jpeg 2048w, https:\/\/www.westcam-group.com\/wp-content\/uploads\/2024\/04\/pdm-plm-anbindung-westcam-1-1488x900.jpeg 1488w, https:\/\/www.westcam-group.com\/wp-content\/uploads\/2024\/04\/pdm-plm-anbindung-westcam-1-992x600.jpeg 992w\" sizes=\"auto, (max-width: 2560px) 100vw, 2560px\" \/><\/figure>\n\n\n\n<div class=\"wp-block-group hero-violet has-accent-2-background-color has-background is-layout-flow wp-block-group-is-layout-flow\" style=\"padding-top:var(--wp--preset--spacing--30);padding-right:var(--wp--preset--spacing--30);padding-bottom:var(--wp--preset--spacing--30);padding-left:var(--wp--preset--spacing--30)\">\n<div class=\"wp-block-webx-blocks-fake-heading heading-h4 hero-subtitle has-base-color has-text-color\">Nejd\u016fle\u017eit\u011bj\u0161\u00ed informace<\/div>\n\n\n\n<ul class=\"wp-block-list hero-bullet-list-items is-style-westcam-list has-base-color has-accent-2-background-color has-text-color has-background has-link-color wp-elements-c6013d112da321f212e68164d5100ed3\">\n<li>Integrace do Siemens Teamcenter a PTC Windchill<\/li>\n\n\n\n<li>Mo\u017enost dal\u0161\u00edch integrac\u00ed na vy\u017e\u00e1d\u00e1n\u00ed<\/li>\n<\/ul>\n\n\n\n<figure class=\"wp-block-image size-full is-resized\"><img loading=\"lazy\" decoding=\"async\" width=\"283\" height=\"142\" src=\"https:\/\/www.westcam-group.com\/wp-content\/uploads\/2024\/04\/hypermill_eng_Connected_Machining_white.png\" alt=\"\" class=\"wp-image-17832\" style=\"width:auto;height:90px\"\/><\/figure>\n<\/div>\n<\/div>\n<\/div>\n<\/div>\n\n<div class=\"wp-block-webx-blocks-grid is-layout-grid wp-container-webx-blocks-grid-is-layout-478b6e6b wp-block-webx-blocks-grid-is-layout-grid\" style=\"--grid-columns-desktop:2;--grid-columns-tablet:2;--grid-columns-mobile:1\">\n<div class=\"wp-block-webx-blocks-grid-item is-layout-flow wp-block-webx-blocks-grid-item-is-layout-flow\" style=\"padding-top:var(--wp--preset--spacing--10);padding-right:var(--wp--preset--spacing--10);padding-bottom:var(--wp--preset--spacing--10);padding-left:var(--wp--preset--spacing--10);--grid-area-desktop:auto \/ auto \/ auto \/ auto;--grid-area-tablet:auto \/ auto \/ auto \/ auto;--grid-area-mobile:auto \/ auto \/ auto \/ auto\">\n<h3 class=\"wp-block-heading has-text-align-left\" style=\"text-transform:none\">Integrace v Siemens Teamcenter<\/h3>\n\n\n\n<p><em>hyper<\/em>MILL nab\u00edz\u00ed bezprobl\u00e9movou integraci s PDM\/PLM, jako jsou Siemens Teamcenter a PTC Windchill. Tyto integrace umo\u017e\u0148uj\u00ed p\u0159\u00edm\u00fd p\u0159\u00edstup k n\u00e1vrhov\u00fdm dat\u016fm a p\u0159enos v\u0161ech procesn\u011b relevantn\u00edch dat zp\u011bt do syst\u00e9mu PLM. <\/p>\n\n\n\n<p>D\u00edky integraci je zachov\u00e1na konzistence dat a je vytvo\u0159en komplexn\u00ed pracovn\u00ed postup od n\u00e1vrhu a\u017e po v\u00fdrobu. T\u00edm se u\u0161et\u0159\u00ed zna\u010dn\u00e9 mno\u017estv\u00ed \u010dasu a sn\u00ed\u017e\u00ed se chybovost p\u0159i spr\u00e1v\u011b a zpracov\u00e1n\u00ed dat. <\/p>\n<\/div>\n\n\n\n<div class=\"wp-block-webx-blocks-grid-item is-layout-flow wp-block-webx-blocks-grid-item-is-layout-flow\" style=\"padding-top:var(--wp--preset--spacing--10);padding-right:var(--wp--preset--spacing--10);padding-bottom:var(--wp--preset--spacing--10);padding-left:var(--wp--preset--spacing--10);--grid-area-desktop:auto \/ auto \/ auto \/ auto;--grid-area-tablet:auto \/ auto \/ auto \/ auto;--grid-area-mobile:auto \/ auto \/ auto \/ auto\">\n<h3 class=\"wp-block-heading has-text-align-left\" style=\"text-transform:none\">Mo\u017enost dal\u0161\u00edch integrac\u00ed na vy\u017e\u00e1d\u00e1n\u00ed<\/h3>\n\n\n\n<p>Krom\u011b uveden\u00fdch integrac\u00ed nab\u00edz\u00ed <em>hyper<\/em>MILLmo\u017enost realizace dal\u0161\u00edch specifick\u00fdch integrac\u00ed podle individu\u00e1ln\u00edch po\u017eadavk\u016f z\u00e1kazn\u00edka.<\/p>\n\n\n\n<p>D\u00edky tomu je mo\u017en\u00e9 integrovat <em>hyper<\/em>MILL dot\u00e9m\u011b\u0159 jak\u00e9hokoli st\u00e1vaj\u00edc\u00edho prost\u0159ed\u00ed IT a pln\u011b tak vyu\u017e\u00edt v\u00fdhod automatizace a propojen\u00ed.<\/p>\n<\/div>\n<\/div>\n\n<div class=\"wp-block-group has-global-padding is-layout-constrained wp-container-core-group-is-layout-baed9f38 wp-block-group-is-layout-constrained\" style=\"margin-top:var(--wp--preset--spacing--60);margin-bottom:var(--wp--preset--spacing--60)\">\n<h3 class=\"wp-block-heading\" style=\"margin-top:var(--wp--preset--spacing--20);margin-right:0;margin-bottom:var(--wp--preset--spacing--20);margin-left:0;text-transform:none\">\u010casto kladen\u00e9 ot\u00e1zky (FAQ)<\/h3>\n\n\n\n<script type=\"application\/ld+json\">{\"@context\":\"https:\/\/schema.org\",\"@type\":\"FAQPage\",\"mainEntity\":[{\"@type\":\"Question\",\"name\":\"Welche Vorteile bietet die Integration von hyperMILL in PLM-Systeme?\",\"acceptedAnswer\":{\"@type\":\"Answer\",\"text\":\"Die Integration erm\u00f6glicht einen nahtlosen Datenfluss zwischen Konstruktion und Fertigung, verbessert die Datenkonsistenz und reduziert Fehler.\"}},{\"@type\":\"Question\",\"name\":\"K\u00f6nnen weitere spezifische Integrationen realisiert werden?\",\"acceptedAnswer\":{\"@type\":\"Answer\",\"text\":\"&lt;a href=\\\"https:\/\/www.westcam-group.com\/wp-admin\/post.php?post=4293&amp;action=edit#was-ist-der-unterschied-zwischen-autocad-und-autocad-lt\\\">&lt;\/a>Ja, &lt;em>hyper&lt;\/em>MILL bietet die M\u00f6glichkeit, zus\u00e4tzliche Integrationen nach den individuellen Anforderungen der Kunden zu entwickeln.\"}}]}<\/script><div class=\"wp-block-webx-blocks-accordion\">\n<div class=\"accordion\" id=\"welche-vorteile-bietet-die-integration-von-hypermill-in-plmsysteme\"><h2 class=\"title faq-title\" itemprop=\"name\"><a href=\"#welche-vorteile-bietet-die-integration-von-hypermill-in-plmsysteme\">Jak\u00e9 jsou v\u00fdhody integrace hyperMILL do syst\u00e9m\u016f PLM?<\/a><\/h2><div class=\"content\"><div class=\"wrapper\">\n<p>Integrace umo\u017e\u0148uje plynul\u00fd tok dat mezi n\u00e1vrhem a v\u00fdrobou, zlep\u0161uje konzistenci dat a sni\u017euje po\u010det chyb.<\/p>\n<\/div><\/div><\/div>\n\n\n\n<div class=\"accordion\" id=\"knnen-weitere-spezifische-integrationen-realisiert-werden\"><h2 class=\"title faq-title\" itemprop=\"name\"><a href=\"#knnen-weitere-spezifische-integrationen-realisiert-werden\">Lze realizovat dal\u0161\u00ed specifick\u00e9 integrace?<\/a><\/h2><div class=\"content\"><div class=\"wrapper\">\n<p><a href=\"https:\/\/www.westcam-group.com\/wp-admin\/post.php?post=4293&amp;action=edit#was-ist-der-unterschied-zwischen-autocad-und-autocad-lt\"><\/a><\/p>\n\n\n\n<p>Ano, <em>hyperMILL nab\u00edz\u00ed<\/em>mo\u017enost v\u00fdvoje dal\u0161\u00edch integrac\u00ed podle individu\u00e1ln\u00edch po\u017eadavk\u016f z\u00e1kazn\u00edka.<\/p>\n<\/div><\/div><\/div>\n<\/div>\n<\/div>\n\n<div class=\"wp-block-group has-global-padding is-layout-constrained wp-container-core-group-is-layout-19e250f3 wp-block-group-is-layout-constrained\">\n<div id=\"free-version\" class=\"wp-block-group has-base-color has-contrast-background-color has-text-color has-background has-link-color wp-elements-967464b888cdb78ceb48ae32fd9d774b has-global-padding is-layout-constrained wp-container-core-group-is-layout-d2702112 wp-block-group-is-layout-constrained\" style=\"padding-top:var(--wp--preset--spacing--30);padding-right:var(--wp--preset--spacing--40);padding-bottom:var(--wp--preset--spacing--30);padding-left:var(--wp--preset--spacing--40)\">\n<h3 class=\"wp-block-heading has-base-color has-text-color has-link-color wp-elements-05aff5d145fb26661d8a554b35b2cffa\" style=\"text-transform:none\">Porad\u00edme v\u00e1m osobn\u011b!<\/h3>\n\n\n\n<div class=\"wpcf7 no-js\" id=\"wpcf7-f36538-o1\" lang=\"cs-CZ\" dir=\"ltr\" data-wpcf7-id=\"36538\">\n<div class=\"screen-reader-response\"><p role=\"status\" aria-live=\"polite\" aria-atomic=\"true\"><\/p> <ul><\/ul><\/div>\n<form action=\"\/cs\/wp-json\/wp\/v2\/product\/34152#wpcf7-f36538-o1\" method=\"post\" class=\"wpcf7-form init\" aria-label=\"Kontaktn\u00ed formul\u00e1\u0159\" novalidate=\"novalidate\" data-status=\"init\">\n<fieldset class=\"hidden-fields-container\"><input type=\"hidden\" name=\"_wpcf7\" value=\"36538\" \/><input type=\"hidden\" name=\"_wpcf7_version\" value=\"6.1.5\" \/><input type=\"hidden\" name=\"_wpcf7_locale\" value=\"cs_CZ\" \/><input type=\"hidden\" name=\"_wpcf7_unit_tag\" value=\"wpcf7-f36538-o1\" \/><input type=\"hidden\" name=\"_wpcf7_container_post\" value=\"0\" \/><input type=\"hidden\" name=\"_wpcf7_posted_data_hash\" value=\"\" \/><input type=\"hidden\" name=\"_wpcf7dtx_version\" value=\"5.0.5\" \/><input type=\"hidden\" name=\"_wpcf7_recaptcha_response\" value=\"\" \/>\n<\/fieldset>\n<h3 class=\"heading\">  Dotaz <label class=\"wpcf7-form-control wpcf7-label wpcf7dtx wpcf7dtx-label\" for=\"PDM\/PLM propojen\u00ed\">PDM\/PLM propojen\u00ed<\/label><span class=\"wpcf7-form-control-wrap dynamic_hidden-post-title\" data-name=\"dynamic_hidden-post-title\"><input type=\"hidden\" name=\"dynamic_hidden-post-title\" class=\"wpcf7-form-control wpcf7-hidden wpcf7dtx wpcf7dtx-hidden\" aria-invalid=\"false\" value=\"PDM\/PLM propojen\u00ed\"><\/span><\/h3>\n\n<label>  N\u00e1zev\n    <span class=\"wpcf7-form-control-wrap\" data-name=\"fullname\"><input size=\"40\" maxlength=\"400\" class=\"wpcf7-form-control wpcf7-text\" aria-invalid=\"false\" value=\"\" type=\"text\" name=\"fullname\" \/><\/span> <\/label>\n\n<label>  E-mailov\u00e1 adresa*\n    <span class=\"wpcf7-form-control-wrap\" data-name=\"email\"><input size=\"40\" maxlength=\"400\" class=\"wpcf7-form-control wpcf7-email wpcf7-validates-as-required wpcf7-text wpcf7-validates-as-email\" aria-required=\"true\" aria-invalid=\"false\" value=\"\" type=\"email\" name=\"email\" \/><\/span> <\/label>\n\n<label>  Spole\u010dnost\n    <span class=\"wpcf7-form-control-wrap\" data-name=\"unternehmen\"><input size=\"40\" maxlength=\"400\" class=\"wpcf7-form-control wpcf7-text\" aria-invalid=\"false\" value=\"\" type=\"text\" name=\"unternehmen\" \/><\/span> <\/label>\n\n<label>  Va\u0161e zpr\u00e1va*\n    <span class=\"wpcf7-form-control-wrap\" data-name=\"nachricht\"><textarea cols=\"40\" rows=\"10\" maxlength=\"2000\" class=\"wpcf7-form-control wpcf7-textarea wpcf7-validates-as-required\" aria-required=\"true\" aria-invalid=\"false\" name=\"nachricht\"><\/textarea><\/span> <\/label>\n\n<span class=\"wpcf7-form-control-wrap dynamic_hidden_page_url\" data-name=\"dynamic_hidden_page_url\"><input type=\"hidden\" name=\"dynamic_hidden_page_url\" class=\"wpcf7-form-control wpcf7-hidden wpcf7dtx wpcf7dtx-hidden\" aria-invalid=\"false\" value=\"https:\/\/www.westcam-group.com\/cs\/wp-json\/wp\/v2\/product\/34152\"><\/span>\n\n<input class=\"wpcf7-form-control wpcf7-submit has-spinner\" type=\"submit\" value=\"Odeslat\" \/>\n\n[odpov\u011b\u010f]<div class=\"wpcf7-response-output\" aria-hidden=\"true\"><\/div>\n<\/form>\n<\/div>\n\n<\/div>\n\n\n\n<div id=\"ansprechpartner\" class=\"wp-block-group has-base-2-background-color has-background has-global-padding is-layout-constrained wp-container-core-group-is-layout-16946a23 wp-block-group-is-layout-constrained\" style=\"margin-top:0;margin-bottom:0;padding-top:var(--wp--preset--spacing--30);padding-right:var(--wp--preset--spacing--30);padding-bottom:var(--wp--preset--spacing--30);padding-left:var(--wp--preset--spacing--30)\">\n<div class=\"wp-block-group has-base-2-background-color has-background has-global-padding is-layout-constrained wp-container-core-group-is-layout-19e250f3 wp-block-group-is-layout-constrained\">\n<h2 class=\"wp-block-heading\" style=\"text-transform:none\">R\u00e1di jsme tu pro v\u00e1s<\/h2>\n<\/div>\n\n\n<div class=\"wp-block-webx-blocks-westcam-employee-display\">\n    <div class=\"employee-image\">\n        <img decoding=\"async\" src=\"https:\/\/www.westcam-group.com\/wp-content\/uploads\/2024\/10\/michael-moritz-westcam-group-300x300.jpg\" alt=Michael Moritz \/>\n    <\/div>\n    <div class=\"employee-info\">\n        <div class=\"heading-h3\">Michael Moritz<\/div>\n        <div class=\"heading-h5 is-style-westcamized\">Vedouc\u00ed odd\u011blen\u00ed CAM, MES a 3D tisku<\/div>\n    <\/div>\n    <div class=\"employee-social\">\n        <div class=\"icons\">\n                        <a href=https:\/\/www.linkedin.com\/in\/michael-moritz\/ title=\"Michael Moritz on linkedIn\"\n                target=\"_blank\" rel=\"noopener noreferrer\">\n                <?xml version=\"1.0\" encoding=\"UTF-8\" standalone=\"no\"?>\n                <!DOCTYPE svg PUBLIC \"-\/\/W3C\/\/DTD SVG 1.1\/\/EN\" \"http:\/\/www.w3.org\/Graphics\/SVG\/1.1\/DTD\/svg11.dtd\"><svg\n                    width=\"100%\" height=\"100%\" viewBox=\"0 0 248 204\" version=\"1.1\" xmlns=\"http:\/\/www.w3.org\/2000\/svg\"\n                    xmlns:xlink=\"http:\/\/www.w3.org\/1999\/xlink\" xml:space=\"preserve\" xmlns:serif=\"http:\/\/www.serif.com\/\"\n                    style=\"fill-rule:evenodd;clip-rule:evenodd;stroke-linejoin:round;stroke-miterlimit:2;\">\n                    <path\n                        d=\"M226,204l-41.916,0l0,-71.392c0,-19.573 -7.437,-30.512 -22.93,-30.512c-16.854,0 -25.659,11.383 -25.659,30.512l-0,71.392l-40.395,0l-0,-136l40.395,-0l-0,18.319c-0,0 12.146,-22.474 41.006,-22.474c28.847,-0 49.499,17.616 49.499,54.048l0,86.107Zm-179.091,-153.808c-13.759,-0 -24.909,-11.237 -24.909,-25.096c0,-13.859 11.15,-25.096 24.909,-25.096c13.759,-0 24.902,11.237 24.902,25.096c0,13.859 -11.143,25.096 -24.902,25.096Zm-20.858,153.808l42.121,0l0,-136l-42.121,-0l-0,136Z\" \/>\n                <\/svg>\n            <\/a>\n                                    <a href=\"\/vcard\/33788\" title=\"Download vCard\"\n                class=\"vcard-button\">\n                <svg xmlns=\"http:\/\/www.w3.org\/2000\/svg\" width=\"32.143\" height=\"25\" viewBox=\"0 0 32.143 25\">\n                    <path id=\"address-card-solid\"\n                        d=\"M3.571,32A3.575,3.575,0,0,0,0,35.571V53.429A3.575,3.575,0,0,0,3.571,57h25a3.575,3.575,0,0,0,3.571-3.571V35.571A3.575,3.575,0,0,0,28.571,32ZM8.036,46.286h3.571a4.463,4.463,0,0,1,4.464,4.464.9.9,0,0,1-.893.893H4.464a.9.9,0,0,1-.893-.893A4.463,4.463,0,0,1,8.036,46.286ZM6.25,40.929A3.571,3.571,0,1,1,9.821,44.5,3.571,3.571,0,0,1,6.25,40.929Zm14.286-1.786h7.143a.893.893,0,0,1,0,1.786H20.536a.893.893,0,0,1,0-1.786Zm0,3.571h7.143a.893.893,0,0,1,0,1.786H20.536a.893.893,0,0,1,0-1.786Zm0,3.571h7.143a.893.893,0,0,1,0,1.786H20.536a.893.893,0,0,1,0-1.786Z\"\n                        transform=\"translate(0 -32)\" fill=\"#111\" \/>\n                <\/svg>\n            <\/a>\n        <\/div>\n    <\/div>\n    <div class=\"employee-contact\">\n                <a href=\"tel: +43 5223 55509 220\">\n            <div class=\" employee-phone\">\n                <svg xmlns=\"http:\/\/www.w3.org\/2000\/svg\" width=\"32\" height=\"32\" viewBox=\"0 0 32 32\">\n                    <path id=\"phone\"\n                        d=\"M6.529,4h7.059l3.529,8.824-4.412,2.647a19.412,19.412,0,0,0,8.824,8.824l2.647-4.412L33,23.412v7.059A3.529,3.529,0,0,1,29.471,34,28.235,28.235,0,0,1,3,7.529,3.529,3.529,0,0,1,6.529,4\"\n                        transform=\"translate(-2 -3)\" fill=\"none\" stroke=\"#111\" stroke-linecap=\"round\"\n                        stroke-linejoin=\"round\" stroke-width=\"2\" \/>\n                <\/svg>\n\n                 +43 5223 55509 220\n            <\/div>\n        <\/a>\n                                <a href=\"mailto:michael.moritz@westcam.at\">\n            <div class=\" employee-email\">\n                <svg xmlns=\"http:\/\/www.w3.org\/2000\/svg\" width=\"32.773\" height=\"25.333\" viewBox=\"0 0 32.773 25.333\">\n                    <g id=\"mail\" transform=\"translate(1.387 1)\">\n                        <rect id=\"Rechteck_11\" data-name=\"Rechteck 11\" width=\"30\" height=\"23.333\" rx=\"2\" fill=\"none\"\n                            stroke=\"#111\" stroke-linecap=\"round\" stroke-linejoin=\"round\" stroke-width=\"2\" \/>\n                        <path id=\"Pfad_100\" data-name=\"Pfad 100\" d=\"M3,7,18,17,33,7\" transform=\"translate(-3 -3.667)\"\n                            fill=\"none\" stroke=\"#111\" stroke-linecap=\"round\" stroke-linejoin=\"round\" stroke-width=\"2\" \/>\n                    <\/g>\n                <\/svg>\n                michael.moritz@westcam.at\n            <\/div>\n        <\/a>\n        \n\n\n    <\/div>\n        <div class=\"employee-callback wp-block-button is-style-outline\">\n        <a href=\"\/anfrage\/\"\n            class=\"wp-block-button__link wp-element-button\">zeptat se<\/a>\n    <\/div>\n    <\/div><\/div>\n<\/div>\n","protected":false},"excerpt":{"rendered":"<p>Bezprobl\u00e9mov\u00e9 propojen\u00ed ve v\u00fdrob\u011b s rozs\u00e1hl\u00fdmi p\u0159ipojen\u00edmi PDM\/PLM. V\u00fdsledek: komplexn\u00ed digit\u00e1ln\u00ed procesn\u00ed \u0159et\u011bzec. <\/p>\n","protected":false},"author":2,"featured_media":22214,"parent":5240,"menu_order":4,"comment_status":"closed","ping_status":"closed","template":"","meta":{"content-type":"","footnotes":""},"competence":[2790],"class_list":["post-34152","product","type-product","status-publish","has-post-thumbnail","hentry","competence-erweiterungen-cs"],"_links":{"self":[{"href":"https:\/\/www.westcam-group.com\/cs\/wp-json\/wp\/v2\/product\/34152","targetHints":{"allow":["GET"]}}],"collection":[{"href":"https:\/\/www.westcam-group.com\/cs\/wp-json\/wp\/v2\/product"}],"about":[{"href":"https:\/\/www.westcam-group.com\/cs\/wp-json\/wp\/v2\/types\/product"}],"author":[{"embeddable":true,"href":"https:\/\/www.westcam-group.com\/cs\/wp-json\/wp\/v2\/users\/2"}],"replies":[{"embeddable":true,"href":"https:\/\/www.westcam-group.com\/cs\/wp-json\/wp\/v2\/comments?post=34152"}],"version-history":[{"count":4,"href":"https:\/\/www.westcam-group.com\/cs\/wp-json\/wp\/v2\/product\/34152\/revisions"}],"predecessor-version":[{"id":36605,"href":"https:\/\/www.westcam-group.com\/cs\/wp-json\/wp\/v2\/product\/34152\/revisions\/36605"}],"up":[{"embeddable":true,"href":"https:\/\/www.westcam-group.com\/cs\/wp-json\/wp\/v2\/product\/5240"}],"wp:featuredmedia":[{"embeddable":true,"href":"https:\/\/www.westcam-group.com\/cs\/wp-json\/wp\/v2\/media\/22214"}],"wp:attachment":[{"href":"https:\/\/www.westcam-group.com\/cs\/wp-json\/wp\/v2\/media?parent=34152"}],"wp:term":[{"taxonomy":"competence","embeddable":true,"href":"https:\/\/www.westcam-group.com\/cs\/wp-json\/wp\/v2\/competence?post=34152"}],"curies":[{"name":"wp","href":"https:\/\/api.w.org\/{rel}","templated":true}]}}