{"id":34139,"date":"2024-04-24T07:42:51","date_gmt":"2024-04-24T05:42:51","guid":{"rendered":"https:\/\/www.westcam-group.com\/produkte\/navrh-a-vyroba-produktu\/design\/"},"modified":"2025-02-25T15:09:42","modified_gmt":"2025-02-25T14:09:42","slug":"design","status":"publish","type":"product","link":"https:\/\/www.westcam-group.com\/cs\/produkty\/cad-konstrukce\/design\/","title":{"rendered":"Design"},"content":{"rendered":"\n<div class=\"wp-block-group alignfull has-global-padding is-layout-constrained wp-block-group-is-layout-constrained\">\n<div class=\"wp-block-webx-blocks-westcam-hero alignfull ltr\" style=\"margin-top:var(--wp--preset--spacing--50);margin-bottom:var(--wp--preset--spacing--50)\"><div class=\"hero-image\" style=\"--aspect-ratio:4 \/ 3\"> <img decoding=\"async\" srcset=\"https:\/\/www.westcam-group.com\/wp-content\/uploads\/2024\/09\/westcam-1-icon-cad-konstruktion-150x150.png 150w, https:\/\/www.westcam-group.com\/wp-content\/uploads\/2024\/09\/westcam-1-icon-cad-konstruktion-300x300.png 300w, https:\/\/www.westcam-group.com\/wp-content\/uploads\/2024\/09\/westcam-1-icon-cad-konstruktion-1024x1024.png 1024w, https:\/\/www.westcam-group.com\/wp-content\/uploads\/2024\/09\/westcam-1-icon-cad-konstruktion.png 1181w, https:\/\/www.westcam-group.com\/wp-content\/uploads\/2024\/09\/westcam-1-icon-cad-konstruktion-900x900.png 900w, https:\/\/www.westcam-group.com\/wp-content\/uploads\/2024\/09\/westcam-1-icon-cad-konstruktion-600x600.png 600w\" src=\"https:\/\/www.westcam-group.com\/wp-content\/uploads\/2024\/09\/westcam-1-icon-cad-konstruktion.png\" alt=\"\"\/><\/div><div class=\"hero-placeholder\"><\/div>\n<div class=\"wp-block-group hero-content is-layout-flow wp-block-group-is-layout-flow\">\n<div class=\"wp-block-webx-blocks-fake-heading heading-h4 hero-subtitle is-style-westcamized\" style=\"text-transform:none\">Vyu\u017eijte p\u0159\u00edle\u017eitosti s dokonal\u00fdm konstruk\u010dn\u00edm n\u00e1vrhem<\/div>\n\n\n<h1 style=\"text-transform:none; margin-top:0;margin-bottom:0;\" class=\"wp-block-post-title\">Design<\/h1>\n\n\n<p>N\u00e1\u0161 n\u00e1vrh\u00e1\u0159sk\u00fd software v\u00e1m poskytne n\u00e1stroje, kter\u00e9 pot\u0159ebujete k tomu, abyste kreativn\u00ed n\u00e1pady prom\u011bnili v hmatateln\u00e9 v\u00fdsledky.  <\/p>\n\n\n\n<p>A\u0165 u\u017e jde o v\u00fdvoj produkt\u016f nebo vizu\u00e1ln\u00ed design, na\u0161e softwarov\u00e1 \u0159e\u0161en\u00ed nab\u00edzej\u00ed intuitivn\u00ed u\u017eivatelsk\u00e1 rozhran\u00ed a v\u00fdkonn\u00e9 funkce, kter\u00e9 zefektivn\u00ed a inspiruj\u00ed v\u00e1\u0161 proces navrhov\u00e1n\u00ed.<\/p>\n<\/div>\n<\/div>\n<\/div>\n\n<h2 class=\"wp-block-heading\" style=\"text-transform:none\">Na\u0161e nab\u00eddka pro v\u00e1s<\/h2>\n<div style=\"margin-top:var(--wp--preset--spacing--30);margin-bottom:var(--wp--preset--spacing--50);\" class=\"wp-block-webx-post-list-webx-post-list wp-block-webx-post-list-webx-post-list\" data-listid=\"25976\">\n    <script class=\"webx-filter-list-config\" type=\"application\/json\">{\"postType\":\"product\",\"enableParentPost\":true,\"displayGrid\":true,\"subTitle\":\"product_category\",\"fieldOne\":\"product_category\",\"fieldTwo\":\"product_category\",\"className\":\"wp-block-webx-post-list-webx-post-list\",\"style\":{\"spacing\":{\"margin\":{\"top\":\"var:preset|spacing|30\",\"bottom\":\"var:preset|spacing|50\"}}},\"compactGrid\":false,\"language\":\"en\",\"listId\":25976,\"postId\":34139}<\/script>\n    <div class=\"webx-post-list\" data-listid=\"25976\"><\/div>\n    \n<div>\n<div class=\"wp-block-webx-post-list-webx-filters\"><div><\/div><\/div>\n<\/div>\n<\/div>","protected":false},"excerpt":{"rendered":"<p>N\u00e1vrhov\u00fd software jako intuitivn\u00ed n\u00e1stroj. Kreativn\u00ed n\u00e1pady se st\u00e1vaj\u00ed hmatateln\u00fdmi v\u00fdsledky. <\/p>\n","protected":false},"author":2,"featured_media":24778,"parent":5266,"menu_order":4,"comment_status":"closed","ping_status":"closed","template":"","meta":{"content-type":"","footnotes":""},"competence":[2816],"class_list":["post-34139","product","type-product","status-publish","has-post-thumbnail","hentry","competence-design-cs"],"_links":{"self":[{"href":"https:\/\/www.westcam-group.com\/cs\/wp-json\/wp\/v2\/product\/34139","targetHints":{"allow":["GET"]}}],"collection":[{"href":"https:\/\/www.westcam-group.com\/cs\/wp-json\/wp\/v2\/product"}],"about":[{"href":"https:\/\/www.westcam-group.com\/cs\/wp-json\/wp\/v2\/types\/product"}],"author":[{"embeddable":true,"href":"https:\/\/www.westcam-group.com\/cs\/wp-json\/wp\/v2\/users\/2"}],"replies":[{"embeddable":true,"href":"https:\/\/www.westcam-group.com\/cs\/wp-json\/wp\/v2\/comments?post=34139"}],"version-history":[{"count":2,"href":"https:\/\/www.westcam-group.com\/cs\/wp-json\/wp\/v2\/product\/34139\/revisions"}],"predecessor-version":[{"id":34141,"href":"https:\/\/www.westcam-group.com\/cs\/wp-json\/wp\/v2\/product\/34139\/revisions\/34141"}],"up":[{"embeddable":true,"href":"https:\/\/www.westcam-group.com\/cs\/wp-json\/wp\/v2\/product\/5266"}],"wp:featuredmedia":[{"embeddable":true,"href":"https:\/\/www.westcam-group.com\/cs\/wp-json\/wp\/v2\/media\/24778"}],"wp:attachment":[{"href":"https:\/\/www.westcam-group.com\/cs\/wp-json\/wp\/v2\/media?parent=34139"}],"wp:term":[{"taxonomy":"competence","embeddable":true,"href":"https:\/\/www.westcam-group.com\/cs\/wp-json\/wp\/v2\/competence?post=34139"}],"curies":[{"name":"wp","href":"https:\/\/api.w.org\/{rel}","templated":true}]}}