{"id":33754,"date":"2024-08-08T12:26:20","date_gmt":"2024-08-08T10:26:20","guid":{"rendered":"https:\/\/www.westcam-group.com\/produkte\/minicam\/"},"modified":"2025-04-29T16:45:29","modified_gmt":"2025-04-29T14:45:29","slug":"minicam","status":"publish","type":"product","link":"https:\/\/www.westcam-group.com\/cs\/produkty\/zpracovani-obrazu\/reseni-pro-zpracovani-obrazu\/minicam\/","title":{"rendered":"MINIcam"},"content":{"rendered":"\n<div style=\"background-image:url(&apos;https:\/\/www.westcam-group.com\/wp-content\/uploads\/2024\/03\/bggrid.webp&apos;);background-position:50% 50%;background-repeat:no-repeat;background-size:contain;\" class=\"wp-block-group has-global-padding is-layout-constrained wp-container-core-group-is-layout-9f245e94 wp-block-group-is-layout-constrained has-background\">\n<div class=\"wp-block-webx-blocks-grid is-layout-grid wp-container-webx-blocks-grid-is-layout-8c8cfa07 wp-block-webx-blocks-grid-is-layout-grid\" style=\"margin-top:var(--wp--preset--spacing--50);margin-bottom:var(--wp--preset--spacing--50);--grid-columns-desktop:2;--grid-columns-tablet:2;--grid-columns-mobile:1\">\n<div class=\"wp-block-webx-blocks-grid-item is-layout-flow wp-block-webx-blocks-grid-item-is-layout-flow\" style=\"padding-top:var(--wp--preset--spacing--30);padding-right:var(--wp--preset--spacing--10);padding-bottom:var(--wp--preset--spacing--10);padding-left:var(--wp--preset--spacing--10);--grid-area-desktop:auto \/ auto \/ auto \/ auto;--grid-area-tablet:auto \/ auto \/ auto \/ auto;--grid-area-mobile:auto \/ auto \/ auto \/ auto\">\n<div class=\"wp-block-webx-blocks-fake-heading heading-h4 is-style-westcamized\" style=\"text-transform:none\">BIG velmi mal\u00e9<\/div>\n\n\n\n<h1 class=\"wp-block-heading hero-title has-xx-large-font-size\" style=\"margin-top:var(--wp--preset--spacing--20);margin-bottom:var(--wp--preset--spacing--20);line-height:1;text-transform:none\">MINIcam<\/h1>\n\n\n\n<p>pro syst\u00e9my zpracov\u00e1n\u00ed obrazu<\/p>\n\n\n\n<p><strong>Pro automatizovan\u00e9 monitorov\u00e1n\u00ed b\u011bhu test\u016f a pro v\u0161echny monitorovac\u00ed \u00falohy, u nich\u017e z\u00e1le\u017e\u00ed na &#8222;velikosti&#8220;<\/strong>.<\/p>\n\n\n\n<p>Na\u0161e kamera MINIcam s vysok\u00fdm rozli\u0161en\u00edm je ide\u00e1ln\u00ed pro pr\u016fmyslovou kontrolu, dynamickou kontrolu kvality a kontrolu kvality ve v\u00fdrob\u011b. Poskytuje ostr\u00fd obraz a p\u0159esn\u00e1 data a d\u00edky u\u017eivatelsky p\u0159\u00edv\u011btiv\u00e9mu ovl\u00e1d\u00e1n\u00ed je ide\u00e1ln\u00ed volbou pro va\u0161e \u00falohy zpracov\u00e1n\u00ed obrazu.   <\/p>\n\n\n\n<div class=\"wp-block-buttons is-layout-flex wp-block-buttons-is-layout-flex\" style=\"margin-top:var(--wp--preset--spacing--20);margin-bottom:var(--wp--preset--spacing--20)\">\n<div class=\"wp-block-button\"><a class=\"wp-block-button__link wp-element-button\" href=\"#free-version\">Po\u017e\u00e1dat nyn\u00ed<\/a><\/div>\n<\/div>\n<\/div>\n\n\n\n<div class=\"wp-block-webx-blocks-grid-item is-layout-flow wp-container-webx-blocks-grid-item-is-layout-69fcd244 wp-block-webx-blocks-grid-item-is-layout-flow\" style=\"padding-top:0;padding-right:0;padding-bottom:0;padding-left:0;--grid-area-desktop:auto \/ auto \/ auto \/ auto;--grid-area-tablet:auto \/ auto \/ auto \/ auto;--grid-area-mobile:auto \/ auto \/ auto \/ auto\">\n<figure class=\"wp-block-image aligncenter size-full is-style-default\"><img loading=\"lazy\" decoding=\"async\" width=\"2560\" height=\"2508\" src=\"https:\/\/www.westcam-group.com\/wp-content\/uploads\/2024\/08\/minicam-bild1-scaled.jpg\" alt=\"\" class=\"wp-image-19546\" srcset=\"https:\/\/www.westcam-group.com\/wp-content\/uploads\/2024\/08\/minicam-bild1-scaled.jpg 2560w, https:\/\/www.westcam-group.com\/wp-content\/uploads\/2024\/08\/minicam-bild1-300x294.jpg 300w, https:\/\/www.westcam-group.com\/wp-content\/uploads\/2024\/08\/minicam-bild1-1024x1003.jpg 1024w, https:\/\/www.westcam-group.com\/wp-content\/uploads\/2024\/08\/minicam-bild1-768x753.jpg 768w, https:\/\/www.westcam-group.com\/wp-content\/uploads\/2024\/08\/minicam-bild1-1536x1505.jpg 1536w, https:\/\/www.westcam-group.com\/wp-content\/uploads\/2024\/08\/minicam-bild1-2048x2007.jpg 2048w, https:\/\/www.westcam-group.com\/wp-content\/uploads\/2024\/08\/minicam-bild1-919x900.jpg 919w, https:\/\/www.westcam-group.com\/wp-content\/uploads\/2024\/08\/minicam-bild1-612x600.jpg 612w\" sizes=\"auto, (max-width: 2560px) 100vw, 2560px\" \/><\/figure>\n\n\n\n<div class=\"wp-block-group hero-violet has-accent-2-background-color has-background is-layout-flow wp-block-group-is-layout-flow\" style=\"padding-top:var(--wp--preset--spacing--30);padding-right:var(--wp--preset--spacing--30);padding-bottom:var(--wp--preset--spacing--30);padding-left:var(--wp--preset--spacing--30)\">\n<div class=\"wp-block-webx-blocks-fake-heading heading-h4 hero-subtitle has-base-color has-text-color\">Nejd\u016fle\u017eit\u011bj\u0161\u00ed informace<\/div>\n\n\n\n<ul class=\"wp-block-list hero-bullet-list-items is-style-westcam-list has-base-color has-accent-2-background-color has-text-color has-background has-link-color wp-elements-3d8f2c09b7bb7e934212ad614a629bd0\">\n<li>Nem\u016f\u017ee b\u00fdt men\u0161\u00ed (d x \u0161 x v): 53 x 41 x 47 mm<\/li>\n\n\n\n<li>N\u00edzk\u00e1 hmotnost: 170 g<\/li>\n\n\n\n<li>Tak ostr\u00fd: Rozli\u0161en\u00ed (\u0161 x v): 2048&#215;1536 pixel\u016f (3,15 MP)<\/li>\n\n\n\n<li>V\u017edy ostr\u00fd: d\u00edky pou\u017eit\u00ed objektiv\u016f s automatick\u00fdm ost\u0159en\u00edm<\/li>\n\n\n\n<li>Osv\u011btlen\u00ed: s kruhov\u00fdm sv\u011btlem LED pro nep\u0159etr\u017eit\u00e9 sv\u011btlo a z\u00e1bleskov\u00e9 sv\u011btlo<\/li>\n<\/ul>\n<\/div>\n<\/div>\n<\/div>\n<\/div>\n\n<h2 class=\"wp-block-heading\" style=\"text-transform:none\">V\u00fdhody kamery MINIcam<\/h2>\n\n<p><strong>Technick\u00e9 \u00fadaje a funkce &#8211; srovn\u00e1n\u00ed je p\u0159esv\u011bd\u010div\u00e9<\/strong><\/p>\n\n<p><strong>Funkce kamery MINIcam: <\/strong>automatick\u00e9 zaost\u0159ov\u00e1n\u00ed \/ kontinu\u00e1ln\u00ed sv\u011btlo \/ blesk \/ hardwarov\u00e1 spou\u0161\u0165 \/ softwarov\u00e1 spou\u0161\u0165<\/p>\n\n<figure class=\"wp-block-table is-style-stripes\"><table class=\"has-base-2-background-color has-background has-fixed-layout\"><tbody><tr><td><\/td><td><\/td><td><\/td><td><\/td><\/tr><tr><td>\u00a0<\/td><td><strong>Standardn\u00ed modul kamery<\/strong><\/td><td><strong>Modul kamery s d\u00e1lkov\u00fdm ost\u0159en\u00edm<\/strong><\/td><td><strong>MINIcam<\/strong><strong><\/strong><\/td><\/tr><tr><td><strong>Typ sn\u00edma\u010de<\/strong><\/td><td>Monochromatick\u00fd sn\u00edma\u010d CMOS<\/td><td>Monochromatick\u00fd sn\u00edma\u010d CMOS<\/td><td><strong>Monochromatick\u00fd sn\u00edma\u010d CMOS<\/strong><strong><\/strong><\/td><\/tr><tr><td><strong>Rozli\u0161en\u00ed<\/strong><\/td><td>1,2 MP (1296&#215;964 px)<\/td><td>1,2 MP (1296&#215;964 px)<\/td><td><strong>3,15 Mpx (2048 \u00d7 1536 px)<\/strong><\/td><\/tr><tr><td><strong>Maxim\u00e1ln\u00ed sn\u00edmkov\u00e1 frekvence<\/strong><\/td><td>30 FPS<\/td><td>30 FPS<\/td><td><strong>58 FPS<\/strong><strong><\/strong><\/td><\/tr><tr><td><strong>Uz\u00e1v\u011brka<\/strong><\/td><td>global<\/td><td>global<\/td><td><strong>glob\u00e1ln\u00ed<\/strong><strong><\/strong><\/td><\/tr><tr><td><strong>Ohniskov\u00e1 vzd\u00e1lenost<\/strong><\/td><td>12 mm<\/td><td>12 mm<\/td><td><strong>9,6 mm<\/strong><strong><\/strong><\/td><\/tr><tr><td><strong>Pracovn\u00ed vzd\u00e1lenost<\/strong><\/td><td>30 cm do \ua699<\/td><td>30 cm do \ua699<\/td><td><strong>7 cm do <\/strong><strong>\ua699<\/strong><strong><\/strong><\/td><\/tr><tr><td><strong>Clona<\/strong><\/td><td>F1.4~F16<\/td><td>F1.4~F16<\/td><td><strong>F\/3.7<\/strong><strong><\/strong><\/td><\/tr><tr><td><strong>Osv\u011btlen\u00ed<\/strong><\/td><td>LED krou\u017eek \u010derven\u00fd, integrovan\u00fd<\/td><td>LED krou\u017eek \u010derven\u00fd, integrovan\u00fd<\/td><td><strong>LED krou\u017eek \u010derven\u00fd, integrovan\u00fd<\/strong><strong><\/strong><\/td><\/tr><tr><td><strong>Sv\u00edtilna<\/strong><\/td><td>\u00a0&#8211;<\/td><td>\u00a0&#8211;<\/td><td><strong>Ano<\/strong><strong><\/strong><\/td><\/tr><tr><td><strong>Trval\u00e9 sv\u011btlo<\/strong><\/td><td>Ano<\/td><td>Ano<\/td><td><strong>Ano<\/strong><strong><\/strong><\/td><\/tr><tr><td><strong>Automatick\u00e9 zaost\u0159ov\u00e1n\u00ed<\/strong><\/td><td>\u00a0&#8211;<\/td><td>ano (d\u00e1lkov\u00e9 zaost\u0159ov\u00e1n\u00ed)<\/td><td><strong>Ano<\/strong><strong><\/strong><\/td><\/tr><tr><td><strong>HW spou\u0161t\u011b\u010d<\/strong><\/td><td>Ano<\/td><td>Ano<\/td><td><strong>Ano<\/strong><strong><\/strong><\/td><\/tr><tr><td><strong>Rozm\u011bry<\/strong><\/td><td>312,5x70x76,5 mm<\/td><td>340,5x70x76,5 mm<\/td><td><strong>53x41x47 mm<\/strong><strong><\/strong><\/td><\/tr><tr><td><strong>Nap\u00e1jec\u00ed nap\u011bt\u00ed<\/strong><\/td><td>24V DC<\/td><td>24V DC<\/td><td><strong>24V DC<\/strong><strong><\/strong><\/td><\/tr><tr><td><strong>Hmotnost<\/strong><\/td><td>cca 1 kg <\/td><td>cca 1,2 kg <\/td><td><strong>170 g<\/strong><strong><\/strong><\/td><\/tr><tr><td><strong>Bydlen\u00ed<\/strong><\/td><td>Hlin\u00edk<\/td><td>Hlin\u00edk<\/td><td><strong>Hlin\u00edk<\/strong><strong><\/strong><\/td><\/tr><tr><td><strong>P\u0159ipojen\u00ed<\/strong><\/td><td>Ethernet, 12-pin HRS<\/td><td>Ethernet, 12-pin HRS, USB2 typ A<\/td><td><strong>USB 3.0 typ C, M8 3-pin<\/strong><strong><\/strong><\/td><\/tr><\/tbody><\/table><\/figure>\n\n<div class=\"wp-block-group has-global-padding is-layout-constrained wp-container-core-group-is-layout-baed9f38 wp-block-group-is-layout-constrained\" style=\"margin-top:var(--wp--preset--spacing--60);margin-bottom:var(--wp--preset--spacing--60)\">\n<h3 class=\"wp-block-heading\" style=\"margin-top:var(--wp--preset--spacing--20);margin-right:0;margin-bottom:var(--wp--preset--spacing--20);margin-left:0;text-transform:none\">\u010casto kladen\u00e9 ot\u00e1zky (FAQ)<\/h3>\n\n\n\n<script type=\"application\/ld+json\">{\"@context\":\"https:\/\/schema.org\",\"@type\":\"FAQPage\",\"mainEntity\":[{\"@type\":\"Question\",\"name\":\"Was sind die Vorteile der MINIcam gegen\u00fcber herk\u00f6mmlichen Bildverarbeitungskameras?\",\"acceptedAnswer\":{\"@type\":\"Answer\",\"text\":\"Unsere MINIcam ist klein und kompakt und bestens geeignet f\u00fcr Anwendungen, bei denen der Raum begrenzt ist. Das Besondere an der MINIcam gegen\u00fcber herk\u00f6mmlichen Kameras ist das integrierte LED Ringlicht und die Aufnahmetriggerung mittels Hardware und Software und die integrierte Autofokus Linse.\"}},{\"@type\":\"Question\",\"name\":\"Welche Einsatzm\u00f6glichkeiten gibt es f\u00fcr die MINIcam?\",\"acceptedAnswer\":{\"@type\":\"Answer\",\"text\":\"\u00dcberall! Im Speziellen dort, wo herk\u00f6mmliche Kameras und Webcams nicht die gew\u00fcnschte Qualit\u00e4t liefern oder die Anforderungen an die Bildverarbeitung nicht erf\u00fcllen k\u00f6nnen.Erg\u00e4nzend zu unseren BVS-R Bildverarbeitungssystemen zur Risserkennung und f\u00fcr neue Herausforderungen.\"}}]}<\/script><div class=\"wp-block-webx-blocks-accordion\">\n<div class=\"accordion\" id=\"was-sind-die-vorteile-der-minicam-gegenber-herkmmlichen-bildverarbeitungskameras\"><h2 class=\"title faq-title\" itemprop=\"name\"><a href=\"#was-sind-die-vorteile-der-minicam-gegenber-herkmmlichen-bildverarbeitungskameras\">Jak\u00e9 jsou v\u00fdhody kamery MINIcam ve srovn\u00e1n\u00ed s b\u011b\u017en\u00fdmi kamerami pro zpracov\u00e1n\u00ed obrazu?<\/a><\/h2><div class=\"content\"><div class=\"wrapper\">\n<p>Na\u0161e kamera MINIcam je mal\u00e1 a kompaktn\u00ed a ide\u00e1ln\u011b se hod\u00ed pro aplikace s omezen\u00fdm prostorem. Zvl\u00e1\u0161tnost\u00ed kamery MINIcam ve srovn\u00e1n\u00ed s b\u011b\u017en\u00fdmi kamerami je integrovan\u00e9 kruhov\u00e9 LED sv\u011btlo a spou\u0161t\u011bn\u00ed z\u00e1znamu pomoc\u00ed hardwaru a softwaru a integrovan\u00fd objektiv s automatick\u00fdm zaost\u0159ov\u00e1n\u00edm.   <\/p>\n<\/div><\/div><\/div>\n\n\n\n<div class=\"accordion\" id=\"welche-einsatzmglichkeiten-gibt-es-fr-die-minicam\"><h2 class=\"title faq-title\" itemprop=\"name\"><a href=\"#welche-einsatzmglichkeiten-gibt-es-fr-die-minicam\">Jak\u00e9 jsou mo\u017enosti pou\u017eit\u00ed kamery MINIcam?<\/a><\/h2><div class=\"content\"><div class=\"wrapper\">\n<p>V\u0161ude! Zejm\u00e9na tam, kde b\u011b\u017en\u00e9 fotoapar\u00e1ty a webov\u00e9 kamery neposkytuj\u00ed po\u017eadovanou kvalitu nebo nemohou splnit po\u017eadavky na zpracov\u00e1n\u00ed obrazu.   <\/p>\n\n\n\n<p>Dopl\u0148uje na\u0161e syst\u00e9my zpracov\u00e1n\u00ed obrazu BVS-R pro detekci trhlin a nov\u00e9 v\u00fdzvy.<\/p>\n<\/div><\/div><\/div>\n<\/div>\n<\/div>\n\n<div class=\"wp-block-group has-global-padding is-layout-constrained wp-container-core-group-is-layout-19e250f3 wp-block-group-is-layout-constrained\">\n<div id=\"free-version\" class=\"wp-block-group has-base-color has-contrast-background-color has-text-color has-background has-link-color wp-elements-967464b888cdb78ceb48ae32fd9d774b has-global-padding is-layout-constrained wp-container-core-group-is-layout-d2702112 wp-block-group-is-layout-constrained\" style=\"padding-top:var(--wp--preset--spacing--30);padding-right:var(--wp--preset--spacing--40);padding-bottom:var(--wp--preset--spacing--30);padding-left:var(--wp--preset--spacing--40)\">\n<h3 class=\"wp-block-heading has-base-color has-text-color has-link-color wp-elements-05aff5d145fb26661d8a554b35b2cffa\" style=\"text-transform:none\">Porad\u00edme v\u00e1m osobn\u011b!<\/h3>\n\n\n\n<div class=\"wpcf7 no-js\" id=\"wpcf7-f36538-o1\" lang=\"cs-CZ\" dir=\"ltr\" data-wpcf7-id=\"36538\">\n<div class=\"screen-reader-response\"><p role=\"status\" aria-live=\"polite\" aria-atomic=\"true\"><\/p> <ul><\/ul><\/div>\n<form action=\"\/cs\/wp-json\/wp\/v2\/product\/33754#wpcf7-f36538-o1\" method=\"post\" class=\"wpcf7-form init\" aria-label=\"Kontaktn\u00ed formul\u00e1\u0159\" novalidate=\"novalidate\" data-status=\"init\">\n<fieldset class=\"hidden-fields-container\"><input type=\"hidden\" name=\"_wpcf7\" value=\"36538\" \/><input type=\"hidden\" name=\"_wpcf7_version\" value=\"6.1.5\" \/><input type=\"hidden\" name=\"_wpcf7_locale\" value=\"cs_CZ\" \/><input type=\"hidden\" name=\"_wpcf7_unit_tag\" value=\"wpcf7-f36538-o1\" \/><input type=\"hidden\" name=\"_wpcf7_container_post\" value=\"0\" \/><input type=\"hidden\" name=\"_wpcf7_posted_data_hash\" value=\"\" \/><input type=\"hidden\" name=\"_wpcf7dtx_version\" value=\"5.0.5\" \/><input type=\"hidden\" name=\"_wpcf7_recaptcha_response\" value=\"\" \/>\n<\/fieldset>\n<h3 class=\"heading\">  Dotaz <label class=\"wpcf7-form-control wpcf7-label wpcf7dtx wpcf7dtx-label\" for=\"MINIcam\">MINIcam<\/label><span class=\"wpcf7-form-control-wrap dynamic_hidden-post-title\" data-name=\"dynamic_hidden-post-title\"><input type=\"hidden\" name=\"dynamic_hidden-post-title\" class=\"wpcf7-form-control wpcf7-hidden wpcf7dtx wpcf7dtx-hidden\" aria-invalid=\"false\" value=\"MINIcam\"><\/span><\/h3>\n\n<label>  N\u00e1zev\n    <span class=\"wpcf7-form-control-wrap\" data-name=\"fullname\"><input size=\"40\" maxlength=\"400\" class=\"wpcf7-form-control wpcf7-text\" aria-invalid=\"false\" value=\"\" type=\"text\" name=\"fullname\" \/><\/span> <\/label>\n\n<label>  E-mailov\u00e1 adresa*\n    <span class=\"wpcf7-form-control-wrap\" data-name=\"email\"><input size=\"40\" maxlength=\"400\" class=\"wpcf7-form-control wpcf7-email wpcf7-validates-as-required wpcf7-text wpcf7-validates-as-email\" aria-required=\"true\" aria-invalid=\"false\" value=\"\" type=\"email\" name=\"email\" \/><\/span> <\/label>\n\n<label>  Spole\u010dnost\n    <span class=\"wpcf7-form-control-wrap\" data-name=\"unternehmen\"><input size=\"40\" maxlength=\"400\" class=\"wpcf7-form-control wpcf7-text\" aria-invalid=\"false\" value=\"\" type=\"text\" name=\"unternehmen\" \/><\/span> <\/label>\n\n<label>  Va\u0161e zpr\u00e1va*\n    <span class=\"wpcf7-form-control-wrap\" data-name=\"nachricht\"><textarea cols=\"40\" rows=\"10\" maxlength=\"2000\" class=\"wpcf7-form-control wpcf7-textarea wpcf7-validates-as-required\" aria-required=\"true\" aria-invalid=\"false\" name=\"nachricht\"><\/textarea><\/span> <\/label>\n\n<span class=\"wpcf7-form-control-wrap dynamic_hidden_page_url\" data-name=\"dynamic_hidden_page_url\"><input type=\"hidden\" name=\"dynamic_hidden_page_url\" class=\"wpcf7-form-control wpcf7-hidden wpcf7dtx wpcf7dtx-hidden\" aria-invalid=\"false\" value=\"https:\/\/www.westcam-group.com\/cs\/wp-json\/wp\/v2\/product\/33754\"><\/span>\n\n<input class=\"wpcf7-form-control wpcf7-submit has-spinner\" type=\"submit\" value=\"Odeslat\" \/>\n\n[odpov\u011b\u010f]<div class=\"wpcf7-response-output\" aria-hidden=\"true\"><\/div>\n<\/form>\n<\/div>\n\n<\/div>\n\n\n\n<div id=\"ansprechpartner\" class=\"wp-block-group has-base-2-background-color has-background has-global-padding is-layout-constrained wp-container-core-group-is-layout-16946a23 wp-block-group-is-layout-constrained\" style=\"margin-top:0;margin-bottom:0;padding-top:var(--wp--preset--spacing--30);padding-right:var(--wp--preset--spacing--30);padding-bottom:var(--wp--preset--spacing--30);padding-left:var(--wp--preset--spacing--30)\">\n<div class=\"wp-block-group has-base-2-background-color has-background has-global-padding is-layout-constrained wp-container-core-group-is-layout-19e250f3 wp-block-group-is-layout-constrained\">\n<h2 class=\"wp-block-heading\" style=\"text-transform:none\">R\u00e1di jsme tu pro v\u00e1s<\/h2>\n<\/div>\n\n\n<div class=\"wp-block-webx-blocks-westcam-employee-display\">\n    <div class=\"employee-image\">\n        <img decoding=\"async\" src=\"https:\/\/www.westcam-group.com\/wp-content\/uploads\/2022\/02\/Harald.Unterrainer.CEO_.png\" alt=Harald Unterrainer \/>\n    <\/div>\n    <div class=\"employee-info\">\n        <div class=\"heading-h3\">Harald Unterrainer<\/div>\n        <div class=\"heading-h5 is-style-westcamized\">Gener\u00e1ln\u00ed \u0159editel WESTCAM Technologies GmbH<\/div>\n    <\/div>\n    <div class=\"employee-social\">\n        <div class=\"icons\">\n                        <a href=https:\/\/www.linkedin.com\/in\/mag-harald-unterrainer-mba-cse-b0829214\/ title=\"Harald Unterrainer on linkedIn\"\n                target=\"_blank\" rel=\"noopener noreferrer\">\n                <?xml version=\"1.0\" encoding=\"UTF-8\" standalone=\"no\"?>\n                <!DOCTYPE svg PUBLIC \"-\/\/W3C\/\/DTD SVG 1.1\/\/EN\" \"http:\/\/www.w3.org\/Graphics\/SVG\/1.1\/DTD\/svg11.dtd\"><svg\n                    width=\"100%\" height=\"100%\" viewBox=\"0 0 248 204\" version=\"1.1\" xmlns=\"http:\/\/www.w3.org\/2000\/svg\"\n                    xmlns:xlink=\"http:\/\/www.w3.org\/1999\/xlink\" xml:space=\"preserve\" xmlns:serif=\"http:\/\/www.serif.com\/\"\n                    style=\"fill-rule:evenodd;clip-rule:evenodd;stroke-linejoin:round;stroke-miterlimit:2;\">\n                    <path\n                        d=\"M226,204l-41.916,0l0,-71.392c0,-19.573 -7.437,-30.512 -22.93,-30.512c-16.854,0 -25.659,11.383 -25.659,30.512l-0,71.392l-40.395,0l-0,-136l40.395,-0l-0,18.319c-0,0 12.146,-22.474 41.006,-22.474c28.847,-0 49.499,17.616 49.499,54.048l0,86.107Zm-179.091,-153.808c-13.759,-0 -24.909,-11.237 -24.909,-25.096c0,-13.859 11.15,-25.096 24.909,-25.096c13.759,-0 24.902,11.237 24.902,25.096c0,13.859 -11.143,25.096 -24.902,25.096Zm-20.858,153.808l42.121,0l0,-136l-42.121,-0l-0,136Z\" \/>\n                <\/svg>\n            <\/a>\n                                    <a href=\"\/vcard\/33808\" title=\"Download vCard\"\n                class=\"vcard-button\">\n                <svg xmlns=\"http:\/\/www.w3.org\/2000\/svg\" width=\"32.143\" height=\"25\" viewBox=\"0 0 32.143 25\">\n                    <path id=\"address-card-solid\"\n                        d=\"M3.571,32A3.575,3.575,0,0,0,0,35.571V53.429A3.575,3.575,0,0,0,3.571,57h25a3.575,3.575,0,0,0,3.571-3.571V35.571A3.575,3.575,0,0,0,28.571,32ZM8.036,46.286h3.571a4.463,4.463,0,0,1,4.464,4.464.9.9,0,0,1-.893.893H4.464a.9.9,0,0,1-.893-.893A4.463,4.463,0,0,1,8.036,46.286ZM6.25,40.929A3.571,3.571,0,1,1,9.821,44.5,3.571,3.571,0,0,1,6.25,40.929Zm14.286-1.786h7.143a.893.893,0,0,1,0,1.786H20.536a.893.893,0,0,1,0-1.786Zm0,3.571h7.143a.893.893,0,0,1,0,1.786H20.536a.893.893,0,0,1,0-1.786Zm0,3.571h7.143a.893.893,0,0,1,0,1.786H20.536a.893.893,0,0,1,0-1.786Z\"\n                        transform=\"translate(0 -32)\" fill=\"#111\" \/>\n                <\/svg>\n            <\/a>\n        <\/div>\n    <\/div>\n    <div class=\"employee-contact\">\n                <a href=\"tel:+43 5223 55509 132\">\n            <div class=\" employee-phone\">\n                <svg xmlns=\"http:\/\/www.w3.org\/2000\/svg\" width=\"32\" height=\"32\" viewBox=\"0 0 32 32\">\n                    <path id=\"phone\"\n                        d=\"M6.529,4h7.059l3.529,8.824-4.412,2.647a19.412,19.412,0,0,0,8.824,8.824l2.647-4.412L33,23.412v7.059A3.529,3.529,0,0,1,29.471,34,28.235,28.235,0,0,1,3,7.529,3.529,3.529,0,0,1,6.529,4\"\n                        transform=\"translate(-2 -3)\" fill=\"none\" stroke=\"#111\" stroke-linecap=\"round\"\n                        stroke-linejoin=\"round\" stroke-width=\"2\" \/>\n                <\/svg>\n\n                +43 5223 55509 132\n            <\/div>\n        <\/a>\n                                <a href=\"mailto:harald.unterrainer@westcam.at\">\n            <div class=\" employee-email\">\n                <svg xmlns=\"http:\/\/www.w3.org\/2000\/svg\" width=\"32.773\" height=\"25.333\" viewBox=\"0 0 32.773 25.333\">\n                    <g id=\"mail\" transform=\"translate(1.387 1)\">\n                        <rect id=\"Rechteck_11\" data-name=\"Rechteck 11\" width=\"30\" height=\"23.333\" rx=\"2\" fill=\"none\"\n                            stroke=\"#111\" stroke-linecap=\"round\" stroke-linejoin=\"round\" stroke-width=\"2\" \/>\n                        <path id=\"Pfad_100\" data-name=\"Pfad 100\" d=\"M3,7,18,17,33,7\" transform=\"translate(-3 -3.667)\"\n                            fill=\"none\" stroke=\"#111\" stroke-linecap=\"round\" stroke-linejoin=\"round\" stroke-width=\"2\" \/>\n                    <\/g>\n                <\/svg>\n                harald.unterrainer@westcam.at\n            <\/div>\n        <\/a>\n        \n\n\n    <\/div>\n        <div class=\"employee-callback wp-block-button is-style-outline\">\n        <a href=\"\/anfrage\/\"\n            class=\"wp-block-button__link wp-element-button\">zeptat se<\/a>\n    <\/div>\n    <\/div><\/div>\n<\/div>\n","protected":false},"excerpt":{"rendered":"<p>A\u0165 u\u017e se jedn\u00e1 o monitorov\u00e1n\u00ed v\u00fdrobn\u00edho procesu, sledov\u00e1n\u00ed proces\u016f, inline kontrolu kvality nebo automatizovan\u00e9 monitorov\u00e1n\u00ed zku\u0161ebn\u00edch cykl\u016f, kamera MINIcam od spole\u010dnosti Westcam Technologies zaujme svou &#8222;velikost\u00ed&#8220;.<\/p>\n","protected":false},"author":5,"featured_media":19547,"parent":34201,"menu_order":0,"comment_status":"closed","ping_status":"closed","template":"","meta":{"content-type":"","footnotes":""},"competence":[2778],"class_list":["post-33754","product","type-product","status-publish","has-post-thumbnail","hentry","competence-riss-erkennung-cs"],"_links":{"self":[{"href":"https:\/\/www.westcam-group.com\/cs\/wp-json\/wp\/v2\/product\/33754","targetHints":{"allow":["GET"]}}],"collection":[{"href":"https:\/\/www.westcam-group.com\/cs\/wp-json\/wp\/v2\/product"}],"about":[{"href":"https:\/\/www.westcam-group.com\/cs\/wp-json\/wp\/v2\/types\/product"}],"author":[{"embeddable":true,"href":"https:\/\/www.westcam-group.com\/cs\/wp-json\/wp\/v2\/users\/5"}],"replies":[{"embeddable":true,"href":"https:\/\/www.westcam-group.com\/cs\/wp-json\/wp\/v2\/comments?post=33754"}],"version-history":[{"count":4,"href":"https:\/\/www.westcam-group.com\/cs\/wp-json\/wp\/v2\/product\/33754\/revisions"}],"predecessor-version":[{"id":38375,"href":"https:\/\/www.westcam-group.com\/cs\/wp-json\/wp\/v2\/product\/33754\/revisions\/38375"}],"up":[{"embeddable":true,"href":"https:\/\/www.westcam-group.com\/cs\/wp-json\/wp\/v2\/product\/34201"}],"wp:featuredmedia":[{"embeddable":true,"href":"https:\/\/www.westcam-group.com\/cs\/wp-json\/wp\/v2\/media\/19547"}],"wp:attachment":[{"href":"https:\/\/www.westcam-group.com\/cs\/wp-json\/wp\/v2\/media?parent=33754"}],"wp:term":[{"taxonomy":"competence","embeddable":true,"href":"https:\/\/www.westcam-group.com\/cs\/wp-json\/wp\/v2\/competence?post=33754"}],"curies":[{"name":"wp","href":"https:\/\/api.w.org\/{rel}","templated":true}]}}