{"id":40647,"date":"2025-09-11T13:17:49","date_gmt":"2025-09-11T11:17:49","guid":{"rendered":"https:\/\/www.westcam-group.com\/?page_id=40647"},"modified":"2025-09-18T13:29:57","modified_gmt":"2025-09-18T11:29:57","slug":"40647-2","status":"publish","type":"page","link":"https:\/\/www.westcam-group.com\/cs\/40647-2\/","title":{"rendered":"Revit"},"content":{"rendered":"\n<div class=\"wp-block-group alignfull has-global-padding is-layout-constrained wp-container-core-group-is-layout-3f93c2eb wp-block-group-is-layout-constrained\" style=\"margin-top:var(--wp--preset--spacing--40);margin-bottom:var(--wp--preset--spacing--40)\">\n<div class=\"wp-block-group has-contrast-background-color has-background has-global-padding is-layout-constrained wp-container-core-group-is-layout-b5fc8583 wp-block-group-is-layout-constrained\" style=\"padding-top:var(--wp--preset--spacing--30);padding-right:var(--wp--preset--spacing--30);padding-bottom:var(--wp--preset--spacing--30);padding-left:var(--wp--preset--spacing--30)\">\n<div class=\"wp-block-webx-blocks-fake-heading heading-h2 has-base-color has-text-color has-link-color wp-elements-3a176170d1391c2065928a3cf07a05f8\">Elektronick\u00e1 kniha &#8222;Revit ProjectBox&#8220;<\/div>\n\n\n\n<p class=\"has-base-color has-text-color has-link-color wp-elements-5a116d64bc7207376289e06879efc124\">Obdr\u017ete na\u0161i podrobnou e-knihu o za\u010d\u00e1tc\u00edch s BIM a pl\u00e1nov\u00e1n\u00edm TGA na z\u00e1klad\u011b modelu vypln\u011bn\u00edm kr\u00e1tk\u00e9ho formul\u00e1\u0159e n\u00ed\u017ee.<\/p>\n\n\n\n<div class=\"wp-block-webx-blocks-responsive-spacer\" style=\"--desktop-height:30px;--tablet-height:15px;--mobile-height:10px\"><\/div>\n\n\n\n<h3 class=\"wp-block-heading has-base-color has-text-color has-link-color wp-elements-8ed66a86f3b3750d55b1520bd74e94b8\">Registra\u010dn\u00ed formul\u00e1\u0159<\/h3>\n\n\n\n<div class=\"wpcf7 no-js\" id=\"wpcf7-f41435-o1\" lang=\"cs-CZ\" dir=\"ltr\" data-wpcf7-id=\"41435\">\n<div class=\"screen-reader-response\"><p role=\"status\" aria-live=\"polite\" aria-atomic=\"true\"><\/p> <ul><\/ul><\/div>\n<form action=\"\/cs\/wp-json\/wp\/v2\/pages\/40647#wpcf7-f41435-o1\" method=\"post\" class=\"wpcf7-form init\" aria-label=\"Kontaktn\u00ed formul\u00e1\u0159\" novalidate=\"novalidate\" data-status=\"init\">\n<fieldset class=\"hidden-fields-container\"><input type=\"hidden\" name=\"_wpcf7\" value=\"41435\" \/><input type=\"hidden\" name=\"_wpcf7_version\" value=\"6.1.5\" \/><input type=\"hidden\" name=\"_wpcf7_locale\" value=\"cs_CZ\" \/><input type=\"hidden\" name=\"_wpcf7_unit_tag\" value=\"wpcf7-f41435-o1\" \/><input type=\"hidden\" name=\"_wpcf7_container_post\" value=\"0\" \/><input type=\"hidden\" name=\"_wpcf7_posted_data_hash\" value=\"\" \/><input type=\"hidden\" name=\"_wpcf7dtx_version\" value=\"5.0.5\" \/><input type=\"hidden\" name=\"_wpcf7_recaptcha_response\" value=\"\" \/>\n<\/fieldset>\n<label>  K\u0159estn\u00ed jm\u00e9no*\n    <span class=\"wpcf7-form-control-wrap\" data-name=\"first-name\"><input size=\"40\" maxlength=\"400\" class=\"wpcf7-form-control wpcf7-text wpcf7-validates-as-required\" autocomplete=\"name\" aria-required=\"true\" aria-invalid=\"false\" value=\"\" type=\"text\" name=\"first-name\" \/><\/span> <\/label>\n<label>  P\u0159\u00edjmen\u00ed*\n    <span class=\"wpcf7-form-control-wrap\" data-name=\"last-name\"><input size=\"40\" maxlength=\"400\" class=\"wpcf7-form-control wpcf7-text wpcf7-validates-as-required\" autocomplete=\"name\" aria-required=\"true\" aria-invalid=\"false\" value=\"\" type=\"text\" name=\"last-name\" \/><\/span> <\/label>\n\n<label>  Spole\u010dnost*\n    <span class=\"wpcf7-form-control-wrap\" data-name=\"company\"><input size=\"40\" maxlength=\"400\" class=\"wpcf7-form-control wpcf7-text wpcf7-validates-as-required\" aria-required=\"true\" aria-invalid=\"false\" value=\"\" type=\"text\" name=\"company\" \/><\/span>  <\/label>\n\n<label>  Profesion\u00e1ln\u00ed e-mailov\u00e1 adresa*\n    <span class=\"wpcf7-form-control-wrap\" data-name=\"email\"><input size=\"40\" maxlength=\"400\" class=\"wpcf7-form-control wpcf7-email wpcf7-validates-as-required wpcf7-text wpcf7-validates-as-email\" autocomplete=\"email\" aria-required=\"true\" aria-invalid=\"false\" value=\"\" type=\"email\" name=\"email\" \/><\/span> <\/label>\n\n<label>  Telefonn\u00ed \u010d\u00edslo\n    <span class=\"wpcf7-form-control-wrap\" data-name=\"phone\"><input size=\"40\" maxlength=\"400\" class=\"wpcf7-form-control wpcf7-tel wpcf7-text wpcf7-validates-as-tel\" aria-invalid=\"false\" value=\"\" type=\"tel\" name=\"phone\" \/><\/span> <\/label>\n<br><span class=\"wpcf7-form-control-wrap\" data-name=\"acceptance-182\"><span class=\"wpcf7-form-control wpcf7-acceptance optional\"><span class=\"wpcf7-list-item\"><label><input type=\"checkbox\" name=\"acceptance-182\" value=\"1\" aria-invalid=\"false\" \/><span class=\"wpcf7-list-item-label\">Va\u0161e soukrom\u00ed je pro n\u00e1s velmi d\u016fle\u017eit\u00e9! Spole\u010dnost WESTCAM pou\u017eije va\u0161e \u00fadaje k tomu, aby v\u00e1s kontaktovala ohledn\u011b p\u0159\u00edslu\u0161n\u00fdch produkt\u016f a slu\u017eeb. Z odb\u011bru jak\u00e9koli komunikace od spole\u010dnosti WESTCAM se m\u016f\u017eete kdykoli odhl\u00e1sit. Ve\u0161ker\u00e9 informace naleznete v na\u0161ich <a href=\"https:\/\/www.westcam-group.com\/datenschutz\/\" style=\"color:#E50084;\">z\u00e1sad\u00e1ch ochrany osobn\u00edch \u00fadaj\u016f.<\/a><\/span><\/label><\/span><\/span><\/span>\n<br><input class=\"wpcf7-form-control wpcf7-submit has-spinner\" type=\"submit\" value=\"Obdr\u017eet odkaz ke sta\u017een\u00ed\" \/><div class=\"wpcf7-response-output\" aria-hidden=\"true\"><\/div>\n<\/form>\n<\/div>\n\n<\/div>\n<\/div>\n","protected":false},"excerpt":{"rendered":"","protected":false},"author":1,"featured_media":0,"parent":0,"menu_order":0,"comment_status":"closed","ping_status":"closed","template":"","meta":{"content-type":"","footnotes":""},"class_list":["post-40647","page","type-page","status-publish","hentry"],"_links":{"self":[{"href":"https:\/\/www.westcam-group.com\/cs\/wp-json\/wp\/v2\/pages\/40647","targetHints":{"allow":["GET"]}}],"collection":[{"href":"https:\/\/www.westcam-group.com\/cs\/wp-json\/wp\/v2\/pages"}],"about":[{"href":"https:\/\/www.westcam-group.com\/cs\/wp-json\/wp\/v2\/types\/page"}],"author":[{"embeddable":true,"href":"https:\/\/www.westcam-group.com\/cs\/wp-json\/wp\/v2\/users\/1"}],"replies":[{"embeddable":true,"href":"https:\/\/www.westcam-group.com\/cs\/wp-json\/wp\/v2\/comments?post=40647"}],"version-history":[{"count":6,"href":"https:\/\/www.westcam-group.com\/cs\/wp-json\/wp\/v2\/pages\/40647\/revisions"}],"predecessor-version":[{"id":41410,"href":"https:\/\/www.westcam-group.com\/cs\/wp-json\/wp\/v2\/pages\/40647\/revisions\/41410"}],"wp:attachment":[{"href":"https:\/\/www.westcam-group.com\/cs\/wp-json\/wp\/v2\/media?parent=40647"}],"curies":[{"name":"wp","href":"https:\/\/api.w.org\/{rel}","templated":true}]}}