{"id":36671,"date":"2024-10-23T10:50:37","date_gmt":"2024-10-23T08:50:37","guid":{"rendered":"https:\/\/www.westcam-group.com\/newsletter\/"},"modified":"2025-07-24T15:52:48","modified_gmt":"2025-07-24T13:52:48","slug":"newsletter","status":"publish","type":"page","link":"https:\/\/www.westcam-group.com\/cs\/newsletter\/","title":{"rendered":"Newsletter"},"content":{"rendered":"\n<div class=\"wp-block-webx-blocks-westcam-hero alignfull ltr\"><div class=\"hero-image\" style=\"--aspect-ratio:16 \/ 9\"> <img decoding=\"async\" srcset=\"https:\/\/www.westcam-group.com\/wp-content\/uploads\/2024\/11\/westcam-group-newsletter-150x150.jpeg 150w, https:\/\/www.westcam-group.com\/wp-content\/uploads\/2024\/11\/westcam-group-newsletter-300x168.jpeg 300w, https:\/\/www.westcam-group.com\/wp-content\/uploads\/2024\/11\/westcam-group-newsletter-1024x574.jpeg 1024w, https:\/\/www.westcam-group.com\/wp-content\/uploads\/2024\/11\/westcam-group-newsletter.jpeg 1920w, https:\/\/www.westcam-group.com\/wp-content\/uploads\/2024\/11\/westcam-group-newsletter-1536x861.jpeg 1536w, https:\/\/www.westcam-group.com\/wp-content\/uploads\/2024\/11\/westcam-group-newsletter-1606x900.jpeg 1606w, https:\/\/www.westcam-group.com\/wp-content\/uploads\/2024\/11\/westcam-group-newsletter-1071x600.jpeg 1071w\" src=\"https:\/\/www.westcam-group.com\/wp-content\/uploads\/2024\/11\/westcam-group-newsletter.jpeg\" alt=\"\"\/><\/div><div class=\"hero-placeholder\"><\/div>\n<div class=\"wp-block-group hero-content is-layout-flow wp-block-group-is-layout-flow\">\n<div class=\"wp-block-webx-blocks-fake-heading heading-h4 hero-subtitle is-style-westcamized\" style=\"margin-top:0;margin-bottom:15px;text-transform:none\">WESTCAM GROUP<\/div>\n\n\n\n<h1 class=\"wp-block-heading hero-title\" style=\"margin-top:0;margin-bottom:15px\">NEWSLETTER<\/h1>\n\n\n\n<p><strong>Chcete m\u00edt v\u017edy p\u0159ehled o nejnov\u011bj\u0161\u00edch technologi\u00edch?  <\/strong><\/p>\n\n\n\n<p>Ale &#8222;nebav\u00ed&#8220; v\u00e1s, kdy\u017e je va\u0161e schr\u00e1nka zahlcena nepodstatn\u00fdmi informacemi?<\/p>\n\n\n\n<p>V souladu s na\u0161imi standardy kvality <strong>od n\u00e1s<\/strong> obdr\u017e\u00edte <strong>digit\u00e1ln\u00ed po\u0161tu<\/strong> pouze v p\u0159\u00edpad\u011b, \u017ee je skute\u010dn\u011b co \u0159\u00edci. <strong>Sv\u00e1<\/strong> obl\u00edben\u00e1 <strong>t\u00e9mata<\/strong> m\u016f\u017eete tak\u00e9 kdykoli <strong>sami<\/strong> roz\u0161\u00ed\u0159it nebo omezit. Samoz\u0159ejm\u011b <strong>se<\/strong> tak\u00e9 m\u016f\u017eete <strong>kdykoli odhl\u00e1sit z odb\u011bru<\/strong> &#8211; ale na\u0161t\u011bst\u00ed se to st\u00e1v\u00e1 jen velmi z\u0159\u00eddka.  <\/p>\n\n\n\n<p><strong>Stru\u010dn\u011b \u0159e\u010deno: S novinkami WESTCAM, kter\u00e9 se t\u00fdkaj\u00ed praxe, budete m\u00edt v\u017edy p\u0159ehled!<\/strong><\/p>\n\n\n\n<p><\/p>\n\n\n\n<p class=\"has-accent-2-color has-text-color has-link-color wp-elements-330d7c85947b6ff794ea61074ed75ac7\"><strong><span class=\"add-arrow\"><a href=\"https:\/\/westcam.ecomailapp.cz\/public\/form\/1-43c2cd496486bcc27217c3e790fb4088\" target=\"_blank\" data-type=\"link\" data-id=\"https:\/\/westcam.ecomailapp.cz\/public\/form\/1-43c2cd496486bcc27217c3e790fb4088\" rel=\"noreferrer noopener\">P\u0159ihl\u00e1sit se k odb\u011bru novinek WESTCAM<\/a><\/span><\/strong><\/p>\n<\/div>\n\n\n\n<p><\/p>\n\n\n\n<p><\/p>\n<\/div>\n\n\n\n<div class=\"wp-block-webx-blocks-responsive-spacer\" style=\"--desktop-height:100px;--tablet-height:50px;--mobile-height:25px\"><\/div>\n\n\n\n<div class=\"wp-block-webx-blocks-grid bg-mobile-margin has-base-color has-accent-2-background-color has-text-color has-background has-link-color wp-elements-beac30160628e562679441a97451190a is-layout-grid wp-container-webx-blocks-grid-is-layout-6959fa49 wp-block-webx-blocks-grid-is-layout-grid\" style=\"border-style:none;border-width:0px;border-radius:0px;margin-top:0;margin-right:0;margin-bottom:0;margin-left:0;padding-top:var(--wp--preset--spacing--40);padding-right:var(--wp--preset--spacing--40);padding-bottom:var(--wp--preset--spacing--40);padding-left:var(--wp--preset--spacing--40);--grid-columns-desktop:3;--grid-columns-tablet:2;--grid-columns-mobile:1;background-image:url(&apos;https:\/\/www.westcam-group.com\/wp-content\/uploads\/2024\/04\/grid-bottom-right.webp&apos;);background-position:100% 100%;background-repeat:no-repeat;background-size:300px;\">\n<div class=\"wp-block-webx-blocks-grid-item is-layout-flow wp-block-webx-blocks-grid-item-is-layout-flow\" style=\"--grid-area-desktop:auto \/ auto \/ auto \/ auto;--grid-area-tablet:auto \/ auto \/ auto \/ auto;--grid-area-mobile:auto \/ auto \/ auto \/ auto\">\n<div class=\"wp-block-webx-blocks-fake-heading heading-h5 is-style-westcamized-white has-base-color has-text-color has-link-color wp-elements-9d0c157c2f8add7fc25fc3268686f80b\" style=\"text-transform:none\">Kontaktujte n\u00e1s<\/div>\n\n\n\n<div class=\"wp-block-webx-blocks-fake-heading heading-h3 has-base-color has-text-color has-link-color wp-elements-75fa1ca49b3357bc40038b3991dd817c\"><strong>Westcam Group<\/strong><\/div>\n\n\n\n<p>Aksamitova 1071\/1 | 779 00  Olomouc | Rakousko<\/p>\n<\/div>\n\n\n\n<div class=\"wp-block-webx-blocks-grid-item is-vertically-aligned-center is-layout-flow wp-block-webx-blocks-grid-item-is-layout-flow\" style=\"--grid-area-desktop:auto \/ auto \/ auto \/ auto;--grid-area-tablet:auto \/ auto \/ auto \/ auto;--grid-area-mobile:auto \/ auto \/ auto \/ auto\">\n<div class=\"wp-block-group has-global-padding is-layout-constrained wp-block-group-is-layout-constrained\">\n<div class=\"wp-block-group is-content-justification-center is-nowrap is-layout-flex wp-container-core-group-is-layout-23441af8 wp-block-group-is-layout-flex\">\n<figure class=\"wp-block-image size-full is-resized wp-duotone-ffffff-ffffff-1\"><img loading=\"lazy\" decoding=\"async\" width=\"512\" height=\"510\" src=\"https:\/\/www.westcam-group.com\/wp-content\/uploads\/2024\/03\/phone-line-icon.png\" alt=\"\" class=\"wp-image-2739\" style=\"width:35px\" srcset=\"https:\/\/www.westcam-group.com\/wp-content\/uploads\/2024\/03\/phone-line-icon.png 512w, https:\/\/www.westcam-group.com\/wp-content\/uploads\/2024\/03\/phone-line-icon-300x300.png 300w, https:\/\/www.westcam-group.com\/wp-content\/uploads\/2024\/03\/phone-line-icon-150x150.png 150w\" sizes=\"auto, (max-width: 512px) 100vw, 512px\" \/><\/figure>\n\n\n\n<p><a href=\"tel:+420777699626\" data-type=\"tel\" data-id=\"tel:+420777699626\">+420 777 699 626<\/a><\/p>\n<\/div>\n<\/div>\n<\/div>\n\n\n\n<div class=\"wp-block-webx-blocks-grid-item is-vertically-aligned-center has-text-align-center is-layout-flow wp-block-webx-blocks-grid-item-is-layout-flow\" style=\"--grid-area-desktop:auto \/ auto \/ auto \/ auto;--grid-area-tablet:auto \/ auto \/ auto \/ auto;--grid-area-mobile:auto \/ auto \/ auto \/ auto\">\n<div class=\"wp-block-group is-content-justification-center is-nowrap is-layout-flex wp-container-core-group-is-layout-23441af8 wp-block-group-is-layout-flex\">\n<figure class=\"wp-block-image size-full is-resized wp-duotone-ffffff-ffffff-2\"><img loading=\"lazy\" decoding=\"async\" width=\"512\" height=\"372\" src=\"https:\/\/www.westcam-group.com\/wp-content\/uploads\/2024\/03\/envelope-line-icon.png\" alt=\"\" class=\"wp-image-2734\" style=\"width:35px\" srcset=\"https:\/\/www.westcam-group.com\/wp-content\/uploads\/2024\/03\/envelope-line-icon.png 512w, https:\/\/www.westcam-group.com\/wp-content\/uploads\/2024\/03\/envelope-line-icon-300x218.png 300w\" sizes=\"auto, (max-width: 512px) 100vw, 512px\" \/><\/figure>\n\n\n\n<p><a href=\"mailto:office@westcam.cz\" data-type=\"mailto\" data-id=\"mailto:office@westcam.cz\" target=\"_blank\" rel=\"noreferrer noopener\">office@westcam.cz<\/a><\/p>\n<\/div>\n<\/div>\n<\/div>\n\n\n\n<div class=\"wp-block-webx-blocks-responsive-spacer\" style=\"--desktop-height:100px;--tablet-height:50px;--mobile-height:25px\"><\/div>\n","protected":false},"excerpt":{"rendered":"","protected":false},"author":5,"featured_media":0,"parent":0,"menu_order":0,"comment_status":"closed","ping_status":"closed","template":"","meta":{"content-type":"","footnotes":""},"class_list":["post-36671","page","type-page","status-publish","hentry"],"_links":{"self":[{"href":"https:\/\/www.westcam-group.com\/cs\/wp-json\/wp\/v2\/pages\/36671","targetHints":{"allow":["GET"]}}],"collection":[{"href":"https:\/\/www.westcam-group.com\/cs\/wp-json\/wp\/v2\/pages"}],"about":[{"href":"https:\/\/www.westcam-group.com\/cs\/wp-json\/wp\/v2\/types\/page"}],"author":[{"embeddable":true,"href":"https:\/\/www.westcam-group.com\/cs\/wp-json\/wp\/v2\/users\/5"}],"replies":[{"embeddable":true,"href":"https:\/\/www.westcam-group.com\/cs\/wp-json\/wp\/v2\/comments?post=36671"}],"version-history":[{"count":3,"href":"https:\/\/www.westcam-group.com\/cs\/wp-json\/wp\/v2\/pages\/36671\/revisions"}],"predecessor-version":[{"id":40353,"href":"https:\/\/www.westcam-group.com\/cs\/wp-json\/wp\/v2\/pages\/36671\/revisions\/40353"}],"wp:attachment":[{"href":"https:\/\/www.westcam-group.com\/cs\/wp-json\/wp\/v2\/media?parent=36671"}],"curies":[{"name":"wp","href":"https:\/\/api.w.org\/{rel}","templated":true}]}}