{"id":34055,"date":"2024-04-04T10:48:09","date_gmt":"2024-04-04T08:48:09","guid":{"rendered":"https:\/\/www.westcam-group.com\/otisk\/"},"modified":"2025-07-17T08:58:59","modified_gmt":"2025-07-17T06:58:59","slug":"obchodni-udaje","status":"publish","type":"page","link":"https:\/\/www.westcam-group.com\/cs\/obchodni-udaje\/","title":{"rendered":"Obchodn\u00ed \u00fadaje"},"content":{"rendered":"\n<div class=\"wp-block-webx-blocks-westcam-hero alignfull ltr\"><div class=\"hero-image\" style=\"--aspect-ratio:16 \/ 9\"> <img decoding=\"async\" src=\"https:\/\/www.westcam-group.com\/wp-content\/uploads\/2024\/08\/impressum-westcam-group.jpeg\" alt=\"\" \/><\/div><div class=\"hero-placeholder\"><\/div>\n\n<div class=\"wp-block-group hero-content is-layout-flow wp-block-group-is-layout-flow\">\n\n<div class=\"wp-block-webx-blocks-fake-heading heading-h4 hero-subtitle is-style-westcamized\" style=\"margin-top:0;margin-bottom:15px;text-transform:none\">WESTCAM GROUP<\/div>\n\n\n<h1 class=\"wp-block-heading hero-title\" style=\"margin-top:0;margin-bottom:15px\">Obchodn\u00ed \u00fadaje<\/h1>\n\n\n<h5 class=\"wp-block-heading\"><strong>PR\u00c1VN\u00cd UPOZORN\u011aN\u00cd<\/strong><\/h5>\n\n<\/div>\n\n<\/div>\n\n<div class=\"wp-block-webx-blocks-grid is-layout-grid wp-container-webx-blocks-grid-is-layout-478b6e6b wp-block-webx-blocks-grid-is-layout-grid\" style=\"--grid-columns-desktop:2;--grid-columns-tablet:2;--grid-columns-mobile:1\">\n<div class=\"wp-block-webx-blocks-grid-item has-base-2-background-color has-background is-layout-flow wp-block-webx-blocks-grid-item-is-layout-flow\" style=\"padding-top:var(--wp--preset--spacing--10);padding-right:var(--wp--preset--spacing--10);padding-bottom:var(--wp--preset--spacing--10);padding-left:var(--wp--preset--spacing--10);--grid-area-desktop:auto \/ auto \/ auto \/ auto;--grid-area-tablet:auto \/ auto \/ auto \/ auto;--grid-area-mobile:auto \/ auto \/ auto \/ auto\">\n<div class=\"wp-block-webx-blocks-fake-heading heading-h3 is-style-westcamized\">WESTCAM DATENTECHNIK GMBH | (AT)<\/div>\n\n\n\n<p><strong>PDMCAD, design | 3D tisk | CAM, CNC | 3D metrologie | , MES | architektura, stavebnictv\u00ed | hardware<\/strong><\/p>\n\n\n\n<p><strong>Veden\u00ed:<\/strong> Markus Ebster &amp; Andreas Hofherr<\/p>\n\n\n\n<p><strong>Akcion\u00e1\u0159:<\/strong> WESTCAM Beteiligungs- &amp; Management GmbH (100 %)<\/p>\n\n\n\n<p>Gewerbepark 38 | 6068 Mils u Hall in Tirol | <a href=\"https:\/\/www.google.at\/maps\/dir\/WESTCAM+Technologies+GmbH,+Gewerbepark,+Mils\/@47.2836624,11.5379894,15.13z\/data=!4m8!4m7!1m0!1m5!1m1!1s0x479d65b93697cfb1:0x1c5843f7c9469c3c!2m2!1d11.5435357!2d47.2828558\" target=\"_blank\" rel=\"noreferrer noopener\">&gt; Route<\/a><\/p>\n\n\n\n<div class=\"wp-block-group is-nowrap is-layout-flex wp-container-core-group-is-layout-6c531013 wp-block-group-is-layout-flex\">\n<figure class=\"wp-block-image size-full is-resized\"><img loading=\"lazy\" decoding=\"async\" width=\"512\" height=\"510\" src=\"https:\/\/www.westcam-group.com\/wp-content\/uploads\/2024\/03\/phone-line-icon.png\" alt=\"\" class=\"wp-image-2739\" style=\"width:35px\" srcset=\"https:\/\/www.westcam-group.com\/wp-content\/uploads\/2024\/03\/phone-line-icon.png 512w, https:\/\/www.westcam-group.com\/wp-content\/uploads\/2024\/03\/phone-line-icon-300x300.png 300w, https:\/\/www.westcam-group.com\/wp-content\/uploads\/2024\/03\/phone-line-icon-150x150.png 150w\" sizes=\"auto, (max-width: 512px) 100vw, 512px\" \/><\/figure>\n\n\n\n<p><a href=\"tel:+43%205223%2055509%200\">+43 5223 55509 0<\/a><\/p>\n<\/div>\n\n\n\n<div class=\"wp-block-group is-nowrap is-layout-flex wp-container-core-group-is-layout-6c531013 wp-block-group-is-layout-flex\">\n<figure class=\"wp-block-image size-full is-resized\"><img loading=\"lazy\" decoding=\"async\" width=\"512\" height=\"372\" src=\"https:\/\/www.westcam-group.com\/wp-content\/uploads\/2024\/03\/envelope-line-icon.png\" alt=\"\" class=\"wp-image-2734\" style=\"width:35px\" srcset=\"https:\/\/www.westcam-group.com\/wp-content\/uploads\/2024\/03\/envelope-line-icon.png 512w, https:\/\/www.westcam-group.com\/wp-content\/uploads\/2024\/03\/envelope-line-icon-300x218.png 300w\" sizes=\"auto, (max-width: 512px) 100vw, 512px\" \/><\/figure>\n\n\n\n<p><a href=\"mailto:info@westcam-group.com\" target=\"_blank\" rel=\"noreferrer noopener\">info@westcam-group.com<\/a><\/p>\n<\/div>\n\n\n\n<p><strong>Registra\u010dn\u00ed \u010d\u00edslo spole\u010dnosti: FN 54227x<\/strong><br\/><strong>Registra\u010dn\u00ed soud spole\u010dnosti<\/strong>:<strong>Zemsk\u00fd soud v Innsbrucku<\/strong><br\/><strong> \u010c\u00edslo UID: ATU 318 07 907<\/strong><\/p>\n\n\n\n<ul class=\"wp-block-list\">\n<li><strong>Allgemeine Gesch\u00e4ftsbedingungen<\/strong> (<a href=\"https:\/\/www.westcam-group.com\/wp-content\/uploads\/2024\/06\/WESTCAM-Datentechnik-GmbH-AGBs-DE.pdf\" target=\"_blank\" rel=\"noreferrer noopener\">AGB<\/a>) <\/li>\n\n\n\n<li><strong>General terms and conditions<\/strong> (<a href=\"https:\/\/www.westcam-group.com\/wp-content\/uploads\/2024\/06\/WESTCAM-Datentechnik-GmbH-AGBs-ENG.pdf\" target=\"_blank\" rel=\"noreferrer noopener\">GTC<\/a>)<\/li>\n<\/ul>\n\n\n\n<p><strong>Certifikov\u00e1no podle ISO 9001<\/strong> od roku 2006<\/p>\n<\/div>\n\n\n\n<div class=\"wp-block-webx-blocks-grid-item has-base-2-background-color has-background is-layout-flow wp-block-webx-blocks-grid-item-is-layout-flow\" style=\"padding-top:var(--wp--preset--spacing--10);padding-right:var(--wp--preset--spacing--10);padding-bottom:var(--wp--preset--spacing--10);padding-left:var(--wp--preset--spacing--10);--grid-area-desktop:auto \/ auto \/ auto \/ auto;--grid-area-tablet:auto \/ auto \/ auto \/ auto;--grid-area-mobile:auto \/ auto \/ auto \/ auto\">\n<div class=\"wp-block-webx-blocks-fake-heading heading-h3 is-style-westcamized\">WESTCAM TECHNOLOGIES GMBH | (AT)<\/div>\n\n\n\n<p><strong>Mechatronika, robotika | zpracov\u00e1n\u00ed obrazu | zubn\u00ed technika<\/strong><\/p>\n\n\n\n<p><strong>Jednatel\u00e9: <\/strong>Harald Unterrainer &amp; Markus Ebster<\/p>\n\n\n\n<p><strong>Akcion\u00e1\u0159i:<\/strong> WESTCAM Beteiligungs- &amp; Management GmbH (74,9 %), Harald Unterrainer (25,1 %).<\/p>\n\n\n\n<p>Gewerbepark 38 | 6068 Mils u Hall in Tirol | <a href=\"https:\/\/www.google.at\/maps\/dir\/WESTCAM+Technologies+GmbH,+Gewerbepark,+Mils\/@47.2836624,11.5379894,15.13z\/data=!4m8!4m7!1m0!1m5!1m1!1s0x479d65b93697cfb1:0x1c5843f7c9469c3c!2m2!1d11.5435357!2d47.2828558\" target=\"_blank\" rel=\"noreferrer noopener\">&gt; Route<\/a><\/p>\n\n\n\n<div class=\"wp-block-group is-nowrap is-layout-flex wp-container-core-group-is-layout-6c531013 wp-block-group-is-layout-flex\">\n<figure class=\"wp-block-image size-full is-resized\"><img loading=\"lazy\" decoding=\"async\" width=\"512\" height=\"510\" src=\"https:\/\/www.westcam-group.com\/wp-content\/uploads\/2024\/03\/phone-line-icon.png\" alt=\"\" class=\"wp-image-2739\" style=\"width:35px\" srcset=\"https:\/\/www.westcam-group.com\/wp-content\/uploads\/2024\/03\/phone-line-icon.png 512w, https:\/\/www.westcam-group.com\/wp-content\/uploads\/2024\/03\/phone-line-icon-300x300.png 300w, https:\/\/www.westcam-group.com\/wp-content\/uploads\/2024\/03\/phone-line-icon-150x150.png 150w\" sizes=\"auto, (max-width: 512px) 100vw, 512px\" \/><\/figure>\n\n\n\n<p><a href=\"tel:+43%205223%2055509%200\">+43 5223 55509 0<\/a><\/p>\n<\/div>\n\n\n\n<div class=\"wp-block-group is-nowrap is-layout-flex wp-container-core-group-is-layout-6c531013 wp-block-group-is-layout-flex\">\n<figure class=\"wp-block-image size-full is-resized\"><img loading=\"lazy\" decoding=\"async\" width=\"512\" height=\"372\" src=\"https:\/\/www.westcam-group.com\/wp-content\/uploads\/2024\/03\/envelope-line-icon.png\" alt=\"\" class=\"wp-image-2734\" style=\"width:35px\" srcset=\"https:\/\/www.westcam-group.com\/wp-content\/uploads\/2024\/03\/envelope-line-icon.png 512w, https:\/\/www.westcam-group.com\/wp-content\/uploads\/2024\/03\/envelope-line-icon-300x218.png 300w\" sizes=\"auto, (max-width: 512px) 100vw, 512px\" \/><\/figure>\n\n\n\n<p><a href=\"mailto:info@westcam-group.com\" target=\"_blank\" rel=\"noreferrer noopener\">info@westcam-group.com<\/a><\/p>\n<\/div>\n\n\n\n<p><strong>Registra\u010dn\u00ed \u010d\u00edslo spole\u010dnosti: FN 428639b<\/strong><br\/><strong>Registra\u010dn\u00ed soud spole\u010dnosti<\/strong>:<strong>Zemsk\u00fd soud v Innsbrucku<\/strong><br\/><strong> \u010c\u00edslo UID: ATU 693 31 323<\/strong><\/p>\n\n\n\n<ul class=\"wp-block-list\">\n<li><strong>Allgemeine Gesch\u00e4ftsbedingungen<\/strong> (<a href=\"https:\/\/www.westcam-group.com\/wp-content\/uploads\/2024\/06\/WESTCAM-Technologies-GmbH-AGBs-DE.pdf\" target=\"_blank\" rel=\"noreferrer noopener\">AGB<\/a>) <\/li>\n\n\n\n<li><strong>General terms and conditions<\/strong> (<a href=\"https:\/\/www.westcam-group.com\/wp-content\/uploads\/2024\/06\/WESTCAM-Technologies-GmbH-AGBs-ENG.pdf\" target=\"_blank\" rel=\"noreferrer noopener\">GTC<\/a>)<\/li>\n<\/ul>\n\n\n\n<p><strong>Certifikov\u00e1no podle ISO 9001<\/strong> od roku 2018<\/p>\n<\/div>\n<\/div>\n\n<div class=\"wp-block-webx-blocks-grid is-layout-grid wp-container-webx-blocks-grid-is-layout-478b6e6b wp-block-webx-blocks-grid-is-layout-grid\" style=\"--grid-columns-desktop:2;--grid-columns-tablet:2;--grid-columns-mobile:1\">\n<div class=\"wp-block-webx-blocks-grid-item has-base-2-background-color has-background is-layout-flow wp-block-webx-blocks-grid-item-is-layout-flow\" style=\"padding-top:var(--wp--preset--spacing--10);padding-right:var(--wp--preset--spacing--10);padding-bottom:var(--wp--preset--spacing--10);padding-left:var(--wp--preset--spacing--10);--grid-area-desktop:auto \/ auto \/ auto \/ auto;--grid-area-tablet:auto \/ auto \/ auto \/ auto;--grid-area-mobile:auto \/ auto \/ auto \/ auto\">\n<div class=\"wp-block-webx-blocks-fake-heading heading-h3 is-style-westcamized\">WESTCAM AG | (CH, FL)<\/div>\n\n\n\n<p><strong>P\u0159edstavenstvo:<\/strong> Thomas Wechner a Markus Ebster<\/p>\n\n\n\n<p><strong>Akcion\u00e1\u0159:<\/strong> WESTCAM Datentechnik GmbH (100 %)<\/p>\n\n\n\n<p>T\u00e4fernstrasse 4 | 5405 Baden-D\u00e4ttwil | <a href=\"https:\/\/www.google.at\/maps\/dir\/T%C3%A4fernstrasse+4,+5405+Baden,+Schweiz\/T%C3%A4fernstrasse+4,+5405+Baden,+Schweiz\/@47.4487228,8.2515209,13z\/data=!3m1!4b1!4m14!4m13!1m5!1m1!1s0x479013414ca53d33:0x3f64a4acc2d8e3b6!2m2!1d8.2927201!2d47.4487302!1m5!1m1!1s0x479013414ca53d33:0x3f64a4acc2d8e3b6!2m2!1d8.2927201!2d47.4487302!3e0?entry=ttu&amp;g_ep=EgoyMDI0MDgyNi4wIKXMDSoASAFQAw%3D%3D\" target=\"_blank\" rel=\"noopener\">&gt; Route<\/a><\/p>\n\n\n\n<div class=\"wp-block-group is-nowrap is-layout-flex wp-container-core-group-is-layout-6c531013 wp-block-group-is-layout-flex\">\n<figure class=\"wp-block-image size-full is-resized\"><img loading=\"lazy\" decoding=\"async\" width=\"512\" height=\"510\" src=\"https:\/\/www.westcam-group.com\/wp-content\/uploads\/2024\/03\/phone-line-icon.png\" alt=\"\" class=\"wp-image-2739\" style=\"width:35px\" srcset=\"https:\/\/www.westcam-group.com\/wp-content\/uploads\/2024\/03\/phone-line-icon.png 512w, https:\/\/www.westcam-group.com\/wp-content\/uploads\/2024\/03\/phone-line-icon-300x300.png 300w, https:\/\/www.westcam-group.com\/wp-content\/uploads\/2024\/03\/phone-line-icon-150x150.png 150w\" sizes=\"auto, (max-width: 512px) 100vw, 512px\" \/><\/figure>\n\n\n\n<p><a href=\"tel:+41%2056%205614%20600\">+41 56 5614 600<\/a><\/p>\n<\/div>\n\n\n\n<div class=\"wp-block-group is-nowrap is-layout-flex wp-container-core-group-is-layout-6c531013 wp-block-group-is-layout-flex\">\n<figure class=\"wp-block-image size-full is-resized\"><img loading=\"lazy\" decoding=\"async\" width=\"512\" height=\"372\" src=\"https:\/\/www.westcam-group.com\/wp-content\/uploads\/2024\/03\/envelope-line-icon.png\" alt=\"\" class=\"wp-image-2734\" style=\"width:35px\" srcset=\"https:\/\/www.westcam-group.com\/wp-content\/uploads\/2024\/03\/envelope-line-icon.png 512w, https:\/\/www.westcam-group.com\/wp-content\/uploads\/2024\/03\/envelope-line-icon-300x218.png 300w\" sizes=\"auto, (max-width: 512px) 100vw, 512px\" \/><\/figure>\n\n\n\n<p><a href=\"mailto:office@westcam.ch\">office@westcam.ch<\/a><\/p>\n<\/div>\n\n\n\n<p><strong>Referen\u010dn\u00ed \u010d\u00edslo: CH-320<\/strong>.3.095.719-8<br\/><strong>Obchodn\u00ed rejst\u0159\u00edk:<\/strong> Kanton Aargau<br\/> DI\u010c: CHE-265.206.016 DPH<\/p>\n\n\n\n<ul class=\"wp-block-list\">\n<li><strong>Allgemeine Gesch\u00e4ftsbedingungen<\/strong> (<a href=\"https:\/\/www.westcam-group.com\/wp-content\/uploads\/2024\/06\/WESTCAM-AG-ABGs-DE.pdf\" target=\"_blank\" rel=\"noreferrer noopener\">AGB<\/a>) <\/li>\n\n\n\n<li><strong>General terms and conditions<\/strong> (<a href=\"https:\/\/www.westcam-group.com\/wp-content\/uploads\/2024\/06\/WESTCAM-AG-AGBs-ENG.pdf\" target=\"_blank\" rel=\"noreferrer noopener\">GTC<\/a>)<\/li>\n<\/ul>\n\n\n\n<p><strong>Certifikov\u00e1no podle ISO 9001<\/strong> od roku 2024<\/p>\n<\/div>\n\n\n\n<div class=\"wp-block-webx-blocks-grid-item has-base-2-background-color has-background is-layout-flow wp-block-webx-blocks-grid-item-is-layout-flow\" style=\"padding-top:var(--wp--preset--spacing--10);padding-right:var(--wp--preset--spacing--10);padding-bottom:var(--wp--preset--spacing--10);padding-left:var(--wp--preset--spacing--10);--grid-area-desktop:auto \/ auto \/ auto \/ auto;--grid-area-tablet:auto \/ auto \/ auto \/ auto;--grid-area-mobile:auto \/ auto \/ auto \/ auto\">\n<div class=\"wp-block-webx-blocks-fake-heading heading-h3 is-style-westcamized\">WESTCAM S.R.0. | (CZ, SK) <\/div>\n\n\n\n<p><strong>Jednatel\u00e9: <\/strong>Michal K\u0159\u00ed\u017eek &amp; Michael Moritz<\/p>\n\n\n\n<p><strong>Akcion\u00e1\u0159: <\/strong>WESTCAM Beteiligungs- &amp; Management GmbH (90,09 %)<\/p>\n\n\n\n<p>Aksamitova 1071\/1 | 779 00 Olomouc | <a href=\"https:\/\/www.google.at\/maps\/dir\/Aksamitova+1071%2F1,+779+00+Olomouc,+Tschechien\/@49.5904477,17.2534348,17z\/data=!4m9!4m8!1m0!1m5!1m1!1s0x47124e8a7bc72379:0x6c2aa0e73966af02!2m2!1d17.2556235!2d49.5904477!3e0\" target=\"_blank\" rel=\"noreferrer noopener\">&gt; Route<\/a><\/p>\n\n\n\n<div class=\"wp-block-group is-nowrap is-layout-flex wp-container-core-group-is-layout-6c531013 wp-block-group-is-layout-flex\">\n<figure class=\"wp-block-image size-full is-resized\"><img loading=\"lazy\" decoding=\"async\" width=\"512\" height=\"510\" src=\"https:\/\/www.westcam-group.com\/wp-content\/uploads\/2024\/03\/phone-line-icon.png\" alt=\"\" class=\"wp-image-2739\" style=\"width:35px\" srcset=\"https:\/\/www.westcam-group.com\/wp-content\/uploads\/2024\/03\/phone-line-icon.png 512w, https:\/\/www.westcam-group.com\/wp-content\/uploads\/2024\/03\/phone-line-icon-300x300.png 300w, https:\/\/www.westcam-group.com\/wp-content\/uploads\/2024\/03\/phone-line-icon-150x150.png 150w\" sizes=\"auto, (max-width: 512px) 100vw, 512px\" \/><\/figure>\n\n\n\n<p><a href=\"tel:+420%20777%20699%20626\">+420 777 699 626<\/a><\/p>\n<\/div>\n\n\n\n<div class=\"wp-block-group is-nowrap is-layout-flex wp-container-core-group-is-layout-6c531013 wp-block-group-is-layout-flex\">\n<figure class=\"wp-block-image size-full is-resized\"><img loading=\"lazy\" decoding=\"async\" width=\"512\" height=\"372\" src=\"https:\/\/www.westcam-group.com\/wp-content\/uploads\/2024\/03\/envelope-line-icon.png\" alt=\"\" class=\"wp-image-2734\" style=\"width:35px\" srcset=\"https:\/\/www.westcam-group.com\/wp-content\/uploads\/2024\/03\/envelope-line-icon.png 512w, https:\/\/www.westcam-group.com\/wp-content\/uploads\/2024\/03\/envelope-line-icon-300x218.png 300w\" sizes=\"auto, (max-width: 512px) 100vw, 512px\" \/><\/figure>\n\n\n\n<p><a href=\"mailto:office@westcam.cz\">office@westcam.cz<\/a><\/p>\n<\/div>\n\n\n\n<p><strong>Identifika\u010dn\u00ed \u010d\u00edslo (I\u010c): 277 45 830<\/strong><br\/><strong>Obchodn\u00ed rejst\u0159\u00edk:<\/strong><br\/><strong>Da\u0148ov\u00e9 identifika\u010dn\u00ed \u010d\u00edslo (DI\u010c<\/strong> ): I\u010c 277 45 830<\/p>\n\n\n\n<ul class=\"wp-block-list\">\n<li><strong>V\u0161eobecn\u00e9obchodn\u00ed podm\u00ednky<\/strong>(<a href=\"https:\/\/www.westcam-group.com\/wp-content\/uploads\/2024\/08\/WESTCAM-s.r.o.-AGBs-final.pdf\" target=\"_blank\" rel=\"noreferrer noopener\">VOP<\/a>)<\/li>\n<\/ul>\n\n\n\n<p><strong>Certifikov\u00e1no podle ISO 9001<\/strong> od roku 2018<\/p>\n<\/div>\n<\/div>\n<div class=\"wp-block-webx-blocks-grid\" style=\"--grid-columns-desktop: 2; --grid-columns-tablet: 2; --grid-columns-mobile: 1;\"> <\/div>\n","protected":false},"excerpt":{"rendered":"","protected":false},"author":1,"featured_media":0,"parent":0,"menu_order":0,"comment_status":"closed","ping_status":"closed","template":"","meta":{"content-type":"","footnotes":""},"class_list":["post-34055","page","type-page","status-publish","hentry"],"_links":{"self":[{"href":"https:\/\/www.westcam-group.com\/cs\/wp-json\/wp\/v2\/pages\/34055","targetHints":{"allow":["GET"]}}],"collection":[{"href":"https:\/\/www.westcam-group.com\/cs\/wp-json\/wp\/v2\/pages"}],"about":[{"href":"https:\/\/www.westcam-group.com\/cs\/wp-json\/wp\/v2\/types\/page"}],"author":[{"embeddable":true,"href":"https:\/\/www.westcam-group.com\/cs\/wp-json\/wp\/v2\/users\/1"}],"replies":[{"embeddable":true,"href":"https:\/\/www.westcam-group.com\/cs\/wp-json\/wp\/v2\/comments?post=34055"}],"version-history":[{"count":10,"href":"https:\/\/www.westcam-group.com\/cs\/wp-json\/wp\/v2\/pages\/34055\/revisions"}],"predecessor-version":[{"id":40334,"href":"https:\/\/www.westcam-group.com\/cs\/wp-json\/wp\/v2\/pages\/34055\/revisions\/40334"}],"wp:attachment":[{"href":"https:\/\/www.westcam-group.com\/cs\/wp-json\/wp\/v2\/media?parent=34055"}],"curies":[{"name":"wp","href":"https:\/\/api.w.org\/{rel}","templated":true}]}}