{"id":33995,"date":"2024-04-25T09:01:50","date_gmt":"2024-04-25T07:01:50","guid":{"rendered":"https:\/\/www.westcam-group.com\/ke-stazeni-na\/"},"modified":"2025-12-16T08:31:04","modified_gmt":"2025-12-16T07:31:04","slug":"ke-stazeni","status":"publish","type":"page","link":"https:\/\/www.westcam-group.com\/cs\/kontakt\/ke-stazeni\/","title":{"rendered":"Ke sta\u017een\u00ed na"},"content":{"rendered":"\n<div class=\"wp-block-webx-blocks-westcam-hero alignfull ltr\"><div class=\"hero-image\" style=\"--aspect-ratio:16 \/ 9\"> <video src=\"https:\/\/www.westcam-group.com\/wp-content\/uploads\/2024\/09\/AdobeStock_744977927.mov\" alt=\"Selected Media\" autoplay loop muted><\/video><\/div><div class=\"hero-placeholder\"><\/div>\n<div class=\"wp-block-group hero-content is-layout-flow wp-block-group-is-layout-flow\">\n<div class=\"wp-block-webx-blocks-fake-heading heading-h4 hero-subtitle is-style-westcamized\" style=\"margin-top:0;margin-bottom:15px;text-transform:none\">WESTCAM GROUP<\/div>\n\n\n\n<h1 class=\"wp-block-heading hero-title\" style=\"margin-top:0;margin-bottom:15px\">Ke sta\u017een\u00ed na<\/h1>\n<\/div>\n<\/div>\n\n<div class=\"wp-block-group has-global-padding is-layout-constrained wp-block-group-is-layout-constrained\">\n<div class=\"wp-block-group has-global-padding is-content-justification-center is-layout-constrained wp-block-group-is-layout-constrained\">\n<div class=\"wp-block-webx-blocks-responsive-spacer\" style=\"--desktop-height:100px;--tablet-height:50px;--mobile-height:25px\"><\/div>\n\n\n\n<div class=\"wp-block-webx-blocks-grid is-layout-grid wp-container-webx-blocks-grid-is-layout-478b6e6b wp-block-webx-blocks-grid-is-layout-grid\" style=\"--grid-columns-desktop:1;--grid-columns-tablet:1;--grid-columns-mobile:1\">\n<div class=\"wp-block-webx-blocks-grid-item is-layout-flow wp-block-webx-blocks-grid-item-is-layout-flow\" style=\"padding-top:var(--wp--preset--spacing--10);padding-right:var(--wp--preset--spacing--10);padding-bottom:var(--wp--preset--spacing--10);padding-left:var(--wp--preset--spacing--10);--grid-area-desktop:auto \/ auto \/ auto \/ auto;--grid-area-tablet:auto \/ auto \/ auto \/ auto;--grid-area-mobile:auto \/ auto \/ auto \/ auto\">\n<h2 class=\"wp-block-heading has-text-align-left is-style-westcamized\"><strong>WESTCAM Datentechnik | WESTCAM AG | WESTCAM S.R.O.<\/strong><\/h2>\n<\/div>\n<\/div>\n\n\n\n<div class=\"wp-block-group has-global-padding is-layout-constrained wp-block-group-is-layout-constrained\">\n<div class=\"wp-block-webx-blocks-grid is-layout-grid wp-container-webx-blocks-grid-is-layout-478b6e6b wp-block-webx-blocks-grid-is-layout-grid\" style=\"--grid-columns-desktop:2;--grid-columns-tablet:2;--grid-columns-mobile:1\">\n<div class=\"wp-block-webx-blocks-grid-item has-text-align-left is-layout-flow wp-block-webx-blocks-grid-item-is-layout-flow\" style=\"padding-top:var(--wp--preset--spacing--10);padding-right:var(--wp--preset--spacing--10);padding-bottom:var(--wp--preset--spacing--10);padding-left:var(--wp--preset--spacing--10);--grid-area-desktop:auto \/ auto \/ auto \/ auto;--grid-area-tablet:auto \/ auto \/ auto \/ auto;--grid-area-mobile:auto \/ auto \/ auto \/ auto\">\n<div class=\"wp-block-group is-nowrap is-layout-flex wp-container-core-group-is-layout-6c531013 wp-block-group-is-layout-flex\">\n<div class=\"wp-block-file\"><a id=\"wp-block-file--media-11a0449c-1fbf-4135-bed0-889f24639390\" href=\"https:\/\/www.westcam-group.com\/wp-content\/uploads\/2024\/05\/WESTCAM-Know-WOW-Technologies-2023-Broschuere-DE.pdf\" target=\"_blank\" rel=\"noreferrer noopener\">WESTCAM-Know-WOW-Technologies-2025-Broschuere-EN<\/a><\/div>\n<\/div>\n<\/div>\n\n\n\n<div class=\"wp-block-webx-blocks-grid-item has-text-align-left is-layout-flow wp-block-webx-blocks-grid-item-is-layout-flow\" style=\"padding-top:var(--wp--preset--spacing--10);padding-right:var(--wp--preset--spacing--10);padding-bottom:var(--wp--preset--spacing--10);padding-left:var(--wp--preset--spacing--10);--grid-area-desktop:auto \/ auto \/ auto \/ auto;--grid-area-tablet:auto \/ auto \/ auto \/ auto;--grid-area-mobile:auto \/ auto \/ auto \/ auto\">\n<div class=\"wp-block-file\"><a id=\"wp-block-file--media-0df63ef8-ddd0-423a-9fa7-6fd3a65b8225\" href=\"https:\/\/www.westcam-group.com\/wp-content\/uploads\/2025\/03\/WESTCAM-Metrology-Services-2025-DE.pdf\">WESTCAM-3D-MEASUREMENT-SERVICES-2025-CS<\/a><\/div>\n<\/div>\n<\/div>\n\n\n\n<div class=\"wp-block-group has-global-padding is-layout-constrained wp-block-group-is-layout-constrained\">\n<div class=\"wp-block-webx-blocks-grid is-layout-grid wp-container-webx-blocks-grid-is-layout-478b6e6b wp-block-webx-blocks-grid-is-layout-grid\" style=\"--grid-columns-desktop:2;--grid-columns-tablet:2;--grid-columns-mobile:1\">\n<div class=\"wp-block-webx-blocks-grid-item has-text-align-left is-layout-flow wp-block-webx-blocks-grid-item-is-layout-flow\" style=\"padding-top:var(--wp--preset--spacing--10);padding-right:var(--wp--preset--spacing--10);padding-bottom:var(--wp--preset--spacing--10);padding-left:var(--wp--preset--spacing--10);--grid-area-desktop:auto \/ auto \/ auto \/ auto;--grid-area-tablet:auto \/ auto \/ auto \/ auto;--grid-area-mobile:auto \/ auto \/ auto \/ auto\">\n<div class=\"wp-block-file\"><a id=\"wp-block-file--media-5ece030e-d77d-4648-b0c2-e652f3dcf833\" href=\"https:\/\/www.westcam-group.com\/wp-content\/uploads\/2024\/05\/westcam-metrology-services-brochure-english-2023.pdf\" target=\"_blank\" rel=\"noreferrer noopener\">westcam-metrology-services-brochure-english-2025<\/a><\/div>\n<\/div>\n\n\n\n<div class=\"wp-block-webx-blocks-grid-item has-text-align-left is-layout-flow wp-block-webx-blocks-grid-item-is-layout-flow\" style=\"padding-top:var(--wp--preset--spacing--10);padding-right:var(--wp--preset--spacing--10);padding-bottom:var(--wp--preset--spacing--10);padding-left:var(--wp--preset--spacing--10);--grid-area-desktop:auto \/ auto \/ auto \/ auto;--grid-area-tablet:auto \/ auto \/ auto \/ auto;--grid-area-mobile:auto \/ auto \/ auto \/ auto\">\n<div class=\"wp-block-file\"><a id=\"wp-block-file--media-a8aea301-6caa-4cf8-a1bc-a128ca892992\" href=\"https:\/\/www.westcam-group.com\/wp-content\/uploads\/2025\/06\/hyperMILL-2025-Whats-new-WESTCAM-Group.pdf\" target=\"_blank\" rel=\"noreferrer noopener\">hyperMILL<\/a><\/div>\n<\/div>\n<\/div>\n\n\n\n<div class=\"wp-block-webx-blocks-grid is-layout-grid wp-container-webx-blocks-grid-is-layout-478b6e6b wp-block-webx-blocks-grid-is-layout-grid\" style=\"--grid-columns-desktop:2;--grid-columns-tablet:2;--grid-columns-mobile:1\">\n<div class=\"wp-block-webx-blocks-grid-item has-text-align-left is-layout-flow wp-block-webx-blocks-grid-item-is-layout-flow\" style=\"padding-top:var(--wp--preset--spacing--10);padding-right:var(--wp--preset--spacing--10);padding-bottom:var(--wp--preset--spacing--10);padding-left:var(--wp--preset--spacing--10);--grid-area-desktop:auto \/ auto \/ auto \/ auto;--grid-area-tablet:auto \/ auto \/ auto \/ auto;--grid-area-mobile:auto \/ auto \/ auto \/ auto\">\n<div class=\"wp-block-file\"><a id=\"wp-block-file--media-0890a512-bf3a-4038-a379-ce2e3116e980\" href=\"https:\/\/www.westcam-group.com\/wp-content\/uploads\/2025\/12\/WESTCAM.hypermill-2025.Update.4.1.Release-Hinweise.pdf\">WESTCAM.hyperMILL-2025.update.4.1.release-notes<\/a><\/div>\n<\/div>\n\n\n\n<div class=\"wp-block-webx-blocks-grid-item has-text-align-left is-layout-flow wp-block-webx-blocks-grid-item-is-layout-flow\" style=\"padding-top:var(--wp--preset--spacing--10);padding-right:var(--wp--preset--spacing--10);padding-bottom:var(--wp--preset--spacing--10);padding-left:var(--wp--preset--spacing--10);--grid-area-desktop:auto \/ auto \/ auto \/ auto;--grid-area-tablet:auto \/ auto \/ auto \/ auto;--grid-area-mobile:auto \/ auto \/ auto \/ auto\">\n<div class=\"wp-block-file\"><a id=\"wp-block-file--media-630a2000-6b71-43d3-848a-a6518abf6732\" href=\"https:\/\/www.westcam-group.com\/wp-content\/uploads\/2025\/02\/PEPS-2025-Neuerungen-WESTCAM-Group.pdf\" target=\"_blank\" rel=\"noreferrer noopener\">Inovace PEPS<\/a><\/div>\n<\/div>\n<\/div>\n\n\n\n<div class=\"wp-block-webx-blocks-grid is-layout-grid wp-container-webx-blocks-grid-is-layout-478b6e6b wp-block-webx-blocks-grid-is-layout-grid\" style=\"--grid-columns-desktop:2;--grid-columns-tablet:2;--grid-columns-mobile:1\">\n<div class=\"wp-block-webx-blocks-grid-item is-layout-flow wp-block-webx-blocks-grid-item-is-layout-flow\" style=\"padding-top:var(--wp--preset--spacing--10);padding-right:var(--wp--preset--spacing--10);padding-bottom:var(--wp--preset--spacing--10);padding-left:var(--wp--preset--spacing--10);--grid-area-desktop:auto \/ auto \/ auto \/ auto;--grid-area-tablet:auto \/ auto \/ auto \/ auto;--grid-area-mobile:auto \/ auto \/ auto \/ auto\">\n<div class=\"wp-block-file\"><a id=\"wp-block-file--media-e4cb25a9-751a-460b-9e64-9748794b6c28\" href=\"https:\/\/www.westcam-group.com\/wp-content\/uploads\/2025\/02\/WESTCAM.hyperMILL-Ausbildungslizenz.2025.pdf\" target=\"_blank\" rel=\"noreferrer noopener\">hyperMILL<\/a><\/div>\n<\/div>\n\n\n\n<div class=\"wp-block-webx-blocks-grid-item is-layout-flow wp-block-webx-blocks-grid-item-is-layout-flow\" style=\"padding-top:var(--wp--preset--spacing--10);padding-right:var(--wp--preset--spacing--10);padding-bottom:var(--wp--preset--spacing--10);padding-left:var(--wp--preset--spacing--10);--grid-area-desktop:auto \/ auto \/ auto \/ auto;--grid-area-tablet:auto \/ auto \/ auto \/ auto;--grid-area-mobile:auto \/ auto \/ auto \/ auto\">\n<div class=\"wp-block-file\"><a id=\"wp-block-file--media-c7cb960e-f8b2-4565-b8fc-648a9d30f3e2\" href=\"https:\/\/www.westcam-group.com\/wp-content\/uploads\/2024\/05\/anlage-1-end-of-support-termine.pdf\" target=\"_blank\" rel=\"noreferrer noopener\">GOM\/ZEISS-end-of-support-date-By 2028<\/a><\/div>\n<\/div>\n<\/div>\n\n\n\n<div class=\"wp-block-webx-blocks-grid is-layout-grid wp-container-webx-blocks-grid-is-layout-478b6e6b wp-block-webx-blocks-grid-is-layout-grid\" style=\"--grid-columns-desktop:2;--grid-columns-tablet:2;--grid-columns-mobile:1\">\n<div class=\"wp-block-webx-blocks-grid-item is-layout-flow wp-block-webx-blocks-grid-item-is-layout-flow\" style=\"padding-top:var(--wp--preset--spacing--10);padding-right:var(--wp--preset--spacing--10);padding-bottom:var(--wp--preset--spacing--10);padding-left:var(--wp--preset--spacing--10);--grid-area-desktop:auto \/ auto \/ auto \/ auto;--grid-area-tablet:auto \/ auto \/ auto \/ auto;--grid-area-mobile:auto \/ auto \/ auto \/ auto\">\n<div class=\"wp-block-file\"><a id=\"wp-block-file--media-36bae08a-c057-41cd-82b7-66470875f44c\" href=\"https:\/\/www.westcam-group.com\/wp-content\/uploads\/2024\/04\/WESTCAM-MES-Hummingbird-Broschure-2025-DE.pdf\" target=\"_blank\" rel=\"noreferrer noopener\">WESTCAM-MES-Hummingbird-Brochure-2025-EN<\/a><\/div>\n<\/div>\n\n\n\n<div class=\"wp-block-webx-blocks-grid-item is-layout-flow wp-block-webx-blocks-grid-item-is-layout-flow\" style=\"padding-top:var(--wp--preset--spacing--10);padding-right:var(--wp--preset--spacing--10);padding-bottom:var(--wp--preset--spacing--10);padding-left:var(--wp--preset--spacing--10);--grid-area-desktop:auto \/ auto \/ auto \/ auto;--grid-area-tablet:auto \/ auto \/ auto \/ auto;--grid-area-mobile:auto \/ auto \/ auto \/ auto\">\n<div class=\"wp-block-file\"><a id=\"wp-block-file--media-fc57f8b8-161f-4d9c-89f2-0c9841da0570\" href=\"https:\/\/www.westcam-group.com\/wp-content\/uploads\/2024\/10\/WESTCAM-MES-Hummingbird-Broschure-2025-CZ.SK_.pdf\" target=\"_blank\" rel=\"noreferrer noopener\">WESTCAM-MES-Hummingbird-Brochure-2025-CZ.SK<\/a><\/div>\n<\/div>\n<\/div>\n\n\n\n<div class=\"wp-block-webx-blocks-grid is-layout-grid wp-container-webx-blocks-grid-is-layout-478b6e6b wp-block-webx-blocks-grid-is-layout-grid\" style=\"--grid-columns-desktop:2;--grid-columns-tablet:2;--grid-columns-mobile:1\">\n<div class=\"wp-block-webx-blocks-grid-item is-layout-flow wp-block-webx-blocks-grid-item-is-layout-flow\" style=\"padding-top:var(--wp--preset--spacing--10);padding-right:var(--wp--preset--spacing--10);padding-bottom:var(--wp--preset--spacing--10);padding-left:var(--wp--preset--spacing--10);--grid-area-desktop:auto \/ auto \/ auto \/ auto;--grid-area-tablet:auto \/ auto \/ auto \/ auto;--grid-area-mobile:auto \/ auto \/ auto \/ auto\">\n<div class=\"wp-block-file\"><a id=\"wp-block-file--media-412b7499-4b90-4c1c-b14f-2cb57085989a\" href=\"https:\/\/www.westcam-group.com\/wp-content\/uploads\/2025\/05\/WESTCAM-Foerderleitfaden.Lehrlinge.WESTCAMP-2025.pdf\" target=\"_blank\" rel=\"noreferrer noopener\">WESTCAM-Foerderleitfaden.Lehrlinge.WESTCAMP-2025<\/a><\/div>\n<\/div>\n\n\n\n<div class=\"wp-block-webx-blocks-grid-item is-layout-flow wp-block-webx-blocks-grid-item-is-layout-flow\" style=\"padding-top:var(--wp--preset--spacing--10);padding-right:var(--wp--preset--spacing--10);padding-bottom:var(--wp--preset--spacing--10);padding-left:var(--wp--preset--spacing--10);--grid-area-desktop:auto \/ auto \/ auto \/ auto;--grid-area-tablet:auto \/ auto \/ auto \/ auto;--grid-area-mobile:auto \/ auto \/ auto \/ auto\">\n<div class=\"wp-block-file\"><a id=\"wp-block-file--media-0de90260-4edd-4534-94b0-0eca7acbc553\" href=\"https:\/\/www.westcam-group.com\/wp-content\/uploads\/2025\/09\/eBook__Modellbasierte-TGA-Planung-erfolgreich-einfuehren_auxalia-WESTCAM-Group.pdf\" target=\"_blank\" rel=\"noreferrer noopener\">Elektronick\u00e1 kniha: TGA na z\u00e1klad\u011b modelu s Revit Projectbox (PDF, 24 str.)<\/a><\/div>\n<\/div>\n<\/div>\n\n\n\n<div class=\"wp-block-webx-blocks-responsive-spacer\" style=\"--desktop-height:100px;--tablet-height:50px;--mobile-height:25px\"><\/div>\n<\/div>\n\n\n\n<div class=\"wp-block-webx-blocks-grid is-layout-grid wp-container-webx-blocks-grid-is-layout-478b6e6b wp-block-webx-blocks-grid-is-layout-grid\" style=\"--grid-columns-desktop:1;--grid-columns-tablet:1;--grid-columns-mobile:1\">\n<div class=\"wp-block-webx-blocks-grid-item is-layout-flow wp-block-webx-blocks-grid-item-is-layout-flow\" style=\"padding-top:var(--wp--preset--spacing--10);padding-right:var(--wp--preset--spacing--10);padding-bottom:var(--wp--preset--spacing--10);padding-left:var(--wp--preset--spacing--10);--grid-area-desktop:auto \/ auto \/ auto \/ auto;--grid-area-tablet:auto \/ auto \/ auto \/ auto;--grid-area-mobile:auto \/ auto \/ auto \/ auto\">\n<h2 class=\"wp-block-heading has-text-align-left is-style-westcamized\"><strong>WESTCAM Technologies<\/strong><\/h2>\n<\/div>\n<\/div>\n\n\n\n<div class=\"wp-block-group has-global-padding is-layout-constrained wp-block-group-is-layout-constrained\">\n<div class=\"wp-block-webx-blocks-grid is-layout-grid wp-container-webx-blocks-grid-is-layout-478b6e6b wp-block-webx-blocks-grid-is-layout-grid\" style=\"--grid-columns-desktop:2;--grid-columns-tablet:2;--grid-columns-mobile:1\">\n<div class=\"wp-block-webx-blocks-grid-item is-layout-flow wp-block-webx-blocks-grid-item-is-layout-flow\" style=\"padding-top:var(--wp--preset--spacing--10);padding-right:var(--wp--preset--spacing--10);padding-bottom:var(--wp--preset--spacing--10);padding-left:var(--wp--preset--spacing--10);--grid-area-desktop:auto \/ auto \/ auto \/ auto;--grid-area-tablet:auto \/ auto \/ auto \/ auto;--grid-area-mobile:auto \/ auto \/ auto \/ auto\"><\/div>\n<\/div>\n\n\n\n<div class=\"wp-block-webx-blocks-grid is-layout-grid wp-container-webx-blocks-grid-is-layout-478b6e6b wp-block-webx-blocks-grid-is-layout-grid\" style=\"--grid-columns-desktop:2;--grid-columns-tablet:2;--grid-columns-mobile:1\">\n<div class=\"wp-block-webx-blocks-grid-item is-layout-flow wp-block-webx-blocks-grid-item-is-layout-flow\" style=\"padding-top:var(--wp--preset--spacing--10);padding-right:var(--wp--preset--spacing--10);padding-bottom:var(--wp--preset--spacing--10);padding-left:var(--wp--preset--spacing--10);--grid-area-desktop:auto \/ auto \/ auto \/ auto;--grid-area-tablet:auto \/ auto \/ auto \/ auto;--grid-area-mobile:auto \/ auto \/ auto \/ auto\">\n<div class=\"wp-block-file\"><a id=\"wp-block-file--media-93bea9a3-5f9f-45ae-93a1-f475b8249f0e\" href=\"https:\/\/www.westcam-group.com\/wp-content\/uploads\/2025\/02\/WESTCAM-Technologies.GmbH_.Service-Vertrag-Bedingungen.2025.pdf\" target=\"_blank\" rel=\"noreferrer noopener\">Podm\u00ednky smlouvy o poskytov\u00e1n\u00ed slu\u017eeb | WESTCAM TecHNOLOGIES | CZ<\/a><\/div>\n<\/div>\n\n\n\n<div class=\"wp-block-webx-blocks-grid-item is-layout-flow wp-block-webx-blocks-grid-item-is-layout-flow\" style=\"padding-top:var(--wp--preset--spacing--10);padding-right:var(--wp--preset--spacing--10);padding-bottom:var(--wp--preset--spacing--10);padding-left:var(--wp--preset--spacing--10);--grid-area-desktop:auto \/ auto \/ auto \/ auto;--grid-area-tablet:auto \/ auto \/ auto \/ auto;--grid-area-mobile:auto \/ auto \/ auto \/ auto\">\n<div class=\"wp-block-file\"><a id=\"wp-block-file--media-c69e70d8-5151-4673-86f7-b62f17c51ea6\" href=\"https:\/\/www.westcam-group.com\/wp-content\/uploads\/2025\/02\/WESTCAM.Technologeis.GmbH_.SCT-Service-Contract-Terms.2025.pdf\" target=\"_blank\" rel=\"noreferrer noopener\">Podm\u00ednky servisn\u00ed smlouvy | WESTCAM TEchnologies | ENG<\/a><\/div>\n<\/div>\n<\/div>\n\n\n\n<div class=\"wp-block-webx-blocks-grid is-layout-grid wp-container-webx-blocks-grid-is-layout-478b6e6b wp-block-webx-blocks-grid-is-layout-grid\" style=\"--grid-columns-desktop:2;--grid-columns-tablet:2;--grid-columns-mobile:1\">\n<div class=\"wp-block-webx-blocks-grid-item is-layout-flow wp-block-webx-blocks-grid-item-is-layout-flow\" style=\"padding-top:var(--wp--preset--spacing--10);padding-right:var(--wp--preset--spacing--10);padding-bottom:var(--wp--preset--spacing--10);padding-left:var(--wp--preset--spacing--10);--grid-area-desktop:auto \/ auto \/ auto \/ auto;--grid-area-tablet:auto \/ auto \/ auto \/ auto;--grid-area-mobile:auto \/ auto \/ auto \/ auto\">\n<div class=\"wp-block-file\"><a id=\"wp-block-file--media-b7cd41d4-02bd-499f-927b-23e6f15fadd5\" href=\"https:\/\/www.westcam-group.com\/wp-content\/uploads\/2024\/05\/westcam-technologies-snip-folder-2018-de.pdf\" target=\"_blank\" rel=\"noreferrer noopener\">westcam-technologies-snip-folder-cs<\/a><\/div>\n<\/div>\n\n\n\n<div class=\"wp-block-webx-blocks-grid-item is-layout-flow wp-block-webx-blocks-grid-item-is-layout-flow\" style=\"padding-top:var(--wp--preset--spacing--10);padding-right:var(--wp--preset--spacing--10);padding-bottom:var(--wp--preset--spacing--10);padding-left:var(--wp--preset--spacing--10);--grid-area-desktop:auto \/ auto \/ auto \/ auto;--grid-area-tablet:auto \/ auto \/ auto \/ auto;--grid-area-mobile:auto \/ auto \/ auto \/ auto\">\n<div class=\"wp-block-file\"><a id=\"wp-block-file--media-645c4c71-296d-458b-8a2f-68dc4ae8d821\" href=\"https:\/\/www.westcam-group.com\/wp-content\/uploads\/2024\/05\/westcam-technologies-snip-folder-2018-eng.pdf\" target=\"_blank\" rel=\"noreferrer noopener\">westcam-technologies-snip-folder-eng<\/a><\/div>\n<\/div>\n<\/div>\n\n\n\n<div class=\"wp-block-webx-blocks-grid is-layout-grid wp-container-webx-blocks-grid-is-layout-478b6e6b wp-block-webx-blocks-grid-is-layout-grid\" style=\"--grid-columns-desktop:2;--grid-columns-tablet:2;--grid-columns-mobile:1\">\n<div class=\"wp-block-webx-blocks-grid-item is-layout-flow wp-block-webx-blocks-grid-item-is-layout-flow\" style=\"padding-top:var(--wp--preset--spacing--10);padding-right:var(--wp--preset--spacing--10);padding-bottom:var(--wp--preset--spacing--10);padding-left:var(--wp--preset--spacing--10);--grid-area-desktop:auto \/ auto \/ auto \/ auto;--grid-area-tablet:auto \/ auto \/ auto \/ auto;--grid-area-mobile:auto \/ auto \/ auto \/ auto\">\n<div class=\"wp-block-file\"><a id=\"wp-block-file--media-1a62d550-9ebd-477d-a308-9e4b7b8d2a8e\" href=\"https:\/\/www.westcam-group.com\/wp-content\/uploads\/2024\/05\/westcam-technologies-prs-folder-2018-de.pdf\" target=\"_blank\" rel=\"noreferrer noopener\">westcam-technologies-prs-folder-cs<\/a><\/div>\n<\/div>\n\n\n\n<div class=\"wp-block-webx-blocks-grid-item is-layout-flow wp-block-webx-blocks-grid-item-is-layout-flow\" style=\"padding-top:var(--wp--preset--spacing--10);padding-right:var(--wp--preset--spacing--10);padding-bottom:var(--wp--preset--spacing--10);padding-left:var(--wp--preset--spacing--10);--grid-area-desktop:auto \/ auto \/ auto \/ auto;--grid-area-tablet:auto \/ auto \/ auto \/ auto;--grid-area-mobile:auto \/ auto \/ auto \/ auto\">\n<div class=\"wp-block-file\"><a id=\"wp-block-file--media-3286c60e-c6d0-4528-b3f4-8906f372035d\" href=\"https:\/\/www.westcam-group.com\/wp-content\/uploads\/2024\/05\/westcam-technologies-prs-folder-2018-eng.pdf\" target=\"_blank\" rel=\"noreferrer noopener\">westcam-technologies-prs-folder-eng<\/a><\/div>\n<\/div>\n\n\n\n<div class=\"wp-block-webx-blocks-grid-item is-layout-flow wp-block-webx-blocks-grid-item-is-layout-flow\" style=\"padding-top:var(--wp--preset--spacing--10);padding-right:var(--wp--preset--spacing--10);padding-bottom:var(--wp--preset--spacing--10);padding-left:var(--wp--preset--spacing--10);--grid-area-desktop:auto \/ auto \/ auto \/ auto;--grid-area-tablet:auto \/ auto \/ auto \/ auto;--grid-area-mobile:auto \/ auto \/ auto \/ auto\"><\/div>\n\n\n\n<div class=\"wp-block-webx-blocks-grid-item is-layout-flow wp-block-webx-blocks-grid-item-is-layout-flow\" style=\"--grid-area-desktop:auto \/ auto \/ auto \/ auto;--grid-area-tablet:auto \/ auto \/ auto \/ auto;--grid-area-mobile:auto \/ auto \/ auto \/ auto\"><\/div>\n<\/div>\n\n\n\n<div class=\"wp-block-webx-blocks-grid is-layout-grid wp-container-webx-blocks-grid-is-layout-478b6e6b wp-block-webx-blocks-grid-is-layout-grid\" style=\"--grid-columns-desktop:2;--grid-columns-tablet:2;--grid-columns-mobile:1\">\n<div class=\"wp-block-webx-blocks-grid-item is-layout-flow wp-block-webx-blocks-grid-item-is-layout-flow\" style=\"padding-top:var(--wp--preset--spacing--10);padding-right:var(--wp--preset--spacing--10);padding-bottom:var(--wp--preset--spacing--10);padding-left:var(--wp--preset--spacing--10);--grid-area-desktop:auto \/ auto \/ auto \/ auto;--grid-area-tablet:auto \/ auto \/ auto \/ auto;--grid-area-mobile:auto \/ auto \/ auto \/ auto\"><\/div>\n\n\n\n<div class=\"wp-block-webx-blocks-grid-item is-layout-flow wp-block-webx-blocks-grid-item-is-layout-flow\" style=\"padding-top:var(--wp--preset--spacing--10);padding-right:var(--wp--preset--spacing--10);padding-bottom:var(--wp--preset--spacing--10);padding-left:var(--wp--preset--spacing--10);--grid-area-desktop:auto \/ auto \/ auto \/ auto;--grid-area-tablet:auto \/ auto \/ auto \/ auto;--grid-area-mobile:auto \/ auto \/ auto \/ auto\"><\/div>\n<\/div>\n\n\n\n<div class=\"wp-block-webx-blocks-responsive-spacer\" style=\"--desktop-height:100px;--tablet-height:50px;--mobile-height:25px\"><\/div>\n<\/div>\n<\/div>\n<\/div>\n<\/div>\n\n<p><\/p>\n","protected":false},"excerpt":{"rendered":"","protected":false},"author":2,"featured_media":0,"parent":34064,"menu_order":2,"comment_status":"closed","ping_status":"closed","template":"page-no-title","meta":{"content-type":"","footnotes":""},"class_list":["post-33995","page","type-page","status-publish","hentry"],"_links":{"self":[{"href":"https:\/\/www.westcam-group.com\/cs\/wp-json\/wp\/v2\/pages\/33995","targetHints":{"allow":["GET"]}}],"collection":[{"href":"https:\/\/www.westcam-group.com\/cs\/wp-json\/wp\/v2\/pages"}],"about":[{"href":"https:\/\/www.westcam-group.com\/cs\/wp-json\/wp\/v2\/types\/page"}],"author":[{"embeddable":true,"href":"https:\/\/www.westcam-group.com\/cs\/wp-json\/wp\/v2\/users\/2"}],"replies":[{"embeddable":true,"href":"https:\/\/www.westcam-group.com\/cs\/wp-json\/wp\/v2\/comments?post=33995"}],"version-history":[{"count":14,"href":"https:\/\/www.westcam-group.com\/cs\/wp-json\/wp\/v2\/pages\/33995\/revisions"}],"predecessor-version":[{"id":42857,"href":"https:\/\/www.westcam-group.com\/cs\/wp-json\/wp\/v2\/pages\/33995\/revisions\/42857"}],"up":[{"embeddable":true,"href":"https:\/\/www.westcam-group.com\/cs\/wp-json\/wp\/v2\/pages\/34064"}],"wp:attachment":[{"href":"https:\/\/www.westcam-group.com\/cs\/wp-json\/wp\/v2\/media?parent=33995"}],"curies":[{"name":"wp","href":"https:\/\/api.w.org\/{rel}","templated":true}]}}