{"id":33966,"date":"2024-04-25T08:49:47","date_gmt":"2024-04-25T06:49:47","guid":{"rendered":"https:\/\/www.westcam-group.com\/kvalita\/"},"modified":"2025-07-10T11:47:27","modified_gmt":"2025-07-10T09:47:27","slug":"kvalita","status":"publish","type":"page","link":"https:\/\/www.westcam-group.com\/cs\/o-firme\/kvalita\/","title":{"rendered":"Kvalita"},"content":{"rendered":"\n<div style=\"height:100px\" aria-hidden=\"true\" class=\"wp-block-spacer\"><\/div>\n\n<div class=\"wp-block-webx-blocks-westcam-hero alignfull ltr\"><div class=\"hero-image\" style=\"--aspect-ratio:21 \/ 9\"> <video src=\"https:\/\/www.westcam-group.com\/wp-content\/uploads\/2024\/08\/quality-westcam-group-video.mov\" alt=\"Selected Media\" autoplay loop muted><\/video><\/div><div class=\"hero-placeholder\"><\/div>\n<div class=\"wp-block-group hero-content is-layout-flow wp-block-group-is-layout-flow\">\n<div class=\"wp-block-webx-blocks-fake-heading heading-h4 hero-subtitle is-style-westcamized\" style=\"margin-top:0;margin-bottom:15px;text-transform:none\">Nejvy\u0161\u0161\u00ed standardy. P\u0159esn\u00e9 v\u00fdsledky. <\/div>\n\n\n\n<h1 class=\"wp-block-heading hero-title\" style=\"margin-top:0;margin-bottom:15px\">TOP KVALITA<\/h1>\n\n\n\n<p><strong>  Pro v\u00e1\u0161 \u00fasp\u011bch &#8211; jasn\u00e9 procesy a maxim\u00e1ln\u00ed p\u0159esnost.<\/strong><\/p>\n\n\n\n<p class=\"has-text-align-left\">V ka\u017ed\u00e9m p\u0159\u00edpad\u011b se zam\u011b\u0159ujeme na nejlep\u0161\u00ed \u0159e\u0161en\u00ed. S <strong>vysoce kvalitn\u00edmi produkty a slu\u017ebami pro<\/strong> va\u0161e <strong>trval\u00e9 zv\u00fd\u0161en\u00ed produktivity<\/strong>. <\/p>\n\n\n\n<p class=\"has-text-align-left\">Z pravideln\u00e9ho p\u0159ezkumu st\u00e1vaj\u00edc\u00ed situace vyvozujeme n\u00e1vrhy na zlep\u0161en\u00ed. To se t\u00fdk\u00e1 jak v\u0161ech technologi\u00ed, kter\u00e9 pou\u017e\u00edv\u00e1me, tak zejm\u00e9na slu\u017eeb, kter\u00e9 nab\u00edz\u00edme. <\/p>\n\n\n\n<p class=\"has-text-align-left\"><strong>Certifikac\u00ed na\u0161eho syst\u00e9mu \u0159\u00edzen\u00ed kvality podle normy ISO 9001:2015 nab\u00edz\u00edme<\/strong> na\u0161im zainteresovan\u00fdm stran\u00e1m mezin\u00e1rodn\u011b uzn\u00e1van\u00fd d\u016fkaz o schopnostech a spolehlivosti na\u0161\u00ed organizace.<\/p>\n<\/div>\n<\/div>\n\n<div class=\"wp-block-webx-blocks-responsive-spacer\" style=\"--desktop-height:100px;--tablet-height:50px;--mobile-height:25px\"><\/div>\n\n<div class=\"wp-block-webx-blocks-grid is-layout-grid wp-container-webx-blocks-grid-is-layout-478b6e6b wp-block-webx-blocks-grid-is-layout-grid\" style=\"--grid-columns-desktop:2;--grid-columns-tablet:2;--grid-columns-mobile:1\">\n<div class=\"wp-block-webx-blocks-grid-item is-vertically-aligned-center has-text-align-center is-layout-flow wp-block-webx-blocks-grid-item-is-layout-flow\" style=\"padding-top:var(--wp--preset--spacing--10);padding-right:var(--wp--preset--spacing--10);padding-bottom:var(--wp--preset--spacing--10);padding-left:var(--wp--preset--spacing--10);--grid-area-desktop:auto \/ auto \/ auto \/ auto;--grid-area-tablet:auto \/ auto \/ auto \/ auto;--grid-area-mobile:auto \/ auto \/ auto \/ auto\">\n<div class=\"wp-block-webx-blocks-grid-item is-vertically-aligned-center has-text-align-left is-layout-flow wp-block-webx-blocks-grid-item-is-layout-flow\" style=\"padding-top:var(--wp--preset--spacing--10);padding-right:var(--wp--preset--spacing--10);padding-bottom:var(--wp--preset--spacing--10);padding-left:var(--wp--preset--spacing--10);--grid-area-desktop:auto \/ auto \/ auto \/ auto;--grid-area-tablet:auto \/ auto \/ auto \/ auto;--grid-area-mobile:auto \/ auto \/ auto \/ auto\">\n<div class=\"wp-block-group is-vertical is-content-justification-center is-layout-flex wp-container-core-group-is-layout-fa38c63a wp-block-group-is-layout-flex\">\n<div class=\"wp-block-group is-vertical is-layout-flex wp-container-core-group-is-layout-fe9cc265 wp-block-group-is-layout-flex\">\n<h3 class=\"wp-block-heading has-text-align-left\" id=\"block-fa773a35-9368-4b02-9933-10b1f6bb84c2\">CERTIFIK\u00c1TY<\/h3>\n\n\n\n<p><strong>WESTCAM DATENTECHNIK GMBH<\/strong><\/p>\n\n\n\n<ul id=\"block-f4eb24bf-e443-4509-ac42-bb6d363f9197\" class=\"wp-block-list\">\n<li><a href=\"https:\/\/www.westcam-group.com\/wp-content\/uploads\/2024\/07\/WDT-ISO-9001-qualityaustria-Zertifikat-de-2024.pdf\" target=\"_blank\" rel=\"noreferrer noopener\">Certifik\u00e1t ISO 9001:2015<\/a><\/li>\n\n\n\n<li><a href=\"https:\/\/www.westcam-group.com\/wp-content\/uploads\/2024\/07\/WDT-ISO-9001-IQNet-Zertifikat-en-2024.pdf\" target=\"_blank\" rel=\"noreferrer noopener\">Certifik\u00e1t IQNet ISO 9001:2015<\/a><\/li>\n<\/ul>\n\n\n\n<p><strong>WESTCAM TECHNOLOGIES GMBH<\/strong><\/p>\n\n\n\n<ul id=\"block-f4eb24bf-e443-4509-ac42-bb6d363f9197\" class=\"wp-block-list\">\n<li><a href=\"https:\/\/www.westcam-group.com\/wp-content\/uploads\/2024\/07\/WTE-ISO-9001-qualityaustria-Zertifikat-de-2024.pdf\" target=\"_blank\" rel=\"noreferrer noopener\">Certifik\u00e1t ISO 9001:2015<\/a><\/li>\n\n\n\n<li><a href=\"https:\/\/www.westcam-group.com\/wp-content\/uploads\/2024\/07\/WTE-ISO-9001-IQNet-Zertifikat-en-2024.pdf\" target=\"_blank\" rel=\"noreferrer noopener\">Certifik\u00e1t IQNet ISO 9001:2015<\/a><\/li>\n<\/ul>\n\n\n\n<p><strong>WESTCAM AG (CH, FL)<\/strong><\/p>\n\n\n\n<ul id=\"block-f4eb24bf-e443-4509-ac42-bb6d363f9197\" class=\"wp-block-list\">\n<li><a href=\"https:\/\/www.westcam-group.com\/wp-content\/uploads\/2024\/07\/WCH-ISO-9001-qualityaustria-Zertifikat-de-2024.pdf\" target=\"_blank\" rel=\"noreferrer noopener\">Certifik\u00e1t ISO 9001:2015<\/a><\/li>\n\n\n\n<li><a href=\"https:\/\/www.westcam-group.com\/wp-content\/uploads\/2024\/07\/WCH-ISO-9001-IQNet-Zertifikat-en-2024.pdf\" target=\"_blank\" rel=\"noreferrer noopener\">Certifik\u00e1t IQNet ISO 9001:2015<\/a><\/li>\n<\/ul>\n\n\n\n<p><strong>WESTCAM S.R.O (CZ, SK)<\/strong><\/p>\n<\/div>\n\n\n\n<ul id=\"block-f4eb24bf-e443-4509-ac42-bb6d363f9197\" class=\"wp-block-list\">\n<li><a href=\"https:\/\/www.westcam-group.com\/wp-content\/uploads\/2024\/07\/WCZ-ISO-9001-qualityaustria-Zertifikat-cz-2024.pdf\" target=\"_blank\" rel=\"noreferrer noopener\">Certifik\u00e1t ISO 9001:2015<\/a><\/li>\n\n\n\n<li><a href=\"https:\/\/www.westcam-group.com\/wp-content\/uploads\/2024\/07\/WCZ-ISO-9001-IQNet-Zertifikat-en-2024.pdf\" target=\"_blank\" rel=\"noreferrer noopener\">Certifik\u00e1t IQNet ISO 9001:2015<\/a><\/li>\n<\/ul>\n<\/div>\n<\/div>\n<\/div>\n\n\n\n<div class=\"wp-block-webx-blocks-grid-item is-layout-flow wp-block-webx-blocks-grid-item-is-layout-flow\" style=\"padding-top:var(--wp--preset--spacing--10);padding-right:var(--wp--preset--spacing--10);padding-bottom:var(--wp--preset--spacing--10);padding-left:var(--wp--preset--spacing--10);--grid-area-desktop:auto \/ auto \/ auto \/ auto;--grid-area-tablet:auto \/ auto \/ auto \/ auto;--grid-area-mobile:auto \/ auto \/ auto \/ auto\">\n<div class=\"wp-block-webx-blocks-grid-item is-layout-flow wp-block-webx-blocks-grid-item-is-layout-flow\" style=\"padding-top:var(--wp--preset--spacing--10);padding-right:var(--wp--preset--spacing--10);padding-bottom:var(--wp--preset--spacing--10);padding-left:var(--wp--preset--spacing--10);--grid-area-desktop:auto \/ auto \/ auto \/ auto;--grid-area-tablet:auto \/ auto \/ auto \/ auto;--grid-area-mobile:auto \/ auto \/ auto \/ auto\">\n<figure class=\"wp-block-image aligncenter size-full\"><img loading=\"lazy\" decoding=\"async\" width=\"460\" height=\"181\" src=\"https:\/\/www.westcam-group.com\/wp-content\/uploads\/2024\/05\/D160-Zertifikat.png\" alt=\"\" class=\"wp-image-5797\" srcset=\"https:\/\/www.westcam-group.com\/wp-content\/uploads\/2024\/05\/D160-Zertifikat.png 460w, https:\/\/www.westcam-group.com\/wp-content\/uploads\/2024\/05\/D160-Zertifikat-300x118.png 300w\" sizes=\"auto, (max-width: 460px) 100vw, 460px\" \/><\/figure>\n<\/div>\n\n\n\n<figure class=\"wp-block-image aligncenter size-medium\"><img loading=\"lazy\" decoding=\"async\" width=\"234\" height=\"300\" src=\"https:\/\/www.westcam-group.com\/wp-content\/uploads\/2024\/07\/iq-net-certificate-westam-234x300.png\" alt=\"\" class=\"wp-image-14190\" srcset=\"https:\/\/www.westcam-group.com\/wp-content\/uploads\/2024\/07\/iq-net-certificate-westam-234x300.png 234w, https:\/\/www.westcam-group.com\/wp-content\/uploads\/2024\/07\/iq-net-certificate-westam-468x600.png 468w, https:\/\/www.westcam-group.com\/wp-content\/uploads\/2024\/07\/iq-net-certificate-westam.png 507w\" sizes=\"auto, (max-width: 234px) 100vw, 234px\" \/><\/figure>\n<\/div>\n<\/div>\n\n<div class=\"wp-block-webx-blocks-responsive-spacer\" style=\"--desktop-height:100px;--tablet-height:50px;--mobile-height:25px\"><\/div>\n\n<div class=\"wp-block-media-text is-stacked-on-mobile\"><figure class=\"wp-block-media-text__media\"><a href=\"https:\/\/www.westcam-group.com\/wp-content\/uploads\/2024\/10\/Oe-Cert-Zertifikat-WESTCAM-ACADEMY-2024-2027.pdf\"><img loading=\"lazy\" decoding=\"async\" width=\"600\" height=\"200\" src=\"https:\/\/www.westcam-group.com\/wp-content\/uploads\/2024\/10\/westcam-academy-oe-cert.jpg\" alt=\"\" class=\"wp-image-27376 size-full\" srcset=\"https:\/\/www.westcam-group.com\/wp-content\/uploads\/2024\/10\/westcam-academy-oe-cert.jpg 600w, https:\/\/www.westcam-group.com\/wp-content\/uploads\/2024\/10\/westcam-academy-oe-cert-300x100.jpg 300w\" sizes=\"auto, (max-width: 600px) 100vw, 600px\" \/><\/a><\/figure><div class=\"wp-block-media-text__content\">\n<h2 class=\"wp-block-heading\">Akademie WESTCAM: <strong>TOP-QUALITY-TECH-TraININGS <\/strong> <\/h2>\n\n\n\n<p>\u00d6-CERT je <strong>standardizovan\u00fd celorakousk\u00fd standard kvality pro poskytovatele vzd\u011bl\u00e1v\u00e1n\u00ed dosp\u011bl\u00fdch, kter\u00fd vytvo\u0159ily <\/strong>spolkov\u00e9 zem\u011b a Spolkov\u00e9 ministerstvo \u0161kolstv\u00ed, v\u011bdy a v\u00fdzkumu s c\u00edlem zp\u0159ehlednit rychle rostouc\u00ed a nep\u0159ehlednou nab\u00eddku vzd\u011bl\u00e1vac\u00edch a \u0161kolic\u00edch kurz\u016f v Rakousku.<\/p>\n\n\n\n<p>Certifikace m\u00e1 &#8222;nad\u0161enc\u016fm do vzd\u011bl\u00e1v\u00e1n\u00ed&#8220; usnadnit rozpozn\u00e1v\u00e1n\u00ed kvalitn\u00edch nab\u00eddek \u0161kolen\u00ed a dal\u0161\u00edho vzd\u011bl\u00e1v\u00e1n\u00ed. \u0160kolen\u00ed nab\u00edzen\u00e1 <a href=\"https:\/\/www.westcam-group.com\/cs\/akademie\/\" data-type=\"page\" data-id=\"669\">akademi\u00ed WESTCAM spl\u0148uj\u00ed <\/a> <strong>p\u0159\u00edsn\u00e9 standardy kvality<\/strong>, kter\u00e9 jsou pr\u016fb\u011b\u017en\u011b p\u0159ezkoum\u00e1v\u00e1ny. <\/p>\n\n\n\n<div class=\"wp-block-buttons is-layout-flex wp-block-buttons-is-layout-flex\">\n<div class=\"wp-block-button is-style-outline is-style-outline--1\"><a class=\"wp-block-button__link wp-element-button\" href=\"https:\/\/www.westcam-group.com\/wp-content\/uploads\/2024\/10\/Oe-Cert-Zertifikat-WESTCAM-ACADEMY-2024-2027.pdf\" target=\"_blank\" rel=\"noreferrer noopener\">WESTCAM-Academy-\u00d6-CERT-Zertifikat-2024-2027<\/a><\/div>\n<\/div>\n<\/div><\/div>\n\n<div class=\"wp-block-webx-blocks-responsive-spacer\" style=\"--desktop-height:100px;--tablet-height:50px;--mobile-height:25px\"><\/div>\n\n<h2 class=\"wp-block-heading\" style=\"text-transform:none\">P\u0158EB\u00cdR\u00c1ME ODPOV\u011aDNOST &#8211; KODEX CHOV\u00c1N\u00cd<\/h2>\n\n<p>Na\u0161e p\u0159edstavenstvo a management se v Kodexu chov\u00e1n\u00ed<a href=\"https:\/\/www.westcam-group.com\/wp-content\/uploads\/2025\/07\/aWG_Code-of-Conduct-DE.pdf\" target=\"_blank\" data-type=\"attachment\" data-id=\"40000\" rel=\"noreferrer noopener\">(<\/a><a href=\"https:\/\/www.westcam-group.com\/wp-content\/uploads\/2025\/07\/aWG_Code-of-Conduct-Engl.pdf\" target=\"_blank\" data-type=\"attachment\" data-id=\"40003\" rel=\"noreferrer noopener\">n\u011bmecky\/anglicky<\/a>) zavazuj\u00ed k ekologicky a soci\u00e1ln\u011b odpov\u011bdn\u00e9mu \u0159\u00edzen\u00ed spole\u010dnosti. Rozmanitost a rovnost jsou ned\u00edlnou sou\u010d\u00e1st\u00ed na\u0161\u00ed firemn\u00ed kultury. Podporujeme inkluzivn\u00ed kulturu a veden\u00ed a trvale usilujeme o udr\u017eitelnost. Tato politika rovn\u011b\u017e stanov\u00ed, \u017ee \u00faplatk\u00e1\u0159stv\u00ed a korupce jsou zak\u00e1z\u00e1ny. Stanovuje tak\u00e9, \u017ee je t\u0159eba dodr\u017eovat standardy poctiv\u00e9ho podnik\u00e1n\u00ed, poctiv\u00e9 reklamy a spravedliv\u00e9 hospod\u00e1\u0159sk\u00e9 sout\u011b\u017ee. Skupina auxalia WESTCAM Group z\u0159\u00eddila v souladu se z\u00e1konem o ochran\u011b oznamovatel\u016f ve\u0159ejn\u011b p\u0159\u00edstupn\u00e9 <a href=\"https:\/\/app.kenjo.io\/whistleblower\/2f273ddd9e1a44ea8d070af38a32ec8bd486b85f12c466a7c17e5f238989ae50\" data-type=\"link\" data-id=\"https:\/\/app.kenjo.io\/whistleblower\/2f273ddd9e1a44ea8d070af38a32ec8bd486b85f12c466a7c17e5f238989ae50\" target=\"_blank\" rel=\"noopener\">centrum pro oznamov\u00e1n\u00ed korupce<\/a> na adrese www.westcam-group.com.     <\/p>\n","protected":false},"excerpt":{"rendered":"<p>P\u0158EB\u00cdR\u00c1ME ODPOV\u011aDNOST &#8211; KODEX CHOV\u00c1N\u00cd Na\u0161e p\u0159edstavenstvo a management se v Kodexu chov\u00e1n\u00ed(n\u011bmecky\/anglicky) zavazuj\u00ed k ekologicky a soci\u00e1ln\u011b odpov\u011bdn\u00e9mu \u0159\u00edzen\u00ed spole\u010dnosti. Rozmanitost a rovnost jsou ned\u00edlnou sou\u010d\u00e1st\u00ed na\u0161\u00ed firemn\u00ed kultury. Podporujeme inkluzivn\u00ed kulturu a veden\u00ed a trvale usilujeme o udr\u017eitelnost. Tato politika rovn\u011b\u017e stanov\u00ed, \u017ee \u00faplatk\u00e1\u0159stv\u00ed a korupce jsou zak\u00e1z\u00e1ny. Stanovuje tak\u00e9, \u017ee je t\u0159eba [&hellip;]<\/p>\n","protected":false},"author":2,"featured_media":0,"parent":34024,"menu_order":0,"comment_status":"closed","ping_status":"closed","template":"page-no-title","meta":{"content-type":"","footnotes":""},"class_list":["post-33966","page","type-page","status-publish","hentry"],"_links":{"self":[{"href":"https:\/\/www.westcam-group.com\/cs\/wp-json\/wp\/v2\/pages\/33966","targetHints":{"allow":["GET"]}}],"collection":[{"href":"https:\/\/www.westcam-group.com\/cs\/wp-json\/wp\/v2\/pages"}],"about":[{"href":"https:\/\/www.westcam-group.com\/cs\/wp-json\/wp\/v2\/types\/page"}],"author":[{"embeddable":true,"href":"https:\/\/www.westcam-group.com\/cs\/wp-json\/wp\/v2\/users\/2"}],"replies":[{"embeddable":true,"href":"https:\/\/www.westcam-group.com\/cs\/wp-json\/wp\/v2\/comments?post=33966"}],"version-history":[{"count":4,"href":"https:\/\/www.westcam-group.com\/cs\/wp-json\/wp\/v2\/pages\/33966\/revisions"}],"predecessor-version":[{"id":40065,"href":"https:\/\/www.westcam-group.com\/cs\/wp-json\/wp\/v2\/pages\/33966\/revisions\/40065"}],"up":[{"embeddable":true,"href":"https:\/\/www.westcam-group.com\/cs\/wp-json\/wp\/v2\/pages\/34024"}],"wp:attachment":[{"href":"https:\/\/www.westcam-group.com\/cs\/wp-json\/wp\/v2\/media?parent=33966"}],"curies":[{"name":"wp","href":"https:\/\/api.w.org\/{rel}","templated":true}]}}