{"id":33964,"date":"2024-05-22T15:33:02","date_gmt":"2024-05-22T13:33:02","guid":{"rendered":"https:\/\/www.westcam-group.com\/skupina-westcam\/"},"modified":"2026-02-18T08:55:03","modified_gmt":"2026-02-18T07:55:03","slug":"skupina-westcam","status":"publish","type":"page","link":"https:\/\/www.westcam-group.com\/cs\/o-firme\/skupina-westcam\/","title":{"rendered":"Skupina WESTCAM"},"content":{"rendered":"\n<div class=\"wp-block-webx-blocks-responsive-spacer\" style=\"--desktop-height:100px;--tablet-height:50px;--mobile-height:25px\"><\/div>\n\n\n\n<div class=\"wp-block-webx-blocks-westcam-hero alignfull ltr\"><div class=\"hero-image\" style=\"--aspect-ratio:4 \/ 1\"> <video src=\"https:\/\/www.westcam-group.com\/wp-content\/uploads\/2024\/09\/westcam-group-video-puzzle-kurz.mov\" alt=\"Selected Media\" autoplay loop muted><\/video><\/div><div class=\"hero-placeholder\"><\/div>\n<div class=\"wp-block-webx-blocks-westcam-hero-content hero-content\">\n<h4 class=\"wp-block-heading hero-subtitle is-style-westcamized\" style=\"margin-top:0;margin-right:0;margin-bottom:0;margin-left:0;padding-top:0;padding-right:0;padding-bottom:0;padding-left:0;text-transform:none\">&#8222;NAVRHNOUT &#8211; VYROBIT &#8211; ZKONTROLOVAT &#8211; UDR\u017dET&#8220;<\/h4>\n\n\n\n<h1 class=\"wp-block-heading hero-title\" style=\"margin-top:var(--wp--preset--spacing--10);margin-bottom:var(--wp--preset--spacing--10);padding-top:0;padding-right:0;padding-bottom:0;padding-left:0;font-size:clamp(2.418rem, 2.418rem + ((1vw - 0.2rem) * 2.251), 4.5rem);\">Westcam GROUP<\/h1>\n\n\n\n<h4 class=\"wp-block-heading\">4 spole\u010dnosti &#8211; jedno kr\u00e9do:<\/h4>\n\n\n\n<h1 class=\"wp-block-heading\"><span class=\"wow-text\">Know-WOW<\/span><\/h1>\n\n\n\n<p class=\"has-contrast-3-color has-text-color has-link-color has-medium-font-size wp-elements-87f5b79b545805f57d7e742e63a41293\">Portfolio spole\u010dnosti WESTCAM shrnujeme jednodu\u0161e slovy <strong>&#8222;DESIGN &#8211; MAKE &#8211; CHECK &#8211; SUSTAIN<\/strong> &#8220; &#8211; pro <strong>v\u00fdrobky a budovy<\/strong>. Od n\u00e1padu, <strong>n\u00e1vrhu<\/strong>, konstrukce, simulace a <strong>v\u00fdroby<\/strong> a\u017e po <strong>kontrolu kvality<\/strong> a <strong>udr\u017eiteln\u00e9 pou\u017e\u00edv\u00e1n\u00ed<\/strong>. C\u00edl: komplexn\u00ed, efektivn\u00ed <strong>digit\u00e1ln\u00ed procesn\u00ed \u0159et\u011bzec<\/strong>. N\u00e1stroje: <strong>software<\/strong>, <strong>hardware<\/strong>, <strong>slu\u017eby <\/strong>a <strong>\u0161kolen\u00ed<\/strong>.     <\/p>\n<\/div>\n<\/div>\n\n\n\n<div style=\"height:100px\" aria-hidden=\"true\" class=\"wp-block-spacer\"><\/div>\n\n\n\n<div class=\"wp-block-webx-blocks-westcam-hero alignfull rtl\"><div class=\"hero-image\" style=\"--aspect-ratio:4 \/ 1\"> <img decoding=\"async\" srcset=\"https:\/\/www.westcam-group.com\/wp-content\/uploads\/2024\/07\/westcam-zentrale-mils-tirol-austria-150x150.jpg 150w, https:\/\/www.westcam-group.com\/wp-content\/uploads\/2024\/07\/westcam-zentrale-mils-tirol-austria-300x208.jpg 300w, https:\/\/www.westcam-group.com\/wp-content\/uploads\/2024\/07\/westcam-zentrale-mils-tirol-austria-1024x710.jpg 1024w, https:\/\/www.westcam-group.com\/wp-content\/uploads\/2024\/07\/westcam-zentrale-mils-tirol-austria.jpg 1772w, https:\/\/www.westcam-group.com\/wp-content\/uploads\/2024\/07\/westcam-zentrale-mils-tirol-austria-1536x1065.jpg 1536w, https:\/\/www.westcam-group.com\/wp-content\/uploads\/2024\/07\/westcam-zentrale-mils-tirol-austria-1298x900.jpg 1298w, https:\/\/www.westcam-group.com\/wp-content\/uploads\/2024\/07\/westcam-zentrale-mils-tirol-austria-865x600.jpg 865w\" src=\"https:\/\/www.westcam-group.com\/wp-content\/uploads\/2024\/07\/westcam-zentrale-mils-tirol-austria.jpg\" alt=\"\"\/><\/div><div class=\"hero-placeholder\"><\/div>\n<div class=\"wp-block-group hero-content is-layout-flow wp-block-group-is-layout-flow\">\n<h2 class=\"wp-block-heading\">WESTCAM DATA TECHNOLOGY | (AT)<\/h2>\n\n\n\n<p>Spole\u010dnost WESTCAM ji\u017e t\u00e9m\u011b\u0159 \u010dty\u0159i desetilet\u00ed podporuje spole\u010dnosti, kter\u00e9 vyv\u00edjej\u00ed, vyr\u00e1b\u011bj\u00ed a zaji\u0161\u0165uj\u00ed kvalitu inovativn\u00edch v\u00fdrobk\u016f. Jsme partnerem pro realizaci komplexn\u00edho digit\u00e1ln\u00edho procesn\u00edho \u0159et\u011bzce. Od n\u00e1padu, n\u00e1vrhu a prototyp\u016f p\u0159es konstrukci, simulaci a v\u00fdrobu a\u017e po zaji\u0161t\u011bn\u00ed kvality &#8211; pomoc\u00ed softwaru, hardwaru, slu\u017eeb a \u0161kolen\u00ed.  <\/p>\n\n\n\n<h5 class=\"wp-block-heading is-style-westcamized\">V\u00e1\u0161 partner PRO:<\/h5>\n\n\n\n<p><strong>PDMCAD, design | 3D tisk | CAM, CNC | 3D metrologie | , MES | architektura, stavebnictv\u00ed | hardware<\/strong><\/p>\n<\/div>\n<\/div>\n\n\n\n<div style=\"height:50px\" aria-hidden=\"true\" class=\"wp-block-spacer\"><\/div>\n\n\n\n<div class=\"wp-block-group has-global-padding is-layout-constrained wp-block-group-is-layout-constrained\">\n<div class=\"wp-block-webx-blocks-westcam-hero alignfull ltr\"><div class=\"hero-image\" style=\"--aspect-ratio:16 \/ 9\"> <img decoding=\"async\" srcset=\"https:\/\/www.westcam-group.com\/wp-content\/uploads\/2024\/07\/westcam-ag-1-150x150.jpg 150w, https:\/\/www.westcam-group.com\/wp-content\/uploads\/2024\/07\/westcam-ag-1-300x200.jpg 300w, https:\/\/www.westcam-group.com\/wp-content\/uploads\/2024\/07\/westcam-ag-1-1024x683.jpg 1024w, https:\/\/www.westcam-group.com\/wp-content\/uploads\/2024\/07\/westcam-ag-1.jpg 1920w, https:\/\/www.westcam-group.com\/wp-content\/uploads\/2024\/07\/westcam-ag-1-1536x1025.jpg 1536w, https:\/\/www.westcam-group.com\/wp-content\/uploads\/2024\/07\/westcam-ag-1-1349x900.jpg 1349w, https:\/\/www.westcam-group.com\/wp-content\/uploads\/2024\/07\/westcam-ag-1-899x600.jpg 899w\" src=\"https:\/\/www.westcam-group.com\/wp-content\/uploads\/2024\/07\/westcam-ag-1.jpg\" alt=\"\"\/><\/div><div class=\"hero-placeholder\"><\/div>\n<div class=\"wp-block-group hero-content is-layout-flow wp-block-group-is-layout-flow\">\n<h2 class=\"wp-block-heading has-text-align-left\">WESTCAM AG | (CH, FL)<\/h2>\n\n\n\n<p>Od roku 2023 \u0159\u00edk\u00e1 WESTCAM &#8222;Gr\u00fcezi&#8220; je\u0161t\u011b \u010dast\u011bji ne\u017e d\u0159\u00edve. Po Rakousku jsme nyn\u00ed ofici\u00e1ln\u00edm partnerem spole\u010dnosti ZEISS Metrology tak\u00e9 pro <strong>\u0160v\u00fdcarsko<\/strong> a <strong>Lichten\u0161tejnsko<\/strong>. Krom\u011b na\u0161ich hlavn\u00edch odborn\u00fdch znalost\u00ed v oblasti pr\u016fmyslov\u00e9 3D metrologie a in\u017een\u00fdrstv\u00ed poskytujeme tak\u00e9 podporu v oblastech designu, CAD, simulace, 3D tisku a CAM\/CNC. N\u00e1\u0161 z\u00e1kladn\u00ed t\u00e1bor najdete nedaleko Curychu &#8211; v Baden D\u00e4ttwilu &#8211; t\u011b\u0161\u00edme se na va\u0161i n\u00e1v\u0161t\u011bvu!   <\/p>\n\n\n\n<h5 class=\"wp-block-heading is-style-westcamized\"><strong>V\u00e1\u0161 partner PRO:<\/strong> <\/h5>\n\n\n\n<p><strong>Technologie 3D m\u011b\u0159en\u00ed<\/strong><br><\/p>\n<\/div>\n<\/div>\n\n\n\n<div style=\"height:50px\" aria-hidden=\"true\" class=\"wp-block-spacer\"><\/div>\n\n\n\n<div class=\"wp-block-webx-blocks-westcam-hero alignfull rtl\"><div class=\"hero-image\" style=\"--aspect-ratio:4 \/ 1\"> <img decoding=\"async\" srcset=\"https:\/\/www.westcam-group.com\/wp-content\/uploads\/2024\/07\/westcam-s-150x150.jpg 150w, https:\/\/www.westcam-group.com\/wp-content\/uploads\/2024\/07\/westcam-s-300x200.jpg 300w, https:\/\/www.westcam-group.com\/wp-content\/uploads\/2024\/07\/westcam-s-1024x683.jpg 1024w, https:\/\/www.westcam-group.com\/wp-content\/uploads\/2024\/07\/westcam-s.jpg 2000w, https:\/\/www.westcam-group.com\/wp-content\/uploads\/2024\/07\/westcam-s-1536x1025.jpg 1536w, https:\/\/www.westcam-group.com\/wp-content\/uploads\/2024\/07\/westcam-s-1349x900.jpg 1349w, https:\/\/www.westcam-group.com\/wp-content\/uploads\/2024\/07\/westcam-s-900x600.jpg 900w\" src=\"https:\/\/www.westcam-group.com\/wp-content\/uploads\/2024\/07\/westcam-s.jpg\" alt=\"\"\/><\/div><div class=\"hero-placeholder\"><\/div>\n<div class=\"wp-block-group hero-content is-layout-flow wp-block-group-is-layout-flow\">\n<h2 class=\"wp-block-heading hero-title\" style=\"margin-top:0;margin-bottom:15px\">WESTCAM S.R.O. | (CZ, SK)<\/h2>\n\n\n\n<p>Nad\u0161en\u00ed nezn\u00e1 hranic: Inovativn\u00ed firmy v <strong>\u010cesk\u00e9 republice<\/strong> a na <strong>Slovensku<\/strong> tak\u00e9 d\u016fv\u011b\u0159uj\u00ed na\u0161im odborn\u00fdm znalostem. Zam\u011b\u0159uj\u00ed se zde na optimalizaci v\u00fdrobn\u00edch proces\u016f d\u00edky v\u00fdkonn\u00fdm syst\u00e9m\u016fm CAD &amp; CAM a softwaru pro 3D tisk. Abyste v\u017edy vyu\u017eili pln\u00fd potenci\u00e1l syst\u00e9m\u016f, pod\u011bl\u00edme se s v\u00e1mi o na\u0161e odborn\u00e9 znalosti na pravideln\u00fdch \u0161kolen\u00edch.  <\/p>\n\n\n\n<h5 class=\"wp-block-heading is-style-westcamized\"><strong>V\u00e1\u0161 partner PRO:<\/strong> <\/h5>\n\n\n\n<p><strong>CAD, design | CAM, CNC | MES | 3D tisk<\/strong><\/p>\n<\/div>\n<\/div>\n\n\n\n<div style=\"height:50px\" aria-hidden=\"true\" class=\"wp-block-spacer\"><\/div>\n\n\n\n<div class=\"wp-block-webx-blocks-westcam-hero alignfull ltr\"><div class=\"hero-image\" style=\"--aspect-ratio:4 \/ 1\"> <img decoding=\"async\" srcset=\"https:\/\/www.westcam-group.com\/wp-content\/uploads\/2024\/07\/westcam-technologies-gmbh-150x150.jpg 150w, https:\/\/www.westcam-group.com\/wp-content\/uploads\/2024\/07\/westcam-technologies-gmbh-300x208.jpg 300w, https:\/\/www.westcam-group.com\/wp-content\/uploads\/2024\/07\/westcam-technologies-gmbh.jpg 500w\" src=\"https:\/\/www.westcam-group.com\/wp-content\/uploads\/2024\/07\/westcam-technologies-gmbh.jpg\" alt=\"\"\/><\/div><div class=\"hero-placeholder\"><\/div>\n<div class=\"wp-block-group hero-content is-layout-flow wp-block-group-is-layout-flow\">\n<h2 class=\"wp-block-heading\">WESTCAM TECHNOLOGIES | (AT)<\/h2>\n\n\n\n<p>Aktivn\u00ed po cel\u00e9m sv\u011bt\u011b se zam\u011b\u0159en\u00edm na pr\u016fmyslov\u00e9 zpracov\u00e1n\u00ed obrazu. Dopln\u011bno dlouholet\u00fdmi zku\u0161enostmi v oblasti automatizace inline a end-of-line (EoL) kontrol kvality na zku\u0161ebn\u00edm pracovi\u0161ti. Zpracov\u00e1n\u00ed obrazu pou\u017e\u00edv\u00e1me nap\u0159\u00edklad k detekci trhlin &#8211; proces je kontrolov\u00e1n a dokumentov\u00e1n. Portfolio slu\u017eeb dopl\u0148uje odborn\u00e1 oblast dent\u00e1ln\u00ed techniky. Na\u0161\u00edm domovem je cel\u00fd sv\u011bt &#8211; od Ji\u017en\u00ed Ameriky a\u017e po Asii &#8211; vyv\u00edj\u00edme a dod\u00e1v\u00e1me syst\u00e9mov\u00e1 \u0159e\u0161en\u00ed v\u0161ude tam, kde jsou pot\u0159eba.    <\/p>\n\n\n\n<h5 class=\"wp-block-heading is-style-westcamized\"><strong>V\u00e1\u0161 partner PRO:<\/strong> <\/h5>\n\n\n\n<p><strong>Mechatronika, robotika | zpracov\u00e1n\u00ed obrazu | zubn\u00ed technika<\/strong><\/p>\n<\/div>\n<\/div>\n<\/div>\n\n\n\n<div class=\"wp-block-webx-blocks-grid has-base-color has-accent-2-background-color has-text-color has-background has-link-color wp-elements-e918d7b5052e18b5ec992700c9744e5d is-layout-grid wp-container-webx-blocks-grid-is-layout-5bc141e4 wp-block-webx-blocks-grid-is-layout-grid\" style=\"border-style:none;border-width:0px;border-radius:0px;margin-top:0;margin-right:0;margin-bottom:0;margin-left:0;padding-top:var(--wp--preset--spacing--40);padding-right:var(--wp--preset--spacing--40);padding-bottom:var(--wp--preset--spacing--40);padding-left:var(--wp--preset--spacing--40);--grid-columns-desktop:3;--grid-columns-tablet:2;--grid-columns-mobile:1;background-image:url(&apos;https:\/\/www.westcam-group.com\/wp-content\/uploads\/2024\/04\/grid-bottom-right.webp&apos;);background-position:100% 100%;background-repeat:no-repeat;background-size:300px;\">\n<div class=\"wp-block-webx-blocks-grid-item is-layout-flow wp-block-webx-blocks-grid-item-is-layout-flow\" style=\"--grid-area-desktop:auto \/ auto \/ auto \/ auto;--grid-area-tablet:auto \/ auto \/ auto \/ auto;--grid-area-mobile:auto \/ auto \/ auto \/ auto\">\n<div class=\"wp-block-webx-blocks-fake-heading heading-h5 is-style-westcamized-white has-base-color has-text-color has-link-color wp-elements-b53566b26001bd18e0177f91ed2754f6\" style=\"text-transform:none\">INFO<\/div>\n\n\n\n<div class=\"wp-block-webx-blocks-fake-heading heading-h3 has-base-color has-text-color has-link-color wp-elements-da56cdec1ca93f598d5c54c2292af9d3\"><strong>Portfolio WESTCAM<\/strong><\/div>\n<\/div>\n\n\n\n<div class=\"wp-block-webx-blocks-grid-item has-text-align-center is-layout-flow wp-block-webx-blocks-grid-item-is-layout-flow\" style=\"--grid-area-desktop:auto \/ auto \/ auto \/ auto;--grid-area-tablet:auto \/ auto \/ auto \/ auto;--grid-area-mobile:auto \/ auto \/ auto \/ auto\">\n<div class=\"wp-block-webx-blocks-fake-heading heading-h5 has-text-align-left has-base-color has-text-color has-link-color wp-elements-71b0cc660edee2526301a105885222b7\"><strong>VIDEO 2026<\/strong> <\/div>\n\n\n\n<p class=\"has-text-align-left\"><a href=\"https:\/\/www.youtube.com\/watch?v=8qfVgM4yRL0&amp;feature=youtu.be\" target=\"_blank\" rel=\"noopener\">&gt;  Odkaz (2:30 min.)<\/a><\/p>\n<\/div>\n\n\n\n<div class=\"wp-block-webx-blocks-grid-item is-layout-flow wp-block-webx-blocks-grid-item-is-layout-flow\" style=\"--grid-area-desktop:auto \/ auto \/ auto \/ auto;--grid-area-tablet:auto \/ auto \/ auto \/ auto;--grid-area-mobile:auto \/ auto \/ auto \/ auto\">\n<div class=\"wp-block-webx-blocks-fake-heading heading-h5 has-text-align-left has-base-color has-text-color has-link-color wp-elements-bb5422992419e7c8b11bdc45d639f021\"><strong><strong>BRO\u017dURA <\/strong><\/strong>2026<\/div>\n\n\n\n<div class=\"wp-block-group is-nowrap is-layout-flex wp-container-core-group-is-layout-6c531013 wp-block-group-is-layout-flex\">\n<p><a href=\"https:\/\/www.westcam-group.com\/wp-content\/uploads\/2026\/01\/WESTCAM-Know-WOW-Technologies-2026-Broschuere-DE.pdf\" target=\"_blank\" rel=\"noreferrer noopener\">&gt;  St\u00e1hnout (pdf.)<\/a><\/p>\n<\/div>\n<\/div>\n<\/div>\n\n\n\n<div style=\"height:100px\" aria-hidden=\"true\" class=\"wp-block-spacer\"><\/div>\n\n\n\n<div class=\"wp-block-webx-blocks-grid is-layout-grid wp-container-webx-blocks-grid-is-layout-478b6e6b wp-block-webx-blocks-grid-is-layout-grid\" style=\"--grid-columns-desktop:3;--grid-columns-tablet:2;--grid-columns-mobile:1\"><\/div>\n","protected":false},"excerpt":{"rendered":"","protected":false},"author":2,"featured_media":0,"parent":34024,"menu_order":0,"comment_status":"closed","ping_status":"closed","template":"page-no-title","meta":{"content-type":"","footnotes":""},"class_list":["post-33964","page","type-page","status-publish","hentry"],"_links":{"self":[{"href":"https:\/\/www.westcam-group.com\/cs\/wp-json\/wp\/v2\/pages\/33964","targetHints":{"allow":["GET"]}}],"collection":[{"href":"https:\/\/www.westcam-group.com\/cs\/wp-json\/wp\/v2\/pages"}],"about":[{"href":"https:\/\/www.westcam-group.com\/cs\/wp-json\/wp\/v2\/types\/page"}],"author":[{"embeddable":true,"href":"https:\/\/www.westcam-group.com\/cs\/wp-json\/wp\/v2\/users\/2"}],"replies":[{"embeddable":true,"href":"https:\/\/www.westcam-group.com\/cs\/wp-json\/wp\/v2\/comments?post=33964"}],"version-history":[{"count":6,"href":"https:\/\/www.westcam-group.com\/cs\/wp-json\/wp\/v2\/pages\/33964\/revisions"}],"predecessor-version":[{"id":44000,"href":"https:\/\/www.westcam-group.com\/cs\/wp-json\/wp\/v2\/pages\/33964\/revisions\/44000"}],"up":[{"embeddable":true,"href":"https:\/\/www.westcam-group.com\/cs\/wp-json\/wp\/v2\/pages\/34024"}],"wp:attachment":[{"href":"https:\/\/www.westcam-group.com\/cs\/wp-json\/wp\/v2\/media?parent=33964"}],"curies":[{"name":"wp","href":"https:\/\/api.w.org\/{rel}","templated":true}]}}