{"id":33953,"date":"2024-04-25T08:47:11","date_gmt":"2024-04-25T06:47:11","guid":{"rendered":"https:\/\/www.westcam-group.com\/know-wow\/"},"modified":"2025-03-18T10:18:21","modified_gmt":"2025-03-18T09:18:21","slug":"know-wow","status":"publish","type":"page","link":"https:\/\/www.westcam-group.com\/cs\/o-firme\/know-wow\/","title":{"rendered":"Know-WOW"},"content":{"rendered":"\n<div class=\"wp-block-webx-blocks-westcam-hero alignfull rtl\"><div class=\"hero-image\" style=\"--aspect-ratio:4 \/ 1\"> <video src=\"https:\/\/www.westcam-group.com\/wp-content\/uploads\/2024\/09\/Know-WOW-Fingerprint-komprimiert.mp4\" autoplay loop muted><\/video><\/div><div class=\"hero-placeholder\"><\/div>\n\n<div class=\"wp-block-group hero-content is-layout-flow wp-block-group-is-layout-flow\">\n\n<div class=\"wp-block-webx-blocks-fake-heading heading-h4 hero-subtitle is-style-westcamized\" style=\"margin-top:0;margin-bottom:15px;text-transform:capitalize\"><strong>WESTCAM <\/strong>&#8211; <strong>HODNOTY ZNA\u010cKY<\/strong><\/div>\n\n\n<h1 class=\"wp-block-heading hero-title\" style=\"margin-top:0;margin-bottom:15px\"><span class=\"wow-text\">KNOW-WoW<\/span><\/h1>\n\n\n<p>V na\u0161ich my\u0161lenk\u00e1ch a \u010dinech usilujeme o dokonalou <strong>symbi\u00f3zu <\/strong> <strong>odborn\u00fdch znalost\u00ed a<\/strong> <strong>wow efektu<\/strong>.<\/p>\n\n\n<p>Za na\u0161imi \u0161pi\u010dkov\u00fdmi technologiemi stoj\u00ed osobnosti, kter\u00e9 napl\u0148uj\u00ed hodnoty na\u0161\u00ed zna\u010dky:  <\/p>\n\n\n<p class=\"has-accent-color has-text-color has-link-color wp-elements-4bdf9548a0a0598066dfa42708f5fe15\"><em><strong>inspirativn\u00ed &#8211; siln\u00e1 \u0159e\u0161en\u00ed<\/strong><\/em><\/p>\n\n<\/div>\n\n<\/div>\n\n<div class=\"wp-block-webx-blocks-responsive-spacer\" style=\"--desktop-height:100px;--tablet-height:50px;--mobile-height:25px\"><\/div>\n\n<h1 class=\"wp-block-heading has-accent-color has-text-color has-link-color wp-elements-bc586c3546fabcc1f3904450dd47f3a3\">WESTCAM, jedine\u010dn\u00fd jako otisk prstu<\/h1>\n\n<p><\/p>\n\n<div class=\"wp-block-webx-blocks-fake-heading heading-h2 is-style-westcamized-white has-contrast-color has-text-color has-link-color wp-elements-878df8b28765d775b1001208299197cb\">Inspiruj\u00edc\u00ed.<\/div>\n\n<p>Jako <strong>ucelen\u00e1 skupina podobn\u011b sm\u00fd\u0161lej\u00edc\u00edch lid\u00ed<\/strong> jsme fascinov\u00e1ni technologiemi s budoucnost\u00ed. V\u00e1\u0161e\u0148, kterou sd\u00edl\u00edme. Na\u0161i<strong> zam\u011bstnanci jsou<\/strong> specialist\u00e9 ve sv\u00e9m oboru a vyzna\u010duj\u00ed se velmi zvl\u00e1\u0161tn\u00edm p\u0159\u00edstupem: Zku\u0161enosti a odborn\u00e9 znalosti z\u00edskan\u00e9 ka\u017edodenn\u00edm zach\u00e1zen\u00edm s na\u0161imi v\u00fdrobky se snoub\u00ed s <strong>touhou po v\u00fdkonu a<\/strong> hladem po \u0159e\u0161en\u00edch z\u00edt\u0159ka. Na\u0161i z\u00e1kazn\u00edci tomu \u0159\u00edkaj\u00ed <strong>duch spole\u010dnosti WESTCAM<\/strong>, my tomu \u0159\u00edk\u00e1me &#8222;<strong>dobr\u00fd duch<\/strong>&#8222;. Proto\u017ee jen tam, kde p\u0159evl\u00e1d\u00e1 a m\u016f\u017ee vzkv\u00e9tat dobr\u00fd duch, je mo\u017en\u00e9 <strong>inspirovat ostatn\u00ed<\/strong>. Spolupr\u00e1ce jako rovn\u00fd s rovn\u00fdm v partnersk\u00e9m duchu m\u011bn\u00ed na\u0161e z\u00e1kazn\u00edky a dodavatele v ambasadory a multiplik\u00e1tory. Stru\u010dn\u011b \u0159e\u010deno: <strong>fanou\u0161ci spole\u010dnosti WESTCAM<\/strong>.      <\/p>\n\n<div class=\"wp-block-webx-blocks-fake-heading heading-h2 is-style-westcamized-white has-contrast-color has-text-color has-link-color wp-elements-38fd4444d2af3ecce6b3740305a8e686\">V\u00fdkonn\u00e1 \u0159e\u0161en\u00ed.<\/div>\n\n<p><strong>Ji\u017e t\u00e9m\u011b\u0159 \u010dty\u0159i desetilet\u00ed <\/strong>jsme s p\u0159ibli\u017en\u011b 80 zam\u011bstnanci v 11 pobo\u010dk\u00e1ch zast\u00e1nci <strong>technologi\u00ed s budoucnost\u00ed<\/strong>. Jsme orientov\u00e1ni na dlouhodob\u00fd \u00fasp\u011bch. Jasn\u00fd z\u00e1vazek k <strong>d\u016fslednosti<\/strong>, <strong>udr\u017eitelnosti <\/strong>a <strong>bl\u00edzkosti k z\u00e1kazn\u00edkovi<\/strong>. Nab\u00edz\u00edme software, hardware, stroje\/za\u0159\u00edzen\u00ed, slu\u017eby a \u0161kolen\u00ed pro zv\u00fd\u0161en\u00ed efektivity v\u00fdvoje a v\u00fdroby produkt\u016f. Spole\u010dn\u011b s p\u0159edn\u00edmi v\u00fdrobci vyv\u00edj\u00edme <strong>nejlep\u0161\u00ed \u0159e\u0161en\u00ed pro z\u00e1kazn\u00edka<\/strong> &#8211; a\u0165 u\u017e jako speci\u00e1ln\u00ed \u0159e\u0161en\u00ed na m\u00edru, nebo jako promy\u0161len\u00e9 standardn\u00ed \u0159e\u0161en\u00ed. V\u017edy s c\u00edlem b\u00fdt co nejv\u00edce <strong>konzistentn\u00ed<\/strong>, <strong>komplexn\u00ed<\/strong> a <strong>efektivn\u00ed<\/strong>. D\u00edky tomuto sebev\u011bdom\u00ed vznikaj\u00ed siln\u00e1 \u0159e\u0161en\u00ed, kter\u00e1 d\u00e1vaj\u00ed z\u00e1kazn\u00edkovi <strong>dobr\u00fd pocit <\/strong>, zprost\u0159edkov\u00e1vaj\u00ed mu <strong>jistotu<\/strong> a buduj\u00ed dlouhodobou <strong>d\u016fv\u011bru<\/strong> a <strong>loajalitu <\/strong>.      <\/p>\n\n<div class=\"wp-block-webx-blocks-responsive-spacer\" style=\"--desktop-height:100px;--tablet-height:50px;--mobile-height:25px\"><\/div>\n\n<h2 class=\"wp-block-heading has-accent-2-color has-text-color has-link-color wp-elements-2afbd9f4c434ff033c76d3080fdc2387\">HISTORIE KNOW-WOW<\/h2>\n\n<p>Skupinu WESTCAM v sou\u010dasnosti tvo\u0159\u00ed <strong>spole\u010dnosti WESTCAM Datentechnik GmbH, <\/strong><strong> WESTCAM s.r.o.<\/strong> <strong>WESTCAM AG a <\/strong> <strong>WESTCAM Technologies GmbH<\/strong>.<\/p>\n\n<p class=\"has-accent-2-color has-text-color has-link-color wp-elements-2560fe434616c98a96b4d56702050435\"><strong>WESTCAM Datentechnik GmbH<\/strong> | (AT)<\/p>\n\n<p>Z\u00e1kladn\u00ed k\u00e1men WESTCAM polo\u017eil v roce 1990 Norbert M\u00fchlburger. \u010cinnost byla zah\u00e1jena v roce 1990 prodejem v\u00fdrobk\u016f CAD. V polovin\u011b devades\u00e1t\u00fdch let byla nab\u00eddka roz\u0161\u00ed\u0159ena o technologie CAM. Pozd\u011bji p\u0159ibyly konstruk\u010dn\u00ed syst\u00e9my, \u0159e\u0161en\u00ed pro spr\u00e1vu dat a m\u011b\u0159ic\u00ed technologie. V dal\u0161\u00edm kroku bylo portfolio dopln\u011bno o simula\u010dn\u00ed technologie a aplikace pro oblast architektury a projektov\u00e1n\u00ed. Jako p\u0159edn\u00ed syst\u00e9mov\u00fd d\u016fm pro konstruk\u010dn\u00ed a integrovan\u00e1 v\u00fdrobn\u00ed \u0159e\u0161en\u00ed se spole\u010dnost WESTCAM v\u017edy zab\u00fdvala efektivn\u00ed v\u00fdrobou prototyp\u016f (rapid prototyping). Od roku 2015 se proto nov\u00e1 divize 3D tisku je\u0161t\u011b v\u00fdrazn\u011bji zam\u011b\u0159ila na tuto perspektivn\u00ed technologii. Spole\u010dnost WESTCAM se pova\u017euje za p\u0159edn\u00ed syst\u00e9mov\u00fd d\u016fm pro technick\u00fd software v Rakousku a m\u00e1 siln\u00e9 zastoupen\u00ed i v sousedn\u00edch regionech, jako je ji\u017en\u00ed N\u011bmecko, Ji\u017en\u00ed Tyrolsko a \u0160v\u00fdcarsko.       <\/p>\n\n<p class=\"has-accent-2-color has-text-color has-link-color wp-elements-a159f02b06931c4697a02eec93ac21ad\"><strong>WESTCAM s.r.o. | (CZ, SK)<\/strong> <\/p>\n\n<p>Aktivity v \u010cesk\u00e9 republice a na Slovensku vedly v roce 2007 k zalo\u017een\u00ed spole\u010dnosti WESTCAM Czech s.r.o. (nyn\u00ed WESTCAM s.r.o.) s c\u00edlem poskytnout je\u0161t\u011b lep\u0161\u00ed podporu m\u00edstn\u00edm z\u00e1kazn\u00edk\u016fm. Z na\u0161eho s\u00eddla v Olomouci (CZ) a dvou zastoupen\u00ed v Jind\u0159ichov\u011b Hradci (CZ) a Dulov\u00e9 Vsi\/Pre\u0161ov\u011b (SK) v\u00e1m r\u00e1di porad\u00edme a poskytneme podporu ve v\u0161ech aspektech programov\u00e1n\u00ed CAM a v\u00fdroby CNC. <\/p>\n\n<p class=\"has-accent-2-color has-text-color has-link-color wp-elements-91e7512a792c0d970211192cc3ce60f4\"><strong>WESTCAM AG<\/strong> | (CH, FL)<\/p>\n\n<p>Od roku 2023 \u0159\u00edk\u00e1 WESTCAM &#8222;Gr\u00fcezi&#8220; je\u0161t\u011b \u010dast\u011bji ne\u017e d\u0159\u00edve. Po Rakousku jsme nyn\u00ed ofici\u00e1ln\u00edm partnerem spole\u010dnosti ZEISS Metrology tak\u00e9 pro \u0160v\u00fdcarsko a Lichten\u0161tejnsko. Se s\u00eddlem v na\u0161\u00ed pobo\u010dce v Baden-D\u00e4ttwilu nedaleko Curychu jsme siln\u00fdm partnerem po va\u0161em boku se zam\u011b\u0159en\u00edm na 3D metrologii a in\u017een\u00fdrsk\u00e9 slu\u017eby.  <\/p>\n\n<p class=\"has-accent-2-color has-text-color has-link-color wp-elements-af9fa4cc77b6e490bb406e3ffd7df90f\"><strong>WESTCAM Technologies GmbH<\/strong> | (AT)<\/p>\n\n<p>V\u00fdroba v\u00fdrobn\u00edch forem pro stomatologick\u00fd sektor byla zah\u00e1jena v roce 1998 ve v\u00fdrobn\u00edm are\u00e1lu WESTCAM. D\u00edky technologii a kvalit\u011b dod\u00e1van\u00fdch n\u00e1stroj\u016f se spole\u010dnost WESTCAM rychle stala sv\u011btovou jedni\u010dkou na trhu s v\u00fdrobou forem pro zubn\u00ed n\u00e1hrady. Krom\u011b v\u00fdrobn\u00edch forem byla vyvinuta dal\u0161\u00ed \u0159e\u0161en\u00ed pro dent\u00e1ln\u00ed trh, v\u010detn\u011b t\u0159\u00eddic\u00edch syst\u00e9m\u016f a syst\u00e9m\u016f pick-and-place. D\u00edky tomu bylo portfolio slu\u017eeb roz\u0161\u00ed\u0159eno ucelen\u00fdm a na odv\u011btv\u00ed nez\u00e1visl\u00fdm zp\u016fsobem. Dnes je spole\u010dnost WESTCAM Technologies jasn\u00fdm symbolem automatiza\u010dn\u00edch syst\u00e9m\u016f na m\u00edru, kter\u00e9 se specializuj\u00ed na zpracov\u00e1n\u00ed obrazu.    <\/p>\n\n<div class=\"wp-block-webx-blocks-responsive-spacer\" style=\"--desktop-height:100px;--tablet-height:50px;--mobile-height:25px\"><\/div>\n","protected":false},"excerpt":{"rendered":"<p>WESTCAM, jedine\u010dn\u00fd jako otisk prstu Jako ucelen\u00e1 skupina podobn\u011b sm\u00fd\u0161lej\u00edc\u00edch lid\u00ed jsme fascinov\u00e1ni technologiemi s budoucnost\u00ed. V\u00e1\u0161e\u0148, kterou sd\u00edl\u00edme. Na\u0161i zam\u011bstnanci jsou specialist\u00e9 ve sv\u00e9m oboru a vyzna\u010duj\u00ed se velmi zvl\u00e1\u0161tn\u00edm p\u0159\u00edstupem: Zku\u0161enosti a odborn\u00e9 znalosti z\u00edskan\u00e9 ka\u017edodenn\u00edm zach\u00e1zen\u00edm s na\u0161imi v\u00fdrobky se snoub\u00ed s touhou po v\u00fdkonu a hladem po \u0159e\u0161en\u00edch z\u00edt\u0159ka. Na\u0161i z\u00e1kazn\u00edci [&hellip;]<\/p>\n","protected":false},"author":2,"featured_media":0,"parent":34024,"menu_order":0,"comment_status":"closed","ping_status":"closed","template":"page-no-title","meta":{"content-type":"","footnotes":""},"class_list":["post-33953","page","type-page","status-publish","hentry"],"_links":{"self":[{"href":"https:\/\/www.westcam-group.com\/cs\/wp-json\/wp\/v2\/pages\/33953","targetHints":{"allow":["GET"]}}],"collection":[{"href":"https:\/\/www.westcam-group.com\/cs\/wp-json\/wp\/v2\/pages"}],"about":[{"href":"https:\/\/www.westcam-group.com\/cs\/wp-json\/wp\/v2\/types\/page"}],"author":[{"embeddable":true,"href":"https:\/\/www.westcam-group.com\/cs\/wp-json\/wp\/v2\/users\/2"}],"replies":[{"embeddable":true,"href":"https:\/\/www.westcam-group.com\/cs\/wp-json\/wp\/v2\/comments?post=33953"}],"version-history":[{"count":6,"href":"https:\/\/www.westcam-group.com\/cs\/wp-json\/wp\/v2\/pages\/33953\/revisions"}],"predecessor-version":[{"id":36412,"href":"https:\/\/www.westcam-group.com\/cs\/wp-json\/wp\/v2\/pages\/33953\/revisions\/36412"}],"up":[{"embeddable":true,"href":"https:\/\/www.westcam-group.com\/cs\/wp-json\/wp\/v2\/pages\/34024"}],"wp:attachment":[{"href":"https:\/\/www.westcam-group.com\/cs\/wp-json\/wp\/v2\/media?parent=33953"}],"curies":[{"name":"wp","href":"https:\/\/api.w.org\/{rel}","templated":true}]}}