{"id":33818,"date":"2024-05-27T14:53:34","date_gmt":"2024-05-27T12:53:34","guid":{"rendered":"https:\/\/www.westcam-group.com\/vzdalena-udrzba\/"},"modified":"2025-03-17T18:46:29","modified_gmt":"2025-03-17T17:46:29","slug":"vzdalena-udrzba","status":"publish","type":"page","link":"https:\/\/www.westcam-group.com\/cs\/vzdalena-udrzba\/","title":{"rendered":"Vzd\u00e1len\u00e1 podpora"},"content":{"rendered":"\n<div class=\"wp-block-webx-blocks-responsive-spacer\" style=\"--desktop-height:50px;--tablet-height:50px;--mobile-height:25px\"><\/div>\n\n<div class=\"wp-block-media-text has-media-on-the-right is-stacked-on-mobile\" style=\"grid-template-columns:auto 29%\"><div class=\"wp-block-media-text__content\">\n<h4 class=\"wp-block-heading\"><span class=\"wow-text\">Tak daleko<\/span>, a p\u0159ece tak bl\u00edzko<\/h4>\n\n\n\n<h1 class=\"wp-block-heading\"><strong>Vzd\u00e1len\u00e1 podpora<\/strong><\/h1>\n\n\n\n<p>S <strong>aplikac\u00ed TeamViewer <\/strong>se spole\u010dnost WESTCAM spol\u00e9h\u00e1 na nejroz\u0161\u00ed\u0159en\u011bj\u0161\u00ed \u0159e\u0161en\u00ed pro <strong>vzd\u00e1len\u00fd servis a<\/strong> <strong>vzd\u00e1lenou podporu<\/strong>.<\/p>\n\n\n\n<p class=\"has-accent-2-color has-text-color has-link-color wp-elements-e20d6637fa33b862fd8954d97a1f013c\"><strong><a href=\"https:\/\/get.teamviewer.com\/afrh9kt\" target=\"_blank\" data-type=\"link\" data-id=\"https:\/\/get.teamviewer.com\/afrh9kt\" rel=\"noreferrer noopener\">K aplikaci WESTCAM TeamViewer  &gt;<\/a><\/strong><\/p>\n\n\n\n<ul class=\"wp-block-list\">\n<li>V okn\u011b se objev\u00ed ID \u00fa\u010dastn\u00edka, kter\u00e9 byste n\u00e1m m\u011bli sd\u011blit.<\/li>\n\n\n\n<li>Spojen\u00ed je nav\u00e1z\u00e1no a vzd\u00e1len\u00e1 podpora m\u016f\u017ee za\u010d\u00edt. <br\/>(Nen\u00ed nutn\u00e1 instalace softwaru!)<\/li>\n<\/ul>\n\n\n\n<p>R\u00e1di v\u00e1m pom\u016f\u017eeme s <strong>aktualizac\u00ed, konfigurac\u00ed, \u00fadr\u017ebou nebo opravou<\/strong>.<\/p>\n<\/div><figure class=\"wp-block-media-text__media\"><a href=\"https:\/\/get.teamviewer.com\/afrh9kt\" target=\"_blank\" rel=\"noopener\"><img loading=\"lazy\" decoding=\"async\" width=\"1024\" height=\"138\" src=\"https:\/\/www.westcam-group.com\/wp-content\/uploads\/2024\/06\/TeamViewer_Logo_CarbonBlue_RGB-1024x138.png\" alt=\"\" class=\"wp-image-6965 size-full\" srcset=\"https:\/\/www.westcam-group.com\/wp-content\/uploads\/2024\/06\/TeamViewer_Logo_CarbonBlue_RGB-1024x138.png 1024w, https:\/\/www.westcam-group.com\/wp-content\/uploads\/2024\/06\/TeamViewer_Logo_CarbonBlue_RGB-300x40.png 300w, https:\/\/www.westcam-group.com\/wp-content\/uploads\/2024\/06\/TeamViewer_Logo_CarbonBlue_RGB-768x103.png 768w, https:\/\/www.westcam-group.com\/wp-content\/uploads\/2024\/06\/TeamViewer_Logo_CarbonBlue_RGB.png 1330w\" sizes=\"auto, (max-width: 1024px) 100vw, 1024px\" \/><\/a><\/figure><\/div>\n\n<div class=\"wp-block-webx-blocks-responsive-spacer\" style=\"--desktop-height:100px;--tablet-height:50px;--mobile-height:25px\"><\/div>\n","protected":false},"excerpt":{"rendered":"","protected":false},"author":2,"featured_media":0,"parent":0,"menu_order":0,"comment_status":"closed","ping_status":"closed","template":"page-no-title","meta":{"content-type":"","footnotes":""},"class_list":["post-33818","page","type-page","status-publish","hentry"],"_links":{"self":[{"href":"https:\/\/www.westcam-group.com\/cs\/wp-json\/wp\/v2\/pages\/33818","targetHints":{"allow":["GET"]}}],"collection":[{"href":"https:\/\/www.westcam-group.com\/cs\/wp-json\/wp\/v2\/pages"}],"about":[{"href":"https:\/\/www.westcam-group.com\/cs\/wp-json\/wp\/v2\/types\/page"}],"author":[{"embeddable":true,"href":"https:\/\/www.westcam-group.com\/cs\/wp-json\/wp\/v2\/users\/2"}],"replies":[{"embeddable":true,"href":"https:\/\/www.westcam-group.com\/cs\/wp-json\/wp\/v2\/comments?post=33818"}],"version-history":[{"count":4,"href":"https:\/\/www.westcam-group.com\/cs\/wp-json\/wp\/v2\/pages\/33818\/revisions"}],"predecessor-version":[{"id":36382,"href":"https:\/\/www.westcam-group.com\/cs\/wp-json\/wp\/v2\/pages\/33818\/revisions\/36382"}],"wp:attachment":[{"href":"https:\/\/www.westcam-group.com\/cs\/wp-json\/wp\/v2\/media?parent=33818"}],"curies":[{"name":"wp","href":"https:\/\/api.w.org\/{rel}","templated":true}]}}